{"id":4831,"date":"2023-06-21T08:52:21","date_gmt":"2023-06-21T01:52:21","guid":{"rendered":"https:\/\/tranthi.vn\/quangnam\/?post_type=product&#038;p=4831"},"modified":"2023-06-21T08:52:21","modified_gmt":"2023-06-21T01:52:21","slug":"gach-the-dien-ngoc","status":"publish","type":"product","link":"https:\/\/tranthi.vn\/quangnam\/gach-the-dien-ngoc\/","title":{"rendered":"G\u1ea1ch th\u1ebb \u0110i\u1ec7n ng\u1ecdc"},"content":{"rendered":"","protected":false},"excerpt":{"rendered":"<p><span style=\"color: #e14d43;\"><strong><span style=\"font-family: 'times new roman', times, serif; font-size: 115%;\">\u01afu \u0111i\u1ec3m:<\/span><\/strong><\/span><\/p>\n<ul>\n<li><strong><span style=\"font-family: 'times new roman', times, serif; font-size: 115%;\">C\u00f3 kh\u1ea3 n\u0103ng ch\u1ecbu l\u1ef1c r\u1ea5t t\u1ed1t, b\u1ec1n ch\u1eafc<\/span><\/strong><\/li>\n<li><strong><span style=\"font-family: 'times new roman', times, serif; font-size: 115%;\">C\u00f3 t\u00ednh ch\u1ed1ng th\u1ea5m<\/span><\/strong><\/li>\n<li><strong><span style=\"font-family: 'times new roman', times, serif; font-size: 115%;\">Gi\u1ea3m thi\u1ec3u nguy c\u01a1 n\u1ea5m m\u1ed1c ph\u00e1t sinh tr\u00ean b\u1ec1 m\u1eb7t<\/span><\/strong><\/li>\n<\/ul>\n<p><span style=\"font-family: 'times new roman', times, serif; font-size: 120%;\"><strong>\u0110\u01a1n v\u1ecb t\u00ednh: <span style=\"color: #e14d43;\">Vi\u00ean<\/span><\/strong><\/span><\/p>\n<p><span style=\"font-family: 'times new roman', times, serif; font-size: 120%;\"><strong>Gi\u00e1:<span style=\"color: #e14d43;\">\u00a0<\/span><\/strong><span style=\"color: #e14d43;\"><strong>1450 \/ vi\u00ean<\/strong><strong>\u00a0<\/strong><\/span><strong>(ch\u01b0a bao g\u1ed3m v\u1eadn chuy\u1ec3n)<\/strong><\/span><\/p>\n<p><span style=\"font-family: 'times new roman', times, serif; font-size: 120%;\"><strong>(V\u1eadn chuy\u1ec3n v\u1edbi \u0111\u01a1n h\u00e0ng t\u1eeb <span style=\"color: #e14d43;\">5.000 vi\u00ean<\/span>)<\/strong><\/span><\/p>\n<p><span style=\"font-family: 'times new roman', times, serif; font-size: 120%;\"><strong>Giao h\u00e0ng khu v\u1ef1c\u00a0<\/strong><span style=\"color: #e14d43;\"><strong>\u0110\u00e0 N\u1eb5ng<\/strong><\/span><\/span><\/p>\n","protected":false},"featured_media":4832,"comment_status":"closed","ping_status":"closed","template":"","meta":[],"product_cat":[352],"product_tag":[],"class_list":{"0":"post-4831","1":"product","2":"type-product","3":"status-publish","4":"has-post-thumbnail","6":"product_cat-gach-xay-dung-gach-the-gach-the-dien-ngoc-da-nang","8":"first","9":"instock","10":"sale","11":"shipping-taxable","12":"purchasable","13":"product-type-simple"},"yoast_head":"<!-- This site is optimized with the Yoast SEO Premium plugin v22.3 (Yoast SEO v22.8) - https:\/\/yoast.com\/wordpress\/plugins\/seo\/ -->\n<title>G\u1ea1ch th\u1ebb \u0110i\u1ec7n ng\u1ecdc - V\u1eadt Li\u1ec7u X\u00e2y D\u1ef1ng Tr\u1ea7n Th\u1ecb Chi Nh\u00e1nh Qu\u1ea3ng Nam<\/title>\n<meta name=\"robots\" content=\"index, follow, max-snippet:-1, max-image-preview:large, max-video-preview:-1\" \/>\n<link rel=\"canonical\" href=\"https:\/\/tranthi.vn\/quangnam\/gach-the-dien-ngoc\/\" \/>\n<meta property=\"og:locale\" content=\"vi_VN\" \/>\n<meta property=\"og:type\" content=\"article\" \/>\n<meta property=\"og:title\" content=\"G\u1ea1ch th\u1ebb \u0110i\u1ec7n ng\u1ecdc\" \/>\n<meta property=\"og:description\" content=\"\u01afu \u0111i\u1ec3m:   C\u00f3 kh\u1ea3 n\u0103ng ch\u1ecbu l\u1ef1c r\u1ea5t t\u1ed1t, b\u1ec1n ch\u1eafc  C\u00f3 t\u00ednh ch\u1ed1ng th\u1ea5m  Gi\u1ea3m thi\u1ec3u nguy c\u01a1 n\u1ea5m m\u1ed1c ph\u00e1t sinh tr\u00ean b\u1ec1 m\u1eb7t  \u0110\u01a1n v\u1ecb t\u00ednh: Vi\u00ean  Gi\u00e1:\u00a01450 \/ vi\u00ean\u00a0(ch\u01b0a bao g\u1ed3m v\u1eadn chuy\u1ec3n)  (V\u1eadn chuy\u1ec3n v\u1edbi \u0111\u01a1n h\u00e0ng t\u1eeb 5.000 vi\u00ean)  Giao h\u00e0ng khu v\u1ef1c\u00a0\u0110\u00e0 N\u1eb5ng\" \/>\n<meta property=\"og:url\" content=\"https:\/\/tranthi.vn\/quangnam\/gach-the-dien-ngoc\/\" \/>\n<meta property=\"og:site_name\" content=\"V\u1eadt Li\u1ec7u X\u00e2y D\u1ef1ng Tr\u1ea7n Th\u1ecb Chi Nh\u00e1nh Qu\u1ea3ng Nam\" \/>\n<meta property=\"og:image\" content=\"https:\/\/tranthi.vn\/quangnam\/wp-content\/uploads\/2023\/06\/gach-the-dien-ngoc-da-nang.jpeg\" \/>\n\t<meta property=\"og:image:width\" content=\"232\" \/>\n\t<meta property=\"og:image:height\" content=\"217\" \/>\n\t<meta property=\"og:image:type\" content=\"image\/jpeg\" \/>\n<meta name=\"twitter:card\" content=\"summary_large_image\" \/>\n<meta name=\"twitter:label1\" content=\"Gi\u00e1\" \/>\n\t<meta name=\"twitter:data1\" content=\"1,450&nbsp;&#8363;\" \/>\n\t<meta name=\"twitter:label2\" content=\"Kh\u1ea3 d\u1ee5ng\" \/>\n\t<meta name=\"twitter:data2\" content=\"Trong kho\" \/>\n<script type=\"application\/ld+json\" class=\"yoast-schema-graph\">{\"@context\":\"https:\/\/schema.org\",\"@graph\":[{\"@type\":[\"WebPage\",\"ItemPage\"],\"@id\":\"https:\/\/tranthi.vn\/quangnam\/gach-the-dien-ngoc\/\",\"url\":\"https:\/\/tranthi.vn\/quangnam\/gach-the-dien-ngoc\/\",\"name\":\"G\u1ea1ch th\u1ebb \u0110i\u1ec7n ng\u1ecdc - V\u1eadt Li\u1ec7u X\u00e2y D\u1ef1ng Tr\u1ea7n Th\u1ecb Chi Nh\u00e1nh Qu\u1ea3ng Nam\",\"isPartOf\":{\"@id\":\"https:\/\/tranthi.vn\/quangnam\/#website\"},\"primaryImageOfPage\":{\"@id\":\"https:\/\/tranthi.vn\/quangnam\/gach-the-dien-ngoc\/#primaryimage\"},\"image\":{\"@id\":\"https:\/\/tranthi.vn\/quangnam\/gach-the-dien-ngoc\/#primaryimage\"},\"thumbnailUrl\":\"https:\/\/tranthi.vn\/quangnam\/wp-content\/uploads\/2023\/06\/gach-the-dien-ngoc-da-nang.jpeg\",\"datePublished\":\"2023-06-21T01:52:21+00:00\",\"dateModified\":\"2023-06-21T01:52:21+00:00\",\"breadcrumb\":{\"@id\":\"https:\/\/tranthi.vn\/quangnam\/gach-the-dien-ngoc\/#breadcrumb\"},\"inLanguage\":\"vi\",\"potentialAction\":[{\"@type\":\"ReadAction\",\"target\":[\"https:\/\/tranthi.vn\/quangnam\/gach-the-dien-ngoc\/\"]}]},{\"@type\":\"ImageObject\",\"inLanguage\":\"vi\",\"@id\":\"https:\/\/tranthi.vn\/quangnam\/gach-the-dien-ngoc\/#primaryimage\",\"url\":\"https:\/\/tranthi.vn\/quangnam\/wp-content\/uploads\/2023\/06\/gach-the-dien-ngoc-da-nang.jpeg\",\"contentUrl\":\"https:\/\/tranthi.vn\/quangnam\/wp-content\/uploads\/2023\/06\/gach-the-dien-ngoc-da-nang.jpeg\",\"width\":232,\"height\":217,\"caption\":\"g\u1ea1ch-th\u1ebb-\u0111i\u1ec7n-ng\u1ecdc-\u0111\u00e0-n\u1eb5ng\"},{\"@type\":\"BreadcrumbList\",\"@id\":\"https:\/\/tranthi.vn\/quangnam\/gach-the-dien-ngoc\/#breadcrumb\",\"itemListElement\":[{\"@type\":\"ListItem\",\"position\":1,\"name\":\"Trang ch\u1ee7\",\"item\":\"https:\/\/tranthi.vn\/quangnam\/\"},{\"@type\":\"ListItem\",\"position\":2,\"name\":\"Shop\",\"item\":\"https:\/\/tranthi.vn\/quangnam\/shop\/\"},{\"@type\":\"ListItem\",\"position\":3,\"name\":\"G\u1ea1ch th\u1ebb \u0110i\u1ec7n ng\u1ecdc\"}]},{\"@type\":\"WebSite\",\"@id\":\"https:\/\/tranthi.vn\/quangnam\/#website\",\"url\":\"https:\/\/tranthi.vn\/quangnam\/\",\"name\":\"V\u1eadt Li\u1ec7u X\u00e2y D\u1ef1ng Tr\u1ea7n Th\u1ecb Chi Nh\u00e1nh Qu\u1ea3ng Nam\",\"description\":\"V\u1eadt Li\u1ec7u X\u00e2y D\u1ef1ng - Qu\u1ea3ng Nam\",\"potentialAction\":[{\"@type\":\"SearchAction\",\"target\":{\"@type\":\"EntryPoint\",\"urlTemplate\":\"https:\/\/tranthi.vn\/quangnam\/?s={search_term_string}\"},\"query-input\":\"required name=search_term_string\"}],\"inLanguage\":\"vi\"},{\"@type\":\"ImageObject\",\"inLanguage\":\"vi\",\"@id\":\"https:\/\/tranthi.vn\/quangnam\/gach-the-dien-ngoc\/#local-main-organization-logo\",\"url\":\"\",\"contentUrl\":\"\",\"caption\":\"V\u1eadt Li\u1ec7u X\u00e2y D\u1ef1ng Tr\u1ea7n Th\u1ecb Chi Nh\u00e1nh Qu\u1ea3ng Nam\"}]}<\/script>\n<meta property=\"product:price:amount\" content=\"1450\" \/>\n<meta property=\"product:price:currency\" content=\"VND\" \/>\n<meta property=\"og:availability\" content=\"instock\" \/>\n<meta property=\"product:availability\" content=\"instock\" \/>\n<meta property=\"product:condition\" content=\"new\" \/>\n<!-- \/ Yoast SEO Premium plugin. -->","yoast_head_json":{"title":"G\u1ea1ch th\u1ebb \u0110i\u1ec7n ng\u1ecdc - V\u1eadt Li\u1ec7u X\u00e2y D\u1ef1ng Tr\u1ea7n Th\u1ecb Chi Nh\u00e1nh Qu\u1ea3ng Nam","robots":{"index":"index","follow":"follow","max-snippet":"max-snippet:-1","max-image-preview":"max-image-preview:large","max-video-preview":"max-video-preview:-1"},"canonical":"https:\/\/tranthi.vn\/quangnam\/gach-the-dien-ngoc\/","og_locale":"vi_VN","og_type":"article","og_title":"G\u1ea1ch th\u1ebb \u0110i\u1ec7n ng\u1ecdc","og_description":"\u01afu \u0111i\u1ec3m:   C\u00f3 kh\u1ea3 n\u0103ng ch\u1ecbu l\u1ef1c r\u1ea5t t\u1ed1t, b\u1ec1n ch\u1eafc  C\u00f3 t\u00ednh ch\u1ed1ng th\u1ea5m  Gi\u1ea3m thi\u1ec3u nguy c\u01a1 n\u1ea5m m\u1ed1c ph\u00e1t sinh tr\u00ean b\u1ec1 m\u1eb7t  \u0110\u01a1n v\u1ecb t\u00ednh: Vi\u00ean  Gi\u00e1:\u00a01450 \/ vi\u00ean\u00a0(ch\u01b0a bao g\u1ed3m v\u1eadn chuy\u1ec3n)  (V\u1eadn chuy\u1ec3n v\u1edbi \u0111\u01a1n h\u00e0ng t\u1eeb 5.000 vi\u00ean)  Giao h\u00e0ng khu v\u1ef1c\u00a0\u0110\u00e0 N\u1eb5ng","og_url":"https:\/\/tranthi.vn\/quangnam\/gach-the-dien-ngoc\/","og_site_name":"V\u1eadt Li\u1ec7u X\u00e2y D\u1ef1ng Tr\u1ea7n Th\u1ecb Chi Nh\u00e1nh Qu\u1ea3ng Nam","og_image":[{"width":232,"height":217,"url":"https:\/\/tranthi.vn\/quangnam\/wp-content\/uploads\/2023\/06\/gach-the-dien-ngoc-da-nang.jpeg","type":"image\/jpeg"}],"twitter_card":"summary_large_image","twitter_misc":{"Gi\u00e1":"1,450&nbsp;&#8363;","Kh\u1ea3 d\u1ee5ng":"Trong kho"},"schema":{"@context":"https:\/\/schema.org","@graph":[{"@type":["WebPage","ItemPage"],"@id":"https:\/\/tranthi.vn\/quangnam\/gach-the-dien-ngoc\/","url":"https:\/\/tranthi.vn\/quangnam\/gach-the-dien-ngoc\/","name":"G\u1ea1ch th\u1ebb \u0110i\u1ec7n ng\u1ecdc - V\u1eadt Li\u1ec7u X\u00e2y D\u1ef1ng Tr\u1ea7n Th\u1ecb Chi Nh\u00e1nh Qu\u1ea3ng Nam","isPartOf":{"@id":"https:\/\/tranthi.vn\/quangnam\/#website"},"primaryImageOfPage":{"@id":"https:\/\/tranthi.vn\/quangnam\/gach-the-dien-ngoc\/#primaryimage"},"image":{"@id":"https:\/\/tranthi.vn\/quangnam\/gach-the-dien-ngoc\/#primaryimage"},"thumbnailUrl":"https:\/\/tranthi.vn\/quangnam\/wp-content\/uploads\/2023\/06\/gach-the-dien-ngoc-da-nang.jpeg","datePublished":"2023-06-21T01:52:21+00:00","dateModified":"2023-06-21T01:52:21+00:00","breadcrumb":{"@id":"https:\/\/tranthi.vn\/quangnam\/gach-the-dien-ngoc\/#breadcrumb"},"inLanguage":"vi","potentialAction":[{"@type":"ReadAction","target":["https:\/\/tranthi.vn\/quangnam\/gach-the-dien-ngoc\/"]}]},{"@type":"ImageObject","inLanguage":"vi","@id":"https:\/\/tranthi.vn\/quangnam\/gach-the-dien-ngoc\/#primaryimage","url":"https:\/\/tranthi.vn\/quangnam\/wp-content\/uploads\/2023\/06\/gach-the-dien-ngoc-da-nang.jpeg","contentUrl":"https:\/\/tranthi.vn\/quangnam\/wp-content\/uploads\/2023\/06\/gach-the-dien-ngoc-da-nang.jpeg","width":232,"height":217,"caption":"g\u1ea1ch-th\u1ebb-\u0111i\u1ec7n-ng\u1ecdc-\u0111\u00e0-n\u1eb5ng"},{"@type":"BreadcrumbList","@id":"https:\/\/tranthi.vn\/quangnam\/gach-the-dien-ngoc\/#breadcrumb","itemListElement":[{"@type":"ListItem","position":1,"name":"Trang ch\u1ee7","item":"https:\/\/tranthi.vn\/quangnam\/"},{"@type":"ListItem","position":2,"name":"Shop","item":"https:\/\/tranthi.vn\/quangnam\/shop\/"},{"@type":"ListItem","position":3,"name":"G\u1ea1ch th\u1ebb \u0110i\u1ec7n ng\u1ecdc"}]},{"@type":"WebSite","@id":"https:\/\/tranthi.vn\/quangnam\/#website","url":"https:\/\/tranthi.vn\/quangnam\/","name":"V\u1eadt Li\u1ec7u X\u00e2y D\u1ef1ng Tr\u1ea7n Th\u1ecb Chi Nh\u00e1nh Qu\u1ea3ng Nam","description":"V\u1eadt Li\u1ec7u X\u00e2y D\u1ef1ng - Qu\u1ea3ng Nam","potentialAction":[{"@type":"SearchAction","target":{"@type":"EntryPoint","urlTemplate":"https:\/\/tranthi.vn\/quangnam\/?s={search_term_string}"},"query-input":"required name=search_term_string"}],"inLanguage":"vi"},{"@type":"ImageObject","inLanguage":"vi","@id":"https:\/\/tranthi.vn\/quangnam\/gach-the-dien-ngoc\/#local-main-organization-logo","url":"","contentUrl":"","caption":"V\u1eadt Li\u1ec7u X\u00e2y D\u1ef1ng Tr\u1ea7n Th\u1ecb Chi Nh\u00e1nh Qu\u1ea3ng Nam"}]},"product_price_amount":"1450","product_price_currency":"VND","og_availability":"instock","product_availability":"instock","product_condition":"new"},"_links":{"self":[{"href":"https:\/\/tranthi.vn\/quangnam\/wp-json\/wp\/v2\/product\/4831","targetHints":{"allow":["GET"]}}],"collection":[{"href":"https:\/\/tranthi.vn\/quangnam\/wp-json\/wp\/v2\/product"}],"about":[{"href":"https:\/\/tranthi.vn\/quangnam\/wp-json\/wp\/v2\/types\/product"}],"replies":[{"embeddable":true,"href":"https:\/\/tranthi.vn\/quangnam\/wp-json\/wp\/v2\/comments?post=4831"}],"wp:featuredmedia":[{"embeddable":true,"href":"https:\/\/tranthi.vn\/quangnam\/wp-json\/wp\/v2\/media\/4832"}],"wp:attachment":[{"href":"https:\/\/tranthi.vn\/quangnam\/wp-json\/wp\/v2\/media?parent=4831"}],"wp:term":[{"taxonomy":"product_cat","embeddable":true,"href":"https:\/\/tranthi.vn\/quangnam\/wp-json\/wp\/v2\/product_cat?post=4831"},{"taxonomy":"product_tag","embeddable":true,"href":"https:\/\/tranthi.vn\/quangnam\/wp-json\/wp\/v2\/product_tag?post=4831"}],"curies":[{"name":"wp","href":"https:\/\/api.w.org\/{rel}","templated":true}]}}