{"id":4829,"date":"2023-06-20T16:52:49","date_gmt":"2023-06-20T09:52:49","guid":{"rendered":"https:\/\/tranthi.vn\/quangnam\/?post_type=product&#038;p=4829"},"modified":"2023-06-21T08:15:40","modified_gmt":"2023-06-21T01:15:40","slug":"gach-the-toan-thanh-tam","status":"publish","type":"product","link":"https:\/\/tranthi.vn\/quangnam\/gach-the-toan-thanh-tam\/","title":{"rendered":"G\u1ea1ch th\u1ebb to\u00e0n th\u00e0nh t\u00e2m"},"content":{"rendered":"","protected":false},"excerpt":{"rendered":"<p><strong><span style=\"font-family: 'times new roman', times, serif; font-size: 115%;\">K\u00edch th\u01b0\u1edbc: <span style=\"color: #ff0000;\">45* 80 * 175mm<\/span><\/span><\/strong><\/p>\n<p><strong><span style=\"font-family: 'times new roman', times, serif; font-size: 115%;\">\u0110\u01a1n v\u1ecb t\u00ednh: Vi\u00ean<\/span><\/strong><\/p>\n<p><strong><span style=\"font-family: 'times new roman', times, serif; font-size: 115%;\">Gi\u00e1:\u00a0<span style=\"color: #ff0000;\">1400 \/ vi\u00ean<\/span>\u00a0(V\u1eadn chuy\u1ec3n v\u1edbi \u0111\u01a1n h\u00e0ng t\u1eeb 5.000 vi\u00ean)<\/span><\/strong><\/p>\n<p><strong><span style=\"font-family: 'times new roman', times, serif; font-size: 115%;\">Giao h\u00e0ng khu v\u1ef1c <span style=\"color: #ff0000;\">\u0110\u00e0 N\u1eb5ng<\/span><\/span><\/strong><\/p>\n","protected":false},"featured_media":4830,"comment_status":"closed","ping_status":"closed","template":"","meta":[],"product_cat":[353],"product_tag":[],"class_list":{"0":"post-4829","1":"product","2":"type-product","3":"status-publish","4":"has-post-thumbnail","6":"product_cat-gach-xay-gach-the-gach-the-toan-thanh-tam-da-nang","8":"first","9":"instock","10":"sale","11":"shipping-taxable","12":"purchasable","13":"product-type-simple"},"yoast_head":"<!-- This site is optimized with the Yoast SEO Premium plugin v22.3 (Yoast SEO v22.8) - https:\/\/yoast.com\/wordpress\/plugins\/seo\/ -->\n<title>G\u1ea1ch th\u1ebb to\u00e0n th\u00e0nh t\u00e2m - V\u1eadt Li\u1ec7u X\u00e2y D\u1ef1ng Tr\u1ea7n Th\u1ecb Chi Nh\u00e1nh Qu\u1ea3ng Nam<\/title>\n<meta name=\"robots\" content=\"index, follow, max-snippet:-1, max-image-preview:large, max-video-preview:-1\" \/>\n<link rel=\"canonical\" href=\"https:\/\/tranthi.vn\/quangnam\/gach-the-toan-thanh-tam\/\" \/>\n<meta property=\"og:locale\" content=\"vi_VN\" \/>\n<meta property=\"og:type\" content=\"article\" \/>\n<meta property=\"og:title\" content=\"G\u1ea1ch th\u1ebb to\u00e0n th\u00e0nh t\u00e2m\" \/>\n<meta property=\"og:description\" content=\"K\u00edch th\u01b0\u1edbc: 45* 80 * 175mm  \u0110\u01a1n v\u1ecb t\u00ednh: Vi\u00ean  Gi\u00e1:\u00a01400 \/ vi\u00ean\u00a0(V\u1eadn chuy\u1ec3n v\u1edbi \u0111\u01a1n h\u00e0ng t\u1eeb 5.000 vi\u00ean)  Giao h\u00e0ng khu v\u1ef1c \u0110\u00e0 N\u1eb5ng\" \/>\n<meta property=\"og:url\" content=\"https:\/\/tranthi.vn\/quangnam\/gach-the-toan-thanh-tam\/\" \/>\n<meta property=\"og:site_name\" content=\"V\u1eadt Li\u1ec7u X\u00e2y D\u1ef1ng Tr\u1ea7n Th\u1ecb Chi Nh\u00e1nh Qu\u1ea3ng Nam\" \/>\n<meta property=\"article:modified_time\" content=\"2023-06-21T01:15:40+00:00\" \/>\n<meta property=\"og:image\" content=\"https:\/\/tranthi.vn\/quangnam\/wp-content\/uploads\/2023\/06\/gach-the-toan-thanh-tam-da-nang.jpg\" \/>\n\t<meta property=\"og:image:width\" content=\"1921\" \/>\n\t<meta property=\"og:image:height\" content=\"2561\" \/>\n\t<meta property=\"og:image:type\" content=\"image\/jpeg\" \/>\n<meta name=\"twitter:card\" content=\"summary_large_image\" \/>\n<meta name=\"twitter:label1\" content=\"Gi\u00e1\" \/>\n\t<meta name=\"twitter:data1\" content=\"1,400&nbsp;&#8363;\" \/>\n\t<meta name=\"twitter:label2\" content=\"Kh\u1ea3 d\u1ee5ng\" \/>\n\t<meta name=\"twitter:data2\" content=\"Trong kho\" \/>\n<script type=\"application\/ld+json\" class=\"yoast-schema-graph\">{\"@context\":\"https:\/\/schema.org\",\"@graph\":[{\"@type\":[\"WebPage\",\"ItemPage\"],\"@id\":\"https:\/\/tranthi.vn\/quangnam\/gach-the-toan-thanh-tam\/\",\"url\":\"https:\/\/tranthi.vn\/quangnam\/gach-the-toan-thanh-tam\/\",\"name\":\"G\u1ea1ch th\u1ebb to\u00e0n th\u00e0nh t\u00e2m - V\u1eadt Li\u1ec7u X\u00e2y D\u1ef1ng Tr\u1ea7n Th\u1ecb Chi Nh\u00e1nh Qu\u1ea3ng Nam\",\"isPartOf\":{\"@id\":\"https:\/\/tranthi.vn\/quangnam\/#website\"},\"primaryImageOfPage\":{\"@id\":\"https:\/\/tranthi.vn\/quangnam\/gach-the-toan-thanh-tam\/#primaryimage\"},\"image\":{\"@id\":\"https:\/\/tranthi.vn\/quangnam\/gach-the-toan-thanh-tam\/#primaryimage\"},\"thumbnailUrl\":\"https:\/\/tranthi.vn\/quangnam\/wp-content\/uploads\/2023\/06\/gach-the-toan-thanh-tam-da-nang.jpg\",\"datePublished\":\"2023-06-20T09:52:49+00:00\",\"dateModified\":\"2023-06-21T01:15:40+00:00\",\"breadcrumb\":{\"@id\":\"https:\/\/tranthi.vn\/quangnam\/gach-the-toan-thanh-tam\/#breadcrumb\"},\"inLanguage\":\"vi\",\"potentialAction\":[{\"@type\":\"ReadAction\",\"target\":[\"https:\/\/tranthi.vn\/quangnam\/gach-the-toan-thanh-tam\/\"]}]},{\"@type\":\"ImageObject\",\"inLanguage\":\"vi\",\"@id\":\"https:\/\/tranthi.vn\/quangnam\/gach-the-toan-thanh-tam\/#primaryimage\",\"url\":\"https:\/\/tranthi.vn\/quangnam\/wp-content\/uploads\/2023\/06\/gach-the-toan-thanh-tam-da-nang.jpg\",\"contentUrl\":\"https:\/\/tranthi.vn\/quangnam\/wp-content\/uploads\/2023\/06\/gach-the-toan-thanh-tam-da-nang.jpg\",\"width\":1921,\"height\":2561,\"caption\":\"g\u1ea1ch-th\u1ebb-to\u00e0n-th\u00e0nh-t\u00e2m-\u0111\u00e0-n\u1eb5ng\"},{\"@type\":\"BreadcrumbList\",\"@id\":\"https:\/\/tranthi.vn\/quangnam\/gach-the-toan-thanh-tam\/#breadcrumb\",\"itemListElement\":[{\"@type\":\"ListItem\",\"position\":1,\"name\":\"Trang ch\u1ee7\",\"item\":\"https:\/\/tranthi.vn\/quangnam\/\"},{\"@type\":\"ListItem\",\"position\":2,\"name\":\"Shop\",\"item\":\"https:\/\/tranthi.vn\/quangnam\/shop\/\"},{\"@type\":\"ListItem\",\"position\":3,\"name\":\"G\u1ea1ch th\u1ebb to\u00e0n th\u00e0nh t\u00e2m\"}]},{\"@type\":\"WebSite\",\"@id\":\"https:\/\/tranthi.vn\/quangnam\/#website\",\"url\":\"https:\/\/tranthi.vn\/quangnam\/\",\"name\":\"V\u1eadt Li\u1ec7u X\u00e2y D\u1ef1ng Tr\u1ea7n Th\u1ecb Chi Nh\u00e1nh Qu\u1ea3ng Nam\",\"description\":\"V\u1eadt Li\u1ec7u X\u00e2y D\u1ef1ng - Qu\u1ea3ng Nam\",\"potentialAction\":[{\"@type\":\"SearchAction\",\"target\":{\"@type\":\"EntryPoint\",\"urlTemplate\":\"https:\/\/tranthi.vn\/quangnam\/?s={search_term_string}\"},\"query-input\":\"required name=search_term_string\"}],\"inLanguage\":\"vi\"},{\"@type\":\"ImageObject\",\"inLanguage\":\"vi\",\"@id\":\"https:\/\/tranthi.vn\/quangnam\/gach-the-toan-thanh-tam\/#local-main-organization-logo\",\"url\":\"\",\"contentUrl\":\"\",\"caption\":\"V\u1eadt Li\u1ec7u X\u00e2y D\u1ef1ng Tr\u1ea7n Th\u1ecb Chi Nh\u00e1nh Qu\u1ea3ng Nam\"}]}<\/script>\n<meta property=\"product:price:amount\" content=\"1400\" \/>\n<meta property=\"product:price:currency\" content=\"VND\" \/>\n<meta property=\"og:availability\" content=\"instock\" \/>\n<meta property=\"product:availability\" content=\"instock\" \/>\n<meta property=\"product:condition\" content=\"new\" \/>\n<!-- \/ Yoast SEO Premium plugin. -->","yoast_head_json":{"title":"G\u1ea1ch th\u1ebb to\u00e0n th\u00e0nh t\u00e2m - V\u1eadt Li\u1ec7u X\u00e2y D\u1ef1ng Tr\u1ea7n Th\u1ecb Chi Nh\u00e1nh Qu\u1ea3ng Nam","robots":{"index":"index","follow":"follow","max-snippet":"max-snippet:-1","max-image-preview":"max-image-preview:large","max-video-preview":"max-video-preview:-1"},"canonical":"https:\/\/tranthi.vn\/quangnam\/gach-the-toan-thanh-tam\/","og_locale":"vi_VN","og_type":"article","og_title":"G\u1ea1ch th\u1ebb to\u00e0n th\u00e0nh t\u00e2m","og_description":"K\u00edch th\u01b0\u1edbc: 45* 80 * 175mm  \u0110\u01a1n v\u1ecb t\u00ednh: Vi\u00ean  Gi\u00e1:\u00a01400 \/ vi\u00ean\u00a0(V\u1eadn chuy\u1ec3n v\u1edbi \u0111\u01a1n h\u00e0ng t\u1eeb 5.000 vi\u00ean)  Giao h\u00e0ng khu v\u1ef1c \u0110\u00e0 N\u1eb5ng","og_url":"https:\/\/tranthi.vn\/quangnam\/gach-the-toan-thanh-tam\/","og_site_name":"V\u1eadt Li\u1ec7u X\u00e2y D\u1ef1ng Tr\u1ea7n Th\u1ecb Chi Nh\u00e1nh Qu\u1ea3ng Nam","article_modified_time":"2023-06-21T01:15:40+00:00","og_image":[{"width":1921,"height":2561,"url":"https:\/\/tranthi.vn\/quangnam\/wp-content\/uploads\/2023\/06\/gach-the-toan-thanh-tam-da-nang.jpg","type":"image\/jpeg"}],"twitter_card":"summary_large_image","twitter_misc":{"Gi\u00e1":"1,400&nbsp;&#8363;","Kh\u1ea3 d\u1ee5ng":"Trong kho"},"schema":{"@context":"https:\/\/schema.org","@graph":[{"@type":["WebPage","ItemPage"],"@id":"https:\/\/tranthi.vn\/quangnam\/gach-the-toan-thanh-tam\/","url":"https:\/\/tranthi.vn\/quangnam\/gach-the-toan-thanh-tam\/","name":"G\u1ea1ch th\u1ebb to\u00e0n th\u00e0nh t\u00e2m - V\u1eadt Li\u1ec7u X\u00e2y D\u1ef1ng Tr\u1ea7n Th\u1ecb Chi Nh\u00e1nh Qu\u1ea3ng Nam","isPartOf":{"@id":"https:\/\/tranthi.vn\/quangnam\/#website"},"primaryImageOfPage":{"@id":"https:\/\/tranthi.vn\/quangnam\/gach-the-toan-thanh-tam\/#primaryimage"},"image":{"@id":"https:\/\/tranthi.vn\/quangnam\/gach-the-toan-thanh-tam\/#primaryimage"},"thumbnailUrl":"https:\/\/tranthi.vn\/quangnam\/wp-content\/uploads\/2023\/06\/gach-the-toan-thanh-tam-da-nang.jpg","datePublished":"2023-06-20T09:52:49+00:00","dateModified":"2023-06-21T01:15:40+00:00","breadcrumb":{"@id":"https:\/\/tranthi.vn\/quangnam\/gach-the-toan-thanh-tam\/#breadcrumb"},"inLanguage":"vi","potentialAction":[{"@type":"ReadAction","target":["https:\/\/tranthi.vn\/quangnam\/gach-the-toan-thanh-tam\/"]}]},{"@type":"ImageObject","inLanguage":"vi","@id":"https:\/\/tranthi.vn\/quangnam\/gach-the-toan-thanh-tam\/#primaryimage","url":"https:\/\/tranthi.vn\/quangnam\/wp-content\/uploads\/2023\/06\/gach-the-toan-thanh-tam-da-nang.jpg","contentUrl":"https:\/\/tranthi.vn\/quangnam\/wp-content\/uploads\/2023\/06\/gach-the-toan-thanh-tam-da-nang.jpg","width":1921,"height":2561,"caption":"g\u1ea1ch-th\u1ebb-to\u00e0n-th\u00e0nh-t\u00e2m-\u0111\u00e0-n\u1eb5ng"},{"@type":"BreadcrumbList","@id":"https:\/\/tranthi.vn\/quangnam\/gach-the-toan-thanh-tam\/#breadcrumb","itemListElement":[{"@type":"ListItem","position":1,"name":"Trang ch\u1ee7","item":"https:\/\/tranthi.vn\/quangnam\/"},{"@type":"ListItem","position":2,"name":"Shop","item":"https:\/\/tranthi.vn\/quangnam\/shop\/"},{"@type":"ListItem","position":3,"name":"G\u1ea1ch th\u1ebb to\u00e0n th\u00e0nh t\u00e2m"}]},{"@type":"WebSite","@id":"https:\/\/tranthi.vn\/quangnam\/#website","url":"https:\/\/tranthi.vn\/quangnam\/","name":"V\u1eadt Li\u1ec7u X\u00e2y D\u1ef1ng Tr\u1ea7n Th\u1ecb Chi Nh\u00e1nh Qu\u1ea3ng Nam","description":"V\u1eadt Li\u1ec7u X\u00e2y D\u1ef1ng - Qu\u1ea3ng Nam","potentialAction":[{"@type":"SearchAction","target":{"@type":"EntryPoint","urlTemplate":"https:\/\/tranthi.vn\/quangnam\/?s={search_term_string}"},"query-input":"required name=search_term_string"}],"inLanguage":"vi"},{"@type":"ImageObject","inLanguage":"vi","@id":"https:\/\/tranthi.vn\/quangnam\/gach-the-toan-thanh-tam\/#local-main-organization-logo","url":"","contentUrl":"","caption":"V\u1eadt Li\u1ec7u X\u00e2y D\u1ef1ng Tr\u1ea7n Th\u1ecb Chi Nh\u00e1nh Qu\u1ea3ng Nam"}]},"product_price_amount":"1400","product_price_currency":"VND","og_availability":"instock","product_availability":"instock","product_condition":"new"},"_links":{"self":[{"href":"https:\/\/tranthi.vn\/quangnam\/wp-json\/wp\/v2\/product\/4829","targetHints":{"allow":["GET"]}}],"collection":[{"href":"https:\/\/tranthi.vn\/quangnam\/wp-json\/wp\/v2\/product"}],"about":[{"href":"https:\/\/tranthi.vn\/quangnam\/wp-json\/wp\/v2\/types\/product"}],"replies":[{"embeddable":true,"href":"https:\/\/tranthi.vn\/quangnam\/wp-json\/wp\/v2\/comments?post=4829"}],"wp:featuredmedia":[{"embeddable":true,"href":"https:\/\/tranthi.vn\/quangnam\/wp-json\/wp\/v2\/media\/4830"}],"wp:attachment":[{"href":"https:\/\/tranthi.vn\/quangnam\/wp-json\/wp\/v2\/media?parent=4829"}],"wp:term":[{"taxonomy":"product_cat","embeddable":true,"href":"https:\/\/tranthi.vn\/quangnam\/wp-json\/wp\/v2\/product_cat?post=4829"},{"taxonomy":"product_tag","embeddable":true,"href":"https:\/\/tranthi.vn\/quangnam\/wp-json\/wp\/v2\/product_tag?post=4829"}],"curies":[{"name":"wp","href":"https:\/\/api.w.org\/{rel}","templated":true}]}}