{"id":4816,"date":"2023-06-20T10:08:08","date_gmt":"2023-06-20T03:08:08","guid":{"rendered":"https:\/\/tranthi.vn\/quangnam\/?post_type=product&#038;p=4816"},"modified":"2024-03-19T08:44:49","modified_gmt":"2024-03-19T01:44:49","slug":"xi-mang-dong-lam-kaito-pcb40","status":"publish","type":"product","link":"https:\/\/tranthi.vn\/quangnam\/xi-mang-dong-lam-kaito-pcb40\/","title":{"rendered":"Xi m\u0103ng Kaito pcb40"},"content":{"rendered":"","protected":false},"excerpt":{"rendered":"<p><span style=\"font-family: 'times new roman', times, serif; font-size: 130%;\"><strong><span style=\"color: #000000;\">\ud83e\udd70\u01afu \u0111i\u1ec3m:<\/span><\/strong><\/span><\/p>\n<ul>\n<li><span style=\"font-size: 130%; color: #000000; font-family: 'times new roman', times, serif;\">S\u1ea3n ph\u1ea9m c\u00f3 \u0111\u1ed9 m\u1ecbn, d\u1ebbo dai v\u00e0 \u0111\u1ed9 b\u00e1m d\u00ednh cao.<\/span><\/li>\n<li><span style=\"font-size: 130%; color: #000000; font-family: 'times new roman', times, serif;\">R\u00fat ng\u1eafn th\u1eddi gian thi c\u00f4ng, g\u00f3p ph\u1ea7n gi\u1ea3m chi ph\u00ed x\u00e2y d\u1ef1ng.<\/span><\/li>\n<li><span style=\"font-size: 130%; color: #000000; font-family: 'times new roman', times, serif;\">Th\u1eddi gian \u0111\u00f4ng k\u1ebft h\u1ee3p l\u00fd, gi\u00fap thi c\u00f4ng d\u1ec5 d\u00e0ng.<\/span><\/li>\n<li><span style=\"font-size: 130%; color: #000000; font-family: 'times new roman', times, serif;\">Ch\u1ea5t l\u01b0\u1ee3ng \u1ed5n \u0111\u1ecbnh, \u0111\u1ea3m b\u1ea3o \u0111\u1ed9 b\u1ec1n, tu\u1ed5i th\u1ecd t\u1ed1t nh\u1ea5t cho c\u00f4ng tr\u00ecnh.<\/span><\/li>\n<\/ul>\n<p><span style=\"font-family: 'times new roman', times, serif; font-size: 130%;\"><strong><span style=\"color: #000000;\">\ud83e\udd70\u1ee8ng d\u1ee5ng:\u00a0<\/span><\/strong><\/span><\/p>\n<ul>\n<li><span style=\"font-size: 130%; color: #000000; font-family: 'times new roman', times, serif;\">\u0110\u1ed5 b\u00ea t\u00f4ng c\u00e1c h\u1ea1ng m\u1ee5c m\u00f3ng, m\u00e1i, c\u1ed9t, d\u1ea7m. <\/span><\/li>\n<li><span style=\"font-size: 130%; color: #000000; font-family: 'times new roman', times, serif;\">D\u00f9ng \u0111\u1ec3 x\u00e2y, tr\u00e1t c\u00e1c c\u00f4ng tr\u00ecnh x\u00e2y d\u1ef1ng.\u00a0<\/span><\/li>\n<\/ul>\n<p><span style=\"font-family: 'times new roman', times, serif; font-size: 130%; color: #000000;\">Giao h\u00e0ng trong \u0111\u1ecba b\u00e0n\u00a0<span style=\"color: #0000ff;\"><a style=\"color: #0000ff;\" href=\"https:\/\/fr.wikipedia.org\/wiki\/Da_Nang\">\u0110\u00e0 N\u1eb5ng<\/a><\/span><\/span><\/p>\n<p><span style=\"font-family: 'times new roman', times, serif; font-size: 130%; color: #000000;\"> \ud83e\udd70\u0110\u01a1n\u00a0<a style=\"color: #000000;\" href=\"https:\/\/tranthi.vn\/quangnam\/xi-mang-dong-lam-pc40\/\">gi\u00e1 xi m\u0103ng \u0110\u1ed3ng L\u00e2m kaito pcb40<\/a> : <strong><span style=\"color: #ff0000;\">1.650.000\/t\u1ea5n\u00a0\u00a0<\/span><\/strong><\/span><\/p>\n<p><span style=\"font-family: 'times new roman', times, serif; font-size: 130%;\"><strong><em>\ud83e\udd70\u0110\u01a1n gi\u00e1 tr\u00ean ch\u1ec9 mang t\u00ednh ch\u1ea5t tham kh\u1ea3o. Gi\u00e1 c\u00f3 th\u1ec3 thay \u0111\u1ed5i theo t\u1eebng th\u1eddi \u0111i\u1ec3m.<\/em><\/strong><\/span><\/p>\n<p><span style=\"font-size: 130%; color: #0000ff; font-family: 'times new roman', times, serif;\"><em>\u0110\u01a1n gi\u00e1 tr\u00ean \u00e1p d\u1ee5ng t\u1eeb 5 t\u1ea5n tr\u1edf l\u00ean, t\u00f9y thu\u1ed9c v\u00e0o khu v\u1ef1c nh\u1eadn h\u00e0ng s\u1ebd c\u00f3 th\u00eam ph\u00ed v\u1eadn chuy\u1ec3n. D\u01b0\u1edbi 5 t\u1ea5n vui l\u00f2ng li\u00ean h\u1ec7 s\u1ed1 hotline: 0903.595.049<\/em><\/span><\/p>\n<p><span style=\"font-family: 'times new roman', times, serif; font-size: 130%; color: #0000ff;\"><em>Kh\u00f4ng bao g\u1ed3m h\u00f3a \u0111\u01a1n vat<\/em><\/span><\/p>\n","protected":false},"featured_media":4817,"comment_status":"closed","ping_status":"closed","template":"","meta":[],"product_cat":[208,416],"product_tag":[],"class_list":{"0":"post-4816","1":"product","2":"type-product","3":"status-publish","4":"has-post-thumbnail","6":"product_cat-xi-mang","7":"product_cat-xi-mang-dong-lam","9":"first","10":"instock","11":"sale","12":"shipping-taxable","13":"purchasable","14":"product-type-simple"},"yoast_head":"<!-- This site is optimized with the Yoast SEO Premium plugin v22.3 (Yoast SEO v22.8) - https:\/\/yoast.com\/wordpress\/plugins\/seo\/ -->\n<title>Xi m\u0103ng Kaito pcb40 - V\u1eadt Li\u1ec7u X\u00e2y D\u1ef1ng Tr\u1ea7n Th\u1ecb Chi Nh\u00e1nh Qu\u1ea3ng Nam<\/title>\n<meta name=\"robots\" content=\"index, follow, max-snippet:-1, max-image-preview:large, max-video-preview:-1\" \/>\n<link rel=\"canonical\" href=\"https:\/\/tranthi.vn\/quangnam\/xi-mang-dong-lam-kaito-pcb40\/\" \/>\n<meta property=\"og:locale\" content=\"vi_VN\" \/>\n<meta property=\"og:type\" content=\"article\" \/>\n<meta property=\"og:title\" content=\"Xi m\u0103ng Kaito pcb40\" \/>\n<meta property=\"og:description\" content=\"\ud83e\udd70\u01afu \u0111i\u1ec3m:   S\u1ea3n ph\u1ea9m c\u00f3 \u0111\u1ed9 m\u1ecbn, d\u1ebbo dai v\u00e0 \u0111\u1ed9 b\u00e1m d\u00ednh cao.  R\u00fat ng\u1eafn th\u1eddi gian thi c\u00f4ng, g\u00f3p ph\u1ea7n gi\u1ea3m chi ph\u00ed x\u00e2y d\u1ef1ng.  Th\u1eddi gian \u0111\u00f4ng k\u1ebft h\u1ee3p l\u00fd, gi\u00fap thi c\u00f4ng d\u1ec5 d\u00e0ng.  Ch\u1ea5t l\u01b0\u1ee3ng \u1ed5n \u0111\u1ecbnh, \u0111\u1ea3m b\u1ea3o \u0111\u1ed9 b\u1ec1n, tu\u1ed5i th\u1ecd t\u1ed1t nh\u1ea5t cho c\u00f4ng tr\u00ecnh.  \ud83e\udd70\u1ee8ng d\u1ee5ng:\u00a0   \u0110\u1ed5 b\u00ea t\u00f4ng c\u00e1c h\u1ea1ng m\u1ee5c m\u00f3ng, m\u00e1i, c\u1ed9t, d\u1ea7m.   D\u00f9ng \u0111\u1ec3 x\u00e2y, tr\u00e1t c\u00e1c c\u00f4ng tr\u00ecnh x\u00e2y d\u1ef1ng.\u00a0  Giao h\u00e0ng trong \u0111\u1ecba b\u00e0n\u00a0\u0110\u00e0 N\u1eb5ng   \ud83e\udd70\u0110\u01a1n\u00a0gi\u00e1 xi m\u0103ng \u0110\u1ed3ng L\u00e2m kaito pcb40 : 1.650.000\/t\u1ea5n\u00a0\u00a0  \ud83e\udd70\u0110\u01a1n gi\u00e1 tr\u00ean ch\u1ec9 mang t\u00ednh ch\u1ea5t tham kh\u1ea3o. Gi\u00e1 c\u00f3 th\u1ec3 thay \u0111\u1ed5i theo t\u1eebng th\u1eddi \u0111i\u1ec3m.  \u0110\u01a1n gi\u00e1 tr\u00ean \u00e1p d\u1ee5ng t\u1eeb 5 t\u1ea5n tr\u1edf l\u00ean, t\u00f9y thu\u1ed9c v\u00e0o khu v\u1ef1c nh\u1eadn h\u00e0ng s\u1ebd c\u00f3 th\u00eam ph\u00ed v\u1eadn chuy\u1ec3n. D\u01b0\u1edbi 5 t\u1ea5n vui l\u00f2ng li\u00ean h\u1ec7 s\u1ed1 hotline: 0903.595.049  Kh\u00f4ng bao g\u1ed3m h\u00f3a \u0111\u01a1n vat\" \/>\n<meta property=\"og:url\" content=\"https:\/\/tranthi.vn\/quangnam\/xi-mang-dong-lam-kaito-pcb40\/\" \/>\n<meta property=\"og:site_name\" content=\"V\u1eadt Li\u1ec7u X\u00e2y D\u1ef1ng Tr\u1ea7n Th\u1ecb Chi Nh\u00e1nh Qu\u1ea3ng Nam\" \/>\n<meta property=\"article:modified_time\" content=\"2024-03-19T01:44:49+00:00\" \/>\n<meta property=\"og:image\" content=\"https:\/\/tranthi.vn\/quangnam\/wp-content\/uploads\/2023\/06\/xi-mang-dong-tam-kaito-pcb40-da-nang.jpeg\" \/>\n\t<meta property=\"og:image:width\" content=\"650\" \/>\n\t<meta property=\"og:image:height\" content=\"650\" \/>\n\t<meta property=\"og:image:type\" content=\"image\/jpeg\" \/>\n<meta name=\"twitter:card\" content=\"summary_large_image\" \/>\n<meta name=\"twitter:label1\" content=\"Gi\u00e1\" \/>\n\t<meta name=\"twitter:data1\" content=\"1,650,000&nbsp;&#8363;\" \/>\n\t<meta name=\"twitter:label2\" content=\"Kh\u1ea3 d\u1ee5ng\" \/>\n\t<meta name=\"twitter:data2\" content=\"Trong kho\" \/>\n<script type=\"application\/ld+json\" class=\"yoast-schema-graph\">{\"@context\":\"https:\/\/schema.org\",\"@graph\":[{\"@type\":[\"WebPage\",\"ItemPage\"],\"@id\":\"https:\/\/tranthi.vn\/quangnam\/xi-mang-dong-lam-kaito-pcb40\/\",\"url\":\"https:\/\/tranthi.vn\/quangnam\/xi-mang-dong-lam-kaito-pcb40\/\",\"name\":\"Xi m\u0103ng Kaito pcb40 - V\u1eadt Li\u1ec7u X\u00e2y D\u1ef1ng Tr\u1ea7n Th\u1ecb Chi Nh\u00e1nh Qu\u1ea3ng Nam\",\"isPartOf\":{\"@id\":\"https:\/\/tranthi.vn\/quangnam\/#website\"},\"primaryImageOfPage\":{\"@id\":\"https:\/\/tranthi.vn\/quangnam\/xi-mang-dong-lam-kaito-pcb40\/#primaryimage\"},\"image\":{\"@id\":\"https:\/\/tranthi.vn\/quangnam\/xi-mang-dong-lam-kaito-pcb40\/#primaryimage\"},\"thumbnailUrl\":\"https:\/\/tranthi.vn\/quangnam\/wp-content\/uploads\/2023\/06\/xi-mang-dong-tam-kaito-pcb40-da-nang.jpeg\",\"datePublished\":\"2023-06-20T03:08:08+00:00\",\"dateModified\":\"2024-03-19T01:44:49+00:00\",\"breadcrumb\":{\"@id\":\"https:\/\/tranthi.vn\/quangnam\/xi-mang-dong-lam-kaito-pcb40\/#breadcrumb\"},\"inLanguage\":\"vi\",\"potentialAction\":[{\"@type\":\"ReadAction\",\"target\":[\"https:\/\/tranthi.vn\/quangnam\/xi-mang-dong-lam-kaito-pcb40\/\"]}]},{\"@type\":\"ImageObject\",\"inLanguage\":\"vi\",\"@id\":\"https:\/\/tranthi.vn\/quangnam\/xi-mang-dong-lam-kaito-pcb40\/#primaryimage\",\"url\":\"https:\/\/tranthi.vn\/quangnam\/wp-content\/uploads\/2023\/06\/xi-mang-dong-tam-kaito-pcb40-da-nang.jpeg\",\"contentUrl\":\"https:\/\/tranthi.vn\/quangnam\/wp-content\/uploads\/2023\/06\/xi-mang-dong-tam-kaito-pcb40-da-nang.jpeg\",\"width\":650,\"height\":650,\"caption\":\"xi-m\u0103ng-\u0111\u1ed3ng-t\u00e2m-kaito-pcb40-\u0111\u00e0-n\u1eb5ng\"},{\"@type\":\"BreadcrumbList\",\"@id\":\"https:\/\/tranthi.vn\/quangnam\/xi-mang-dong-lam-kaito-pcb40\/#breadcrumb\",\"itemListElement\":[{\"@type\":\"ListItem\",\"position\":1,\"name\":\"Trang ch\u1ee7\",\"item\":\"https:\/\/tranthi.vn\/quangnam\/\"},{\"@type\":\"ListItem\",\"position\":2,\"name\":\"Shop\",\"item\":\"https:\/\/tranthi.vn\/quangnam\/shop\/\"},{\"@type\":\"ListItem\",\"position\":3,\"name\":\"Xi m\u0103ng Kaito pcb40\"}]},{\"@type\":\"WebSite\",\"@id\":\"https:\/\/tranthi.vn\/quangnam\/#website\",\"url\":\"https:\/\/tranthi.vn\/quangnam\/\",\"name\":\"V\u1eadt Li\u1ec7u X\u00e2y D\u1ef1ng Tr\u1ea7n Th\u1ecb Chi Nh\u00e1nh Qu\u1ea3ng Nam\",\"description\":\"V\u1eadt Li\u1ec7u X\u00e2y D\u1ef1ng - Qu\u1ea3ng Nam\",\"potentialAction\":[{\"@type\":\"SearchAction\",\"target\":{\"@type\":\"EntryPoint\",\"urlTemplate\":\"https:\/\/tranthi.vn\/quangnam\/?s={search_term_string}\"},\"query-input\":\"required name=search_term_string\"}],\"inLanguage\":\"vi\"},{\"@type\":\"ImageObject\",\"inLanguage\":\"vi\",\"@id\":\"https:\/\/tranthi.vn\/quangnam\/xi-mang-dong-lam-kaito-pcb40\/#local-main-organization-logo\",\"url\":\"\",\"contentUrl\":\"\",\"caption\":\"V\u1eadt Li\u1ec7u X\u00e2y D\u1ef1ng Tr\u1ea7n Th\u1ecb Chi Nh\u00e1nh Qu\u1ea3ng Nam\"}]}<\/script>\n<meta property=\"product:price:amount\" content=\"1650000\" \/>\n<meta property=\"product:price:currency\" content=\"VND\" \/>\n<meta property=\"og:availability\" content=\"instock\" \/>\n<meta property=\"product:availability\" content=\"instock\" \/>\n<meta property=\"product:condition\" content=\"new\" \/>\n<!-- \/ Yoast SEO Premium plugin. -->","yoast_head_json":{"title":"Xi m\u0103ng Kaito pcb40 - V\u1eadt Li\u1ec7u X\u00e2y D\u1ef1ng Tr\u1ea7n Th\u1ecb Chi Nh\u00e1nh Qu\u1ea3ng Nam","robots":{"index":"index","follow":"follow","max-snippet":"max-snippet:-1","max-image-preview":"max-image-preview:large","max-video-preview":"max-video-preview:-1"},"canonical":"https:\/\/tranthi.vn\/quangnam\/xi-mang-dong-lam-kaito-pcb40\/","og_locale":"vi_VN","og_type":"article","og_title":"Xi m\u0103ng Kaito pcb40","og_description":"\ud83e\udd70\u01afu \u0111i\u1ec3m:   S\u1ea3n ph\u1ea9m c\u00f3 \u0111\u1ed9 m\u1ecbn, d\u1ebbo dai v\u00e0 \u0111\u1ed9 b\u00e1m d\u00ednh cao.  R\u00fat ng\u1eafn th\u1eddi gian thi c\u00f4ng, g\u00f3p ph\u1ea7n gi\u1ea3m chi ph\u00ed x\u00e2y d\u1ef1ng.  Th\u1eddi gian \u0111\u00f4ng k\u1ebft h\u1ee3p l\u00fd, gi\u00fap thi c\u00f4ng d\u1ec5 d\u00e0ng.  Ch\u1ea5t l\u01b0\u1ee3ng \u1ed5n \u0111\u1ecbnh, \u0111\u1ea3m b\u1ea3o \u0111\u1ed9 b\u1ec1n, tu\u1ed5i th\u1ecd t\u1ed1t nh\u1ea5t cho c\u00f4ng tr\u00ecnh.  \ud83e\udd70\u1ee8ng d\u1ee5ng:\u00a0   \u0110\u1ed5 b\u00ea t\u00f4ng c\u00e1c h\u1ea1ng m\u1ee5c m\u00f3ng, m\u00e1i, c\u1ed9t, d\u1ea7m.   D\u00f9ng \u0111\u1ec3 x\u00e2y, tr\u00e1t c\u00e1c c\u00f4ng tr\u00ecnh x\u00e2y d\u1ef1ng.\u00a0  Giao h\u00e0ng trong \u0111\u1ecba b\u00e0n\u00a0\u0110\u00e0 N\u1eb5ng   \ud83e\udd70\u0110\u01a1n\u00a0gi\u00e1 xi m\u0103ng \u0110\u1ed3ng L\u00e2m kaito pcb40 : 1.650.000\/t\u1ea5n\u00a0\u00a0  \ud83e\udd70\u0110\u01a1n gi\u00e1 tr\u00ean ch\u1ec9 mang t\u00ednh ch\u1ea5t tham kh\u1ea3o. Gi\u00e1 c\u00f3 th\u1ec3 thay \u0111\u1ed5i theo t\u1eebng th\u1eddi \u0111i\u1ec3m.  \u0110\u01a1n gi\u00e1 tr\u00ean \u00e1p d\u1ee5ng t\u1eeb 5 t\u1ea5n tr\u1edf l\u00ean, t\u00f9y thu\u1ed9c v\u00e0o khu v\u1ef1c nh\u1eadn h\u00e0ng s\u1ebd c\u00f3 th\u00eam ph\u00ed v\u1eadn chuy\u1ec3n. D\u01b0\u1edbi 5 t\u1ea5n vui l\u00f2ng li\u00ean h\u1ec7 s\u1ed1 hotline: 0903.595.049  Kh\u00f4ng bao g\u1ed3m h\u00f3a \u0111\u01a1n vat","og_url":"https:\/\/tranthi.vn\/quangnam\/xi-mang-dong-lam-kaito-pcb40\/","og_site_name":"V\u1eadt Li\u1ec7u X\u00e2y D\u1ef1ng Tr\u1ea7n Th\u1ecb Chi Nh\u00e1nh Qu\u1ea3ng Nam","article_modified_time":"2024-03-19T01:44:49+00:00","og_image":[{"width":650,"height":650,"url":"https:\/\/tranthi.vn\/quangnam\/wp-content\/uploads\/2023\/06\/xi-mang-dong-tam-kaito-pcb40-da-nang.jpeg","type":"image\/jpeg"}],"twitter_card":"summary_large_image","twitter_misc":{"Gi\u00e1":"1,650,000&nbsp;&#8363;","Kh\u1ea3 d\u1ee5ng":"Trong kho"},"schema":{"@context":"https:\/\/schema.org","@graph":[{"@type":["WebPage","ItemPage"],"@id":"https:\/\/tranthi.vn\/quangnam\/xi-mang-dong-lam-kaito-pcb40\/","url":"https:\/\/tranthi.vn\/quangnam\/xi-mang-dong-lam-kaito-pcb40\/","name":"Xi m\u0103ng Kaito pcb40 - V\u1eadt Li\u1ec7u X\u00e2y D\u1ef1ng Tr\u1ea7n Th\u1ecb Chi Nh\u00e1nh Qu\u1ea3ng Nam","isPartOf":{"@id":"https:\/\/tranthi.vn\/quangnam\/#website"},"primaryImageOfPage":{"@id":"https:\/\/tranthi.vn\/quangnam\/xi-mang-dong-lam-kaito-pcb40\/#primaryimage"},"image":{"@id":"https:\/\/tranthi.vn\/quangnam\/xi-mang-dong-lam-kaito-pcb40\/#primaryimage"},"thumbnailUrl":"https:\/\/tranthi.vn\/quangnam\/wp-content\/uploads\/2023\/06\/xi-mang-dong-tam-kaito-pcb40-da-nang.jpeg","datePublished":"2023-06-20T03:08:08+00:00","dateModified":"2024-03-19T01:44:49+00:00","breadcrumb":{"@id":"https:\/\/tranthi.vn\/quangnam\/xi-mang-dong-lam-kaito-pcb40\/#breadcrumb"},"inLanguage":"vi","potentialAction":[{"@type":"ReadAction","target":["https:\/\/tranthi.vn\/quangnam\/xi-mang-dong-lam-kaito-pcb40\/"]}]},{"@type":"ImageObject","inLanguage":"vi","@id":"https:\/\/tranthi.vn\/quangnam\/xi-mang-dong-lam-kaito-pcb40\/#primaryimage","url":"https:\/\/tranthi.vn\/quangnam\/wp-content\/uploads\/2023\/06\/xi-mang-dong-tam-kaito-pcb40-da-nang.jpeg","contentUrl":"https:\/\/tranthi.vn\/quangnam\/wp-content\/uploads\/2023\/06\/xi-mang-dong-tam-kaito-pcb40-da-nang.jpeg","width":650,"height":650,"caption":"xi-m\u0103ng-\u0111\u1ed3ng-t\u00e2m-kaito-pcb40-\u0111\u00e0-n\u1eb5ng"},{"@type":"BreadcrumbList","@id":"https:\/\/tranthi.vn\/quangnam\/xi-mang-dong-lam-kaito-pcb40\/#breadcrumb","itemListElement":[{"@type":"ListItem","position":1,"name":"Trang ch\u1ee7","item":"https:\/\/tranthi.vn\/quangnam\/"},{"@type":"ListItem","position":2,"name":"Shop","item":"https:\/\/tranthi.vn\/quangnam\/shop\/"},{"@type":"ListItem","position":3,"name":"Xi m\u0103ng Kaito pcb40"}]},{"@type":"WebSite","@id":"https:\/\/tranthi.vn\/quangnam\/#website","url":"https:\/\/tranthi.vn\/quangnam\/","name":"V\u1eadt Li\u1ec7u X\u00e2y D\u1ef1ng Tr\u1ea7n Th\u1ecb Chi Nh\u00e1nh Qu\u1ea3ng Nam","description":"V\u1eadt Li\u1ec7u X\u00e2y D\u1ef1ng - Qu\u1ea3ng Nam","potentialAction":[{"@type":"SearchAction","target":{"@type":"EntryPoint","urlTemplate":"https:\/\/tranthi.vn\/quangnam\/?s={search_term_string}"},"query-input":"required name=search_term_string"}],"inLanguage":"vi"},{"@type":"ImageObject","inLanguage":"vi","@id":"https:\/\/tranthi.vn\/quangnam\/xi-mang-dong-lam-kaito-pcb40\/#local-main-organization-logo","url":"","contentUrl":"","caption":"V\u1eadt Li\u1ec7u X\u00e2y D\u1ef1ng Tr\u1ea7n Th\u1ecb Chi Nh\u00e1nh Qu\u1ea3ng Nam"}]},"product_price_amount":"1650000","product_price_currency":"VND","og_availability":"instock","product_availability":"instock","product_condition":"new"},"_links":{"self":[{"href":"https:\/\/tranthi.vn\/quangnam\/wp-json\/wp\/v2\/product\/4816","targetHints":{"allow":["GET"]}}],"collection":[{"href":"https:\/\/tranthi.vn\/quangnam\/wp-json\/wp\/v2\/product"}],"about":[{"href":"https:\/\/tranthi.vn\/quangnam\/wp-json\/wp\/v2\/types\/product"}],"replies":[{"embeddable":true,"href":"https:\/\/tranthi.vn\/quangnam\/wp-json\/wp\/v2\/comments?post=4816"}],"wp:featuredmedia":[{"embeddable":true,"href":"https:\/\/tranthi.vn\/quangnam\/wp-json\/wp\/v2\/media\/4817"}],"wp:attachment":[{"href":"https:\/\/tranthi.vn\/quangnam\/wp-json\/wp\/v2\/media?parent=4816"}],"wp:term":[{"taxonomy":"product_cat","embeddable":true,"href":"https:\/\/tranthi.vn\/quangnam\/wp-json\/wp\/v2\/product_cat?post=4816"},{"taxonomy":"product_tag","embeddable":true,"href":"https:\/\/tranthi.vn\/quangnam\/wp-json\/wp\/v2\/product_tag?post=4816"}],"curies":[{"name":"wp","href":"https:\/\/api.w.org\/{rel}","templated":true}]}}