{"id":4812,"date":"2023-06-20T09:27:35","date_gmt":"2023-06-20T02:27:35","guid":{"rendered":"https:\/\/tranthi.vn\/quangnam\/?post_type=product&#038;p=4812"},"modified":"2024-03-04T10:17:26","modified_gmt":"2024-03-04T03:17:26","slug":"xi-mang-dong-lam-pcb30","status":"publish","type":"product","link":"https:\/\/tranthi.vn\/quangnam\/xi-mang-dong-lam-pcb30\/","title":{"rendered":"Xi M\u0103ng S\u00f4ng Gianh  PCB30"},"content":{"rendered":"<figure id=\"attachment_4814\" aria-describedby=\"caption-attachment-4814\" style=\"width: 650px\" class=\"wp-caption alignnone\"><img loading=\"lazy\" decoding=\"async\" class=\"size-full wp-image-4814\" src=\"https:\/\/tranthi.vn\/quangnam\/wp-content\/uploads\/2023\/06\/xi-mang-song-gianh-pcb30-da-nang.jpeg\" alt=\"xi-m\u0103ng-s\u00f4ng-gianh-pcb30-\u0111\u00e0-n\u1eb5ng\" width=\"650\" height=\"650\" srcset=\"https:\/\/tranthi.vn\/quangnam\/wp-content\/uploads\/2023\/06\/xi-mang-song-gianh-pcb30-da-nang.jpeg 650w, https:\/\/tranthi.vn\/quangnam\/wp-content\/uploads\/2023\/06\/xi-mang-song-gianh-pcb30-da-nang-400x400.jpeg 400w, https:\/\/tranthi.vn\/quangnam\/wp-content\/uploads\/2023\/06\/xi-mang-song-gianh-pcb30-da-nang-100x100.jpeg 100w\" sizes=\"auto, (max-width: 650px) 100vw, 650px\" \/><figcaption id=\"caption-attachment-4814\" class=\"wp-caption-text\">xi-m\u0103ng-s\u00f4ng-gianh-pcb30-\u0111\u00e0-n\u1eb5ng<\/figcaption><\/figure>\n","protected":false},"excerpt":{"rendered":"<p><span style=\"font-family: 'times new roman', times, serif; font-size: 130%; color: #000000;\"><strong>\ud83e\udd70\u1ee8ng d\u1ee5ng:<\/strong><\/span><\/p>\n<ul>\n<li><span style=\"font-family: 'times new roman', times, serif; font-size: 130%; color: #000000;\"><strong>S\u1eed d\u1ee5ng \u0111\u1ec3 x\u00e2y, t\u00f4, tr\u00e1t c\u00e1c h\u1ea1ng m\u1ee5c c\u00f4ng tr\u00ecnh<\/strong><\/span><\/li>\n<\/ul>\n<p><span style=\"font-family: 'times new roman', times, serif; font-size: 130%; color: #000000;\">Giao h\u00e0ng trong \u0111\u1ecba b\u00e0n\u00a0<em><span style=\"color: #0000ff;\"><a style=\"color: #0000ff;\" href=\"https:\/\/fr.wikipedia.org\/wiki\/Da_Nang\"><strong>\u0110\u00e0 N\u1eb5ng<\/strong><\/a><\/span><\/em><\/span><\/p>\n<p><span style=\"font-family: 'times new roman', times, serif; font-size: 130%; color: #000000;\">\ud83e\udd70\u0110\u01a1n gi\u00e1\u00a0<a style=\"color: #000000;\" href=\"https:\/\/tranthi.vn\/quangnam\/xi-mang-song-gianh-pc40\/\"><strong>xi m\u0103ng S\u00f4ng Gianh PCB30<\/strong><\/a>\u00a0:\u00a0<span style=\"color: #ff0000;\"><strong>1.850.000\/t\u1ea5n<\/strong><\/span><\/span><\/p>\n<p><span style=\"font-family: 'times new roman', times, serif; font-size: 130%; color: #000000;\"><strong>\u2013 Tr\u1ecdng l\u01b0\u1ee3ng: 50 kg\/bao &#8211; 1 t\u1ea5n = 20 bao.<\/strong><\/span><\/p>\n<p><span style=\"font-family: 'times new roman', times, serif; font-size: 130%; color: #0000ff;\"><em>Nh\u1eadn \u0111\u01a1n t\u1eeb 3 t\u1ea5n tr\u1edf l\u00ean, t\u00f9y thu\u1ed9c v\u00e0o khu v\u1ef1c nh\u1eadn h\u00e0ng s\u1ebd c\u00f3 th\u00eam ph\u00ed v\u1eadn chuy\u1ec3n<\/em><\/span><\/p>\n<p><span style=\"font-family: 'times new roman', times, serif; font-size: 130%; color: #0000ff;\"><em>Kh\u00f4ng bao g\u1ed3m h\u00f3a \u0111\u01a1n vat<\/em><\/span><\/p>\n<p>&nbsp;<\/p>\n","protected":false},"featured_media":4814,"comment_status":"closed","ping_status":"closed","template":"","meta":[],"product_cat":[208,357],"product_tag":[],"class_list":{"0":"post-4812","1":"product","2":"type-product","3":"status-publish","4":"has-post-thumbnail","6":"product_cat-xi-mang","7":"product_cat-xi-mang-xi-mang-song-gianh-pc30-da-nang","9":"first","10":"instock","11":"sale","12":"shipping-taxable","13":"purchasable","14":"product-type-simple"},"yoast_head":"<!-- This site is optimized with the Yoast SEO Premium plugin v22.3 (Yoast SEO v22.8) - https:\/\/yoast.com\/wordpress\/plugins\/seo\/ -->\n<title>Xi M\u0103ng S\u00f4ng Gianh PCB30 - V\u1eadt Li\u1ec7u X\u00e2y D\u1ef1ng Tr\u1ea7n Th\u1ecb Chi Nh\u00e1nh Qu\u1ea3ng Nam<\/title>\n<meta name=\"robots\" content=\"index, follow, max-snippet:-1, max-image-preview:large, max-video-preview:-1\" \/>\n<link rel=\"canonical\" href=\"https:\/\/tranthi.vn\/quangnam\/xi-mang-dong-lam-pcb30\/\" \/>\n<meta property=\"og:locale\" content=\"vi_VN\" \/>\n<meta property=\"og:type\" content=\"article\" \/>\n<meta property=\"og:title\" content=\"Xi M\u0103ng S\u00f4ng Gianh PCB30\" \/>\n<meta property=\"og:description\" content=\"\ud83e\udd70\u1ee8ng d\u1ee5ng:   S\u1eed d\u1ee5ng \u0111\u1ec3 x\u00e2y, t\u00f4, tr\u00e1t c\u00e1c h\u1ea1ng m\u1ee5c c\u00f4ng tr\u00ecnh  Giao h\u00e0ng trong \u0111\u1ecba b\u00e0n\u00a0\u0110\u00e0 N\u1eb5ng  \ud83e\udd70\u0110\u01a1n gi\u00e1\u00a0xi m\u0103ng S\u00f4ng Gianh PCB30\u00a0:\u00a01.850.000\/t\u1ea5n  \u2013 Tr\u1ecdng l\u01b0\u1ee3ng: 50 kg\/bao - 1 t\u1ea5n = 20 bao.  Nh\u1eadn \u0111\u01a1n t\u1eeb 3 t\u1ea5n tr\u1edf l\u00ean, t\u00f9y thu\u1ed9c v\u00e0o khu v\u1ef1c nh\u1eadn h\u00e0ng s\u1ebd c\u00f3 th\u00eam ph\u00ed v\u1eadn chuy\u1ec3n  Kh\u00f4ng bao g\u1ed3m h\u00f3a \u0111\u01a1n vat  &nbsp;\" \/>\n<meta property=\"og:url\" content=\"https:\/\/tranthi.vn\/quangnam\/xi-mang-dong-lam-pcb30\/\" \/>\n<meta property=\"og:site_name\" content=\"V\u1eadt Li\u1ec7u X\u00e2y D\u1ef1ng Tr\u1ea7n Th\u1ecb Chi Nh\u00e1nh Qu\u1ea3ng Nam\" \/>\n<meta property=\"article:modified_time\" content=\"2024-03-04T03:17:26+00:00\" \/>\n<meta property=\"og:image\" content=\"https:\/\/tranthi.vn\/quangnam\/wp-content\/uploads\/2023\/06\/xi-mang-song-gianh-pcb30-da-nang.jpeg\" \/>\n\t<meta property=\"og:image:width\" content=\"650\" \/>\n\t<meta property=\"og:image:height\" content=\"650\" \/>\n\t<meta property=\"og:image:type\" content=\"image\/jpeg\" \/>\n<meta name=\"twitter:card\" content=\"summary_large_image\" \/>\n<meta name=\"twitter:label1\" content=\"Gi\u00e1\" \/>\n\t<meta name=\"twitter:data1\" content=\"1,850,000&nbsp;&#8363;\" \/>\n\t<meta name=\"twitter:label2\" content=\"Kh\u1ea3 d\u1ee5ng\" \/>\n\t<meta name=\"twitter:data2\" content=\"Trong kho\" \/>\n<script type=\"application\/ld+json\" class=\"yoast-schema-graph\">{\"@context\":\"https:\/\/schema.org\",\"@graph\":[{\"@type\":[\"WebPage\",\"ItemPage\"],\"@id\":\"https:\/\/tranthi.vn\/quangnam\/xi-mang-dong-lam-pcb30\/\",\"url\":\"https:\/\/tranthi.vn\/quangnam\/xi-mang-dong-lam-pcb30\/\",\"name\":\"Xi M\u0103ng S\u00f4ng Gianh PCB30 - V\u1eadt Li\u1ec7u X\u00e2y D\u1ef1ng Tr\u1ea7n Th\u1ecb Chi Nh\u00e1nh Qu\u1ea3ng Nam\",\"isPartOf\":{\"@id\":\"https:\/\/tranthi.vn\/quangnam\/#website\"},\"primaryImageOfPage\":{\"@id\":\"https:\/\/tranthi.vn\/quangnam\/xi-mang-dong-lam-pcb30\/#primaryimage\"},\"image\":{\"@id\":\"https:\/\/tranthi.vn\/quangnam\/xi-mang-dong-lam-pcb30\/#primaryimage\"},\"thumbnailUrl\":\"https:\/\/tranthi.vn\/quangnam\/wp-content\/uploads\/2023\/06\/xi-mang-song-gianh-pcb30-da-nang.jpeg\",\"datePublished\":\"2023-06-20T02:27:35+00:00\",\"dateModified\":\"2024-03-04T03:17:26+00:00\",\"breadcrumb\":{\"@id\":\"https:\/\/tranthi.vn\/quangnam\/xi-mang-dong-lam-pcb30\/#breadcrumb\"},\"inLanguage\":\"vi\",\"potentialAction\":[{\"@type\":\"ReadAction\",\"target\":[\"https:\/\/tranthi.vn\/quangnam\/xi-mang-dong-lam-pcb30\/\"]}]},{\"@type\":\"ImageObject\",\"inLanguage\":\"vi\",\"@id\":\"https:\/\/tranthi.vn\/quangnam\/xi-mang-dong-lam-pcb30\/#primaryimage\",\"url\":\"https:\/\/tranthi.vn\/quangnam\/wp-content\/uploads\/2023\/06\/xi-mang-song-gianh-pcb30-da-nang.jpeg\",\"contentUrl\":\"https:\/\/tranthi.vn\/quangnam\/wp-content\/uploads\/2023\/06\/xi-mang-song-gianh-pcb30-da-nang.jpeg\",\"width\":650,\"height\":650,\"caption\":\"xi-m\u0103ng-s\u00f4ng-gianh-pcb30-\u0111\u00e0-n\u1eb5ng\"},{\"@type\":\"BreadcrumbList\",\"@id\":\"https:\/\/tranthi.vn\/quangnam\/xi-mang-dong-lam-pcb30\/#breadcrumb\",\"itemListElement\":[{\"@type\":\"ListItem\",\"position\":1,\"name\":\"Trang ch\u1ee7\",\"item\":\"https:\/\/tranthi.vn\/quangnam\/\"},{\"@type\":\"ListItem\",\"position\":2,\"name\":\"Shop\",\"item\":\"https:\/\/tranthi.vn\/quangnam\/shop\/\"},{\"@type\":\"ListItem\",\"position\":3,\"name\":\"Xi M\u0103ng S\u00f4ng Gianh PCB30\"}]},{\"@type\":\"WebSite\",\"@id\":\"https:\/\/tranthi.vn\/quangnam\/#website\",\"url\":\"https:\/\/tranthi.vn\/quangnam\/\",\"name\":\"V\u1eadt Li\u1ec7u X\u00e2y D\u1ef1ng Tr\u1ea7n Th\u1ecb Chi Nh\u00e1nh Qu\u1ea3ng Nam\",\"description\":\"V\u1eadt Li\u1ec7u X\u00e2y D\u1ef1ng - Qu\u1ea3ng Nam\",\"potentialAction\":[{\"@type\":\"SearchAction\",\"target\":{\"@type\":\"EntryPoint\",\"urlTemplate\":\"https:\/\/tranthi.vn\/quangnam\/?s={search_term_string}\"},\"query-input\":\"required name=search_term_string\"}],\"inLanguage\":\"vi\"},{\"@type\":\"ImageObject\",\"inLanguage\":\"vi\",\"@id\":\"https:\/\/tranthi.vn\/quangnam\/xi-mang-dong-lam-pcb30\/#local-main-organization-logo\",\"url\":\"\",\"contentUrl\":\"\",\"caption\":\"V\u1eadt Li\u1ec7u X\u00e2y D\u1ef1ng Tr\u1ea7n Th\u1ecb Chi Nh\u00e1nh Qu\u1ea3ng Nam\"}]}<\/script>\n<meta property=\"product:price:amount\" content=\"1850000\" \/>\n<meta property=\"product:price:currency\" content=\"VND\" \/>\n<meta property=\"og:availability\" content=\"instock\" \/>\n<meta property=\"product:availability\" content=\"instock\" \/>\n<meta property=\"product:condition\" content=\"new\" \/>\n<!-- \/ Yoast SEO Premium plugin. -->","yoast_head_json":{"title":"Xi M\u0103ng S\u00f4ng Gianh PCB30 - V\u1eadt Li\u1ec7u X\u00e2y D\u1ef1ng Tr\u1ea7n Th\u1ecb Chi Nh\u00e1nh Qu\u1ea3ng Nam","robots":{"index":"index","follow":"follow","max-snippet":"max-snippet:-1","max-image-preview":"max-image-preview:large","max-video-preview":"max-video-preview:-1"},"canonical":"https:\/\/tranthi.vn\/quangnam\/xi-mang-dong-lam-pcb30\/","og_locale":"vi_VN","og_type":"article","og_title":"Xi M\u0103ng S\u00f4ng Gianh PCB30","og_description":"\ud83e\udd70\u1ee8ng d\u1ee5ng:   S\u1eed d\u1ee5ng \u0111\u1ec3 x\u00e2y, t\u00f4, tr\u00e1t c\u00e1c h\u1ea1ng m\u1ee5c c\u00f4ng tr\u00ecnh  Giao h\u00e0ng trong \u0111\u1ecba b\u00e0n\u00a0\u0110\u00e0 N\u1eb5ng  \ud83e\udd70\u0110\u01a1n gi\u00e1\u00a0xi m\u0103ng S\u00f4ng Gianh PCB30\u00a0:\u00a01.850.000\/t\u1ea5n  \u2013 Tr\u1ecdng l\u01b0\u1ee3ng: 50 kg\/bao - 1 t\u1ea5n = 20 bao.  Nh\u1eadn \u0111\u01a1n t\u1eeb 3 t\u1ea5n tr\u1edf l\u00ean, t\u00f9y thu\u1ed9c v\u00e0o khu v\u1ef1c nh\u1eadn h\u00e0ng s\u1ebd c\u00f3 th\u00eam ph\u00ed v\u1eadn chuy\u1ec3n  Kh\u00f4ng bao g\u1ed3m h\u00f3a \u0111\u01a1n vat  &nbsp;","og_url":"https:\/\/tranthi.vn\/quangnam\/xi-mang-dong-lam-pcb30\/","og_site_name":"V\u1eadt Li\u1ec7u X\u00e2y D\u1ef1ng Tr\u1ea7n Th\u1ecb Chi Nh\u00e1nh Qu\u1ea3ng Nam","article_modified_time":"2024-03-04T03:17:26+00:00","og_image":[{"width":650,"height":650,"url":"https:\/\/tranthi.vn\/quangnam\/wp-content\/uploads\/2023\/06\/xi-mang-song-gianh-pcb30-da-nang.jpeg","type":"image\/jpeg"}],"twitter_card":"summary_large_image","twitter_misc":{"Gi\u00e1":"1,850,000&nbsp;&#8363;","Kh\u1ea3 d\u1ee5ng":"Trong kho"},"schema":{"@context":"https:\/\/schema.org","@graph":[{"@type":["WebPage","ItemPage"],"@id":"https:\/\/tranthi.vn\/quangnam\/xi-mang-dong-lam-pcb30\/","url":"https:\/\/tranthi.vn\/quangnam\/xi-mang-dong-lam-pcb30\/","name":"Xi M\u0103ng S\u00f4ng Gianh PCB30 - V\u1eadt Li\u1ec7u X\u00e2y D\u1ef1ng Tr\u1ea7n Th\u1ecb Chi Nh\u00e1nh Qu\u1ea3ng Nam","isPartOf":{"@id":"https:\/\/tranthi.vn\/quangnam\/#website"},"primaryImageOfPage":{"@id":"https:\/\/tranthi.vn\/quangnam\/xi-mang-dong-lam-pcb30\/#primaryimage"},"image":{"@id":"https:\/\/tranthi.vn\/quangnam\/xi-mang-dong-lam-pcb30\/#primaryimage"},"thumbnailUrl":"https:\/\/tranthi.vn\/quangnam\/wp-content\/uploads\/2023\/06\/xi-mang-song-gianh-pcb30-da-nang.jpeg","datePublished":"2023-06-20T02:27:35+00:00","dateModified":"2024-03-04T03:17:26+00:00","breadcrumb":{"@id":"https:\/\/tranthi.vn\/quangnam\/xi-mang-dong-lam-pcb30\/#breadcrumb"},"inLanguage":"vi","potentialAction":[{"@type":"ReadAction","target":["https:\/\/tranthi.vn\/quangnam\/xi-mang-dong-lam-pcb30\/"]}]},{"@type":"ImageObject","inLanguage":"vi","@id":"https:\/\/tranthi.vn\/quangnam\/xi-mang-dong-lam-pcb30\/#primaryimage","url":"https:\/\/tranthi.vn\/quangnam\/wp-content\/uploads\/2023\/06\/xi-mang-song-gianh-pcb30-da-nang.jpeg","contentUrl":"https:\/\/tranthi.vn\/quangnam\/wp-content\/uploads\/2023\/06\/xi-mang-song-gianh-pcb30-da-nang.jpeg","width":650,"height":650,"caption":"xi-m\u0103ng-s\u00f4ng-gianh-pcb30-\u0111\u00e0-n\u1eb5ng"},{"@type":"BreadcrumbList","@id":"https:\/\/tranthi.vn\/quangnam\/xi-mang-dong-lam-pcb30\/#breadcrumb","itemListElement":[{"@type":"ListItem","position":1,"name":"Trang ch\u1ee7","item":"https:\/\/tranthi.vn\/quangnam\/"},{"@type":"ListItem","position":2,"name":"Shop","item":"https:\/\/tranthi.vn\/quangnam\/shop\/"},{"@type":"ListItem","position":3,"name":"Xi M\u0103ng S\u00f4ng Gianh PCB30"}]},{"@type":"WebSite","@id":"https:\/\/tranthi.vn\/quangnam\/#website","url":"https:\/\/tranthi.vn\/quangnam\/","name":"V\u1eadt Li\u1ec7u X\u00e2y D\u1ef1ng Tr\u1ea7n Th\u1ecb Chi Nh\u00e1nh Qu\u1ea3ng Nam","description":"V\u1eadt Li\u1ec7u X\u00e2y D\u1ef1ng - Qu\u1ea3ng Nam","potentialAction":[{"@type":"SearchAction","target":{"@type":"EntryPoint","urlTemplate":"https:\/\/tranthi.vn\/quangnam\/?s={search_term_string}"},"query-input":"required name=search_term_string"}],"inLanguage":"vi"},{"@type":"ImageObject","inLanguage":"vi","@id":"https:\/\/tranthi.vn\/quangnam\/xi-mang-dong-lam-pcb30\/#local-main-organization-logo","url":"","contentUrl":"","caption":"V\u1eadt Li\u1ec7u X\u00e2y D\u1ef1ng Tr\u1ea7n Th\u1ecb Chi Nh\u00e1nh Qu\u1ea3ng Nam"}]},"product_price_amount":"1850000","product_price_currency":"VND","og_availability":"instock","product_availability":"instock","product_condition":"new"},"_links":{"self":[{"href":"https:\/\/tranthi.vn\/quangnam\/wp-json\/wp\/v2\/product\/4812","targetHints":{"allow":["GET"]}}],"collection":[{"href":"https:\/\/tranthi.vn\/quangnam\/wp-json\/wp\/v2\/product"}],"about":[{"href":"https:\/\/tranthi.vn\/quangnam\/wp-json\/wp\/v2\/types\/product"}],"replies":[{"embeddable":true,"href":"https:\/\/tranthi.vn\/quangnam\/wp-json\/wp\/v2\/comments?post=4812"}],"wp:featuredmedia":[{"embeddable":true,"href":"https:\/\/tranthi.vn\/quangnam\/wp-json\/wp\/v2\/media\/4814"}],"wp:attachment":[{"href":"https:\/\/tranthi.vn\/quangnam\/wp-json\/wp\/v2\/media?parent=4812"}],"wp:term":[{"taxonomy":"product_cat","embeddable":true,"href":"https:\/\/tranthi.vn\/quangnam\/wp-json\/wp\/v2\/product_cat?post=4812"},{"taxonomy":"product_tag","embeddable":true,"href":"https:\/\/tranthi.vn\/quangnam\/wp-json\/wp\/v2\/product_tag?post=4812"}],"curies":[{"name":"wp","href":"https:\/\/api.w.org\/{rel}","templated":true}]}}