{"id":4589,"date":"2023-02-11T14:17:44","date_gmt":"2023-02-11T07:17:44","guid":{"rendered":"https:\/\/tranthi.vn\/quangnam\/?post_type=product&#038;p=4589"},"modified":"2023-04-26T09:52:02","modified_gmt":"2023-04-26T02:52:02","slug":"lam-song-nhua-gia-go-tai-da-nang","status":"publish","type":"product","link":"https:\/\/tranthi.vn\/quangnam\/lam-song-nhua-gia-go-tai-da-nang\/","title":{"rendered":"Lam S\u00f3ng Nh\u1ef1a Gi\u1ea3 G\u1ed7"},"content":{"rendered":"<p><span style=\"font-family: 'times new roman', times, serif; font-size: 130%; color: #000000;\">T\u1ea1i <strong><em>\u0110\u00e0 N\u1eb5ng<\/em><\/strong> vi\u1ec7c s\u1eed d\u1ee5ng <strong><em>lam s\u00f3ng nh\u1ef1a gi\u1ea3 g\u1ed7<\/em><\/strong> \u0111\u1ec3 thay th\u1ebf cho c\u00e1c v\u1eadt li\u1ec7u nh\u01b0 s\u01a1n, g\u1ed7 hay g\u1ea1ch \u1ed1p t\u01b0\u1eddng \u0111ang d\u1ea7n \u0111\u01b0\u1ee3c th\u1ecbnh h\u00e0nh. V\u1edbi \u0111\u1ed9 b\u1ec1n cao, s\u1ee9c ch\u1ecbu \u0111\u1ef1ng l\u1edbn, \u0111\u1eb7c bi\u1ec7t l\u00e0 v\u1eabn \u0111\u1ea3m b\u1ea3o \u0111\u1ed9 th\u1ea9m m\u1ef9 cho kh\u00f4ng gian s\u1ed1ng c\u1ee7a b\u1ea1n.<\/span><\/p>\n<h2 dir=\"ltr\" role=\"presentation\"><span style=\"font-size: 100%; color: #ff0000;\"><strong><span style=\"font-family: 'times new roman', times, serif;\">1. T\u1ea5m \u1ed0p Lam S\u00f3ng L\u00e0 G\u00ec?<\/span><\/strong><\/span><\/h2>\n<p><span style=\"font-family: 'times new roman', times, serif; font-size: 130%; color: #000000;\">Tuy l\u00e0 s\u1ea3n ph\u1ea9m m\u1edbi xu\u1ea5t hi\u1ec7n tr\u00ean th\u1ecb tr\u01b0\u1eddng \u0110\u00e0 N\u1eb5ng nh\u01b0ng lam s\u00f3ng nh\u1ef1a gi\u1ea3 g\u1ed7 \u0111\u00e3 nh\u1eadn \u0111\u01b0\u1ee3c nhi\u1ec1u s\u1ef1 tin t\u01b0\u1edfng c\u1ee7a ng\u01b0\u1eddi ti\u00eau d\u00f9ng<\/span><\/p>\n<p style=\"text-align: center;\">\u00a0<img loading=\"lazy\" decoding=\"async\" class=\"alignnone size-full wp-image-4592\" src=\"https:\/\/tranthi.vn\/quangnam\/wp-content\/uploads\/2023\/02\/tam-op-nhua-lam-song-tai-da-nang_optimized.jpg\" alt=\"\" width=\"500\" height=\"400\" \/><\/p>\n<p>&nbsp;<\/p>\n<p dir=\"ltr\"><span style=\"font-family: 'times new roman', times, serif; font-size: 130%; color: #000000;\">T\u1ea5m \u1ed1p lam s\u00f3ng c\u00f3 k\u1ebft c\u1ea5u g\u1ed3m nh\u1eefng \u0111\u01b0\u1eddng s\u00f3ng v\u1edbi c\u1ea5u t\u1ea1o r\u1ed7ng t\u1ea1o n\u00ean \u0111i\u1ec3m nh\u1ea5n cho c\u00f4ng tr\u00ecnh v\u00e0 chi\u1ec1u s\u00e2u cho kh\u00f4ng gian s\u1eed d\u1ee5ng. Nh\u1eefng khoan r\u1ed7ng gi\u00fap h\u1ea1n ch\u1ebf tr\u1ecdng l\u01b0\u1ee3ng c\u1ee7a t\u1ea5m \u1ed1p. B\u00ean d\u01b0\u1edbi \u0111\u00e1y c\u1ee7a lam c\u00f3 c\u00e1c \u0111\u01b0\u1eddng ch\u1ea1y d\u1ecdc theo chi\u1ec1u d\u00e0i v\u1eeba c\u00f3 \u0111\u1ed9 \u0111\u00e0n h\u1ed3i t\u1ed1t v\u1eeba \u0111\u1ea3m b\u1ea3o \u0111\u1ed9 c\u1ee9ng c\u00e1p c\u1ee7a t\u1ea5m lam s\u00f3ng. Khi s\u1eed d\u1ee5ng lam s\u00f3ng nh\u1ef1a gia ch\u1ee7 th\u01b0\u1eddng s\u1ebd mu\u1ed1n kh\u00f4ng gian \u0111\u00f3 l\u00e0 \u0111i\u1ec3m nh\u1ea5n t\u1ea1o n\u00ean s\u1ef1 sang tr\u1ecdng v\u00e0 \u0111\u1ed9c \u0111\u00e1o<\/span><\/p>\n<h2 dir=\"ltr\" role=\"presentation\"><span style=\"font-size: 100%; color: #ff0000;\"><strong><span style=\"font-family: 'times new roman', times, serif;\">2. \u0110\u1eb7c \u0110i\u1ec3m C\u1ee7a T\u1ea5m \u1ed0p Lam S\u00f3ng<\/span><\/strong><\/span><\/h2>\n<p><span style=\"font-family: 'times new roman', times, serif; font-size: 130%; color: #000000;\">Do \u0111\u1eb7c t\u00ednh c\u1ee7a lam g\u1ed7 nh\u1ef1a \u0111\u00f3 l\u00e0 c\u00f3 tr\u1ecdng l\u01b0\u1ee3ng kh\u00e1 nh\u1eb9. Do \u0111\u00f3 vi\u1ec7c l\u1eafp \u0111\u1eb7t v\u00e0 thi c\u00f4ng tr\u1edf n\u00ean d\u1ec5 d\u00e0ng h\u01a1n kh\u00e1 nhi\u1ec1u. \u0110i\u1ec1u n\u00e0y c\u00f2n gi\u00fap ti\u1ebft ki\u1ec7m t\u1ed1i \u0111a th\u1eddi gian thi c\u00f4ng v\u00e0 c\u00f4ng s\u1ee9c l\u1eafp r\u00e1p. Th\u00eam n\u1eefa l\u00e0 do lam s\u00f3ng gi\u1ea3 g\u1ed7 k\u00edch th\u01b0\u1edbc c\u1ed1 \u0111\u1ecbnh n\u00ean vi\u1ec7c l\u1eafp \u0111\u1eb7t kh\u00e1 nhanh v\u00e0 thu\u1eadn ti\u1ec7n.\u00a0<\/span><\/p>\n<p><span style=\"font-family: 'times new roman', times, serif; font-size: 130%; color: #000000;\">Do \u0111\u00e2y l\u00e0 s\u1ea3n ph\u1ea9m \u0111\u01b0\u1ee3c l\u00e0m t\u1eeb ch\u1ea5t li\u1ec7u nh\u1ef1a r\u1ea5t cao c\u1ea5p v\u00e0 kh\u00f4ng s\u1eed d\u1ee5ng h\u00f3a ch\u1ea5t. Do \u0111\u00f3 n\u00f3 kh\u00f4ng h\u1ec1 g\u00e2y h\u1ea1i \u0111\u1ebfn s\u1ee9c kh\u1ecfe ng\u01b0\u1eddi ti\u00eau d\u00f9ng. Ngo\u00e0i ra s\u1ea3n ph\u1ea9m n\u00e0y c\u00f3 th\u1ec3 \u0111\u01b0\u1ee3c t\u00e1i ch\u1ebf th\u00e0nh c\u00e1c s\u1ea3n ph\u1ea9m n\u1ed9i th\u1ea5t kh\u00e1c nhau l\u1ea1i r\u1ea5t th\u00e2n thi\u1ec7n v\u1edbi m\u00f4i tr\u01b0\u1eddng.\u00a0<\/span><\/p>\n<p><span style=\"font-family: 'times new roman', times, serif; font-size: 130%; color: #000000;\">Lam s\u00f3ng l\u00e0 s\u1ea3n ph\u1ea9m \u0111\u01b0\u1ee3c l\u00e0m b\u1eb1ng ch\u1ea5t li\u1ec7u nh\u1ef1a r\u1ea5t cao c\u1ea5p, \u0111\u1ed9 d\u00e0y h\u1ee3p l\u00fd n\u00ean mang \u0111\u1ebfn \u0111\u1ed9 ch\u1eafc ch\u1eafn v\u00e0 r\u1ea5t c\u1ee9ng c\u00e1p. Do \u0111\u00f3, ng\u01b0\u1eddi d\u00f9ng s\u1ebd kh\u00f4ng c\u1ea7n lo l\u1eafng v\u1ec1 vi\u1ec7c s\u1ea3n ph\u1ea9m b\u1ecb n\u1ee9t, g\u00e3y hay cong v\u00eanh trong qu\u00e1 tr\u00ecnh thi c\u00f4ng hay s\u1eed d\u1ee5ng so v\u1edbi m\u1ed9t s\u1ed1 s\u1ea3n ph\u1ea9m kh\u00e1c.<\/span><\/p>\n<p><span style=\"font-family: 'times new roman', times, serif; font-size: 130%; color: #000000;\">Lam g\u1ed7 nh\u1ef1a c\u00f2n c\u00f3 \u01b0u \u0111i\u1ec3m c\u00e1ch \u00e2m kh\u00e1 t\u1ed1t n\u00ean gi\u00fap mang \u0111\u1ebfn m\u1ed9t kh\u00f4ng gian s\u1ed1ng tho\u1ea3i m\u00e1i v\u00e0 \u1ea5m c\u00fang cho m\u1ecdi gia \u0111\u00ecnh.<\/span><\/p>\n<p dir=\"ltr\" role=\"presentation\"><span style=\"font-family: 'times new roman', times, serif; font-size: 130%; color: #000000;\">D\u1ec5 d\u00e0ng v\u1ec7 sinh, l\u00e0m s\u1ea1ch b\u1eb1ng kh\u0103n v\u1ea3i \u01b0\u1edbt.<\/span><\/p>\n<h2><span style=\"font-size: 100%; color: #ff0000;\"><strong><span style=\"font-family: 'times new roman', times, serif;\">3. C\u1ea5u t\u1ea1o c\u1ee7a lam s\u00f3ng gi\u1ea3 g\u1ed7<\/span><\/strong><\/span><\/h2>\n<p><span style=\"font-family: 'times new roman', times, serif; font-size: 130%; color: #000000;\">\u0110\u01b0\u1ee3c c\u1ea5u t\u1ea1o b\u1edfi 4 l\u1edbp r\u1ea5t ch\u1eafc ch\u1eafn, th\u1ed1ng nh\u1ea5t v\u00e0 v\u00f4 c\u00f9ng sang tr\u1ecdng.<\/span><\/p>\n<ul>\n<li><span style=\"font-family: 'times new roman', times, serif; font-size: 130%; color: #000000;\">V\u1edbi l\u1edbp b\u1ea3o v\u1ec7 b\u1ec1 m\u1eb7t: l\u1edbp trong su\u1ed1t c\u00f3 t\u00e1c d\u1ee5ng ch\u1ed1ng tr\u1ea7y x\u01b0\u1edbc, ch\u1ed1ng n\u01b0\u1edbc v\u00e0 ch\u1ed1ng b\u00e1m b\u1ee5i r\u1ea5t t\u1ed1t, gi\u00fap s\u1ea3n ph\u1ea9m\u00a0d\u1ec5 d\u00e0ng v\u1ec7 sinh.<\/span><\/li>\n<li><span style=\"font-family: 'times new roman', times, serif; font-size: 130%; color: #000000;\">V\u1edbi l\u1edbp trang tr\u00ed\u00a0th\u00ec s\u1eed d\u1ee5ng c\u00f4ng ngh\u1ec7 in c\u00e1c hoa v\u0103n hi\u1ec7n \u0111\u1ea1i nh\u1ea5t hi\u1ec7n nay t\u1ea1o ra nh\u1eefng m\u1eabu hoa v\u0103n v\u00e2n g\u1ed7 v\u00f4 c\u00f9ng \u0111\u1ed9c \u0111\u00e1o\u00a0v\u00e0 c\u00f3 \u0111\u1ed9 ch\u00e2n th\u1eadt cao, nh\u00ecn c\u1ef1c k\u1ef3 gi\u1ed1ng v\u1edbi v\u00e2n g\u1ed7 t\u1ef1 nhi\u00ean.<\/span><\/li>\n<\/ul>\n<p><img loading=\"lazy\" decoding=\"async\" class=\"alignnone size-full wp-image-4593\" src=\"https:\/\/tranthi.vn\/quangnam\/wp-content\/uploads\/2023\/02\/cau-tao-tam-op-lam-song-nhua-tai-da-nang_optimized.jpg\" alt=\"\" width=\"900\" height=\"600\" srcset=\"https:\/\/tranthi.vn\/quangnam\/wp-content\/uploads\/2023\/02\/cau-tao-tam-op-lam-song-nhua-tai-da-nang_optimized.jpg 900w, https:\/\/tranthi.vn\/quangnam\/wp-content\/uploads\/2023\/02\/cau-tao-tam-op-lam-song-nhua-tai-da-nang_optimized-768x512.jpg 768w, https:\/\/tranthi.vn\/quangnam\/wp-content\/uploads\/2023\/02\/cau-tao-tam-op-lam-song-nhua-tai-da-nang_optimized-800x533.jpg 800w\" sizes=\"auto, (max-width: 900px) 100vw, 900px\" \/><\/p>\n<ul>\n<li><span style=\"font-family: 'times new roman', times, serif; font-size: 130%; color: #000000;\">V\u1edbi l\u1edbp keo Kleiberit \u0110\u1ee9c: Th\u00ec \u0111\u00e2y l\u00e0 lo\u1ea1i keo chuy\u00ean d\u1ee5ng \u0111\u01b0\u1ee3c nh\u1eadp kh\u1ea9u tr\u1ef1c ti\u1ebfp t\u1eeb \u0110\u1ee9c. Keo c\u00f3 \u0111\u1ed9 k\u1ebft d\u00ednh v\u00f4 c\u00f9ng cao, k\u1ebft d\u00ednh t\u1ea5t c\u1ea3 c\u00e1c l\u1edbp \u0111\u1ec3 t\u1ea1o th\u00e0nh th\u1ec3 th\u1ed1ng nh\u1ea5t cho\u00a0lam s\u00f3ng.<\/span><\/li>\n<li><span style=\"font-family: 'times new roman', times, serif; font-size: 130%; color: #000000;\">V\u1edbi l\u1edbp \u0111\u1ebf:\u00a0l\u00e0 ch\u1ea5t li\u1ec7u PVC v\u00f4 c\u00f9ng ch\u1eafn ch\u1eafn, gi\u00fap s\u1ea3n ph\u1ea9m c\u00f3 \u0111\u1ed9 b\u1ec1n v\u00e0 ch\u1ed1ng m\u1ed1i m\u1ecdt r\u1ea5t t\u1ed1t<\/span><\/li>\n<\/ul>\n<h2><span style=\"color: #ff0000;\"><strong><span style=\"font-family: 'times new roman', times, serif; font-size: 100%;\">4. \u1ee8ng d\u1ee5ng c\u1ee7a lam s\u00f3ng gi\u1ea3 g\u1ed7<\/span><\/strong><\/span><\/h2>\n<p><span style=\"font-family: 'times new roman', times, serif; font-size: 130%; color: #000000;\">L\u00e0 m\u1ed9t v\u1eadt t\u01b0 m\u1edbi nh\u01b0ng l\u1ea1i ooo c\u00f9ng d\u1ec5 \u1ee9ng d\u1ee5ng, ch\u1ec9 c\u1ea7n x\u00e1c \u0111\u1ecbnh \u0111\u01b0\u1ee3c \u0111\u1eb7c t\u00ednh c\u1ee7a lo\u1ea1i lam ph\u00f9 h\u1ee3p v\u1edbi t\u1eebng m\u00f4i tr\u01b0\u1eddng \u0111\u1ec3 t\u0103ng t\u00ednh \u1ee9ng d\u1ee5ng c\u0169ng nh\u01b0 tu\u1ed5i th\u1ecd c\u1ee7a s\u1ea3n ph\u1ea9m<\/span><\/p>\n<p><span style=\"font-family: 'times new roman', times, serif; font-size: 130%; color: #000000;\">V\u1edbi c\u00f4ng ngh\u1ec7 ti\u00ean ti\u1ebfn s\u1ea3n ph\u1ea9m \u0111\u01b0\u1ee3c s\u1ea3n xu\u1ea5t v\u1edbi m\u1eabu m\u00e3 kh\u00f4ng thua g\u00ec g\u1ed7 th\u1eadt ho\u00e0n to\u00e0n c\u00f3 th\u1ec3 ph\u00f9 h\u1ee3p \u0111\u1ec3 thay th\u1ebf nh\u1eefng lo\u1ea1i s\u1ea3n ph\u1ea9m \u1ed1p t\u01b0\u1eddng cao c\u1ea5p nh\u01b0 g\u1ed7 hay \u0111\u00e1<\/span><\/p>\n<div>\n<p><span style=\"font-family: 'times new roman', times, serif; font-size: 130%; color: #000000;\">Lam s\u00f3ng gi\u1ea3 g\u1ed7 l\u00e0 s\u1ef1 k\u1ebft h\u1ee3p tuy\u1ec7t v\u1eddi gi\u1eefa nh\u1ef1a PVC v\u1edbi b\u1ed9t \u0111\u00e1 t\u1ea1o n\u00ean s\u1ef1 kh\u00e1c bi\u1ec7t v\u00e0 \u0111\u1ed9c \u0111\u00e1o r\u1ea5t\u00a0l\u1edbn\u00a0cho s\u1ea3n ph\u1ea9m. \u00c1p d\u1ee5ng c\u00e1c c\u00f4ng ngh\u1ec7 ti\u00ean ti\u1ebfn nh\u1ea5t hi\u1ec7n nay, s\u1ea3n ph\u1ea9m \u0111\u01b0\u1ee3c t\u1ea1o ra mang \u01b0u \u0111i\u1ec3m v\u01b0\u1ee3t tr\u1ed9i thay th\u1ebf cho c\u00e1c lo\u1ea1i gi\u1ea5y d\u00e1n t\u01b0\u1eddng, \u1ed1p g\u1ed7 t\u1ef1 nhi\u00ean hay \u0111\u00e1 hoa c\u01b0\u01a1ng.<\/span><\/p>\n<p><img loading=\"lazy\" decoding=\"async\" class=\"alignnone size-full wp-image-4591 aligncenter\" src=\"https:\/\/tranthi.vn\/quangnam\/wp-content\/uploads\/2023\/02\/lam-song-go-nhua-op-vach-tivi-tai-da-nang_optimized.jpg\" alt=\"\" width=\"450\" height=\"400\" \/><\/p>\n<p><span style=\"font-family: 'times new roman', times, serif; font-size: 130%; color: #000000;\">S\u1ea3n ph\u1ea9m lam g\u1ed7 nh\u1ef1a c\u00f3 thi\u1ebft k\u1ebf c\u1ef1c k\u1ef3 \u0111\u1eb9p, tinh t\u1ebf sang tr\u1ecdng v\u1edbi nhi\u1ec1u m\u1eabu m\u00e3 \u0111a d\u1ea1ng \u0111\u1ed9c \u0111\u00e1o v\u00e0 g\u1ea7n gi\u1ed1ng nh\u01b0 g\u1ed7 t\u1ef1 nhi\u00ean. N\u1ebfu ch\u00fang ta nh\u00ecn qua b\u1eb1ng m\u1eaft th\u01b0\u1eddng r\u1ea5t kh\u00f3 \u0111\u1ec3 ph\u00e2n bi\u1ec7t ch\u00ednh x\u00e1c v\u1eadt li\u1ec7u n\u00e0y.\u00a0Lam s\u00f3ng \u0111\u00e3 v\u00e0 \u0111ang \u0111\u01b0\u1ee3c \u1ee9ng d\u1ee5ng r\u1ed9ng r\u00e3i trong \u0111\u1eddi s\u1ed1ng\u00a0hi\u1ec7n nay. Th\u1ebf n\u00ean v\u1eadt li\u1ec7u n\u00e0y \u0111em \u0111\u1ebfn s\u1ef1 sang tr\u1ecdng, m\u00e1t m\u1ebb cho kh\u00f4ng gian s\u1ed1ng.\u00a0<\/span><\/p>\n<p><span style=\"font-family: 'times new roman', times, serif; font-size: 130%; color: #000000;\">\u0110\u00e2y l\u00e0 lo\u1ea1i v\u1eadt li\u1ec7u \u0111\u01b0\u1ee3c s\u1eed d\u1ee5ng \u1ed1p t\u01b0\u1eddng tr\u1ea7n r\u1ea5t nhi\u1ec1u v\u00ec h\u00ecnh d\u00e1ng \u0111\u1eb7c bi\u1ec7t. Tr\u00ean b\u1ec1 m\u1eb7t c\u1ee7a lam s\u00f3ng c\u00f3 c\u00e1c \u0111\u01b0\u1eddng v\u00e2n s\u00f3ng v\u1edbi c\u1ea5u t\u1ea1o r\u1ed7ng, khi \u0111\u01b0\u1ee3c \u1ed1p l\u00ean t\u01b0\u1eddng, s\u1ebd t\u1ea1o \u0111i\u1ec3m nh\u1ea5n gi\u00fap kh\u00f4ng gian trong nh\u00e0 th\u00eam sang tr\u1ecdng \u0111\u1eb3ng c\u1ea5p. B\u1ec1 m\u1eb7t v\u00e2n g\u1ed7 t\u1ea1o n\u00ean 1 kh\u00f4ng gian \u1ea5m \u00e1p, khi k\u1ebft h\u1ee3p v\u1edbi c\u00e1c c\u00e2y xanh, ho\u1eb7c \u00e1nh s\u00e1ng m\u00e0u v\u00e0ng ho\u1eb7c \u00e1nh s\u00e1ng tr\u1eafng \u0111\u1ec1u \u0111em \u0111\u1ebfn c\u1ea3m gi\u00e1c \u1ea5m \u00e1p v\u00e0 sang tr\u1ecdng \u0111\u1eb7c bi\u1ec7t cho c\u0103n nh\u00e0.<\/span><\/p>\n<\/div>\n","protected":false},"excerpt":{"rendered":"<p>T\u1ea1i \u0110\u00e0 N\u1eb5ng vi\u1ec7c s\u1eed d\u1ee5ng lam s\u00f3ng nh\u1ef1a gi\u1ea3 g\u1ed7 \u0111\u1ec3 thay th\u1ebf cho c\u00e1c v\u1eadt li\u1ec7u nh\u01b0 s\u01a1n, g\u1ed7 hay g\u1ea1ch \u1ed1p t\u01b0\u1eddng \u0111ang d\u1ea7n \u0111\u01b0\u1ee3c th\u1ecbnh h\u00e0nh. V\u1edbi \u0111\u1ed9 b\u1ec1n cao, s\u1ee9c ch\u1ecbu \u0111\u1ef1ng l\u1edbn, \u0111\u1eb7c bi\u1ec7t l\u00e0 v\u1eabn \u0111\u1ea3m b\u1ea3o \u0111\u1ed9 th\u1ea9m m\u1ef9 cho kh\u00f4ng gian s\u1ed1ng c\u1ee7a b\u1ea1n. 1. T\u1ea5m [&#8230;]\n","protected":false},"featured_media":4754,"comment_status":"closed","ping_status":"closed","template":"","meta":[],"product_cat":[15],"product_tag":[],"class_list":{"0":"post-4589","1":"product","2":"type-product","3":"status-publish","4":"has-post-thumbnail","6":"product_cat-chua-phan-loai","8":"first","9":"instock","10":"shipping-taxable","11":"product-type-simple"},"yoast_head":"<!-- This site is optimized with the Yoast SEO Premium plugin v22.3 (Yoast SEO v22.8) - https:\/\/yoast.com\/wordpress\/plugins\/seo\/ -->\n<title>Lam s\u00f3ng nh\u1ef1a gi\u1ea3 g\u1ed7 t\u1ea1i \u0110\u00e0 N\u1eb5ng<\/title>\n<meta name=\"description\" content=\"Tr\u1ea7n Th\u1ecb - chuy\u00ean cung c\u1ea5p lam s\u00f3ng nh\u1ef1a gi\u1ea3 g\u1ed7 gi\u00e1 r\u1ebb t\u1ea1i \u0110\u00e0 N\u1eb5ng, s\u1ea3n ph\u1ea9m trang tr\u00ed n\u1ed9i th\u1ea5t kh\u00e1ng n\u01b0\u1edbc, ,m\u1ed1i m\u1ecdt b\u1ec1n \u0111\u1eb9p\" \/>\n<meta name=\"robots\" content=\"index, follow, max-snippet:-1, max-image-preview:large, max-video-preview:-1\" \/>\n<link rel=\"canonical\" href=\"https:\/\/tranthi.vn\/quangnam\/lam-song-nhua-gia-go-tai-da-nang\/\" \/>\n<meta property=\"og:locale\" content=\"vi_VN\" \/>\n<meta property=\"og:type\" content=\"article\" \/>\n<meta property=\"og:title\" content=\"Lam S\u00f3ng Nh\u1ef1a Gi\u1ea3 G\u1ed7\" \/>\n<meta property=\"og:description\" content=\"Tr\u1ea7n Th\u1ecb - chuy\u00ean cung c\u1ea5p lam s\u00f3ng nh\u1ef1a gi\u1ea3 g\u1ed7 gi\u00e1 r\u1ebb t\u1ea1i \u0110\u00e0 N\u1eb5ng, s\u1ea3n ph\u1ea9m trang tr\u00ed n\u1ed9i th\u1ea5t kh\u00e1ng n\u01b0\u1edbc, ,m\u1ed1i m\u1ecdt b\u1ec1n \u0111\u1eb9p\" \/>\n<meta property=\"og:url\" content=\"https:\/\/tranthi.vn\/quangnam\/lam-song-nhua-gia-go-tai-da-nang\/\" \/>\n<meta property=\"og:site_name\" content=\"V\u1eadt Li\u1ec7u X\u00e2y D\u1ef1ng Tr\u1ea7n Th\u1ecb Chi Nh\u00e1nh Qu\u1ea3ng Nam\" \/>\n<meta property=\"article:modified_time\" content=\"2023-04-26T02:52:02+00:00\" \/>\n<meta property=\"og:image\" content=\"https:\/\/tranthi.vn\/quangnam\/wp-content\/uploads\/2023\/02\/lam-song-nhua-gia-go-tai-da-nang.jpg\" \/>\n\t<meta property=\"og:image:width\" content=\"1920\" \/>\n\t<meta property=\"og:image:height\" content=\"2560\" \/>\n\t<meta property=\"og:image:type\" content=\"image\/jpeg\" \/>\n<meta name=\"twitter:card\" content=\"summary_large_image\" \/>\n<meta name=\"twitter:label1\" content=\"Gi\u00e1\" \/>\n\t<meta name=\"twitter:data1\" content=\"\" \/>\n\t<meta name=\"twitter:label2\" content=\"Kh\u1ea3 d\u1ee5ng\" \/>\n\t<meta name=\"twitter:data2\" content=\"Trong kho\" \/>\n<script type=\"application\/ld+json\" class=\"yoast-schema-graph\">{\"@context\":\"https:\/\/schema.org\",\"@graph\":[{\"@type\":[\"WebPage\",\"ItemPage\"],\"@id\":\"https:\/\/tranthi.vn\/quangnam\/lam-song-nhua-gia-go-tai-da-nang\/\",\"url\":\"https:\/\/tranthi.vn\/quangnam\/lam-song-nhua-gia-go-tai-da-nang\/\",\"name\":\"Lam s\u00f3ng nh\u1ef1a gi\u1ea3 g\u1ed7 t\u1ea1i \u0110\u00e0 N\u1eb5ng\",\"isPartOf\":{\"@id\":\"https:\/\/tranthi.vn\/quangnam\/#website\"},\"primaryImageOfPage\":{\"@id\":\"https:\/\/tranthi.vn\/quangnam\/lam-song-nhua-gia-go-tai-da-nang\/#primaryimage\"},\"image\":{\"@id\":\"https:\/\/tranthi.vn\/quangnam\/lam-song-nhua-gia-go-tai-da-nang\/#primaryimage\"},\"thumbnailUrl\":\"https:\/\/tranthi.vn\/quangnam\/wp-content\/uploads\/2023\/02\/lam-song-nhua-gia-go-tai-da-nang.jpg\",\"datePublished\":\"2023-02-11T07:17:44+00:00\",\"dateModified\":\"2023-04-26T02:52:02+00:00\",\"description\":\"Tr\u1ea7n Th\u1ecb - chuy\u00ean cung c\u1ea5p lam s\u00f3ng nh\u1ef1a gi\u1ea3 g\u1ed7 gi\u00e1 r\u1ebb t\u1ea1i \u0110\u00e0 N\u1eb5ng, s\u1ea3n ph\u1ea9m trang tr\u00ed n\u1ed9i th\u1ea5t kh\u00e1ng n\u01b0\u1edbc, ,m\u1ed1i m\u1ecdt b\u1ec1n \u0111\u1eb9p\",\"breadcrumb\":{\"@id\":\"https:\/\/tranthi.vn\/quangnam\/lam-song-nhua-gia-go-tai-da-nang\/#breadcrumb\"},\"inLanguage\":\"vi\",\"potentialAction\":[{\"@type\":\"ReadAction\",\"target\":[\"https:\/\/tranthi.vn\/quangnam\/lam-song-nhua-gia-go-tai-da-nang\/\"]}]},{\"@type\":\"ImageObject\",\"inLanguage\":\"vi\",\"@id\":\"https:\/\/tranthi.vn\/quangnam\/lam-song-nhua-gia-go-tai-da-nang\/#primaryimage\",\"url\":\"https:\/\/tranthi.vn\/quangnam\/wp-content\/uploads\/2023\/02\/lam-song-nhua-gia-go-tai-da-nang.jpg\",\"contentUrl\":\"https:\/\/tranthi.vn\/quangnam\/wp-content\/uploads\/2023\/02\/lam-song-nhua-gia-go-tai-da-nang.jpg\",\"width\":1920,\"height\":2560,\"caption\":\"lam s\u00f3ng nh\u1ef1a gi\u1ea3 g\u1ed7 t\u1ea1i \u0111\u00e0 n\u1eb5ng\"},{\"@type\":\"BreadcrumbList\",\"@id\":\"https:\/\/tranthi.vn\/quangnam\/lam-song-nhua-gia-go-tai-da-nang\/#breadcrumb\",\"itemListElement\":[{\"@type\":\"ListItem\",\"position\":1,\"name\":\"Trang ch\u1ee7\",\"item\":\"https:\/\/tranthi.vn\/quangnam\/\"},{\"@type\":\"ListItem\",\"position\":2,\"name\":\"Shop\",\"item\":\"https:\/\/tranthi.vn\/quangnam\/shop\/\"},{\"@type\":\"ListItem\",\"position\":3,\"name\":\"Lam S\u00f3ng Nh\u1ef1a Gi\u1ea3 G\u1ed7\"}]},{\"@type\":\"WebSite\",\"@id\":\"https:\/\/tranthi.vn\/quangnam\/#website\",\"url\":\"https:\/\/tranthi.vn\/quangnam\/\",\"name\":\"V\u1eadt Li\u1ec7u X\u00e2y D\u1ef1ng Tr\u1ea7n Th\u1ecb Chi Nh\u00e1nh Qu\u1ea3ng Nam\",\"description\":\"V\u1eadt Li\u1ec7u X\u00e2y D\u1ef1ng - Qu\u1ea3ng Nam\",\"potentialAction\":[{\"@type\":\"SearchAction\",\"target\":{\"@type\":\"EntryPoint\",\"urlTemplate\":\"https:\/\/tranthi.vn\/quangnam\/?s={search_term_string}\"},\"query-input\":\"required name=search_term_string\"}],\"inLanguage\":\"vi\"},{\"@type\":\"ImageObject\",\"inLanguage\":\"vi\",\"@id\":\"https:\/\/tranthi.vn\/quangnam\/lam-song-nhua-gia-go-tai-da-nang\/#local-main-organization-logo\",\"url\":\"\",\"contentUrl\":\"\",\"caption\":\"V\u1eadt Li\u1ec7u X\u00e2y D\u1ef1ng Tr\u1ea7n Th\u1ecb Chi Nh\u00e1nh Qu\u1ea3ng Nam\"}]}<\/script>\n<meta property=\"product:price:amount\" content=\"0\" \/>\n<meta property=\"product:price:currency\" content=\"VND\" \/>\n<meta property=\"og:availability\" content=\"instock\" \/>\n<meta property=\"product:availability\" content=\"instock\" \/>\n<meta property=\"product:condition\" content=\"new\" \/>\n<!-- \/ Yoast SEO Premium plugin. -->","yoast_head_json":{"title":"Lam s\u00f3ng nh\u1ef1a gi\u1ea3 g\u1ed7 t\u1ea1i \u0110\u00e0 N\u1eb5ng","description":"Tr\u1ea7n Th\u1ecb - chuy\u00ean cung c\u1ea5p lam s\u00f3ng nh\u1ef1a gi\u1ea3 g\u1ed7 gi\u00e1 r\u1ebb t\u1ea1i \u0110\u00e0 N\u1eb5ng, s\u1ea3n ph\u1ea9m trang tr\u00ed n\u1ed9i th\u1ea5t kh\u00e1ng n\u01b0\u1edbc, ,m\u1ed1i m\u1ecdt b\u1ec1n \u0111\u1eb9p","robots":{"index":"index","follow":"follow","max-snippet":"max-snippet:-1","max-image-preview":"max-image-preview:large","max-video-preview":"max-video-preview:-1"},"canonical":"https:\/\/tranthi.vn\/quangnam\/lam-song-nhua-gia-go-tai-da-nang\/","og_locale":"vi_VN","og_type":"article","og_title":"Lam S\u00f3ng Nh\u1ef1a Gi\u1ea3 G\u1ed7","og_description":"Tr\u1ea7n Th\u1ecb - chuy\u00ean cung c\u1ea5p lam s\u00f3ng nh\u1ef1a gi\u1ea3 g\u1ed7 gi\u00e1 r\u1ebb t\u1ea1i \u0110\u00e0 N\u1eb5ng, s\u1ea3n ph\u1ea9m trang tr\u00ed n\u1ed9i th\u1ea5t kh\u00e1ng n\u01b0\u1edbc, ,m\u1ed1i m\u1ecdt b\u1ec1n \u0111\u1eb9p","og_url":"https:\/\/tranthi.vn\/quangnam\/lam-song-nhua-gia-go-tai-da-nang\/","og_site_name":"V\u1eadt Li\u1ec7u X\u00e2y D\u1ef1ng Tr\u1ea7n Th\u1ecb Chi Nh\u00e1nh Qu\u1ea3ng Nam","article_modified_time":"2023-04-26T02:52:02+00:00","og_image":[{"width":1920,"height":2560,"url":"https:\/\/tranthi.vn\/quangnam\/wp-content\/uploads\/2023\/02\/lam-song-nhua-gia-go-tai-da-nang.jpg","type":"image\/jpeg"}],"twitter_card":"summary_large_image","twitter_misc":{"Gi\u00e1":"","Kh\u1ea3 d\u1ee5ng":"Trong kho"},"schema":{"@context":"https:\/\/schema.org","@graph":[{"@type":["WebPage","ItemPage"],"@id":"https:\/\/tranthi.vn\/quangnam\/lam-song-nhua-gia-go-tai-da-nang\/","url":"https:\/\/tranthi.vn\/quangnam\/lam-song-nhua-gia-go-tai-da-nang\/","name":"Lam s\u00f3ng nh\u1ef1a gi\u1ea3 g\u1ed7 t\u1ea1i \u0110\u00e0 N\u1eb5ng","isPartOf":{"@id":"https:\/\/tranthi.vn\/quangnam\/#website"},"primaryImageOfPage":{"@id":"https:\/\/tranthi.vn\/quangnam\/lam-song-nhua-gia-go-tai-da-nang\/#primaryimage"},"image":{"@id":"https:\/\/tranthi.vn\/quangnam\/lam-song-nhua-gia-go-tai-da-nang\/#primaryimage"},"thumbnailUrl":"https:\/\/tranthi.vn\/quangnam\/wp-content\/uploads\/2023\/02\/lam-song-nhua-gia-go-tai-da-nang.jpg","datePublished":"2023-02-11T07:17:44+00:00","dateModified":"2023-04-26T02:52:02+00:00","description":"Tr\u1ea7n Th\u1ecb - chuy\u00ean cung c\u1ea5p lam s\u00f3ng nh\u1ef1a gi\u1ea3 g\u1ed7 gi\u00e1 r\u1ebb t\u1ea1i \u0110\u00e0 N\u1eb5ng, s\u1ea3n ph\u1ea9m trang tr\u00ed n\u1ed9i th\u1ea5t kh\u00e1ng n\u01b0\u1edbc, ,m\u1ed1i m\u1ecdt b\u1ec1n \u0111\u1eb9p","breadcrumb":{"@id":"https:\/\/tranthi.vn\/quangnam\/lam-song-nhua-gia-go-tai-da-nang\/#breadcrumb"},"inLanguage":"vi","potentialAction":[{"@type":"ReadAction","target":["https:\/\/tranthi.vn\/quangnam\/lam-song-nhua-gia-go-tai-da-nang\/"]}]},{"@type":"ImageObject","inLanguage":"vi","@id":"https:\/\/tranthi.vn\/quangnam\/lam-song-nhua-gia-go-tai-da-nang\/#primaryimage","url":"https:\/\/tranthi.vn\/quangnam\/wp-content\/uploads\/2023\/02\/lam-song-nhua-gia-go-tai-da-nang.jpg","contentUrl":"https:\/\/tranthi.vn\/quangnam\/wp-content\/uploads\/2023\/02\/lam-song-nhua-gia-go-tai-da-nang.jpg","width":1920,"height":2560,"caption":"lam s\u00f3ng nh\u1ef1a gi\u1ea3 g\u1ed7 t\u1ea1i \u0111\u00e0 n\u1eb5ng"},{"@type":"BreadcrumbList","@id":"https:\/\/tranthi.vn\/quangnam\/lam-song-nhua-gia-go-tai-da-nang\/#breadcrumb","itemListElement":[{"@type":"ListItem","position":1,"name":"Trang ch\u1ee7","item":"https:\/\/tranthi.vn\/quangnam\/"},{"@type":"ListItem","position":2,"name":"Shop","item":"https:\/\/tranthi.vn\/quangnam\/shop\/"},{"@type":"ListItem","position":3,"name":"Lam S\u00f3ng Nh\u1ef1a Gi\u1ea3 G\u1ed7"}]},{"@type":"WebSite","@id":"https:\/\/tranthi.vn\/quangnam\/#website","url":"https:\/\/tranthi.vn\/quangnam\/","name":"V\u1eadt Li\u1ec7u X\u00e2y D\u1ef1ng Tr\u1ea7n Th\u1ecb Chi Nh\u00e1nh Qu\u1ea3ng Nam","description":"V\u1eadt Li\u1ec7u X\u00e2y D\u1ef1ng - Qu\u1ea3ng Nam","potentialAction":[{"@type":"SearchAction","target":{"@type":"EntryPoint","urlTemplate":"https:\/\/tranthi.vn\/quangnam\/?s={search_term_string}"},"query-input":"required name=search_term_string"}],"inLanguage":"vi"},{"@type":"ImageObject","inLanguage":"vi","@id":"https:\/\/tranthi.vn\/quangnam\/lam-song-nhua-gia-go-tai-da-nang\/#local-main-organization-logo","url":"","contentUrl":"","caption":"V\u1eadt Li\u1ec7u X\u00e2y D\u1ef1ng Tr\u1ea7n Th\u1ecb Chi Nh\u00e1nh Qu\u1ea3ng Nam"}]},"product_price_currency":"VND","og_availability":"instock","product_availability":"instock","product_condition":"new"},"_links":{"self":[{"href":"https:\/\/tranthi.vn\/quangnam\/wp-json\/wp\/v2\/product\/4589","targetHints":{"allow":["GET"]}}],"collection":[{"href":"https:\/\/tranthi.vn\/quangnam\/wp-json\/wp\/v2\/product"}],"about":[{"href":"https:\/\/tranthi.vn\/quangnam\/wp-json\/wp\/v2\/types\/product"}],"replies":[{"embeddable":true,"href":"https:\/\/tranthi.vn\/quangnam\/wp-json\/wp\/v2\/comments?post=4589"}],"wp:featuredmedia":[{"embeddable":true,"href":"https:\/\/tranthi.vn\/quangnam\/wp-json\/wp\/v2\/media\/4754"}],"wp:attachment":[{"href":"https:\/\/tranthi.vn\/quangnam\/wp-json\/wp\/v2\/media?parent=4589"}],"wp:term":[{"taxonomy":"product_cat","embeddable":true,"href":"https:\/\/tranthi.vn\/quangnam\/wp-json\/wp\/v2\/product_cat?post=4589"},{"taxonomy":"product_tag","embeddable":true,"href":"https:\/\/tranthi.vn\/quangnam\/wp-json\/wp\/v2\/product_tag?post=4589"}],"curies":[{"name":"wp","href":"https:\/\/api.w.org\/{rel}","templated":true}]}}