{"id":4583,"date":"2023-02-09T16:55:56","date_gmt":"2023-02-09T09:55:56","guid":{"rendered":"https:\/\/tranthi.vn\/quangnam\/?post_type=product&#038;p=4583"},"modified":"2024-04-09T13:50:28","modified_gmt":"2024-04-09T06:50:28","slug":"lavabo-de-ban-218","status":"publish","type":"product","link":"https:\/\/tranthi.vn\/quangnam\/lavabo-de-ban-218\/","title":{"rendered":"Lavabo \u0111\u1ec3 b\u00e0n LB01-T\u0110P"},"content":{"rendered":"<p style=\"text-align: center;\"><a href=\"http:\/\/tranthi.vn\/quangnam\/lavabo-tron-nho-voi-cam-chau-m450\/\"><span style=\"color: #ff0000;\"><strong><span style=\"font-family: 'times new roman', times, serif; font-size: 14pt;\">LAVABO TR\u1eaeNG S\u1ee8 \u0110\u1ec2 B\u00c0N T\u1ea0I \u0110\u00c0 N\u1eb4NG<\/span><\/strong><\/span><\/a><\/p>\n<p><span style=\"color: #000000; font-family: times new roman, times, serif;\"><span style=\"font-size: 18.6667px;\"><strong><em>Lavabo tr\u1eafng s\u1ee9 \u0111\u1eb7t b\u00e0n<\/em><\/strong> \u0111ang r\u1ea5t \u0111\u01b0\u1ee3c th\u1ecbnh t\u1ea1i th\u1ecb tr\u01b0\u1eddng <a href=\"https:\/\/vi.wikipedia.org\/wiki\/%C4%90%C3%A0_N%E1%BA%B5ng\"><strong><em>\u0110\u00e0 N\u1eb5ng<\/em><\/strong><\/a>, nh\u1edd v\u00e0o m\u1eabu m\u00e3 k\u00edch th\u01b0\u1edbc \u0111a d\u1ea1ng, <a href=\"https:\/\/vi.wikipedia.org\/wiki\/Gi%C3%A1_c%E1%BA%A3#:~:text=Gi%C3%A1%20c%E1%BA%A3%20l%C3%A0%20bi%E1%BB%83u%20hi%E1%BB%87n,m%E1%BB%99t%20t%C3%A0i%20s%E1%BA%A3n%20n%C3%A0o%20%C4%91%C3%B3.\">gi\u00e1<\/a> c\u1ea3 h\u1ee3p l\u00fd. Lavabo \u0111\u1ec3 b\u00e0n mang \u0111\u1ebfn m\u1ed9t kh\u00f4ng gian sang tr\u1ecdng v\u00e0 g\u1ecdn g\u00e0ng cho c\u0103n ph\u00f2ng t\u1eafm nh\u00e0 b\u1ea1n<\/span><\/span><\/p>\n<p><span style=\"font-family: 'times new roman', times, serif; font-size: 14pt; color: #000000;\">Tr\u1ea7n Th\u1ecb s\u1ebd gi\u1edbi thi\u1ec7u \u0111\u1ebfn kh\u00e1ch h\u00e0ng m\u1eabu lavabo \u0111\u1ec3 b\u00e0n v\u00e0 c\u00e1ch l\u1eafp \u0111\u1eb7t \u0111\u00fang k\u1ef9 thu\u1eadt nh\u1ea5t<\/span><\/p>\n<h2><span style=\"color: #ff0000;\"><strong><span style=\"font-family: 'times new roman', times, serif; font-size: 14pt;\">1. GI\u1edaI THI\u1ec6U V\u1ec0 LAVABO \u0110\u1ec2 B\u00c0N<\/span><\/strong><\/span><\/h2>\n<p><span style=\"font-family: 'times new roman', times, serif; font-size: 14pt; color: #000000;\"><em><strong>Lavabo \u0111\u1ec3 b\u00e0n<\/strong><\/em> l\u00e0 lo\u1ea1i lavabo \u0111\u01b0\u1ee3c thi\u1ebft k\u1ebf \u0111\u1ec3 n\u1ed5i tr\u00ean b\u1ec1 m\u1eb7t b\u00e0n, to\u00e0n b\u1ed9 ph\u1ea7n th\u00e2n v\u00e0 ph\u1ea7n \u0111\u1ebf \u0111\u1ec1u \u0111\u01b0\u1ee3c nh\u00ecn th\u1ea5y tr\u1ef1c ti\u1ebfp. Ph\u00eda d\u01b0\u1edbi b\u1ea1n c\u00f3 th\u1ec3 x\u00e2y b\u00e0n \u0111\u00e1 ho\u1eb7c t\u1ee7 nh\u1ef1a&#8230; \u0111\u1ec3 n\u00e2ng \u0111\u1ee1<\/span><\/p>\n<p><span style=\"font-family: 'times new roman', times, serif; font-size: 14pt; color: #000000;\">Lavabo \u0111\u1ec3 b\u00e0n g\u1ed3m nh\u1eefng lo\u1ea1i c\u01a1 b\u1ea3n sau:<\/span><\/p>\n<ul>\n<li><span style=\"font-family: 'times new roman', times, serif; font-size: 14pt; color: #000000;\">Lavabo tr\u1eafng s\u1ee9<\/span><\/li>\n<li><span style=\"font-family: 'times new roman', times, serif; font-size: 14pt; color: #000000;\">Lavabo \u0111\u00e1 t\u1ef1 nhi\u00ean<\/span><\/li>\n<li><span style=\"font-family: 'times new roman', times, serif; font-size: 14pt; color: #000000;\">Lavabo \u0111\u00e1 m\u00e0i<\/span><\/li>\n<\/ul>\n<h2><span style=\"color: #ff0000;\"><strong><span style=\"font-family: 'times new roman', times, serif; font-size: 14pt;\"><img loading=\"lazy\" decoding=\"async\" class=\"wp-image-2871 aligncenter\" src=\"https:\/\/tranthi.vn\/quangnam\/wp-content\/uploads\/2021\/02\/lavabo-de-ban-tai-da-nang_optimized.jpg\" alt=\"lavabo-de-ban-tai-da-nang_optimized\" width=\"329\" height=\"352\" \/><\/span><\/strong><\/span><\/h2>\n<p style=\"text-align: center;\"><span style=\"font-family: 'times new roman', times, serif; font-size: 14pt; color: #008000;\"><em><strong>Lavabo \u0111\u01b0\u1ee3c \u0111\u1eb7t n\u1ed5i ho\u00e0n to\u00e0n tr\u00ean m\u1eb7t b\u00e0n<\/strong><\/em><\/span><\/p>\n<h2><span style=\"color: #ff0000;\"><strong><span style=\"font-family: 'times new roman', times, serif; font-size: 14pt;\">2. \u01afU &#8211; NH\u01af\u1ee2C \u0110I\u1ec2M C\u1ee6A LAVABO \u0110\u1ec2 B\u00c0N<\/span><\/strong><\/span><\/h2>\n<h3><strong><span style=\"font-family: 'times new roman', times, serif; font-size: 14pt; color: #000000;\">\u01afu \u0111i\u1ec3m:\u00a0<\/span><\/strong><\/h3>\n<p><span style=\"font-family: 'times new roman', times, serif; font-size: 14pt; color: #000000;\"><strong><em>Lavabo<\/em><\/strong> \u0111\u01b0\u1ee3c thi\u1ebft k\u1ebf c\u00f3 ph\u1ea7n t\u1ee7 ph\u00eda d\u01b0\u1edbi ti\u1ec7n l\u1ee3i \u0111\u1ec3 \u0111\u1ef1ng nh\u1eefng v\u1eadt d\u1ee5ng ph\u00f2ng t\u1eafm. Ph\u1ea7n t\u1ee7 ph\u00eda d\u01b0\u1edbi gi\u00fap kh\u00f4ng gian ph\u00f2ng tr\u00f4ng g\u1ecdn g\u00e0ng v\u00e0 sang tr\u1ecdng h\u01a1n r\u1ea5t nhi\u1ec1u<\/span><\/p>\n<h3><strong><span style=\"font-family: 'times new roman', times, serif; font-size: 14pt; color: #000000;\"><img loading=\"lazy\" decoding=\"async\" class=\"alignnone size-full wp-image-2870 aligncenter\" src=\"https:\/\/tranthi.vn\/quangnam\/wp-content\/uploads\/2021\/02\/lavabo-de-ban-gia-re-tai-da-nang_optimized.jpg\" alt=\"lavabo-de-ban-gia-re-tai-da-nang_optimized\" width=\"400\" height=\"400\" srcset=\"https:\/\/tranthi.vn\/quangnam\/wp-content\/uploads\/2021\/02\/lavabo-de-ban-gia-re-tai-da-nang_optimized.jpg 400w, https:\/\/tranthi.vn\/quangnam\/wp-content\/uploads\/2021\/02\/lavabo-de-ban-gia-re-tai-da-nang_optimized-100x100.jpg 100w\" sizes=\"auto, (max-width: 400px) 100vw, 400px\" \/><\/span><\/strong><\/h3>\n<p style=\"text-align: center;\"><strong><em><span style=\"font-family: 'times new roman', times, serif; font-size: 14pt; color: #008000;\">Thi\u1ebft k\u1ebf b\u00e0n \u0111\u1ec3 lavabo t\u00f9y \u00fd sao cho ti\u1ebft ki\u1ec7m di\u1ec7n t\u00edch v\u00e0 ph\u00f9 h\u1ee3p nh\u1ea5t<\/span><\/em><\/strong><\/p>\n<h3><strong><span style=\"font-family: 'times new roman', times, serif; font-size: 14pt; color: #000000;\">Nh\u01b0\u1ee3c \u0111i\u1ec3m<\/span><\/strong><\/h3>\n<p><span style=\"font-family: 'times new roman', times, serif; font-size: 14pt; color: #000000;\">\u0110\u1ed1i v\u1edbi nh\u1eefng ph\u00f2ng v\u1ec7 sinh c\u00f3 kh\u00f4ng gian h\u1eb9p th\u00ec s\u1eed d\u1ee5ng <strong><em>lavabo \u0111\u1ec3 b\u00e0n<\/em><\/strong> kh\u00e1 chi\u1ebfm di\u1ec7n t\u00edch. Chi\u1ebfm th\u00eam nhi\u1ec1u di\u1ec7n t\u00edch s\u1ebd khi\u1ebfn kh\u00f4ng gian ph\u00f2ng c\u00e0ng h\u1eb9p h\u01a1n<\/span><\/p>\n<h2><span style=\"color: #ff0000;\"><strong><span style=\"font-family: 'times new roman', times, serif; font-size: 14pt;\">3. H\u01af\u1edaNG D\u1eaaN L\u1eaeP \u0110\u1eb6T LAVABO TR\u1eaeNG S\u1ee8 \u0110\u1ec2 B\u00c0N<\/span><\/strong><\/span><\/h2>\n<p style=\"font-weight: 400;\"><span style=\"font-family: 'times new roman', times, serif; font-size: 14pt; color: #000000;\"><b><strong><i><em>B\u01b0\u1edbc 1:<\/em><\/i><\/strong><\/b>\u00a0C\u1eaft khu\u00f4n m\u1eabu\u00a0Lavabo\u00a0c\u1ea7n l\u1eafp \u0111\u1eb7t.<\/span><\/p>\n<p style=\"font-weight: 400;\"><span style=\"font-family: 'times new roman', times, serif; font-size: 14pt; color: #000000;\"><i><em><b><strong>B\u01b0\u1edbc 2:<\/strong><\/b><\/em><\/i>\u00a0\u0110\u1eb7t khu\u00f4n m\u1eabu l\u00ean m\u1eb7t b\u00e0n \u0111\u00e1 v\u00e0 l\u1ea5y d\u1ea5u.<\/span><\/p>\n<p style=\"font-weight: 400;\"><span style=\"font-family: 'times new roman', times, serif; font-size: 14pt; color: #000000;\"><b><strong><i><em><img loading=\"lazy\" decoding=\"async\" class=\"alignnone size-full wp-image-2869 aligncenter\" src=\"https:\/\/tranthi.vn\/quangnam\/wp-content\/uploads\/2021\/02\/cach-lap-lavabo-de-ban-tai-da-nang_optimized.jpg\" alt=\"cach-lap-lavabo-de-ban-tai-da-nang_optimized\" width=\"400\" height=\"400\" srcset=\"https:\/\/tranthi.vn\/quangnam\/wp-content\/uploads\/2021\/02\/cach-lap-lavabo-de-ban-tai-da-nang_optimized.jpg 400w, https:\/\/tranthi.vn\/quangnam\/wp-content\/uploads\/2021\/02\/cach-lap-lavabo-de-ban-tai-da-nang_optimized-100x100.jpg 100w\" sizes=\"auto, (max-width: 400px) 100vw, 400px\" \/><\/em><\/i><\/strong><\/b><\/span><\/p>\n<p style=\"font-weight: 400;\"><span style=\"font-family: 'times new roman', times, serif; font-size: 14pt; color: #000000;\"><b><strong><i><em>B\u01b0\u1edbc 3:<\/em><\/i><\/strong><\/b>\u00a0C\u1eaft b\u00e0n \u0111\u00e1 v\u00e0 khoan l\u1ed7.<\/span><\/p>\n<p style=\"font-weight: 400;\"><span style=\"font-family: 'times new roman', times, serif; font-size: 14pt; color: #000000;\"><b><strong><i><em>B\u01b0\u1edbc 4:<\/em><\/i><\/strong><\/b>\u00a0L\u1eafp v\u00f2i v\u00e0o \u1ed1ng x\u00e3.<\/span><\/p>\n<p style=\"font-weight: 400;\"><span style=\"font-family: 'times new roman', times, serif; font-size: 14pt; color: #000000;\"><b><strong><i><em>B\u01b0\u1edbc 5:<\/em><\/i><\/strong><\/b>\u00a0L\u1eafp m\u00f3c v\u00e0 c\u1ed1 \u0111\u1ecbnh l\u00ean b\u00e0n.<\/span><\/p>\n<p style=\"font-weight: 400;\"><span style=\"font-family: 'times new roman', times, serif; font-size: 14pt; color: #000000;\"><b><strong><i><em>B\u01b0\u1edbc 6:<\/em><\/i><\/strong><\/b>\u00a0L\u1eafp v\u00f2i l\u00ean b\u00e0n \u0111\u00e1.<\/span><\/p>\n<p style=\"font-weight: 400;\"><span style=\"font-family: 'times new roman', times, serif; font-size: 14pt; color: #000000;\"><b><strong><i><em>B\u01b0\u1edbc 7:<\/em><\/i><\/strong><\/b>\u00a0L\u1eafp d\u00e2y c\u1ea5p n\u01b0\u1edbc v\u00e0 \u1ed1ng x\u00e3.<\/span><\/p>\n<p style=\"text-align: center;\"><iframe loading=\"lazy\" src=\"\/\/www.youtube.com\/embed\/yL7SWzaIxK8\" width=\"560\" height=\"314\" allowfullscreen=\"allowfullscreen\" data-mce-fragment=\"1\"><\/iframe><\/p>\n<p>&nbsp;<\/p>\n<p><span style=\"font-family: 'times new roman', times, serif; font-size: 14pt; color: #000000;\">Video h\u01b0\u1edbng d\u1eabn l\u1eafp \u0111\u1eb7t <strong><em>lavabo \u0111\u1ec3 b\u00e0n<\/em><\/strong>, b\u1ea1n c\u00f3 th\u1ec3 tham kh\u1ea3o c\u00e1ch l\u1eafp \u0111\u1eb7t, canh v\u1ecb tr\u00ed, c\u1eaft m\u1eb7t \u0111\u00e1&#8230;.. ph\u1ea7n khung b\u1ea1n c\u00f3 th\u1ec3 s\u1eed d\u1ee5ng khung s\u1eaft hay inox t\u00f9y \u00fd, s\u1eed d\u1ee5ng b\u00e0n nh\u1ef1a ho\u1eb7c b\u00e0n x\u00e2y t\u00f9y nhu c\u1ea7u kinh t\u1ebf c\u1ee7a m\u00ecnh<\/span><\/p>\n<p>&nbsp;<\/p>\n","protected":false},"excerpt":{"rendered":"<p><span style=\"font-family: 'times new roman', times, serif; font-size: 130%; color: #000000;\"><img decoding=\"async\" class=\"emoji\" draggable=\"false\" src=\"https:\/\/s.w.org\/images\/core\/emoji\/12.0.0-1\/svg\/1f61b.svg\" alt=\"\ud83d\ude1b\" \/>\u00a0\u0110\u01a1n v\u1ecb t\u00ednh: C\u00e1i\u00a0<\/span><\/p>\n<p><span style=\"font-family: 'times new roman', times, serif; font-size: 130%; color: #000000;\"><img decoding=\"async\" class=\"emoji\" draggable=\"false\" src=\"https:\/\/s.w.org\/images\/core\/emoji\/12.0.0-1\/svg\/1f61b.svg\" alt=\"\ud83d\ude1b\" \/>\u00a0K\u00edch th\u01b0\u1edbc: 480x370x130mm<\/span><\/p>\n<p><span style=\"font-family: 'times new roman', times, serif; font-size: 130%; color: #000000;\"><img decoding=\"async\" class=\"emoji\" draggable=\"false\" src=\"https:\/\/s.w.org\/images\/core\/emoji\/12.0.0-1\/svg\/1f61b.svg\" alt=\"\ud83d\ude1b\" \/>\u00a0\u0110\u01a1n gi\u00e1:<span style=\"color: #ff0000;\"><strong> 650.000\u0111\/c\u00e1i<\/strong><\/span><\/span><\/p>\n<p><span style=\"font-family: 'times new roman', times, serif; font-size: 130%; color: #000000;\"><em><span style=\"color: #ff0000;\">\u00a0<\/span>( kh\u00f4ng k\u00e8m b\u1ed9 x\u1ea3, v\u00f2i lavabo v\u00e0 b\u00e0n \u0111\u00e1 )<\/em><\/span><\/p>\n<p><span style=\"font-family: 'times new roman', times, serif; font-size: 130%;\"><img decoding=\"async\" class=\"emoji\" draggable=\"false\" src=\"https:\/\/s.w.org\/images\/core\/emoji\/12.0.0-1\/svg\/1f61b.svg\" alt=\"\ud83d\ude1b\" \/><span style=\"color: #000000;\">\u00a0Giao h\u00e0ng trong \u0111\u1ecba b\u00e0n\u00a0<span style=\"color: #008000;\"><em><a style=\"color: #008000;\" href=\"https:\/\/fr.wikipedia.org\/wiki\/Da_Nang\"><strong>\u0110\u00e0 N\u1eb5ng<\/strong><\/a><\/em><\/span><\/span><\/span><\/p>\n","protected":false},"featured_media":4584,"comment_status":"closed","ping_status":"closed","template":"","meta":[],"product_cat":[184,274],"product_tag":[],"class_list":{"0":"post-4583","1":"product","2":"type-product","3":"status-publish","4":"has-post-thumbnail","6":"product_cat-lavabo-gia-re-tai-da-nang","7":"product_cat-lavabo-trang-su-de-ban","9":"first","10":"instock","11":"sale","12":"shipping-taxable","13":"purchasable","14":"product-type-simple"},"yoast_head":"<!-- This site is optimized with the Yoast SEO Premium plugin v22.3 (Yoast SEO v22.8) - https:\/\/yoast.com\/wordpress\/plugins\/seo\/ -->\n<title>Lavabo \u0111\u1ec3 b\u00e0n LB01-T\u0110P - V\u1eadt Li\u1ec7u X\u00e2y D\u1ef1ng Tr\u1ea7n Th\u1ecb Chi Nh\u00e1nh Qu\u1ea3ng Nam<\/title>\n<meta name=\"robots\" content=\"index, follow, max-snippet:-1, max-image-preview:large, max-video-preview:-1\" \/>\n<link rel=\"canonical\" href=\"https:\/\/tranthi.vn\/quangnam\/lavabo-de-ban-218\/\" \/>\n<meta property=\"og:locale\" content=\"vi_VN\" \/>\n<meta property=\"og:type\" content=\"article\" \/>\n<meta property=\"og:title\" content=\"Lavabo \u0111\u1ec3 b\u00e0n LB01-T\u0110P\" \/>\n<meta property=\"og:description\" content=\"\u00a0\u0110\u01a1n v\u1ecb t\u00ednh: C\u00e1i\u00a0  \u00a0K\u00edch th\u01b0\u1edbc: 480x370x130mm  \u00a0\u0110\u01a1n gi\u00e1: 650.000\u0111\/c\u00e1i  \u00a0( kh\u00f4ng k\u00e8m b\u1ed9 x\u1ea3, v\u00f2i lavabo v\u00e0 b\u00e0n \u0111\u00e1 )  \u00a0Giao h\u00e0ng trong \u0111\u1ecba b\u00e0n\u00a0\u0110\u00e0 N\u1eb5ng\" \/>\n<meta property=\"og:url\" content=\"https:\/\/tranthi.vn\/quangnam\/lavabo-de-ban-218\/\" \/>\n<meta property=\"og:site_name\" content=\"V\u1eadt Li\u1ec7u X\u00e2y D\u1ef1ng Tr\u1ea7n Th\u1ecb Chi Nh\u00e1nh Qu\u1ea3ng Nam\" \/>\n<meta property=\"article:modified_time\" content=\"2024-04-09T06:50:28+00:00\" \/>\n<meta property=\"og:image\" content=\"https:\/\/tranthi.vn\/quangnam\/wp-content\/uploads\/2023\/02\/gia-lavabo-de-ban-trang-su-vuong-tai-da-nang_optimized-copy_optimized.jpg\" \/>\n\t<meta property=\"og:image:width\" content=\"400\" \/>\n\t<meta property=\"og:image:height\" content=\"400\" \/>\n\t<meta property=\"og:image:type\" content=\"image\/jpeg\" \/>\n<meta name=\"twitter:card\" content=\"summary_large_image\" \/>\n<meta name=\"twitter:label1\" content=\"Gi\u00e1\" \/>\n\t<meta name=\"twitter:data1\" content=\"650,000&nbsp;&#8363;\" \/>\n\t<meta name=\"twitter:label2\" content=\"Kh\u1ea3 d\u1ee5ng\" \/>\n\t<meta name=\"twitter:data2\" content=\"Trong kho\" \/>\n<script type=\"application\/ld+json\" class=\"yoast-schema-graph\">{\"@context\":\"https:\/\/schema.org\",\"@graph\":[{\"@type\":[\"WebPage\",\"ItemPage\"],\"@id\":\"https:\/\/tranthi.vn\/quangnam\/lavabo-de-ban-218\/\",\"url\":\"https:\/\/tranthi.vn\/quangnam\/lavabo-de-ban-218\/\",\"name\":\"Lavabo \u0111\u1ec3 b\u00e0n LB01-T\u0110P - V\u1eadt Li\u1ec7u X\u00e2y D\u1ef1ng Tr\u1ea7n Th\u1ecb Chi Nh\u00e1nh Qu\u1ea3ng Nam\",\"isPartOf\":{\"@id\":\"https:\/\/tranthi.vn\/quangnam\/#website\"},\"primaryImageOfPage\":{\"@id\":\"https:\/\/tranthi.vn\/quangnam\/lavabo-de-ban-218\/#primaryimage\"},\"image\":{\"@id\":\"https:\/\/tranthi.vn\/quangnam\/lavabo-de-ban-218\/#primaryimage\"},\"thumbnailUrl\":\"https:\/\/tranthi.vn\/quangnam\/wp-content\/uploads\/2023\/02\/gia-lavabo-de-ban-trang-su-vuong-tai-da-nang_optimized-copy_optimized.jpg\",\"datePublished\":\"2023-02-09T09:55:56+00:00\",\"dateModified\":\"2024-04-09T06:50:28+00:00\",\"breadcrumb\":{\"@id\":\"https:\/\/tranthi.vn\/quangnam\/lavabo-de-ban-218\/#breadcrumb\"},\"inLanguage\":\"vi\",\"potentialAction\":[{\"@type\":\"ReadAction\",\"target\":[\"https:\/\/tranthi.vn\/quangnam\/lavabo-de-ban-218\/\"]}]},{\"@type\":\"ImageObject\",\"inLanguage\":\"vi\",\"@id\":\"https:\/\/tranthi.vn\/quangnam\/lavabo-de-ban-218\/#primaryimage\",\"url\":\"https:\/\/tranthi.vn\/quangnam\/wp-content\/uploads\/2023\/02\/gia-lavabo-de-ban-trang-su-vuong-tai-da-nang_optimized-copy_optimized.jpg\",\"contentUrl\":\"https:\/\/tranthi.vn\/quangnam\/wp-content\/uploads\/2023\/02\/gia-lavabo-de-ban-trang-su-vuong-tai-da-nang_optimized-copy_optimized.jpg\",\"width\":400,\"height\":400},{\"@type\":\"BreadcrumbList\",\"@id\":\"https:\/\/tranthi.vn\/quangnam\/lavabo-de-ban-218\/#breadcrumb\",\"itemListElement\":[{\"@type\":\"ListItem\",\"position\":1,\"name\":\"Trang ch\u1ee7\",\"item\":\"https:\/\/tranthi.vn\/quangnam\/\"},{\"@type\":\"ListItem\",\"position\":2,\"name\":\"Shop\",\"item\":\"https:\/\/tranthi.vn\/quangnam\/shop\/\"},{\"@type\":\"ListItem\",\"position\":3,\"name\":\"Lavabo \u0111\u1ec3 b\u00e0n LB01-T\u0110P\"}]},{\"@type\":\"WebSite\",\"@id\":\"https:\/\/tranthi.vn\/quangnam\/#website\",\"url\":\"https:\/\/tranthi.vn\/quangnam\/\",\"name\":\"V\u1eadt Li\u1ec7u X\u00e2y D\u1ef1ng Tr\u1ea7n Th\u1ecb Chi Nh\u00e1nh Qu\u1ea3ng Nam\",\"description\":\"V\u1eadt Li\u1ec7u X\u00e2y D\u1ef1ng - Qu\u1ea3ng Nam\",\"potentialAction\":[{\"@type\":\"SearchAction\",\"target\":{\"@type\":\"EntryPoint\",\"urlTemplate\":\"https:\/\/tranthi.vn\/quangnam\/?s={search_term_string}\"},\"query-input\":\"required name=search_term_string\"}],\"inLanguage\":\"vi\"},{\"@type\":\"ImageObject\",\"inLanguage\":\"vi\",\"@id\":\"https:\/\/tranthi.vn\/quangnam\/lavabo-de-ban-218\/#local-main-organization-logo\",\"url\":\"\",\"contentUrl\":\"\",\"caption\":\"V\u1eadt Li\u1ec7u X\u00e2y D\u1ef1ng Tr\u1ea7n Th\u1ecb Chi Nh\u00e1nh Qu\u1ea3ng Nam\"}]}<\/script>\n<meta property=\"product:price:amount\" content=\"650000\" \/>\n<meta property=\"product:price:currency\" content=\"VND\" \/>\n<meta property=\"og:availability\" content=\"instock\" \/>\n<meta property=\"product:availability\" content=\"instock\" \/>\n<meta property=\"product:condition\" content=\"new\" \/>\n<!-- \/ Yoast SEO Premium plugin. -->","yoast_head_json":{"title":"Lavabo \u0111\u1ec3 b\u00e0n LB01-T\u0110P - V\u1eadt Li\u1ec7u X\u00e2y D\u1ef1ng Tr\u1ea7n Th\u1ecb Chi Nh\u00e1nh Qu\u1ea3ng Nam","robots":{"index":"index","follow":"follow","max-snippet":"max-snippet:-1","max-image-preview":"max-image-preview:large","max-video-preview":"max-video-preview:-1"},"canonical":"https:\/\/tranthi.vn\/quangnam\/lavabo-de-ban-218\/","og_locale":"vi_VN","og_type":"article","og_title":"Lavabo \u0111\u1ec3 b\u00e0n LB01-T\u0110P","og_description":"\u00a0\u0110\u01a1n v\u1ecb t\u00ednh: C\u00e1i\u00a0  \u00a0K\u00edch th\u01b0\u1edbc: 480x370x130mm  \u00a0\u0110\u01a1n gi\u00e1: 650.000\u0111\/c\u00e1i  \u00a0( kh\u00f4ng k\u00e8m b\u1ed9 x\u1ea3, v\u00f2i lavabo v\u00e0 b\u00e0n \u0111\u00e1 )  \u00a0Giao h\u00e0ng trong \u0111\u1ecba b\u00e0n\u00a0\u0110\u00e0 N\u1eb5ng","og_url":"https:\/\/tranthi.vn\/quangnam\/lavabo-de-ban-218\/","og_site_name":"V\u1eadt Li\u1ec7u X\u00e2y D\u1ef1ng Tr\u1ea7n Th\u1ecb Chi Nh\u00e1nh Qu\u1ea3ng Nam","article_modified_time":"2024-04-09T06:50:28+00:00","og_image":[{"width":400,"height":400,"url":"https:\/\/tranthi.vn\/quangnam\/wp-content\/uploads\/2023\/02\/gia-lavabo-de-ban-trang-su-vuong-tai-da-nang_optimized-copy_optimized.jpg","type":"image\/jpeg"}],"twitter_card":"summary_large_image","twitter_misc":{"Gi\u00e1":"650,000&nbsp;&#8363;","Kh\u1ea3 d\u1ee5ng":"Trong kho"},"schema":{"@context":"https:\/\/schema.org","@graph":[{"@type":["WebPage","ItemPage"],"@id":"https:\/\/tranthi.vn\/quangnam\/lavabo-de-ban-218\/","url":"https:\/\/tranthi.vn\/quangnam\/lavabo-de-ban-218\/","name":"Lavabo \u0111\u1ec3 b\u00e0n LB01-T\u0110P - V\u1eadt Li\u1ec7u X\u00e2y D\u1ef1ng Tr\u1ea7n Th\u1ecb Chi Nh\u00e1nh Qu\u1ea3ng Nam","isPartOf":{"@id":"https:\/\/tranthi.vn\/quangnam\/#website"},"primaryImageOfPage":{"@id":"https:\/\/tranthi.vn\/quangnam\/lavabo-de-ban-218\/#primaryimage"},"image":{"@id":"https:\/\/tranthi.vn\/quangnam\/lavabo-de-ban-218\/#primaryimage"},"thumbnailUrl":"https:\/\/tranthi.vn\/quangnam\/wp-content\/uploads\/2023\/02\/gia-lavabo-de-ban-trang-su-vuong-tai-da-nang_optimized-copy_optimized.jpg","datePublished":"2023-02-09T09:55:56+00:00","dateModified":"2024-04-09T06:50:28+00:00","breadcrumb":{"@id":"https:\/\/tranthi.vn\/quangnam\/lavabo-de-ban-218\/#breadcrumb"},"inLanguage":"vi","potentialAction":[{"@type":"ReadAction","target":["https:\/\/tranthi.vn\/quangnam\/lavabo-de-ban-218\/"]}]},{"@type":"ImageObject","inLanguage":"vi","@id":"https:\/\/tranthi.vn\/quangnam\/lavabo-de-ban-218\/#primaryimage","url":"https:\/\/tranthi.vn\/quangnam\/wp-content\/uploads\/2023\/02\/gia-lavabo-de-ban-trang-su-vuong-tai-da-nang_optimized-copy_optimized.jpg","contentUrl":"https:\/\/tranthi.vn\/quangnam\/wp-content\/uploads\/2023\/02\/gia-lavabo-de-ban-trang-su-vuong-tai-da-nang_optimized-copy_optimized.jpg","width":400,"height":400},{"@type":"BreadcrumbList","@id":"https:\/\/tranthi.vn\/quangnam\/lavabo-de-ban-218\/#breadcrumb","itemListElement":[{"@type":"ListItem","position":1,"name":"Trang ch\u1ee7","item":"https:\/\/tranthi.vn\/quangnam\/"},{"@type":"ListItem","position":2,"name":"Shop","item":"https:\/\/tranthi.vn\/quangnam\/shop\/"},{"@type":"ListItem","position":3,"name":"Lavabo \u0111\u1ec3 b\u00e0n LB01-T\u0110P"}]},{"@type":"WebSite","@id":"https:\/\/tranthi.vn\/quangnam\/#website","url":"https:\/\/tranthi.vn\/quangnam\/","name":"V\u1eadt Li\u1ec7u X\u00e2y D\u1ef1ng Tr\u1ea7n Th\u1ecb Chi Nh\u00e1nh Qu\u1ea3ng Nam","description":"V\u1eadt Li\u1ec7u X\u00e2y D\u1ef1ng - Qu\u1ea3ng Nam","potentialAction":[{"@type":"SearchAction","target":{"@type":"EntryPoint","urlTemplate":"https:\/\/tranthi.vn\/quangnam\/?s={search_term_string}"},"query-input":"required name=search_term_string"}],"inLanguage":"vi"},{"@type":"ImageObject","inLanguage":"vi","@id":"https:\/\/tranthi.vn\/quangnam\/lavabo-de-ban-218\/#local-main-organization-logo","url":"","contentUrl":"","caption":"V\u1eadt Li\u1ec7u X\u00e2y D\u1ef1ng Tr\u1ea7n Th\u1ecb Chi Nh\u00e1nh Qu\u1ea3ng Nam"}]},"product_price_amount":"650000","product_price_currency":"VND","og_availability":"instock","product_availability":"instock","product_condition":"new"},"_links":{"self":[{"href":"https:\/\/tranthi.vn\/quangnam\/wp-json\/wp\/v2\/product\/4583","targetHints":{"allow":["GET"]}}],"collection":[{"href":"https:\/\/tranthi.vn\/quangnam\/wp-json\/wp\/v2\/product"}],"about":[{"href":"https:\/\/tranthi.vn\/quangnam\/wp-json\/wp\/v2\/types\/product"}],"replies":[{"embeddable":true,"href":"https:\/\/tranthi.vn\/quangnam\/wp-json\/wp\/v2\/comments?post=4583"}],"wp:featuredmedia":[{"embeddable":true,"href":"https:\/\/tranthi.vn\/quangnam\/wp-json\/wp\/v2\/media\/4584"}],"wp:attachment":[{"href":"https:\/\/tranthi.vn\/quangnam\/wp-json\/wp\/v2\/media?parent=4583"}],"wp:term":[{"taxonomy":"product_cat","embeddable":true,"href":"https:\/\/tranthi.vn\/quangnam\/wp-json\/wp\/v2\/product_cat?post=4583"},{"taxonomy":"product_tag","embeddable":true,"href":"https:\/\/tranthi.vn\/quangnam\/wp-json\/wp\/v2\/product_tag?post=4583"}],"curies":[{"name":"wp","href":"https:\/\/api.w.org\/{rel}","templated":true}]}}