{"id":4579,"date":"2023-02-09T10:36:41","date_gmt":"2023-02-09T03:36:41","guid":{"rendered":"https:\/\/tranthi.vn\/quangnam\/?post_type=product&#038;p=4579"},"modified":"2024-11-15T09:21:44","modified_gmt":"2024-11-15T02:21:44","slug":"gia-tu-lavabo-nhua-pvc-hoi-an-tam-ky-quang-nam","status":"publish","type":"product","link":"https:\/\/tranthi.vn\/quangnam\/gia-tu-lavabo-nhua-pvc-hoi-an-tam-ky-quang-nam\/","title":{"rendered":"Combo-LBT24-T\u0110P"},"content":{"rendered":"<div><strong><span style=\"font-family: 'times new roman', times, serif; font-size: 130%; color: #000000;\">TH\u00d4NG TIN COMBO &#8211; LBT24<\/span><\/strong><\/div>\n<div><span style=\"font-family: 'times new roman', times, serif; font-size: 130%; color: #000000;\">B\u1ed9 s\u1ea3n ph\u1ea9m g\u1ed3m ch\u1eadu lavabo, t\u1ee7 ch\u1eadu, g\u01b0\u01a1ng, m\u1eb7t \u0111\u00e1. (Kh\u00f4ng k\u00e8m theo v\u00f2i ch\u1eadu, xi ph\u00f4ng hay \u1ed1ng x\u1ea3).<\/span><\/div>\n<ul style=\"list-style-type: disc;\">\n<li><span style=\"font-family: 'times new roman', times, serif; font-size: 130%; color: #000000;\">&#8211; Ch\u1eadu r\u1eeda \u0111\u01b0\u1ee3c l\u00e0m b\u1eb1ng s\u1ee9 v\u1edbi l\u1edbp men ch\u1ed1ng b\u00e1m b\u1ea9n, tr\u1ea7y x\u01b0\u1edbc.<\/span><\/li>\n<li><span style=\"font-family: 'times new roman', times, serif; font-size: 130%; color: #000000;\">&#8211; B\u00e0n \u0111\u00e1 ch\u1eafc ch\u1eafn &amp; r\u1ed9ng r\u00e3i cho b\u1ea1n tho\u1ea3i m\u00e1i \u0111\u1ec3 \u0111\u1ed3<\/span><\/li>\n<li><span style=\"font-family: 'times new roman', times, serif; font-size: 130%; color: #000000;\">&#8211; T\u1ee7 \u0111\u1ef1ng \u0111\u1ed3 b\u00ean d\u01b0\u1edbi \u0111\u01b0\u1ee3c l\u00e0m t\u1eeb ch\u1ea5t li\u1ec7u t\u1ea5m nh\u1ef1a PVC v\u1edbi kh\u1ea3 n\u0103ng ch\u1ecbu n\u01b0\u1edbc tuy\u1ec7t \u0111\u1ed1i, ch\u1ed1ng m\u1ed1i m\u1ecdt, cong v\u00eanh\u2026 c\u00f9ng m\u00e0u tr\u1eafng \u0111em \u0111\u1ebfn c\u1ea3m gi\u00e1c t\u01b0\u01a1i m\u1edbi, s\u1ea1ch s\u1ebd cho kh\u00f4ng gian ph\u00f2ng t\u1eafm.<\/span><\/li>\n<li><span style=\"font-family: 'times new roman', times, serif; font-size: 130%; color: #000000;\">&#8211; G\u01b0\u01a1ng l\u00e0 lo\u1ea1i g\u01b0\u01a1ng AGC nh\u1eadp kh\u1ea9u cho h\u00ecnh \u1ea3nh ch\u00e2n th\u1ef1c, kh\u00f4ng m\u00e9o m\u00f3, \u00edt b\u00e1m n\u01b0\u1edbc, d\u1ec5 lau ch\u00f9i k\u1ebft h\u1ee3p v\u1edbi\u00a0h\u1ec7 th\u1ed1ng \u0111\u00e8n led ph\u00eda sau t\u1ea1o n\u00ean hi\u1ec7u \u1ee9ng \u00e1nh s\u00e1ng lung linh, huy\u1ec1n di\u1ec7u.<\/span><\/li>\n<\/ul>\n<figure id=\"attachment_7736\" aria-describedby=\"caption-attachment-7736\" style=\"width: 400px\" class=\"wp-caption aligncenter\"><img loading=\"lazy\" decoding=\"async\" class=\"size-full wp-image-7736\" src=\"https:\/\/tranthi.vn\/quangnam\/wp-content\/uploads\/2023\/02\/combo-tu-chau-lavabo-tai-tam-ky-quang-nam-hoi-an.jpg\" alt=\"combo t\u1ee7 ch\u1eadu lavabo t\u1ea1i tam k\u1ef3- qu\u1ea3ng nam- h\u1ed9i an\" width=\"400\" height=\"350\" \/><figcaption id=\"caption-attachment-7736\" class=\"wp-caption-text\">\u00a0 \u00a0 \u00a0 \u00a0 \u00a0 \u00a0 combo t\u1ee7 ch\u1eadu lavabo t\u1ea1i tam k\u1ef3- h\u1ed9i an- qu\u1ea3ng nam<\/figcaption><\/figure>\n","protected":false},"excerpt":{"rendered":"<p><span style=\"font-family: 'times new roman', times, serif;\"><img decoding=\"async\" class=\"emoji\" role=\"img\" draggable=\"false\" src=\"https:\/\/s.w.org\/images\/core\/emoji\/14.0.0\/svg\/1f61b.svg\" alt=\"\ud83d\ude1b\" \/><span style=\"font-size: 130%; color: #000000;\">\u00a0Ch\u1ea5t li\u1ec7u: Nh\u1ef1a PVC cao c\u1ea5p<\/span><\/span><\/p>\n<p><span style=\"font-family: 'times new roman', times, serif; font-size: 130%; color: #000000;\"><img decoding=\"async\" class=\"emoji\" role=\"img\" draggable=\"false\" src=\"https:\/\/s.w.org\/images\/core\/emoji\/14.0.0\/svg\/1f61b.svg\" alt=\"\ud83d\ude1b\" \/> K\u00edch th\u01b0\u1edbc t\u1ee7 lavabo: 800x460x450mm<\/span><\/p>\n<p><span style=\"font-family: 'times new roman', times, serif; font-size: 130%; color: #000000;\"><img decoding=\"async\" class=\"emoji\" role=\"img\" draggable=\"false\" src=\"https:\/\/s.w.org\/images\/core\/emoji\/14.0.0\/svg\/1f61b.svg\" alt=\"\ud83d\ude1b\" \/> K\u00edch th\u01b0\u1edbc k\u00ednh: 770x770x150mm<\/span><\/p>\n<p><span style=\"font-family: 'times new roman', times, serif; font-size: 130%; color: #000000;\"><img decoding=\"async\" class=\"emoji\" role=\"img\" draggable=\"false\" src=\"https:\/\/s.w.org\/images\/core\/emoji\/14.0.0\/svg\/1f61b.svg\" alt=\"\ud83d\ude1b\" \/>\u00a0\u0110\u01a1n gi\u00e1 :<span style=\"color: #ff0000;\"><strong> 3.930.000\u0111<\/strong><\/span><\/span><\/p>\n<p><span style=\"font-family: 'times new roman', times, serif; font-size: 130%; color: #000000;\"><em><strong>\u0110\u01a1n gi\u00e1 tr\u00ean bao g\u1ed3m:\u00a0 1 t\u1ee7 nh\u1ef1a 1 c\u00e1nh 2 h\u1ed9c, 1 g\u01b0\u01a1ng, 1 m\u1eb7t \u0111\u00e1 nh\u00e2n t\u1ea1o,1 ch\u1eadu lavabo (Kh\u00f4ng k\u00e8m theo v\u00f2i ch\u1eadu, xi ph\u00f4ng hay \u1ed1ng x\u1ea3).<\/strong><\/em><\/span><\/p>\n<p><em><span style=\"font-family: 'times new roman', times, serif; font-size: 130%; color: #008000;\">V\u1eadn chuy\u1ec3n trong n\u1ed9i th\u00e0nh H\u1ed9i An-Tam K\u1ef3-Qu\u1ea3ng Nam<\/span><\/em><\/p>\n","protected":false},"featured_media":5689,"comment_status":"closed","ping_status":"closed","template":"","meta":[],"product_cat":[179,420,421],"product_tag":[],"class_list":{"0":"post-4579","1":"product","2":"type-product","3":"status-publish","4":"has-post-thumbnail","6":"product_cat-thiet-bi-ve-sinh-da-nang","7":"product_cat-tu-chau-lavabo","8":"product_cat-tu-lavabo-nhua-pvc","10":"first","11":"instock","12":"sale","13":"shipping-taxable","14":"purchasable","15":"product-type-simple"},"yoast_head":"<!-- This site is optimized with the Yoast SEO Premium plugin v22.3 (Yoast SEO v22.8) - https:\/\/yoast.com\/wordpress\/plugins\/seo\/ -->\n<title>t\u1ee7 lavabo nh\u1ef1a pvc cao c\u1ea5p gi\u00e1 r\u1ebb t\u1ea1i Qu\u1ea3ng Nam<\/title>\n<meta name=\"description\" content=\"Tr\u1ea7n Th\u1ecb - cung c\u1ea5p t\u1ee7 lavabo nh\u1ef1a pvc gi\u00e1 t\u1ed1t t\u1ea1i Qu\u1ea3ng Nam, m\u1eabu t\u1ee7 \u0111\u1eb9p, sang tr\u1ecdng nh\u1ef1a kh\u00e1ng n\u01b0\u1edbc, kh\u00f4ng cong v\u00eanh trong qu\u00e1 tr\u00ecnh s\u1eed d\u1ee5ng\" \/>\n<meta name=\"robots\" content=\"index, follow, max-snippet:-1, max-image-preview:large, max-video-preview:-1\" \/>\n<link rel=\"canonical\" href=\"https:\/\/tranthi.vn\/quangnam\/gia-tu-lavabo-nhua-pvc-hoi-an-tam-ky-quang-nam\/\" \/>\n<meta property=\"og:locale\" content=\"vi_VN\" \/>\n<meta property=\"og:type\" content=\"article\" \/>\n<meta property=\"og:title\" content=\"Combo-LBT24-T\u0110P\" \/>\n<meta property=\"og:description\" content=\"Tr\u1ea7n Th\u1ecb - cung c\u1ea5p t\u1ee7 lavabo nh\u1ef1a pvc gi\u00e1 t\u1ed1t t\u1ea1i Qu\u1ea3ng Nam, m\u1eabu t\u1ee7 \u0111\u1eb9p, sang tr\u1ecdng nh\u1ef1a kh\u00e1ng n\u01b0\u1edbc, kh\u00f4ng cong v\u00eanh trong qu\u00e1 tr\u00ecnh s\u1eed d\u1ee5ng\" \/>\n<meta property=\"og:url\" content=\"https:\/\/tranthi.vn\/quangnam\/gia-tu-lavabo-nhua-pvc-hoi-an-tam-ky-quang-nam\/\" \/>\n<meta property=\"og:site_name\" content=\"V\u1eadt Li\u1ec7u X\u00e2y D\u1ef1ng Tr\u1ea7n Th\u1ecb Chi Nh\u00e1nh Qu\u1ea3ng Nam\" \/>\n<meta property=\"article:modified_time\" content=\"2024-11-15T02:21:44+00:00\" \/>\n<meta property=\"og:image\" content=\"https:\/\/tranthi.vn\/quangnam\/wp-content\/uploads\/2023\/02\/mau-Combo-tu-lavabo-va-guong-da-nang.jpg\" \/>\n\t<meta property=\"og:image:width\" content=\"400\" \/>\n\t<meta property=\"og:image:height\" content=\"350\" \/>\n\t<meta property=\"og:image:type\" content=\"image\/jpeg\" \/>\n<meta name=\"twitter:card\" content=\"summary_large_image\" \/>\n<meta name=\"twitter:label1\" content=\"Gi\u00e1\" \/>\n\t<meta name=\"twitter:data1\" content=\"3,930,000&nbsp;&#8363;\" \/>\n\t<meta name=\"twitter:label2\" content=\"Kh\u1ea3 d\u1ee5ng\" \/>\n\t<meta name=\"twitter:data2\" content=\"Trong kho\" \/>\n<script type=\"application\/ld+json\" class=\"yoast-schema-graph\">{\"@context\":\"https:\/\/schema.org\",\"@graph\":[{\"@type\":[\"WebPage\",\"ItemPage\"],\"@id\":\"https:\/\/tranthi.vn\/quangnam\/gia-tu-lavabo-nhua-pvc-hoi-an-tam-ky-quang-nam\/\",\"url\":\"https:\/\/tranthi.vn\/quangnam\/gia-tu-lavabo-nhua-pvc-hoi-an-tam-ky-quang-nam\/\",\"name\":\"t\u1ee7 lavabo nh\u1ef1a pvc cao c\u1ea5p gi\u00e1 r\u1ebb t\u1ea1i Qu\u1ea3ng Nam\",\"isPartOf\":{\"@id\":\"https:\/\/tranthi.vn\/quangnam\/#website\"},\"primaryImageOfPage\":{\"@id\":\"https:\/\/tranthi.vn\/quangnam\/gia-tu-lavabo-nhua-pvc-hoi-an-tam-ky-quang-nam\/#primaryimage\"},\"image\":{\"@id\":\"https:\/\/tranthi.vn\/quangnam\/gia-tu-lavabo-nhua-pvc-hoi-an-tam-ky-quang-nam\/#primaryimage\"},\"thumbnailUrl\":\"https:\/\/tranthi.vn\/quangnam\/wp-content\/uploads\/2023\/02\/mau-Combo-tu-lavabo-va-guong-da-nang.jpg\",\"datePublished\":\"2023-02-09T03:36:41+00:00\",\"dateModified\":\"2024-11-15T02:21:44+00:00\",\"description\":\"Tr\u1ea7n Th\u1ecb - cung c\u1ea5p t\u1ee7 lavabo nh\u1ef1a pvc gi\u00e1 t\u1ed1t t\u1ea1i Qu\u1ea3ng Nam, m\u1eabu t\u1ee7 \u0111\u1eb9p, sang tr\u1ecdng nh\u1ef1a kh\u00e1ng n\u01b0\u1edbc, kh\u00f4ng cong v\u00eanh trong qu\u00e1 tr\u00ecnh s\u1eed d\u1ee5ng\",\"breadcrumb\":{\"@id\":\"https:\/\/tranthi.vn\/quangnam\/gia-tu-lavabo-nhua-pvc-hoi-an-tam-ky-quang-nam\/#breadcrumb\"},\"inLanguage\":\"vi\",\"potentialAction\":[{\"@type\":\"ReadAction\",\"target\":[\"https:\/\/tranthi.vn\/quangnam\/gia-tu-lavabo-nhua-pvc-hoi-an-tam-ky-quang-nam\/\"]}]},{\"@type\":\"ImageObject\",\"inLanguage\":\"vi\",\"@id\":\"https:\/\/tranthi.vn\/quangnam\/gia-tu-lavabo-nhua-pvc-hoi-an-tam-ky-quang-nam\/#primaryimage\",\"url\":\"https:\/\/tranthi.vn\/quangnam\/wp-content\/uploads\/2023\/02\/mau-Combo-tu-lavabo-va-guong-da-nang.jpg\",\"contentUrl\":\"https:\/\/tranthi.vn\/quangnam\/wp-content\/uploads\/2023\/02\/mau-Combo-tu-lavabo-va-guong-da-nang.jpg\",\"width\":400,\"height\":350,\"caption\":\"m\u1eabu Combo t\u1ee7 lavabo v\u00e0 g\u01b0\u01a1ng \u0111\u00e0 n\u1eb5ng\"},{\"@type\":\"BreadcrumbList\",\"@id\":\"https:\/\/tranthi.vn\/quangnam\/gia-tu-lavabo-nhua-pvc-hoi-an-tam-ky-quang-nam\/#breadcrumb\",\"itemListElement\":[{\"@type\":\"ListItem\",\"position\":1,\"name\":\"Trang ch\u1ee7\",\"item\":\"https:\/\/tranthi.vn\/quangnam\/\"},{\"@type\":\"ListItem\",\"position\":2,\"name\":\"Shop\",\"item\":\"https:\/\/tranthi.vn\/quangnam\/shop\/\"},{\"@type\":\"ListItem\",\"position\":3,\"name\":\"Combo-LBT24-T\u0110P\"}]},{\"@type\":\"WebSite\",\"@id\":\"https:\/\/tranthi.vn\/quangnam\/#website\",\"url\":\"https:\/\/tranthi.vn\/quangnam\/\",\"name\":\"V\u1eadt Li\u1ec7u X\u00e2y D\u1ef1ng Tr\u1ea7n Th\u1ecb Chi Nh\u00e1nh Qu\u1ea3ng Nam\",\"description\":\"V\u1eadt Li\u1ec7u X\u00e2y D\u1ef1ng - Qu\u1ea3ng Nam\",\"potentialAction\":[{\"@type\":\"SearchAction\",\"target\":{\"@type\":\"EntryPoint\",\"urlTemplate\":\"https:\/\/tranthi.vn\/quangnam\/?s={search_term_string}\"},\"query-input\":\"required name=search_term_string\"}],\"inLanguage\":\"vi\"},{\"@type\":\"ImageObject\",\"inLanguage\":\"vi\",\"@id\":\"https:\/\/tranthi.vn\/quangnam\/gia-tu-lavabo-nhua-pvc-hoi-an-tam-ky-quang-nam\/#local-main-organization-logo\",\"url\":\"\",\"contentUrl\":\"\",\"caption\":\"V\u1eadt Li\u1ec7u X\u00e2y D\u1ef1ng Tr\u1ea7n Th\u1ecb Chi Nh\u00e1nh Qu\u1ea3ng Nam\"}]}<\/script>\n<meta property=\"product:price:amount\" content=\"3930000\" \/>\n<meta property=\"product:price:currency\" content=\"VND\" \/>\n<meta property=\"og:availability\" content=\"instock\" \/>\n<meta property=\"product:availability\" content=\"instock\" \/>\n<meta property=\"product:condition\" content=\"new\" \/>\n<!-- \/ Yoast SEO Premium plugin. -->","yoast_head_json":{"title":"t\u1ee7 lavabo nh\u1ef1a pvc cao c\u1ea5p gi\u00e1 r\u1ebb t\u1ea1i Qu\u1ea3ng Nam","description":"Tr\u1ea7n Th\u1ecb - cung c\u1ea5p t\u1ee7 lavabo nh\u1ef1a pvc gi\u00e1 t\u1ed1t t\u1ea1i Qu\u1ea3ng Nam, m\u1eabu t\u1ee7 \u0111\u1eb9p, sang tr\u1ecdng nh\u1ef1a kh\u00e1ng n\u01b0\u1edbc, kh\u00f4ng cong v\u00eanh trong qu\u00e1 tr\u00ecnh s\u1eed d\u1ee5ng","robots":{"index":"index","follow":"follow","max-snippet":"max-snippet:-1","max-image-preview":"max-image-preview:large","max-video-preview":"max-video-preview:-1"},"canonical":"https:\/\/tranthi.vn\/quangnam\/gia-tu-lavabo-nhua-pvc-hoi-an-tam-ky-quang-nam\/","og_locale":"vi_VN","og_type":"article","og_title":"Combo-LBT24-T\u0110P","og_description":"Tr\u1ea7n Th\u1ecb - cung c\u1ea5p t\u1ee7 lavabo nh\u1ef1a pvc gi\u00e1 t\u1ed1t t\u1ea1i Qu\u1ea3ng Nam, m\u1eabu t\u1ee7 \u0111\u1eb9p, sang tr\u1ecdng nh\u1ef1a kh\u00e1ng n\u01b0\u1edbc, kh\u00f4ng cong v\u00eanh trong qu\u00e1 tr\u00ecnh s\u1eed d\u1ee5ng","og_url":"https:\/\/tranthi.vn\/quangnam\/gia-tu-lavabo-nhua-pvc-hoi-an-tam-ky-quang-nam\/","og_site_name":"V\u1eadt Li\u1ec7u X\u00e2y D\u1ef1ng Tr\u1ea7n Th\u1ecb Chi Nh\u00e1nh Qu\u1ea3ng Nam","article_modified_time":"2024-11-15T02:21:44+00:00","og_image":[{"width":400,"height":350,"url":"https:\/\/tranthi.vn\/quangnam\/wp-content\/uploads\/2023\/02\/mau-Combo-tu-lavabo-va-guong-da-nang.jpg","type":"image\/jpeg"}],"twitter_card":"summary_large_image","twitter_misc":{"Gi\u00e1":"3,930,000&nbsp;&#8363;","Kh\u1ea3 d\u1ee5ng":"Trong kho"},"schema":{"@context":"https:\/\/schema.org","@graph":[{"@type":["WebPage","ItemPage"],"@id":"https:\/\/tranthi.vn\/quangnam\/gia-tu-lavabo-nhua-pvc-hoi-an-tam-ky-quang-nam\/","url":"https:\/\/tranthi.vn\/quangnam\/gia-tu-lavabo-nhua-pvc-hoi-an-tam-ky-quang-nam\/","name":"t\u1ee7 lavabo nh\u1ef1a pvc cao c\u1ea5p gi\u00e1 r\u1ebb t\u1ea1i Qu\u1ea3ng Nam","isPartOf":{"@id":"https:\/\/tranthi.vn\/quangnam\/#website"},"primaryImageOfPage":{"@id":"https:\/\/tranthi.vn\/quangnam\/gia-tu-lavabo-nhua-pvc-hoi-an-tam-ky-quang-nam\/#primaryimage"},"image":{"@id":"https:\/\/tranthi.vn\/quangnam\/gia-tu-lavabo-nhua-pvc-hoi-an-tam-ky-quang-nam\/#primaryimage"},"thumbnailUrl":"https:\/\/tranthi.vn\/quangnam\/wp-content\/uploads\/2023\/02\/mau-Combo-tu-lavabo-va-guong-da-nang.jpg","datePublished":"2023-02-09T03:36:41+00:00","dateModified":"2024-11-15T02:21:44+00:00","description":"Tr\u1ea7n Th\u1ecb - cung c\u1ea5p t\u1ee7 lavabo nh\u1ef1a pvc gi\u00e1 t\u1ed1t t\u1ea1i Qu\u1ea3ng Nam, m\u1eabu t\u1ee7 \u0111\u1eb9p, sang tr\u1ecdng nh\u1ef1a kh\u00e1ng n\u01b0\u1edbc, kh\u00f4ng cong v\u00eanh trong qu\u00e1 tr\u00ecnh s\u1eed d\u1ee5ng","breadcrumb":{"@id":"https:\/\/tranthi.vn\/quangnam\/gia-tu-lavabo-nhua-pvc-hoi-an-tam-ky-quang-nam\/#breadcrumb"},"inLanguage":"vi","potentialAction":[{"@type":"ReadAction","target":["https:\/\/tranthi.vn\/quangnam\/gia-tu-lavabo-nhua-pvc-hoi-an-tam-ky-quang-nam\/"]}]},{"@type":"ImageObject","inLanguage":"vi","@id":"https:\/\/tranthi.vn\/quangnam\/gia-tu-lavabo-nhua-pvc-hoi-an-tam-ky-quang-nam\/#primaryimage","url":"https:\/\/tranthi.vn\/quangnam\/wp-content\/uploads\/2023\/02\/mau-Combo-tu-lavabo-va-guong-da-nang.jpg","contentUrl":"https:\/\/tranthi.vn\/quangnam\/wp-content\/uploads\/2023\/02\/mau-Combo-tu-lavabo-va-guong-da-nang.jpg","width":400,"height":350,"caption":"m\u1eabu Combo t\u1ee7 lavabo v\u00e0 g\u01b0\u01a1ng \u0111\u00e0 n\u1eb5ng"},{"@type":"BreadcrumbList","@id":"https:\/\/tranthi.vn\/quangnam\/gia-tu-lavabo-nhua-pvc-hoi-an-tam-ky-quang-nam\/#breadcrumb","itemListElement":[{"@type":"ListItem","position":1,"name":"Trang ch\u1ee7","item":"https:\/\/tranthi.vn\/quangnam\/"},{"@type":"ListItem","position":2,"name":"Shop","item":"https:\/\/tranthi.vn\/quangnam\/shop\/"},{"@type":"ListItem","position":3,"name":"Combo-LBT24-T\u0110P"}]},{"@type":"WebSite","@id":"https:\/\/tranthi.vn\/quangnam\/#website","url":"https:\/\/tranthi.vn\/quangnam\/","name":"V\u1eadt Li\u1ec7u X\u00e2y D\u1ef1ng Tr\u1ea7n Th\u1ecb Chi Nh\u00e1nh Qu\u1ea3ng Nam","description":"V\u1eadt Li\u1ec7u X\u00e2y D\u1ef1ng - Qu\u1ea3ng Nam","potentialAction":[{"@type":"SearchAction","target":{"@type":"EntryPoint","urlTemplate":"https:\/\/tranthi.vn\/quangnam\/?s={search_term_string}"},"query-input":"required name=search_term_string"}],"inLanguage":"vi"},{"@type":"ImageObject","inLanguage":"vi","@id":"https:\/\/tranthi.vn\/quangnam\/gia-tu-lavabo-nhua-pvc-hoi-an-tam-ky-quang-nam\/#local-main-organization-logo","url":"","contentUrl":"","caption":"V\u1eadt Li\u1ec7u X\u00e2y D\u1ef1ng Tr\u1ea7n Th\u1ecb Chi Nh\u00e1nh Qu\u1ea3ng Nam"}]},"product_price_amount":"3930000","product_price_currency":"VND","og_availability":"instock","product_availability":"instock","product_condition":"new"},"_links":{"self":[{"href":"https:\/\/tranthi.vn\/quangnam\/wp-json\/wp\/v2\/product\/4579","targetHints":{"allow":["GET"]}}],"collection":[{"href":"https:\/\/tranthi.vn\/quangnam\/wp-json\/wp\/v2\/product"}],"about":[{"href":"https:\/\/tranthi.vn\/quangnam\/wp-json\/wp\/v2\/types\/product"}],"replies":[{"embeddable":true,"href":"https:\/\/tranthi.vn\/quangnam\/wp-json\/wp\/v2\/comments?post=4579"}],"wp:featuredmedia":[{"embeddable":true,"href":"https:\/\/tranthi.vn\/quangnam\/wp-json\/wp\/v2\/media\/5689"}],"wp:attachment":[{"href":"https:\/\/tranthi.vn\/quangnam\/wp-json\/wp\/v2\/media?parent=4579"}],"wp:term":[{"taxonomy":"product_cat","embeddable":true,"href":"https:\/\/tranthi.vn\/quangnam\/wp-json\/wp\/v2\/product_cat?post=4579"},{"taxonomy":"product_tag","embeddable":true,"href":"https:\/\/tranthi.vn\/quangnam\/wp-json\/wp\/v2\/product_tag?post=4579"}],"curies":[{"name":"wp","href":"https:\/\/api.w.org\/{rel}","templated":true}]}}