{"id":4499,"date":"2022-12-30T09:01:11","date_gmt":"2022-12-30T02:01:11","guid":{"rendered":"https:\/\/tranthi.vn\/quangnam\/?post_type=product&#038;p=4499"},"modified":"2022-12-30T09:01:11","modified_gmt":"2022-12-30T02:01:11","slug":"son-gia-da-hoa-binh","status":"publish","type":"product","link":"https:\/\/tranthi.vn\/quangnam\/son-gia-da-hoa-binh\/","title":{"rendered":"S\u01a1n Gi\u1ea3 \u0110\u00e1 H\u00f2a B\u00ecnh"},"content":{"rendered":"","protected":false},"excerpt":{"rendered":"<p><span style=\"font-family: 'times new roman', times, serif;\"><img decoding=\"async\" class=\"emoji\" role=\"img\" draggable=\"false\" src=\"https:\/\/s.w.org\/images\/core\/emoji\/14.0.0\/svg\/1f61b.svg\" alt=\"\ud83d\ude1b\" \/><span style=\"font-size: 130%; color: #000000;\">\u00a0Giao h\u00e0ng trong \u0111\u1ecba b\u00e0n\u00a0<em><a style=\"color: #000000;\" href=\"https:\/\/fr.wikipedia.org\/wiki\/Da_Nang\"><strong>\u0110\u00e0 N\u1eb5ng<\/strong><\/a><\/em><\/span><\/span><\/p>\n<p><span style=\"font-family: 'times new roman', times, serif; font-size: 130%; color: #000000;\"><img decoding=\"async\" class=\"emoji\" role=\"img\" draggable=\"false\" src=\"https:\/\/s.w.org\/images\/core\/emoji\/14.0.0\/svg\/1f61b.svg\" alt=\"\ud83d\ude1b\" \/>\u00a0\u0110\u01a1n v\u1ecb t\u00ednh: Th\u00f9ng\u00a0<\/span><\/p>\n<p><span style=\"font-family: 'times new roman', times, serif; font-size: 130%; color: #000000;\"><img decoding=\"async\" class=\"emoji\" role=\"img\" draggable=\"false\" src=\"https:\/\/s.w.org\/images\/core\/emoji\/14.0.0\/svg\/1f61b.svg\" alt=\"\ud83d\ude1b\" \/>\u00a0\u0110\u01a1n gi\u00e1<em><strong>:\u00a0S\u01a1n gi\u1ea3 \u0111\u00e1 H\u00d2A B\u00ccNH t\u1ea1i \u0110\u00e0 N\u1eb5ng\u00a0\u00a0<\/strong><\/em>trong n\u1ed9i th\u00e0nh<\/span><\/p>\n<p><span style=\"color: #000000;\"><strong><span style=\"font-family: 'times new roman', times, serif; font-size: 130%;\">\u0110\u01a0N GI\u00c1 M\u00c3 S\u01a0N HDG<\/span><\/strong><\/span><\/p>\n<ul>\n<li><span style=\"font-family: 'times new roman', times, serif; font-size: 130%; color: #ff0000;\"><strong>1.715.000\/ 25kg<\/strong><\/span><\/li>\n<li><span style=\"font-family: 'times new roman', times, serif; font-size: 130%; color: #ff0000;\"><strong>963.000 \/ 14kg<\/strong><\/span><\/li>\n<\/ul>\n<p><span style=\"font-family: 'times new roman', times, serif; font-size: 130%; color: #000000;\">\u0110\u1ecbnh m\u1ee9c s\u1eed d\u1ee5ng: 2kg\/1m2 ( 1 th\u00f9ng 25kg s\u1eed d\u1ee5ng \u0111\u01b0\u1ee3c 12m2)<\/span><\/p>\n<p><span style=\"font-family: 'times new roman', times, serif; font-size: 130%; color: #000000;\"><img decoding=\"async\" class=\"emoji\" role=\"img\" draggable=\"false\" src=\"https:\/\/s.w.org\/images\/core\/emoji\/14.0.0\/svg\/1f61b.svg\" alt=\"\ud83d\ude1b\" \/>\u00a0H\u00e0ng \u0111\u1eb7t kh\u00f4ng c\u00f3 s\u1eb5n<\/span><\/p>\n<p>&nbsp;<\/p>\n","protected":false},"featured_media":4500,"comment_status":"closed","ping_status":"closed","template":"","meta":[],"product_cat":[152],"product_tag":[],"class_list":{"0":"post-4499","1":"product","2":"type-product","3":"status-publish","4":"has-post-thumbnail","6":"product_cat-son-gia-da","8":"first","9":"instock","10":"sale","11":"shipping-taxable","12":"purchasable","13":"product-type-simple"},"yoast_head":"<!-- This site is optimized with the Yoast SEO Premium plugin v22.3 (Yoast SEO v22.8) - https:\/\/yoast.com\/wordpress\/plugins\/seo\/ -->\n<title>S\u01a1n Gi\u1ea3 \u0110\u00e1 H\u00f2a B\u00ecnh - V\u1eadt Li\u1ec7u X\u00e2y D\u1ef1ng Tr\u1ea7n Th\u1ecb Chi Nh\u00e1nh Qu\u1ea3ng Nam<\/title>\n<meta name=\"robots\" content=\"index, follow, max-snippet:-1, max-image-preview:large, max-video-preview:-1\" \/>\n<link rel=\"canonical\" href=\"https:\/\/tranthi.vn\/quangnam\/son-gia-da-hoa-binh\/\" \/>\n<meta property=\"og:locale\" content=\"vi_VN\" \/>\n<meta property=\"og:type\" content=\"article\" \/>\n<meta property=\"og:title\" content=\"S\u01a1n Gi\u1ea3 \u0110\u00e1 H\u00f2a B\u00ecnh\" \/>\n<meta property=\"og:description\" content=\"\u00a0Giao h\u00e0ng trong \u0111\u1ecba b\u00e0n\u00a0\u0110\u00e0 N\u1eb5ng  \u00a0\u0110\u01a1n v\u1ecb t\u00ednh: Th\u00f9ng\u00a0  \u00a0\u0110\u01a1n gi\u00e1:\u00a0S\u01a1n gi\u1ea3 \u0111\u00e1 H\u00d2A B\u00ccNH t\u1ea1i \u0110\u00e0 N\u1eb5ng\u00a0\u00a0trong n\u1ed9i th\u00e0nh  \u0110\u01a0N GI\u00c1 M\u00c3 S\u01a0N HDG   1.715.000\/ 25kg  963.000 \/ 14kg  \u0110\u1ecbnh m\u1ee9c s\u1eed d\u1ee5ng: 2kg\/1m2 ( 1 th\u00f9ng 25kg s\u1eed d\u1ee5ng \u0111\u01b0\u1ee3c 12m2)  \u00a0H\u00e0ng \u0111\u1eb7t kh\u00f4ng c\u00f3 s\u1eb5n  &nbsp;\" \/>\n<meta property=\"og:url\" content=\"https:\/\/tranthi.vn\/quangnam\/son-gia-da-hoa-binh\/\" \/>\n<meta property=\"og:site_name\" content=\"V\u1eadt Li\u1ec7u X\u00e2y D\u1ef1ng Tr\u1ea7n Th\u1ecb Chi Nh\u00e1nh Qu\u1ea3ng Nam\" \/>\n<meta property=\"og:image\" content=\"https:\/\/tranthi.vn\/quangnam\/wp-content\/uploads\/2022\/12\/gia-son-gia-da-tai-da-nang_optimized.jpg\" \/>\n\t<meta property=\"og:image:width\" content=\"400\" \/>\n\t<meta property=\"og:image:height\" content=\"400\" \/>\n\t<meta property=\"og:image:type\" content=\"image\/jpeg\" \/>\n<meta name=\"twitter:card\" content=\"summary_large_image\" \/>\n<meta name=\"twitter:label1\" content=\"Gi\u00e1\" \/>\n\t<meta name=\"twitter:data1\" content=\"1,715,000&nbsp;&#8363;\" \/>\n\t<meta name=\"twitter:label2\" content=\"Kh\u1ea3 d\u1ee5ng\" \/>\n\t<meta name=\"twitter:data2\" content=\"Trong kho\" \/>\n<script type=\"application\/ld+json\" class=\"yoast-schema-graph\">{\"@context\":\"https:\/\/schema.org\",\"@graph\":[{\"@type\":[\"WebPage\",\"ItemPage\"],\"@id\":\"https:\/\/tranthi.vn\/quangnam\/son-gia-da-hoa-binh\/\",\"url\":\"https:\/\/tranthi.vn\/quangnam\/son-gia-da-hoa-binh\/\",\"name\":\"S\u01a1n Gi\u1ea3 \u0110\u00e1 H\u00f2a B\u00ecnh - V\u1eadt Li\u1ec7u X\u00e2y D\u1ef1ng Tr\u1ea7n Th\u1ecb Chi Nh\u00e1nh Qu\u1ea3ng Nam\",\"isPartOf\":{\"@id\":\"https:\/\/tranthi.vn\/quangnam\/#website\"},\"primaryImageOfPage\":{\"@id\":\"https:\/\/tranthi.vn\/quangnam\/son-gia-da-hoa-binh\/#primaryimage\"},\"image\":{\"@id\":\"https:\/\/tranthi.vn\/quangnam\/son-gia-da-hoa-binh\/#primaryimage\"},\"thumbnailUrl\":\"https:\/\/tranthi.vn\/quangnam\/wp-content\/uploads\/2022\/12\/gia-son-gia-da-tai-da-nang_optimized.jpg\",\"datePublished\":\"2022-12-30T02:01:11+00:00\",\"dateModified\":\"2022-12-30T02:01:11+00:00\",\"breadcrumb\":{\"@id\":\"https:\/\/tranthi.vn\/quangnam\/son-gia-da-hoa-binh\/#breadcrumb\"},\"inLanguage\":\"vi\",\"potentialAction\":[{\"@type\":\"ReadAction\",\"target\":[\"https:\/\/tranthi.vn\/quangnam\/son-gia-da-hoa-binh\/\"]}]},{\"@type\":\"ImageObject\",\"inLanguage\":\"vi\",\"@id\":\"https:\/\/tranthi.vn\/quangnam\/son-gia-da-hoa-binh\/#primaryimage\",\"url\":\"https:\/\/tranthi.vn\/quangnam\/wp-content\/uploads\/2022\/12\/gia-son-gia-da-tai-da-nang_optimized.jpg\",\"contentUrl\":\"https:\/\/tranthi.vn\/quangnam\/wp-content\/uploads\/2022\/12\/gia-son-gia-da-tai-da-nang_optimized.jpg\",\"width\":400,\"height\":400},{\"@type\":\"BreadcrumbList\",\"@id\":\"https:\/\/tranthi.vn\/quangnam\/son-gia-da-hoa-binh\/#breadcrumb\",\"itemListElement\":[{\"@type\":\"ListItem\",\"position\":1,\"name\":\"Trang ch\u1ee7\",\"item\":\"https:\/\/tranthi.vn\/quangnam\/\"},{\"@type\":\"ListItem\",\"position\":2,\"name\":\"Shop\",\"item\":\"https:\/\/tranthi.vn\/quangnam\/shop\/\"},{\"@type\":\"ListItem\",\"position\":3,\"name\":\"S\u01a1n Gi\u1ea3 \u0110\u00e1 H\u00f2a B\u00ecnh\"}]},{\"@type\":\"WebSite\",\"@id\":\"https:\/\/tranthi.vn\/quangnam\/#website\",\"url\":\"https:\/\/tranthi.vn\/quangnam\/\",\"name\":\"V\u1eadt Li\u1ec7u X\u00e2y D\u1ef1ng Tr\u1ea7n Th\u1ecb Chi Nh\u00e1nh Qu\u1ea3ng Nam\",\"description\":\"V\u1eadt Li\u1ec7u X\u00e2y D\u1ef1ng - Qu\u1ea3ng Nam\",\"potentialAction\":[{\"@type\":\"SearchAction\",\"target\":{\"@type\":\"EntryPoint\",\"urlTemplate\":\"https:\/\/tranthi.vn\/quangnam\/?s={search_term_string}\"},\"query-input\":\"required name=search_term_string\"}],\"inLanguage\":\"vi\"},{\"@type\":\"ImageObject\",\"inLanguage\":\"vi\",\"@id\":\"https:\/\/tranthi.vn\/quangnam\/son-gia-da-hoa-binh\/#local-main-organization-logo\",\"url\":\"\",\"contentUrl\":\"\",\"caption\":\"V\u1eadt Li\u1ec7u X\u00e2y D\u1ef1ng Tr\u1ea7n Th\u1ecb Chi Nh\u00e1nh Qu\u1ea3ng Nam\"}]}<\/script>\n<meta property=\"product:price:amount\" content=\"1715000\" \/>\n<meta property=\"product:price:currency\" content=\"VND\" \/>\n<meta property=\"og:availability\" content=\"instock\" \/>\n<meta property=\"product:availability\" content=\"instock\" \/>\n<meta property=\"product:condition\" content=\"new\" \/>\n<!-- \/ Yoast SEO Premium plugin. -->","yoast_head_json":{"title":"S\u01a1n Gi\u1ea3 \u0110\u00e1 H\u00f2a B\u00ecnh - V\u1eadt Li\u1ec7u X\u00e2y D\u1ef1ng Tr\u1ea7n Th\u1ecb Chi Nh\u00e1nh Qu\u1ea3ng Nam","robots":{"index":"index","follow":"follow","max-snippet":"max-snippet:-1","max-image-preview":"max-image-preview:large","max-video-preview":"max-video-preview:-1"},"canonical":"https:\/\/tranthi.vn\/quangnam\/son-gia-da-hoa-binh\/","og_locale":"vi_VN","og_type":"article","og_title":"S\u01a1n Gi\u1ea3 \u0110\u00e1 H\u00f2a B\u00ecnh","og_description":"\u00a0Giao h\u00e0ng trong \u0111\u1ecba b\u00e0n\u00a0\u0110\u00e0 N\u1eb5ng  \u00a0\u0110\u01a1n v\u1ecb t\u00ednh: Th\u00f9ng\u00a0  \u00a0\u0110\u01a1n gi\u00e1:\u00a0S\u01a1n gi\u1ea3 \u0111\u00e1 H\u00d2A B\u00ccNH t\u1ea1i \u0110\u00e0 N\u1eb5ng\u00a0\u00a0trong n\u1ed9i th\u00e0nh  \u0110\u01a0N GI\u00c1 M\u00c3 S\u01a0N HDG   1.715.000\/ 25kg  963.000 \/ 14kg  \u0110\u1ecbnh m\u1ee9c s\u1eed d\u1ee5ng: 2kg\/1m2 ( 1 th\u00f9ng 25kg s\u1eed d\u1ee5ng \u0111\u01b0\u1ee3c 12m2)  \u00a0H\u00e0ng \u0111\u1eb7t kh\u00f4ng c\u00f3 s\u1eb5n  &nbsp;","og_url":"https:\/\/tranthi.vn\/quangnam\/son-gia-da-hoa-binh\/","og_site_name":"V\u1eadt Li\u1ec7u X\u00e2y D\u1ef1ng Tr\u1ea7n Th\u1ecb Chi Nh\u00e1nh Qu\u1ea3ng Nam","og_image":[{"width":400,"height":400,"url":"https:\/\/tranthi.vn\/quangnam\/wp-content\/uploads\/2022\/12\/gia-son-gia-da-tai-da-nang_optimized.jpg","type":"image\/jpeg"}],"twitter_card":"summary_large_image","twitter_misc":{"Gi\u00e1":"1,715,000&nbsp;&#8363;","Kh\u1ea3 d\u1ee5ng":"Trong kho"},"schema":{"@context":"https:\/\/schema.org","@graph":[{"@type":["WebPage","ItemPage"],"@id":"https:\/\/tranthi.vn\/quangnam\/son-gia-da-hoa-binh\/","url":"https:\/\/tranthi.vn\/quangnam\/son-gia-da-hoa-binh\/","name":"S\u01a1n Gi\u1ea3 \u0110\u00e1 H\u00f2a B\u00ecnh - V\u1eadt Li\u1ec7u X\u00e2y D\u1ef1ng Tr\u1ea7n Th\u1ecb Chi Nh\u00e1nh Qu\u1ea3ng Nam","isPartOf":{"@id":"https:\/\/tranthi.vn\/quangnam\/#website"},"primaryImageOfPage":{"@id":"https:\/\/tranthi.vn\/quangnam\/son-gia-da-hoa-binh\/#primaryimage"},"image":{"@id":"https:\/\/tranthi.vn\/quangnam\/son-gia-da-hoa-binh\/#primaryimage"},"thumbnailUrl":"https:\/\/tranthi.vn\/quangnam\/wp-content\/uploads\/2022\/12\/gia-son-gia-da-tai-da-nang_optimized.jpg","datePublished":"2022-12-30T02:01:11+00:00","dateModified":"2022-12-30T02:01:11+00:00","breadcrumb":{"@id":"https:\/\/tranthi.vn\/quangnam\/son-gia-da-hoa-binh\/#breadcrumb"},"inLanguage":"vi","potentialAction":[{"@type":"ReadAction","target":["https:\/\/tranthi.vn\/quangnam\/son-gia-da-hoa-binh\/"]}]},{"@type":"ImageObject","inLanguage":"vi","@id":"https:\/\/tranthi.vn\/quangnam\/son-gia-da-hoa-binh\/#primaryimage","url":"https:\/\/tranthi.vn\/quangnam\/wp-content\/uploads\/2022\/12\/gia-son-gia-da-tai-da-nang_optimized.jpg","contentUrl":"https:\/\/tranthi.vn\/quangnam\/wp-content\/uploads\/2022\/12\/gia-son-gia-da-tai-da-nang_optimized.jpg","width":400,"height":400},{"@type":"BreadcrumbList","@id":"https:\/\/tranthi.vn\/quangnam\/son-gia-da-hoa-binh\/#breadcrumb","itemListElement":[{"@type":"ListItem","position":1,"name":"Trang ch\u1ee7","item":"https:\/\/tranthi.vn\/quangnam\/"},{"@type":"ListItem","position":2,"name":"Shop","item":"https:\/\/tranthi.vn\/quangnam\/shop\/"},{"@type":"ListItem","position":3,"name":"S\u01a1n Gi\u1ea3 \u0110\u00e1 H\u00f2a B\u00ecnh"}]},{"@type":"WebSite","@id":"https:\/\/tranthi.vn\/quangnam\/#website","url":"https:\/\/tranthi.vn\/quangnam\/","name":"V\u1eadt Li\u1ec7u X\u00e2y D\u1ef1ng Tr\u1ea7n Th\u1ecb Chi Nh\u00e1nh Qu\u1ea3ng Nam","description":"V\u1eadt Li\u1ec7u X\u00e2y D\u1ef1ng - Qu\u1ea3ng Nam","potentialAction":[{"@type":"SearchAction","target":{"@type":"EntryPoint","urlTemplate":"https:\/\/tranthi.vn\/quangnam\/?s={search_term_string}"},"query-input":"required name=search_term_string"}],"inLanguage":"vi"},{"@type":"ImageObject","inLanguage":"vi","@id":"https:\/\/tranthi.vn\/quangnam\/son-gia-da-hoa-binh\/#local-main-organization-logo","url":"","contentUrl":"","caption":"V\u1eadt Li\u1ec7u X\u00e2y D\u1ef1ng Tr\u1ea7n Th\u1ecb Chi Nh\u00e1nh Qu\u1ea3ng Nam"}]},"product_price_amount":"1715000","product_price_currency":"VND","og_availability":"instock","product_availability":"instock","product_condition":"new"},"_links":{"self":[{"href":"https:\/\/tranthi.vn\/quangnam\/wp-json\/wp\/v2\/product\/4499","targetHints":{"allow":["GET"]}}],"collection":[{"href":"https:\/\/tranthi.vn\/quangnam\/wp-json\/wp\/v2\/product"}],"about":[{"href":"https:\/\/tranthi.vn\/quangnam\/wp-json\/wp\/v2\/types\/product"}],"replies":[{"embeddable":true,"href":"https:\/\/tranthi.vn\/quangnam\/wp-json\/wp\/v2\/comments?post=4499"}],"wp:featuredmedia":[{"embeddable":true,"href":"https:\/\/tranthi.vn\/quangnam\/wp-json\/wp\/v2\/media\/4500"}],"wp:attachment":[{"href":"https:\/\/tranthi.vn\/quangnam\/wp-json\/wp\/v2\/media?parent=4499"}],"wp:term":[{"taxonomy":"product_cat","embeddable":true,"href":"https:\/\/tranthi.vn\/quangnam\/wp-json\/wp\/v2\/product_cat?post=4499"},{"taxonomy":"product_tag","embeddable":true,"href":"https:\/\/tranthi.vn\/quangnam\/wp-json\/wp\/v2\/product_tag?post=4499"}],"curies":[{"name":"wp","href":"https:\/\/api.w.org\/{rel}","templated":true}]}}