{"id":4397,"date":"2022-11-07T15:33:31","date_gmt":"2022-11-07T08:33:31","guid":{"rendered":"https:\/\/tranthi.vn\/quangnam\/?post_type=product&#038;p=4397"},"modified":"2022-11-07T16:00:02","modified_gmt":"2022-11-07T09:00:02","slug":"gia-gach-gom-do-da-nang","status":"publish","type":"product","link":"https:\/\/tranthi.vn\/quangnam\/gia-gach-gom-do-da-nang\/","title":{"rendered":"G\u1ea1ch g\u1ed1m \u0111\u1ecf 40&#215;40"},"content":{"rendered":"<p>G\u1ea0CH G\u1ed0M \u0110\u1ece L\u00c1T S\u00c2N T\u1ea0I \u0110\u00c0 N\u1eb4NG<\/p>\n<p>1. GI\u00c1 G\u1ea0CH G\u1ed0M \u0110\u1ece L\u00c1T S\u00c2N T\u1ea0I \u0110\u00c0 N\u1eb4NG<\/p>\n<p>T\u1ea1i \u0110\u00e0 N\u1eb5ng g\u1ea1ch g\u1ed1m \u0111\u1ecf c\u00f3 gi\u00e1 t\u1eeb 75.000\/h\u1ed9p<\/p>\n<p>quy c\u00e1ch g\u1ea1ch 40&#215;40<\/p>\n<p>G\u1ea1ch g\u1ed1m \u0111\u1ecf th\u01b0\u1eddng \u0111\u01b0\u01a1c d\u00f9ng \u0111\u1ec3 l\u00e1t s\u00e2n, hi\u00eang, b\u1ea1n c\u00f4ng h\u1ea1n ch\u1ebf tr\u01a1n tr\u01b0\u1ee3t<\/p>\n<p>T\u00f9y thu\u1ed9c v\u00e0o s\u1ed1 l\u01b0\u1ee3ng v\u00e0 v\u1ecb tr\u00ed c\u00f4ng tr\u00ecnh \u0111\u01a1n gi\u00e1 c\u00f3 th\u1ec3 thay \u0111\u1ed5i<\/p>\n<p>2. G\u1ea0CH L\u00c1T S\u00c2N COTTO T\u1ea0I \u0110\u00c0 N\u1eb4NG<\/p>\n<p>G\u1ea1ch cotto l\u00e0 1 lo\u1ea1i g\u1ea1ch m\u00e0u \u0111\u1ecf \u0111\u01b0\u1ee3c tr\u00e1ng 1 l\u1edbp men ph\u00eda tr\u00ean b\u1ec1 m\u1eb7t c\u00f3 \u0111\u1ed9 nh\u00e1m nh\u1eb9, th\u01b0\u1eddng \u0111\u01b0\u1ee3c d\u00f9ng l\u00e1t s\u00e2n th\u01b0\u1ee3ng, b\u1ea1n c\u00f4ng<\/p>\n<p>g\u1ea1ch cotto c\u00f3 \u01b0u \u0111i\u1ec3m d\u1ec5 d\u00e0ng lau ch\u00f9i v\u1ec7 sinh<\/p>\n<p>&nbsp;<\/p>\n<p>&nbsp;<\/p>\n","protected":false},"excerpt":{"rendered":"<p><span style=\"font-family: 'times new roman', times, serif; font-size: 130%; color: #000000;\">K\u00edch th\u01b0\u1edbc: 40&#215;40<\/span><\/p>\n<p><span style=\"font-family: 'times new roman', times, serif; font-size: 130%; color: #000000;\">G\u1ea1ch g\u1ed1m \u0111\u1ecf \u0111\u1ea5t vi\u1ec7t kh\u00f4ng tr\u00e1ng men<\/span><\/p>\n<p><span style=\"font-family: 'times new roman', times, serif; font-size: 130%; color: #000000;\">Gi\u00e1: <span style=\"color: #ff0000;\"><strong>75.000\/h\u1ed9p <\/strong><\/span>( 1 h\u1ed9p \u0111\u01b0\u1ee3c 6 vi\u00ean )<\/span><\/p>\n","protected":false},"featured_media":4398,"comment_status":"closed","ping_status":"closed","template":"","meta":[],"product_cat":[15],"product_tag":[],"class_list":{"0":"post-4397","1":"product","2":"type-product","3":"status-publish","4":"has-post-thumbnail","6":"product_cat-chua-phan-loai","8":"first","9":"instock","10":"sale","11":"shipping-taxable","12":"purchasable","13":"product-type-simple"},"yoast_head":"<!-- This site is optimized with the Yoast SEO Premium plugin v22.3 (Yoast SEO v22.8) - https:\/\/yoast.com\/wordpress\/plugins\/seo\/ -->\n<title>G\u1ea1ch g\u1ed1m \u0111\u1ecf 40x40 - V\u1eadt Li\u1ec7u X\u00e2y D\u1ef1ng Tr\u1ea7n Th\u1ecb Chi Nh\u00e1nh Qu\u1ea3ng Nam<\/title>\n<meta name=\"robots\" content=\"index, follow, max-snippet:-1, max-image-preview:large, max-video-preview:-1\" \/>\n<link rel=\"canonical\" href=\"https:\/\/tranthi.vn\/quangnam\/gia-gach-gom-do-da-nang\/\" \/>\n<meta property=\"og:locale\" content=\"vi_VN\" \/>\n<meta property=\"og:type\" content=\"article\" \/>\n<meta property=\"og:title\" content=\"G\u1ea1ch g\u1ed1m \u0111\u1ecf 40x40\" \/>\n<meta property=\"og:description\" content=\"K\u00edch th\u01b0\u1edbc: 40x40  G\u1ea1ch g\u1ed1m \u0111\u1ecf \u0111\u1ea5t vi\u1ec7t kh\u00f4ng tr\u00e1ng men  Gi\u00e1: 75.000\/h\u1ed9p ( 1 h\u1ed9p \u0111\u01b0\u1ee3c 6 vi\u00ean )\" \/>\n<meta property=\"og:url\" content=\"https:\/\/tranthi.vn\/quangnam\/gia-gach-gom-do-da-nang\/\" \/>\n<meta property=\"og:site_name\" content=\"V\u1eadt Li\u1ec7u X\u00e2y D\u1ef1ng Tr\u1ea7n Th\u1ecb Chi Nh\u00e1nh Qu\u1ea3ng Nam\" \/>\n<meta property=\"article:modified_time\" content=\"2022-11-07T09:00:02+00:00\" \/>\n<meta property=\"og:image\" content=\"https:\/\/tranthi.vn\/quangnam\/wp-content\/uploads\/2022\/11\/gach-gom-khong-trang-men-tai-da-nang_optimized.jpg\" \/>\n\t<meta property=\"og:image:width\" content=\"400\" \/>\n\t<meta property=\"og:image:height\" content=\"400\" \/>\n\t<meta property=\"og:image:type\" content=\"image\/jpeg\" \/>\n<meta name=\"twitter:card\" content=\"summary_large_image\" \/>\n<meta name=\"twitter:label1\" content=\"Gi\u00e1\" \/>\n\t<meta name=\"twitter:data1\" content=\"75,000&nbsp;&#8363;\" \/>\n\t<meta name=\"twitter:label2\" content=\"Kh\u1ea3 d\u1ee5ng\" \/>\n\t<meta name=\"twitter:data2\" content=\"Trong kho\" \/>\n<script type=\"application\/ld+json\" class=\"yoast-schema-graph\">{\"@context\":\"https:\/\/schema.org\",\"@graph\":[{\"@type\":[\"WebPage\",\"ItemPage\"],\"@id\":\"https:\/\/tranthi.vn\/quangnam\/gia-gach-gom-do-da-nang\/\",\"url\":\"https:\/\/tranthi.vn\/quangnam\/gia-gach-gom-do-da-nang\/\",\"name\":\"G\u1ea1ch g\u1ed1m \u0111\u1ecf 40x40 - V\u1eadt Li\u1ec7u X\u00e2y D\u1ef1ng Tr\u1ea7n Th\u1ecb Chi Nh\u00e1nh Qu\u1ea3ng Nam\",\"isPartOf\":{\"@id\":\"https:\/\/tranthi.vn\/quangnam\/#website\"},\"primaryImageOfPage\":{\"@id\":\"https:\/\/tranthi.vn\/quangnam\/gia-gach-gom-do-da-nang\/#primaryimage\"},\"image\":{\"@id\":\"https:\/\/tranthi.vn\/quangnam\/gia-gach-gom-do-da-nang\/#primaryimage\"},\"thumbnailUrl\":\"https:\/\/tranthi.vn\/quangnam\/wp-content\/uploads\/2022\/11\/gach-gom-khong-trang-men-tai-da-nang_optimized.jpg\",\"datePublished\":\"2022-11-07T08:33:31+00:00\",\"dateModified\":\"2022-11-07T09:00:02+00:00\",\"breadcrumb\":{\"@id\":\"https:\/\/tranthi.vn\/quangnam\/gia-gach-gom-do-da-nang\/#breadcrumb\"},\"inLanguage\":\"vi\",\"potentialAction\":[{\"@type\":\"ReadAction\",\"target\":[\"https:\/\/tranthi.vn\/quangnam\/gia-gach-gom-do-da-nang\/\"]}]},{\"@type\":\"ImageObject\",\"inLanguage\":\"vi\",\"@id\":\"https:\/\/tranthi.vn\/quangnam\/gia-gach-gom-do-da-nang\/#primaryimage\",\"url\":\"https:\/\/tranthi.vn\/quangnam\/wp-content\/uploads\/2022\/11\/gach-gom-khong-trang-men-tai-da-nang_optimized.jpg\",\"contentUrl\":\"https:\/\/tranthi.vn\/quangnam\/wp-content\/uploads\/2022\/11\/gach-gom-khong-trang-men-tai-da-nang_optimized.jpg\",\"width\":400,\"height\":400},{\"@type\":\"BreadcrumbList\",\"@id\":\"https:\/\/tranthi.vn\/quangnam\/gia-gach-gom-do-da-nang\/#breadcrumb\",\"itemListElement\":[{\"@type\":\"ListItem\",\"position\":1,\"name\":\"Trang ch\u1ee7\",\"item\":\"https:\/\/tranthi.vn\/quangnam\/\"},{\"@type\":\"ListItem\",\"position\":2,\"name\":\"Shop\",\"item\":\"https:\/\/tranthi.vn\/quangnam\/shop\/\"},{\"@type\":\"ListItem\",\"position\":3,\"name\":\"G\u1ea1ch g\u1ed1m \u0111\u1ecf 40&#215;40\"}]},{\"@type\":\"WebSite\",\"@id\":\"https:\/\/tranthi.vn\/quangnam\/#website\",\"url\":\"https:\/\/tranthi.vn\/quangnam\/\",\"name\":\"V\u1eadt Li\u1ec7u X\u00e2y D\u1ef1ng Tr\u1ea7n Th\u1ecb Chi Nh\u00e1nh Qu\u1ea3ng Nam\",\"description\":\"V\u1eadt Li\u1ec7u X\u00e2y D\u1ef1ng - Qu\u1ea3ng Nam\",\"potentialAction\":[{\"@type\":\"SearchAction\",\"target\":{\"@type\":\"EntryPoint\",\"urlTemplate\":\"https:\/\/tranthi.vn\/quangnam\/?s={search_term_string}\"},\"query-input\":\"required name=search_term_string\"}],\"inLanguage\":\"vi\"},{\"@type\":\"ImageObject\",\"inLanguage\":\"vi\",\"@id\":\"https:\/\/tranthi.vn\/quangnam\/gia-gach-gom-do-da-nang\/#local-main-organization-logo\",\"url\":\"\",\"contentUrl\":\"\",\"caption\":\"V\u1eadt Li\u1ec7u X\u00e2y D\u1ef1ng Tr\u1ea7n Th\u1ecb Chi Nh\u00e1nh Qu\u1ea3ng Nam\"}]}<\/script>\n<meta property=\"product:price:amount\" content=\"75000\" \/>\n<meta property=\"product:price:currency\" content=\"VND\" \/>\n<meta property=\"og:availability\" content=\"instock\" \/>\n<meta property=\"product:availability\" content=\"instock\" \/>\n<meta property=\"product:condition\" content=\"new\" \/>\n<!-- \/ Yoast SEO Premium plugin. -->","yoast_head_json":{"title":"G\u1ea1ch g\u1ed1m \u0111\u1ecf 40x40 - V\u1eadt Li\u1ec7u X\u00e2y D\u1ef1ng Tr\u1ea7n Th\u1ecb Chi Nh\u00e1nh Qu\u1ea3ng Nam","robots":{"index":"index","follow":"follow","max-snippet":"max-snippet:-1","max-image-preview":"max-image-preview:large","max-video-preview":"max-video-preview:-1"},"canonical":"https:\/\/tranthi.vn\/quangnam\/gia-gach-gom-do-da-nang\/","og_locale":"vi_VN","og_type":"article","og_title":"G\u1ea1ch g\u1ed1m \u0111\u1ecf 40x40","og_description":"K\u00edch th\u01b0\u1edbc: 40x40  G\u1ea1ch g\u1ed1m \u0111\u1ecf \u0111\u1ea5t vi\u1ec7t kh\u00f4ng tr\u00e1ng men  Gi\u00e1: 75.000\/h\u1ed9p ( 1 h\u1ed9p \u0111\u01b0\u1ee3c 6 vi\u00ean )","og_url":"https:\/\/tranthi.vn\/quangnam\/gia-gach-gom-do-da-nang\/","og_site_name":"V\u1eadt Li\u1ec7u X\u00e2y D\u1ef1ng Tr\u1ea7n Th\u1ecb Chi Nh\u00e1nh Qu\u1ea3ng Nam","article_modified_time":"2022-11-07T09:00:02+00:00","og_image":[{"width":400,"height":400,"url":"https:\/\/tranthi.vn\/quangnam\/wp-content\/uploads\/2022\/11\/gach-gom-khong-trang-men-tai-da-nang_optimized.jpg","type":"image\/jpeg"}],"twitter_card":"summary_large_image","twitter_misc":{"Gi\u00e1":"75,000&nbsp;&#8363;","Kh\u1ea3 d\u1ee5ng":"Trong kho"},"schema":{"@context":"https:\/\/schema.org","@graph":[{"@type":["WebPage","ItemPage"],"@id":"https:\/\/tranthi.vn\/quangnam\/gia-gach-gom-do-da-nang\/","url":"https:\/\/tranthi.vn\/quangnam\/gia-gach-gom-do-da-nang\/","name":"G\u1ea1ch g\u1ed1m \u0111\u1ecf 40x40 - V\u1eadt Li\u1ec7u X\u00e2y D\u1ef1ng Tr\u1ea7n Th\u1ecb Chi Nh\u00e1nh Qu\u1ea3ng Nam","isPartOf":{"@id":"https:\/\/tranthi.vn\/quangnam\/#website"},"primaryImageOfPage":{"@id":"https:\/\/tranthi.vn\/quangnam\/gia-gach-gom-do-da-nang\/#primaryimage"},"image":{"@id":"https:\/\/tranthi.vn\/quangnam\/gia-gach-gom-do-da-nang\/#primaryimage"},"thumbnailUrl":"https:\/\/tranthi.vn\/quangnam\/wp-content\/uploads\/2022\/11\/gach-gom-khong-trang-men-tai-da-nang_optimized.jpg","datePublished":"2022-11-07T08:33:31+00:00","dateModified":"2022-11-07T09:00:02+00:00","breadcrumb":{"@id":"https:\/\/tranthi.vn\/quangnam\/gia-gach-gom-do-da-nang\/#breadcrumb"},"inLanguage":"vi","potentialAction":[{"@type":"ReadAction","target":["https:\/\/tranthi.vn\/quangnam\/gia-gach-gom-do-da-nang\/"]}]},{"@type":"ImageObject","inLanguage":"vi","@id":"https:\/\/tranthi.vn\/quangnam\/gia-gach-gom-do-da-nang\/#primaryimage","url":"https:\/\/tranthi.vn\/quangnam\/wp-content\/uploads\/2022\/11\/gach-gom-khong-trang-men-tai-da-nang_optimized.jpg","contentUrl":"https:\/\/tranthi.vn\/quangnam\/wp-content\/uploads\/2022\/11\/gach-gom-khong-trang-men-tai-da-nang_optimized.jpg","width":400,"height":400},{"@type":"BreadcrumbList","@id":"https:\/\/tranthi.vn\/quangnam\/gia-gach-gom-do-da-nang\/#breadcrumb","itemListElement":[{"@type":"ListItem","position":1,"name":"Trang ch\u1ee7","item":"https:\/\/tranthi.vn\/quangnam\/"},{"@type":"ListItem","position":2,"name":"Shop","item":"https:\/\/tranthi.vn\/quangnam\/shop\/"},{"@type":"ListItem","position":3,"name":"G\u1ea1ch g\u1ed1m \u0111\u1ecf 40&#215;40"}]},{"@type":"WebSite","@id":"https:\/\/tranthi.vn\/quangnam\/#website","url":"https:\/\/tranthi.vn\/quangnam\/","name":"V\u1eadt Li\u1ec7u X\u00e2y D\u1ef1ng Tr\u1ea7n Th\u1ecb Chi Nh\u00e1nh Qu\u1ea3ng Nam","description":"V\u1eadt Li\u1ec7u X\u00e2y D\u1ef1ng - Qu\u1ea3ng Nam","potentialAction":[{"@type":"SearchAction","target":{"@type":"EntryPoint","urlTemplate":"https:\/\/tranthi.vn\/quangnam\/?s={search_term_string}"},"query-input":"required name=search_term_string"}],"inLanguage":"vi"},{"@type":"ImageObject","inLanguage":"vi","@id":"https:\/\/tranthi.vn\/quangnam\/gia-gach-gom-do-da-nang\/#local-main-organization-logo","url":"","contentUrl":"","caption":"V\u1eadt Li\u1ec7u X\u00e2y D\u1ef1ng Tr\u1ea7n Th\u1ecb Chi Nh\u00e1nh Qu\u1ea3ng Nam"}]},"product_price_amount":"75000","product_price_currency":"VND","og_availability":"instock","product_availability":"instock","product_condition":"new"},"_links":{"self":[{"href":"https:\/\/tranthi.vn\/quangnam\/wp-json\/wp\/v2\/product\/4397","targetHints":{"allow":["GET"]}}],"collection":[{"href":"https:\/\/tranthi.vn\/quangnam\/wp-json\/wp\/v2\/product"}],"about":[{"href":"https:\/\/tranthi.vn\/quangnam\/wp-json\/wp\/v2\/types\/product"}],"replies":[{"embeddable":true,"href":"https:\/\/tranthi.vn\/quangnam\/wp-json\/wp\/v2\/comments?post=4397"}],"wp:featuredmedia":[{"embeddable":true,"href":"https:\/\/tranthi.vn\/quangnam\/wp-json\/wp\/v2\/media\/4398"}],"wp:attachment":[{"href":"https:\/\/tranthi.vn\/quangnam\/wp-json\/wp\/v2\/media?parent=4397"}],"wp:term":[{"taxonomy":"product_cat","embeddable":true,"href":"https:\/\/tranthi.vn\/quangnam\/wp-json\/wp\/v2\/product_cat?post=4397"},{"taxonomy":"product_tag","embeddable":true,"href":"https:\/\/tranthi.vn\/quangnam\/wp-json\/wp\/v2\/product_tag?post=4397"}],"curies":[{"name":"wp","href":"https:\/\/api.w.org\/{rel}","templated":true}]}}