{"id":4329,"date":"2022-10-25T17:18:37","date_gmt":"2022-10-25T10:18:37","guid":{"rendered":"https:\/\/tranthi.vn\/quangnam\/?post_type=product&#038;p=4329"},"modified":"2022-10-25T17:18:37","modified_gmt":"2022-10-25T10:18:37","slug":"bang-gia-son-spec-tai-da-nang","status":"publish","type":"product","link":"https:\/\/tranthi.vn\/quangnam\/bang-gia-son-spec-tai-da-nang\/","title":{"rendered":"B\u1ea3ng Gi\u00e1 S\u01a1n Spec T\u1ea1i \u0110\u00e0 N\u1eb5ng"},"content":{"rendered":"<p>S\u01a1n spec t\u1ea1i th\u1ecb tr\u01b0\u1eddng \u0110\u00e0 N\u1eb5ng l\u00e0 m\u1ed9t d\u00f2ng s\u01a1n kh\u00f4ng qu\u00e1 m\u1edbi c\u0169ng kh\u00f4ng qu\u00e1 ph\u1ed5 th\u00f4ng, l\u00e0 m\u1ed9t nh\u00e3n h\u00e0ng s\u01a1n c\u1ee7a doanh nghi\u1ec7p 4 oranges v\u1ec1 ch\u1ea5t l\u01b0\u1ee3ng lu\u00f4n \u0111\u01b0\u1ee3c \u0111\u1ea3m b\u1ea3o<\/p>\n<h2><strong>S\u01a1n spec c\u00f3 t\u1ed1t kh\u00f4ng?<\/strong><\/h2>\n<figure id=\"attachment_5136\" class=\"wp-caption aligncenter\" aria-describedby=\"caption-attachment-5136\"><figcaption id=\"caption-attachment-5136\" class=\"wp-caption-text\">\u01afu \u0111i\u1ec3m c\u1ee7a s\u01a1n Spec<\/figcaption><\/figure>\n<p>S\u01a1n c\u00f3 b\u1ec1 ngo\u00e0i l\u00e1ng m\u1ecbn v\u00e0 b\u00f3ng nh\u1eb9, \u0111\u1ed9 che ph\u1ee7 cao. Ch\u01b0a k\u1ec3 s\u01a1n c\u0169ng ch\u1ed1ng n\u00f3ng t\u1ed1t , thu\u1eadn l\u1ee3i g\u1ed9t r\u1eeda t\u1ed1t. L\u00e0 lo\u1ea1i s\u01a1n t\u01b0\u01a1ng x\u1ee9ng \u0111\u1ea3m b\u1ea3o an to\u00e0n n\u1ed9i ngo\u1ea1i th\u1ea5t c\u0103n nh\u00e0 c\u1ee7a b\u1ea1n;<\/p>\n<p>C\u00f3 r\u1ea5t nhi\u1ec1u d\u00f2ng s\u01a1n kh\u00f4ng gi\u1ed1ng nhau h\u1ee3p l\u1ec7 nhi\u1ec1u k\u1ebb;<\/p>\n<p>Spec c\u00f3 h\u01a1n 800 s\u1eafc th\u00e1i, gam m\u00e0u \u0111\u1eb9p , t\u1ed1i t\u00e2n;<\/p>\n<p>Kh\u00f4ng ch\u1ea5t c\u00f3 h\u1ea1i, s\u1ed1ng chan h\u00f2a v\u1edbi con ng\u01b0\u1eddi , m\u00f4i tr\u01b0\u1eddng.<\/p>\n<p>V\u00ec th\u1ebf s\u01a1n c\u1ef1c k\u1ef3 t\u1ed1t, th\u1ecfa \u0111\u00e1ng cho n\u1ed9i l\u1eabn ngo\u1ea1i th\u1ea5t, t\u1eeb c\u00f4ng tr\u00ecnh ki\u1ebfn tr\u00fac nh\u00e0 \u1edf \u0111\u1ebfn c\u00e1c c\u00f4ng tr\u00ecnh ki\u1ebfn tr\u00fac l\u1edbn.<\/p>\n<p>&nbsp;<\/p>\n","protected":false},"excerpt":{"rendered":"<p>S\u01a1n spec t\u1ea1i th\u1ecb tr\u01b0\u1eddng \u0110\u00e0 N\u1eb5ng l\u00e0 m\u1ed9t d\u00f2ng s\u01a1n kh\u00f4ng qu\u00e1 m\u1edbi c\u0169ng kh\u00f4ng qu\u00e1 ph\u1ed5 th\u00f4ng, l\u00e0 m\u1ed9t nh\u00e3n h\u00e0ng s\u01a1n c\u1ee7a doanh nghi\u1ec7p 4 oranges v\u1ec1 ch\u1ea5t l\u01b0\u1ee3ng lu\u00f4n \u0111\u01b0\u1ee3c \u0111\u1ea3m b\u1ea3o S\u01a1n spec c\u00f3 t\u1ed1t kh\u00f4ng? \u01afu \u0111i\u1ec3m c\u1ee7a s\u01a1n Spec S\u01a1n c\u00f3 b\u1ec1 ngo\u00e0i l\u00e1ng m\u1ecbn v\u00e0 b\u00f3ng nh\u1eb9, [&#8230;]\n","protected":false},"featured_media":0,"comment_status":"closed","ping_status":"closed","template":"","meta":[],"product_cat":[15],"product_tag":[],"class_list":{"0":"post-4329","1":"product","2":"type-product","3":"status-publish","5":"product_cat-chua-phan-loai","7":"first","8":"instock","9":"shipping-taxable","10":"product-type-simple"},"yoast_head":"<!-- This site is optimized with the Yoast SEO Premium plugin v22.3 (Yoast SEO v22.8) - https:\/\/yoast.com\/wordpress\/plugins\/seo\/ -->\n<title>B\u1ea3ng Gi\u00e1 S\u01a1n Spec T\u1ea1i \u0110\u00e0 N\u1eb5ng - V\u1eadt Li\u1ec7u X\u00e2y D\u1ef1ng Tr\u1ea7n Th\u1ecb Chi Nh\u00e1nh Qu\u1ea3ng Nam<\/title>\n<meta name=\"robots\" content=\"index, follow, max-snippet:-1, max-image-preview:large, max-video-preview:-1\" \/>\n<link rel=\"canonical\" href=\"https:\/\/tranthi.vn\/quangnam\/bang-gia-son-spec-tai-da-nang\/\" \/>\n<meta property=\"og:locale\" content=\"vi_VN\" \/>\n<meta property=\"og:type\" content=\"article\" \/>\n<meta property=\"og:title\" content=\"B\u1ea3ng Gi\u00e1 S\u01a1n Spec T\u1ea1i \u0110\u00e0 N\u1eb5ng\" \/>\n<meta property=\"og:description\" content=\"S\u01a1n spec t\u1ea1i th\u1ecb tr\u01b0\u1eddng \u0110\u00e0 N\u1eb5ng l\u00e0 m\u1ed9t d\u00f2ng s\u01a1n kh\u00f4ng qu\u00e1 m\u1edbi c\u0169ng kh\u00f4ng qu\u00e1 ph\u1ed5 th\u00f4ng, l\u00e0 m\u1ed9t nh\u00e3n h\u00e0ng s\u01a1n c\u1ee7a doanh nghi\u1ec7p 4 oranges v\u1ec1 ch\u1ea5t l\u01b0\u1ee3ng lu\u00f4n \u0111\u01b0\u1ee3c \u0111\u1ea3m b\u1ea3o S\u01a1n spec c\u00f3 t\u1ed1t kh\u00f4ng? \u01afu \u0111i\u1ec3m c\u1ee7a s\u01a1n Spec S\u01a1n c\u00f3 b\u1ec1 ngo\u00e0i l\u00e1ng m\u1ecbn v\u00e0 b\u00f3ng nh\u1eb9, [...]\" \/>\n<meta property=\"og:url\" content=\"https:\/\/tranthi.vn\/quangnam\/bang-gia-son-spec-tai-da-nang\/\" \/>\n<meta property=\"og:site_name\" content=\"V\u1eadt Li\u1ec7u X\u00e2y D\u1ef1ng Tr\u1ea7n Th\u1ecb Chi Nh\u00e1nh Qu\u1ea3ng Nam\" \/>\n<meta name=\"twitter:card\" content=\"summary_large_image\" \/>\n<meta name=\"twitter:label1\" content=\"Gi\u00e1\" \/>\n\t<meta name=\"twitter:data1\" content=\"\" \/>\n\t<meta name=\"twitter:label2\" content=\"Kh\u1ea3 d\u1ee5ng\" \/>\n\t<meta name=\"twitter:data2\" content=\"Trong kho\" \/>\n<script type=\"application\/ld+json\" class=\"yoast-schema-graph\">{\"@context\":\"https:\/\/schema.org\",\"@graph\":[{\"@type\":[\"WebPage\",\"ItemPage\"],\"@id\":\"https:\/\/tranthi.vn\/quangnam\/bang-gia-son-spec-tai-da-nang\/\",\"url\":\"https:\/\/tranthi.vn\/quangnam\/bang-gia-son-spec-tai-da-nang\/\",\"name\":\"B\u1ea3ng Gi\u00e1 S\u01a1n Spec T\u1ea1i \u0110\u00e0 N\u1eb5ng - V\u1eadt Li\u1ec7u X\u00e2y D\u1ef1ng Tr\u1ea7n Th\u1ecb Chi Nh\u00e1nh Qu\u1ea3ng Nam\",\"isPartOf\":{\"@id\":\"https:\/\/tranthi.vn\/quangnam\/#website\"},\"datePublished\":\"2022-10-25T10:18:37+00:00\",\"dateModified\":\"2022-10-25T10:18:37+00:00\",\"breadcrumb\":{\"@id\":\"https:\/\/tranthi.vn\/quangnam\/bang-gia-son-spec-tai-da-nang\/#breadcrumb\"},\"inLanguage\":\"vi\",\"potentialAction\":[{\"@type\":\"ReadAction\",\"target\":[\"https:\/\/tranthi.vn\/quangnam\/bang-gia-son-spec-tai-da-nang\/\"]}]},{\"@type\":\"BreadcrumbList\",\"@id\":\"https:\/\/tranthi.vn\/quangnam\/bang-gia-son-spec-tai-da-nang\/#breadcrumb\",\"itemListElement\":[{\"@type\":\"ListItem\",\"position\":1,\"name\":\"Trang ch\u1ee7\",\"item\":\"https:\/\/tranthi.vn\/quangnam\/\"},{\"@type\":\"ListItem\",\"position\":2,\"name\":\"Shop\",\"item\":\"https:\/\/tranthi.vn\/quangnam\/shop\/\"},{\"@type\":\"ListItem\",\"position\":3,\"name\":\"B\u1ea3ng Gi\u00e1 S\u01a1n Spec T\u1ea1i \u0110\u00e0 N\u1eb5ng\"}]},{\"@type\":\"WebSite\",\"@id\":\"https:\/\/tranthi.vn\/quangnam\/#website\",\"url\":\"https:\/\/tranthi.vn\/quangnam\/\",\"name\":\"V\u1eadt Li\u1ec7u X\u00e2y D\u1ef1ng Tr\u1ea7n Th\u1ecb Chi Nh\u00e1nh Qu\u1ea3ng Nam\",\"description\":\"V\u1eadt Li\u1ec7u X\u00e2y D\u1ef1ng - Qu\u1ea3ng Nam\",\"potentialAction\":[{\"@type\":\"SearchAction\",\"target\":{\"@type\":\"EntryPoint\",\"urlTemplate\":\"https:\/\/tranthi.vn\/quangnam\/?s={search_term_string}\"},\"query-input\":\"required name=search_term_string\"}],\"inLanguage\":\"vi\"},{\"@type\":\"ImageObject\",\"inLanguage\":\"vi\",\"@id\":\"https:\/\/tranthi.vn\/quangnam\/bang-gia-son-spec-tai-da-nang\/#local-main-organization-logo\",\"url\":\"\",\"contentUrl\":\"\",\"caption\":\"V\u1eadt Li\u1ec7u X\u00e2y D\u1ef1ng Tr\u1ea7n Th\u1ecb Chi Nh\u00e1nh Qu\u1ea3ng Nam\"}]}<\/script>\n<meta property=\"product:price:amount\" content=\"0\" \/>\n<meta property=\"product:price:currency\" content=\"VND\" \/>\n<meta property=\"og:availability\" content=\"instock\" \/>\n<meta property=\"product:availability\" content=\"instock\" \/>\n<meta property=\"product:condition\" content=\"new\" \/>\n<!-- \/ Yoast SEO Premium plugin. -->","yoast_head_json":{"title":"B\u1ea3ng Gi\u00e1 S\u01a1n Spec T\u1ea1i \u0110\u00e0 N\u1eb5ng - V\u1eadt Li\u1ec7u X\u00e2y D\u1ef1ng Tr\u1ea7n Th\u1ecb Chi Nh\u00e1nh Qu\u1ea3ng Nam","robots":{"index":"index","follow":"follow","max-snippet":"max-snippet:-1","max-image-preview":"max-image-preview:large","max-video-preview":"max-video-preview:-1"},"canonical":"https:\/\/tranthi.vn\/quangnam\/bang-gia-son-spec-tai-da-nang\/","og_locale":"vi_VN","og_type":"article","og_title":"B\u1ea3ng Gi\u00e1 S\u01a1n Spec T\u1ea1i \u0110\u00e0 N\u1eb5ng","og_description":"S\u01a1n spec t\u1ea1i th\u1ecb tr\u01b0\u1eddng \u0110\u00e0 N\u1eb5ng l\u00e0 m\u1ed9t d\u00f2ng s\u01a1n kh\u00f4ng qu\u00e1 m\u1edbi c\u0169ng kh\u00f4ng qu\u00e1 ph\u1ed5 th\u00f4ng, l\u00e0 m\u1ed9t nh\u00e3n h\u00e0ng s\u01a1n c\u1ee7a doanh nghi\u1ec7p 4 oranges v\u1ec1 ch\u1ea5t l\u01b0\u1ee3ng lu\u00f4n \u0111\u01b0\u1ee3c \u0111\u1ea3m b\u1ea3o S\u01a1n spec c\u00f3 t\u1ed1t kh\u00f4ng? \u01afu \u0111i\u1ec3m c\u1ee7a s\u01a1n Spec S\u01a1n c\u00f3 b\u1ec1 ngo\u00e0i l\u00e1ng m\u1ecbn v\u00e0 b\u00f3ng nh\u1eb9, [...]","og_url":"https:\/\/tranthi.vn\/quangnam\/bang-gia-son-spec-tai-da-nang\/","og_site_name":"V\u1eadt Li\u1ec7u X\u00e2y D\u1ef1ng Tr\u1ea7n Th\u1ecb Chi Nh\u00e1nh Qu\u1ea3ng Nam","twitter_card":"summary_large_image","twitter_misc":{"Gi\u00e1":"","Kh\u1ea3 d\u1ee5ng":"Trong kho"},"schema":{"@context":"https:\/\/schema.org","@graph":[{"@type":["WebPage","ItemPage"],"@id":"https:\/\/tranthi.vn\/quangnam\/bang-gia-son-spec-tai-da-nang\/","url":"https:\/\/tranthi.vn\/quangnam\/bang-gia-son-spec-tai-da-nang\/","name":"B\u1ea3ng Gi\u00e1 S\u01a1n Spec T\u1ea1i \u0110\u00e0 N\u1eb5ng - V\u1eadt Li\u1ec7u X\u00e2y D\u1ef1ng Tr\u1ea7n Th\u1ecb Chi Nh\u00e1nh Qu\u1ea3ng Nam","isPartOf":{"@id":"https:\/\/tranthi.vn\/quangnam\/#website"},"datePublished":"2022-10-25T10:18:37+00:00","dateModified":"2022-10-25T10:18:37+00:00","breadcrumb":{"@id":"https:\/\/tranthi.vn\/quangnam\/bang-gia-son-spec-tai-da-nang\/#breadcrumb"},"inLanguage":"vi","potentialAction":[{"@type":"ReadAction","target":["https:\/\/tranthi.vn\/quangnam\/bang-gia-son-spec-tai-da-nang\/"]}]},{"@type":"BreadcrumbList","@id":"https:\/\/tranthi.vn\/quangnam\/bang-gia-son-spec-tai-da-nang\/#breadcrumb","itemListElement":[{"@type":"ListItem","position":1,"name":"Trang ch\u1ee7","item":"https:\/\/tranthi.vn\/quangnam\/"},{"@type":"ListItem","position":2,"name":"Shop","item":"https:\/\/tranthi.vn\/quangnam\/shop\/"},{"@type":"ListItem","position":3,"name":"B\u1ea3ng Gi\u00e1 S\u01a1n Spec T\u1ea1i \u0110\u00e0 N\u1eb5ng"}]},{"@type":"WebSite","@id":"https:\/\/tranthi.vn\/quangnam\/#website","url":"https:\/\/tranthi.vn\/quangnam\/","name":"V\u1eadt Li\u1ec7u X\u00e2y D\u1ef1ng Tr\u1ea7n Th\u1ecb Chi Nh\u00e1nh Qu\u1ea3ng Nam","description":"V\u1eadt Li\u1ec7u X\u00e2y D\u1ef1ng - Qu\u1ea3ng Nam","potentialAction":[{"@type":"SearchAction","target":{"@type":"EntryPoint","urlTemplate":"https:\/\/tranthi.vn\/quangnam\/?s={search_term_string}"},"query-input":"required name=search_term_string"}],"inLanguage":"vi"},{"@type":"ImageObject","inLanguage":"vi","@id":"https:\/\/tranthi.vn\/quangnam\/bang-gia-son-spec-tai-da-nang\/#local-main-organization-logo","url":"","contentUrl":"","caption":"V\u1eadt Li\u1ec7u X\u00e2y D\u1ef1ng Tr\u1ea7n Th\u1ecb Chi Nh\u00e1nh Qu\u1ea3ng Nam"}]},"product_price_currency":"VND","og_availability":"instock","product_availability":"instock","product_condition":"new"},"_links":{"self":[{"href":"https:\/\/tranthi.vn\/quangnam\/wp-json\/wp\/v2\/product\/4329","targetHints":{"allow":["GET"]}}],"collection":[{"href":"https:\/\/tranthi.vn\/quangnam\/wp-json\/wp\/v2\/product"}],"about":[{"href":"https:\/\/tranthi.vn\/quangnam\/wp-json\/wp\/v2\/types\/product"}],"replies":[{"embeddable":true,"href":"https:\/\/tranthi.vn\/quangnam\/wp-json\/wp\/v2\/comments?post=4329"}],"wp:attachment":[{"href":"https:\/\/tranthi.vn\/quangnam\/wp-json\/wp\/v2\/media?parent=4329"}],"wp:term":[{"taxonomy":"product_cat","embeddable":true,"href":"https:\/\/tranthi.vn\/quangnam\/wp-json\/wp\/v2\/product_cat?post=4329"},{"taxonomy":"product_tag","embeddable":true,"href":"https:\/\/tranthi.vn\/quangnam\/wp-json\/wp\/v2\/product_tag?post=4329"}],"curies":[{"name":"wp","href":"https:\/\/api.w.org\/{rel}","templated":true}]}}