{"id":4299,"date":"2022-10-14T11:02:37","date_gmt":"2022-10-14T04:02:37","guid":{"rendered":"https:\/\/tranthi.vn\/quangnam\/?post_type=product&#038;p=4299"},"modified":"2024-11-15T07:47:40","modified_gmt":"2024-11-15T00:47:40","slug":"bon-tam-nhua-gia-re-tai-hoi-an-tam-ky-quang-nam","status":"publish","type":"product","link":"https:\/\/tranthi.vn\/quangnam\/bon-tam-nhua-gia-re-tai-hoi-an-tam-ky-quang-nam\/","title":{"rendered":"B\u1ed3n t\u1eafm BT-03 TL"},"content":{"rendered":"<h1 style=\"text-align: center;\"><span style=\"color: #ff0000;\"><strong><span style=\"font-family: 'times new roman', times, serif;\">GI\u00c1 B\u1ed2N T\u1eaeM NH\u1ef0A COMPOSITE T\u1ea0I H\u1ed8I AN-TAM K\u1ef2-QU\u1ea2NG NAM<\/span><\/strong><\/span><\/h1>\n<p><span style=\"font-family: 'times new roman', times, serif; font-size: 130%; color: #000000;\">T\u1ea1i <a href=\"https:\/\/vi.wikipedia.org\/wiki\/Qu%E1%BA%A3ng_Nam\"><strong><em>Qu\u1ea3ng Nam<\/em><\/strong><\/a> b\u1ed3n t\u1eafm nh\u1ef1a \u0111ang d\u1ea7n chi\u1ebfm \u01b0u th\u1ebf, trong c\u00e1c lo\u1ea1i nh\u1ef1a th\u00ec <strong><em>b\u1ed3n t\u1eafm nh\u1ef1a composite<\/em> <\/strong>c\u00f3 <strong><em>gi\u00e1<\/em><\/strong> th\u00e0nh v\u1eeba ph\u1ea3i nh\u1ea5t. N\u1ebfu kh\u00e1ch h\u00e0ng \u0111ang l\u1ef1a ch\u1ecdn m\u1ed9t lo\u1ea1i b\u1ed3n t\u1eafm gi\u00e1 th\u00e0nh kh\u00f4ng qu\u00e1 cao nh\u01b0ng \u0111\u1ea3m b\u1ea3o ch\u1ea5t l\u01b0\u1ee3ng \u0111\u1ed9 b\u1ec1n th\u00ec b\u1ed3n t\u1eafm nh\u1ef1a composite l\u00e0 l\u1ef1a ch\u1ecdn h\u1ee3p l\u00fd nh\u1ea5t<\/span><\/p>\n<figure id=\"attachment_7717\" aria-describedby=\"caption-attachment-7717\" style=\"width: 367px\" class=\"wp-caption aligncenter\"><img loading=\"lazy\" decoding=\"async\" class=\"wp-image-7717 \" src=\"https:\/\/tranthi.vn\/quangnam\/wp-content\/uploads\/2022\/10\/bon-tam-nhua-compusite-tai-tam-ky-hoi-an-quang-nam.png\" alt=\"b\u1ed3n t\u1eafm nh\u1ef1a compusite t\u1ea1i tam k\u1ef3- h\u1ed9i an- qu\u1ea3ng nam\" width=\"367\" height=\"262\" \/><figcaption id=\"caption-attachment-7717\" class=\"wp-caption-text\">b\u1ed3n t\u1eafm nh\u1ef1a compusite t\u1ea1i tam k\u1ef3- h\u1ed9i an- qu\u1ea3ng nam<\/figcaption><\/figure>\n<p>&nbsp;<\/p>\n<h2><span style=\"color: #ff0000; font-size: 100%;\"><strong><span style=\"font-family: 'times new roman', times, serif;\">1. B\u1ed3n t\u1eafm nh\u1ef1a composite t\u1ea1i Qu\u1ea3ng Nam<\/span><\/strong><\/span><\/h2>\n<p><span style=\"font-family: 'times new roman', times, serif; font-size: 130%; color: #000000;\">Thay v\u00ec s\u1eed d\u1ee5ng b\u1ed3n s\u1ee9 nh\u01b0 tr\u01b0\u1edbc \u0111\u00e2y \u0111\u1eb9p sang tr\u1ecdng nh\u01b0ng l\u1ea1i n\u1eb7ng n\u1ec1 , kh\u00f3 v\u1eadn chuy\u1ec3n v\u00e0 d\u1ecbch chuy\u1ec3n khi c\u1ea7n th\u00ec <strong><em>b\u1ed3n t\u1eafm nh\u1ef1a composite gi\u00e1 r\u1ebb<\/em><\/strong> \u0111ang \u0111\u01b0\u1ee3c \u01b0a chu\u1ed9ng r\u1ea5t nhi\u1ec1u t\u1ea1i <a href=\"https:\/\/vi.wikipedia.org\/wiki\/Qu%E1%BA%A3ng_Nam\"><strong><em>Qu\u1ea3ng Nam<\/em><\/strong><\/a><\/span><\/p>\n<p><span style=\"font-family: 'times new roman', times, serif; font-size: 130%; color: #000000;\">So v\u1edbi t\u1ea5t c\u1ea3 c\u00e1c d\u00f2ng th\u00ec <em><strong>b\u1ed3n t\u1eafm nh\u1ef1a composite<\/strong><\/em> c\u00f3<a href=\"https:\/\/vi.wikipedia.org\/wiki\/Gi%C3%A1_c%E1%BA%A3\"> <strong><em>gi\u00e1<\/em><\/strong> <\/a>th\u00e0nh th\u1ea5p<\/span><\/p>\n<ul>\n<li><span style=\"font-family: 'times new roman', times, serif; font-size: 130%; color: #000000;\">Ch\u1ec9 t\u1eeb 12 tri\u1ec7u \u0111\u1ebfn 20 tri\u1ec7u cho b\u1ed3n t\u1eafm th\u01b0\u1eddng<\/span><\/li>\n<li><span style=\"font-family: 'times new roman', times, serif; font-size: 130%; color: #000000;\">25 tri\u1ec7u tr\u1edf l\u00ean cho b\u1ed3n t\u1eafm c\u00f3 s\u1ee5c masage<\/span><\/li>\n<\/ul>\n<p><span style=\"font-family: 'times new roman', times, serif; font-size: 130%; color: #000000;\">\u0110\u01a1n gi\u00e1 c\u1ee7a b\u1ed3n s\u1ebd ph\u1ee5 thu\u1ed9c v\u00e0o k\u00edch th\u01b0\u1edbc, ch\u1ee9c n\u0103ng c\u0169ng nh\u01b0 ph\u1ee5 ki\u1ec7n k\u00e8m theo b\u1ed3n<\/span><\/p>\n<table style=\"border-collapse: collapse; width: 100%;\">\n<tbody>\n<tr>\n<td style=\"width: 50%;\"><img loading=\"lazy\" decoding=\"async\" class=\"alignnone size-full wp-image-7716\" src=\"https:\/\/tranthi.vn\/quangnam\/wp-content\/uploads\/2022\/10\/bon-tam-nhua-compusite-tai-tam-ky-hoi-an-quang-nam.jpg\" alt=\"b\u1ed3n t\u1eafm nh\u1ef1a compusite t\u1ea1i tam k\u1ef3- h\u1ed9i an- qu\u1ea3ng nam\" width=\"500\" height=\"400\" \/><\/td>\n<td style=\"width: 50%;\"><img loading=\"lazy\" decoding=\"async\" class=\"alignnone size-full wp-image-7715\" src=\"https:\/\/tranthi.vn\/quangnam\/wp-content\/uploads\/2022\/10\/bon-tam-nhua-compusite-tai-tam-ky-hoi-an-quang-nam-2.jpg\" alt=\"b\u1ed3n t\u1eafm nh\u1ef1a compusite t\u1ea1i tam k\u1ef3- h\u1ed9i an- qu\u1ea3ng nam\" width=\"500\" height=\"400\" \/><\/td>\n<\/tr>\n<\/tbody>\n<\/table>\n<p style=\"text-align: center;\"><strong><em><span style=\"font-family: 'times new roman', times, serif; font-size: 130%; color: #0000ff;\">\u0110\u00e2y l\u00e0 2 m\u1eabu b\u1ed3n t\u1eafm th\u01b0\u1eddng \u0111\u01b0\u1ee3c b\u00e1n ch\u1ea1y nh\u1ea5t<\/span><\/em><\/strong><\/p>\n<h2><span style=\"font-size: 100%;\"><strong><span style=\"font-family: 'times new roman', times, serif; color: #ff0000;\">2. B\u1ed3n t\u1eafm nh\u1ef1a composite c\u00f3 b\u1ec1n kh\u00f4ng<\/span><\/strong><\/span><\/h2>\n<p><span style=\"font-family: 'times new roman', times, serif; font-size: 130%; color: #000000;\"><strong><em>B\u1ed3n t\u1eafm nh\u1ef1a composite<\/em><\/strong> l\u00e0 d\u00f2ng b\u1ed3n t\u1eafm nh\u1ef1a m\u1ee9c <strong><em>gi\u00e1 r\u1ebb<\/em><\/strong> t\u1ea1i <a href=\"https:\/\/vi.wikipedia.org\/wiki\/Qu%E1%BA%A3ng_Nam\"><strong><em>Qu\u1ea3ng Nam<\/em><\/strong><\/a>. N\u1ebfu nh\u00ecn b\u1eb1ng m\u1eaft th\u01b0\u1eddng th\u00ec b\u1ed3n t\u1eafm nh\u1ef1a kh\u00f4ng kh\u00e1c so v\u1edbi b\u1ed3n s\u1ee9, v\u1eabn c\u00f3 \u0111\u1ed9 tr\u1eafng tinh khi\u1ebft v\u00e0 \u0111\u1ed9 b\u00f3ng sang tr\u1ecdng<\/span><\/p>\n<p><span style=\"font-family: 'times new roman', times, serif; font-size: 130%; color: #000000;\">Tuy nhi\u00ean l\u00e0m b\u1eb1ng nh\u1ef1a n\u00ean kh\u00e1 nh\u1eb9 hai ng\u01b0\u01a1i c\u00f3 th\u1ec3 di chuy\u1ec3n b\u1ed3n v\u00f4 t\u01b0<\/span><\/p>\n<ul>\n<li><span style=\"font-family: 'times new roman', times, serif; font-size: 130%; color: #000000;\">Ch\u1ea5t li\u1ec7u nh\u1ef1a \u0111\u01b0\u1ee3c ph\u1ee7 b\u00f3ng b\u00ean ch\u1ed1ng tr\u1ea7y x\u01b0\u1edbc 100%,<\/span><\/li>\n<li><span style=\"font-family: 'times new roman', times, serif; font-size: 130%; color: #000000;\">Kh\u00f4ng b\u1ecb \u1ed1 v\u00e0ng<\/span><\/li>\n<li><span style=\"font-family: 'times new roman', times, serif; font-size: 130%; color: #000000;\">Kh\u1ed1ng b\u00e1m b\u1ea9n t\u1ed1t<\/span><\/li>\n<li><span style=\"font-family: 'times new roman', times, serif; font-size: 130%; color: #000000;\">C\u00f3 \u0111\u1ed9 c\u1ee9ng v\u00e0 ch\u1ecbu \u0111\u01b0\u1ee3c t\u00e1c \u0111\u1ed9ng ngo\u1ea1i l\u1ef1c<\/span><\/li>\n<li><span style=\"font-family: 'times new roman', times, serif; font-size: 130%; color: #000000;\">Kh\u00f4ng b\u1eaft l\u1eeda<\/span><\/li>\n<li><span style=\"font-family: 'times new roman', times, serif; font-size: 130%; color: #000000;\">Nh\u1ef1a n\u00ean h\u1ea1n ch\u1ebf \u0111\u01b0\u1ee3c t\u00ecnh tr\u1ea1ng va v\u1ee1<\/span><\/li>\n<\/ul>\n<h2><strong><span style=\"font-family: 'times new roman', times, serif; font-size: 100%; color: #ff0000;\">3. C\u00f3 bao nhi\u00eau lo\u1ea1i b\u1ed3n t\u1eafm<\/span><\/strong><\/h2>\n<h3><span style=\"font-size: 100%;\"><span style=\"color: #000000; font-family: times new roman, times, serif;\">a) <\/span><span style=\"color: #000000; font-family: times new roman, times, serif;\">B\u1ed3n t\u1eafm massage<\/span><\/span><\/h3>\n<p><span style=\"font-family: 'times new roman', times, serif; font-size: 130%; color: #000000;\">B\u1ed3n t\u1eafm massage l\u00e0 lo\u1ea1i b\u1ed3n \u0111\u01b0\u1ee3c \u01b0a chu\u1ed9ng nh\u1ea5t, v\u1edbi ch\u1ee9c n\u0103ng massage gi\u00fap gi\u1ea3o m\u1ecfi, k\u00edch th\u00edch c\u00e1c c\u01a1 v\u00e0 th\u01b0 gi\u1ea3n sau m\u1ed9t ng\u00e0y l\u00e0m vi\u1ec7c m\u1ec7t m\u1ecfi<\/span><\/p>\n<figure id=\"attachment_4309\" aria-describedby=\"caption-attachment-4309\" style=\"width: 400px\" class=\"wp-caption aligncenter\"><img loading=\"lazy\" decoding=\"async\" class=\"wp-image-4309 size-full\" src=\"https:\/\/tranthi.vn\/quangnam\/wp-content\/uploads\/2022\/10\/bon-tam-massage-da-nang_optimized.jpg\" alt=\"b\u1ed3n t\u1eafm nh\u1ef1a compusite t\u1ea1i tam k\u1ef3- h\u1ed9i an- qu\u1ea3ng nam\" width=\"400\" height=\"350\" \/><figcaption id=\"caption-attachment-4309\" class=\"wp-caption-text\">b\u1ed3n t\u1eafm nh\u1ef1a compusite t\u1ea1i tam k\u1ef3- h\u1ed9i an- qu\u1ea3ng nam<\/figcaption><\/figure>\n<h3><span style=\"font-family: 'times new roman', times, serif; font-size: 100%; color: #000000;\">b) B\u1ed3n t\u1eafm n\u1eb1m<\/span><\/h3>\n<p><span style=\"font-family: 'times new roman', times, serif; font-size: 130%; color: #000000;\">l\u00e0 b\u1ed3n t\u1eafm \u0111\u01b0\u1ee3c thi\u1ebft k\u1ebf v\u1edbi k\u00edch th\u01b0\u1edbc l\u1edbn c\u00f3 th\u1ec3 n\u1eb1m v\u00e0o, b\u1ed3n t\u1eafm n\u1eb1m c\u00f3 nhi\u1ec1u k\u00edch th\u01b0\u1edbc th\u1ea5p nh\u1ea5t l\u00e0 1m2, B\u1ed3n t\u1eafm n\u1eb1m th\u01b0\u1eddng chi\u1ec7m di\u1ec7n t\u00edch nhi\u1ec1u n\u00ean th\u00edch h\u1ee3p v\u1edbi nh\u1eefng ph\u00f2ng t\u1eafm c\u00f3 kh\u00f4ng gian r\u1ed9ng<\/span><\/p>\n<h3><span style=\"font-family: 'times new roman', times, serif; font-size: 100%; color: #000000;\">c) B\u1ed3n t\u1eafm g\u00f3c<\/span><\/h3>\n<p><span style=\"font-family: 'times new roman', times, serif; font-size: 130%; color: #000000;\">L\u00e0 lo\u1ea1i b\u1ed3n t\u1eafm \u0111\u01b0\u1ee3c thi\u1ebft k\u1ebf d\u1ea1ng g\u00f3c nh\u1ecf \u0111\u1ec3 c\u00f3 th\u1ec3 l\u1eafp v\u00e0o v\u1ecb tr\u00ed g\u00f3c t\u01b0\u1eddng, b\u1ed3n t\u1eafm g\u00f3c chi\u1ebfm \u00edt di\u1ec7n t\u00edch n\u00ean th\u00edch h\u1ee3p v\u1edbi nh\u1eefng ph\u00f2ng t\u1eafm kh\u00f4ng gian nh\u1ecf, nh\u01b0ng \u0111\u00f3 c\u0169ng l\u00e0 nh\u01b0\u1ee3c \u0111i\u1ec3m v\u00ec kh\u00f4ng gian h\u1eb9p n\u00ean s\u1ebd kh\u00f4ng \u0111\u01b0\u1ee3c tho\u1ea3i m\u00e1i<\/span><\/p>\n<p style=\"text-align: center;\"><iframe loading=\"lazy\" src=\"\/\/www.youtube.com\/embed\/KIQtgW6w-jw\" width=\"560\" height=\"314\" allowfullscreen=\"allowfullscreen\"><\/iframe><\/p>\n<p>&nbsp;<\/p>\n<p>https:\/\/www.tiktok.com\/@tranthi.danang\/video\/7430705937859497234?is_from_webapp=1&#038;sender_device=pc&#038;web_id=7431826956162778644<\/p>\n<p>&nbsp;<\/p>\n","protected":false},"excerpt":{"rendered":"<p><span style=\"font-family: 'times new roman', times, serif; font-size: 130%; color: #000000;\">Ch\u1ea5t li\u1ec7u: Nh\u1ef1a composite<\/span><\/p>\n<p><span style=\"font-family: 'times new roman', times, serif; font-size: 130%; color: #000000;\">K\u00edch th\u01b0\u1edbc: 1700x800x550mm<\/span><\/p>\n<p><span style=\"font-family: 'times new roman', times, serif; font-size: 130%; color: #000000;\">Ph\u1ee5 ki\u1ec7m: sen v\u00f2i, sen t\u1eafm<\/span><\/p>\n<p><span style=\"font-family: 'times new roman', times, serif; font-size: 130%; color: #000000;\">\u0110\u01a1n gi\u00e1: <strong><span style=\"color: #ff0000;\">11.000.000\u0111<\/span><\/strong><\/span><\/p>\n","protected":false},"featured_media":4301,"comment_status":"closed","ping_status":"closed","template":"","meta":[],"product_cat":[317,318,179],"product_tag":[],"class_list":{"0":"post-4299","1":"product","2":"type-product","3":"status-publish","4":"has-post-thumbnail","6":"product_cat-bon-tam","7":"product_cat-bon-tam-thuong","8":"product_cat-thiet-bi-ve-sinh-da-nang","10":"first","11":"instock","12":"sale","13":"shipping-taxable","14":"purchasable","15":"product-type-simple"},"yoast_head":"<!-- This site is optimized with the Yoast SEO Premium plugin v22.3 (Yoast SEO v22.8) - https:\/\/yoast.com\/wordpress\/plugins\/seo\/ -->\n<title>B\u1ed3n t\u1eafm nh\u1ef1a composite gi\u00e1 r\u1ebb t\u1ea1i Qu\u1ea3ng Nam-0947.335.871<\/title>\n<meta name=\"description\" content=\"Tr\u1ea7n Th\u1ecb chuy\u00ean cung c\u1ea5p b\u1ed3n t\u1eafm nh\u1ef1a composite cao c\u1ea5p gi\u00e1 r\u1ebb t\u1ea1i Qu\u1ea3ng Nam b\u1ed3n ph\u1ee7 b\u00f3ng ch\u1ed1ng tr\u1ea7y x\u01b0\u1edbc v\u00e0 \u1ed1 v\u00e0ng d\u1ec5 d\u00e0ng v\u1eadn chuy\u1ec3n\" \/>\n<meta name=\"robots\" content=\"index, follow, max-snippet:-1, max-image-preview:large, max-video-preview:-1\" \/>\n<link rel=\"canonical\" href=\"https:\/\/tranthi.vn\/quangnam\/bon-tam-nhua-gia-re-tai-hoi-an-tam-ky-quang-nam\/\" \/>\n<meta property=\"og:locale\" content=\"vi_VN\" \/>\n<meta property=\"og:type\" content=\"article\" \/>\n<meta property=\"og:title\" content=\"B\u1ed3n t\u1eafm BT-03 TL\" \/>\n<meta property=\"og:description\" content=\"Tr\u1ea7n Th\u1ecb chuy\u00ean cung c\u1ea5p b\u1ed3n t\u1eafm nh\u1ef1a composite cao c\u1ea5p gi\u00e1 r\u1ebb t\u1ea1i Qu\u1ea3ng Nam b\u1ed3n ph\u1ee7 b\u00f3ng ch\u1ed1ng tr\u1ea7y x\u01b0\u1edbc v\u00e0 \u1ed1 v\u00e0ng d\u1ec5 d\u00e0ng v\u1eadn chuy\u1ec3n\" \/>\n<meta property=\"og:url\" content=\"https:\/\/tranthi.vn\/quangnam\/bon-tam-nhua-gia-re-tai-hoi-an-tam-ky-quang-nam\/\" \/>\n<meta property=\"og:site_name\" content=\"V\u1eadt Li\u1ec7u X\u00e2y D\u1ef1ng Tr\u1ea7n Th\u1ecb Chi Nh\u00e1nh Qu\u1ea3ng Nam\" \/>\n<meta property=\"article:modified_time\" content=\"2024-11-15T00:47:40+00:00\" \/>\n<meta property=\"og:image\" content=\"https:\/\/tranthi.vn\/quangnam\/wp-content\/uploads\/2022\/10\/bon-tam-thuong-gia-re-da-nang_optimized.jpg\" \/>\n\t<meta property=\"og:image:width\" content=\"500\" \/>\n\t<meta property=\"og:image:height\" content=\"400\" \/>\n\t<meta property=\"og:image:type\" content=\"image\/jpeg\" \/>\n<meta name=\"twitter:card\" content=\"summary_large_image\" \/>\n<meta name=\"twitter:label1\" content=\"Gi\u00e1\" \/>\n\t<meta name=\"twitter:data1\" content=\"11,000,000&nbsp;&#8363;\" \/>\n\t<meta name=\"twitter:label2\" content=\"Kh\u1ea3 d\u1ee5ng\" \/>\n\t<meta name=\"twitter:data2\" content=\"Trong kho\" \/>\n<script type=\"application\/ld+json\" class=\"yoast-schema-graph\">{\"@context\":\"https:\/\/schema.org\",\"@graph\":[{\"@type\":[\"WebPage\",\"ItemPage\"],\"@id\":\"https:\/\/tranthi.vn\/quangnam\/bon-tam-nhua-gia-re-tai-hoi-an-tam-ky-quang-nam\/\",\"url\":\"https:\/\/tranthi.vn\/quangnam\/bon-tam-nhua-gia-re-tai-hoi-an-tam-ky-quang-nam\/\",\"name\":\"B\u1ed3n t\u1eafm nh\u1ef1a composite gi\u00e1 r\u1ebb t\u1ea1i Qu\u1ea3ng Nam-0947.335.871\",\"isPartOf\":{\"@id\":\"https:\/\/tranthi.vn\/quangnam\/#website\"},\"primaryImageOfPage\":{\"@id\":\"https:\/\/tranthi.vn\/quangnam\/bon-tam-nhua-gia-re-tai-hoi-an-tam-ky-quang-nam\/#primaryimage\"},\"image\":{\"@id\":\"https:\/\/tranthi.vn\/quangnam\/bon-tam-nhua-gia-re-tai-hoi-an-tam-ky-quang-nam\/#primaryimage\"},\"thumbnailUrl\":\"https:\/\/tranthi.vn\/quangnam\/wp-content\/uploads\/2022\/10\/bon-tam-thuong-gia-re-da-nang_optimized.jpg\",\"datePublished\":\"2022-10-14T04:02:37+00:00\",\"dateModified\":\"2024-11-15T00:47:40+00:00\",\"description\":\"Tr\u1ea7n Th\u1ecb chuy\u00ean cung c\u1ea5p b\u1ed3n t\u1eafm nh\u1ef1a composite cao c\u1ea5p gi\u00e1 r\u1ebb t\u1ea1i Qu\u1ea3ng Nam b\u1ed3n ph\u1ee7 b\u00f3ng ch\u1ed1ng tr\u1ea7y x\u01b0\u1edbc v\u00e0 \u1ed1 v\u00e0ng d\u1ec5 d\u00e0ng v\u1eadn chuy\u1ec3n\",\"breadcrumb\":{\"@id\":\"https:\/\/tranthi.vn\/quangnam\/bon-tam-nhua-gia-re-tai-hoi-an-tam-ky-quang-nam\/#breadcrumb\"},\"inLanguage\":\"vi\",\"potentialAction\":[{\"@type\":\"ReadAction\",\"target\":[\"https:\/\/tranthi.vn\/quangnam\/bon-tam-nhua-gia-re-tai-hoi-an-tam-ky-quang-nam\/\"]}]},{\"@type\":\"ImageObject\",\"inLanguage\":\"vi\",\"@id\":\"https:\/\/tranthi.vn\/quangnam\/bon-tam-nhua-gia-re-tai-hoi-an-tam-ky-quang-nam\/#primaryimage\",\"url\":\"https:\/\/tranthi.vn\/quangnam\/wp-content\/uploads\/2022\/10\/bon-tam-thuong-gia-re-da-nang_optimized.jpg\",\"contentUrl\":\"https:\/\/tranthi.vn\/quangnam\/wp-content\/uploads\/2022\/10\/bon-tam-thuong-gia-re-da-nang_optimized.jpg\",\"width\":500,\"height\":400},{\"@type\":\"BreadcrumbList\",\"@id\":\"https:\/\/tranthi.vn\/quangnam\/bon-tam-nhua-gia-re-tai-hoi-an-tam-ky-quang-nam\/#breadcrumb\",\"itemListElement\":[{\"@type\":\"ListItem\",\"position\":1,\"name\":\"Trang ch\u1ee7\",\"item\":\"https:\/\/tranthi.vn\/quangnam\/\"},{\"@type\":\"ListItem\",\"position\":2,\"name\":\"Shop\",\"item\":\"https:\/\/tranthi.vn\/quangnam\/shop\/\"},{\"@type\":\"ListItem\",\"position\":3,\"name\":\"B\u1ed3n t\u1eafm BT-03 TL\"}]},{\"@type\":\"WebSite\",\"@id\":\"https:\/\/tranthi.vn\/quangnam\/#website\",\"url\":\"https:\/\/tranthi.vn\/quangnam\/\",\"name\":\"V\u1eadt Li\u1ec7u X\u00e2y D\u1ef1ng Tr\u1ea7n Th\u1ecb Chi Nh\u00e1nh Qu\u1ea3ng Nam\",\"description\":\"V\u1eadt Li\u1ec7u X\u00e2y D\u1ef1ng - Qu\u1ea3ng Nam\",\"potentialAction\":[{\"@type\":\"SearchAction\",\"target\":{\"@type\":\"EntryPoint\",\"urlTemplate\":\"https:\/\/tranthi.vn\/quangnam\/?s={search_term_string}\"},\"query-input\":\"required name=search_term_string\"}],\"inLanguage\":\"vi\"},{\"@type\":\"ImageObject\",\"inLanguage\":\"vi\",\"@id\":\"https:\/\/tranthi.vn\/quangnam\/bon-tam-nhua-gia-re-tai-hoi-an-tam-ky-quang-nam\/#local-main-organization-logo\",\"url\":\"\",\"contentUrl\":\"\",\"caption\":\"V\u1eadt Li\u1ec7u X\u00e2y D\u1ef1ng Tr\u1ea7n Th\u1ecb Chi Nh\u00e1nh Qu\u1ea3ng Nam\"}]}<\/script>\n<meta property=\"product:price:amount\" content=\"11000000\" \/>\n<meta property=\"product:price:currency\" content=\"VND\" \/>\n<meta property=\"og:availability\" content=\"instock\" \/>\n<meta property=\"product:availability\" content=\"instock\" \/>\n<meta property=\"product:condition\" content=\"new\" \/>\n<!-- \/ Yoast SEO Premium plugin. -->","yoast_head_json":{"title":"B\u1ed3n t\u1eafm nh\u1ef1a composite gi\u00e1 r\u1ebb t\u1ea1i Qu\u1ea3ng Nam-0947.335.871","description":"Tr\u1ea7n Th\u1ecb chuy\u00ean cung c\u1ea5p b\u1ed3n t\u1eafm nh\u1ef1a composite cao c\u1ea5p gi\u00e1 r\u1ebb t\u1ea1i Qu\u1ea3ng Nam b\u1ed3n ph\u1ee7 b\u00f3ng ch\u1ed1ng tr\u1ea7y x\u01b0\u1edbc v\u00e0 \u1ed1 v\u00e0ng d\u1ec5 d\u00e0ng v\u1eadn chuy\u1ec3n","robots":{"index":"index","follow":"follow","max-snippet":"max-snippet:-1","max-image-preview":"max-image-preview:large","max-video-preview":"max-video-preview:-1"},"canonical":"https:\/\/tranthi.vn\/quangnam\/bon-tam-nhua-gia-re-tai-hoi-an-tam-ky-quang-nam\/","og_locale":"vi_VN","og_type":"article","og_title":"B\u1ed3n t\u1eafm BT-03 TL","og_description":"Tr\u1ea7n Th\u1ecb chuy\u00ean cung c\u1ea5p b\u1ed3n t\u1eafm nh\u1ef1a composite cao c\u1ea5p gi\u00e1 r\u1ebb t\u1ea1i Qu\u1ea3ng Nam b\u1ed3n ph\u1ee7 b\u00f3ng ch\u1ed1ng tr\u1ea7y x\u01b0\u1edbc v\u00e0 \u1ed1 v\u00e0ng d\u1ec5 d\u00e0ng v\u1eadn chuy\u1ec3n","og_url":"https:\/\/tranthi.vn\/quangnam\/bon-tam-nhua-gia-re-tai-hoi-an-tam-ky-quang-nam\/","og_site_name":"V\u1eadt Li\u1ec7u X\u00e2y D\u1ef1ng Tr\u1ea7n Th\u1ecb Chi Nh\u00e1nh Qu\u1ea3ng Nam","article_modified_time":"2024-11-15T00:47:40+00:00","og_image":[{"width":500,"height":400,"url":"https:\/\/tranthi.vn\/quangnam\/wp-content\/uploads\/2022\/10\/bon-tam-thuong-gia-re-da-nang_optimized.jpg","type":"image\/jpeg"}],"twitter_card":"summary_large_image","twitter_misc":{"Gi\u00e1":"11,000,000&nbsp;&#8363;","Kh\u1ea3 d\u1ee5ng":"Trong kho"},"schema":{"@context":"https:\/\/schema.org","@graph":[{"@type":["WebPage","ItemPage"],"@id":"https:\/\/tranthi.vn\/quangnam\/bon-tam-nhua-gia-re-tai-hoi-an-tam-ky-quang-nam\/","url":"https:\/\/tranthi.vn\/quangnam\/bon-tam-nhua-gia-re-tai-hoi-an-tam-ky-quang-nam\/","name":"B\u1ed3n t\u1eafm nh\u1ef1a composite gi\u00e1 r\u1ebb t\u1ea1i Qu\u1ea3ng Nam-0947.335.871","isPartOf":{"@id":"https:\/\/tranthi.vn\/quangnam\/#website"},"primaryImageOfPage":{"@id":"https:\/\/tranthi.vn\/quangnam\/bon-tam-nhua-gia-re-tai-hoi-an-tam-ky-quang-nam\/#primaryimage"},"image":{"@id":"https:\/\/tranthi.vn\/quangnam\/bon-tam-nhua-gia-re-tai-hoi-an-tam-ky-quang-nam\/#primaryimage"},"thumbnailUrl":"https:\/\/tranthi.vn\/quangnam\/wp-content\/uploads\/2022\/10\/bon-tam-thuong-gia-re-da-nang_optimized.jpg","datePublished":"2022-10-14T04:02:37+00:00","dateModified":"2024-11-15T00:47:40+00:00","description":"Tr\u1ea7n Th\u1ecb chuy\u00ean cung c\u1ea5p b\u1ed3n t\u1eafm nh\u1ef1a composite cao c\u1ea5p gi\u00e1 r\u1ebb t\u1ea1i Qu\u1ea3ng Nam b\u1ed3n ph\u1ee7 b\u00f3ng ch\u1ed1ng tr\u1ea7y x\u01b0\u1edbc v\u00e0 \u1ed1 v\u00e0ng d\u1ec5 d\u00e0ng v\u1eadn chuy\u1ec3n","breadcrumb":{"@id":"https:\/\/tranthi.vn\/quangnam\/bon-tam-nhua-gia-re-tai-hoi-an-tam-ky-quang-nam\/#breadcrumb"},"inLanguage":"vi","potentialAction":[{"@type":"ReadAction","target":["https:\/\/tranthi.vn\/quangnam\/bon-tam-nhua-gia-re-tai-hoi-an-tam-ky-quang-nam\/"]}]},{"@type":"ImageObject","inLanguage":"vi","@id":"https:\/\/tranthi.vn\/quangnam\/bon-tam-nhua-gia-re-tai-hoi-an-tam-ky-quang-nam\/#primaryimage","url":"https:\/\/tranthi.vn\/quangnam\/wp-content\/uploads\/2022\/10\/bon-tam-thuong-gia-re-da-nang_optimized.jpg","contentUrl":"https:\/\/tranthi.vn\/quangnam\/wp-content\/uploads\/2022\/10\/bon-tam-thuong-gia-re-da-nang_optimized.jpg","width":500,"height":400},{"@type":"BreadcrumbList","@id":"https:\/\/tranthi.vn\/quangnam\/bon-tam-nhua-gia-re-tai-hoi-an-tam-ky-quang-nam\/#breadcrumb","itemListElement":[{"@type":"ListItem","position":1,"name":"Trang ch\u1ee7","item":"https:\/\/tranthi.vn\/quangnam\/"},{"@type":"ListItem","position":2,"name":"Shop","item":"https:\/\/tranthi.vn\/quangnam\/shop\/"},{"@type":"ListItem","position":3,"name":"B\u1ed3n t\u1eafm BT-03 TL"}]},{"@type":"WebSite","@id":"https:\/\/tranthi.vn\/quangnam\/#website","url":"https:\/\/tranthi.vn\/quangnam\/","name":"V\u1eadt Li\u1ec7u X\u00e2y D\u1ef1ng Tr\u1ea7n Th\u1ecb Chi Nh\u00e1nh Qu\u1ea3ng Nam","description":"V\u1eadt Li\u1ec7u X\u00e2y D\u1ef1ng - Qu\u1ea3ng Nam","potentialAction":[{"@type":"SearchAction","target":{"@type":"EntryPoint","urlTemplate":"https:\/\/tranthi.vn\/quangnam\/?s={search_term_string}"},"query-input":"required name=search_term_string"}],"inLanguage":"vi"},{"@type":"ImageObject","inLanguage":"vi","@id":"https:\/\/tranthi.vn\/quangnam\/bon-tam-nhua-gia-re-tai-hoi-an-tam-ky-quang-nam\/#local-main-organization-logo","url":"","contentUrl":"","caption":"V\u1eadt Li\u1ec7u X\u00e2y D\u1ef1ng Tr\u1ea7n Th\u1ecb Chi Nh\u00e1nh Qu\u1ea3ng Nam"}]},"product_price_amount":"11000000","product_price_currency":"VND","og_availability":"instock","product_availability":"instock","product_condition":"new"},"_links":{"self":[{"href":"https:\/\/tranthi.vn\/quangnam\/wp-json\/wp\/v2\/product\/4299","targetHints":{"allow":["GET"]}}],"collection":[{"href":"https:\/\/tranthi.vn\/quangnam\/wp-json\/wp\/v2\/product"}],"about":[{"href":"https:\/\/tranthi.vn\/quangnam\/wp-json\/wp\/v2\/types\/product"}],"replies":[{"embeddable":true,"href":"https:\/\/tranthi.vn\/quangnam\/wp-json\/wp\/v2\/comments?post=4299"}],"wp:featuredmedia":[{"embeddable":true,"href":"https:\/\/tranthi.vn\/quangnam\/wp-json\/wp\/v2\/media\/4301"}],"wp:attachment":[{"href":"https:\/\/tranthi.vn\/quangnam\/wp-json\/wp\/v2\/media?parent=4299"}],"wp:term":[{"taxonomy":"product_cat","embeddable":true,"href":"https:\/\/tranthi.vn\/quangnam\/wp-json\/wp\/v2\/product_cat?post=4299"},{"taxonomy":"product_tag","embeddable":true,"href":"https:\/\/tranthi.vn\/quangnam\/wp-json\/wp\/v2\/product_tag?post=4299"}],"curies":[{"name":"wp","href":"https:\/\/api.w.org\/{rel}","templated":true}]}}