{"id":4259,"date":"2022-09-21T10:45:55","date_gmt":"2022-09-21T03:45:55","guid":{"rendered":"https:\/\/tranthi.vn\/quangnam\/?post_type=product&#038;p=4259"},"modified":"2024-11-14T15:46:24","modified_gmt":"2024-11-14T08:46:24","slug":"gia-son-be-tong-conpa-hoi-an-tam-ky-quang-nam","status":"publish","type":"product","link":"https:\/\/tranthi.vn\/quangnam\/gia-son-be-tong-conpa-hoi-an-tam-ky-quang-nam\/","title":{"rendered":"S\u01a1n B\u00ea T\u00f4ng Conpa"},"content":{"rendered":"<h2><strong><span style=\"font-family: 'times new roman', times, serif; font-size: 100%; color: #ff0000;\">1. Gi\u00e1 S\u01a1n Hi\u1ec7u \u1ee8ng B\u00ea T\u00f4ng Conpa T\u1ea1i H\u1ed9i An-Tam K\u1ef3-Qu\u1ea3ng Nam<\/span><\/strong><\/h2>\n<p><span style=\"font-family: 'times new roman', times, serif; font-size: 130%; color: #000000;\">T\u1ea1i <a href=\"https:\/\/vi.wikipedia.org\/wiki\/Qu%E1%BA%A3ng_Nam\"><em>Qu\u1ea3ng Nam<\/em><\/a> d\u00f2ng s\u01a1n b\u00ea t\u00f4ng conpa c\u00f3 gi\u00e1 th\u00e0nh th\u1ea5p nh\u1ea5t v\u00e0 d\u1ec5 d\u00e0ng thi c\u00f4ng nh\u1ea5t<\/span><\/p>\n<p><span style=\"font-family: 'times new roman', times, serif; font-size: 130%; color: #000000;\">Lon 5 l\u00edt gi\u00e1 850.000\u0111\/th\u00f9ng<\/span><\/p>\n<p><span style=\"font-family: 'times new roman', times, serif; font-size: 130%; color: #000000;\">Lon wax 250.000\u0111\/L\u00edt<\/span><\/p>\n<figure id=\"attachment_7699\" aria-describedby=\"caption-attachment-7699\" style=\"width: 457px\" class=\"wp-caption aligncenter\"><img loading=\"lazy\" decoding=\"async\" class=\" wp-image-7699\" src=\"https:\/\/tranthi.vn\/quangnam\/wp-content\/uploads\/2022\/09\/son-conpa-tai-tam-ky-hoi-an-quang-nam.png\" alt=\"s\u01a1n conpa t\u1ea1i tam k\u1ef3- h\u1ed9i an- qu\u1ea3ng nam\" width=\"457\" height=\"326\" \/><figcaption id=\"caption-attachment-7699\" class=\"wp-caption-text\"><span style=\"font-family: 'times new roman', times, serif;\">\u00a0 \u00a0 \u00a0 \u00a0 \u00a0 \u00a0 \u00a0 \u00a0 \u00a0s\u01a1n conpa t\u1ea1i tam k\u1ef3- h\u1ed9i an- qu\u1ea3ng nam<\/span><\/figcaption><\/figure>\n<h2><span style=\"font-size: 100%; color: #ff0000;\"><strong><span style=\"font-family: 'times new roman', times, serif;\">2. H\u01b0\u1edbng d\u1eabn thi c\u00f4ng s\u01a1n hi\u1ec7u \u1ee9ng b\u00ea t\u00f4ng conpa<\/span><\/strong><\/span><\/h2>\n<h3><span id=\"Buoc_1_Cong_tac_chuan_bi\" style=\"font-family: 'times new roman', times, serif; font-size: 100%; color: #000000;\"><strong>B\u01b0\u1edbc 1: C\u00f4ng t\u00e1c chu\u1ea9n b\u1ecb<\/strong><\/span><\/h3>\n<p><span style=\"font-family: 'times new roman', times, serif; font-size: 130%; color: #000000;\">Tr\u01b0\u1edbc khi ti\u1ebfn h\u00e0nh v\u00e0o thi c\u00f4ng c\u00f4ng tr\u00ecnh th\u00ec ch\u00fang ta c\u1ea7n ph\u1ea3i chu\u1ea9n b\u1ecb c\u00e1c d\u1ee5ng c\u1ee5 c\u1ea7n thi\u1ebft. Bao g\u1ed3m: Bay chuy\u00ean d\u1ee5ng, mi\u1ebfng b\u1ecdt bi\u1ec3n Mouse, gi\u1ea5y nh\u00e1m, m\u00e1y tr\u1ed9n tay c\u1ea7m n\u1ebfu c\u00f3.<\/span><\/p>\n<figure id=\"attachment_12254\" class=\"wp-caption aligncenter\" style=\"width: 622px;\"><span style=\"font-family: 'times new roman', times, serif; font-size: 130%; color: #000000;\"><img loading=\"lazy\" decoding=\"async\" class=\"alignnone wp-image-4261\" src=\"https:\/\/tranthi.vn\/quangnam\/wp-content\/uploads\/2022\/09\/bo-dung-cu-chuyen-dung-thi-cong-son-gia-be-tong_optimized-1.jpg\" alt=\"\" width=\"622\" height=\"350\" srcset=\"https:\/\/tranthi.vn\/quangnam\/wp-content\/uploads\/2022\/09\/bo-dung-cu-chuyen-dung-thi-cong-son-gia-be-tong_optimized-1.jpg 912w, https:\/\/tranthi.vn\/quangnam\/wp-content\/uploads\/2022\/09\/bo-dung-cu-chuyen-dung-thi-cong-son-gia-be-tong_optimized-1-768x432.jpg 768w, https:\/\/tranthi.vn\/quangnam\/wp-content\/uploads\/2022\/09\/bo-dung-cu-chuyen-dung-thi-cong-son-gia-be-tong_optimized-1-800x450.jpg 800w\" sizes=\"auto, (max-width: 622px) 100vw, 622px\" \/><\/span><figcaption class=\"wp-caption-text\"><\/figcaption><\/figure>\n<p style=\"text-align: center;\"><em><span style=\"font-family: 'times new roman', times, serif; font-size: 130%; color: #008000;\">B\u1ed9 d\u1ee5ng c\u1ee5 chuy\u00ean d\u00f9ng thi c\u00f4ng s\u01a1n gi\u1ea3 b\u00ea t\u00f4ng<\/span><\/em><\/p>\n<p><span style=\"font-family: 'times new roman', times, serif; font-size: 130%; color: #000000;\">\u0110\u1ec3 s\u01a1n \u0111\u01b0\u1ee3c s\u01a1n hi\u1ec7u \u1ee9ng b\u00ea t\u00f4ng th\u00ec t\u01b0\u1eddng ph\u1ea3i \u0111\u01b0\u1ee3c s\u1eed d\u1ee5ng b\u1ed9t tr\u00e9t t\u01b0\u1eddng v\u00e0 x\u1ea3 nh\u00e1m tr\u01b0\u1edbc. Ch\u00fang ta c\u00f3 th\u1ec3 d\u00f9ng Mouse v\u1ec7 sinh b\u1ec1 m\u1eb7t t\u01b0\u1eddng s\u1ea1ch s\u1ebd. Ngo\u00e0i ra b\u1ea1n c\u1ea7n d\u00f9ng b\u0103ng keo che ch\u1eafn c\u00e1c khu v\u1ef1c l\u00e2n c\u1eadn v\u00e0 \u0111\u1eebng qu\u00ean tr\u1ea3i b\u1ea1t \u0111\u1ec3 b\u1ea3o v\u1ec7 s\u00e0n nh\u00e0.<\/span><\/p>\n<figure id=\"attachment_7700\" aria-describedby=\"caption-attachment-7700\" style=\"width: 320px\" class=\"wp-caption aligncenter\"><img loading=\"lazy\" decoding=\"async\" class=\"size-full wp-image-7700\" src=\"https:\/\/tranthi.vn\/quangnam\/wp-content\/uploads\/2022\/09\/son-conpa-tai-tam-ky-hoi-an-quang-nam.jpg\" alt=\"\u00a0s\u01a1n conpa t\u1ea1i tam k\u1ef3- h\u1ed9i an - qu\u1ea3ng nam\" width=\"320\" height=\"360\" \/><figcaption id=\"caption-attachment-7700\" class=\"wp-caption-text\">s\u01a1n conpa t\u1ea1i tam k\u1ef3- h\u1ed9i an &#8211; qu\u1ea3ng nam<\/figcaption><\/figure>\n<h3><span id=\"Buoc_2_Tien_hanh_tret_son_Conpa_len_tuong\" style=\"font-family: 'times new roman', times, serif; font-size: 100%; color: #000000;\"><strong>B\u01b0\u1edbc 2: Ti\u1ebfn h\u00e0nh tr\u00e9t s\u01a1n Conpa l\u00ean t\u01b0\u1eddng<\/strong><\/span><\/h3>\n<p><span style=\"font-family: 'times new roman', times, serif; font-size: 130%; color: #000000;\">M\u1edf n\u1eafp th\u00f9ng ra tr\u1ed9n \u0111\u1ec1u b\u1eb1ng m\u00e1y tr\u1ed9n c\u1ea7m tay trong 5 ph\u00fat, s\u1eed d\u1ee5ng Bay tr\u00e9t s\u01a1n Conpa l\u00ean t\u01b0\u1eddng. C\u00e1c b\u1ea1n c\u00f3 th\u1ec3 tham kh\u1ea3o video d\u01b0\u1edbi \u0111\u00e2y \u0111\u1ec3 c\u00f3 th\u1ec3 h\u00ecnh dung r\u00f5 r\u00e0ng h\u01a1n.<\/span><br \/>\n<span style=\"font-family: 'times new roman', times, serif; font-size: 130%; color: #000000;\">Sau 30 ph\u00fat tr\u00e9t k\u00edn b\u1ec1 m\u1eb7t t\u01b0\u1eddng, d\u00f9ng Bay mi\u1ebft l\u00e1ng b\u1ec1 m\u1eb7t t\u01b0\u1eddng sao cho kh\u00f4ng \u0111\u1ec3 l\u1ea1i g\u1edd.<\/span><\/p>\n<figure id=\"attachment_9314\" class=\"wp-caption aligncenter\" style=\"width: 504px;\"><span style=\"font-family: 'times new roman', times, serif; font-size: 130%; color: #000000;\"><img loading=\"lazy\" decoding=\"async\" class=\"alignnone wp-image-4262\" src=\"https:\/\/tranthi.vn\/quangnam\/wp-content\/uploads\/2022\/09\/son-be-tong-compa-da-nang_optimized-1.jpg\" alt=\"\" width=\"504\" height=\"358\" srcset=\"https:\/\/tranthi.vn\/quangnam\/wp-content\/uploads\/2022\/09\/son-be-tong-compa-da-nang_optimized-1.jpg 912w, https:\/\/tranthi.vn\/quangnam\/wp-content\/uploads\/2022\/09\/son-be-tong-compa-da-nang_optimized-1-768x546.jpg 768w, https:\/\/tranthi.vn\/quangnam\/wp-content\/uploads\/2022\/09\/son-be-tong-compa-da-nang_optimized-1-800x568.jpg 800w\" sizes=\"auto, (max-width: 504px) 100vw, 504px\" \/><\/span><figcaption class=\"wp-caption-text\"><\/figcaption><\/figure>\n<p style=\"text-align: center;\"><em><span style=\"font-family: 'times new roman', times, serif; font-size: 130%; color: #008000;\">Ti\u1ebfn h\u00e0nh tr\u00e9t s\u01a1n gi\u1ea3 b\u00ea t\u00f4ng Conpa l\u00ean t\u01b0\u1eddng<\/span><\/em><\/p>\n<h3><span id=\"Buoc_3_Phu_son_hieu_ung_Conpa_Wax\" style=\"font-family: 'times new roman', times, serif; font-size: 100%; color: #000000;\"><strong>B\u01b0\u1edbc 3: Ph\u1ee7 s\u01a1n hi\u1ec7u \u1ee9ng Conpa Wax<\/strong><\/span><\/h3>\n<p><span style=\"font-family: 'times new roman', times, serif; font-size: 130%; color: #000000;\">Sau 5 gi\u1edd, d\u00f9ng Mouse xoa nh\u1eb9 l\u00ean b\u1ec1 m\u1eb7t t\u01b0\u1eddng gi\u00fap b\u1ee9c t\u01b0\u1eddng nh\u1eb5n v\u00e0 m\u1ecbn h\u01a1n. Ti\u1ebfp theo d\u00f9ng Mouse ch\u1ea5m s\u01a1n Conpa Wax ph\u1ee7 kh\u00f4ng \u0111\u1ec1u t\u1eebng ch\u1ea5m l\u00ean b\u1ec1 m\u1eb7t t\u01b0\u1eddng theo video h\u01b0\u1edbng d\u1eabn.<\/span><\/p>\n<figure id=\"attachment_9316\" class=\"wp-caption aligncenter\" style=\"width: 493px;\"><span style=\"font-family: 'times new roman', times, serif; font-size: 130%; color: #000000;\"><img loading=\"lazy\" decoding=\"async\" class=\"alignnone wp-image-4260\" src=\"https:\/\/tranthi.vn\/quangnam\/wp-content\/uploads\/2022\/09\/son-conpa-wax-da-nang_optimized-1.jpg\" alt=\"\" width=\"493\" height=\"277\" srcset=\"https:\/\/tranthi.vn\/quangnam\/wp-content\/uploads\/2022\/09\/son-conpa-wax-da-nang_optimized-1.jpg 912w, https:\/\/tranthi.vn\/quangnam\/wp-content\/uploads\/2022\/09\/son-conpa-wax-da-nang_optimized-1-768x432.jpg 768w, https:\/\/tranthi.vn\/quangnam\/wp-content\/uploads\/2022\/09\/son-conpa-wax-da-nang_optimized-1-800x450.jpg 800w\" sizes=\"auto, (max-width: 493px) 100vw, 493px\" \/><\/span><figcaption class=\"wp-caption-text\"><\/figcaption><\/figure>\n<p style=\"text-align: center;\"><em><span style=\"font-family: 'times new roman', times, serif; font-size: 130%; color: #008000;\">Ph\u1ee7 S\u01a1n hi\u1ec7u \u1ee9ng Conpa Wax<\/span><\/em><\/p>\n<h3><span id=\"Buoc_4_Phu_son_hieu_ung_Conpa_Wax_lop_2\" style=\"font-family: 'times new roman', times, serif; font-size: 100%; color: #000000;\"><strong>B\u01b0\u1edbc 4: Ph\u1ee7 s\u01a1n hi\u1ec7u \u1ee9ng Conpa Wax l\u1edbp 2<\/strong><\/span><\/h3>\n<p><span style=\"font-family: 'times new roman', times, serif; font-size: 130%; color: #000000;\">S\u01a1n Conpa Wax s\u1ebd kh\u00f4 sau kho\u1ea3ng 30 ph\u00fat. Sau khi kh\u00f4, ch\u00fang ta ti\u1ebfp t\u1ee5c d\u00f9ng Mouse ph\u1ee7 s\u01a1n hi\u1ec7u \u1ee9ng Conpa Wax l\u1edbp th\u1ee9 2. Kh\u00e1c v\u1edbi l\u1edbp \u0111\u1ea7u th\u00ec l\u1edbp th\u1ee9 2 s\u1ebd ph\u1ee7 k\u00edn b\u1ec1 m\u1eb7t t\u01b0\u1eddng. L\u01b0u \u00fd khi ph\u1ee7 s\u01a1n th\u00ec b\u1ea1n ph\u1ea3i ti\u1ebfn h\u00e0nh \u0111\u1ec1u tay. Tr\u00e1nh tr\u01b0\u1eddng h\u1ee3p d\u00f9ng l\u1ef1c qu\u00e1 m\u1ea1nh ho\u1eb7c qu\u00e1 nh\u1eb9. M\u00e0u s\u1eafc s\u01a1n hi\u1ec7u \u1ee9ng b\u00ea t\u00f4ng s\u1ebd \u1ed5n \u0111\u1ecbnh sau 24 gi\u1edd.<\/span><\/p>\n<p style=\"text-align: center;\"><iframe loading=\"lazy\" src=\"\/\/www.youtube.com\/embed\/NhBhtUcqWJM\" width=\"560\" height=\"314\" allowfullscreen=\"allowfullscreen\"><\/iframe><\/p>\n<p style=\"text-align: center;\"><em><span style=\"font-family: 'times new roman', times, serif; font-size: 130%; color: #008000;\">Video h\u01b0\u1edbng d\u1eabn quy tr\u00ecnh thi c\u00f4ng s\u01a1n hi\u1ec7u \u1ee9ng b\u00ea t\u00f4ng conpa<\/span><\/em><\/p>\n<h2><span style=\"font-size: 100%; color: #ff0000;\"><strong><span style=\"font-family: 'times new roman', times, serif;\">3. B\u1ea3ng m\u00e0u s\u01a1n hi\u1ec7u \u1ee9ng b\u00ea t\u00f4ng conpa<\/span><\/strong><\/span><\/h2>\n<table style=\"border-collapse: collapse; width: 100%;\">\n<tbody>\n<tr>\n<td style=\"width: 100%;\"><span style=\"font-family: 'times new roman', times, serif; font-size: 130%; color: #000000;\"><img loading=\"lazy\" decoding=\"async\" class=\"wp-image-4266 aligncenter\" src=\"https:\/\/tranthi.vn\/quangnam\/wp-content\/uploads\/2022\/09\/bang-mau-son-be-tong-compa-da-nang-2.jpg\" alt=\"\" width=\"469\" height=\"774\" \/><\/span><\/td>\n<\/tr>\n<tr>\n<td style=\"width: 100%;\"><span style=\"font-family: 'times new roman', times, serif; font-size: 130%; color: #000000;\"><img loading=\"lazy\" decoding=\"async\" class=\"wp-image-4265 aligncenter\" src=\"https:\/\/tranthi.vn\/quangnam\/wp-content\/uploads\/2022\/09\/bang-mau-son-be-tong-compa-da-nang.jpg\" alt=\"\" width=\"469\" height=\"782\" \/><\/span><\/td>\n<\/tr>\n<tr>\n<td style=\"width: 100%;\"><span style=\"font-family: 'times new roman', times, serif; font-size: 130%; color: #000000;\"><img loading=\"lazy\" decoding=\"async\" class=\"wp-image-4264 aligncenter\" src=\"https:\/\/tranthi.vn\/quangnam\/wp-content\/uploads\/2022\/09\/bang-mau-som-hieu-ung-be-tong-compa-da-nang.jpg\" alt=\"\" width=\"463\" height=\"769\" \/><\/span><\/td>\n<\/tr>\n<\/tbody>\n<\/table>\n","protected":false},"excerpt":{"rendered":"<p><span style=\"color: #000000;\"><strong><span style=\"font-family: 'times new roman', times, serif; font-size: 140%;\">S\u01a1n conpa<\/span><\/strong><\/span><\/p>\n<p><span style=\"font-family: 'times new roman', times, serif; font-size: 130%;\">\u0110\u01a1n gi\u00e1: <span style=\"color: #ff0000;\"><strong>850.000\u0111\/5L\u00a0<\/strong><\/span><\/span><\/p>\n<p><span style=\"color: #0000ff;\"><em><span style=\"font-family: 'times new roman', times, serif; font-size: 130%;\">V\u1eadn chuy\u1ec3n trong n\u1ed9i th\u00e0nh <a href=\"https:\/\/vi.wikipedia.org\/wiki\/Qu%E1%BA%A3ng_Nam\">Qu\u1ea3ng Nam<\/a><\/span><\/em><\/span><\/p>\n<p>&nbsp;<\/p>\n<p>&nbsp;<\/p>\n","protected":false},"featured_media":7296,"comment_status":"closed","ping_status":"closed","template":"","meta":[],"product_cat":[316],"product_tag":[],"class_list":{"0":"post-4259","1":"product","2":"type-product","3":"status-publish","4":"has-post-thumbnail","6":"product_cat-son-be-tong","8":"first","9":"instock","10":"sale","11":"shipping-taxable","12":"purchasable","13":"product-type-simple"},"yoast_head":"<!-- This site is optimized with the Yoast SEO Premium plugin v22.3 (Yoast SEO v22.8) - https:\/\/yoast.com\/wordpress\/plugins\/seo\/ -->\n<title>Gi\u00e1 s\u01a1n hi\u1ec7u \u1ee9ng b\u00ea t\u00f4ng t\u1ea1i Qu\u1ea3ng Nam-0947.335.871<\/title>\n<meta name=\"description\" content=\"Tr\u1ea7n Th\u1ecb - cung c\u1ea5p s\u01a1n hi\u1ec7u \u1ee9ng b\u00ea t\u00f4ng conpa gi\u00e1 r\u1ebb t\u1ea1i Qu\u1ea3ng Nam v\u1edbi \u0111\u1ea7y \u0111\u1ee7 m\u00e0u s\u1eafc v\u00e0 h\u01b0\u1edbng d\u1eabn thi c\u00f4ng chi ti\u1ebft cho kh\u00e1ch h\u00e0ng\" \/>\n<meta name=\"robots\" content=\"index, follow, max-snippet:-1, max-image-preview:large, max-video-preview:-1\" \/>\n<link rel=\"canonical\" href=\"https:\/\/tranthi.vn\/quangnam\/gia-son-be-tong-conpa-hoi-an-tam-ky-quang-nam\/\" \/>\n<meta property=\"og:locale\" content=\"vi_VN\" \/>\n<meta property=\"og:type\" content=\"article\" \/>\n<meta property=\"og:title\" content=\"S\u01a1n B\u00ea T\u00f4ng Conpa\" \/>\n<meta property=\"og:description\" content=\"Tr\u1ea7n Th\u1ecb - cung c\u1ea5p s\u01a1n hi\u1ec7u \u1ee9ng b\u00ea t\u00f4ng conpa gi\u00e1 r\u1ebb t\u1ea1i Qu\u1ea3ng Nam v\u1edbi \u0111\u1ea7y \u0111\u1ee7 m\u00e0u s\u1eafc v\u00e0 h\u01b0\u1edbng d\u1eabn thi c\u00f4ng chi ti\u1ebft cho kh\u00e1ch h\u00e0ng\" \/>\n<meta property=\"og:url\" content=\"https:\/\/tranthi.vn\/quangnam\/gia-son-be-tong-conpa-hoi-an-tam-ky-quang-nam\/\" \/>\n<meta property=\"og:site_name\" content=\"V\u1eadt Li\u1ec7u X\u00e2y D\u1ef1ng Tr\u1ea7n Th\u1ecb Chi Nh\u00e1nh Qu\u1ea3ng Nam\" \/>\n<meta property=\"article:modified_time\" content=\"2024-11-14T08:46:24+00:00\" \/>\n<meta property=\"og:image\" content=\"https:\/\/tranthi.vn\/quangnam\/wp-content\/uploads\/2022\/09\/son-conpa-gia-re-da-nang_optimized.jpg\" \/>\n\t<meta property=\"og:image:width\" content=\"320\" \/>\n\t<meta property=\"og:image:height\" content=\"360\" \/>\n\t<meta property=\"og:image:type\" content=\"image\/jpeg\" \/>\n<meta name=\"twitter:card\" content=\"summary_large_image\" \/>\n<meta name=\"twitter:label1\" content=\"Gi\u00e1\" \/>\n\t<meta name=\"twitter:data1\" content=\"850,000&nbsp;&#8363;\" \/>\n\t<meta name=\"twitter:label2\" content=\"Kh\u1ea3 d\u1ee5ng\" \/>\n\t<meta name=\"twitter:data2\" content=\"Trong kho\" \/>\n<script type=\"application\/ld+json\" class=\"yoast-schema-graph\">{\"@context\":\"https:\/\/schema.org\",\"@graph\":[{\"@type\":[\"WebPage\",\"ItemPage\"],\"@id\":\"https:\/\/tranthi.vn\/quangnam\/gia-son-be-tong-conpa-hoi-an-tam-ky-quang-nam\/\",\"url\":\"https:\/\/tranthi.vn\/quangnam\/gia-son-be-tong-conpa-hoi-an-tam-ky-quang-nam\/\",\"name\":\"Gi\u00e1 s\u01a1n hi\u1ec7u \u1ee9ng b\u00ea t\u00f4ng t\u1ea1i Qu\u1ea3ng Nam-0947.335.871\",\"isPartOf\":{\"@id\":\"https:\/\/tranthi.vn\/quangnam\/#website\"},\"primaryImageOfPage\":{\"@id\":\"https:\/\/tranthi.vn\/quangnam\/gia-son-be-tong-conpa-hoi-an-tam-ky-quang-nam\/#primaryimage\"},\"image\":{\"@id\":\"https:\/\/tranthi.vn\/quangnam\/gia-son-be-tong-conpa-hoi-an-tam-ky-quang-nam\/#primaryimage\"},\"thumbnailUrl\":\"https:\/\/tranthi.vn\/quangnam\/wp-content\/uploads\/2022\/09\/son-conpa-gia-re-da-nang_optimized.jpg\",\"datePublished\":\"2022-09-21T03:45:55+00:00\",\"dateModified\":\"2024-11-14T08:46:24+00:00\",\"description\":\"Tr\u1ea7n Th\u1ecb - cung c\u1ea5p s\u01a1n hi\u1ec7u \u1ee9ng b\u00ea t\u00f4ng conpa gi\u00e1 r\u1ebb t\u1ea1i Qu\u1ea3ng Nam v\u1edbi \u0111\u1ea7y \u0111\u1ee7 m\u00e0u s\u1eafc v\u00e0 h\u01b0\u1edbng d\u1eabn thi c\u00f4ng chi ti\u1ebft cho kh\u00e1ch h\u00e0ng\",\"breadcrumb\":{\"@id\":\"https:\/\/tranthi.vn\/quangnam\/gia-son-be-tong-conpa-hoi-an-tam-ky-quang-nam\/#breadcrumb\"},\"inLanguage\":\"vi\",\"potentialAction\":[{\"@type\":\"ReadAction\",\"target\":[\"https:\/\/tranthi.vn\/quangnam\/gia-son-be-tong-conpa-hoi-an-tam-ky-quang-nam\/\"]}]},{\"@type\":\"ImageObject\",\"inLanguage\":\"vi\",\"@id\":\"https:\/\/tranthi.vn\/quangnam\/gia-son-be-tong-conpa-hoi-an-tam-ky-quang-nam\/#primaryimage\",\"url\":\"https:\/\/tranthi.vn\/quangnam\/wp-content\/uploads\/2022\/09\/son-conpa-gia-re-da-nang_optimized.jpg\",\"contentUrl\":\"https:\/\/tranthi.vn\/quangnam\/wp-content\/uploads\/2022\/09\/son-conpa-gia-re-da-nang_optimized.jpg\",\"width\":320,\"height\":360},{\"@type\":\"BreadcrumbList\",\"@id\":\"https:\/\/tranthi.vn\/quangnam\/gia-son-be-tong-conpa-hoi-an-tam-ky-quang-nam\/#breadcrumb\",\"itemListElement\":[{\"@type\":\"ListItem\",\"position\":1,\"name\":\"Trang ch\u1ee7\",\"item\":\"https:\/\/tranthi.vn\/quangnam\/\"},{\"@type\":\"ListItem\",\"position\":2,\"name\":\"Shop\",\"item\":\"https:\/\/tranthi.vn\/quangnam\/shop\/\"},{\"@type\":\"ListItem\",\"position\":3,\"name\":\"S\u01a1n B\u00ea T\u00f4ng Conpa\"}]},{\"@type\":\"WebSite\",\"@id\":\"https:\/\/tranthi.vn\/quangnam\/#website\",\"url\":\"https:\/\/tranthi.vn\/quangnam\/\",\"name\":\"V\u1eadt Li\u1ec7u X\u00e2y D\u1ef1ng Tr\u1ea7n Th\u1ecb Chi Nh\u00e1nh Qu\u1ea3ng Nam\",\"description\":\"V\u1eadt Li\u1ec7u X\u00e2y D\u1ef1ng - Qu\u1ea3ng Nam\",\"potentialAction\":[{\"@type\":\"SearchAction\",\"target\":{\"@type\":\"EntryPoint\",\"urlTemplate\":\"https:\/\/tranthi.vn\/quangnam\/?s={search_term_string}\"},\"query-input\":\"required name=search_term_string\"}],\"inLanguage\":\"vi\"},{\"@type\":\"ImageObject\",\"inLanguage\":\"vi\",\"@id\":\"https:\/\/tranthi.vn\/quangnam\/gia-son-be-tong-conpa-hoi-an-tam-ky-quang-nam\/#local-main-organization-logo\",\"url\":\"\",\"contentUrl\":\"\",\"caption\":\"V\u1eadt Li\u1ec7u X\u00e2y D\u1ef1ng Tr\u1ea7n Th\u1ecb Chi Nh\u00e1nh Qu\u1ea3ng Nam\"}]}<\/script>\n<meta property=\"product:price:amount\" content=\"850000\" \/>\n<meta property=\"product:price:currency\" content=\"VND\" \/>\n<meta property=\"og:availability\" content=\"instock\" \/>\n<meta property=\"product:availability\" content=\"instock\" \/>\n<meta property=\"product:condition\" content=\"new\" \/>\n<!-- \/ Yoast SEO Premium plugin. -->","yoast_head_json":{"title":"Gi\u00e1 s\u01a1n hi\u1ec7u \u1ee9ng b\u00ea t\u00f4ng t\u1ea1i Qu\u1ea3ng Nam-0947.335.871","description":"Tr\u1ea7n Th\u1ecb - cung c\u1ea5p s\u01a1n hi\u1ec7u \u1ee9ng b\u00ea t\u00f4ng conpa gi\u00e1 r\u1ebb t\u1ea1i Qu\u1ea3ng Nam v\u1edbi \u0111\u1ea7y \u0111\u1ee7 m\u00e0u s\u1eafc v\u00e0 h\u01b0\u1edbng d\u1eabn thi c\u00f4ng chi ti\u1ebft cho kh\u00e1ch h\u00e0ng","robots":{"index":"index","follow":"follow","max-snippet":"max-snippet:-1","max-image-preview":"max-image-preview:large","max-video-preview":"max-video-preview:-1"},"canonical":"https:\/\/tranthi.vn\/quangnam\/gia-son-be-tong-conpa-hoi-an-tam-ky-quang-nam\/","og_locale":"vi_VN","og_type":"article","og_title":"S\u01a1n B\u00ea T\u00f4ng Conpa","og_description":"Tr\u1ea7n Th\u1ecb - cung c\u1ea5p s\u01a1n hi\u1ec7u \u1ee9ng b\u00ea t\u00f4ng conpa gi\u00e1 r\u1ebb t\u1ea1i Qu\u1ea3ng Nam v\u1edbi \u0111\u1ea7y \u0111\u1ee7 m\u00e0u s\u1eafc v\u00e0 h\u01b0\u1edbng d\u1eabn thi c\u00f4ng chi ti\u1ebft cho kh\u00e1ch h\u00e0ng","og_url":"https:\/\/tranthi.vn\/quangnam\/gia-son-be-tong-conpa-hoi-an-tam-ky-quang-nam\/","og_site_name":"V\u1eadt Li\u1ec7u X\u00e2y D\u1ef1ng Tr\u1ea7n Th\u1ecb Chi Nh\u00e1nh Qu\u1ea3ng Nam","article_modified_time":"2024-11-14T08:46:24+00:00","og_image":[{"width":320,"height":360,"url":"https:\/\/tranthi.vn\/quangnam\/wp-content\/uploads\/2022\/09\/son-conpa-gia-re-da-nang_optimized.jpg","type":"image\/jpeg"}],"twitter_card":"summary_large_image","twitter_misc":{"Gi\u00e1":"850,000&nbsp;&#8363;","Kh\u1ea3 d\u1ee5ng":"Trong kho"},"schema":{"@context":"https:\/\/schema.org","@graph":[{"@type":["WebPage","ItemPage"],"@id":"https:\/\/tranthi.vn\/quangnam\/gia-son-be-tong-conpa-hoi-an-tam-ky-quang-nam\/","url":"https:\/\/tranthi.vn\/quangnam\/gia-son-be-tong-conpa-hoi-an-tam-ky-quang-nam\/","name":"Gi\u00e1 s\u01a1n hi\u1ec7u \u1ee9ng b\u00ea t\u00f4ng t\u1ea1i Qu\u1ea3ng Nam-0947.335.871","isPartOf":{"@id":"https:\/\/tranthi.vn\/quangnam\/#website"},"primaryImageOfPage":{"@id":"https:\/\/tranthi.vn\/quangnam\/gia-son-be-tong-conpa-hoi-an-tam-ky-quang-nam\/#primaryimage"},"image":{"@id":"https:\/\/tranthi.vn\/quangnam\/gia-son-be-tong-conpa-hoi-an-tam-ky-quang-nam\/#primaryimage"},"thumbnailUrl":"https:\/\/tranthi.vn\/quangnam\/wp-content\/uploads\/2022\/09\/son-conpa-gia-re-da-nang_optimized.jpg","datePublished":"2022-09-21T03:45:55+00:00","dateModified":"2024-11-14T08:46:24+00:00","description":"Tr\u1ea7n Th\u1ecb - cung c\u1ea5p s\u01a1n hi\u1ec7u \u1ee9ng b\u00ea t\u00f4ng conpa gi\u00e1 r\u1ebb t\u1ea1i Qu\u1ea3ng Nam v\u1edbi \u0111\u1ea7y \u0111\u1ee7 m\u00e0u s\u1eafc v\u00e0 h\u01b0\u1edbng d\u1eabn thi c\u00f4ng chi ti\u1ebft cho kh\u00e1ch h\u00e0ng","breadcrumb":{"@id":"https:\/\/tranthi.vn\/quangnam\/gia-son-be-tong-conpa-hoi-an-tam-ky-quang-nam\/#breadcrumb"},"inLanguage":"vi","potentialAction":[{"@type":"ReadAction","target":["https:\/\/tranthi.vn\/quangnam\/gia-son-be-tong-conpa-hoi-an-tam-ky-quang-nam\/"]}]},{"@type":"ImageObject","inLanguage":"vi","@id":"https:\/\/tranthi.vn\/quangnam\/gia-son-be-tong-conpa-hoi-an-tam-ky-quang-nam\/#primaryimage","url":"https:\/\/tranthi.vn\/quangnam\/wp-content\/uploads\/2022\/09\/son-conpa-gia-re-da-nang_optimized.jpg","contentUrl":"https:\/\/tranthi.vn\/quangnam\/wp-content\/uploads\/2022\/09\/son-conpa-gia-re-da-nang_optimized.jpg","width":320,"height":360},{"@type":"BreadcrumbList","@id":"https:\/\/tranthi.vn\/quangnam\/gia-son-be-tong-conpa-hoi-an-tam-ky-quang-nam\/#breadcrumb","itemListElement":[{"@type":"ListItem","position":1,"name":"Trang ch\u1ee7","item":"https:\/\/tranthi.vn\/quangnam\/"},{"@type":"ListItem","position":2,"name":"Shop","item":"https:\/\/tranthi.vn\/quangnam\/shop\/"},{"@type":"ListItem","position":3,"name":"S\u01a1n B\u00ea T\u00f4ng Conpa"}]},{"@type":"WebSite","@id":"https:\/\/tranthi.vn\/quangnam\/#website","url":"https:\/\/tranthi.vn\/quangnam\/","name":"V\u1eadt Li\u1ec7u X\u00e2y D\u1ef1ng Tr\u1ea7n Th\u1ecb Chi Nh\u00e1nh Qu\u1ea3ng Nam","description":"V\u1eadt Li\u1ec7u X\u00e2y D\u1ef1ng - Qu\u1ea3ng Nam","potentialAction":[{"@type":"SearchAction","target":{"@type":"EntryPoint","urlTemplate":"https:\/\/tranthi.vn\/quangnam\/?s={search_term_string}"},"query-input":"required name=search_term_string"}],"inLanguage":"vi"},{"@type":"ImageObject","inLanguage":"vi","@id":"https:\/\/tranthi.vn\/quangnam\/gia-son-be-tong-conpa-hoi-an-tam-ky-quang-nam\/#local-main-organization-logo","url":"","contentUrl":"","caption":"V\u1eadt Li\u1ec7u X\u00e2y D\u1ef1ng Tr\u1ea7n Th\u1ecb Chi Nh\u00e1nh Qu\u1ea3ng Nam"}]},"product_price_amount":"850000","product_price_currency":"VND","og_availability":"instock","product_availability":"instock","product_condition":"new"},"_links":{"self":[{"href":"https:\/\/tranthi.vn\/quangnam\/wp-json\/wp\/v2\/product\/4259","targetHints":{"allow":["GET"]}}],"collection":[{"href":"https:\/\/tranthi.vn\/quangnam\/wp-json\/wp\/v2\/product"}],"about":[{"href":"https:\/\/tranthi.vn\/quangnam\/wp-json\/wp\/v2\/types\/product"}],"replies":[{"embeddable":true,"href":"https:\/\/tranthi.vn\/quangnam\/wp-json\/wp\/v2\/comments?post=4259"}],"wp:featuredmedia":[{"embeddable":true,"href":"https:\/\/tranthi.vn\/quangnam\/wp-json\/wp\/v2\/media\/7296"}],"wp:attachment":[{"href":"https:\/\/tranthi.vn\/quangnam\/wp-json\/wp\/v2\/media?parent=4259"}],"wp:term":[{"taxonomy":"product_cat","embeddable":true,"href":"https:\/\/tranthi.vn\/quangnam\/wp-json\/wp\/v2\/product_cat?post=4259"},{"taxonomy":"product_tag","embeddable":true,"href":"https:\/\/tranthi.vn\/quangnam\/wp-json\/wp\/v2\/product_tag?post=4259"}],"curies":[{"name":"wp","href":"https:\/\/api.w.org\/{rel}","templated":true}]}}