{"id":4169,"date":"2022-07-15T09:34:07","date_gmt":"2022-07-15T02:34:07","guid":{"rendered":"https:\/\/tranthi.vn\/quangnam\/?post_type=product&#038;p=4169"},"modified":"2024-11-14T16:16:45","modified_gmt":"2024-11-14T09:16:45","slug":"gia-son-gia-da-puma-tai-hoi-an-tam-ky-quang-nam","status":"publish","type":"product","link":"https:\/\/tranthi.vn\/quangnam\/gia-son-gia-da-puma-tai-hoi-an-tam-ky-quang-nam\/","title":{"rendered":"S\u01a1n gi\u1ea3 \u0111\u00e1 Puma"},"content":{"rendered":"<h1 style=\"text-align: center;\"><span style=\"color: #ff0000;\"><strong><span style=\"font-family: 'times new roman', times, serif; font-size: 140%;\">S\u01a1n gi\u1ea3 \u0111\u00e1 Puma<\/span><\/strong><\/span><\/h1>\n<h1 style=\"text-align: center;\"><strong><span style=\"color: #ff0000; font-family: 'times new roman', times, serif; font-size: 130%;\">H\u1ed8I AN-TAM K\u1ef2-QU\u1ea2NG NAM<\/span><\/strong><\/h1>\n<h1><strong><span style=\"font-family: 'times new roman', times, serif; font-size: 130%;\">S\u01a1n Gi\u1ea3 \u0110\u00e1 Puma-Gi\u1ea3i Ph\u00e1p Th\u1ea9m M\u1ef9 Cho M\u1ecdi C\u00f4ng Tr\u00ecnh<\/span><\/strong><\/h1>\n<h3><span style=\"font-family: 'times new roman', times, serif; font-size: 130%;\">S\u01a1n gi\u1ea3 \u0111\u00e1 Puma \u0111ang ng\u00e0y c\u00e0ng tr\u1edf n\u00ean ph\u1ed5 bi\u1ebfn t\u1ea1i <a href=\"https:\/\/vi.wikipedia.org\/wiki\/Qu%E1%BA%A3ng_Nam\">Qu\u1ea3ng Nam<\/a>, tr\u1edf th\u00e0nh m\u1ed9t l\u1ef1a ch\u1ecdn \u01b0a th\u00edch cho nhi\u1ec1u c\u00f4ng tr\u00ecnh t\u1eeb nh\u00e0 \u1edf, v\u0103n ph\u00f2ng \u0111\u1ebfn c\u00e1c c\u00f4ng tr\u00ecnh c\u00f4ng c\u1ed9ng. V\u1edbi \u01b0u \u0111i\u1ec3m v\u01b0\u1ee3t tr\u1ed9i v\u1ec1 t\u00ednh th\u1ea9m m\u1ef9, \u0111\u1ed9 b\u1ec1n v\u00e0 kh\u1ea3 n\u0103ng th\u00edch \u1ee9ng linh ho\u1ea1t, s\u01a1n gi\u1ea3 \u0111\u00e1 Puma mang l\u1ea1i v\u1ebb \u0111\u1eb9p t\u1ef1 nhi\u00ean v\u00e0 sang tr\u1ecdng cho c\u00e1c b\u1ec1 m\u1eb7t..<\/span><\/h3>\n<figure id=\"attachment_7705\" aria-describedby=\"caption-attachment-7705\" style=\"width: 351px\" class=\"wp-caption aligncenter\"><img loading=\"lazy\" decoding=\"async\" class=\" wp-image-7705\" src=\"https:\/\/tranthi.vn\/quangnam\/wp-content\/uploads\/2022\/07\/son-gia-da-puma-tai-tam-ky-hoi-an-quang-nam.png\" alt=\"s\u01a1n gi\u1ea3 \u0111\u00e1 puma t\u1ea1i tam k\u1ef3- h\u1ed9i an- qu\u1ea3ng nam\" width=\"351\" height=\"251\" \/><figcaption id=\"caption-attachment-7705\" class=\"wp-caption-text\">\u00a0 \u00a0 s\u01a1n gi\u1ea3 \u0111\u00e1 puma t\u1ea1i tam k\u1ef3- h\u1ed9i an- qu\u1ea3ng nam<\/figcaption><\/figure>\n<h1><strong><span style=\"font-family: 'times new roman', times, serif; font-size: 130%;\">1. Gi\u1edbi Thi\u1ec7u V\u1ec1 S\u01a1n Gi\u1ea3 \u0110\u00e1 Puma<\/span><\/strong><\/h1>\n<h3><span style=\"font-family: 'times new roman', times, serif; font-size: 130%;\">S\u01a1n gi\u1ea3 \u0111\u00e1 Puma l\u00e0 m\u1ed9t lo\u1ea1i s\u01a1n cao c\u1ea5p \u0111\u01b0\u1ee3c thi\u1ebft k\u1ebf \u0111\u1ec3 t\u1ea1o ra hi\u1ec7u \u1ee9ng gi\u1ed1ng nh\u01b0 b\u1ec1 m\u1eb7t \u0111\u00e1 t\u1ef1 nhi\u00ean. V\u1edbi c\u00f4ng ngh\u1ec7 ti\u00ean ti\u1ebfn v\u00e0 ch\u1ea5t li\u1ec7u cao c\u1ea5p, s\u01a1n gi\u1ea3 \u0111\u00e1 Puma c\u00f3 th\u1ec3 m\u00f4 ph\u1ecfng nhi\u1ec1u lo\u1ea1i \u0111\u00e1 kh\u00e1c nhau, t\u1eeb \u0111\u00e1 granite, \u0111\u00e1 marble \u0111\u1ebfn \u0111\u00e1 c\u1ea9m th\u1ea1ch, mang l\u1ea1i v\u1ebb \u0111\u1eb9p t\u1ef1 nhi\u00ean v\u00e0 sang tr\u1ecdng cho c\u00e1c b\u1ec1 m\u1eb7t t\u01b0\u1eddng, c\u1ed9t, v\u00e0 c\u00e1c chi ti\u1ebft ki\u1ebfn tr\u00fac kh\u00e1c.<\/span><\/h3>\n<p style=\"text-align: center;\"><iframe loading=\"lazy\" src=\"\/\/www.youtube.com\/embed\/iBh385jLKOo\" width=\"560\" height=\"314\" allowfullscreen=\"allowfullscreen\"><\/iframe><\/p>\n<h1><strong><span style=\"font-family: 'times new roman', times, serif; font-size: 130%;\">2. L\u1ee3i \u00cdch C\u1ee7a S\u01a1n Gi\u1ea3 \u0110\u00e1 Puma<\/span><\/strong><\/h1>\n<ul>\n<li>\n<h3><span style=\"font-family: 'times new roman', times, serif; font-size: 130%;\">Th\u1ea9m m\u1ef9 cao: S\u01a1n gi\u1ea3 \u0111\u00e1 Puma t\u1ea1o ra hi\u1ec7u \u1ee9ng b\u1ec1 m\u1eb7t \u0111\u00e1 t\u1ef1 nhi\u00ean, mang l\u1ea1i v\u1ebb \u0111\u1eb9p sang tr\u1ecdng v\u00e0 tinh t\u1ebf cho m\u1ecdi c\u00f4ng tr\u00ecnh. V\u1edbi kh\u1ea3 n\u0103ng m\u00f4 ph\u1ecfng \u0111a d\u1ea1ng c\u00e1c lo\u1ea1i \u0111\u00e1, s\u01a1n gi\u1ea3 \u0111\u00e1 Puma gi\u00fap b\u1ea1n d\u1ec5 d\u00e0ng l\u1ef1a ch\u1ecdn phong c\u00e1ch ph\u00f9 h\u1ee3p v\u1edbi thi\u1ebft k\u1ebf t\u1ed5ng th\u1ec3.<\/span><\/h3>\n<\/li>\n<li>\n<h3><span style=\"font-family: 'times new roman', times, serif; font-size: 130%;\">\u0110\u1ed9 b\u1ec1n v\u00e0 ch\u1ed1ng th\u1ea5m: S\u01a1n gi\u1ea3 \u0111\u00e1 Puma c\u00f3 \u0111\u1ed9 b\u1ec1n cao v\u00e0 kh\u1ea3 n\u0103ng ch\u1ed1ng th\u1ea5m n\u01b0\u1edbc t\u1ed1t, \u0111\u1eb7c bi\u1ec7t th\u00edch h\u1ee3p cho kh\u00ed h\u1eadu nhi\u1ec7t \u0111\u1edbi \u1ea9m c\u1ee7a \u0110\u00e0 N\u1eb5ng. S\u1ea3n ph\u1ea9m n\u00e0y gi\u00fap b\u1ea3o v\u1ec7 b\u1ec1 m\u1eb7t kh\u1ecfi c\u00e1c t\u00e1c \u0111\u1ed9ng c\u1ee7a m\u00f4i tr\u01b0\u1eddng, k\u00e9o d\u00e0i tu\u1ed5i th\u1ecd cho c\u00f4ng tr\u00ecnh.<\/span><\/h3>\n<\/li>\n<li>\n<figure id=\"attachment_7706\" aria-describedby=\"caption-attachment-7706\" style=\"width: 342px\" class=\"wp-caption aligncenter\"><img loading=\"lazy\" decoding=\"async\" class=\"wp-image-7706 \" src=\"https:\/\/tranthi.vn\/quangnam\/wp-content\/uploads\/2022\/07\/son-gia-da-puma-tai-tam-ky-hoi-an-quang-nam-2.png\" alt=\"s\u01a1n gi\u1ea3 \u0111\u00e1 puma t\u1ea1i tam k\u1ef3- h\u1ed9i an- qu\u1ea3ng nam\" width=\"342\" height=\"244\" \/><figcaption id=\"caption-attachment-7706\" class=\"wp-caption-text\">\u00a0 \u00a0 \u00a0 \u00a0 \u00a0s\u01a1n gi\u1ea3 \u0111\u00e1 puma t\u1ea1i tam k\u1ef3- h\u1ed9i an- qu\u1ea3ng nam<\/figcaption><\/figure><\/li>\n<li>\n<h3><span style=\"font-family: 'times new roman', times, serif; font-size: 130%;\">D\u1ec5 thi c\u00f4ng v\u00e0 b\u1ea3o tr\u00ec: Vi\u1ec7c thi c\u00f4ng s\u01a1n gi\u1ea3 \u0111\u00e1 Puma t\u01b0\u01a1ng \u0111\u1ed1i \u0111\u01a1n gi\u1ea3n v\u00e0 nhanh ch\u00f3ng. Ngo\u00e0i ra, b\u1ec1 m\u1eb7t s\u01a1n d\u1ec5 d\u00e0ng lau ch\u00f9i v\u00e0 b\u1ea3o tr\u00ec, gi\u00fap ti\u1ebft ki\u1ec7m th\u1eddi gian v\u00e0 chi ph\u00ed cho vi\u1ec7c v\u1ec7 sinh v\u00e0 b\u1ea3o d\u01b0\u1ee1ng.<\/span><\/h3>\n<\/li>\n<li>\n<h3><span style=\"font-family: 'times new roman', times, serif; font-size: 130%;\">Ti\u1ebft ki\u1ec7m chi ph\u00ed: So v\u1edbi vi\u1ec7c s\u1eed d\u1ee5ng \u0111\u00e1 t\u1ef1 nhi\u00ean, s\u01a1n gi\u1ea3 \u0111\u00e1 Puma c\u00f3 chi ph\u00ed th\u1ea5p h\u01a1n nhi\u1ec1u nh\u01b0ng v\u1eabn mang l\u1ea1i hi\u1ec7u \u1ee9ng th\u1ea9m m\u1ef9 t\u01b0\u01a1ng t\u1ef1. \u0110i\u1ec1u n\u00e0y gi\u00fap ti\u1ebft ki\u1ec7m chi ph\u00ed \u0111\u1ea7u t\u01b0 ban \u0111\u1ea7u m\u00e0 v\u1eabn \u0111\u1ea3m b\u1ea3o ch\u1ea5t l\u01b0\u1ee3ng v\u00e0 v\u1ebb \u0111\u1eb9p cho c\u00f4ng tr\u00ecnh.<\/span><\/h3>\n<\/li>\n<\/ul>\n<p style=\"text-align: center;\"><iframe loading=\"lazy\" src=\"\/\/www.youtube.com\/embed\/q0HcA5DnB34\" width=\"560\" height=\"314\" allowfullscreen=\"allowfullscreen\"><\/iframe><\/p>\n<h1><strong><span style=\"font-family: 'times new roman', times, serif; font-size: 130%;\">3. L\u00fd Do N\u00ean Ch\u1ecdn S\u01a1n Gi\u1ea3 \u0110\u00e1 Puma\u00a0<\/span><\/strong><\/h1>\n<ul>\n<li>\n<h3><span style=\"font-family: 'times new roman', times, serif; font-size: 130%;\">Ph\u00f9 h\u1ee3p v\u1edbi kh\u00ed h\u1eadu \u0111\u1ecba ph\u01b0\u01a1ng: <a href=\"https:\/\/vi.wikipedia.org\/wiki\/Qu%E1%BA%A3ng_Nam\"><em><strong>Qu\u1ea3ng Nam<\/strong><\/em><\/a> c\u00f3 kh\u00ed h\u1eadu nhi\u1ec7t \u0111\u1edbi gi\u00f3 m\u00f9a, v\u1edbi \u0111\u1ed9 \u1ea9m cao v\u00e0 th\u1eddi ti\u1ebft thay \u0111\u1ed5i th\u01b0\u1eddng xuy\u00ean. S\u01a1n gi\u1ea3 \u0111\u00e1 Puma v\u1edbi kh\u1ea3 n\u0103ng ch\u1ed1ng th\u1ea5m v\u00e0 ch\u1ed1ng ch\u1ecbu t\u1ed1t tr\u01b0\u1edbc t\u00e1c \u0111\u1ed9ng c\u1ee7a m\u00f4i tr\u01b0\u1eddng l\u00e0 l\u1ef1a ch\u1ecdn l\u00fd t\u01b0\u1edfng \u0111\u1ec3 b\u1ea3o v\u1ec7 v\u00e0 duy tr\u00ec v\u1ebb \u0111\u1eb9p cho c\u00e1c c\u00f4ng tr\u00ecnh.<\/span><\/h3>\n<\/li>\n<li>\n<h3><span style=\"font-family: 'times new roman', times, serif; font-size: 130%;\">\u0110a d\u1ea1ng m\u1eabu m\u00e3: C\u00f3 nhi\u1ec1u nh\u00e0 cung c\u1ea5p s\u01a1n gi\u1ea3 \u0111\u00e1 Puma v\u1edbi \u0111a d\u1ea1ng m\u1eabu m\u00e3 v\u00e0 m\u00e0u s\u1eafc, gi\u00fap b\u1ea1n d\u1ec5 d\u00e0ng t\u00ecm ki\u1ebfm s\u1ea3n ph\u1ea9m ph\u00f9 h\u1ee3p v\u1edbi nhu c\u1ea7u v\u00e0 phong c\u00e1ch thi\u1ebft k\u1ebf c\u1ee7a m\u00ecnh.<\/span><\/h3>\n<\/li>\n<li>\n<h3><span style=\"font-family: 'times new roman', times, serif; font-size: 130%;\">D\u1ecbch v\u1ee5 chuy\u00ean nghi\u1ec7p: C\u00e1c nh\u00e0 cung c\u1ea5p s\u01a1n gi\u1ea3 \u0111\u00e1 Puma t\u1ea1i <a href=\"https:\/\/vi.wikipedia.org\/wiki\/Qu%E1%BA%A3ng_Nam\"><i>Qu\u1ea3ng Nam<\/i><\/a>\u00a0th\u01b0\u1eddng cung c\u1ea5p d\u1ecbch v\u1ee5 t\u01b0 v\u1ea5n, thi c\u00f4ng v\u00e0 b\u1ea3o tr\u00ec chuy\u00ean nghi\u1ec7p, gi\u00fap b\u1ea1n y\u00ean t\u00e2m v\u1ec1 ch\u1ea5t l\u01b0\u1ee3ng v\u00e0 hi\u1ec7u qu\u1ea3 s\u1eed d\u1ee5ng s\u1ea3n ph\u1ea9m.<\/span><\/h3>\n<\/li>\n<\/ul>\n<h1><strong><span style=\"font-family: 'times new roman', times, serif; font-size: 130%;\">4. M\u1ed9t S\u1ed1 \u0110\u1ecba Ch\u1ec9 Uy T\u00edn<\/span><\/strong><\/h1>\n<h3><span style=\"font-family: 'times new roman', times, serif; font-size: 130%;\">Khi t\u00ecm ki\u1ebfm s\u01a1n gi\u1ea3 \u0111\u00e1 Puma t\u1ea1i <em>Qu\u1ea3ng Nam<\/em>, b\u1ea1n c\u00f3 th\u1ec3 tham kh\u1ea3o c\u00e1c \u0111\u1ecba ch\u1ec9 uy t\u00edn nh\u01b0:<\/span><\/h3>\n<ul>\n<li>\n<h3><span style=\"font-family: 'times new roman', times, serif; font-size: 130%;\">C\u1eeda H\u00e0ng S\u01a1n Hi\u1ec7p Ph\u00e1t: Cung c\u1ea5p nhi\u1ec1u lo\u1ea1i s\u01a1n gi\u1ea3 \u0111\u00e1 Puma v\u1edbi c\u00e1c m\u1eabu m\u00e3 v\u00e0 m\u00e0u s\u1eafc \u0111a d\u1ea1ng.<\/span><\/h3>\n<\/li>\n<li>\n<h3><span style=\"font-family: 'times new roman', times, serif; font-size: 130%;\">Showroom N\u1ed9i Th\u1ea5t \u0110\u00e0 N\u1eb5ng: C\u00f3 nhi\u1ec1u l\u1ef1a ch\u1ecdn s\u01a1n gi\u1ea3 \u0111\u00e1 Puma v\u1edbi thi\u1ebft k\u1ebf tinh t\u1ebf v\u00e0 ch\u1ea5t l\u01b0\u1ee3ng cao.<\/span><\/h3>\n<\/li>\n<li>\n<h3><span style=\"font-family: 'times new roman', times, serif; font-size: 130%;\">Si\u00eau Th\u1ecb V\u1eadt Li\u1ec7u X\u00e2y D\u1ef1ng Ph\u01b0\u01a1ng Nam: Cung c\u1ea5p s\u01a1n gi\u1ea3 \u0111\u00e1 Puma v\u1edbi gi\u00e1 c\u1ea3 c\u1ea1nh tranh v\u00e0 d\u1ecbch v\u1ee5 t\u01b0 v\u1ea5n chuy\u00ean nghi\u1ec7p.<\/span><\/h3>\n<\/li>\n<\/ul>\n","protected":false},"excerpt":{"rendered":"<p><span style=\"font-family: 'times new roman', times, serif; font-size: 130%;\">\ud83d\ude1b Giao h\u00e0ng trong \u0111\u1ecba b\u00e0n <a href=\"https:\/\/vi.wikipedia.org\/wiki\/Qu%E1%BA%A3ng_Nam\"><em>Qu\u1ea3ng Nam<\/em><\/a><\/span><\/p>\n<p><span style=\"font-family: 'times new roman', times, serif; font-size: 130%;\">\ud83d\ude1b \u0110\u01a1n v\u1ecb t\u00ednh: Th\u00f9ng\u00a0<\/span><\/p>\n<p><span style=\"font-family: 'times new roman', times, serif; font-size: 130%;\">\ud83d\ude1b \u0110\u01a1n gi\u00e1<em><strong>:\u00a0<a href=\"http:\/\/tranthi.vn\/quangnam\/?post_type=product&amp;p=4656&amp;preview=true\">S\u01a1n gi\u1ea3 \u0111\u00e1 Puma t\u1ea1i Qu\u1ea3ng Nam<\/a>\u00a0\u00a0<\/strong><\/em>trong n\u1ed9i th\u00e0nh<\/span><\/p>\n<ul>\n<li><span style=\"font-family: 'times new roman', times, serif; font-size: 130%; color: #ff0000;\"><strong>2.050.000\/20kg<\/strong><\/span><\/li>\n<li><span style=\"font-family: 'times new roman', times, serif; font-size: 130%; color: #ff0000;\"><strong>548.000 \/5kg<\/strong><\/span><\/li>\n<\/ul>\n<p><span style=\"font-family: 'times new roman', times, serif; font-size: 130%;\">\u0110\u01a1n gi\u00e1 \u00e1p d\u1ee5ng khi mua t\u1eeb 5 s\u1ea3n ph\u1ea9m tr\u1edf l\u00ean.<\/span><\/p>\n","protected":false},"featured_media":4174,"comment_status":"closed","ping_status":"closed","template":"","meta":[],"product_cat":[152],"product_tag":[471],"class_list":{"0":"post-4169","1":"product","2":"type-product","3":"status-publish","4":"has-post-thumbnail","6":"product_cat-son-gia-da","7":"product_tag-gia-son-gia-da-puma-da-nang","9":"first","10":"instock","11":"sale","12":"shipping-taxable","13":"purchasable","14":"product-type-simple"},"yoast_head":"<!-- This site is optimized with the Yoast SEO Premium plugin v22.3 (Yoast SEO v22.8) - https:\/\/yoast.com\/wordpress\/plugins\/seo\/ -->\n<title>Gi\u00e1 s\u01a1n gi\u1ea3 \u0111\u00e1 h\u1ea1t Puma t\u1ea1i Qu\u1ea3ng Nam-0947.335.871<\/title>\n<meta name=\"description\" content=\"Tr\u1ea7n Th\u1ecb - cung c\u1ea5p s\u01a1n puma gi\u1ea3 \u0111\u00e1 h\u1ea1t gi\u00e1 t\u1ed1t t\u1ea1i Qu\u1ea3ng Nam-0947.335.871, m\u00e0u s\u1eafc \u0111a d\u1ea1ng ch\u1ea5t l\u01b0\u1ee3ng s\u01a1n t\u1ed1t, h\u00e0ng \u0111\u1eb7t theo y\u00eau c\u1ea7u\" \/>\n<meta name=\"robots\" content=\"index, follow, max-snippet:-1, max-image-preview:large, max-video-preview:-1\" \/>\n<link rel=\"canonical\" href=\"https:\/\/tranthi.vn\/quangnam\/gia-son-gia-da-puma-tai-hoi-an-tam-ky-quang-nam\/\" \/>\n<meta property=\"og:locale\" content=\"vi_VN\" \/>\n<meta property=\"og:type\" content=\"article\" \/>\n<meta property=\"og:title\" content=\"S\u01a1n gi\u1ea3 \u0111\u00e1 Puma\" \/>\n<meta property=\"og:description\" content=\"Tr\u1ea7n Th\u1ecb - cung c\u1ea5p s\u01a1n puma gi\u1ea3 \u0111\u00e1 h\u1ea1t gi\u00e1 t\u1ed1t t\u1ea1i Qu\u1ea3ng Nam-0947.335.871, m\u00e0u s\u1eafc \u0111a d\u1ea1ng ch\u1ea5t l\u01b0\u1ee3ng s\u01a1n t\u1ed1t, h\u00e0ng \u0111\u1eb7t theo y\u00eau c\u1ea7u\" \/>\n<meta property=\"og:url\" content=\"https:\/\/tranthi.vn\/quangnam\/gia-son-gia-da-puma-tai-hoi-an-tam-ky-quang-nam\/\" \/>\n<meta property=\"og:site_name\" content=\"V\u1eadt Li\u1ec7u X\u00e2y D\u1ef1ng Tr\u1ea7n Th\u1ecb Chi Nh\u00e1nh Qu\u1ea3ng Nam\" \/>\n<meta property=\"article:modified_time\" content=\"2024-11-14T09:16:45+00:00\" \/>\n<meta property=\"og:image\" content=\"https:\/\/tranthi.vn\/quangnam\/wp-content\/uploads\/2022\/07\/gia-son-gia-da-puma-tai-da-nang_optimized.jpg\" \/>\n\t<meta property=\"og:image:width\" content=\"400\" \/>\n\t<meta property=\"og:image:height\" content=\"400\" \/>\n\t<meta property=\"og:image:type\" content=\"image\/jpeg\" \/>\n<meta name=\"twitter:card\" content=\"summary_large_image\" \/>\n<meta name=\"twitter:label1\" content=\"Gi\u00e1\" \/>\n\t<meta name=\"twitter:data1\" content=\"2,280,000&nbsp;&#8363;\" \/>\n\t<meta name=\"twitter:label2\" content=\"Kh\u1ea3 d\u1ee5ng\" \/>\n\t<meta name=\"twitter:data2\" content=\"Trong kho\" \/>\n<script type=\"application\/ld+json\" class=\"yoast-schema-graph\">{\"@context\":\"https:\/\/schema.org\",\"@graph\":[{\"@type\":[\"WebPage\",\"ItemPage\"],\"@id\":\"https:\/\/tranthi.vn\/quangnam\/gia-son-gia-da-puma-tai-hoi-an-tam-ky-quang-nam\/\",\"url\":\"https:\/\/tranthi.vn\/quangnam\/gia-son-gia-da-puma-tai-hoi-an-tam-ky-quang-nam\/\",\"name\":\"Gi\u00e1 s\u01a1n gi\u1ea3 \u0111\u00e1 h\u1ea1t Puma t\u1ea1i Qu\u1ea3ng Nam-0947.335.871\",\"isPartOf\":{\"@id\":\"https:\/\/tranthi.vn\/quangnam\/#website\"},\"primaryImageOfPage\":{\"@id\":\"https:\/\/tranthi.vn\/quangnam\/gia-son-gia-da-puma-tai-hoi-an-tam-ky-quang-nam\/#primaryimage\"},\"image\":{\"@id\":\"https:\/\/tranthi.vn\/quangnam\/gia-son-gia-da-puma-tai-hoi-an-tam-ky-quang-nam\/#primaryimage\"},\"thumbnailUrl\":\"https:\/\/tranthi.vn\/quangnam\/wp-content\/uploads\/2022\/07\/gia-son-gia-da-puma-tai-da-nang_optimized.jpg\",\"datePublished\":\"2022-07-15T02:34:07+00:00\",\"dateModified\":\"2024-11-14T09:16:45+00:00\",\"description\":\"Tr\u1ea7n Th\u1ecb - cung c\u1ea5p s\u01a1n puma gi\u1ea3 \u0111\u00e1 h\u1ea1t gi\u00e1 t\u1ed1t t\u1ea1i Qu\u1ea3ng Nam-0947.335.871, m\u00e0u s\u1eafc \u0111a d\u1ea1ng ch\u1ea5t l\u01b0\u1ee3ng s\u01a1n t\u1ed1t, h\u00e0ng \u0111\u1eb7t theo y\u00eau c\u1ea7u\",\"breadcrumb\":{\"@id\":\"https:\/\/tranthi.vn\/quangnam\/gia-son-gia-da-puma-tai-hoi-an-tam-ky-quang-nam\/#breadcrumb\"},\"inLanguage\":\"vi\",\"potentialAction\":[{\"@type\":\"ReadAction\",\"target\":[\"https:\/\/tranthi.vn\/quangnam\/gia-son-gia-da-puma-tai-hoi-an-tam-ky-quang-nam\/\"]}]},{\"@type\":\"ImageObject\",\"inLanguage\":\"vi\",\"@id\":\"https:\/\/tranthi.vn\/quangnam\/gia-son-gia-da-puma-tai-hoi-an-tam-ky-quang-nam\/#primaryimage\",\"url\":\"https:\/\/tranthi.vn\/quangnam\/wp-content\/uploads\/2022\/07\/gia-son-gia-da-puma-tai-da-nang_optimized.jpg\",\"contentUrl\":\"https:\/\/tranthi.vn\/quangnam\/wp-content\/uploads\/2022\/07\/gia-son-gia-da-puma-tai-da-nang_optimized.jpg\",\"width\":400,\"height\":400},{\"@type\":\"BreadcrumbList\",\"@id\":\"https:\/\/tranthi.vn\/quangnam\/gia-son-gia-da-puma-tai-hoi-an-tam-ky-quang-nam\/#breadcrumb\",\"itemListElement\":[{\"@type\":\"ListItem\",\"position\":1,\"name\":\"Trang ch\u1ee7\",\"item\":\"https:\/\/tranthi.vn\/quangnam\/\"},{\"@type\":\"ListItem\",\"position\":2,\"name\":\"Shop\",\"item\":\"https:\/\/tranthi.vn\/quangnam\/shop\/\"},{\"@type\":\"ListItem\",\"position\":3,\"name\":\"S\u01a1n gi\u1ea3 \u0111\u00e1 Puma\"}]},{\"@type\":\"WebSite\",\"@id\":\"https:\/\/tranthi.vn\/quangnam\/#website\",\"url\":\"https:\/\/tranthi.vn\/quangnam\/\",\"name\":\"V\u1eadt Li\u1ec7u X\u00e2y D\u1ef1ng Tr\u1ea7n Th\u1ecb Chi Nh\u00e1nh Qu\u1ea3ng Nam\",\"description\":\"V\u1eadt Li\u1ec7u X\u00e2y D\u1ef1ng - Qu\u1ea3ng Nam\",\"potentialAction\":[{\"@type\":\"SearchAction\",\"target\":{\"@type\":\"EntryPoint\",\"urlTemplate\":\"https:\/\/tranthi.vn\/quangnam\/?s={search_term_string}\"},\"query-input\":\"required name=search_term_string\"}],\"inLanguage\":\"vi\"},{\"@type\":\"ImageObject\",\"inLanguage\":\"vi\",\"@id\":\"https:\/\/tranthi.vn\/quangnam\/gia-son-gia-da-puma-tai-hoi-an-tam-ky-quang-nam\/#local-main-organization-logo\",\"url\":\"\",\"contentUrl\":\"\",\"caption\":\"V\u1eadt Li\u1ec7u X\u00e2y D\u1ef1ng Tr\u1ea7n Th\u1ecb Chi Nh\u00e1nh Qu\u1ea3ng Nam\"}]}<\/script>\n<meta property=\"product:price:amount\" content=\"2280000\" \/>\n<meta property=\"product:price:currency\" content=\"VND\" \/>\n<meta property=\"og:availability\" content=\"instock\" \/>\n<meta property=\"product:availability\" content=\"instock\" \/>\n<meta property=\"product:condition\" content=\"new\" \/>\n<!-- \/ Yoast SEO Premium plugin. -->","yoast_head_json":{"title":"Gi\u00e1 s\u01a1n gi\u1ea3 \u0111\u00e1 h\u1ea1t Puma t\u1ea1i Qu\u1ea3ng Nam-0947.335.871","description":"Tr\u1ea7n Th\u1ecb - cung c\u1ea5p s\u01a1n puma gi\u1ea3 \u0111\u00e1 h\u1ea1t gi\u00e1 t\u1ed1t t\u1ea1i Qu\u1ea3ng Nam-0947.335.871, m\u00e0u s\u1eafc \u0111a d\u1ea1ng ch\u1ea5t l\u01b0\u1ee3ng s\u01a1n t\u1ed1t, h\u00e0ng \u0111\u1eb7t theo y\u00eau c\u1ea7u","robots":{"index":"index","follow":"follow","max-snippet":"max-snippet:-1","max-image-preview":"max-image-preview:large","max-video-preview":"max-video-preview:-1"},"canonical":"https:\/\/tranthi.vn\/quangnam\/gia-son-gia-da-puma-tai-hoi-an-tam-ky-quang-nam\/","og_locale":"vi_VN","og_type":"article","og_title":"S\u01a1n gi\u1ea3 \u0111\u00e1 Puma","og_description":"Tr\u1ea7n Th\u1ecb - cung c\u1ea5p s\u01a1n puma gi\u1ea3 \u0111\u00e1 h\u1ea1t gi\u00e1 t\u1ed1t t\u1ea1i Qu\u1ea3ng Nam-0947.335.871, m\u00e0u s\u1eafc \u0111a d\u1ea1ng ch\u1ea5t l\u01b0\u1ee3ng s\u01a1n t\u1ed1t, h\u00e0ng \u0111\u1eb7t theo y\u00eau c\u1ea7u","og_url":"https:\/\/tranthi.vn\/quangnam\/gia-son-gia-da-puma-tai-hoi-an-tam-ky-quang-nam\/","og_site_name":"V\u1eadt Li\u1ec7u X\u00e2y D\u1ef1ng Tr\u1ea7n Th\u1ecb Chi Nh\u00e1nh Qu\u1ea3ng Nam","article_modified_time":"2024-11-14T09:16:45+00:00","og_image":[{"width":400,"height":400,"url":"https:\/\/tranthi.vn\/quangnam\/wp-content\/uploads\/2022\/07\/gia-son-gia-da-puma-tai-da-nang_optimized.jpg","type":"image\/jpeg"}],"twitter_card":"summary_large_image","twitter_misc":{"Gi\u00e1":"2,280,000&nbsp;&#8363;","Kh\u1ea3 d\u1ee5ng":"Trong kho"},"schema":{"@context":"https:\/\/schema.org","@graph":[{"@type":["WebPage","ItemPage"],"@id":"https:\/\/tranthi.vn\/quangnam\/gia-son-gia-da-puma-tai-hoi-an-tam-ky-quang-nam\/","url":"https:\/\/tranthi.vn\/quangnam\/gia-son-gia-da-puma-tai-hoi-an-tam-ky-quang-nam\/","name":"Gi\u00e1 s\u01a1n gi\u1ea3 \u0111\u00e1 h\u1ea1t Puma t\u1ea1i Qu\u1ea3ng Nam-0947.335.871","isPartOf":{"@id":"https:\/\/tranthi.vn\/quangnam\/#website"},"primaryImageOfPage":{"@id":"https:\/\/tranthi.vn\/quangnam\/gia-son-gia-da-puma-tai-hoi-an-tam-ky-quang-nam\/#primaryimage"},"image":{"@id":"https:\/\/tranthi.vn\/quangnam\/gia-son-gia-da-puma-tai-hoi-an-tam-ky-quang-nam\/#primaryimage"},"thumbnailUrl":"https:\/\/tranthi.vn\/quangnam\/wp-content\/uploads\/2022\/07\/gia-son-gia-da-puma-tai-da-nang_optimized.jpg","datePublished":"2022-07-15T02:34:07+00:00","dateModified":"2024-11-14T09:16:45+00:00","description":"Tr\u1ea7n Th\u1ecb - cung c\u1ea5p s\u01a1n puma gi\u1ea3 \u0111\u00e1 h\u1ea1t gi\u00e1 t\u1ed1t t\u1ea1i Qu\u1ea3ng Nam-0947.335.871, m\u00e0u s\u1eafc \u0111a d\u1ea1ng ch\u1ea5t l\u01b0\u1ee3ng s\u01a1n t\u1ed1t, h\u00e0ng \u0111\u1eb7t theo y\u00eau c\u1ea7u","breadcrumb":{"@id":"https:\/\/tranthi.vn\/quangnam\/gia-son-gia-da-puma-tai-hoi-an-tam-ky-quang-nam\/#breadcrumb"},"inLanguage":"vi","potentialAction":[{"@type":"ReadAction","target":["https:\/\/tranthi.vn\/quangnam\/gia-son-gia-da-puma-tai-hoi-an-tam-ky-quang-nam\/"]}]},{"@type":"ImageObject","inLanguage":"vi","@id":"https:\/\/tranthi.vn\/quangnam\/gia-son-gia-da-puma-tai-hoi-an-tam-ky-quang-nam\/#primaryimage","url":"https:\/\/tranthi.vn\/quangnam\/wp-content\/uploads\/2022\/07\/gia-son-gia-da-puma-tai-da-nang_optimized.jpg","contentUrl":"https:\/\/tranthi.vn\/quangnam\/wp-content\/uploads\/2022\/07\/gia-son-gia-da-puma-tai-da-nang_optimized.jpg","width":400,"height":400},{"@type":"BreadcrumbList","@id":"https:\/\/tranthi.vn\/quangnam\/gia-son-gia-da-puma-tai-hoi-an-tam-ky-quang-nam\/#breadcrumb","itemListElement":[{"@type":"ListItem","position":1,"name":"Trang ch\u1ee7","item":"https:\/\/tranthi.vn\/quangnam\/"},{"@type":"ListItem","position":2,"name":"Shop","item":"https:\/\/tranthi.vn\/quangnam\/shop\/"},{"@type":"ListItem","position":3,"name":"S\u01a1n gi\u1ea3 \u0111\u00e1 Puma"}]},{"@type":"WebSite","@id":"https:\/\/tranthi.vn\/quangnam\/#website","url":"https:\/\/tranthi.vn\/quangnam\/","name":"V\u1eadt Li\u1ec7u X\u00e2y D\u1ef1ng Tr\u1ea7n Th\u1ecb Chi Nh\u00e1nh Qu\u1ea3ng Nam","description":"V\u1eadt Li\u1ec7u X\u00e2y D\u1ef1ng - Qu\u1ea3ng Nam","potentialAction":[{"@type":"SearchAction","target":{"@type":"EntryPoint","urlTemplate":"https:\/\/tranthi.vn\/quangnam\/?s={search_term_string}"},"query-input":"required name=search_term_string"}],"inLanguage":"vi"},{"@type":"ImageObject","inLanguage":"vi","@id":"https:\/\/tranthi.vn\/quangnam\/gia-son-gia-da-puma-tai-hoi-an-tam-ky-quang-nam\/#local-main-organization-logo","url":"","contentUrl":"","caption":"V\u1eadt Li\u1ec7u X\u00e2y D\u1ef1ng Tr\u1ea7n Th\u1ecb Chi Nh\u00e1nh Qu\u1ea3ng Nam"}]},"product_price_amount":"2280000","product_price_currency":"VND","og_availability":"instock","product_availability":"instock","product_condition":"new"},"_links":{"self":[{"href":"https:\/\/tranthi.vn\/quangnam\/wp-json\/wp\/v2\/product\/4169","targetHints":{"allow":["GET"]}}],"collection":[{"href":"https:\/\/tranthi.vn\/quangnam\/wp-json\/wp\/v2\/product"}],"about":[{"href":"https:\/\/tranthi.vn\/quangnam\/wp-json\/wp\/v2\/types\/product"}],"replies":[{"embeddable":true,"href":"https:\/\/tranthi.vn\/quangnam\/wp-json\/wp\/v2\/comments?post=4169"}],"wp:featuredmedia":[{"embeddable":true,"href":"https:\/\/tranthi.vn\/quangnam\/wp-json\/wp\/v2\/media\/4174"}],"wp:attachment":[{"href":"https:\/\/tranthi.vn\/quangnam\/wp-json\/wp\/v2\/media?parent=4169"}],"wp:term":[{"taxonomy":"product_cat","embeddable":true,"href":"https:\/\/tranthi.vn\/quangnam\/wp-json\/wp\/v2\/product_cat?post=4169"},{"taxonomy":"product_tag","embeddable":true,"href":"https:\/\/tranthi.vn\/quangnam\/wp-json\/wp\/v2\/product_tag?post=4169"}],"curies":[{"name":"wp","href":"https:\/\/api.w.org\/{rel}","templated":true}]}}