{"id":4120,"date":"2022-06-23T16:40:30","date_gmt":"2022-06-23T09:40:30","guid":{"rendered":"https:\/\/tranthi.vn\/quangnam\/?post_type=product&#038;p=4120"},"modified":"2022-06-23T16:40:30","modified_gmt":"2022-06-23T09:40:30","slug":"may-hut-mui-bc-70ec2","status":"publish","type":"product","link":"https:\/\/tranthi.vn\/quangnam\/may-hut-mui-bc-70ec2\/","title":{"rendered":"M\u00e1y H\u00fat M\u00f9i BC 70EC2"},"content":{"rendered":"","protected":false},"excerpt":{"rendered":"<div class=\"vshort2\">\n<div class=\"vmsp\"><span style=\"font-family: 'times new roman', times, serif; font-size: 130%; color: #000000;\"><strong>M\u00e3 s\u1ea3n ph\u1ea9m:<\/strong> BC70EC2<\/span><\/div>\n<div class=\"vmsp\"><span style=\"font-family: 'times new roman', times, serif; font-size: 130%; color: #000000;\"><strong>B\u1ea3o h\u00e0nh:<\/strong>\u00a02 n\u0103m<\/span><\/div>\n<div><span style=\"font-family: 'times new roman', times, serif; font-size: 130%; color: #000000;\">\u2013 Ki\u1ec3u m\u00e1y treo t\u01b0\u1eddng k\u00ednh cong<\/span><br \/>\n<span style=\"font-family: 'times new roman', times, serif; font-size: 130%; color: #000000;\">\u2013 \u0110\u1ed9ng c\u01a1 Turbine.<\/span><br \/>\n<span style=\"font-family: 'times new roman', times, serif; font-size: 130%; color: #000000;\">\u2013 \u0110i\u1ec1u khi\u1ec3n c\u01a1 3 t\u1ed1c \u0111\u1ed9<\/span><br \/>\n<span style=\"font-family: 'times new roman', times, serif; font-size: 130%; color: #000000;\">\u2013 \u0110\u00e8n chi\u1ebfu s\u00e1ng LED<\/span><\/div>\n<\/div>\n","protected":false},"featured_media":4114,"comment_status":"closed","ping_status":"closed","template":"","meta":[],"product_cat":[15],"product_tag":[],"class_list":{"0":"post-4120","1":"product","2":"type-product","3":"status-publish","4":"has-post-thumbnail","6":"product_cat-chua-phan-loai","8":"first","9":"instock","10":"shipping-taxable","11":"product-type-simple"},"yoast_head":"<!-- This site is optimized with the Yoast SEO Premium plugin v22.3 (Yoast SEO v22.8) - https:\/\/yoast.com\/wordpress\/plugins\/seo\/ -->\n<title>M\u00e1y H\u00fat M\u00f9i BC 70EC2 - V\u1eadt Li\u1ec7u X\u00e2y D\u1ef1ng Tr\u1ea7n Th\u1ecb Chi Nh\u00e1nh Qu\u1ea3ng Nam<\/title>\n<meta name=\"robots\" content=\"index, follow, max-snippet:-1, max-image-preview:large, max-video-preview:-1\" \/>\n<link rel=\"canonical\" href=\"https:\/\/tranthi.vn\/quangnam\/may-hut-mui-bc-70ec2\/\" \/>\n<meta property=\"og:locale\" content=\"vi_VN\" \/>\n<meta property=\"og:type\" content=\"article\" \/>\n<meta property=\"og:title\" content=\"M\u00e1y H\u00fat M\u00f9i BC 70EC2\" \/>\n<meta property=\"og:description\" content=\"M\u00e3 s\u1ea3n ph\u1ea9m: BC70EC2 B\u1ea3o h\u00e0nh:\u00a02 n\u0103m \u2013 Ki\u1ec3u m\u00e1y treo t\u01b0\u1eddng k\u00ednh cong \u2013 \u0110\u1ed9ng c\u01a1 Turbine. \u2013 \u0110i\u1ec1u khi\u1ec3n c\u01a1 3 t\u1ed1c \u0111\u1ed9 \u2013 \u0110\u00e8n chi\u1ebfu s\u00e1ng LED\" \/>\n<meta property=\"og:url\" content=\"https:\/\/tranthi.vn\/quangnam\/may-hut-mui-bc-70ec2\/\" \/>\n<meta property=\"og:site_name\" content=\"V\u1eadt Li\u1ec7u X\u00e2y D\u1ef1ng Tr\u1ea7n Th\u1ecb Chi Nh\u00e1nh Qu\u1ea3ng Nam\" \/>\n<meta property=\"og:image\" content=\"https:\/\/tranthi.vn\/quangnam\/wp-content\/uploads\/2022\/06\/may-hut-mui-gia-re-da-nang-70ec2_optimized.jpg\" \/>\n\t<meta property=\"og:image:width\" content=\"400\" \/>\n\t<meta property=\"og:image:height\" content=\"400\" \/>\n\t<meta property=\"og:image:type\" content=\"image\/jpeg\" \/>\n<meta name=\"twitter:card\" content=\"summary_large_image\" \/>\n<meta name=\"twitter:label1\" content=\"Gi\u00e1\" \/>\n\t<meta name=\"twitter:data1\" content=\"\" \/>\n\t<meta name=\"twitter:label2\" content=\"Kh\u1ea3 d\u1ee5ng\" \/>\n\t<meta name=\"twitter:data2\" content=\"Trong kho\" \/>\n<script type=\"application\/ld+json\" class=\"yoast-schema-graph\">{\"@context\":\"https:\/\/schema.org\",\"@graph\":[{\"@type\":[\"WebPage\",\"ItemPage\"],\"@id\":\"https:\/\/tranthi.vn\/quangnam\/may-hut-mui-bc-70ec2\/\",\"url\":\"https:\/\/tranthi.vn\/quangnam\/may-hut-mui-bc-70ec2\/\",\"name\":\"M\u00e1y H\u00fat M\u00f9i BC 70EC2 - V\u1eadt Li\u1ec7u X\u00e2y D\u1ef1ng Tr\u1ea7n Th\u1ecb Chi Nh\u00e1nh Qu\u1ea3ng Nam\",\"isPartOf\":{\"@id\":\"https:\/\/tranthi.vn\/quangnam\/#website\"},\"primaryImageOfPage\":{\"@id\":\"https:\/\/tranthi.vn\/quangnam\/may-hut-mui-bc-70ec2\/#primaryimage\"},\"image\":{\"@id\":\"https:\/\/tranthi.vn\/quangnam\/may-hut-mui-bc-70ec2\/#primaryimage\"},\"thumbnailUrl\":\"https:\/\/tranthi.vn\/quangnam\/wp-content\/uploads\/2022\/06\/may-hut-mui-gia-re-da-nang-70ec2_optimized.jpg\",\"datePublished\":\"2022-06-23T09:40:30+00:00\",\"dateModified\":\"2022-06-23T09:40:30+00:00\",\"breadcrumb\":{\"@id\":\"https:\/\/tranthi.vn\/quangnam\/may-hut-mui-bc-70ec2\/#breadcrumb\"},\"inLanguage\":\"vi\",\"potentialAction\":[{\"@type\":\"ReadAction\",\"target\":[\"https:\/\/tranthi.vn\/quangnam\/may-hut-mui-bc-70ec2\/\"]}]},{\"@type\":\"ImageObject\",\"inLanguage\":\"vi\",\"@id\":\"https:\/\/tranthi.vn\/quangnam\/may-hut-mui-bc-70ec2\/#primaryimage\",\"url\":\"https:\/\/tranthi.vn\/quangnam\/wp-content\/uploads\/2022\/06\/may-hut-mui-gia-re-da-nang-70ec2_optimized.jpg\",\"contentUrl\":\"https:\/\/tranthi.vn\/quangnam\/wp-content\/uploads\/2022\/06\/may-hut-mui-gia-re-da-nang-70ec2_optimized.jpg\",\"width\":400,\"height\":400},{\"@type\":\"BreadcrumbList\",\"@id\":\"https:\/\/tranthi.vn\/quangnam\/may-hut-mui-bc-70ec2\/#breadcrumb\",\"itemListElement\":[{\"@type\":\"ListItem\",\"position\":1,\"name\":\"Trang ch\u1ee7\",\"item\":\"https:\/\/tranthi.vn\/quangnam\/\"},{\"@type\":\"ListItem\",\"position\":2,\"name\":\"Shop\",\"item\":\"https:\/\/tranthi.vn\/quangnam\/shop\/\"},{\"@type\":\"ListItem\",\"position\":3,\"name\":\"M\u00e1y H\u00fat M\u00f9i BC 70EC2\"}]},{\"@type\":\"WebSite\",\"@id\":\"https:\/\/tranthi.vn\/quangnam\/#website\",\"url\":\"https:\/\/tranthi.vn\/quangnam\/\",\"name\":\"V\u1eadt Li\u1ec7u X\u00e2y D\u1ef1ng Tr\u1ea7n Th\u1ecb Chi Nh\u00e1nh Qu\u1ea3ng Nam\",\"description\":\"V\u1eadt Li\u1ec7u X\u00e2y D\u1ef1ng - Qu\u1ea3ng Nam\",\"potentialAction\":[{\"@type\":\"SearchAction\",\"target\":{\"@type\":\"EntryPoint\",\"urlTemplate\":\"https:\/\/tranthi.vn\/quangnam\/?s={search_term_string}\"},\"query-input\":\"required name=search_term_string\"}],\"inLanguage\":\"vi\"},{\"@type\":\"ImageObject\",\"inLanguage\":\"vi\",\"@id\":\"https:\/\/tranthi.vn\/quangnam\/may-hut-mui-bc-70ec2\/#local-main-organization-logo\",\"url\":\"\",\"contentUrl\":\"\",\"caption\":\"V\u1eadt Li\u1ec7u X\u00e2y D\u1ef1ng Tr\u1ea7n Th\u1ecb Chi Nh\u00e1nh Qu\u1ea3ng Nam\"}]}<\/script>\n<meta property=\"product:price:amount\" content=\"0\" \/>\n<meta property=\"product:price:currency\" content=\"VND\" \/>\n<meta property=\"og:availability\" content=\"instock\" \/>\n<meta property=\"product:availability\" content=\"instock\" \/>\n<meta property=\"product:condition\" content=\"new\" \/>\n<!-- \/ Yoast SEO Premium plugin. -->","yoast_head_json":{"title":"M\u00e1y H\u00fat M\u00f9i BC 70EC2 - V\u1eadt Li\u1ec7u X\u00e2y D\u1ef1ng Tr\u1ea7n Th\u1ecb Chi Nh\u00e1nh Qu\u1ea3ng Nam","robots":{"index":"index","follow":"follow","max-snippet":"max-snippet:-1","max-image-preview":"max-image-preview:large","max-video-preview":"max-video-preview:-1"},"canonical":"https:\/\/tranthi.vn\/quangnam\/may-hut-mui-bc-70ec2\/","og_locale":"vi_VN","og_type":"article","og_title":"M\u00e1y H\u00fat M\u00f9i BC 70EC2","og_description":"M\u00e3 s\u1ea3n ph\u1ea9m: BC70EC2 B\u1ea3o h\u00e0nh:\u00a02 n\u0103m \u2013 Ki\u1ec3u m\u00e1y treo t\u01b0\u1eddng k\u00ednh cong \u2013 \u0110\u1ed9ng c\u01a1 Turbine. \u2013 \u0110i\u1ec1u khi\u1ec3n c\u01a1 3 t\u1ed1c \u0111\u1ed9 \u2013 \u0110\u00e8n chi\u1ebfu s\u00e1ng LED","og_url":"https:\/\/tranthi.vn\/quangnam\/may-hut-mui-bc-70ec2\/","og_site_name":"V\u1eadt Li\u1ec7u X\u00e2y D\u1ef1ng Tr\u1ea7n Th\u1ecb Chi Nh\u00e1nh Qu\u1ea3ng Nam","og_image":[{"width":400,"height":400,"url":"https:\/\/tranthi.vn\/quangnam\/wp-content\/uploads\/2022\/06\/may-hut-mui-gia-re-da-nang-70ec2_optimized.jpg","type":"image\/jpeg"}],"twitter_card":"summary_large_image","twitter_misc":{"Gi\u00e1":"","Kh\u1ea3 d\u1ee5ng":"Trong kho"},"schema":{"@context":"https:\/\/schema.org","@graph":[{"@type":["WebPage","ItemPage"],"@id":"https:\/\/tranthi.vn\/quangnam\/may-hut-mui-bc-70ec2\/","url":"https:\/\/tranthi.vn\/quangnam\/may-hut-mui-bc-70ec2\/","name":"M\u00e1y H\u00fat M\u00f9i BC 70EC2 - V\u1eadt Li\u1ec7u X\u00e2y D\u1ef1ng Tr\u1ea7n Th\u1ecb Chi Nh\u00e1nh Qu\u1ea3ng Nam","isPartOf":{"@id":"https:\/\/tranthi.vn\/quangnam\/#website"},"primaryImageOfPage":{"@id":"https:\/\/tranthi.vn\/quangnam\/may-hut-mui-bc-70ec2\/#primaryimage"},"image":{"@id":"https:\/\/tranthi.vn\/quangnam\/may-hut-mui-bc-70ec2\/#primaryimage"},"thumbnailUrl":"https:\/\/tranthi.vn\/quangnam\/wp-content\/uploads\/2022\/06\/may-hut-mui-gia-re-da-nang-70ec2_optimized.jpg","datePublished":"2022-06-23T09:40:30+00:00","dateModified":"2022-06-23T09:40:30+00:00","breadcrumb":{"@id":"https:\/\/tranthi.vn\/quangnam\/may-hut-mui-bc-70ec2\/#breadcrumb"},"inLanguage":"vi","potentialAction":[{"@type":"ReadAction","target":["https:\/\/tranthi.vn\/quangnam\/may-hut-mui-bc-70ec2\/"]}]},{"@type":"ImageObject","inLanguage":"vi","@id":"https:\/\/tranthi.vn\/quangnam\/may-hut-mui-bc-70ec2\/#primaryimage","url":"https:\/\/tranthi.vn\/quangnam\/wp-content\/uploads\/2022\/06\/may-hut-mui-gia-re-da-nang-70ec2_optimized.jpg","contentUrl":"https:\/\/tranthi.vn\/quangnam\/wp-content\/uploads\/2022\/06\/may-hut-mui-gia-re-da-nang-70ec2_optimized.jpg","width":400,"height":400},{"@type":"BreadcrumbList","@id":"https:\/\/tranthi.vn\/quangnam\/may-hut-mui-bc-70ec2\/#breadcrumb","itemListElement":[{"@type":"ListItem","position":1,"name":"Trang ch\u1ee7","item":"https:\/\/tranthi.vn\/quangnam\/"},{"@type":"ListItem","position":2,"name":"Shop","item":"https:\/\/tranthi.vn\/quangnam\/shop\/"},{"@type":"ListItem","position":3,"name":"M\u00e1y H\u00fat M\u00f9i BC 70EC2"}]},{"@type":"WebSite","@id":"https:\/\/tranthi.vn\/quangnam\/#website","url":"https:\/\/tranthi.vn\/quangnam\/","name":"V\u1eadt Li\u1ec7u X\u00e2y D\u1ef1ng Tr\u1ea7n Th\u1ecb Chi Nh\u00e1nh Qu\u1ea3ng Nam","description":"V\u1eadt Li\u1ec7u X\u00e2y D\u1ef1ng - Qu\u1ea3ng Nam","potentialAction":[{"@type":"SearchAction","target":{"@type":"EntryPoint","urlTemplate":"https:\/\/tranthi.vn\/quangnam\/?s={search_term_string}"},"query-input":"required name=search_term_string"}],"inLanguage":"vi"},{"@type":"ImageObject","inLanguage":"vi","@id":"https:\/\/tranthi.vn\/quangnam\/may-hut-mui-bc-70ec2\/#local-main-organization-logo","url":"","contentUrl":"","caption":"V\u1eadt Li\u1ec7u X\u00e2y D\u1ef1ng Tr\u1ea7n Th\u1ecb Chi Nh\u00e1nh Qu\u1ea3ng Nam"}]},"product_price_currency":"VND","og_availability":"instock","product_availability":"instock","product_condition":"new"},"_links":{"self":[{"href":"https:\/\/tranthi.vn\/quangnam\/wp-json\/wp\/v2\/product\/4120","targetHints":{"allow":["GET"]}}],"collection":[{"href":"https:\/\/tranthi.vn\/quangnam\/wp-json\/wp\/v2\/product"}],"about":[{"href":"https:\/\/tranthi.vn\/quangnam\/wp-json\/wp\/v2\/types\/product"}],"replies":[{"embeddable":true,"href":"https:\/\/tranthi.vn\/quangnam\/wp-json\/wp\/v2\/comments?post=4120"}],"wp:featuredmedia":[{"embeddable":true,"href":"https:\/\/tranthi.vn\/quangnam\/wp-json\/wp\/v2\/media\/4114"}],"wp:attachment":[{"href":"https:\/\/tranthi.vn\/quangnam\/wp-json\/wp\/v2\/media?parent=4120"}],"wp:term":[{"taxonomy":"product_cat","embeddable":true,"href":"https:\/\/tranthi.vn\/quangnam\/wp-json\/wp\/v2\/product_cat?post=4120"},{"taxonomy":"product_tag","embeddable":true,"href":"https:\/\/tranthi.vn\/quangnam\/wp-json\/wp\/v2\/product_tag?post=4120"}],"curies":[{"name":"wp","href":"https:\/\/api.w.org\/{rel}","templated":true}]}}