{"id":4105,"date":"2022-06-21T08:33:32","date_gmt":"2022-06-21T01:33:32","guid":{"rendered":"https:\/\/tranthi.vn\/quangnam\/?post_type=product&#038;p=4105"},"modified":"2024-03-23T16:42:01","modified_gmt":"2024-03-23T09:42:01","slug":"bep-tu-326si","status":"publish","type":"product","link":"https:\/\/tranthi.vn\/quangnam\/bep-tu-326si\/","title":{"rendered":"B\u1ebfp 2 T\u1eeb &#8211; TG"},"content":{"rendered":"<p><span style=\"font-size: 130%; color: #000000; font-family: 'times new roman', times, serif;\"><strong>T\u00cdNH N\u0102NG<\/strong><\/span><br \/>\n<span style=\"font-size: 130%; color: #000000; font-family: 'times new roman', times, serif;\">\u2013 M\u1eb7t k\u00ednh Vitroceramic<\/span><br \/>\n<span style=\"font-size: 130%; color: #000000; font-family: 'times new roman', times, serif;\">\u2013 \u00d0i\u1ec1u khi\u1ec3n c\u1ea3m \u1ee9ng d\u1ea1ng \u1ea9n<\/span><br \/>\n<span style=\"font-size: 130%; color: #000000; font-family: 'times new roman', times, serif;\">\u2013 B\u1ed9 \u0111i\u1ec1u nhi\u1ec7t an to\u00e0n cho b\u1ebfp<\/span><br \/>\n<span style=\"font-size: 130%; color: #000000; font-family: 'times new roman', times, serif;\">\u2013 B\u1ebfp t\u1eeb s\u1eed d\u1ee5ng c\u00f4ng ngh\u1ec7 c\u1ea3m \u1ee9ng \u0111\u00e1y n\u1ed3i t\u1ef1 nh\u1eadn di\u1ec7n v\u00f9ng n\u1ea5u<\/span><br \/>\n<span style=\"font-size: 130%; color: #000000; font-family: 'times new roman', times, serif;\">\u2013 C\u00f4ng ngh\u1ec7 INVERTER Ti\u1ebft ki\u1ec7m 30% \u0111i\u1ec7n n\u0103ng<\/span><br \/>\n<span style=\"font-size: 130%; color: #000000; font-family: 'times new roman', times, serif;\">\u2013 H\u1eb9n gi\u1edd t\u1eaft<\/span><\/p>\n<p><span style=\"font-size: 130%; color: #000000; font-family: 'times new roman', times, serif;\"><strong>AN TO\u00c0N<\/strong><\/span><br \/>\n<span style=\"font-size: 130%; color: #000000; font-family: 'times new roman', times, serif;\">\u2013 Ch\u1ee9c n\u0103ng kh\u00f3a tr\u1ebb em<\/span><br \/>\n<span style=\"font-size: 130%; color: #000000; font-family: 'times new roman', times, serif;\">\u2013 C\u1ea3nh b\u00e1o nhi\u1ec7t d\u01b0<\/span><br \/>\n<span style=\"font-size: 130%; color: #000000; font-family: 'times new roman', times, serif;\">\u2013 \u201cCh\u1ebf \u0111\u1ed9 c\u1ea3m \u1ee9ng ch\u1ed1ng tr\u00e0n\u201d<\/span><br \/>\n<span style=\"font-size: 130%; color: #000000; font-family: 'times new roman', times, serif;\">\u2013 T\u1ef1 \u0111\u1ed9ng ng\u1eaft khi qu\u00e1 nhi\u1ec7t<\/span><\/p>\n","protected":false},"excerpt":{"rendered":"<p><span style=\"font-size: 130%; color: #000000; font-family: 'times new roman', times, serif;\"><strong>B\u1ebfp 2 t\u1eeb , k\u00ednh c\u01b0\u1eddng l\u1ef1c\u00a0 v\u00e1t 4 c\u1ea1nh<\/strong><\/span><\/p>\n<p><span style=\"font-size: 130%; font-family: 'times new roman', times, serif; color: #000000;\"><strong>\ud83e\udd70K\u00edch th\u01b0\u1edbc:<\/strong> W730*D430*H75<\/span><\/p>\n<p><span style=\"color: #000000; font-size: 130%; font-family: 'times new roman', times, serif;\"><strong>\ud83e\udd70\u0110\u01a1n gi\u00e1:<span style=\"color: #ff0000;\"> 3.235.000\/b\u1ebfp<\/span><\/strong><\/span><\/p>\n<p><span style=\"color: #000000; font-size: 130%; font-family: 'times new roman', times, serif;\"><strong>V\u00d9NG N\u1ea4U &amp; C\u00d4NG SU\u1ea4T<\/strong><\/span><\/p>\n<ul>\n<li><span style=\"font-size: 130%; font-family: 'times new roman', times, serif; color: #000000;\">C\u00f4ng su\u1ea5t 2000W<\/span><\/li>\n<li><span style=\"font-size: 130%; font-family: 'times new roman', times, serif; color: #000000;\">B\u1ebfp Booter 2200w<\/span><\/li>\n<li><span style=\"font-size: 130%; font-family: 'times new roman', times, serif; color: #000000;\">\u0110i\u1ec7n 220v &#8211; 240v<\/span><\/li>\n<\/ul>\n<p><span style=\"font-size: 130%; font-family: 'times new roman', times, serif; color: #000000;\">&#8211; \u0110i\u1ec1u khi\u1ec3n c\u1ea3m \u1ee9ng 2 v\u00f9ng \u0111\u1ed9c l\u1eadp<\/span><\/p>\n<p><span style=\"font-size: 130%; font-family: 'times new roman', times, serif; color: #000000;\">&#8211; Ch\u1ee9c n\u0103ng h\u1eb9n gi\u1edd kh\u00f3a \u0103n to\u00e0n tr\u1ebb em. <\/span><\/p>\n<p><span style=\"font-size: 130%; font-family: 'times new roman', times, serif; color: #000000;\">&#8211; M\u00e2m \u0111\u1ed3ng cao c\u1ea5p<\/span><\/p>\n<p><span style=\"font-size: 130%; font-family: 'times new roman', times, serif; color: #000000;\">&#8211; Made in chine<\/span><\/p>\n<p><span style=\"font-size: 130%; font-family: 'times new roman', times, serif; color: #000000;\">B\u1ea3o h\u00e0nh 24 th\u00e1ng<\/span><\/p>\n<p><span style=\"color: #0000ff; font-size: 130%; font-family: 'times new roman', times, serif;\"><em><strong>\ud83e\udd70Mi\u1ec5n ph\u00ed v\u1eadn chuy\u1ec3n trong n\u1ed9i th\u00e0nh \u0110\u00e0 N\u1eb5ng.<\/strong><\/em><\/span><\/p>\n<p><span style=\"font-family: 'times new roman', times, serif; font-size: 130%;\"><strong><em><span style=\"color: #0000ff;\">\ud83e\udd70Ph\u00ed v\u1eadn chuy\u1ec3n tu\u1ef3 thu\u1ed9c v\u00e0o t\u1eebng v\u1ecb tr\u00ed<\/span><\/em><\/strong><\/span><\/p>\n<p>&nbsp;<\/p>\n","protected":false},"featured_media":5600,"comment_status":"closed","ping_status":"closed","template":"","meta":[],"product_cat":[314,266],"product_tag":[],"class_list":{"0":"post-4105","1":"product","2":"type-product","3":"status-publish","4":"has-post-thumbnail","6":"product_cat-phu-kien-nha-bep-bep-tu","7":"product_cat-thiet-bi-nha-bep","9":"first","10":"instock","11":"sale","12":"shipping-taxable","13":"purchasable","14":"product-type-simple"},"yoast_head":"<!-- This site is optimized with the Yoast SEO Premium plugin v22.3 (Yoast SEO v22.8) - https:\/\/yoast.com\/wordpress\/plugins\/seo\/ -->\n<title>B\u1ebfp 2 T\u1eeb - TG - V\u1eadt Li\u1ec7u X\u00e2y D\u1ef1ng Tr\u1ea7n Th\u1ecb Chi Nh\u00e1nh Qu\u1ea3ng Nam<\/title>\n<meta name=\"robots\" content=\"index, follow, max-snippet:-1, max-image-preview:large, max-video-preview:-1\" \/>\n<link rel=\"canonical\" href=\"https:\/\/tranthi.vn\/quangnam\/bep-tu-326si\/\" \/>\n<meta property=\"og:locale\" content=\"vi_VN\" \/>\n<meta property=\"og:type\" content=\"article\" \/>\n<meta property=\"og:title\" content=\"B\u1ebfp 2 T\u1eeb - TG\" \/>\n<meta property=\"og:description\" content=\"B\u1ebfp 2 t\u1eeb , k\u00ednh c\u01b0\u1eddng l\u1ef1c\u00a0 v\u00e1t 4 c\u1ea1nh  \ud83e\udd70K\u00edch th\u01b0\u1edbc: W730*D430*H75  \ud83e\udd70\u0110\u01a1n gi\u00e1: 3.235.000\/b\u1ebfp  V\u00d9NG N\u1ea4U &amp; C\u00d4NG SU\u1ea4T   C\u00f4ng su\u1ea5t 2000W  B\u1ebfp Booter 2200w  \u0110i\u1ec7n 220v - 240v  - \u0110i\u1ec1u khi\u1ec3n c\u1ea3m \u1ee9ng 2 v\u00f9ng \u0111\u1ed9c l\u1eadp  - Ch\u1ee9c n\u0103ng h\u1eb9n gi\u1edd kh\u00f3a \u0103n to\u00e0n tr\u1ebb em.   - M\u00e2m \u0111\u1ed3ng cao c\u1ea5p  - Made in chine  B\u1ea3o h\u00e0nh 24 th\u00e1ng  \ud83e\udd70Mi\u1ec5n ph\u00ed v\u1eadn chuy\u1ec3n trong n\u1ed9i th\u00e0nh \u0110\u00e0 N\u1eb5ng.  \ud83e\udd70Ph\u00ed v\u1eadn chuy\u1ec3n tu\u1ef3 thu\u1ed9c v\u00e0o t\u1eebng v\u1ecb tr\u00ed  &nbsp;\" \/>\n<meta property=\"og:url\" content=\"https:\/\/tranthi.vn\/quangnam\/bep-tu-326si\/\" \/>\n<meta property=\"og:site_name\" content=\"V\u1eadt Li\u1ec7u X\u00e2y D\u1ef1ng Tr\u1ea7n Th\u1ecb Chi Nh\u00e1nh Qu\u1ea3ng Nam\" \/>\n<meta property=\"article:modified_time\" content=\"2024-03-23T09:42:01+00:00\" \/>\n<meta property=\"og:image\" content=\"https:\/\/tranthi.vn\/quangnam\/wp-content\/uploads\/2022\/06\/Bep-2-tu-da-nang.jpg\" \/>\n\t<meta property=\"og:image:width\" content=\"400\" \/>\n\t<meta property=\"og:image:height\" content=\"350\" \/>\n\t<meta property=\"og:image:type\" content=\"image\/jpeg\" \/>\n<meta name=\"twitter:card\" content=\"summary_large_image\" \/>\n<meta name=\"twitter:label1\" content=\"Gi\u00e1\" \/>\n\t<meta name=\"twitter:data1\" content=\"3,235,000&nbsp;&#8363;\" \/>\n\t<meta name=\"twitter:label2\" content=\"Kh\u1ea3 d\u1ee5ng\" \/>\n\t<meta name=\"twitter:data2\" content=\"Trong kho\" \/>\n<script type=\"application\/ld+json\" class=\"yoast-schema-graph\">{\"@context\":\"https:\/\/schema.org\",\"@graph\":[{\"@type\":[\"WebPage\",\"ItemPage\"],\"@id\":\"https:\/\/tranthi.vn\/quangnam\/bep-tu-326si\/\",\"url\":\"https:\/\/tranthi.vn\/quangnam\/bep-tu-326si\/\",\"name\":\"B\u1ebfp 2 T\u1eeb - TG - V\u1eadt Li\u1ec7u X\u00e2y D\u1ef1ng Tr\u1ea7n Th\u1ecb Chi Nh\u00e1nh Qu\u1ea3ng Nam\",\"isPartOf\":{\"@id\":\"https:\/\/tranthi.vn\/quangnam\/#website\"},\"primaryImageOfPage\":{\"@id\":\"https:\/\/tranthi.vn\/quangnam\/bep-tu-326si\/#primaryimage\"},\"image\":{\"@id\":\"https:\/\/tranthi.vn\/quangnam\/bep-tu-326si\/#primaryimage\"},\"thumbnailUrl\":\"https:\/\/tranthi.vn\/quangnam\/wp-content\/uploads\/2022\/06\/Bep-2-tu-da-nang.jpg\",\"datePublished\":\"2022-06-21T01:33:32+00:00\",\"dateModified\":\"2024-03-23T09:42:01+00:00\",\"breadcrumb\":{\"@id\":\"https:\/\/tranthi.vn\/quangnam\/bep-tu-326si\/#breadcrumb\"},\"inLanguage\":\"vi\",\"potentialAction\":[{\"@type\":\"ReadAction\",\"target\":[\"https:\/\/tranthi.vn\/quangnam\/bep-tu-326si\/\"]}]},{\"@type\":\"ImageObject\",\"inLanguage\":\"vi\",\"@id\":\"https:\/\/tranthi.vn\/quangnam\/bep-tu-326si\/#primaryimage\",\"url\":\"https:\/\/tranthi.vn\/quangnam\/wp-content\/uploads\/2022\/06\/Bep-2-tu-da-nang.jpg\",\"contentUrl\":\"https:\/\/tranthi.vn\/quangnam\/wp-content\/uploads\/2022\/06\/Bep-2-tu-da-nang.jpg\",\"width\":400,\"height\":350,\"caption\":\"B\u1ebfp 2 t\u1eeb \u0111\u00e0 n\u1eb5ng\"},{\"@type\":\"BreadcrumbList\",\"@id\":\"https:\/\/tranthi.vn\/quangnam\/bep-tu-326si\/#breadcrumb\",\"itemListElement\":[{\"@type\":\"ListItem\",\"position\":1,\"name\":\"Trang ch\u1ee7\",\"item\":\"https:\/\/tranthi.vn\/quangnam\/\"},{\"@type\":\"ListItem\",\"position\":2,\"name\":\"Shop\",\"item\":\"https:\/\/tranthi.vn\/quangnam\/shop\/\"},{\"@type\":\"ListItem\",\"position\":3,\"name\":\"B\u1ebfp 2 T\u1eeb &#8211; TG\"}]},{\"@type\":\"WebSite\",\"@id\":\"https:\/\/tranthi.vn\/quangnam\/#website\",\"url\":\"https:\/\/tranthi.vn\/quangnam\/\",\"name\":\"V\u1eadt Li\u1ec7u X\u00e2y D\u1ef1ng Tr\u1ea7n Th\u1ecb Chi Nh\u00e1nh Qu\u1ea3ng Nam\",\"description\":\"V\u1eadt Li\u1ec7u X\u00e2y D\u1ef1ng - Qu\u1ea3ng Nam\",\"potentialAction\":[{\"@type\":\"SearchAction\",\"target\":{\"@type\":\"EntryPoint\",\"urlTemplate\":\"https:\/\/tranthi.vn\/quangnam\/?s={search_term_string}\"},\"query-input\":\"required name=search_term_string\"}],\"inLanguage\":\"vi\"},{\"@type\":\"ImageObject\",\"inLanguage\":\"vi\",\"@id\":\"https:\/\/tranthi.vn\/quangnam\/bep-tu-326si\/#local-main-organization-logo\",\"url\":\"\",\"contentUrl\":\"\",\"caption\":\"V\u1eadt Li\u1ec7u X\u00e2y D\u1ef1ng Tr\u1ea7n Th\u1ecb Chi Nh\u00e1nh Qu\u1ea3ng Nam\"}]}<\/script>\n<meta property=\"product:price:amount\" content=\"3235000\" \/>\n<meta property=\"product:price:currency\" content=\"VND\" \/>\n<meta property=\"og:availability\" content=\"instock\" \/>\n<meta property=\"product:availability\" content=\"instock\" \/>\n<meta property=\"product:condition\" content=\"new\" \/>\n<!-- \/ Yoast SEO Premium plugin. -->","yoast_head_json":{"title":"B\u1ebfp 2 T\u1eeb - TG - V\u1eadt Li\u1ec7u X\u00e2y D\u1ef1ng Tr\u1ea7n Th\u1ecb Chi Nh\u00e1nh Qu\u1ea3ng Nam","robots":{"index":"index","follow":"follow","max-snippet":"max-snippet:-1","max-image-preview":"max-image-preview:large","max-video-preview":"max-video-preview:-1"},"canonical":"https:\/\/tranthi.vn\/quangnam\/bep-tu-326si\/","og_locale":"vi_VN","og_type":"article","og_title":"B\u1ebfp 2 T\u1eeb - TG","og_description":"B\u1ebfp 2 t\u1eeb , k\u00ednh c\u01b0\u1eddng l\u1ef1c\u00a0 v\u00e1t 4 c\u1ea1nh  \ud83e\udd70K\u00edch th\u01b0\u1edbc: W730*D430*H75  \ud83e\udd70\u0110\u01a1n gi\u00e1: 3.235.000\/b\u1ebfp  V\u00d9NG N\u1ea4U &amp; C\u00d4NG SU\u1ea4T   C\u00f4ng su\u1ea5t 2000W  B\u1ebfp Booter 2200w  \u0110i\u1ec7n 220v - 240v  - \u0110i\u1ec1u khi\u1ec3n c\u1ea3m \u1ee9ng 2 v\u00f9ng \u0111\u1ed9c l\u1eadp  - Ch\u1ee9c n\u0103ng h\u1eb9n gi\u1edd kh\u00f3a \u0103n to\u00e0n tr\u1ebb em.   - M\u00e2m \u0111\u1ed3ng cao c\u1ea5p  - Made in chine  B\u1ea3o h\u00e0nh 24 th\u00e1ng  \ud83e\udd70Mi\u1ec5n ph\u00ed v\u1eadn chuy\u1ec3n trong n\u1ed9i th\u00e0nh \u0110\u00e0 N\u1eb5ng.  \ud83e\udd70Ph\u00ed v\u1eadn chuy\u1ec3n tu\u1ef3 thu\u1ed9c v\u00e0o t\u1eebng v\u1ecb tr\u00ed  &nbsp;","og_url":"https:\/\/tranthi.vn\/quangnam\/bep-tu-326si\/","og_site_name":"V\u1eadt Li\u1ec7u X\u00e2y D\u1ef1ng Tr\u1ea7n Th\u1ecb Chi Nh\u00e1nh Qu\u1ea3ng Nam","article_modified_time":"2024-03-23T09:42:01+00:00","og_image":[{"width":400,"height":350,"url":"https:\/\/tranthi.vn\/quangnam\/wp-content\/uploads\/2022\/06\/Bep-2-tu-da-nang.jpg","type":"image\/jpeg"}],"twitter_card":"summary_large_image","twitter_misc":{"Gi\u00e1":"3,235,000&nbsp;&#8363;","Kh\u1ea3 d\u1ee5ng":"Trong kho"},"schema":{"@context":"https:\/\/schema.org","@graph":[{"@type":["WebPage","ItemPage"],"@id":"https:\/\/tranthi.vn\/quangnam\/bep-tu-326si\/","url":"https:\/\/tranthi.vn\/quangnam\/bep-tu-326si\/","name":"B\u1ebfp 2 T\u1eeb - TG - V\u1eadt Li\u1ec7u X\u00e2y D\u1ef1ng Tr\u1ea7n Th\u1ecb Chi Nh\u00e1nh Qu\u1ea3ng Nam","isPartOf":{"@id":"https:\/\/tranthi.vn\/quangnam\/#website"},"primaryImageOfPage":{"@id":"https:\/\/tranthi.vn\/quangnam\/bep-tu-326si\/#primaryimage"},"image":{"@id":"https:\/\/tranthi.vn\/quangnam\/bep-tu-326si\/#primaryimage"},"thumbnailUrl":"https:\/\/tranthi.vn\/quangnam\/wp-content\/uploads\/2022\/06\/Bep-2-tu-da-nang.jpg","datePublished":"2022-06-21T01:33:32+00:00","dateModified":"2024-03-23T09:42:01+00:00","breadcrumb":{"@id":"https:\/\/tranthi.vn\/quangnam\/bep-tu-326si\/#breadcrumb"},"inLanguage":"vi","potentialAction":[{"@type":"ReadAction","target":["https:\/\/tranthi.vn\/quangnam\/bep-tu-326si\/"]}]},{"@type":"ImageObject","inLanguage":"vi","@id":"https:\/\/tranthi.vn\/quangnam\/bep-tu-326si\/#primaryimage","url":"https:\/\/tranthi.vn\/quangnam\/wp-content\/uploads\/2022\/06\/Bep-2-tu-da-nang.jpg","contentUrl":"https:\/\/tranthi.vn\/quangnam\/wp-content\/uploads\/2022\/06\/Bep-2-tu-da-nang.jpg","width":400,"height":350,"caption":"B\u1ebfp 2 t\u1eeb \u0111\u00e0 n\u1eb5ng"},{"@type":"BreadcrumbList","@id":"https:\/\/tranthi.vn\/quangnam\/bep-tu-326si\/#breadcrumb","itemListElement":[{"@type":"ListItem","position":1,"name":"Trang ch\u1ee7","item":"https:\/\/tranthi.vn\/quangnam\/"},{"@type":"ListItem","position":2,"name":"Shop","item":"https:\/\/tranthi.vn\/quangnam\/shop\/"},{"@type":"ListItem","position":3,"name":"B\u1ebfp 2 T\u1eeb &#8211; TG"}]},{"@type":"WebSite","@id":"https:\/\/tranthi.vn\/quangnam\/#website","url":"https:\/\/tranthi.vn\/quangnam\/","name":"V\u1eadt Li\u1ec7u X\u00e2y D\u1ef1ng Tr\u1ea7n Th\u1ecb Chi Nh\u00e1nh Qu\u1ea3ng Nam","description":"V\u1eadt Li\u1ec7u X\u00e2y D\u1ef1ng - Qu\u1ea3ng Nam","potentialAction":[{"@type":"SearchAction","target":{"@type":"EntryPoint","urlTemplate":"https:\/\/tranthi.vn\/quangnam\/?s={search_term_string}"},"query-input":"required name=search_term_string"}],"inLanguage":"vi"},{"@type":"ImageObject","inLanguage":"vi","@id":"https:\/\/tranthi.vn\/quangnam\/bep-tu-326si\/#local-main-organization-logo","url":"","contentUrl":"","caption":"V\u1eadt Li\u1ec7u X\u00e2y D\u1ef1ng Tr\u1ea7n Th\u1ecb Chi Nh\u00e1nh Qu\u1ea3ng Nam"}]},"product_price_amount":"3235000","product_price_currency":"VND","og_availability":"instock","product_availability":"instock","product_condition":"new"},"_links":{"self":[{"href":"https:\/\/tranthi.vn\/quangnam\/wp-json\/wp\/v2\/product\/4105","targetHints":{"allow":["GET"]}}],"collection":[{"href":"https:\/\/tranthi.vn\/quangnam\/wp-json\/wp\/v2\/product"}],"about":[{"href":"https:\/\/tranthi.vn\/quangnam\/wp-json\/wp\/v2\/types\/product"}],"replies":[{"embeddable":true,"href":"https:\/\/tranthi.vn\/quangnam\/wp-json\/wp\/v2\/comments?post=4105"}],"wp:featuredmedia":[{"embeddable":true,"href":"https:\/\/tranthi.vn\/quangnam\/wp-json\/wp\/v2\/media\/5600"}],"wp:attachment":[{"href":"https:\/\/tranthi.vn\/quangnam\/wp-json\/wp\/v2\/media?parent=4105"}],"wp:term":[{"taxonomy":"product_cat","embeddable":true,"href":"https:\/\/tranthi.vn\/quangnam\/wp-json\/wp\/v2\/product_cat?post=4105"},{"taxonomy":"product_tag","embeddable":true,"href":"https:\/\/tranthi.vn\/quangnam\/wp-json\/wp\/v2\/product_tag?post=4105"}],"curies":[{"name":"wp","href":"https:\/\/api.w.org\/{rel}","templated":true}]}}