{"id":3662,"date":"2021-10-29T11:01:02","date_gmt":"2021-10-29T04:01:02","guid":{"rendered":"https:\/\/tranthi.vn\/quangnam\/?post_type=product&#038;p=3662"},"modified":"2024-11-15T11:29:27","modified_gmt":"2024-11-15T04:29:27","slug":"chau-rua-chen-2-hoc-inox-304-hoi-an-tam-ky-quang-nam","status":"publish","type":"product","link":"https:\/\/tranthi.vn\/quangnam\/chau-rua-chen-2-hoc-inox-304-hoi-an-tam-ky-quang-nam\/","title":{"rendered":"CRC-6045-T\u0110P"},"content":{"rendered":"<blockquote class=\"tiktok-embed\" cite=\"https:\/\/www.tiktok.com\/@tranthi.danang\/video\/7330140369503390978\" data-video-id=\"7330140369503390978\" data-embed-from=\"oembed\" style=\"max-width:605px; min-width:325px;\">\n<section> <a target=\"_blank\" title=\"@tranthi.danang\" href=\"https:\/\/www.tiktok.com\/@tranthi.danang?refer=embed\">@tranthi.danang<\/a> <\/p>\n<p><a title=\"tranthi\" target=\"_blank\" href=\"https:\/\/www.tiktok.com\/tag\/tranthi?refer=embed\">#tranthi<\/a>  <a title=\"ch\u1eadu\" target=\"_blank\" href=\"https:\/\/www.tiktok.com\/tag\/ch%E1%BA%ADu?refer=embed\">#Ch\u1eadu<\/a> r\u1eeda ch\u00e9n \u0110\u00e0 N\u1eb5ng  <a title=\"thi\u1ebft\" target=\"_blank\" href=\"https:\/\/www.tiktok.com\/tag\/thi%E1%BA%BFt?refer=embed\">#Thi\u1ebft<\/a> b\u1ecb nh\u00e0 b\u1ebfp<\/p>\n<p> <a target=\"_blank\" title=\"\u266c nh\u1ea1c n\u1ec1n - Tr\u1ea7n Th\u1ecb \u0110\u00e0 N\u1eb5ng - Tr\u1ea7n Th\u1ecb \u0110\u00e0 N\u1eb5ng\" href=\"https:\/\/www.tiktok.com\/music\/nh\u1ea1c-n\u1ec1n-Tr\u1ea7n-Th\u1ecb-\u0110\u00e0-N\u1eb5ng-7330140408388864769?refer=embed\">\u266c nh\u1ea1c n\u1ec1n &#8211; Tr\u1ea7n Th\u1ecb \u0110\u00e0 N\u1eb5ng &#8211; Tr\u1ea7n Th\u1ecb \u0110\u00e0 N\u1eb5ng<\/a> <\/section>\n<\/blockquote>\n<p> <script async src=\"https:\/\/www.tiktok.com\/embed.js\"><\/script><\/p>\n<p>&nbsp;<\/p>\n<blockquote class=\"tiktok-embed\" cite=\"https:\/\/www.tiktok.com\/@tranthi.danang\/video\/7433315705388354824\" data-video-id=\"7433315705388354824\" data-embed-from=\"oembed\" style=\"max-width:605px; min-width:325px;\">\n<section> <a target=\"_blank\" title=\"@tranthi.danang\" href=\"https:\/\/www.tiktok.com\/@tranthi.danang?refer=embed\">@tranthi.danang<\/a> <\/p>\n<p>Ch\u1eadu r\u1eeda ch\u00e9n 78&#215;46 inox 304 <a title=\"tranthi\" target=\"_blank\" href=\"https:\/\/www.tiktok.com\/tag\/tranthi?refer=embed\">#tranthi<\/a> <a title=\"thietbivesinh\" target=\"_blank\" href=\"https:\/\/www.tiktok.com\/tag\/thietbivesinh?refer=embed\">#thietbivesinh<\/a> <\/p>\n<p> <a target=\"_blank\" title=\"\u266c nh\u1ea1c n\u1ec1n - Tr\u1ea7n Th\u1ecb \u0110\u00e0 N\u1eb5ng - Tr\u1ea7n Th\u1ecb \u0110\u00e0 N\u1eb5ng\" href=\"https:\/\/www.tiktok.com\/music\/nh\u1ea1c-n\u1ec1n-Tr\u1ea7n-Th\u1ecb-\u0110\u00e0-N\u1eb5ng-7433315743401364241?refer=embed\">\u266c nh\u1ea1c n\u1ec1n &#8211; Tr\u1ea7n Th\u1ecb \u0110\u00e0 N\u1eb5ng &#8211; Tr\u1ea7n Th\u1ecb \u0110\u00e0 N\u1eb5ng<\/a> <\/section>\n<\/blockquote>\n<p> <script async src=\"https:\/\/www.tiktok.com\/embed.js\"><\/script><\/p>\n<p>&nbsp;<\/p>\n<div id=\"messageView\" class=\"message-view \" tabindex=\"21\">\n<div id=\"messageViewContainer\" class=\" message-view__scroll \">\n<div id=\"messageViewScroll\" class=\"message-view__scroll__inner --less-space preview-ts fadeInAndOut\">\n<div class=\"block-date\">\n<div class=\"chat-item flx me\">\n<div class=\"chat-content flx flx-col flx-cell\">\n<div id=\"bb_msg_id_1712371972023\" class=\"chat-message wrap-message rotate-container me -send-time -reaction bubble-jump-target\" data-node-type=\"bubble-message\">\n<div class=\"\">\n<div class=\"card card-with-reaction-v2 me last-msg has-status card--text\" data-id=\"div_LastSentMsg_Text\">\n<div><span class=\"text\" style=\"font-family: 'times new roman', times, serif; font-size: 130%;\">CH\u1eacU R\u1eecA CH\u00c9N 1 H\u1ed8C VU\u00d4NG <\/span><\/div>\n<div><span class=\"text\" style=\"font-family: 'times new roman', times, serif; font-size: 130%;\">&#8211; INOX 201 TH\u00d4NG TIN S\u1ea2N PH\u1ea8M <\/span><\/div>\n<div><span class=\"text\" style=\"font-family: 'times new roman', times, serif; font-size: 130%;\">&#8211; K\u00edch th\u01b0\u1edbc: D600x R450 x S220 mm <\/span><\/div>\n<div><span class=\"text\" style=\"font-family: 'times new roman', times, serif; font-size: 130%;\">&#8211; Ch\u1ea5t li\u1ec7u inox SUS201 d\u00e0y 1.2mm, m\u1eb7t ch\u1eadu d\u00e0y 4mm, s\u00e2u, ch\u1ed1ng \u1ed3n 4 m\u1eb7t. <\/span><\/div>\n<div><span class=\"text\" style=\"font-family: 'times new roman', times, serif; font-size: 130%;\">&#8211; Bao g\u1ed3m: Ch\u1eadu, b\u1ed9 x\u1ea3 tho\u00e1t n\u01b0\u1edbc v\u00e0 khay \u0111\u1ef1ng hoa qu\u1ea3. <\/span><\/div>\n<div><span class=\"text\" style=\"font-family: 'times new roman', times, serif; font-size: 130%;\">&#8211; C\u00f3 l\u1ed7 tho\u00e1t ch\u1ed1ng tr\u00e0n L\u01b0u \u00fd: Ch\u1ea5t li\u1ec7u inox 201 s\u1ebd c\u00f3 t\u00ecnh tr\u1ea1ng b\u1ecb g\u1ec9 nhanh s\u01a1n, \u0111\u1ec3 h\u1ea1n ch\u1ebf kh\u00f4ng n\u00ean s\u1eed d\u1ee5ng ch\u1ea5t t\u1ea9y r\u1eeda qu\u00e1 m\u1ea1nh, v\u1ec7 sinh th\u01b0\u1eddng xuy\u00ean. Th\u00edch h\u1ee3p s\u1eed d\u1ee5ng \u1edf nh\u00e0 tr\u1ecd, nh\u00e0 cho thu\u00ea ho\u1eb7c h\u1ed9 gia \u0111\u00ecnh c\u00f3 \u00edt ng\u01b0\u1eddi<\/span><\/div>\n<div><\/div>\n<\/div>\n<\/div>\n<\/div>\n<\/div>\n<\/div>\n<\/div>\n<\/div>\n<div><\/div>\n<div><\/div>\n<div id=\"messageViewScroll\" class=\"message-view__scroll__inner --less-space preview-ts fadeInAndOut\">\n<div class=\"block-date\">\n<div class=\"chat-item flx me\">\n<div class=\"chat-content flx flx-col flx-cell\">\n<div id=\"bb_msg_id_1712371972023\" class=\"chat-message wrap-message rotate-container me -send-time -reaction bubble-jump-target\" data-node-type=\"bubble-message\">\n<div class=\"\">\n<div class=\"card card-with-reaction-v2 me last-msg has-status card--text\" data-id=\"div_LastSentMsg_Text\">\n<figure id=\"attachment_7765\" aria-describedby=\"caption-attachment-7765\" style=\"width: 510px\" class=\"wp-caption aligncenter\"><img loading=\"lazy\" decoding=\"async\" class=\"size-full wp-image-7765\" src=\"https:\/\/tranthi.vn\/quangnam\/wp-content\/uploads\/2021\/10\/chau-rua-chen-1-hoc-tai-tam-ky-hoi-an-quang-nam.jpg\" alt=\"ch\u1eadu r\u1eeda ch\u00e9n 1 h\u1ed9c t\u1ea1i tam k\u1ef3- h\u1ed9i an- qu\u1ea3ng nam\" width=\"510\" height=\"287\" \/><figcaption id=\"caption-attachment-7765\" class=\"wp-caption-text\">\u00a0 \u00a0 \u00a0 \u00a0 \u00a0 \u00a0 \u00a0 \u00a0 \u00a0ch\u1eadu r\u1eeda ch\u00e9n 1 h\u1ed9c t\u1ea1i tam k\u1ef3- h\u1ed9i an- qu\u1ea3ng nam<\/figcaption><\/figure>\n<p><img loading=\"lazy\" decoding=\"async\" class=\"size-full wp-image-7766\" src=\"https:\/\/tranthi.vn\/quangnam\/wp-content\/uploads\/2021\/10\/chau-rua-chen-1-hoc-tam-ky-hoi-an-quang-nam.jpg\" alt=\"ch\u1eadu r\u1eeda ch\u00e9n 1 h\u1ed9c t\u1ea1i tam k\u1ef3- h\u1ed9i an- qu\u1ea3ng nam\" width=\"426\" height=\"400\" \/><\/p>\n<\/div>\n<\/div>\n<\/div>\n<\/div>\n<\/div>\n<\/div>\n<\/div>\n<\/div>\n<\/div>\n","protected":false},"excerpt":{"rendered":"<p><span style=\"font-family: 'times new roman', times, serif; font-size: 130%; color: #000000;\">\ud83e\udd70\u0110\u01a1n v\u1ecb t\u00ednh: C\u00e1i<\/span><\/p>\n<p><span style=\"font-family: 'times new roman', times, serif; font-size: 130%; color: #000000;\">\ud83e\udd70K\u00edch th\u01b0\u1edbc: <\/span><span style=\"font-family: 'times new roman', times, serif; font-size: 130%;\"><strong>60x45cm<\/strong><\/span><\/p>\n<p><span style=\"font-family: 'times new roman', times, serif; font-size: 130%; color: #000000;\">\ud83e\udd70\u0110\u1ed9 d\u00e0y: 2li7<\/span><\/p>\n<p><span style=\"font-family: 'times new roman', times, serif; font-size: 130%;\">\ud83e\udd70\u0110\u01a1n gi\u00e1:<\/span><\/p>\n<ul>\n<li><span style=\"font-family: 'times new roman', times, serif; font-size: 130%; color: #000000;\">Ch\u1ea5t li\u1ec7u inox 304: gi\u00e1 :<span style=\"color: #ff0000;\"><strong> 1.032.000\u0111\/c\u00e1i<\/strong><\/span><\/span><\/li>\n<li><span style=\"font-family: 'times new roman', times, serif; font-size: 130%;\">Ch\u1ea5t li\u1ec7u inox 201: gi\u00e1 :<span style=\"color: #ff0000;\"><strong> 788.000\u0111\/c\u00e1i<\/strong><\/span><\/span><\/li>\n<\/ul>\n<p><span style=\"font-family: 'times new roman', times, serif; font-size: 130%;\"><em><span style=\"color: #0000ff;\">\u00a0Giao h\u00e0ng trong \u0111\u1ecba b\u00e0n <a href=\"https:\/\/vi.wikipedia.org\/wiki\/Qu%E1%BA%A3ng_Nam\"><b>Qu\u1ea3ng Nam<\/b><\/a><\/span><\/em><\/span><\/p>\n","protected":false},"featured_media":5430,"comment_status":"closed","ping_status":"closed","template":"","meta":[],"product_cat":[268,266],"product_tag":[],"class_list":{"0":"post-3662","1":"product","2":"type-product","3":"status-publish","4":"has-post-thumbnail","6":"product_cat-chau-rua-chen","7":"product_cat-thiet-bi-nha-bep","9":"first","10":"instock","11":"sale","12":"shipping-taxable","13":"purchasable","14":"product-type-simple"},"yoast_head":"<!-- This site is optimized with the Yoast SEO Premium plugin v22.3 (Yoast SEO v22.8) - https:\/\/yoast.com\/wordpress\/plugins\/seo\/ -->\n<title>Gi\u00e1 ch\u1eadu r\u1eeda ch\u00e9n 2 h\u1ed9c vu\u00f4ng t\u1ea1i Qu\u1ea3ng Nam-0947.335.871<\/title>\n<meta name=\"description\" content=\"Tr\u1ea7n Th\u1ecb cung c\u1ea5p m\u1eabu ch\u1eadu r\u1eeda ch\u00e9n 2 h\u1ed9c vu\u00f4ng 820x450 gi\u00e1 r\u1ebb t\u1ea1i Qu\u1ea3ng Nam, \u0111\u01b0\u1ee3c t\u1eb7ng th\u00eam r\u00e1 \u0111\u1ef1ng rau c\u1ee7 v\u00f4 c\u00f9ng ti\u1ec7n l\u1ee3i\" \/>\n<meta name=\"robots\" content=\"index, follow, max-snippet:-1, max-image-preview:large, max-video-preview:-1\" \/>\n<link rel=\"canonical\" href=\"https:\/\/tranthi.vn\/quangnam\/chau-rua-chen-2-hoc-inox-304-hoi-an-tam-ky-quang-nam\/\" \/>\n<meta property=\"og:locale\" content=\"vi_VN\" \/>\n<meta property=\"og:type\" content=\"article\" \/>\n<meta property=\"og:title\" content=\"CRC-6045-T\u0110P\" \/>\n<meta property=\"og:description\" content=\"Tr\u1ea7n Th\u1ecb cung c\u1ea5p m\u1eabu ch\u1eadu r\u1eeda ch\u00e9n 2 h\u1ed9c vu\u00f4ng 820x450 gi\u00e1 r\u1ebb t\u1ea1i Qu\u1ea3ng Nam, \u0111\u01b0\u1ee3c t\u1eb7ng th\u00eam r\u00e1 \u0111\u1ef1ng rau c\u1ee7 v\u00f4 c\u00f9ng ti\u1ec7n l\u1ee3i\" \/>\n<meta property=\"og:url\" content=\"https:\/\/tranthi.vn\/quangnam\/chau-rua-chen-2-hoc-inox-304-hoi-an-tam-ky-quang-nam\/\" \/>\n<meta property=\"og:site_name\" content=\"V\u1eadt Li\u1ec7u X\u00e2y D\u1ef1ng Tr\u1ea7n Th\u1ecb Chi Nh\u00e1nh Qu\u1ea3ng Nam\" \/>\n<meta property=\"article:modified_time\" content=\"2024-11-15T04:29:27+00:00\" \/>\n<meta property=\"og:image\" content=\"https:\/\/tranthi.vn\/quangnam\/wp-content\/uploads\/2021\/10\/chau-rua-chen-1-hoc-gia-re-tai-Da-nang_.jpg\" \/>\n\t<meta property=\"og:image:width\" content=\"400\" \/>\n\t<meta property=\"og:image:height\" content=\"350\" \/>\n\t<meta property=\"og:image:type\" content=\"image\/jpeg\" \/>\n<meta name=\"twitter:card\" content=\"summary_large_image\" \/>\n<meta name=\"twitter:label1\" content=\"Gi\u00e1\" \/>\n\t<meta name=\"twitter:data1\" content=\"788,000&nbsp;&#8363;\" \/>\n\t<meta name=\"twitter:label2\" content=\"Kh\u1ea3 d\u1ee5ng\" \/>\n\t<meta name=\"twitter:data2\" content=\"Trong kho\" \/>\n<script type=\"application\/ld+json\" class=\"yoast-schema-graph\">{\"@context\":\"https:\/\/schema.org\",\"@graph\":[{\"@type\":[\"WebPage\",\"ItemPage\"],\"@id\":\"https:\/\/tranthi.vn\/quangnam\/chau-rua-chen-2-hoc-inox-304-hoi-an-tam-ky-quang-nam\/\",\"url\":\"https:\/\/tranthi.vn\/quangnam\/chau-rua-chen-2-hoc-inox-304-hoi-an-tam-ky-quang-nam\/\",\"name\":\"Gi\u00e1 ch\u1eadu r\u1eeda ch\u00e9n 2 h\u1ed9c vu\u00f4ng t\u1ea1i Qu\u1ea3ng Nam-0947.335.871\",\"isPartOf\":{\"@id\":\"https:\/\/tranthi.vn\/quangnam\/#website\"},\"primaryImageOfPage\":{\"@id\":\"https:\/\/tranthi.vn\/quangnam\/chau-rua-chen-2-hoc-inox-304-hoi-an-tam-ky-quang-nam\/#primaryimage\"},\"image\":{\"@id\":\"https:\/\/tranthi.vn\/quangnam\/chau-rua-chen-2-hoc-inox-304-hoi-an-tam-ky-quang-nam\/#primaryimage\"},\"thumbnailUrl\":\"https:\/\/tranthi.vn\/quangnam\/wp-content\/uploads\/2021\/10\/chau-rua-chen-1-hoc-gia-re-tai-Da-nang_.jpg\",\"datePublished\":\"2021-10-29T04:01:02+00:00\",\"dateModified\":\"2024-11-15T04:29:27+00:00\",\"description\":\"Tr\u1ea7n Th\u1ecb cung c\u1ea5p m\u1eabu ch\u1eadu r\u1eeda ch\u00e9n 2 h\u1ed9c vu\u00f4ng 820x450 gi\u00e1 r\u1ebb t\u1ea1i Qu\u1ea3ng Nam, \u0111\u01b0\u1ee3c t\u1eb7ng th\u00eam r\u00e1 \u0111\u1ef1ng rau c\u1ee7 v\u00f4 c\u00f9ng ti\u1ec7n l\u1ee3i\",\"breadcrumb\":{\"@id\":\"https:\/\/tranthi.vn\/quangnam\/chau-rua-chen-2-hoc-inox-304-hoi-an-tam-ky-quang-nam\/#breadcrumb\"},\"inLanguage\":\"vi\",\"potentialAction\":[{\"@type\":\"ReadAction\",\"target\":[\"https:\/\/tranthi.vn\/quangnam\/chau-rua-chen-2-hoc-inox-304-hoi-an-tam-ky-quang-nam\/\"]}]},{\"@type\":\"ImageObject\",\"inLanguage\":\"vi\",\"@id\":\"https:\/\/tranthi.vn\/quangnam\/chau-rua-chen-2-hoc-inox-304-hoi-an-tam-ky-quang-nam\/#primaryimage\",\"url\":\"https:\/\/tranthi.vn\/quangnam\/wp-content\/uploads\/2021\/10\/chau-rua-chen-1-hoc-gia-re-tai-Da-nang_.jpg\",\"contentUrl\":\"https:\/\/tranthi.vn\/quangnam\/wp-content\/uploads\/2021\/10\/chau-rua-chen-1-hoc-gia-re-tai-Da-nang_.jpg\",\"width\":400,\"height\":350,\"caption\":\"ch\u1eadu-r\u1eeda-ch\u00e9n-1-h\u1ed9c-gi\u00e1-r\u1ebb-t\u1ea1i-\u0110\u00e0-n\u1eb5ng_\"},{\"@type\":\"BreadcrumbList\",\"@id\":\"https:\/\/tranthi.vn\/quangnam\/chau-rua-chen-2-hoc-inox-304-hoi-an-tam-ky-quang-nam\/#breadcrumb\",\"itemListElement\":[{\"@type\":\"ListItem\",\"position\":1,\"name\":\"Trang ch\u1ee7\",\"item\":\"https:\/\/tranthi.vn\/quangnam\/\"},{\"@type\":\"ListItem\",\"position\":2,\"name\":\"Shop\",\"item\":\"https:\/\/tranthi.vn\/quangnam\/shop\/\"},{\"@type\":\"ListItem\",\"position\":3,\"name\":\"CRC-6045-T\u0110P\"}]},{\"@type\":\"WebSite\",\"@id\":\"https:\/\/tranthi.vn\/quangnam\/#website\",\"url\":\"https:\/\/tranthi.vn\/quangnam\/\",\"name\":\"V\u1eadt Li\u1ec7u X\u00e2y D\u1ef1ng Tr\u1ea7n Th\u1ecb Chi Nh\u00e1nh Qu\u1ea3ng Nam\",\"description\":\"V\u1eadt Li\u1ec7u X\u00e2y D\u1ef1ng - Qu\u1ea3ng Nam\",\"potentialAction\":[{\"@type\":\"SearchAction\",\"target\":{\"@type\":\"EntryPoint\",\"urlTemplate\":\"https:\/\/tranthi.vn\/quangnam\/?s={search_term_string}\"},\"query-input\":\"required name=search_term_string\"}],\"inLanguage\":\"vi\"},{\"@type\":\"ImageObject\",\"inLanguage\":\"vi\",\"@id\":\"https:\/\/tranthi.vn\/quangnam\/chau-rua-chen-2-hoc-inox-304-hoi-an-tam-ky-quang-nam\/#local-main-organization-logo\",\"url\":\"\",\"contentUrl\":\"\",\"caption\":\"V\u1eadt Li\u1ec7u X\u00e2y D\u1ef1ng Tr\u1ea7n Th\u1ecb Chi Nh\u00e1nh Qu\u1ea3ng Nam\"}]}<\/script>\n<meta property=\"product:price:amount\" content=\"788000\" \/>\n<meta property=\"product:price:currency\" content=\"VND\" \/>\n<meta property=\"og:availability\" content=\"instock\" \/>\n<meta property=\"product:availability\" content=\"instock\" \/>\n<meta property=\"product:condition\" content=\"new\" \/>\n<!-- \/ Yoast SEO Premium plugin. -->","yoast_head_json":{"title":"Gi\u00e1 ch\u1eadu r\u1eeda ch\u00e9n 2 h\u1ed9c vu\u00f4ng t\u1ea1i Qu\u1ea3ng Nam-0947.335.871","description":"Tr\u1ea7n Th\u1ecb cung c\u1ea5p m\u1eabu ch\u1eadu r\u1eeda ch\u00e9n 2 h\u1ed9c vu\u00f4ng 820x450 gi\u00e1 r\u1ebb t\u1ea1i Qu\u1ea3ng Nam, \u0111\u01b0\u1ee3c t\u1eb7ng th\u00eam r\u00e1 \u0111\u1ef1ng rau c\u1ee7 v\u00f4 c\u00f9ng ti\u1ec7n l\u1ee3i","robots":{"index":"index","follow":"follow","max-snippet":"max-snippet:-1","max-image-preview":"max-image-preview:large","max-video-preview":"max-video-preview:-1"},"canonical":"https:\/\/tranthi.vn\/quangnam\/chau-rua-chen-2-hoc-inox-304-hoi-an-tam-ky-quang-nam\/","og_locale":"vi_VN","og_type":"article","og_title":"CRC-6045-T\u0110P","og_description":"Tr\u1ea7n Th\u1ecb cung c\u1ea5p m\u1eabu ch\u1eadu r\u1eeda ch\u00e9n 2 h\u1ed9c vu\u00f4ng 820x450 gi\u00e1 r\u1ebb t\u1ea1i Qu\u1ea3ng Nam, \u0111\u01b0\u1ee3c t\u1eb7ng th\u00eam r\u00e1 \u0111\u1ef1ng rau c\u1ee7 v\u00f4 c\u00f9ng ti\u1ec7n l\u1ee3i","og_url":"https:\/\/tranthi.vn\/quangnam\/chau-rua-chen-2-hoc-inox-304-hoi-an-tam-ky-quang-nam\/","og_site_name":"V\u1eadt Li\u1ec7u X\u00e2y D\u1ef1ng Tr\u1ea7n Th\u1ecb Chi Nh\u00e1nh Qu\u1ea3ng Nam","article_modified_time":"2024-11-15T04:29:27+00:00","og_image":[{"width":400,"height":350,"url":"https:\/\/tranthi.vn\/quangnam\/wp-content\/uploads\/2021\/10\/chau-rua-chen-1-hoc-gia-re-tai-Da-nang_.jpg","type":"image\/jpeg"}],"twitter_card":"summary_large_image","twitter_misc":{"Gi\u00e1":"788,000&nbsp;&#8363;","Kh\u1ea3 d\u1ee5ng":"Trong kho"},"schema":{"@context":"https:\/\/schema.org","@graph":[{"@type":["WebPage","ItemPage"],"@id":"https:\/\/tranthi.vn\/quangnam\/chau-rua-chen-2-hoc-inox-304-hoi-an-tam-ky-quang-nam\/","url":"https:\/\/tranthi.vn\/quangnam\/chau-rua-chen-2-hoc-inox-304-hoi-an-tam-ky-quang-nam\/","name":"Gi\u00e1 ch\u1eadu r\u1eeda ch\u00e9n 2 h\u1ed9c vu\u00f4ng t\u1ea1i Qu\u1ea3ng Nam-0947.335.871","isPartOf":{"@id":"https:\/\/tranthi.vn\/quangnam\/#website"},"primaryImageOfPage":{"@id":"https:\/\/tranthi.vn\/quangnam\/chau-rua-chen-2-hoc-inox-304-hoi-an-tam-ky-quang-nam\/#primaryimage"},"image":{"@id":"https:\/\/tranthi.vn\/quangnam\/chau-rua-chen-2-hoc-inox-304-hoi-an-tam-ky-quang-nam\/#primaryimage"},"thumbnailUrl":"https:\/\/tranthi.vn\/quangnam\/wp-content\/uploads\/2021\/10\/chau-rua-chen-1-hoc-gia-re-tai-Da-nang_.jpg","datePublished":"2021-10-29T04:01:02+00:00","dateModified":"2024-11-15T04:29:27+00:00","description":"Tr\u1ea7n Th\u1ecb cung c\u1ea5p m\u1eabu ch\u1eadu r\u1eeda ch\u00e9n 2 h\u1ed9c vu\u00f4ng 820x450 gi\u00e1 r\u1ebb t\u1ea1i Qu\u1ea3ng Nam, \u0111\u01b0\u1ee3c t\u1eb7ng th\u00eam r\u00e1 \u0111\u1ef1ng rau c\u1ee7 v\u00f4 c\u00f9ng ti\u1ec7n l\u1ee3i","breadcrumb":{"@id":"https:\/\/tranthi.vn\/quangnam\/chau-rua-chen-2-hoc-inox-304-hoi-an-tam-ky-quang-nam\/#breadcrumb"},"inLanguage":"vi","potentialAction":[{"@type":"ReadAction","target":["https:\/\/tranthi.vn\/quangnam\/chau-rua-chen-2-hoc-inox-304-hoi-an-tam-ky-quang-nam\/"]}]},{"@type":"ImageObject","inLanguage":"vi","@id":"https:\/\/tranthi.vn\/quangnam\/chau-rua-chen-2-hoc-inox-304-hoi-an-tam-ky-quang-nam\/#primaryimage","url":"https:\/\/tranthi.vn\/quangnam\/wp-content\/uploads\/2021\/10\/chau-rua-chen-1-hoc-gia-re-tai-Da-nang_.jpg","contentUrl":"https:\/\/tranthi.vn\/quangnam\/wp-content\/uploads\/2021\/10\/chau-rua-chen-1-hoc-gia-re-tai-Da-nang_.jpg","width":400,"height":350,"caption":"ch\u1eadu-r\u1eeda-ch\u00e9n-1-h\u1ed9c-gi\u00e1-r\u1ebb-t\u1ea1i-\u0110\u00e0-n\u1eb5ng_"},{"@type":"BreadcrumbList","@id":"https:\/\/tranthi.vn\/quangnam\/chau-rua-chen-2-hoc-inox-304-hoi-an-tam-ky-quang-nam\/#breadcrumb","itemListElement":[{"@type":"ListItem","position":1,"name":"Trang ch\u1ee7","item":"https:\/\/tranthi.vn\/quangnam\/"},{"@type":"ListItem","position":2,"name":"Shop","item":"https:\/\/tranthi.vn\/quangnam\/shop\/"},{"@type":"ListItem","position":3,"name":"CRC-6045-T\u0110P"}]},{"@type":"WebSite","@id":"https:\/\/tranthi.vn\/quangnam\/#website","url":"https:\/\/tranthi.vn\/quangnam\/","name":"V\u1eadt Li\u1ec7u X\u00e2y D\u1ef1ng Tr\u1ea7n Th\u1ecb Chi Nh\u00e1nh Qu\u1ea3ng Nam","description":"V\u1eadt Li\u1ec7u X\u00e2y D\u1ef1ng - Qu\u1ea3ng Nam","potentialAction":[{"@type":"SearchAction","target":{"@type":"EntryPoint","urlTemplate":"https:\/\/tranthi.vn\/quangnam\/?s={search_term_string}"},"query-input":"required name=search_term_string"}],"inLanguage":"vi"},{"@type":"ImageObject","inLanguage":"vi","@id":"https:\/\/tranthi.vn\/quangnam\/chau-rua-chen-2-hoc-inox-304-hoi-an-tam-ky-quang-nam\/#local-main-organization-logo","url":"","contentUrl":"","caption":"V\u1eadt Li\u1ec7u X\u00e2y D\u1ef1ng Tr\u1ea7n Th\u1ecb Chi Nh\u00e1nh Qu\u1ea3ng Nam"}]},"product_price_amount":"788000","product_price_currency":"VND","og_availability":"instock","product_availability":"instock","product_condition":"new"},"_links":{"self":[{"href":"https:\/\/tranthi.vn\/quangnam\/wp-json\/wp\/v2\/product\/3662","targetHints":{"allow":["GET"]}}],"collection":[{"href":"https:\/\/tranthi.vn\/quangnam\/wp-json\/wp\/v2\/product"}],"about":[{"href":"https:\/\/tranthi.vn\/quangnam\/wp-json\/wp\/v2\/types\/product"}],"replies":[{"embeddable":true,"href":"https:\/\/tranthi.vn\/quangnam\/wp-json\/wp\/v2\/comments?post=3662"}],"wp:featuredmedia":[{"embeddable":true,"href":"https:\/\/tranthi.vn\/quangnam\/wp-json\/wp\/v2\/media\/5430"}],"wp:attachment":[{"href":"https:\/\/tranthi.vn\/quangnam\/wp-json\/wp\/v2\/media?parent=3662"}],"wp:term":[{"taxonomy":"product_cat","embeddable":true,"href":"https:\/\/tranthi.vn\/quangnam\/wp-json\/wp\/v2\/product_cat?post=3662"},{"taxonomy":"product_tag","embeddable":true,"href":"https:\/\/tranthi.vn\/quangnam\/wp-json\/wp\/v2\/product_tag?post=3662"}],"curies":[{"name":"wp","href":"https:\/\/api.w.org\/{rel}","templated":true}]}}