{"id":3655,"date":"2021-10-15T14:40:29","date_gmt":"2021-10-15T07:40:29","guid":{"rendered":"https:\/\/tranthi.vn\/quangnam\/?post_type=product&#038;p=3655"},"modified":"2024-06-17T10:58:31","modified_gmt":"2024-06-17T03:58:31","slug":"gia-da-sa-thach-kho-lat-san-da-nang","status":"publish","type":"product","link":"https:\/\/tranthi.vn\/quangnam\/gia-da-sa-thach-kho-lat-san-da-nang\/","title":{"rendered":"30&#215;60 kh\u00f2"},"content":{"rendered":"<h1 style=\"text-align: center;\"><a href=\"https:\/\/tranthi.vn\/quangnam\/30x60-kho\/\"><span style=\"font-size: 100%;\"><strong><span style=\"font-family: 'times new roman', times, serif; color: #ff0000;\">\u0110\u00c1 SA TH\u1ea0CH KH\u00d2 30X60 L\u00c1T S\u00c2N T\u1ea0I \u0110\u00c0 N\u1eb4NG<\/span><\/strong><\/span><\/a><\/h1>\n<p><span style=\"font-family: 'times new roman', times, serif; font-size: 130%; color: #000000;\">T\u1ea1i <strong><a href=\"https:\/\/fr.wikipedia.org\/wiki\/Da_Nang\"><em>\u0110\u00e0 N\u1eb5ng<\/em><\/a> <em>\u0111\u00e1 sa th\u1ea1ch kh\u00f2 30&#215;60<\/em><\/strong> d\u00f9ng \u0111\u1ec3 <em><strong>l\u00e1t s\u00e2n<\/strong><\/em> \u0111ang r\u1ea5t \u0111\u01b0\u1ee3c \u01b0a chu\u1ed9ng, ch\u1ea5t l\u01b0\u1ee3ng th\u00ec c\u00f3 th\u1ec3 kh\u1ecfi ph\u1ea3i b\u00e0n nh\u01b0ng <a href=\"https:\/\/vi.wikipedia.org\/wiki\/Gi%C3%A1_c%E1%BA%A3#:~:text=Gi%C3%A1%20c%E1%BA%A3%20l%C3%A0%20bi%E1%BB%83u%20hi%E1%BB%87n,%C4%91%E1%BB%95i%20xoay%20quanh%20gi%C3%A1%20tr%E1%BB%8B.\">gi\u00e1<\/a> th\u00e0nh cao c\u0169ng khi\u1ebfn nhi\u1ec1u kh\u00e1ch h\u00e0ng d\u00f9 c\u00f3 mu\u1ed1n c\u0169ng kh\u00f3 l\u1ef1a ch\u1ecdn. V\u1eady nguy\u00ean nh\u00e2n do \u0111\u00e2u khi\u1ebfn <strong><em>\u0111\u00e1 kh\u00f2<\/em><\/strong> l\u1ea1i c\u00f3 gi\u00e1 th\u00e0nh cao nh\u01b0 v\u1eady h\u00e3y c\u00f9ng tham kh\u1ea3o b\u00e0i vi\u1ebft d\u01b0\u1edbi \u0111\u00e2y nh\u00e9<\/span><\/p>\n<h2><span style=\"font-size: 100%; color: #ff0000;\"><strong><span style=\"font-family: 'times new roman', times, serif;\">1. Th\u00f4ng tin k\u1ef9 thu\u1eadt \u0111\u00e1 sa th\u1ea1ch kh\u00f2 30&#215;60 l\u00e1t s\u00e2n<\/span><\/strong><\/span><\/h2>\n<p><span style=\"font-family: 'times new roman', times, serif; font-size: 130%; color: #000000;\">K\u00edch th\u01b0\u1edbc: 30&#215;60<\/span><\/p>\n<p><span style=\"font-family: 'times new roman', times, serif; font-size: 130%; color: #000000;\">\u0110\u1ed9 d\u00e0y ph\u1ed5 th\u00f4ng 2cm<\/span><\/p>\n<p><span style=\"font-family: 'times new roman', times, serif; font-size: 130%; color: #000000;\">M\u00e0u s\u1eafc m\u00e0u x\u00e1m xanh<\/span><\/p>\n<p><span style=\"font-family: 'times new roman', times, serif; font-size: 130%; color: #000000;\">B\u1ec1 m\u1eb7t: kh\u00f2 l\u1eeda, t\u1ea1o nh\u00e1m b\u1ec1 m\u1eb7t.<\/span><\/p>\n<p><span style=\"font-family: 'times new roman', times, serif; font-size: 130%; color: #000000;\">Ch\u1ea5t li\u1ec7u: ho\u00e0n to\u00e0n b\u1eb1ng \u0111\u00e1 t\u1ef1 nhi\u00ean khai th\u00e1c.<\/span><\/p>\n<h2><strong><span style=\"font-family: 'times new roman', times, serif; font-size: 100%; color: #ff0000;\">2. Gi\u00e1 \u0111\u00e1 sa th\u1ea1ch kh\u00f2 30&#215;60 l\u00e1t s\u00e2n t\u1ea1i \u0110\u00e0 N\u1eb5ng\u00a0<\/span><\/strong><\/h2>\n<p><span style=\"font-family: 'times new roman', times, serif; font-size: 130%; color: #000000;\">T\u1ea1i <strong><em>\u0110\u00e0 N\u1eb5ng<\/em> <em>\u0111\u00e1 sa th\u1ea1ch kh\u00f2 l\u00e1t s\u00e2n<\/em><\/strong> k\u00edch th\u01b0\u1edbc <strong><em>30&#215;60<\/em><\/strong> c\u00f3 gi\u00e1 th\u00e0nh giao \u0111\u1ed9ng t\u1eeb <strong><span style=\"color: #008000;\">270.000<\/span><\/strong> \u0111\u1ebfn <strong><span style=\"color: #008000;\">290.000<\/span><\/strong>\/m2 t\u00f9y thu\u1ed9c v\u00e0o s\u1ed1 l\u01b0\u1ee3ng nhi\u1ec1u hay \u00edt v\u00e0 t\u00f9y v\u00e0o th\u1eddi \u0111i\u1ec3m<\/span><\/p>\n<p><span style=\"font-family: 'times new roman', times, serif; font-size: 130%; color: #000000;\">Nguy\u00ean nh\u00e2n khi\u1ebfn<a href=\"https:\/\/vi.wikipedia.org\/wiki\/Gi%C3%A1_c%E1%BA%A3#:~:text=Gi%C3%A1%20c%E1%BA%A3%20l%C3%A0%20bi%E1%BB%83u%20hi%E1%BB%87n,%C4%91%E1%BB%95i%20xoay%20quanh%20gi%C3%A1%20tr%E1%BB%8B.\"> gi\u00e1<\/a> th\u00e0nh c\u1ee7a <strong><em>\u0111\u00e1 sa th\u1ea1ch kh\u00f2<\/em><\/strong> cao h\u01a1n\u00a0 nh\u1eefng lo\u1ea1i \u0111\u00e1 kh\u00e1ch l\u00e0 so quy tr\u00ecnh s\u1ea3n xu\u1ea5t. \u0110\u00e1 \u0111\u01b0\u1ee3c l\u1ea5y ho\u00e0n to\u00e0n t\u1eeb t\u1ef1 nhi\u00ean sau \u0111\u00f3 \u0111\u01b0\u1ee3c c\u1eaft b\u1eb1ng theo kh\u1ed5 30&#215;60 v\u00e0 \u0111\u1ed9 d\u00e0y 2cm. Sau \u0111\u00f3 1 m\u1eb7t s\u1ebd \u0111\u01b0\u1ee3c \u0111\u1ed1t b\u1eb1ng nhi\u1ec7t \u0111\u1ed9 cao ( kh\u00f2) \u0111\u1ec3 t\u1ea1o \u0111\u1ed9 nh\u00e1m\u00a0<\/span><\/p>\n<p><img loading=\"lazy\" decoding=\"async\" class=\"size-full wp-image-3659 aligncenter\" src=\"https:\/\/tranthi.vn\/quangnam\/wp-content\/uploads\/2021\/10\/da-lat-san.jpg\" alt=\"\" width=\"318\" height=\"238\" \/><\/p>\n<p style=\"text-align: center;\"><em><strong><span style=\"color: #008000; font-size: 130%; font-family: 'times new roman', times, serif;\">C\u1eadn b\u1ec1 m\u1eb7t c\u1ee7a \u0111\u00e1 kh\u00f2 nh\u00e1m 30&#215;60<\/span><\/strong><\/em><\/p>\n<p><span style=\"font-family: 'times new roman', times, serif; font-size: 130%; color: #000000;\">M\u1eb7c d\u00f9 gi\u00e1 th\u00e0nh cao nh\u01b0ng nh\u1eefng \u01b0u \u0111i\u1ec3m m\u00e0 <em><strong>\u0111\u00e1 sa th\u1ea1ch kh\u00f2<\/strong><\/em> mang l\u1ea1i c\u0169ng v\u00f4 c\u00f9ng x\u1ee9ng d\u00e1ng. Ch\u00ednh v\u00ec th\u1ebf ng\u00e0y c\u00e0ng \u0111\u01b0\u1ee3c nhi\u1ec1u c\u00e1c c\u00f4ng tr\u00ecnh s\u1eed d\u1ee5ng<\/span><\/p>\n<h2><span style=\"font-size: 100%;\"><strong><span style=\"font-family: 'times new roman', times, serif; color: #ff0000;\">3. \u0110\u00e1 kh\u00f2 30&#215;60 c\u00f3 th\u1ec3 d\u00f9ng \u0111\u1ec3 l\u00e1t \u1edf nh\u1eefng v\u1ecb tr\u00ed n\u00e0o?<\/span><\/strong><\/span><\/h2>\n<p><span style=\"font-family: 'times new roman', times, serif; font-size: 130%; color: #000000;\">V\u1edbi \u0111\u1eb7c \u0111i\u1ec3m c\u1ee9ng ch\u1eafc ch\u1eafn <strong><em>\u0111\u00e1 sa th\u1ea1ch kh\u00f2<\/em><\/strong> \u0111\u01b0\u1ee3c s\u1eed d\u1ee5ng \u0111\u1ec3 l\u00e1t v\u1ec9a h\u00e8, l\u00e1t s\u00e2n v\u01b0\u1eddn, b\u00e3i \u0111\u1ed5 xe, l\u00e1t h\u00e0nh l\u00e0ng l\u1ed1i \u0111i s\u00e2n v\u01b0\u1eddn&#8230;<\/span><\/p>\n<p><span style=\"font-family: 'times new roman', times, serif; font-size: 130%; color: #000000;\">\u0110a s\u1ed1 <strong><em>\u0111\u00e1 kh\u00f2 sa th\u1ea1ch 30&#215;60<\/em><\/strong> \u0111\u01b0\u1ee3c l\u1ef1a ch\u1ecdn \u0111\u1ec3 l\u00e1t s\u00e2n v\u01b0\u1eddn<\/span><\/p>\n<p><span style=\"font-family: 'times new roman', times, serif; font-size: 130%; color: #000000;\">C\u00f3 th\u1ec3 l\u00e1t nh\u01b0 g\u1ea1ch th\u00f4ng th\u01b0\u1eddng ho\u1eb7c k\u1ebft h\u1ee3p v\u1edbi s\u1ecfi tr\u1eafng, c\u1ecf xanh xen k\u1ebb. Ki\u1ec3u nh\u01b0 th\u1ebf n\u00e0y th\u01b0\u1eddng \u0111\u01b0\u1ee3c l\u00e0m nhi\u1ec1u \u1edf c\u00e1c villa, homestay, kh\u00e1ch s\u1ea1n, qu\u00e1n cafe nh\u00e0 v\u01b0\u1eddn&#8230;<\/span><\/p>\n<p><img loading=\"lazy\" decoding=\"async\" class=\"wp-image-3658 aligncenter\" src=\"https:\/\/tranthi.vn\/quangnam\/wp-content\/uploads\/2021\/10\/mau-da-sa-thach-kho-da-nang_optimized.jpg\" alt=\"mau-da-sa-thach-kho-da-nang\" width=\"299\" height=\"268\" \/><\/p>\n<p style=\"text-align: center;\"><strong><em><span style=\"color: #008000; font-size: 130%; font-family: 'times new roman', times, serif;\">C\u00f3 th\u1ec3 l\u00e1t xen s\u1ecfi tr\u1eafng ho\u1eb7c c\u1ecf xanh<\/span><\/em><\/strong><\/p>\n<p><span style=\"font-family: 'times new roman', times, serif; font-size: 130%; color: #000000;\">C\u0169ng kh\u00e1 nhi\u1ec1u lo\u1ea1i \u0111\u00e1 l\u00e1t s\u00e2n t\u1eeb \u0111\u00e1 t\u1ef1 nhi\u00ean ra \u0111\u1eddi nh\u01b0ng \u0111\u00e1 sa th\u1ea1ch kh\u00f2 v\u1eabn \u0111\u01b0\u1ee3c \u01b0a chu\u1ed9ng nh\u1ea5t. <\/span><\/p>\n<ul style=\"list-style-type: disc;\">\n<li><span style=\"font-family: 'times new roman', times, serif; font-size: 130%; color: #000000;\">Th\u1ee9 nh\u1ea5t v\u00ec b\u1ec1 m\u1eb7t \u0111\u01b0\u1ee3c l\u00e0m ph\u1eb3ng kh\u00f4ng b\u1ecb g\u1ed3 gh\u1ec1 nh\u01b0 \u0111\u00e1 ch\u1ebb t\u1ef1 nhi\u00ean khi \u0111i l\u1ea1i s\u1ebd kh\u00f4ng b\u1ecb v\u1ea5p. <\/span><\/li>\n<li><span style=\"font-family: 'times new roman', times, serif; font-size: 130%; color: #000000;\">Th\u1ee9 2 l\u00e0 b\u1ec1 m\u1eb7t \u0111\u01b0\u1ee3c kh\u00f2 nh\u00e1m s\u1ea7n s\u00f9i \u0111i l\u1ea1i s\u1ebd kh\u00f4ng b\u1ecb tr\u01a1n t\u01b0\u1ee3t, khi tr\u1eddi m\u01b0a r\u1ea5t an to\u00e0n.<\/span><\/li>\n<li><span style=\"font-family: 'times new roman', times, serif; font-size: 130%; color: #000000;\">Th\u1ee9 3 l\u00e0 ch\u1eafc ch\u1eafn b\u1ec1 m\u1eb7t ph\u00eda d\u01b0\u1edbi c\u0169ng \u0111\u01b0\u1ee3c c\u1eaft b\u1eb1ng ph\u1eb3ng n\u00ean khi l\u00e1t kh\u00f4ng b\u1ecb ch\u00eanh, xe c\u00f3 tr\u1ecdng t\u1ea3i l\u1edbn \u0111i v\u00e0o c\u0169ng s\u1ebd kh\u00f4ng b\u1ecb b\u1ec3\u00a0<\/span><\/li>\n<\/ul>\n<p><span style=\"font-family: 'times new roman', times, serif; font-size: 130%; color: #000000;\">\u0110\u00e1 sa th\u1ea1ch kh\u00f2 nh\u00e1m r\u1ea5t \u0111\u01b0\u1ee3c \u01b0a chu\u1ed9ng t\u1ea1i \u0110\u00e0 N\u1eb5ng th\u00f4ng th\u01b0\u1eddng v\u00e0o nh\u1eefng kho\u1ea3ng th\u1eddi gian cao \u0111i\u1ec3m gi\u00e1 \u0111\u00e1 c\u00f3 th\u1ec3 l\u00ean h\u01a1n 300 ngh\u00ecn \u0111\u1ed3ng\/m2 nh\u01b0ng c\u0169ng kh\u00f4ng c\u00f3 \u0111\u00e1 \u0111\u1ec3 cung c\u1ea5p. \u0110\u00e1 kh\u00f2 \u0111\u01b0\u1ee3c l\u00e0m kh\u00e1 k\u1ef3 c\u00f4ng n\u00ean l\u01b0\u1ee3ng s\u1ea3n ph\u1ea9m s\u1ea3n xu\u1ea5t ra kh\u00f4ng \u0111\u01b0\u1ee3c nhi\u1ec1u<\/span><\/p>\n<p><span style=\"font-family: 'times new roman', times, serif; font-size: 130%; color: #000000;\">N\u1ebfu kh\u00e1ch h\u00e0ng c\u00f2n l\u0103n t\u0103n v\u1ec1 ch\u1ea5t l\u01b0\u1ee3ng \u0111\u00e1 kh\u00f2 th\u00ec c\u00f3 th\u1ec3 ho\u00e0n to\u00e0n an t\u00e2m\u00a0<\/span><\/p>\n","protected":false},"excerpt":{"rendered":"<p><span style=\"font-family: 'times new roman', times, serif; font-size: 130%; color: #000000;\">\ud83d\ude06 Giao h\u00e0ng t\u1eadn ch\u00e2n c\u00f4ng tr\u00ecnh<\/span><\/p>\n<p><span style=\"font-family: 'times new roman', times, serif; font-size: 130%; color: #000000;\">\ud83d\ude06 \u0110\u1ed9 d\u00e0y: 2p b\u1ec1 m\u1eb7t ph\u1eb3ng \u0111\u01b0\u1ee3c kh\u00f2 nh\u00e1m ch\u1ed1ng tr\u01a1n tr\u01b0\u1ee3t<\/span><\/p>\n<p><span style=\"font-family: 'times new roman', times, serif; font-size: 130%; color: #000000;\">\ud83d\ude06 Gi\u00e1 \u0111\u00e1 kh\u00f2 30\u00d760 trong n\u1ed9i th\u00e0nh <span style=\"color: #008000;\"><strong><a style=\"color: #008000;\" href=\"https:\/\/fr.wikipedia.org\/wiki\/Da_Nang\">\u0110\u00e0 N\u1eb5ng<\/a><\/strong><\/span><\/span><\/p>\n<ul>\n<li><span style=\"color: #000000; font-family: 'times new roman', times, serif; font-size: 130%;\">D\u01b0\u1edbi 25m2 gi\u00e1:<span style=\"color: #ff0000;\"><strong> 310.000\u0111\/m2<\/strong><\/span><\/span><\/li>\n<li><span style=\"color: #000000; font-family: 'times new roman', times, serif; font-size: 130%;\">Tr\u00ean 25m2 gi\u00e1: <span style=\"color: #ff0000;\"><strong>295.000\u0111\/m2<\/strong><\/span><\/span><\/li>\n<\/ul>\n<p><span style=\"font-family: 'times new roman', times, serif; font-size: 130%; color: #000000;\">S\u1ebd c\u00f3 th\u00eam chi ph\u00ed v\u1eadn chuy\u1ec3n ph\u1ee5 thu\u1ed9c v\u00e0o \u0111\u1ecba \u0111i\u1ec3m nh\u1eadn h\u00e0ng v\u00e0 s\u1ed1 l\u01b0\u1ee3ng h\u00e0ng h\u00f3a<\/span><\/p>\n<p><span style=\"color: #000000; font-size: 130%; font-family: 'times new roman', times, serif;\"><strong><em>\u0110\u00e1 kh\u00e1 n\u1eb7ng v\u1eadn chuy\u1ec3n h\u01a1i l\u00e2u n\u00ean kh\u00e1ch \u0111\u1eb7t h\u00e0ng tr\u01b0\u1edbc 1 ng\u00e0y \u0111\u1ec3 \u0111\u1ea3m b\u1ea3o giao h\u00e0ng k\u1ecbp\u00a0<\/em><\/strong><\/span><\/p>\n","protected":false},"featured_media":3656,"comment_status":"closed","ping_status":"closed","template":"","meta":[],"product_cat":[337],"product_tag":[],"class_list":{"0":"post-3655","1":"product","2":"type-product","3":"status-publish","4":"has-post-thumbnail","6":"product_cat-da-tu-nhien-da-lat-san-da-nang","8":"first","9":"instock","10":"sale","11":"shipping-taxable","12":"purchasable","13":"product-type-simple"},"yoast_head":"<!-- This site is optimized with the Yoast SEO Premium plugin v22.3 (Yoast SEO v22.8) - https:\/\/yoast.com\/wordpress\/plugins\/seo\/ -->\n<title>Gi\u00e1 \u0111\u00e1 sa th\u1ea1ch kh\u00f2 30x60 l\u00e1t s\u00e2n gi\u00e1 r\u1ebb t\u1ea1i \u0110\u00e0 N\u1eb5ng - 0903.595.049<\/title>\n<meta name=\"description\" content=\"Tr\u1ea7n Th\u1ecb - 0903.595.049 chuy\u00ean cung c\u1ea5p \u0111\u00e1 sa th\u1ea1ch kh\u00f2 k\u00edch th\u01b0\u1edbc 30x60 gi\u00e1 r\u1ebb t\u1ea1i \u0110\u00e0 N\u1eb5ng, d\u00f9ng l\u00e1t s\u00e2n v\u01b0\u1eddn, v\u1ec9a h\u00e8, h\u00e0nh lang...\" \/>\n<meta name=\"robots\" content=\"index, follow, max-snippet:-1, max-image-preview:large, max-video-preview:-1\" \/>\n<link rel=\"canonical\" href=\"https:\/\/tranthi.vn\/quangnam\/gia-da-sa-thach-kho-lat-san-da-nang\/\" \/>\n<meta property=\"og:locale\" content=\"vi_VN\" \/>\n<meta property=\"og:type\" content=\"article\" \/>\n<meta property=\"og:title\" content=\"30x60 kh\u00f2\" \/>\n<meta property=\"og:description\" content=\"Tr\u1ea7n Th\u1ecb - 0903.595.049 chuy\u00ean cung c\u1ea5p \u0111\u00e1 sa th\u1ea1ch kh\u00f2 k\u00edch th\u01b0\u1edbc 30x60 gi\u00e1 r\u1ebb t\u1ea1i \u0110\u00e0 N\u1eb5ng, d\u00f9ng l\u00e1t s\u00e2n v\u01b0\u1eddn, v\u1ec9a h\u00e8, h\u00e0nh lang...\" \/>\n<meta property=\"og:url\" content=\"https:\/\/tranthi.vn\/quangnam\/gia-da-sa-thach-kho-lat-san-da-nang\/\" \/>\n<meta property=\"og:site_name\" content=\"V\u1eadt Li\u1ec7u X\u00e2y D\u1ef1ng Tr\u1ea7n Th\u1ecb Chi Nh\u00e1nh Qu\u1ea3ng Nam\" \/>\n<meta property=\"article:modified_time\" content=\"2024-06-17T03:58:31+00:00\" \/>\n<meta property=\"og:image\" content=\"https:\/\/tranthi.vn\/quangnam\/wp-content\/uploads\/2021\/10\/mau-da-lat-san-vuon-30x60-kho-da-nang_optimized.jpg\" \/>\n\t<meta property=\"og:image:width\" content=\"613\" \/>\n\t<meta property=\"og:image:height\" content=\"410\" \/>\n\t<meta property=\"og:image:type\" content=\"image\/jpeg\" \/>\n<meta name=\"twitter:card\" content=\"summary_large_image\" \/>\n<meta name=\"twitter:label1\" content=\"Gi\u00e1\" \/>\n\t<meta name=\"twitter:data1\" content=\"295,000&nbsp;&#8363;\" \/>\n\t<meta name=\"twitter:label2\" content=\"Kh\u1ea3 d\u1ee5ng\" \/>\n\t<meta name=\"twitter:data2\" content=\"Trong kho\" \/>\n<script type=\"application\/ld+json\" class=\"yoast-schema-graph\">{\"@context\":\"https:\/\/schema.org\",\"@graph\":[{\"@type\":[\"WebPage\",\"ItemPage\"],\"@id\":\"https:\/\/tranthi.vn\/quangnam\/gia-da-sa-thach-kho-lat-san-da-nang\/\",\"url\":\"https:\/\/tranthi.vn\/quangnam\/gia-da-sa-thach-kho-lat-san-da-nang\/\",\"name\":\"Gi\u00e1 \u0111\u00e1 sa th\u1ea1ch kh\u00f2 30x60 l\u00e1t s\u00e2n gi\u00e1 r\u1ebb t\u1ea1i \u0110\u00e0 N\u1eb5ng - 0903.595.049\",\"isPartOf\":{\"@id\":\"https:\/\/tranthi.vn\/quangnam\/#website\"},\"primaryImageOfPage\":{\"@id\":\"https:\/\/tranthi.vn\/quangnam\/gia-da-sa-thach-kho-lat-san-da-nang\/#primaryimage\"},\"image\":{\"@id\":\"https:\/\/tranthi.vn\/quangnam\/gia-da-sa-thach-kho-lat-san-da-nang\/#primaryimage\"},\"thumbnailUrl\":\"https:\/\/tranthi.vn\/quangnam\/wp-content\/uploads\/2021\/10\/mau-da-lat-san-vuon-30x60-kho-da-nang_optimized.jpg\",\"datePublished\":\"2021-10-15T07:40:29+00:00\",\"dateModified\":\"2024-06-17T03:58:31+00:00\",\"description\":\"Tr\u1ea7n Th\u1ecb - 0903.595.049 chuy\u00ean cung c\u1ea5p \u0111\u00e1 sa th\u1ea1ch kh\u00f2 k\u00edch th\u01b0\u1edbc 30x60 gi\u00e1 r\u1ebb t\u1ea1i \u0110\u00e0 N\u1eb5ng, d\u00f9ng l\u00e1t s\u00e2n v\u01b0\u1eddn, v\u1ec9a h\u00e8, h\u00e0nh lang...\",\"breadcrumb\":{\"@id\":\"https:\/\/tranthi.vn\/quangnam\/gia-da-sa-thach-kho-lat-san-da-nang\/#breadcrumb\"},\"inLanguage\":\"vi\",\"potentialAction\":[{\"@type\":\"ReadAction\",\"target\":[\"https:\/\/tranthi.vn\/quangnam\/gia-da-sa-thach-kho-lat-san-da-nang\/\"]}]},{\"@type\":\"ImageObject\",\"inLanguage\":\"vi\",\"@id\":\"https:\/\/tranthi.vn\/quangnam\/gia-da-sa-thach-kho-lat-san-da-nang\/#primaryimage\",\"url\":\"https:\/\/tranthi.vn\/quangnam\/wp-content\/uploads\/2021\/10\/mau-da-lat-san-vuon-30x60-kho-da-nang_optimized.jpg\",\"contentUrl\":\"https:\/\/tranthi.vn\/quangnam\/wp-content\/uploads\/2021\/10\/mau-da-lat-san-vuon-30x60-kho-da-nang_optimized.jpg\",\"width\":613,\"height\":410,\"caption\":\"mau-da-lat-san-vuon-30x60-kho-da-nang\"},{\"@type\":\"BreadcrumbList\",\"@id\":\"https:\/\/tranthi.vn\/quangnam\/gia-da-sa-thach-kho-lat-san-da-nang\/#breadcrumb\",\"itemListElement\":[{\"@type\":\"ListItem\",\"position\":1,\"name\":\"Trang ch\u1ee7\",\"item\":\"https:\/\/tranthi.vn\/quangnam\/\"},{\"@type\":\"ListItem\",\"position\":2,\"name\":\"Shop\",\"item\":\"https:\/\/tranthi.vn\/quangnam\/shop\/\"},{\"@type\":\"ListItem\",\"position\":3,\"name\":\"30&#215;60 kh\u00f2\"}]},{\"@type\":\"WebSite\",\"@id\":\"https:\/\/tranthi.vn\/quangnam\/#website\",\"url\":\"https:\/\/tranthi.vn\/quangnam\/\",\"name\":\"V\u1eadt Li\u1ec7u X\u00e2y D\u1ef1ng Tr\u1ea7n Th\u1ecb Chi Nh\u00e1nh Qu\u1ea3ng Nam\",\"description\":\"V\u1eadt Li\u1ec7u X\u00e2y D\u1ef1ng - Qu\u1ea3ng Nam\",\"potentialAction\":[{\"@type\":\"SearchAction\",\"target\":{\"@type\":\"EntryPoint\",\"urlTemplate\":\"https:\/\/tranthi.vn\/quangnam\/?s={search_term_string}\"},\"query-input\":\"required name=search_term_string\"}],\"inLanguage\":\"vi\"},{\"@type\":\"ImageObject\",\"inLanguage\":\"vi\",\"@id\":\"https:\/\/tranthi.vn\/quangnam\/gia-da-sa-thach-kho-lat-san-da-nang\/#local-main-organization-logo\",\"url\":\"\",\"contentUrl\":\"\",\"caption\":\"V\u1eadt Li\u1ec7u X\u00e2y D\u1ef1ng Tr\u1ea7n Th\u1ecb Chi Nh\u00e1nh Qu\u1ea3ng Nam\"}]}<\/script>\n<meta property=\"product:price:amount\" content=\"295000\" \/>\n<meta property=\"product:price:currency\" content=\"VND\" \/>\n<meta property=\"og:availability\" content=\"instock\" \/>\n<meta property=\"product:availability\" content=\"instock\" \/>\n<meta property=\"product:condition\" content=\"new\" \/>\n<!-- \/ Yoast SEO Premium plugin. -->","yoast_head_json":{"title":"Gi\u00e1 \u0111\u00e1 sa th\u1ea1ch kh\u00f2 30x60 l\u00e1t s\u00e2n gi\u00e1 r\u1ebb t\u1ea1i \u0110\u00e0 N\u1eb5ng - 0903.595.049","description":"Tr\u1ea7n Th\u1ecb - 0903.595.049 chuy\u00ean cung c\u1ea5p \u0111\u00e1 sa th\u1ea1ch kh\u00f2 k\u00edch th\u01b0\u1edbc 30x60 gi\u00e1 r\u1ebb t\u1ea1i \u0110\u00e0 N\u1eb5ng, d\u00f9ng l\u00e1t s\u00e2n v\u01b0\u1eddn, v\u1ec9a h\u00e8, h\u00e0nh lang...","robots":{"index":"index","follow":"follow","max-snippet":"max-snippet:-1","max-image-preview":"max-image-preview:large","max-video-preview":"max-video-preview:-1"},"canonical":"https:\/\/tranthi.vn\/quangnam\/gia-da-sa-thach-kho-lat-san-da-nang\/","og_locale":"vi_VN","og_type":"article","og_title":"30x60 kh\u00f2","og_description":"Tr\u1ea7n Th\u1ecb - 0903.595.049 chuy\u00ean cung c\u1ea5p \u0111\u00e1 sa th\u1ea1ch kh\u00f2 k\u00edch th\u01b0\u1edbc 30x60 gi\u00e1 r\u1ebb t\u1ea1i \u0110\u00e0 N\u1eb5ng, d\u00f9ng l\u00e1t s\u00e2n v\u01b0\u1eddn, v\u1ec9a h\u00e8, h\u00e0nh lang...","og_url":"https:\/\/tranthi.vn\/quangnam\/gia-da-sa-thach-kho-lat-san-da-nang\/","og_site_name":"V\u1eadt Li\u1ec7u X\u00e2y D\u1ef1ng Tr\u1ea7n Th\u1ecb Chi Nh\u00e1nh Qu\u1ea3ng Nam","article_modified_time":"2024-06-17T03:58:31+00:00","og_image":[{"width":613,"height":410,"url":"https:\/\/tranthi.vn\/quangnam\/wp-content\/uploads\/2021\/10\/mau-da-lat-san-vuon-30x60-kho-da-nang_optimized.jpg","type":"image\/jpeg"}],"twitter_card":"summary_large_image","twitter_misc":{"Gi\u00e1":"295,000&nbsp;&#8363;","Kh\u1ea3 d\u1ee5ng":"Trong kho"},"schema":{"@context":"https:\/\/schema.org","@graph":[{"@type":["WebPage","ItemPage"],"@id":"https:\/\/tranthi.vn\/quangnam\/gia-da-sa-thach-kho-lat-san-da-nang\/","url":"https:\/\/tranthi.vn\/quangnam\/gia-da-sa-thach-kho-lat-san-da-nang\/","name":"Gi\u00e1 \u0111\u00e1 sa th\u1ea1ch kh\u00f2 30x60 l\u00e1t s\u00e2n gi\u00e1 r\u1ebb t\u1ea1i \u0110\u00e0 N\u1eb5ng - 0903.595.049","isPartOf":{"@id":"https:\/\/tranthi.vn\/quangnam\/#website"},"primaryImageOfPage":{"@id":"https:\/\/tranthi.vn\/quangnam\/gia-da-sa-thach-kho-lat-san-da-nang\/#primaryimage"},"image":{"@id":"https:\/\/tranthi.vn\/quangnam\/gia-da-sa-thach-kho-lat-san-da-nang\/#primaryimage"},"thumbnailUrl":"https:\/\/tranthi.vn\/quangnam\/wp-content\/uploads\/2021\/10\/mau-da-lat-san-vuon-30x60-kho-da-nang_optimized.jpg","datePublished":"2021-10-15T07:40:29+00:00","dateModified":"2024-06-17T03:58:31+00:00","description":"Tr\u1ea7n Th\u1ecb - 0903.595.049 chuy\u00ean cung c\u1ea5p \u0111\u00e1 sa th\u1ea1ch kh\u00f2 k\u00edch th\u01b0\u1edbc 30x60 gi\u00e1 r\u1ebb t\u1ea1i \u0110\u00e0 N\u1eb5ng, d\u00f9ng l\u00e1t s\u00e2n v\u01b0\u1eddn, v\u1ec9a h\u00e8, h\u00e0nh lang...","breadcrumb":{"@id":"https:\/\/tranthi.vn\/quangnam\/gia-da-sa-thach-kho-lat-san-da-nang\/#breadcrumb"},"inLanguage":"vi","potentialAction":[{"@type":"ReadAction","target":["https:\/\/tranthi.vn\/quangnam\/gia-da-sa-thach-kho-lat-san-da-nang\/"]}]},{"@type":"ImageObject","inLanguage":"vi","@id":"https:\/\/tranthi.vn\/quangnam\/gia-da-sa-thach-kho-lat-san-da-nang\/#primaryimage","url":"https:\/\/tranthi.vn\/quangnam\/wp-content\/uploads\/2021\/10\/mau-da-lat-san-vuon-30x60-kho-da-nang_optimized.jpg","contentUrl":"https:\/\/tranthi.vn\/quangnam\/wp-content\/uploads\/2021\/10\/mau-da-lat-san-vuon-30x60-kho-da-nang_optimized.jpg","width":613,"height":410,"caption":"mau-da-lat-san-vuon-30x60-kho-da-nang"},{"@type":"BreadcrumbList","@id":"https:\/\/tranthi.vn\/quangnam\/gia-da-sa-thach-kho-lat-san-da-nang\/#breadcrumb","itemListElement":[{"@type":"ListItem","position":1,"name":"Trang ch\u1ee7","item":"https:\/\/tranthi.vn\/quangnam\/"},{"@type":"ListItem","position":2,"name":"Shop","item":"https:\/\/tranthi.vn\/quangnam\/shop\/"},{"@type":"ListItem","position":3,"name":"30&#215;60 kh\u00f2"}]},{"@type":"WebSite","@id":"https:\/\/tranthi.vn\/quangnam\/#website","url":"https:\/\/tranthi.vn\/quangnam\/","name":"V\u1eadt Li\u1ec7u X\u00e2y D\u1ef1ng Tr\u1ea7n Th\u1ecb Chi Nh\u00e1nh Qu\u1ea3ng Nam","description":"V\u1eadt Li\u1ec7u X\u00e2y D\u1ef1ng - Qu\u1ea3ng Nam","potentialAction":[{"@type":"SearchAction","target":{"@type":"EntryPoint","urlTemplate":"https:\/\/tranthi.vn\/quangnam\/?s={search_term_string}"},"query-input":"required name=search_term_string"}],"inLanguage":"vi"},{"@type":"ImageObject","inLanguage":"vi","@id":"https:\/\/tranthi.vn\/quangnam\/gia-da-sa-thach-kho-lat-san-da-nang\/#local-main-organization-logo","url":"","contentUrl":"","caption":"V\u1eadt Li\u1ec7u X\u00e2y D\u1ef1ng Tr\u1ea7n Th\u1ecb Chi Nh\u00e1nh Qu\u1ea3ng Nam"}]},"product_price_amount":"295000","product_price_currency":"VND","og_availability":"instock","product_availability":"instock","product_condition":"new"},"_links":{"self":[{"href":"https:\/\/tranthi.vn\/quangnam\/wp-json\/wp\/v2\/product\/3655","targetHints":{"allow":["GET"]}}],"collection":[{"href":"https:\/\/tranthi.vn\/quangnam\/wp-json\/wp\/v2\/product"}],"about":[{"href":"https:\/\/tranthi.vn\/quangnam\/wp-json\/wp\/v2\/types\/product"}],"replies":[{"embeddable":true,"href":"https:\/\/tranthi.vn\/quangnam\/wp-json\/wp\/v2\/comments?post=3655"}],"wp:featuredmedia":[{"embeddable":true,"href":"https:\/\/tranthi.vn\/quangnam\/wp-json\/wp\/v2\/media\/3656"}],"wp:attachment":[{"href":"https:\/\/tranthi.vn\/quangnam\/wp-json\/wp\/v2\/media?parent=3655"}],"wp:term":[{"taxonomy":"product_cat","embeddable":true,"href":"https:\/\/tranthi.vn\/quangnam\/wp-json\/wp\/v2\/product_cat?post=3655"},{"taxonomy":"product_tag","embeddable":true,"href":"https:\/\/tranthi.vn\/quangnam\/wp-json\/wp\/v2\/product_tag?post=3655"}],"curies":[{"name":"wp","href":"https:\/\/api.w.org\/{rel}","templated":true}]}}