{"id":3613,"date":"2021-09-24T13:47:22","date_gmt":"2021-09-24T06:47:22","guid":{"rendered":"https:\/\/tranthi.vn\/quangnam\/?post_type=product&#038;p=3613"},"modified":"2024-11-15T09:37:45","modified_gmt":"2024-11-15T02:37:45","slug":"tu-nhua-lavabo-hoi-an-tam-ky-quang-nam","status":"publish","type":"product","link":"https:\/\/tranthi.vn\/quangnam\/tu-nhua-lavabo-hoi-an-tam-ky-quang-nam\/","title":{"rendered":"T\u1ee7 nh\u1ef1a lavabo"},"content":{"rendered":"<h1 style=\"text-align: center;\"><span style=\"font-size: 100%;\"><strong><span style=\"color: #ff0000; font-family: 'times new roman', times, serif;\">T\u1ee6 NH\u1ef0A LAVABO T\u1ea0I H\u1ed8I AN-TAM K\u1ef2-QU\u1ea2NG NAM<\/span><\/strong><\/span><\/h1>\n<p><span style=\"font-family: 'times new roman', times, serif; font-size: 130%; color: #000000;\">V\u1edbi cu\u1ed9c s\u1ed1ng \u0111\u00f2i h\u1ecfi s\u1ef1 hi\u1ec7n \u0111\u1ea1i, ti\u1ec7n l\u1ee3i th\u00ec c\u00e1c thi\u1ebft b\u1ecb h\u1ed7 tr\u1ee3 c\u0169ng ph\u1ea3i \u0111\u01b0\u1ee3c \u0111\u00e1p \u1ee9ng theo. D\u01b0\u1edbi \u0111\u00e2y m\u00ecnh s\u1ebd gi\u1edbi thi\u1ec7u v\u1ec1 m\u1eabu t\u1ee7 nh\u1ef1a lavabo \u0111ang \u0111\u01b0\u1ee3c \u01b0a chu\u1ed9ng v\u00e0 s\u1eed d\u1ee5ng trong c\u00e1c ng\u00f4i nh\u00e0 hi\u1ec7n \u0111\u1ea1i, kh\u00e1ch s\u1ea1n&#8230;..<\/span><\/p>\n<figure id=\"attachment_7737\" aria-describedby=\"caption-attachment-7737\" style=\"width: 400px\" class=\"wp-caption aligncenter\"><img loading=\"lazy\" decoding=\"async\" class=\"size-full wp-image-7737\" src=\"https:\/\/tranthi.vn\/quangnam\/wp-content\/uploads\/2021\/09\/tu-nhua-lavabo-tai-tam-ky-hoi-an-quang-nam.jpg\" alt=\"t\u1ee7 nh\u1ef1a lavabo t\u1ea1i tam k\u1ef3- h\u1ed9i an - qu\u1ea3ng nam\" width=\"400\" height=\"400\" srcset=\"https:\/\/tranthi.vn\/quangnam\/wp-content\/uploads\/2021\/09\/tu-nhua-lavabo-tai-tam-ky-hoi-an-quang-nam.jpg 400w, https:\/\/tranthi.vn\/quangnam\/wp-content\/uploads\/2021\/09\/tu-nhua-lavabo-tai-tam-ky-hoi-an-quang-nam-100x100.jpg 100w\" sizes=\"auto, (max-width: 400px) 100vw, 400px\" \/><figcaption id=\"caption-attachment-7737\" class=\"wp-caption-text\">t\u1ee7 nh\u1ef1a lavabo t\u1ea1i tam k\u1ef3- h\u1ed9i an &#8211; qu\u1ea3ng nam<\/figcaption><\/figure>\n<h2><strong><span id=\"Tu_nhua_lavabo_co_cong_dung_gi\" style=\"font-family: 'times new roman', times, serif; font-size: 100%; color: #ff0000;\">1. C\u00f4ng d\u1ee5ng c\u1ee7a t\u1ee7 nh\u1ef1a lavabo<\/span><\/strong><\/h2>\n<p><span style=\"font-family: 'times new roman', times, serif; font-size: 130%; color: #000000;\">T\u1ee7 Lavabo hay c\u00f2n \u0111\u01b0\u1ee3c g\u1ecdi l\u00e0 t\u1ee7 d\u01b0\u1edbi b\u1ed3n r\u1eeda m\u1eb7t, t\u1ee7 \u0111\u1ee1 lavabo, \u0111\u01b0\u1ee3c s\u1eed d\u1ee5ng trong ph\u00f2ng v\u1ec7 sinh c\u1ee7a c\u00e1c gia \u0111\u00ecnh, kh\u00e1ch s\u1ea1n, nh\u00e0 h\u00e0ng. T\u1ee7 nh\u1ef1a lavabo kh\u00f4ng ch\u1ec9 d\u00f9ng l\u00e0m gi\u00e1 \u0111\u1ee1 lavabo m\u00e0 c\u00f2n d\u00f9ng \u0111\u1ec3 \u0111\u1ef1ng \u0111\u1ed3 \u0111\u1ea1t c\u1ea7n thi\u1ebft trong nh\u00e0 t\u1eafm. Mang l\u1ea1i m\u1ed9t kh\u00f4ng gian g\u1ecdn g\u00e0ng v\u00e0 hi\u1ec7n \u0111\u1ea1i<\/span><\/p>\n<p><img loading=\"lazy\" decoding=\"async\" class=\"alignnone size-full wp-image-3623 aligncenter\" src=\"https:\/\/tranthi.vn\/quangnam\/wp-content\/uploads\/2021\/09\/tu-nhua-lavabo-gia-re-da-nang_optimized.jpg\" alt=\"\" width=\"300\" height=\"300\" srcset=\"https:\/\/tranthi.vn\/quangnam\/wp-content\/uploads\/2021\/09\/tu-nhua-lavabo-gia-re-da-nang_optimized.jpg 300w, https:\/\/tranthi.vn\/quangnam\/wp-content\/uploads\/2021\/09\/tu-nhua-lavabo-gia-re-da-nang_optimized-100x100.jpg 100w\" sizes=\"auto, (max-width: 300px) 100vw, 300px\" \/><\/p>\n<p style=\"text-align: center;\"><strong><em><span style=\"font-family: 'times new roman', times, serif; font-size: 130%; color: #008000;\">Kh\u00f4ng ch\u1ec9 \u0111\u1eb9p, sang tr\u1ecdng m\u00e0 c\u00f2n v\u00f4 c\u00f9ng ti\u1ec7n l\u1ee3i<\/span><\/em><\/strong><\/p>\n<p><span style=\"font-family: 'times new roman', times, serif; font-size: 130%; color: #000000;\">V\u1edbi s\u1ef1 ph\u00e1t tri\u1ec3n c\u1ee7a nhu c\u1ea7u v\u1ec1 c\u00e1i \u0111\u1eb9p, nhi\u1ec1u s\u1ea3n ph\u1ea9m \u0111\u01b0\u1ee3c ra \u0111\u1eddi v\u1edbi ki\u1ec3u d\u00e1ng v\u00e0 ch\u1ea5t li\u1ec7u kh\u00e1c nhau<\/span><\/p>\n<p><span style=\"font-family: 'times new roman', times, serif; font-size: 130%; color: #000000;\">Tuy nhi\u00ean s\u1ea3n ph\u1ea9m \u0111\u01b0\u1ee3c \u01b0a chu\u1ed9ng v\u1eabn l\u00e0 nh\u1ef1a \u0111\u00e0i loan gi\u00e1 th\u00e0nh n\u1eb1m \u1edf m\u1ee9c v\u1eeba ph\u1ea3i v\u00e0 \u0111\u00e1p \u1ee9ng \u0111\u01b0\u1ee3c nhu c\u1ea7u b\u1ec1n \u0111\u1eb9p<\/span><\/p>\n<blockquote class=\"tiktok-embed\" cite=\"https:\/\/www.tiktok.com\/@kinhnghiemxaydungnhao\/video\/7403505422134529296\" data-video-id=\"7403505422134529296\" data-embed-from=\"oembed\" style=\"max-width:605px; min-width:325px;\">\n<section> <a target=\"_blank\" title=\"@kinhnghiemxaydungnhao\" href=\"https:\/\/www.tiktok.com\/@kinhnghiemxaydungnhao?refer=embed\">@kinhnghiemxaydungnhao<\/a> <\/p>\n<p>T\u1ee7 nh\u1ef1a lavabo \u0111\u00f3ng s\u0103n <a title=\"tunhualavabo\" target=\"_blank\" href=\"https:\/\/www.tiktok.com\/tag\/tunhualavabo?refer=embed\">#tunhualavabo<\/a> <a title=\"danang\" target=\"_blank\" href=\"https:\/\/www.tiktok.com\/tag\/danang?refer=embed\">#danang<\/a> <a title=\"lavabo\" target=\"_blank\" href=\"https:\/\/www.tiktok.com\/tag\/lavabo?refer=embed\">#lavabo<\/a><\/p>\n<p> <a target=\"_blank\" title=\"\u266c nh\u1ea1c n\u1ec1n - Tranthi.vn - Tranthi.vn\" href=\"https:\/\/www.tiktok.com\/music\/nh\u1ea1c-n\u1ec1n-Tranthivn-7403505500203125521?refer=embed\">\u266c nh\u1ea1c n\u1ec1n &#8211; Tranthi.vn &#8211; Tranthi.vn<\/a> <\/section>\n<\/blockquote>\n<p> <script async src=\"https:\/\/www.tiktok.com\/embed.js\"><\/script><\/p>\n<h2><strong><span id=\"Uu_nhuoc_diem_cua_tu_nhua_lavabo\" style=\"font-family: 'times new roman', times, serif; font-size: 100%; color: #ff0000;\">2. \u01afu nh\u01b0\u1ee3c \u0111i\u1ec3m c\u1ee7a t\u1ee7 nh\u1ef1a lavabo<\/span><\/strong><\/h2>\n<h3><strong><span style=\"font-family: 'times new roman', times, serif; font-size: 100%; color: #000000;\">\u01afu \u0111i\u1ec3m<\/span><\/strong><\/h3>\n<p><span style=\"font-family: 'times new roman', times, serif; font-size: 130%; color: #000000;\">T\u1ee7 Lavabo c\u00f3 kh\u1ea3 n\u0103ng ch\u1ed1ng n\u01b0\u1edbc tuy\u1ec7t \u0111\u1ed1i, r\u1ea5t th\u00edch h\u1ee3p \u0111\u1ec3 s\u1eed d\u1ee5ng trong m\u00f4i tr\u01b0\u1eddng \u1ea9m \u01b0\u1edbt, nhi\u1ec1u n\u01b0\u1edbc nh\u01b0 ph\u00f2ng t\u1eafm, ph\u00f2ng v\u1ec7 sinh.<\/span><\/p>\n<p><span style=\"font-family: 'times new roman', times, serif; font-size: 130%; color: #000000;\">T\u1ee7 c\u00f3 \u01b0u \u0111i\u1ec3m kh\u00f4ng b\u1ecb m\u1ed1i m\u1ecdt v\u00e0 c\u00f4n tr\u00f9ng ph\u00e1 ho\u1ea1i<\/span><\/p>\n<p><span style=\"font-family: 'times new roman', times, serif; font-size: 130%; color: #000000;\">Vi\u1ec7c v\u1ec7 sinh lau ch\u00f9i t\u1ee7 v\u00f4 c\u00f9ng d\u1ec5 d\u00e0ng ch\u1ec9 chi\u1ebfc gi\u1ebb \u1ea9m k\u1ebft h\u1ee3p th\u00eam dung d\u1ecbch t\u1ea9y r\u1eeda<\/span><\/p>\n<p><span style=\"font-family: 'times new roman', times, serif; font-size: 130%; color: #000000;\">Kh\u00f4ng b\u1ecb cong v\u00eanh co ng\u00f3t sau m\u1ed9t th\u1eddi gian s\u1eed d\u1ee5ng.<\/span><\/p>\n<h3><strong><span style=\"font-family: 'times new roman', times, serif; font-size: 100%; color: #000000;\">Nh\u01b0\u1ee3c \u0111i\u1ec3m<\/span><\/strong><\/h3>\n<p><span style=\"font-family: 'times new roman', times, serif; font-size: 130%; color: #000000;\">Chi\u1ebfm di\u1ec7n t\u00edch n\u1ebfu ph\u00f2ng v\u1ec7 sinh nh\u1ecf s\u1ebd khi\u1ebfn ph\u00f2ng ch\u1eadt ch\u1ed9i<\/span><\/p>\n<p><span style=\"font-family: 'times new roman', times, serif; font-size: 130%; color: #000000;\">D\u1ec5 phai m\u00e0u n\u1ebfu th\u01b0\u1eddng xuy\u00ean ph\u1ea3i ti\u1ebfp x\u00fac tr\u1ef1c ti\u1ebfp v\u1edbi \u00e1nh m\u1eb7t tr\u1eddi. \u0110i\u1ec1u n\u00e0y qu\u00fd kh\u00e1ch c\u00f3 th\u1ec3 kh\u1eafc ph\u1ee5c b\u1eb1ng c\u00e1ch s\u01a1n th\u00eam 1 l\u1edbp s\u01a1n PU ch\u1ed1ng n\u1eafng l\u00ean b\u1ec1 m\u1eb7t s\u1ea3n ph\u1ea9m.<\/span><\/p>\n<p style=\"text-align: center;\"><iframe loading=\"lazy\" src=\"\/\/www.youtube.com\/embed\/I7ili3Uzn8c\" width=\"560\" height=\"314\" allowfullscreen=\"allowfullscreen\"><\/iframe><\/p>\n","protected":false},"excerpt":{"rendered":"<p><span style=\"font-family: 'times new roman', times, serif; font-size: 130%; color: #000000;\">\ud83d\ude1b Giao h\u00e0ng trong \u0111\u1ecba b\u00e0n<a href=\"https:\/\/vi.wikipedia.org\/wiki\/Qu%E1%BA%A3ng_Nam\"><strong><em><span style=\"color: #008000;\"> Qu\u1ea3ng Nam<\/span><\/em><\/strong><\/a><\/span><\/p>\n<p><span style=\"font-family: 'times new roman', times, serif; font-size: 130%; color: #000000;\">\ud83d\ude1b K\u00edch th\u01b0\u1edbc: 500x700x400<\/span><\/p>\n<p><span style=\"font-family: 'times new roman', times, serif; font-size: 130%; color: #000000;\">\ud83d\ude1b \u0110\u01a1n gi\u00e1 t\u1ee7 1 c\u00e1nh 2 h\u1ed9c: <strong><span style=\"color: #ff0000;\">2.650.000<\/span><\/strong><\/span><\/p>\n","protected":false},"featured_media":4209,"comment_status":"closed","ping_status":"closed","template":"","meta":[],"product_cat":[179,420,421],"product_tag":[],"class_list":{"0":"post-3613","1":"product","2":"type-product","3":"status-publish","4":"has-post-thumbnail","6":"product_cat-thiet-bi-ve-sinh-da-nang","7":"product_cat-tu-chau-lavabo","8":"product_cat-tu-lavabo-nhua-pvc","10":"first","11":"instock","12":"sale","13":"shipping-taxable","14":"purchasable","15":"product-type-simple"},"yoast_head":"<!-- This site is optimized with the Yoast SEO Premium plugin v22.3 (Yoast SEO v22.8) - https:\/\/yoast.com\/wordpress\/plugins\/seo\/ -->\n<title>Gi\u00e1 t\u1ee7 nh\u1ef1a lavabo t\u1ea1i H\u1ed9i An, Tam K\u1ef3, Qu\u1ea3ng Nam-0947.335.871<\/title>\n<meta name=\"description\" content=\"Tr\u1ea7n Th\u1ecb - chuy\u00ean cung c\u1ea5p t\u1ee7 nh\u1ef1a lavabo gi\u00e1 r\u1ebb t\u1ea1i Qu\u1ea3ng Nam v\u1edbi \u0111\u1ea7y \u0111\u1ee7 k\u00edch th\u01b0\u1edbc v\u00e0 ki\u1ec3u d\u00e1ng, t\u1ee7 nh\u1eb9 d\u1ec5 d\u00e0ng l\u1eafp \u0111\u1eb7t v\u00e0 di chuy\u1ec3n\" \/>\n<meta name=\"robots\" content=\"index, follow, max-snippet:-1, max-image-preview:large, max-video-preview:-1\" \/>\n<link rel=\"canonical\" href=\"https:\/\/tranthi.vn\/quangnam\/tu-nhua-lavabo-hoi-an-tam-ky-quang-nam\/\" \/>\n<meta property=\"og:locale\" content=\"vi_VN\" \/>\n<meta property=\"og:type\" content=\"article\" \/>\n<meta property=\"og:title\" content=\"T\u1ee7 nh\u1ef1a lavabo\" \/>\n<meta property=\"og:description\" content=\"Tr\u1ea7n Th\u1ecb - chuy\u00ean cung c\u1ea5p t\u1ee7 nh\u1ef1a lavabo gi\u00e1 r\u1ebb t\u1ea1i Qu\u1ea3ng Nam v\u1edbi \u0111\u1ea7y \u0111\u1ee7 k\u00edch th\u01b0\u1edbc v\u00e0 ki\u1ec3u d\u00e1ng, t\u1ee7 nh\u1eb9 d\u1ec5 d\u00e0ng l\u1eafp \u0111\u1eb7t v\u00e0 di chuy\u1ec3n\" \/>\n<meta property=\"og:url\" content=\"https:\/\/tranthi.vn\/quangnam\/tu-nhua-lavabo-hoi-an-tam-ky-quang-nam\/\" \/>\n<meta property=\"og:site_name\" content=\"V\u1eadt Li\u1ec7u X\u00e2y D\u1ef1ng Tr\u1ea7n Th\u1ecb Chi Nh\u00e1nh Qu\u1ea3ng Nam\" \/>\n<meta property=\"article:modified_time\" content=\"2024-11-15T02:37:45+00:00\" \/>\n<meta property=\"og:image\" content=\"https:\/\/tranthi.vn\/quangnam\/wp-content\/uploads\/2021\/09\/tu-nhua-lavabo-khang-nuoc-gia-re-tai-da-ang_optimized-1.jpg\" \/>\n\t<meta property=\"og:image:width\" content=\"400\" \/>\n\t<meta property=\"og:image:height\" content=\"400\" \/>\n\t<meta property=\"og:image:type\" content=\"image\/jpeg\" \/>\n<meta name=\"twitter:card\" content=\"summary_large_image\" \/>\n<meta name=\"twitter:label1\" content=\"Gi\u00e1\" \/>\n\t<meta name=\"twitter:data1\" content=\"2,650,000&nbsp;&#8363;\" \/>\n\t<meta name=\"twitter:label2\" content=\"Kh\u1ea3 d\u1ee5ng\" \/>\n\t<meta name=\"twitter:data2\" content=\"Trong kho\" \/>\n<script type=\"application\/ld+json\" class=\"yoast-schema-graph\">{\"@context\":\"https:\/\/schema.org\",\"@graph\":[{\"@type\":[\"WebPage\",\"ItemPage\"],\"@id\":\"https:\/\/tranthi.vn\/quangnam\/tu-nhua-lavabo-hoi-an-tam-ky-quang-nam\/\",\"url\":\"https:\/\/tranthi.vn\/quangnam\/tu-nhua-lavabo-hoi-an-tam-ky-quang-nam\/\",\"name\":\"Gi\u00e1 t\u1ee7 nh\u1ef1a lavabo t\u1ea1i H\u1ed9i An, Tam K\u1ef3, Qu\u1ea3ng Nam-0947.335.871\",\"isPartOf\":{\"@id\":\"https:\/\/tranthi.vn\/quangnam\/#website\"},\"primaryImageOfPage\":{\"@id\":\"https:\/\/tranthi.vn\/quangnam\/tu-nhua-lavabo-hoi-an-tam-ky-quang-nam\/#primaryimage\"},\"image\":{\"@id\":\"https:\/\/tranthi.vn\/quangnam\/tu-nhua-lavabo-hoi-an-tam-ky-quang-nam\/#primaryimage\"},\"thumbnailUrl\":\"https:\/\/tranthi.vn\/quangnam\/wp-content\/uploads\/2021\/09\/tu-nhua-lavabo-khang-nuoc-gia-re-tai-da-ang_optimized-1.jpg\",\"datePublished\":\"2021-09-24T06:47:22+00:00\",\"dateModified\":\"2024-11-15T02:37:45+00:00\",\"description\":\"Tr\u1ea7n Th\u1ecb - chuy\u00ean cung c\u1ea5p t\u1ee7 nh\u1ef1a lavabo gi\u00e1 r\u1ebb t\u1ea1i Qu\u1ea3ng Nam v\u1edbi \u0111\u1ea7y \u0111\u1ee7 k\u00edch th\u01b0\u1edbc v\u00e0 ki\u1ec3u d\u00e1ng, t\u1ee7 nh\u1eb9 d\u1ec5 d\u00e0ng l\u1eafp \u0111\u1eb7t v\u00e0 di chuy\u1ec3n\",\"breadcrumb\":{\"@id\":\"https:\/\/tranthi.vn\/quangnam\/tu-nhua-lavabo-hoi-an-tam-ky-quang-nam\/#breadcrumb\"},\"inLanguage\":\"vi\",\"potentialAction\":[{\"@type\":\"ReadAction\",\"target\":[\"https:\/\/tranthi.vn\/quangnam\/tu-nhua-lavabo-hoi-an-tam-ky-quang-nam\/\"]}]},{\"@type\":\"ImageObject\",\"inLanguage\":\"vi\",\"@id\":\"https:\/\/tranthi.vn\/quangnam\/tu-nhua-lavabo-hoi-an-tam-ky-quang-nam\/#primaryimage\",\"url\":\"https:\/\/tranthi.vn\/quangnam\/wp-content\/uploads\/2021\/09\/tu-nhua-lavabo-khang-nuoc-gia-re-tai-da-ang_optimized-1.jpg\",\"contentUrl\":\"https:\/\/tranthi.vn\/quangnam\/wp-content\/uploads\/2021\/09\/tu-nhua-lavabo-khang-nuoc-gia-re-tai-da-ang_optimized-1.jpg\",\"width\":400,\"height\":400,\"caption\":\"gia-tu-nhua-lavabo-da-nang\"},{\"@type\":\"BreadcrumbList\",\"@id\":\"https:\/\/tranthi.vn\/quangnam\/tu-nhua-lavabo-hoi-an-tam-ky-quang-nam\/#breadcrumb\",\"itemListElement\":[{\"@type\":\"ListItem\",\"position\":1,\"name\":\"Trang ch\u1ee7\",\"item\":\"https:\/\/tranthi.vn\/quangnam\/\"},{\"@type\":\"ListItem\",\"position\":2,\"name\":\"Shop\",\"item\":\"https:\/\/tranthi.vn\/quangnam\/shop\/\"},{\"@type\":\"ListItem\",\"position\":3,\"name\":\"T\u1ee7 nh\u1ef1a lavabo\"}]},{\"@type\":\"WebSite\",\"@id\":\"https:\/\/tranthi.vn\/quangnam\/#website\",\"url\":\"https:\/\/tranthi.vn\/quangnam\/\",\"name\":\"V\u1eadt Li\u1ec7u X\u00e2y D\u1ef1ng Tr\u1ea7n Th\u1ecb Chi Nh\u00e1nh Qu\u1ea3ng Nam\",\"description\":\"V\u1eadt Li\u1ec7u X\u00e2y D\u1ef1ng - Qu\u1ea3ng Nam\",\"potentialAction\":[{\"@type\":\"SearchAction\",\"target\":{\"@type\":\"EntryPoint\",\"urlTemplate\":\"https:\/\/tranthi.vn\/quangnam\/?s={search_term_string}\"},\"query-input\":\"required name=search_term_string\"}],\"inLanguage\":\"vi\"},{\"@type\":\"ImageObject\",\"inLanguage\":\"vi\",\"@id\":\"https:\/\/tranthi.vn\/quangnam\/tu-nhua-lavabo-hoi-an-tam-ky-quang-nam\/#local-main-organization-logo\",\"url\":\"\",\"contentUrl\":\"\",\"caption\":\"V\u1eadt Li\u1ec7u X\u00e2y D\u1ef1ng Tr\u1ea7n Th\u1ecb Chi Nh\u00e1nh Qu\u1ea3ng Nam\"}]}<\/script>\n<meta property=\"product:price:amount\" content=\"2650000\" \/>\n<meta property=\"product:price:currency\" content=\"VND\" \/>\n<meta property=\"og:availability\" content=\"instock\" \/>\n<meta property=\"product:availability\" content=\"instock\" \/>\n<meta property=\"product:condition\" content=\"new\" \/>\n<!-- \/ Yoast SEO Premium plugin. -->","yoast_head_json":{"title":"Gi\u00e1 t\u1ee7 nh\u1ef1a lavabo t\u1ea1i H\u1ed9i An, Tam K\u1ef3, Qu\u1ea3ng Nam-0947.335.871","description":"Tr\u1ea7n Th\u1ecb - chuy\u00ean cung c\u1ea5p t\u1ee7 nh\u1ef1a lavabo gi\u00e1 r\u1ebb t\u1ea1i Qu\u1ea3ng Nam v\u1edbi \u0111\u1ea7y \u0111\u1ee7 k\u00edch th\u01b0\u1edbc v\u00e0 ki\u1ec3u d\u00e1ng, t\u1ee7 nh\u1eb9 d\u1ec5 d\u00e0ng l\u1eafp \u0111\u1eb7t v\u00e0 di chuy\u1ec3n","robots":{"index":"index","follow":"follow","max-snippet":"max-snippet:-1","max-image-preview":"max-image-preview:large","max-video-preview":"max-video-preview:-1"},"canonical":"https:\/\/tranthi.vn\/quangnam\/tu-nhua-lavabo-hoi-an-tam-ky-quang-nam\/","og_locale":"vi_VN","og_type":"article","og_title":"T\u1ee7 nh\u1ef1a lavabo","og_description":"Tr\u1ea7n Th\u1ecb - chuy\u00ean cung c\u1ea5p t\u1ee7 nh\u1ef1a lavabo gi\u00e1 r\u1ebb t\u1ea1i Qu\u1ea3ng Nam v\u1edbi \u0111\u1ea7y \u0111\u1ee7 k\u00edch th\u01b0\u1edbc v\u00e0 ki\u1ec3u d\u00e1ng, t\u1ee7 nh\u1eb9 d\u1ec5 d\u00e0ng l\u1eafp \u0111\u1eb7t v\u00e0 di chuy\u1ec3n","og_url":"https:\/\/tranthi.vn\/quangnam\/tu-nhua-lavabo-hoi-an-tam-ky-quang-nam\/","og_site_name":"V\u1eadt Li\u1ec7u X\u00e2y D\u1ef1ng Tr\u1ea7n Th\u1ecb Chi Nh\u00e1nh Qu\u1ea3ng Nam","article_modified_time":"2024-11-15T02:37:45+00:00","og_image":[{"width":400,"height":400,"url":"https:\/\/tranthi.vn\/quangnam\/wp-content\/uploads\/2021\/09\/tu-nhua-lavabo-khang-nuoc-gia-re-tai-da-ang_optimized-1.jpg","type":"image\/jpeg"}],"twitter_card":"summary_large_image","twitter_misc":{"Gi\u00e1":"2,650,000&nbsp;&#8363;","Kh\u1ea3 d\u1ee5ng":"Trong kho"},"schema":{"@context":"https:\/\/schema.org","@graph":[{"@type":["WebPage","ItemPage"],"@id":"https:\/\/tranthi.vn\/quangnam\/tu-nhua-lavabo-hoi-an-tam-ky-quang-nam\/","url":"https:\/\/tranthi.vn\/quangnam\/tu-nhua-lavabo-hoi-an-tam-ky-quang-nam\/","name":"Gi\u00e1 t\u1ee7 nh\u1ef1a lavabo t\u1ea1i H\u1ed9i An, Tam K\u1ef3, Qu\u1ea3ng Nam-0947.335.871","isPartOf":{"@id":"https:\/\/tranthi.vn\/quangnam\/#website"},"primaryImageOfPage":{"@id":"https:\/\/tranthi.vn\/quangnam\/tu-nhua-lavabo-hoi-an-tam-ky-quang-nam\/#primaryimage"},"image":{"@id":"https:\/\/tranthi.vn\/quangnam\/tu-nhua-lavabo-hoi-an-tam-ky-quang-nam\/#primaryimage"},"thumbnailUrl":"https:\/\/tranthi.vn\/quangnam\/wp-content\/uploads\/2021\/09\/tu-nhua-lavabo-khang-nuoc-gia-re-tai-da-ang_optimized-1.jpg","datePublished":"2021-09-24T06:47:22+00:00","dateModified":"2024-11-15T02:37:45+00:00","description":"Tr\u1ea7n Th\u1ecb - chuy\u00ean cung c\u1ea5p t\u1ee7 nh\u1ef1a lavabo gi\u00e1 r\u1ebb t\u1ea1i Qu\u1ea3ng Nam v\u1edbi \u0111\u1ea7y \u0111\u1ee7 k\u00edch th\u01b0\u1edbc v\u00e0 ki\u1ec3u d\u00e1ng, t\u1ee7 nh\u1eb9 d\u1ec5 d\u00e0ng l\u1eafp \u0111\u1eb7t v\u00e0 di chuy\u1ec3n","breadcrumb":{"@id":"https:\/\/tranthi.vn\/quangnam\/tu-nhua-lavabo-hoi-an-tam-ky-quang-nam\/#breadcrumb"},"inLanguage":"vi","potentialAction":[{"@type":"ReadAction","target":["https:\/\/tranthi.vn\/quangnam\/tu-nhua-lavabo-hoi-an-tam-ky-quang-nam\/"]}]},{"@type":"ImageObject","inLanguage":"vi","@id":"https:\/\/tranthi.vn\/quangnam\/tu-nhua-lavabo-hoi-an-tam-ky-quang-nam\/#primaryimage","url":"https:\/\/tranthi.vn\/quangnam\/wp-content\/uploads\/2021\/09\/tu-nhua-lavabo-khang-nuoc-gia-re-tai-da-ang_optimized-1.jpg","contentUrl":"https:\/\/tranthi.vn\/quangnam\/wp-content\/uploads\/2021\/09\/tu-nhua-lavabo-khang-nuoc-gia-re-tai-da-ang_optimized-1.jpg","width":400,"height":400,"caption":"gia-tu-nhua-lavabo-da-nang"},{"@type":"BreadcrumbList","@id":"https:\/\/tranthi.vn\/quangnam\/tu-nhua-lavabo-hoi-an-tam-ky-quang-nam\/#breadcrumb","itemListElement":[{"@type":"ListItem","position":1,"name":"Trang ch\u1ee7","item":"https:\/\/tranthi.vn\/quangnam\/"},{"@type":"ListItem","position":2,"name":"Shop","item":"https:\/\/tranthi.vn\/quangnam\/shop\/"},{"@type":"ListItem","position":3,"name":"T\u1ee7 nh\u1ef1a lavabo"}]},{"@type":"WebSite","@id":"https:\/\/tranthi.vn\/quangnam\/#website","url":"https:\/\/tranthi.vn\/quangnam\/","name":"V\u1eadt Li\u1ec7u X\u00e2y D\u1ef1ng Tr\u1ea7n Th\u1ecb Chi Nh\u00e1nh Qu\u1ea3ng Nam","description":"V\u1eadt Li\u1ec7u X\u00e2y D\u1ef1ng - Qu\u1ea3ng Nam","potentialAction":[{"@type":"SearchAction","target":{"@type":"EntryPoint","urlTemplate":"https:\/\/tranthi.vn\/quangnam\/?s={search_term_string}"},"query-input":"required name=search_term_string"}],"inLanguage":"vi"},{"@type":"ImageObject","inLanguage":"vi","@id":"https:\/\/tranthi.vn\/quangnam\/tu-nhua-lavabo-hoi-an-tam-ky-quang-nam\/#local-main-organization-logo","url":"","contentUrl":"","caption":"V\u1eadt Li\u1ec7u X\u00e2y D\u1ef1ng Tr\u1ea7n Th\u1ecb Chi Nh\u00e1nh Qu\u1ea3ng Nam"}]},"product_price_amount":"2650000","product_price_currency":"VND","og_availability":"instock","product_availability":"instock","product_condition":"new"},"_links":{"self":[{"href":"https:\/\/tranthi.vn\/quangnam\/wp-json\/wp\/v2\/product\/3613","targetHints":{"allow":["GET"]}}],"collection":[{"href":"https:\/\/tranthi.vn\/quangnam\/wp-json\/wp\/v2\/product"}],"about":[{"href":"https:\/\/tranthi.vn\/quangnam\/wp-json\/wp\/v2\/types\/product"}],"replies":[{"embeddable":true,"href":"https:\/\/tranthi.vn\/quangnam\/wp-json\/wp\/v2\/comments?post=3613"}],"wp:featuredmedia":[{"embeddable":true,"href":"https:\/\/tranthi.vn\/quangnam\/wp-json\/wp\/v2\/media\/4209"}],"wp:attachment":[{"href":"https:\/\/tranthi.vn\/quangnam\/wp-json\/wp\/v2\/media?parent=3613"}],"wp:term":[{"taxonomy":"product_cat","embeddable":true,"href":"https:\/\/tranthi.vn\/quangnam\/wp-json\/wp\/v2\/product_cat?post=3613"},{"taxonomy":"product_tag","embeddable":true,"href":"https:\/\/tranthi.vn\/quangnam\/wp-json\/wp\/v2\/product_tag?post=3613"}],"curies":[{"name":"wp","href":"https:\/\/api.w.org\/{rel}","templated":true}]}}