{"id":3604,"date":"2021-09-22T16:55:33","date_gmt":"2021-09-22T09:55:33","guid":{"rendered":"https:\/\/tranthi.vn\/quangnam\/?post_type=product&#038;p=3604"},"modified":"2024-03-14T14:09:21","modified_gmt":"2024-03-14T07:09:21","slug":"sikadur-752-da-nang","status":"publish","type":"product","link":"https:\/\/tranthi.vn\/quangnam\/sikadur-752-da-nang\/","title":{"rendered":"Sikadur-752 1kg\/set"},"content":{"rendered":"<p><span style=\"font-family: 'times new roman', times, serif; font-size: 130%; color: #000000;\"><strong><em>Sikadur-752<\/em><\/strong> l\u00e0 s\u1ea3n ph\u1ea9m d\u00f9ng \u0111\u1ec3 kh\u1eafc phuc nh\u1eefng vi tr\u00ed n\u1ee9t s\u00e0n, d\u1ea7m, m\u00f3ng&#8230; <strong><em>gi\u00e1<\/em><\/strong> c\u1ee7a s\u1ea3n ph\u1ea9m kh\u00f4ng cao tuy nhi\u00ean quy tr\u00ecnh thi c\u00f4ng h\u01a1i ph\u1ee9c t\u1ea1p. S\u1ea3n ph\u1ea9m \u0111\u01b0\u1ee3c d\u00f9ng k\u1ebft h\u1ee3p v\u1edbi sikadur-731<\/span><\/p>\n<h2><span style=\"color: #ff0000;\"><strong><span style=\"font-family: 'times new roman', times, serif; font-size: 100%;\">1. \u1ee8ng d\u1ee5ng sikadur-752<\/span><\/strong><\/span><\/h2>\n<p><span style=\"font-family: 'times new roman', times, serif; font-size: 130%; color: #000000;\">Sikadur-752 \u0111\u01b0\u1ee3c d\u00f9ng \u0111\u1ec3 b\u01a1m v\u00e0 ch\u00e8n c\u00e1c l\u1ed7, h\u1ed1c v\u00e0 c\u00e1c v\u1ebft n\u1ee9t trong c\u00e1c k\u1ebft c\u1ea5u nh\u01b0 c\u1ed9t, d\u1ea7m, m\u00f3ng, s\u00e0n v\u00e0 c\u00e1c k\u1ebft c\u1ea5u gi\u1eef n\u01b0\u1edbc. S\u1ea3n ph\u1ea9m kh\u00f4ng ch\u1ec9 h\u00ecnh th\u00e0nh m\u1ed9t l\u1edbp ng\u0103n s\u1ef1 th\u1ea9m th\u1ea5u c\u1ee7a n\u01b0\u1edbc h\u1eefu hi\u1ec7u, m\u00e0 c\u00f2n l\u00e0 l\u1edbp k\u1ebft n\u1ed1i gi\u1eefa c\u00e1c th\u00e0nh ph\u1ea7n b\u00ea t\u00f4ng v\u1edbi nhau, nh\u1edd \u0111\u00f3 ph\u1ee5c h\u1ed3i l\u1ea1i c\u01b0\u1eddng \u0111\u1ed9 ban \u0111\u1ea7u c\u1ee7a k\u1ebft c\u1ea5u b\u00ea t\u00f4ng. \u00a0<\/span><\/p>\n<p><img loading=\"lazy\" decoding=\"async\" class=\"alignnone size-full wp-image-3607 aligncenter\" src=\"https:\/\/tranthi.vn\/quangnam\/wp-content\/uploads\/2021\/09\/bom-sua-nut-ket-cau-sika752_optimized.jpg\" alt=\"\" width=\"592\" height=\"145\" \/><\/p>\n<p style=\"text-align: center;\"><strong><em><span style=\"font-family: 'times new roman', times, serif; font-size: 130%; color: #008000;\">c\u00f4ng d\u1ee5ng x\u1eed l\u00fd nh\u1eefng v\u1ebft n\u1ee9t do k\u1ebft c\u1ea5u<\/span><\/em><\/strong><\/p>\n<h2><span style=\"font-size: 100%;\"><strong><span style=\"font-family: 'times new roman', times, serif; color: #ff0000;\">2. Y\u00eau c\u1ea7u s\u1eed d\u1ee5ng<\/span><\/strong><\/span><\/h2>\n<ul>\n<li><span style=\"font-family: 'times new roman', times, serif; font-size: 130%; color: #000000;\">Chi\u1ec1u r\u1ed9ng t\u1ed1i \u0111a c\u1ee7a v\u1ebft n\u1ee9t c\u00f3 th\u1ec3 b\u01a1m l\u00e0:\u00a0\u00a0\u00a0\u00a0\u00a0\u00a0 \u00a0\u00a0\u00a0 5 mm.<\/span><\/li>\n<li><span style=\"font-family: 'times new roman', times, serif; font-size: 130%; color: #000000;\">Tu\u1ed5i t\u1ed1i thi\u1ec3u c\u1ee7a b\u00ea t\u00f4ng m\u1edbi l\u00e0:\u00a0\u00a0\u00a0\u00a0\u00a0\u00a0\u00a0\u00a0\u00a0\u00a0\u00a0\u00a0\u00a0\u00a0\u00a0\u00a0\u00a0\u00a0\u00a0\u00a0\u00a0\u00a0\u00a0 \u00a0 3 \u2013 6 tu\u1ea7n.<\/span><\/li>\n<li><span style=\"font-family: 'times new roman', times, serif; font-size: 130%; color: #000000;\">Nhi\u1ec7t \u0111\u1ed9 t\u1ed1i thi\u1ec3u c\u1ee7a b\u00ea t\u00f4ng chu\u1ea9n b\u1ecb b\u01a1m l\u00e0:\u00a0\u00a0\u00a0\u00a0\u00a0 10<sup>0<\/sup>C<\/span><\/li>\n<li><span style=\"font-family: 'times new roman', times, serif; font-size: 130%; color: #000000;\">Nhi\u1ec7t \u0111\u1ed9 t\u1ed1i \u0111a cho ph\u00e9p c\u1ee7a n\u1ec1n l\u00e0:\u00a0\u00a0\u00a0\u00a0\u00a0\u00a0\u00a0\u00a0\u00a0\u00a0\u00a0\u00a0\u00a0\u00a0\u00a0\u00a0\u00a0\u00a0\u00a0\u00a0\u00a0 30<sup>0<\/sup>C<\/span><\/li>\n<\/ul>\n<h2><strong><span style=\"font-family: 'times new roman', times, serif; font-size: 100%; color: #ff0000;\">3. H\u01b0\u1edbng d\u1eabn thi c\u00f4ng sikadur-752<\/span><\/strong><\/h2>\n<p><span style=\"font-family: 'times new roman', times, serif; font-size: 130%; color: #000000;\"><strong>B\u01b0\u1edbc 1: Kh\u1ea3o s\u00e1t v\u1ebft n\u1ee9t<\/strong><\/span><\/p>\n<ul>\n<li><span style=\"font-family: 'times new roman', times, serif; font-size: 130%; color: #000000;\">S\u1eed d\u1ee5ng th\u01b0\u1edbc \u0111o \u0111\u1ec3 ki\u1ec3m tra c\u00e1c v\u1ebft n\u1ee9t c\u1ea9n th\u1eadn: chi\u1ec1u d\u00e0i, chi\u1ec1u r\u1ed9ng, chi\u1ec1u s\u00e2u v\u1ebft n\u1ee9t.<\/span><\/li>\n<li><span style=\"font-family: 'times new roman', times, serif; font-size: 130%; color: #000000;\">\u0110\u00e1nh d\u1ea5u v\u1ebft n\u1ee9t n\u1ebfu c\u1ea7n thi\u1ebft.<\/span><\/li>\n<li><span style=\"font-family: 'times new roman', times, serif; font-size: 130%; color: #000000;\">Ki\u1ec3m tra b\u1eb1ng th\u01b0\u1edbc \u0111o b\u1ec1 r\u1ed9ng v\u1ebft n\u1ee9t<\/span><\/li>\n<\/ul>\n<p><img loading=\"lazy\" decoding=\"async\" class=\"alignnone size-full wp-image-3609 aligncenter\" src=\"https:\/\/tranthi.vn\/quangnam\/wp-content\/uploads\/2021\/09\/kiem-tra-vet-nut-be-tong_optimized.jpg\" alt=\"\" width=\"597\" height=\"236\" \/><\/p>\n<p><span style=\"font-family: 'times new roman', times, serif; font-size: 130%; color: #000000;\"><strong>B\u01b0\u1edbc 2: Chu\u1ea9n b\u1ecb b\u1ec1 m\u1eb7t<\/strong><\/span><\/p>\n<ul>\n<li><span style=\"font-family: 'times new roman', times, serif; font-size: 130%; color: #000000;\">S\u1eed d\u1ee5ng m\u00e1y m\u00e0i c\u1eaft v\u00e1t h\u00ecnh ch\u1eef V d\u1ecdc theo v\u1ebft n\u1ee9t c\u1ee7a m\u1eb7t tr\u00ean v\u00e0 m\u1eb7t d\u01b0\u1edbi s\u00e0n v\u00e0 l\u00e0m s\u1ea1ch b\u1eb1ng b\u00e0n ch\u1ea3i ho\u1eb7c c\u00e1c bi\u1ec7n ph\u00e1p c\u01a1 h\u1ecdc kh\u00e1c nh\u01b0 s\u1eed d\u1ee5ng kh\u00ed n\u00e9n.<\/span><\/li>\n<li><span style=\"font-family: 'times new roman', times, serif; font-size: 130%; color: #000000;\">M\u00e0i d\u1ecdc v\u1ebft n\u1ee9t<\/span><\/li>\n<li><span style=\"font-family: 'times new roman', times, serif; font-size: 130%; color: #000000;\">V\u1ec7 sinh v\u1ebft n\u1ee9t b\u1eb1ng b\u00e0n ch\u1ea3i s\u1eaft<\/span><\/li>\n<\/ul>\n<p><span style=\"font-family: 'times new roman', times, serif; font-size: 130%; color: #000000;\"><strong>B\u01b0\u1edbc 3: Tr\u00e1m v\u1ebft n\u1ee9t tr\u00ean m\u1eb7t s\u00e0n n\u1ec1n b\u00ea t\u00f4ng<\/strong><\/span><\/p>\n<ul>\n<li><span style=\"font-family: 'times new roman', times, serif; font-size: 130%; color: #000000;\">Tr\u00e1m Sikadur\u00a0-731 d\u1ecdc c\u00e1c v\u1ebft n\u1ee9t tr\u00ean m\u1eb7t s\u00e0n, \u0111\u00e1nh d\u1ea5u c\u00e1c v\u1ecb tr\u00ed s\u1ebd g\u1eafn b\u00e1t nh\u1ef1a (kho\u1ea3ng c\u00e1ch c\u00e1c b\u00e1t nh\u1ef1a t\u1eeb 15-30 cm).<\/span><\/li>\n<li><span style=\"font-family: 'times new roman', times, serif; font-size: 130%; color: #000000;\">S\u1eed d\u1ee5ng Sikadur\u00a0-731 \u0111\u1ec3 g\u1eafn b\u00e1t nh\u1ef1a d\u1ecdc theo c\u00e1c v\u1ecb tr\u00ed \u0111\u00e3 \u0111\u00e1nh d\u1ea5u.<\/span><\/li>\n<li><span style=\"font-family: 'times new roman', times, serif; font-size: 130%; color: #000000;\">Tr\u00e1m c\u00e1c v\u1ebft n\u1ee9t b\u1eb1ng Sikadur\u00a0-731 v\u00e0 g\u1eafn c\u00e1c b\u00e1t nh\u1ef1a l\u00ean tr\u00ean v\u1ebft n\u1ee9t<\/span><\/li>\n<\/ul>\n<p><img loading=\"lazy\" decoding=\"async\" class=\"alignnone wp-image-864 aligncenter\" src=\"https:\/\/tranthi.vn\/quangnam\/wp-content\/uploads\/2021\/02\/Sikadur-731-1Kg-400x400.jpg\" alt=\"\" width=\"248\" height=\"248\" srcset=\"https:\/\/tranthi.vn\/quangnam\/wp-content\/uploads\/2021\/02\/Sikadur-731-1Kg-400x400.jpg 400w, https:\/\/tranthi.vn\/quangnam\/wp-content\/uploads\/2021\/02\/Sikadur-731-1Kg-280x280.jpg 280w, https:\/\/tranthi.vn\/quangnam\/wp-content\/uploads\/2021\/02\/Sikadur-731-1Kg-100x100.jpg 100w, https:\/\/tranthi.vn\/quangnam\/wp-content\/uploads\/2021\/02\/Sikadur-731-1Kg.jpg 600w\" sizes=\"auto, (max-width: 248px) 100vw, 248px\" \/><\/p>\n<p><span style=\"font-family: 'times new roman', times, serif; font-size: 130%; color: #000000;\"><strong>B\u01b0\u1edbc 4: B\u01a1m Sikadur\u00a0-752<\/strong><\/span><\/p>\n<ul>\n<li><span style=\"font-family: 'times new roman', times, serif; font-size: 130%; color: #000000;\">Sau khi keo\u00a0<strong>Sikadur 731 <\/strong>\u0111\u00e3 kh\u00f4 c\u1ee9ng ho\u00e0n to\u00e0n (\u00edt nh\u1ea5t sau 12 gi\u1edd \u1edf 30<sup>o<\/sup>\u00a0C), tr\u1ed9n th\u00e0nh ph\u1ea7n A v\u00e0 B c\u1ee7a Sikadur-752 theo h\u01b0\u1edbng d\u1eabn c\u1ee7a T\u00e0i li\u1ec7u k\u1ef9 thu\u1eadt s\u1ea3n ph\u1ea9m.<\/span><\/li>\n<li><span style=\"font-family: 'times new roman', times, serif; font-size: 130%; color: #000000;\">H\u00fat keo Sikadur-752 v\u00e0o xi lanh v\u00e0 g\u1eafn l\u00ean c\u00e1c b\u00e1t \u0111\u00e3 l\u1eafp \u0111\u1eb7t t\u1eeb tr\u01b0\u1edbc. B\u01a1m t\u1eeb t\u1eeb \u0111\u1ebfn khi h\u1ebft keo Sikadur-752 trong xi lanh.<\/span><\/li>\n<li><span style=\"font-family: 'times new roman', times, serif; font-size: 130%; color: #000000;\">G\u1eafn ti\u1ebfp xi lanh c\u00f3 ch\u1ee9a Sikadur-752 v\u00e0o c\u00f9ng v\u1ecb tr\u00ed v\u00e0 ti\u1ebfp t\u1ee5c b\u01a1m \u0111\u1ebfn khi keo l\u1ea5p \u0111\u1ea7y v\u1ebft n\u1ee9t v\u00e0 kh\u00f4ng th\u1ec3 b\u01a1m v\u00e0o n\u1eefa. Gi\u1eef nguy\u00ean xi lanh n\u00e0y. C\u00f3 th\u1ec3 t\u0103ng \u00e1p l\u1ef1c b\u01a1m b\u1eb1ng c\u00e1ch s\u1eed d\u1ee5ng c\u00e1c d\u00e2y thun.<\/span><\/li>\n<\/ul>\n<p><img loading=\"lazy\" decoding=\"async\" class=\"alignnone size-full wp-image-3608 aligncenter\" src=\"https:\/\/tranthi.vn\/quangnam\/wp-content\/uploads\/2021\/09\/sika752-bom-sua-nut-ket-cau-be-tong_optimized.jpg\" alt=\"\" width=\"308\" height=\"284\" \/><\/p>\n<ul>\n<li><span style=\"font-family: 'times new roman', times, serif; font-size: 130%; color: #000000;\">G\u1eafn xi lanh ch\u1ee9a Sikadur-752 v\u00e0o b\u00e1t nh\u1ef1a k\u1ebf ti\u1ebfp v\u00e0 l\u1eb7p l\u1ea1i c\u00e1c b\u01b0\u1edbc nh\u01b0 tr\u00ean \u0111\u1ec3 b\u01a1m cho \u0111\u1ebfn khi to\u00e0n b\u1ed9 v\u1ebft n\u1ee9t \u0111\u01b0\u1ee3c b\u01a1m \u0111\u1ea7y b\u1eb1ng Sikadur-752.<\/span><\/li>\n<li><span style=\"font-family: 'times new roman', times, serif; font-size: 130%; color: #000000;\">D\u1ee5ng c\u1ee5 b\u01a1m: xi lanh, b\u00e1t nh\u1ef1a, d\u00e2y thun G\u1eafn xi lanh v\u00e0 b\u01a1m Sikadur\u00a0-752<\/span><\/li>\n<\/ul>\n","protected":false},"excerpt":{"rendered":"<p><span style=\"font-family: 'times new roman', times, serif; font-size: 130%; color: #000000;\"><img decoding=\"async\" class=\"emoji\" draggable=\"false\" src=\"https:\/\/s.w.org\/images\/core\/emoji\/12.0.0-1\/svg\/1f61b.svg\" alt=\"\ud83d\ude1b\" \/> Nh\u1ef1a b\u01a1m epoxy, 2 th\u00e0nh ph\u1ea7n, c\u00f3 \u0111\u1ed9 nh\u1edbt th\u1ea5p<\/span><\/p>\n<p><span style=\"font-family: 'times new roman', times, serif; font-size: 130%; color: #000000;\"><img decoding=\"async\" class=\"emoji\" draggable=\"false\" src=\"https:\/\/s.w.org\/images\/core\/emoji\/12.0.0-1\/svg\/1f61b.svg\" alt=\"\ud83d\ude1b\" \/> <strong>\u1ee8ng d\u1ee5ng<\/strong>: B\u01a1m v\u00e0 ch\u00e8n c\u00e1c l\u1ed7, h\u1ed1c v\u00e0 c\u00e1c v\u1ebft n\u1ee9t trong c\u00e1c k\u1ebft c\u1ea5u nh\u01b0: c\u1ed9t, d\u1ea7m, m\u00f3ng, s\u00e0n v\u00e0 c\u00e1c k\u1ebft c\u1ea5u gi\u1eef n\u01b0\u1edbc, ph\u1ee5c h\u1ed3i l\u1ea1i c\u01b0\u1eddng \u0111\u1ed9 ban \u0111\u1ea7u c\u1ee7a k\u1ebft c\u1ea5u b\u00ea t\u00f4ng<\/span><\/p>\n<p><span style=\"font-family: 'times new roman', times, serif; font-size: 130%; color: #000000;\"><img decoding=\"async\" class=\"emoji\" draggable=\"false\" src=\"https:\/\/s.w.org\/images\/core\/emoji\/12.0.0-1\/svg\/1f61b.svg\" alt=\"\ud83d\ude1b\" \/> <strong>\u0110\u1ecbnh m\u1ee9c<\/strong>: tu\u1ef3 thu\u1ed9c v\u00e0o k\u00edch th\u01b0\u1edbc c\u1ee7a v\u1ebft n\u1ee9t<\/span><\/p>\n<p><span style=\"font-family: 'times new roman', times, serif; font-size: 130%; color: #000000;\"><img decoding=\"async\" class=\"emoji\" draggable=\"false\" src=\"https:\/\/s.w.org\/images\/core\/emoji\/12.0.0-1\/svg\/1f61b.svg\" alt=\"\ud83d\ude1b\" \/><strong> \u0110\u01a1n v\u1ecb t\u00ednh<\/strong>: 1kg<\/span><\/p>\n<p><span style=\"font-family: 'times new roman', times, serif; font-size: 130%; color: #000000;\"><img decoding=\"async\" class=\"emoji\" draggable=\"false\" src=\"https:\/\/s.w.org\/images\/core\/emoji\/12.0.0-1\/svg\/1f61b.svg\" alt=\"\ud83d\ude1b\" \/> \u0110\u01a1n gi\u00e1 Sikadur-752 gi\u00e1 : <strong><span style=\"color: #ed1c24;\">430<\/span><span style=\"color: #ff0000;\">.000\/kg<\/span><\/strong><\/span><\/p>\n<p><span style=\"font-family: 'times new roman', times, serif; font-size: 130%; color: #000000;\"><img decoding=\"async\" class=\"emoji\" draggable=\"false\" src=\"https:\/\/s.w.org\/images\/core\/emoji\/12.0.0-1\/svg\/1f61b.svg\" alt=\"\ud83d\ude1b\" \/> Mi\u1ec5n ph\u00ed ship khi mua h\u00e0ng tr\u00ean 5 s\u1ea3n ph\u1ea9m<\/span><\/p>\n<p><span style=\"font-family: 'times new roman', times, serif; color: #000000;\"><span style=\"font-size: 130%;\"><img decoding=\"async\" class=\"emoji\" draggable=\"false\" src=\"https:\/\/s.w.org\/images\/core\/emoji\/12.0.0-1\/svg\/1f61b.svg\" alt=\"\ud83d\ude1b\" \/> Giao h\u00e0ng trong \u0111\u1ecba b\u00e0n\u00a0<span style=\"color: #008000;\"><em><a style=\"color: #008000;\" href=\"https:\/\/fr.wikipedia.org\/wiki\/Da_Nang\"><strong>\u0110\u00e0 N\u1eb5ng<\/strong><\/a><\/em><\/span><\/span><\/span><\/p>\n<h1 class=\"product-title product_title entry-title\"><span style=\"color: #0000ff;\"><em><span style=\"font-family: 'times new roman', times, serif; font-size: 75%;\">( \u0110\u01a1n gi\u00e1 khi mua tr\u00ean 3 s\u1ea3n ph\u1ea9m )<\/span><\/em><\/span><\/h1>\n","protected":false},"featured_media":3605,"comment_status":"closed","ping_status":"closed","template":"","meta":[],"product_cat":[89,92],"product_tag":[],"class_list":{"0":"post-3604","1":"product","2":"type-product","3":"status-publish","4":"has-post-thumbnail","6":"product_cat-chong-tham","7":"product_cat-chong-tham-sika","9":"first","10":"instock","11":"sale","12":"shipping-taxable","13":"purchasable","14":"product-type-simple"},"yoast_head":"<!-- This site is optimized with the Yoast SEO Premium plugin v22.3 (Yoast SEO v22.8) - https:\/\/yoast.com\/wordpress\/plugins\/seo\/ -->\n<title>Gi\u00e1 sikadur-752 t\u1ea1i \u0110\u00e0 N\u1eb5ng - 0903.595.049<\/title>\n<meta name=\"description\" content=\"Tr\u1ea7n Th\u1ecb - 0903.595.049 chuy\u00ean cung c\u1ea5p c\u00e1c s\u1ea3n ph\u1ea9m ch\u1ed1ng th\u1ea5m sika gi\u00e1 r\u1ebb t\u1ea1i \u0110\u00e0 N\u1eb5ng, sikadur-752 kh\u1eafc ph\u1ee5c v\u1ebft n\u1ee9t s\u00e0n, d\u1ea7m, m\u00f3ng ...\" \/>\n<meta name=\"robots\" content=\"index, follow, max-snippet:-1, max-image-preview:large, max-video-preview:-1\" \/>\n<link rel=\"canonical\" href=\"https:\/\/tranthi.vn\/quangnam\/sikadur-752-da-nang\/\" \/>\n<meta property=\"og:locale\" content=\"vi_VN\" \/>\n<meta property=\"og:type\" content=\"article\" \/>\n<meta property=\"og:title\" content=\"Sikadur-752 1kg\/set\" \/>\n<meta property=\"og:description\" content=\"Tr\u1ea7n Th\u1ecb - 0903.595.049 chuy\u00ean cung c\u1ea5p c\u00e1c s\u1ea3n ph\u1ea9m ch\u1ed1ng th\u1ea5m sika gi\u00e1 r\u1ebb t\u1ea1i \u0110\u00e0 N\u1eb5ng, sikadur-752 kh\u1eafc ph\u1ee5c v\u1ebft n\u1ee9t s\u00e0n, d\u1ea7m, m\u00f3ng ...\" \/>\n<meta property=\"og:url\" content=\"https:\/\/tranthi.vn\/quangnam\/sikadur-752-da-nang\/\" \/>\n<meta property=\"og:site_name\" content=\"V\u1eadt Li\u1ec7u X\u00e2y D\u1ef1ng Tr\u1ea7n Th\u1ecb Chi Nh\u00e1nh Qu\u1ea3ng Nam\" \/>\n<meta property=\"article:modified_time\" content=\"2024-03-14T07:09:21+00:00\" \/>\n<meta property=\"og:image\" content=\"https:\/\/tranthi.vn\/quangnam\/wp-content\/uploads\/2021\/09\/chong-tham-sikadur-752-1-1_optimized.jpg\" \/>\n\t<meta property=\"og:image:width\" content=\"404\" \/>\n\t<meta property=\"og:image:height\" content=\"404\" \/>\n\t<meta property=\"og:image:type\" content=\"image\/jpeg\" \/>\n<meta name=\"twitter:card\" content=\"summary_large_image\" \/>\n<meta name=\"twitter:label1\" content=\"Gi\u00e1\" \/>\n\t<meta name=\"twitter:data1\" content=\"430,000&nbsp;&#8363;\" \/>\n\t<meta name=\"twitter:label2\" content=\"Kh\u1ea3 d\u1ee5ng\" \/>\n\t<meta name=\"twitter:data2\" content=\"Trong kho\" \/>\n<script type=\"application\/ld+json\" class=\"yoast-schema-graph\">{\"@context\":\"https:\/\/schema.org\",\"@graph\":[{\"@type\":[\"WebPage\",\"ItemPage\"],\"@id\":\"https:\/\/tranthi.vn\/quangnam\/sikadur-752-da-nang\/\",\"url\":\"https:\/\/tranthi.vn\/quangnam\/sikadur-752-da-nang\/\",\"name\":\"Gi\u00e1 sikadur-752 t\u1ea1i \u0110\u00e0 N\u1eb5ng - 0903.595.049\",\"isPartOf\":{\"@id\":\"https:\/\/tranthi.vn\/quangnam\/#website\"},\"primaryImageOfPage\":{\"@id\":\"https:\/\/tranthi.vn\/quangnam\/sikadur-752-da-nang\/#primaryimage\"},\"image\":{\"@id\":\"https:\/\/tranthi.vn\/quangnam\/sikadur-752-da-nang\/#primaryimage\"},\"thumbnailUrl\":\"https:\/\/tranthi.vn\/quangnam\/wp-content\/uploads\/2021\/09\/chong-tham-sikadur-752-1-1_optimized.jpg\",\"datePublished\":\"2021-09-22T09:55:33+00:00\",\"dateModified\":\"2024-03-14T07:09:21+00:00\",\"description\":\"Tr\u1ea7n Th\u1ecb - 0903.595.049 chuy\u00ean cung c\u1ea5p c\u00e1c s\u1ea3n ph\u1ea9m ch\u1ed1ng th\u1ea5m sika gi\u00e1 r\u1ebb t\u1ea1i \u0110\u00e0 N\u1eb5ng, sikadur-752 kh\u1eafc ph\u1ee5c v\u1ebft n\u1ee9t s\u00e0n, d\u1ea7m, m\u00f3ng ...\",\"breadcrumb\":{\"@id\":\"https:\/\/tranthi.vn\/quangnam\/sikadur-752-da-nang\/#breadcrumb\"},\"inLanguage\":\"vi\",\"potentialAction\":[{\"@type\":\"ReadAction\",\"target\":[\"https:\/\/tranthi.vn\/quangnam\/sikadur-752-da-nang\/\"]}]},{\"@type\":\"ImageObject\",\"inLanguage\":\"vi\",\"@id\":\"https:\/\/tranthi.vn\/quangnam\/sikadur-752-da-nang\/#primaryimage\",\"url\":\"https:\/\/tranthi.vn\/quangnam\/wp-content\/uploads\/2021\/09\/chong-tham-sikadur-752-1-1_optimized.jpg\",\"contentUrl\":\"https:\/\/tranthi.vn\/quangnam\/wp-content\/uploads\/2021\/09\/chong-tham-sikadur-752-1-1_optimized.jpg\",\"width\":404,\"height\":404},{\"@type\":\"BreadcrumbList\",\"@id\":\"https:\/\/tranthi.vn\/quangnam\/sikadur-752-da-nang\/#breadcrumb\",\"itemListElement\":[{\"@type\":\"ListItem\",\"position\":1,\"name\":\"Trang ch\u1ee7\",\"item\":\"https:\/\/tranthi.vn\/quangnam\/\"},{\"@type\":\"ListItem\",\"position\":2,\"name\":\"Shop\",\"item\":\"https:\/\/tranthi.vn\/quangnam\/shop\/\"},{\"@type\":\"ListItem\",\"position\":3,\"name\":\"Sikadur-752 1kg\/set\"}]},{\"@type\":\"WebSite\",\"@id\":\"https:\/\/tranthi.vn\/quangnam\/#website\",\"url\":\"https:\/\/tranthi.vn\/quangnam\/\",\"name\":\"V\u1eadt Li\u1ec7u X\u00e2y D\u1ef1ng Tr\u1ea7n Th\u1ecb Chi Nh\u00e1nh Qu\u1ea3ng Nam\",\"description\":\"V\u1eadt Li\u1ec7u X\u00e2y D\u1ef1ng - Qu\u1ea3ng Nam\",\"potentialAction\":[{\"@type\":\"SearchAction\",\"target\":{\"@type\":\"EntryPoint\",\"urlTemplate\":\"https:\/\/tranthi.vn\/quangnam\/?s={search_term_string}\"},\"query-input\":\"required name=search_term_string\"}],\"inLanguage\":\"vi\"},{\"@type\":\"ImageObject\",\"inLanguage\":\"vi\",\"@id\":\"https:\/\/tranthi.vn\/quangnam\/sikadur-752-da-nang\/#local-main-organization-logo\",\"url\":\"\",\"contentUrl\":\"\",\"caption\":\"V\u1eadt Li\u1ec7u X\u00e2y D\u1ef1ng Tr\u1ea7n Th\u1ecb Chi Nh\u00e1nh Qu\u1ea3ng Nam\"}]}<\/script>\n<meta property=\"product:price:amount\" content=\"430000\" \/>\n<meta property=\"product:price:currency\" content=\"VND\" \/>\n<meta property=\"og:availability\" content=\"instock\" \/>\n<meta property=\"product:availability\" content=\"instock\" \/>\n<meta property=\"product:condition\" content=\"new\" \/>\n<!-- \/ Yoast SEO Premium plugin. -->","yoast_head_json":{"title":"Gi\u00e1 sikadur-752 t\u1ea1i \u0110\u00e0 N\u1eb5ng - 0903.595.049","description":"Tr\u1ea7n Th\u1ecb - 0903.595.049 chuy\u00ean cung c\u1ea5p c\u00e1c s\u1ea3n ph\u1ea9m ch\u1ed1ng th\u1ea5m sika gi\u00e1 r\u1ebb t\u1ea1i \u0110\u00e0 N\u1eb5ng, sikadur-752 kh\u1eafc ph\u1ee5c v\u1ebft n\u1ee9t s\u00e0n, d\u1ea7m, m\u00f3ng ...","robots":{"index":"index","follow":"follow","max-snippet":"max-snippet:-1","max-image-preview":"max-image-preview:large","max-video-preview":"max-video-preview:-1"},"canonical":"https:\/\/tranthi.vn\/quangnam\/sikadur-752-da-nang\/","og_locale":"vi_VN","og_type":"article","og_title":"Sikadur-752 1kg\/set","og_description":"Tr\u1ea7n Th\u1ecb - 0903.595.049 chuy\u00ean cung c\u1ea5p c\u00e1c s\u1ea3n ph\u1ea9m ch\u1ed1ng th\u1ea5m sika gi\u00e1 r\u1ebb t\u1ea1i \u0110\u00e0 N\u1eb5ng, sikadur-752 kh\u1eafc ph\u1ee5c v\u1ebft n\u1ee9t s\u00e0n, d\u1ea7m, m\u00f3ng ...","og_url":"https:\/\/tranthi.vn\/quangnam\/sikadur-752-da-nang\/","og_site_name":"V\u1eadt Li\u1ec7u X\u00e2y D\u1ef1ng Tr\u1ea7n Th\u1ecb Chi Nh\u00e1nh Qu\u1ea3ng Nam","article_modified_time":"2024-03-14T07:09:21+00:00","og_image":[{"width":404,"height":404,"url":"https:\/\/tranthi.vn\/quangnam\/wp-content\/uploads\/2021\/09\/chong-tham-sikadur-752-1-1_optimized.jpg","type":"image\/jpeg"}],"twitter_card":"summary_large_image","twitter_misc":{"Gi\u00e1":"430,000&nbsp;&#8363;","Kh\u1ea3 d\u1ee5ng":"Trong kho"},"schema":{"@context":"https:\/\/schema.org","@graph":[{"@type":["WebPage","ItemPage"],"@id":"https:\/\/tranthi.vn\/quangnam\/sikadur-752-da-nang\/","url":"https:\/\/tranthi.vn\/quangnam\/sikadur-752-da-nang\/","name":"Gi\u00e1 sikadur-752 t\u1ea1i \u0110\u00e0 N\u1eb5ng - 0903.595.049","isPartOf":{"@id":"https:\/\/tranthi.vn\/quangnam\/#website"},"primaryImageOfPage":{"@id":"https:\/\/tranthi.vn\/quangnam\/sikadur-752-da-nang\/#primaryimage"},"image":{"@id":"https:\/\/tranthi.vn\/quangnam\/sikadur-752-da-nang\/#primaryimage"},"thumbnailUrl":"https:\/\/tranthi.vn\/quangnam\/wp-content\/uploads\/2021\/09\/chong-tham-sikadur-752-1-1_optimized.jpg","datePublished":"2021-09-22T09:55:33+00:00","dateModified":"2024-03-14T07:09:21+00:00","description":"Tr\u1ea7n Th\u1ecb - 0903.595.049 chuy\u00ean cung c\u1ea5p c\u00e1c s\u1ea3n ph\u1ea9m ch\u1ed1ng th\u1ea5m sika gi\u00e1 r\u1ebb t\u1ea1i \u0110\u00e0 N\u1eb5ng, sikadur-752 kh\u1eafc ph\u1ee5c v\u1ebft n\u1ee9t s\u00e0n, d\u1ea7m, m\u00f3ng ...","breadcrumb":{"@id":"https:\/\/tranthi.vn\/quangnam\/sikadur-752-da-nang\/#breadcrumb"},"inLanguage":"vi","potentialAction":[{"@type":"ReadAction","target":["https:\/\/tranthi.vn\/quangnam\/sikadur-752-da-nang\/"]}]},{"@type":"ImageObject","inLanguage":"vi","@id":"https:\/\/tranthi.vn\/quangnam\/sikadur-752-da-nang\/#primaryimage","url":"https:\/\/tranthi.vn\/quangnam\/wp-content\/uploads\/2021\/09\/chong-tham-sikadur-752-1-1_optimized.jpg","contentUrl":"https:\/\/tranthi.vn\/quangnam\/wp-content\/uploads\/2021\/09\/chong-tham-sikadur-752-1-1_optimized.jpg","width":404,"height":404},{"@type":"BreadcrumbList","@id":"https:\/\/tranthi.vn\/quangnam\/sikadur-752-da-nang\/#breadcrumb","itemListElement":[{"@type":"ListItem","position":1,"name":"Trang ch\u1ee7","item":"https:\/\/tranthi.vn\/quangnam\/"},{"@type":"ListItem","position":2,"name":"Shop","item":"https:\/\/tranthi.vn\/quangnam\/shop\/"},{"@type":"ListItem","position":3,"name":"Sikadur-752 1kg\/set"}]},{"@type":"WebSite","@id":"https:\/\/tranthi.vn\/quangnam\/#website","url":"https:\/\/tranthi.vn\/quangnam\/","name":"V\u1eadt Li\u1ec7u X\u00e2y D\u1ef1ng Tr\u1ea7n Th\u1ecb Chi Nh\u00e1nh Qu\u1ea3ng Nam","description":"V\u1eadt Li\u1ec7u X\u00e2y D\u1ef1ng - Qu\u1ea3ng Nam","potentialAction":[{"@type":"SearchAction","target":{"@type":"EntryPoint","urlTemplate":"https:\/\/tranthi.vn\/quangnam\/?s={search_term_string}"},"query-input":"required name=search_term_string"}],"inLanguage":"vi"},{"@type":"ImageObject","inLanguage":"vi","@id":"https:\/\/tranthi.vn\/quangnam\/sikadur-752-da-nang\/#local-main-organization-logo","url":"","contentUrl":"","caption":"V\u1eadt Li\u1ec7u X\u00e2y D\u1ef1ng Tr\u1ea7n Th\u1ecb Chi Nh\u00e1nh Qu\u1ea3ng Nam"}]},"product_price_amount":"430000","product_price_currency":"VND","og_availability":"instock","product_availability":"instock","product_condition":"new"},"_links":{"self":[{"href":"https:\/\/tranthi.vn\/quangnam\/wp-json\/wp\/v2\/product\/3604","targetHints":{"allow":["GET"]}}],"collection":[{"href":"https:\/\/tranthi.vn\/quangnam\/wp-json\/wp\/v2\/product"}],"about":[{"href":"https:\/\/tranthi.vn\/quangnam\/wp-json\/wp\/v2\/types\/product"}],"replies":[{"embeddable":true,"href":"https:\/\/tranthi.vn\/quangnam\/wp-json\/wp\/v2\/comments?post=3604"}],"wp:featuredmedia":[{"embeddable":true,"href":"https:\/\/tranthi.vn\/quangnam\/wp-json\/wp\/v2\/media\/3605"}],"wp:attachment":[{"href":"https:\/\/tranthi.vn\/quangnam\/wp-json\/wp\/v2\/media?parent=3604"}],"wp:term":[{"taxonomy":"product_cat","embeddable":true,"href":"https:\/\/tranthi.vn\/quangnam\/wp-json\/wp\/v2\/product_cat?post=3604"},{"taxonomy":"product_tag","embeddable":true,"href":"https:\/\/tranthi.vn\/quangnam\/wp-json\/wp\/v2\/product_tag?post=3604"}],"curies":[{"name":"wp","href":"https:\/\/api.w.org\/{rel}","templated":true}]}}