{"id":3397,"date":"2021-06-19T15:58:09","date_gmt":"2021-06-19T08:58:09","guid":{"rendered":"https:\/\/tranthi.vn\/quangnam\/?post_type=product&#038;p=3397"},"modified":"2023-07-10T08:36:37","modified_gmt":"2023-07-10T01:36:37","slug":"ngoi-cuoi-mai-2","status":"publish","type":"product","link":"https:\/\/tranthi.vn\/quangnam\/ngoi-cuoi-mai-2\/","title":{"rendered":"Ng\u00f3i Cu\u1ed1i M\u00e1i"},"content":{"rendered":"","protected":false},"excerpt":{"rendered":"<p class=\"name-title sp_name\"><span style=\"font-family: 'times new roman', times, serif; font-size: 130%; color: #000000;\">Ng\u00f3i cu\u1ed1i m\u00e1i<\/span><\/p>\n<p><span style=\"font-family: 'times new roman', times, serif; font-size: 130%; color: #000000;\">D\u00f9ng \u0111\u1ec3 l\u1ee3p t\u1ea1i v\u1ecb tr\u00ed cu\u1ed1i n\u00f3c h\u00f4ng v\u1edbi c\u00e1c m\u00e1i nh\u00e0 c\u00f3 h\u00ecnh chop<\/span><\/p>\n<p><span style=\"font-family: 'times new roman', times, serif; font-size: 130%; color: #000000;\">\u0110\u01a1n gi\u00e1 t\u1ea1i th\u1ecb tr\u01b0\u1eddng\u00a0<a style=\"color: #000000;\" href=\"https:\/\/vi.wikipedia.org\/wiki\/%C4%90%C3%A0_N%E1%BA%B5ng\">\u0110\u00e0 N\u1eb5ng qu\u00fd kh\u00e1ch vui l\u00f2ng li\u00ean h\u1ec7 tr\u1ef1c ti\u1ebfp.<\/a><\/span><\/p>\n","protected":false},"featured_media":3379,"comment_status":"closed","ping_status":"closed","template":"","meta":[],"product_cat":[15,111,293],"product_tag":[],"class_list":{"0":"post-3397","1":"product","2":"type-product","3":"status-publish","4":"has-post-thumbnail","6":"product_cat-chua-phan-loai","7":"product_cat-gia-ngoi-lop-nha-da-nang","8":"product_cat-ngoi-grand-italia","10":"first","11":"instock","12":"shipping-taxable","13":"product-type-simple"},"yoast_head":"<!-- This site is optimized with the Yoast SEO Premium plugin v22.3 (Yoast SEO v22.8) - https:\/\/yoast.com\/wordpress\/plugins\/seo\/ -->\n<title>Ng\u00f3i Cu\u1ed1i M\u00e1i - V\u1eadt Li\u1ec7u X\u00e2y D\u1ef1ng Tr\u1ea7n Th\u1ecb Chi Nh\u00e1nh Qu\u1ea3ng Nam<\/title>\n<meta name=\"robots\" content=\"index, follow, max-snippet:-1, max-image-preview:large, max-video-preview:-1\" \/>\n<link rel=\"canonical\" href=\"https:\/\/tranthi.vn\/quangnam\/ngoi-cuoi-mai-2\/\" \/>\n<meta property=\"og:locale\" content=\"vi_VN\" \/>\n<meta property=\"og:type\" content=\"article\" \/>\n<meta property=\"og:title\" content=\"Ng\u00f3i Cu\u1ed1i M\u00e1i\" \/>\n<meta property=\"og:description\" content=\"Ng\u00f3i cu\u1ed1i m\u00e1i D\u00f9ng \u0111\u1ec3 l\u1ee3p t\u1ea1i v\u1ecb tr\u00ed cu\u1ed1i n\u00f3c h\u00f4ng v\u1edbi c\u00e1c m\u00e1i nh\u00e0 c\u00f3 h\u00ecnh chop  \u0110\u01a1n gi\u00e1 t\u1ea1i th\u1ecb tr\u01b0\u1eddng\u00a0\u0110\u00e0 N\u1eb5ng qu\u00fd kh\u00e1ch vui l\u00f2ng li\u00ean h\u1ec7 tr\u1ef1c ti\u1ebfp.\" \/>\n<meta property=\"og:url\" content=\"https:\/\/tranthi.vn\/quangnam\/ngoi-cuoi-mai-2\/\" \/>\n<meta property=\"og:site_name\" content=\"V\u1eadt Li\u1ec7u X\u00e2y D\u1ef1ng Tr\u1ea7n Th\u1ecb Chi Nh\u00e1nh Qu\u1ea3ng Nam\" \/>\n<meta property=\"article:modified_time\" content=\"2023-07-10T01:36:37+00:00\" \/>\n<meta property=\"og:image\" content=\"https:\/\/tranthi.vn\/quangnam\/wp-content\/uploads\/2021\/06\/ngoi-cuoi-mai_optimized.jpg\" \/>\n\t<meta property=\"og:image:width\" content=\"450\" \/>\n\t<meta property=\"og:image:height\" content=\"369\" \/>\n\t<meta property=\"og:image:type\" content=\"image\/jpeg\" \/>\n<meta name=\"twitter:card\" content=\"summary_large_image\" \/>\n<meta name=\"twitter:label1\" content=\"Gi\u00e1\" \/>\n\t<meta name=\"twitter:data1\" content=\"\" \/>\n\t<meta name=\"twitter:label2\" content=\"Kh\u1ea3 d\u1ee5ng\" \/>\n\t<meta name=\"twitter:data2\" content=\"Trong kho\" \/>\n<script type=\"application\/ld+json\" class=\"yoast-schema-graph\">{\"@context\":\"https:\/\/schema.org\",\"@graph\":[{\"@type\":[\"WebPage\",\"ItemPage\"],\"@id\":\"https:\/\/tranthi.vn\/quangnam\/ngoi-cuoi-mai-2\/\",\"url\":\"https:\/\/tranthi.vn\/quangnam\/ngoi-cuoi-mai-2\/\",\"name\":\"Ng\u00f3i Cu\u1ed1i M\u00e1i - V\u1eadt Li\u1ec7u X\u00e2y D\u1ef1ng Tr\u1ea7n Th\u1ecb Chi Nh\u00e1nh Qu\u1ea3ng Nam\",\"isPartOf\":{\"@id\":\"https:\/\/tranthi.vn\/quangnam\/#website\"},\"primaryImageOfPage\":{\"@id\":\"https:\/\/tranthi.vn\/quangnam\/ngoi-cuoi-mai-2\/#primaryimage\"},\"image\":{\"@id\":\"https:\/\/tranthi.vn\/quangnam\/ngoi-cuoi-mai-2\/#primaryimage\"},\"thumbnailUrl\":\"https:\/\/tranthi.vn\/quangnam\/wp-content\/uploads\/2021\/06\/ngoi-cuoi-mai_optimized.jpg\",\"datePublished\":\"2021-06-19T08:58:09+00:00\",\"dateModified\":\"2023-07-10T01:36:37+00:00\",\"breadcrumb\":{\"@id\":\"https:\/\/tranthi.vn\/quangnam\/ngoi-cuoi-mai-2\/#breadcrumb\"},\"inLanguage\":\"vi\",\"potentialAction\":[{\"@type\":\"ReadAction\",\"target\":[\"https:\/\/tranthi.vn\/quangnam\/ngoi-cuoi-mai-2\/\"]}]},{\"@type\":\"ImageObject\",\"inLanguage\":\"vi\",\"@id\":\"https:\/\/tranthi.vn\/quangnam\/ngoi-cuoi-mai-2\/#primaryimage\",\"url\":\"https:\/\/tranthi.vn\/quangnam\/wp-content\/uploads\/2021\/06\/ngoi-cuoi-mai_optimized.jpg\",\"contentUrl\":\"https:\/\/tranthi.vn\/quangnam\/wp-content\/uploads\/2021\/06\/ngoi-cuoi-mai_optimized.jpg\",\"width\":450,\"height\":369},{\"@type\":\"BreadcrumbList\",\"@id\":\"https:\/\/tranthi.vn\/quangnam\/ngoi-cuoi-mai-2\/#breadcrumb\",\"itemListElement\":[{\"@type\":\"ListItem\",\"position\":1,\"name\":\"Trang ch\u1ee7\",\"item\":\"https:\/\/tranthi.vn\/quangnam\/\"},{\"@type\":\"ListItem\",\"position\":2,\"name\":\"Shop\",\"item\":\"https:\/\/tranthi.vn\/quangnam\/shop\/\"},{\"@type\":\"ListItem\",\"position\":3,\"name\":\"Ng\u00f3i Cu\u1ed1i M\u00e1i\"}]},{\"@type\":\"WebSite\",\"@id\":\"https:\/\/tranthi.vn\/quangnam\/#website\",\"url\":\"https:\/\/tranthi.vn\/quangnam\/\",\"name\":\"V\u1eadt Li\u1ec7u X\u00e2y D\u1ef1ng Tr\u1ea7n Th\u1ecb Chi Nh\u00e1nh Qu\u1ea3ng Nam\",\"description\":\"V\u1eadt Li\u1ec7u X\u00e2y D\u1ef1ng - Qu\u1ea3ng Nam\",\"potentialAction\":[{\"@type\":\"SearchAction\",\"target\":{\"@type\":\"EntryPoint\",\"urlTemplate\":\"https:\/\/tranthi.vn\/quangnam\/?s={search_term_string}\"},\"query-input\":\"required name=search_term_string\"}],\"inLanguage\":\"vi\"},{\"@type\":\"ImageObject\",\"inLanguage\":\"vi\",\"@id\":\"https:\/\/tranthi.vn\/quangnam\/ngoi-cuoi-mai-2\/#local-main-organization-logo\",\"url\":\"\",\"contentUrl\":\"\",\"caption\":\"V\u1eadt Li\u1ec7u X\u00e2y D\u1ef1ng Tr\u1ea7n Th\u1ecb Chi Nh\u00e1nh Qu\u1ea3ng Nam\"}]}<\/script>\n<meta property=\"product:price:amount\" content=\"0\" \/>\n<meta property=\"product:price:currency\" content=\"VND\" \/>\n<meta property=\"og:availability\" content=\"instock\" \/>\n<meta property=\"product:availability\" content=\"instock\" \/>\n<meta property=\"product:condition\" content=\"new\" \/>\n<!-- \/ Yoast SEO Premium plugin. -->","yoast_head_json":{"title":"Ng\u00f3i Cu\u1ed1i M\u00e1i - V\u1eadt Li\u1ec7u X\u00e2y D\u1ef1ng Tr\u1ea7n Th\u1ecb Chi Nh\u00e1nh Qu\u1ea3ng Nam","robots":{"index":"index","follow":"follow","max-snippet":"max-snippet:-1","max-image-preview":"max-image-preview:large","max-video-preview":"max-video-preview:-1"},"canonical":"https:\/\/tranthi.vn\/quangnam\/ngoi-cuoi-mai-2\/","og_locale":"vi_VN","og_type":"article","og_title":"Ng\u00f3i Cu\u1ed1i M\u00e1i","og_description":"Ng\u00f3i cu\u1ed1i m\u00e1i D\u00f9ng \u0111\u1ec3 l\u1ee3p t\u1ea1i v\u1ecb tr\u00ed cu\u1ed1i n\u00f3c h\u00f4ng v\u1edbi c\u00e1c m\u00e1i nh\u00e0 c\u00f3 h\u00ecnh chop  \u0110\u01a1n gi\u00e1 t\u1ea1i th\u1ecb tr\u01b0\u1eddng\u00a0\u0110\u00e0 N\u1eb5ng qu\u00fd kh\u00e1ch vui l\u00f2ng li\u00ean h\u1ec7 tr\u1ef1c ti\u1ebfp.","og_url":"https:\/\/tranthi.vn\/quangnam\/ngoi-cuoi-mai-2\/","og_site_name":"V\u1eadt Li\u1ec7u X\u00e2y D\u1ef1ng Tr\u1ea7n Th\u1ecb Chi Nh\u00e1nh Qu\u1ea3ng Nam","article_modified_time":"2023-07-10T01:36:37+00:00","og_image":[{"width":450,"height":369,"url":"https:\/\/tranthi.vn\/quangnam\/wp-content\/uploads\/2021\/06\/ngoi-cuoi-mai_optimized.jpg","type":"image\/jpeg"}],"twitter_card":"summary_large_image","twitter_misc":{"Gi\u00e1":"","Kh\u1ea3 d\u1ee5ng":"Trong kho"},"schema":{"@context":"https:\/\/schema.org","@graph":[{"@type":["WebPage","ItemPage"],"@id":"https:\/\/tranthi.vn\/quangnam\/ngoi-cuoi-mai-2\/","url":"https:\/\/tranthi.vn\/quangnam\/ngoi-cuoi-mai-2\/","name":"Ng\u00f3i Cu\u1ed1i M\u00e1i - V\u1eadt Li\u1ec7u X\u00e2y D\u1ef1ng Tr\u1ea7n Th\u1ecb Chi Nh\u00e1nh Qu\u1ea3ng Nam","isPartOf":{"@id":"https:\/\/tranthi.vn\/quangnam\/#website"},"primaryImageOfPage":{"@id":"https:\/\/tranthi.vn\/quangnam\/ngoi-cuoi-mai-2\/#primaryimage"},"image":{"@id":"https:\/\/tranthi.vn\/quangnam\/ngoi-cuoi-mai-2\/#primaryimage"},"thumbnailUrl":"https:\/\/tranthi.vn\/quangnam\/wp-content\/uploads\/2021\/06\/ngoi-cuoi-mai_optimized.jpg","datePublished":"2021-06-19T08:58:09+00:00","dateModified":"2023-07-10T01:36:37+00:00","breadcrumb":{"@id":"https:\/\/tranthi.vn\/quangnam\/ngoi-cuoi-mai-2\/#breadcrumb"},"inLanguage":"vi","potentialAction":[{"@type":"ReadAction","target":["https:\/\/tranthi.vn\/quangnam\/ngoi-cuoi-mai-2\/"]}]},{"@type":"ImageObject","inLanguage":"vi","@id":"https:\/\/tranthi.vn\/quangnam\/ngoi-cuoi-mai-2\/#primaryimage","url":"https:\/\/tranthi.vn\/quangnam\/wp-content\/uploads\/2021\/06\/ngoi-cuoi-mai_optimized.jpg","contentUrl":"https:\/\/tranthi.vn\/quangnam\/wp-content\/uploads\/2021\/06\/ngoi-cuoi-mai_optimized.jpg","width":450,"height":369},{"@type":"BreadcrumbList","@id":"https:\/\/tranthi.vn\/quangnam\/ngoi-cuoi-mai-2\/#breadcrumb","itemListElement":[{"@type":"ListItem","position":1,"name":"Trang ch\u1ee7","item":"https:\/\/tranthi.vn\/quangnam\/"},{"@type":"ListItem","position":2,"name":"Shop","item":"https:\/\/tranthi.vn\/quangnam\/shop\/"},{"@type":"ListItem","position":3,"name":"Ng\u00f3i Cu\u1ed1i M\u00e1i"}]},{"@type":"WebSite","@id":"https:\/\/tranthi.vn\/quangnam\/#website","url":"https:\/\/tranthi.vn\/quangnam\/","name":"V\u1eadt Li\u1ec7u X\u00e2y D\u1ef1ng Tr\u1ea7n Th\u1ecb Chi Nh\u00e1nh Qu\u1ea3ng Nam","description":"V\u1eadt Li\u1ec7u X\u00e2y D\u1ef1ng - Qu\u1ea3ng Nam","potentialAction":[{"@type":"SearchAction","target":{"@type":"EntryPoint","urlTemplate":"https:\/\/tranthi.vn\/quangnam\/?s={search_term_string}"},"query-input":"required name=search_term_string"}],"inLanguage":"vi"},{"@type":"ImageObject","inLanguage":"vi","@id":"https:\/\/tranthi.vn\/quangnam\/ngoi-cuoi-mai-2\/#local-main-organization-logo","url":"","contentUrl":"","caption":"V\u1eadt Li\u1ec7u X\u00e2y D\u1ef1ng Tr\u1ea7n Th\u1ecb Chi Nh\u00e1nh Qu\u1ea3ng Nam"}]},"product_price_currency":"VND","og_availability":"instock","product_availability":"instock","product_condition":"new"},"_links":{"self":[{"href":"https:\/\/tranthi.vn\/quangnam\/wp-json\/wp\/v2\/product\/3397","targetHints":{"allow":["GET"]}}],"collection":[{"href":"https:\/\/tranthi.vn\/quangnam\/wp-json\/wp\/v2\/product"}],"about":[{"href":"https:\/\/tranthi.vn\/quangnam\/wp-json\/wp\/v2\/types\/product"}],"replies":[{"embeddable":true,"href":"https:\/\/tranthi.vn\/quangnam\/wp-json\/wp\/v2\/comments?post=3397"}],"wp:featuredmedia":[{"embeddable":true,"href":"https:\/\/tranthi.vn\/quangnam\/wp-json\/wp\/v2\/media\/3379"}],"wp:attachment":[{"href":"https:\/\/tranthi.vn\/quangnam\/wp-json\/wp\/v2\/media?parent=3397"}],"wp:term":[{"taxonomy":"product_cat","embeddable":true,"href":"https:\/\/tranthi.vn\/quangnam\/wp-json\/wp\/v2\/product_cat?post=3397"},{"taxonomy":"product_tag","embeddable":true,"href":"https:\/\/tranthi.vn\/quangnam\/wp-json\/wp\/v2\/product_tag?post=3397"}],"curies":[{"name":"wp","href":"https:\/\/api.w.org\/{rel}","templated":true}]}}