{"id":3293,"date":"2021-06-14T15:11:49","date_gmt":"2021-06-14T08:11:49","guid":{"rendered":"https:\/\/tranthi.vn\/quangnam\/?post_type=product&#038;p=3293"},"modified":"2024-06-10T13:25:53","modified_gmt":"2024-06-10T06:25:53","slug":"lavabo-kem-chan","status":"publish","type":"product","link":"https:\/\/tranthi.vn\/quangnam\/lavabo-kem-chan\/","title":{"rendered":"Lavabo k\u00e8m ch\u00e2n-TA"},"content":{"rendered":"<h1 style=\"text-align: center;\"><a href=\"http:\/\/tranthi.vn\/quangnam\/lavabo-treo-tuong-tai-da-nang\/\"><strong><span style=\"font-family: 'times new roman', times, serif; font-size: 14pt; color: #ff0000;\">GI\u00c1 LAVABO TREO T\u01af\u1edcNG T\u1ea0I \u0110\u00c0 N\u1eb4NG<\/span><\/strong><\/a><\/h1>\n<p><span style=\"font-family: 'times new roman', times, serif; font-size: 14pt; color: #000000;\">Lavabo l\u00e0 v\u1eadt d\u1ee5ng \u0111\u01b0\u1ee3c s\u1eed d\u1ee5ng th\u01b0\u1eddng xuy\u00ean t\u1ea1i kh\u00e1ch s\u1ea1n, nh\u00e0 h\u00e0ng, gia \u0111\u00ecnh &#8230; Ch\u00ednh v\u00ec th\u1ebf nhi\u1ec1u s\u1ea3n ph\u1ea9m lavabo ra \u0111\u1eddi v\u1eeba \u0111\u00e1p \u1ee9ng nhu c\u1ea7u s\u1eed d\u1ee5ng an to\u00e0n, b\u1ec1n c\u00f2n ph\u1ea3i \u0111\u1eb9p.<\/span><\/p>\n<p><span style=\"font-family: 'times new roman', times, serif; font-size: 14pt; color: #000000;\">Trong t\u1ea5t c\u1ea3 c\u00e1c d\u1ea1ng lavabo th\u00ec m\u1eabu <strong><em>lavabo treo t\u01b0\u1eddng<\/em><\/strong> c\u00f3 <a href=\"https:\/\/vi.wikipedia.org\/wiki\/Gi%C3%A1_c%E1%BA%A3#:~:text=Gi%C3%A1%20c%E1%BA%A3%20l%C3%A0%20bi%E1%BB%83u%20hi%E1%BB%87n,m%E1%BB%99t%20t%C3%A0i%20s%E1%BA%A3n%20n%C3%A0o%20%C4%91%C3%B3.\"><strong><em>gi\u00e1<\/em><\/strong><\/a> th\u00e0nh th\u1ea5p nh\u1ea5t. Th\u00edch h\u1ee3p v\u1edbi m\u1ecdi gia \u0111\u00ecnh m\u1ecdi c\u00f4ng tr\u00ecnh t\u1eeb c\u00f4ng tr\u00ecnh cao c\u1ea5p \u0111\u1ebfn c\u00f4ng tr\u00ecnh x\u00e3 h\u1ed9i<\/span><\/p>\n<h2><strong><span style=\"font-family: 'times new roman', times, serif; font-size: 14pt; color: #ff0000;\">1. \u01afU NH\u01af\u1ee2C \u0110I\u1ec2M C\u1ee6A LAVABO TREO T\u01af\u1edcNG<\/span><\/strong><\/h2>\n<h3><strong><span style=\"font-family: 'times new roman', times, serif; font-size: 14pt; color: #000000;\">a) \u01afu \u0111i\u1ec3m:<\/span><\/strong><\/h3>\n<p><span style=\"font-family: 'times new roman', times, serif; font-size: 14pt; color: #000000;\">\u01afu \u0111i\u1ec3m l\u1edbn nh\u1ea5t c\u1ee7a <strong><em>ch\u1eadu r\u1eeda treo t\u01b0\u1eddng<\/em><\/strong> ph\u1ea3i k\u1ec3 \u0111\u1ebfn \u0111\u00f3 l\u00e0 ti\u1ebft ki\u1ec7m di\u1ec7n t\u00edch cho ph\u00f2ng t\u1eafm nh\u00e0 b\u1ea1n v\u00e0 gi\u00e1 th\u00e0nh th\u1ea5p. Lo\u1ea1i ch\u1eadu r\u1eeda n\u00e0y \u0111\u01b0\u1ee3c b\u1eaft v\u00edt v\u00e0o t\u01b0\u1eddng n\u00ean r\u1ea5t nh\u1ecf g\u1ecdn. Ti\u1ebft ki\u1ec7m t\u1ed1i \u0111a kh\u00f4ng gian m\u00e0 ch\u00fang ta v\u1eabn c\u1ea3m th\u1ea5y tho\u1ea3i m\u00e1i khi s\u1eed d\u1ee5ng.<\/span><\/p>\n<figure id=\"attachment_5395\" aria-describedby=\"caption-attachment-5395\" style=\"width: 254px\" class=\"wp-caption alignnone\"><img loading=\"lazy\" decoding=\"async\" class=\" wp-image-5395\" src=\"https:\/\/tranthi.vn\/quangnam\/wp-content\/uploads\/2021\/02\/lavabo-treo-tuong-loai-thuong-gia-re-tai-da-nang.jpg\" alt=\"lavabo-treo-t\u01b0\u1eddng-lo\u1ea1i-th\u01b0\u1eddng-gi\u00e1-r\u1ebb-t\u1ea1i-\u0111\u00e0-n\u1eb5ng\" width=\"254\" height=\"222\" \/><figcaption id=\"caption-attachment-5395\" class=\"wp-caption-text\">lavabo-treo-t\u01b0\u1eddng-lo\u1ea1i-th\u01b0\u1eddng-gi\u00e1-r\u1ebb-t\u1ea1i-\u0111\u00e0-n\u1eb5ng<\/figcaption><\/figure>\n<p style=\"text-align: center;\"><em><strong><span style=\"color: #0000ff; font-size: 140%; font-family: 'times new roman', times, serif;\">Lavabo treo t\u01b0\u1eddng gi\u00e1 r\u1ebb t\u1ea1i <a href=\"https:\/\/vi.wikipedia.org\/wiki\/%C4%90%C3%A0_N%E1%BA%B5ng\">\u0110\u00e0 N\u1eb5ng<\/a><\/span><\/strong><\/em><\/p>\n<h3 class=\"gw gx ee gy b gz ht gc hb hc hu gg he hf hv hh hi hj hw hl hm hn hx hp hq hr db fa\"><strong><span style=\"font-family: 'times new roman', times, serif; font-size: 14pt; color: #000000;\">b) Nh\u01b0\u1ee3c \u0111i\u1ec3m<\/span><\/strong><\/h3>\n<p data-selectable-paragraph=\"\"><span style=\"font-family: 'times new roman', times, serif; font-size: 14pt; color: #000000;\">Ch\u1eadu <strong><em>lavabo treo t\u01b0\u1eddng<\/em><\/strong> c\u00f3 nh\u01b0\u1ee3c \u0111i\u1ec3m so v\u1edbi lavabo \u0111\u1ec3 b\u00e0n ho\u1eb7c \u00e2m b\u00e0n \u0111\u00f3 l\u00e0 kh\u00f4ng c\u00f3 ph\u1ea7n t\u1ee7 b\u00ean d\u01b0\u1edbi \u0111\u1ec3 \u0111\u1ef1ng \u0111\u1ed3. Ch\u00ednh v\u00ec v\u1eady, \u0111\u1ed3 \u0111\u1ea1c nh\u01b0 kh\u0103n t\u1eafm, b\u00e0n ch\u1ea3i, kem \u0111\u00e1nh r\u0103ng, m\u1ef9 ph\u1ea9m&#8230; B\u1ea1n c\u1ea7n ph\u1ea3i c\u00f3 k\u1ec7 \u0111\u1ec3 ri\u00eang, khi\u1ebfn cho ph\u00f2ng t\u1eafm th\u00eam b\u1eeba b\u1ed9n v\u00e0 r\u1ed1i h\u01a1n. Tuy nhi\u00ean, n\u1ebfu b\u1ea1n l\u1eafp ri\u00eang m\u1ed9t chi\u1ebfc t\u1ee7 nh\u1ecf tr\u00ean t\u01b0\u1eddng \u0111\u1ec3 \u0111\u1ef1ng \u0111\u1ed3 th\u00ec nh\u01b0\u1ee3c \u0111i\u1ec3m n\u00e0y c\u00f3 th\u1ec3 \u0111\u01b0\u1ee3c kh\u1eafc ph\u1ee5c r\u1ed3i nh\u00e9.<\/span><\/p>\n<h2><strong><span style=\"font-family: 'times new roman', times, serif; font-size: 14pt; color: #ff0000;\">2. H\u01af\u1edaNG D\u1eaaN L\u1eaeP \u0110\u1eb6T LAVABO TREO T\u01af\u1edcNG<\/span><\/strong><\/h2>\n<p><span style=\"font-family: 'times new roman', times, serif; font-size: 14pt; color: #000000;\">B\u01b0\u1edbc 1: Ki\u1ec3m tra b\u1ea3n v\u1ebd k\u1ef9 thu\u1eadt c\u1ee7a s\u1ea3n ph\u1ea9m<\/span><\/p>\n<p><span style=\"font-family: 'times new roman', times, serif; font-size: 14pt; color: #000000;\">B\u01b0\u1edbc 2: S\u1eed d\u1ee5ng khoan v\u00e0 tua v\u00edt c\u1ed1 \u0111\u1ecbnh gi\u00e1 \u0111\u1ee1 ch\u1eadu r\u1eeda m\u1eb7t<\/span><br \/>\n<img loading=\"lazy\" decoding=\"async\" class=\"alignnone size-full wp-image-2799 aligncenter\" src=\"https:\/\/tranthi.vn\/quangnam\/wp-content\/uploads\/2021\/02\/lavabo-treo-tuong-gia-re-tai-da-nang_optimized.jpg\" alt=\"\" width=\"300\" height=\"216\" \/><\/p>\n<p style=\"text-align: center;\"><span style=\"color: #0000ff;\"><strong><span style=\"font-family: 'times new roman', times, serif; font-size: 14pt;\"><em>5 b\u01b0\u1edbc l\u1eafp \u0111\u1eb7t ch\u1eadu r\u1eeda m\u1eb7t treo t\u01b0\u1eddng Inax<\/em><\/span><\/strong><\/span><\/p>\n<p><span style=\"font-family: 'times new roman', times, serif; font-size: 14pt; color: #000000;\">B\u01b0\u1edbc 3: Ti\u1ebfn h\u00e0nh th\u1eed nghi\u1ec7m l\u1eafp \u0111\u1eb7t, l\u1ea5y d\u1ea5u<\/span><\/p>\n<p><span style=\"font-family: 'times new roman', times, serif; font-size: 14pt; color: #000000;\">B\u01b0\u1edbc 4: C\u1ed1 \u0111\u1ecbnh ch\u1eadu v\u00e0 xi\u1ebft ch\u1eb7t c\u00e1c m\u1ea5u ch\u1ed1t \u1ed1c v\u00edt<\/span><\/p>\n<p><span style=\"font-family: 'times new roman', times, serif; font-size: 14pt; color: #000000;\">B\u01b0\u1edbc 5: B\u1eaft v\u00edt ch\u00e2n ch\u1eadu (ch\u00e2n l\u1eedng ho\u1eb7c ch\u00e2n d\u00e0i) v\u00e0 xi\u1ebft ch\u1eb7t l\u1ea1i.<\/span><\/p>\n<p><span style=\"font-family: 'times new roman', times, serif; font-size: 14pt; color: #000000;\">B\u01b0\u1edbc 6: D\u00f9ng keo tra v\u00e0o th\u00e0nh ch\u1eadu ti\u1ebfp x\u00fac tr\u1ef1c ti\u1ebfp v\u1edbi t\u01b0\u1eddng<\/span><\/p>\n<h2><strong><span style=\"font-family: 'times new roman', times, serif; font-size: 14pt; color: #ff0000;\">3. M\u1ed8T V\u00c0I L\u01afU \u00dd KHI MUA CH\u1eacU R\u1eecA TREO T\u01af\u1edcNG<\/span><\/strong><\/h2>\n<ul style=\"list-style-type: disc;\">\n<li><span style=\"font-family: 'times new roman', times, serif; font-size: 14pt; color: #000000;\">L\u1ef1a ch\u1ecdn ch\u1eadu v\u1edbi thi\u1ebft k\u1ebf ph\u00f9 h\u1ee3p v\u1edbi kh\u00f4ng gian ph\u00f2ng t\u1eafm c\u1ee7a gia \u0111\u00ecnh b\u1ea1n. B\u1ea1n c\u00f3 th\u1ec3 c\u00e2n nh\u1eafc xem c\u00f3 n\u00ean l\u1eafp gi\u00e1 \u0111\u1ee1 hay kh\u00f4ng t\u00f9y nhu c\u1ea7u vi\u1ec7c n\u00e0y kh\u00f4ng b\u1eaft bu\u1ed9c<\/span><\/li>\n<li><span style=\"font-family: 'times new roman', times, serif; font-size: 14pt; color: #000000;\">\u0110\u1ed1i v\u1edbi nh\u1eefng kh\u00f4ng gian ph\u00f2ng v\u1ec7 sinh h\u1eb9p th\u00ec vi\u1ec7c l\u1ef1a ch\u1ecdn <strong><em>lavabo treo t\u01b0\u1eddng<\/em><\/strong> gi\u00fap ti\u1ebft ki\u1ec7m di\u1ec7n t\u00edch. T\u1ea1o c\u1ea3m gi\u00e1c ph\u00f2ng g\u1ecdn g\u00e0ng s\u1ea1ch s\u1ebd h\u01a1n<\/span><\/li>\n<li><span style=\"font-family: 'times new roman', times, serif; font-size: 14pt; color: #000000;\"><span style=\"color: #000000; font-family: times new roman, times, serif;\">N\u1ebfu mu\u1ed1n s\u1eed d\u1ee5ng \u0111\u01b0\u1ee3c l\u00e2u d\u00e0i n\u00ean ch\u1ecdn mua nh\u1eefng s\u1ea3n ph\u1ea9m ch\u00ednh h\u00e3ng. N\u1ebfu s\u1eed d\u1ee5ng nh\u1eefng s\u1ea3n ph\u1ea9m <strong><em>gi\u00e1<\/em> <\/strong>th\u00e0nh th\u1ea5p th\u00ec th\u1eddi gian s\u1eed d\u1ee5ng s\u1ebd ng\u1eafn h\u01a1n. V\u00e0 khi s\u1eed d\u1ee5ng l\u00e2u th\u00ec n\u00ean ki\u1ec3m tra \u0111\u1ec3 \u0111\u1ea3m b\u1ea3o an to\u00e0n<\/span><\/span><\/li>\n<li><span style=\"font-family: 'times new roman', times, serif; font-size: 130%; color: #000000;\">Nh\u1eefng lavabo gi\u00e1 th\u00e0nh th\u1ea5p th\u01b0\u1eddng l\u1edbp men s\u1ebd nhanh b\u1ecb \u1ed1 v\u00e0 l\u1edbp men kh\u00f4ng \u0111\u01b0\u1ee3c \u0111\u1ec1u \u0111\u1eb9p th\u00edch h\u1ee3p cho nh\u00e0 tr\u1ecd ho\u1eb7c nh\u00e0 t\u1ea1m<\/span><\/li>\n<\/ul>\n<p><span style=\"font-family: 'times new roman', times, serif; font-size: 130%; color: #000000;\"><strong><em>Lavabo treo t\u01b0\u1eddng<\/em><\/strong> tr\u00ean m\u00ecnh c\u0169ng c\u00f3 2 lo\u1ea1i 1 lo\u1ea1i<strong><em> gi\u00e1<\/em><\/strong> r\u1ebb 190.000\/c\u00e1i v\u00e0 1 lo\u1ea1i 350.000\/c\u00e1i ( s\u1ebd kh\u00e1c nhau v\u1ec1 k\u00edch th\u01b0\u1edbc, ch\u1ea5t l\u01b0\u1ee3ng c\u0169ng nh\u01b0 t\u00ednh th\u1ea9m m\u1ef9) t\u00f9y \u0111i\u1ec1u ki\u1ec7n kinh t\u1ebf v\u00e0 m\u1ee5c \u0111\u00edch s\u1eed d\u1ee5ng m\u00e0 c\u00e1c b\u1ea1n l\u1ef1a ch\u1ecdn lo\u1ea1i ph\u00f9 h\u1ee3p<\/span><\/p>\n","protected":false},"excerpt":{"rendered":"<p><span style=\"font-family: 'times new roman', times, serif; font-size: 130%; color: #000000;\">\ud83e\udd70Combo lavabo treo t\u01b0\u1eddng k\u00e8m ch\u00e2n ng\u1eafn<\/span><\/p>\n<p><span style=\"font-family: 'times new roman', times, serif; font-size: 130%;\">\ud83e\udd70K\u00edch th\u01b0\u1edbc: 520x440x490<\/span><\/p>\n<p><span style=\"font-family: 'times new roman', times, serif; font-size: 130%;\"><span style=\"color: #000000;\">\ud83e\udd70\u0110\u01a1n gi\u00e1: <span style=\"color: #ff0000;\"><strong>570.000\/b\u1ed9<\/strong><\/span><\/span>(Ch\u1eadu + ch\u00e2n treo)<\/span><\/p>\n<p><span style=\"font-family: 'times new roman', times, serif; font-size: 130%;\"><em><span style=\"color: #000000;\">(Kh\u00f4ng c\u00f3 ph\u1ee5 ki\u1ec7n \u0111i k\u00e8m nh\u01b0 v\u00f2i, b\u00e1ch hay \u1ed1ng tho\u00e1t n\u01b0\u1edbc)<\/span><\/em><\/span><\/p>\n<p><span style=\"font-family: 'times new roman', times, serif; font-size: 130%;\"><em><span style=\"color: #3366ff;\">V\u1eadn chuy\u1ec3n trong n\u1ed9i th\u00e0nh \u0110\u00e0 N\u1eb5ng\u00a0<\/span><\/em><\/span><\/p>\n","protected":false},"featured_media":6104,"comment_status":"closed","ping_status":"closed","template":"","meta":[],"product_cat":[184,273],"product_tag":[],"class_list":{"0":"post-3293","1":"product","2":"type-product","3":"status-publish","4":"has-post-thumbnail","6":"product_cat-lavabo-gia-re-tai-da-nang","7":"product_cat-lavabo-trang-su-treo-tuong","9":"first","10":"instock","11":"sale","12":"shipping-taxable","13":"purchasable","14":"product-type-simple"},"yoast_head":"<!-- This site is optimized with the Yoast SEO Premium plugin v22.3 (Yoast SEO v22.8) - https:\/\/yoast.com\/wordpress\/plugins\/seo\/ -->\n<title>Lavabo k\u00e8m ch\u00e2n-TA - V\u1eadt Li\u1ec7u X\u00e2y D\u1ef1ng Tr\u1ea7n Th\u1ecb Chi Nh\u00e1nh Qu\u1ea3ng Nam<\/title>\n<meta name=\"robots\" content=\"index, follow, max-snippet:-1, max-image-preview:large, max-video-preview:-1\" \/>\n<link rel=\"canonical\" href=\"https:\/\/tranthi.vn\/quangnam\/lavabo-kem-chan\/\" \/>\n<meta property=\"og:locale\" content=\"vi_VN\" \/>\n<meta property=\"og:type\" content=\"article\" \/>\n<meta property=\"og:title\" content=\"Lavabo k\u00e8m ch\u00e2n-TA\" \/>\n<meta property=\"og:description\" content=\"\ud83e\udd70Combo lavabo treo t\u01b0\u1eddng k\u00e8m ch\u00e2n ng\u1eafn  \ud83e\udd70K\u00edch th\u01b0\u1edbc: 520x440x490  \ud83e\udd70\u0110\u01a1n gi\u00e1: 570.000\/b\u1ed9(Ch\u1eadu + ch\u00e2n treo)  (Kh\u00f4ng c\u00f3 ph\u1ee5 ki\u1ec7n \u0111i k\u00e8m nh\u01b0 v\u00f2i, b\u00e1ch hay \u1ed1ng tho\u00e1t n\u01b0\u1edbc)  V\u1eadn chuy\u1ec3n trong n\u1ed9i th\u00e0nh \u0110\u00e0 N\u1eb5ng\u00a0\" \/>\n<meta property=\"og:url\" content=\"https:\/\/tranthi.vn\/quangnam\/lavabo-kem-chan\/\" \/>\n<meta property=\"og:site_name\" content=\"V\u1eadt Li\u1ec7u X\u00e2y D\u1ef1ng Tr\u1ea7n Th\u1ecb Chi Nh\u00e1nh Qu\u1ea3ng Nam\" \/>\n<meta property=\"article:modified_time\" content=\"2024-06-10T06:25:53+00:00\" \/>\n<meta property=\"og:image\" content=\"https:\/\/tranthi.vn\/quangnam\/wp-content\/uploads\/2021\/06\/lavabo-kem-chan_optimized-copy.jpg\" \/>\n\t<meta property=\"og:image:width\" content=\"270\" \/>\n\t<meta property=\"og:image:height\" content=\"264\" \/>\n\t<meta property=\"og:image:type\" content=\"image\/jpeg\" \/>\n<meta name=\"twitter:card\" content=\"summary_large_image\" \/>\n<meta name=\"twitter:label1\" content=\"Gi\u00e1\" \/>\n\t<meta name=\"twitter:data1\" content=\"570,000&nbsp;&#8363;\" \/>\n\t<meta name=\"twitter:label2\" content=\"Kh\u1ea3 d\u1ee5ng\" \/>\n\t<meta name=\"twitter:data2\" content=\"Trong kho\" \/>\n<script type=\"application\/ld+json\" class=\"yoast-schema-graph\">{\"@context\":\"https:\/\/schema.org\",\"@graph\":[{\"@type\":[\"WebPage\",\"ItemPage\"],\"@id\":\"https:\/\/tranthi.vn\/quangnam\/lavabo-kem-chan\/\",\"url\":\"https:\/\/tranthi.vn\/quangnam\/lavabo-kem-chan\/\",\"name\":\"Lavabo k\u00e8m ch\u00e2n-TA - V\u1eadt Li\u1ec7u X\u00e2y D\u1ef1ng Tr\u1ea7n Th\u1ecb Chi Nh\u00e1nh Qu\u1ea3ng Nam\",\"isPartOf\":{\"@id\":\"https:\/\/tranthi.vn\/quangnam\/#website\"},\"primaryImageOfPage\":{\"@id\":\"https:\/\/tranthi.vn\/quangnam\/lavabo-kem-chan\/#primaryimage\"},\"image\":{\"@id\":\"https:\/\/tranthi.vn\/quangnam\/lavabo-kem-chan\/#primaryimage\"},\"thumbnailUrl\":\"https:\/\/tranthi.vn\/quangnam\/wp-content\/uploads\/2021\/06\/lavabo-kem-chan_optimized-copy.jpg\",\"datePublished\":\"2021-06-14T08:11:49+00:00\",\"dateModified\":\"2024-06-10T06:25:53+00:00\",\"breadcrumb\":{\"@id\":\"https:\/\/tranthi.vn\/quangnam\/lavabo-kem-chan\/#breadcrumb\"},\"inLanguage\":\"vi\",\"potentialAction\":[{\"@type\":\"ReadAction\",\"target\":[\"https:\/\/tranthi.vn\/quangnam\/lavabo-kem-chan\/\"]}]},{\"@type\":\"ImageObject\",\"inLanguage\":\"vi\",\"@id\":\"https:\/\/tranthi.vn\/quangnam\/lavabo-kem-chan\/#primaryimage\",\"url\":\"https:\/\/tranthi.vn\/quangnam\/wp-content\/uploads\/2021\/06\/lavabo-kem-chan_optimized-copy.jpg\",\"contentUrl\":\"https:\/\/tranthi.vn\/quangnam\/wp-content\/uploads\/2021\/06\/lavabo-kem-chan_optimized-copy.jpg\",\"width\":270,\"height\":264,\"caption\":\"lavabo-kem-chan_optimized-copy.jpg\"},{\"@type\":\"BreadcrumbList\",\"@id\":\"https:\/\/tranthi.vn\/quangnam\/lavabo-kem-chan\/#breadcrumb\",\"itemListElement\":[{\"@type\":\"ListItem\",\"position\":1,\"name\":\"Trang ch\u1ee7\",\"item\":\"https:\/\/tranthi.vn\/quangnam\/\"},{\"@type\":\"ListItem\",\"position\":2,\"name\":\"Shop\",\"item\":\"https:\/\/tranthi.vn\/quangnam\/shop\/\"},{\"@type\":\"ListItem\",\"position\":3,\"name\":\"Lavabo k\u00e8m ch\u00e2n-TA\"}]},{\"@type\":\"WebSite\",\"@id\":\"https:\/\/tranthi.vn\/quangnam\/#website\",\"url\":\"https:\/\/tranthi.vn\/quangnam\/\",\"name\":\"V\u1eadt Li\u1ec7u X\u00e2y D\u1ef1ng Tr\u1ea7n Th\u1ecb Chi Nh\u00e1nh Qu\u1ea3ng Nam\",\"description\":\"V\u1eadt Li\u1ec7u X\u00e2y D\u1ef1ng - Qu\u1ea3ng Nam\",\"potentialAction\":[{\"@type\":\"SearchAction\",\"target\":{\"@type\":\"EntryPoint\",\"urlTemplate\":\"https:\/\/tranthi.vn\/quangnam\/?s={search_term_string}\"},\"query-input\":\"required name=search_term_string\"}],\"inLanguage\":\"vi\"},{\"@type\":\"ImageObject\",\"inLanguage\":\"vi\",\"@id\":\"https:\/\/tranthi.vn\/quangnam\/lavabo-kem-chan\/#local-main-organization-logo\",\"url\":\"\",\"contentUrl\":\"\",\"caption\":\"V\u1eadt Li\u1ec7u X\u00e2y D\u1ef1ng Tr\u1ea7n Th\u1ecb Chi Nh\u00e1nh Qu\u1ea3ng Nam\"}]}<\/script>\n<meta property=\"product:price:amount\" content=\"570000\" \/>\n<meta property=\"product:price:currency\" content=\"VND\" \/>\n<meta property=\"og:availability\" content=\"instock\" \/>\n<meta property=\"product:availability\" content=\"instock\" \/>\n<meta property=\"product:condition\" content=\"new\" \/>\n<!-- \/ Yoast SEO Premium plugin. -->","yoast_head_json":{"title":"Lavabo k\u00e8m ch\u00e2n-TA - V\u1eadt Li\u1ec7u X\u00e2y D\u1ef1ng Tr\u1ea7n Th\u1ecb Chi Nh\u00e1nh Qu\u1ea3ng Nam","robots":{"index":"index","follow":"follow","max-snippet":"max-snippet:-1","max-image-preview":"max-image-preview:large","max-video-preview":"max-video-preview:-1"},"canonical":"https:\/\/tranthi.vn\/quangnam\/lavabo-kem-chan\/","og_locale":"vi_VN","og_type":"article","og_title":"Lavabo k\u00e8m ch\u00e2n-TA","og_description":"\ud83e\udd70Combo lavabo treo t\u01b0\u1eddng k\u00e8m ch\u00e2n ng\u1eafn  \ud83e\udd70K\u00edch th\u01b0\u1edbc: 520x440x490  \ud83e\udd70\u0110\u01a1n gi\u00e1: 570.000\/b\u1ed9(Ch\u1eadu + ch\u00e2n treo)  (Kh\u00f4ng c\u00f3 ph\u1ee5 ki\u1ec7n \u0111i k\u00e8m nh\u01b0 v\u00f2i, b\u00e1ch hay \u1ed1ng tho\u00e1t n\u01b0\u1edbc)  V\u1eadn chuy\u1ec3n trong n\u1ed9i th\u00e0nh \u0110\u00e0 N\u1eb5ng\u00a0","og_url":"https:\/\/tranthi.vn\/quangnam\/lavabo-kem-chan\/","og_site_name":"V\u1eadt Li\u1ec7u X\u00e2y D\u1ef1ng Tr\u1ea7n Th\u1ecb Chi Nh\u00e1nh Qu\u1ea3ng Nam","article_modified_time":"2024-06-10T06:25:53+00:00","og_image":[{"width":270,"height":264,"url":"https:\/\/tranthi.vn\/quangnam\/wp-content\/uploads\/2021\/06\/lavabo-kem-chan_optimized-copy.jpg","type":"image\/jpeg"}],"twitter_card":"summary_large_image","twitter_misc":{"Gi\u00e1":"570,000&nbsp;&#8363;","Kh\u1ea3 d\u1ee5ng":"Trong kho"},"schema":{"@context":"https:\/\/schema.org","@graph":[{"@type":["WebPage","ItemPage"],"@id":"https:\/\/tranthi.vn\/quangnam\/lavabo-kem-chan\/","url":"https:\/\/tranthi.vn\/quangnam\/lavabo-kem-chan\/","name":"Lavabo k\u00e8m ch\u00e2n-TA - V\u1eadt Li\u1ec7u X\u00e2y D\u1ef1ng Tr\u1ea7n Th\u1ecb Chi Nh\u00e1nh Qu\u1ea3ng Nam","isPartOf":{"@id":"https:\/\/tranthi.vn\/quangnam\/#website"},"primaryImageOfPage":{"@id":"https:\/\/tranthi.vn\/quangnam\/lavabo-kem-chan\/#primaryimage"},"image":{"@id":"https:\/\/tranthi.vn\/quangnam\/lavabo-kem-chan\/#primaryimage"},"thumbnailUrl":"https:\/\/tranthi.vn\/quangnam\/wp-content\/uploads\/2021\/06\/lavabo-kem-chan_optimized-copy.jpg","datePublished":"2021-06-14T08:11:49+00:00","dateModified":"2024-06-10T06:25:53+00:00","breadcrumb":{"@id":"https:\/\/tranthi.vn\/quangnam\/lavabo-kem-chan\/#breadcrumb"},"inLanguage":"vi","potentialAction":[{"@type":"ReadAction","target":["https:\/\/tranthi.vn\/quangnam\/lavabo-kem-chan\/"]}]},{"@type":"ImageObject","inLanguage":"vi","@id":"https:\/\/tranthi.vn\/quangnam\/lavabo-kem-chan\/#primaryimage","url":"https:\/\/tranthi.vn\/quangnam\/wp-content\/uploads\/2021\/06\/lavabo-kem-chan_optimized-copy.jpg","contentUrl":"https:\/\/tranthi.vn\/quangnam\/wp-content\/uploads\/2021\/06\/lavabo-kem-chan_optimized-copy.jpg","width":270,"height":264,"caption":"lavabo-kem-chan_optimized-copy.jpg"},{"@type":"BreadcrumbList","@id":"https:\/\/tranthi.vn\/quangnam\/lavabo-kem-chan\/#breadcrumb","itemListElement":[{"@type":"ListItem","position":1,"name":"Trang ch\u1ee7","item":"https:\/\/tranthi.vn\/quangnam\/"},{"@type":"ListItem","position":2,"name":"Shop","item":"https:\/\/tranthi.vn\/quangnam\/shop\/"},{"@type":"ListItem","position":3,"name":"Lavabo k\u00e8m ch\u00e2n-TA"}]},{"@type":"WebSite","@id":"https:\/\/tranthi.vn\/quangnam\/#website","url":"https:\/\/tranthi.vn\/quangnam\/","name":"V\u1eadt Li\u1ec7u X\u00e2y D\u1ef1ng Tr\u1ea7n Th\u1ecb Chi Nh\u00e1nh Qu\u1ea3ng Nam","description":"V\u1eadt Li\u1ec7u X\u00e2y D\u1ef1ng - Qu\u1ea3ng Nam","potentialAction":[{"@type":"SearchAction","target":{"@type":"EntryPoint","urlTemplate":"https:\/\/tranthi.vn\/quangnam\/?s={search_term_string}"},"query-input":"required name=search_term_string"}],"inLanguage":"vi"},{"@type":"ImageObject","inLanguage":"vi","@id":"https:\/\/tranthi.vn\/quangnam\/lavabo-kem-chan\/#local-main-organization-logo","url":"","contentUrl":"","caption":"V\u1eadt Li\u1ec7u X\u00e2y D\u1ef1ng Tr\u1ea7n Th\u1ecb Chi Nh\u00e1nh Qu\u1ea3ng Nam"}]},"product_price_amount":"570000","product_price_currency":"VND","og_availability":"instock","product_availability":"instock","product_condition":"new"},"_links":{"self":[{"href":"https:\/\/tranthi.vn\/quangnam\/wp-json\/wp\/v2\/product\/3293","targetHints":{"allow":["GET"]}}],"collection":[{"href":"https:\/\/tranthi.vn\/quangnam\/wp-json\/wp\/v2\/product"}],"about":[{"href":"https:\/\/tranthi.vn\/quangnam\/wp-json\/wp\/v2\/types\/product"}],"replies":[{"embeddable":true,"href":"https:\/\/tranthi.vn\/quangnam\/wp-json\/wp\/v2\/comments?post=3293"}],"wp:featuredmedia":[{"embeddable":true,"href":"https:\/\/tranthi.vn\/quangnam\/wp-json\/wp\/v2\/media\/6104"}],"wp:attachment":[{"href":"https:\/\/tranthi.vn\/quangnam\/wp-json\/wp\/v2\/media?parent=3293"}],"wp:term":[{"taxonomy":"product_cat","embeddable":true,"href":"https:\/\/tranthi.vn\/quangnam\/wp-json\/wp\/v2\/product_cat?post=3293"},{"taxonomy":"product_tag","embeddable":true,"href":"https:\/\/tranthi.vn\/quangnam\/wp-json\/wp\/v2\/product_tag?post=3293"}],"curies":[{"name":"wp","href":"https:\/\/api.w.org\/{rel}","templated":true}]}}