{"id":2973,"date":"2021-04-02T16:35:36","date_gmt":"2021-04-02T09:35:36","guid":{"rendered":"https:\/\/tranthi.vn\/quangnam\/?post_type=product&#038;p=2973"},"modified":"2024-11-14T15:51:02","modified_gmt":"2024-11-14T08:51:02","slug":"gia-son-gia-be-tong-pukaco-hoi-an-tam-ky-quang-nam","status":"publish","type":"product","link":"https:\/\/tranthi.vn\/quangnam\/gia-son-gia-be-tong-pukaco-hoi-an-tam-ky-quang-nam\/","title":{"rendered":"S\u01a1n gi\u1ea3 b\u00ea t\u00f4ng Pukaco"},"content":{"rendered":"<h1 style=\"text-align: center;\"><span style=\"font-family: 'times new roman', times, serif; font-size: 130%;\"><strong>B\u1ea3ng gi\u00e1 s\u01a1n b\u00ea t\u00f4ng pukaco H\u1ed9i An-Tam K\u1ef3-Qu\u1ea3ng Nam<\/strong><\/span><\/h1>\n<p><span style=\"font-family: 'times new roman', times, serif; font-size: 130%; color: #000000;\">Tr\u1ea7n Th\u1ecb chuy\u00ean cung c\u1ea5p <strong><em>s\u01a1n gi\u1ea3 b\u00ea t\u00f4ng Pukaco<\/em><\/strong> v\u1edbi<strong><em> gi\u00e1<\/em><\/strong> h\u1ea5p d\u1eabn t\u1ea1i <a href=\"https:\/\/vi.wikipedia.org\/wiki\/Qu%E1%BA%A3ng_Nam\"><em>Qu\u1ea3ng Nam<\/em><\/a>. S\u01a1n lu\u00f4n \u0111\u01b0\u1ee3c \u0111\u1ea3m b\u1ea3o ch\u1ea5t l\u01b0\u1ee3ng mang t\u00ednh th\u1ea9m m\u1ef9 cao v\u00e0 \u0111\u1ea3m b\u1ea3o an to\u00e0n cho s\u1ee9c kh\u1ecfe ng\u01b0\u1eddi s\u1eed d\u1ee5ng<\/span><\/p>\n<figure id=\"attachment_7701\" aria-describedby=\"caption-attachment-7701\" style=\"width: 374px\" class=\"wp-caption aligncenter\"><img loading=\"lazy\" decoding=\"async\" class=\" wp-image-7701\" src=\"https:\/\/tranthi.vn\/quangnam\/wp-content\/uploads\/2021\/04\/son-nhu-vang-pukaco-tai-tam-ky-hoi-an-quang-nam.png\" alt=\"s\u01a1n nh\u0169 v\u00e0ng pukaco t\u1ea1i tam k\u1ef3- h\u1ed9i an- qu\u1ea3ng nam\" width=\"374\" height=\"267\" \/><figcaption id=\"caption-attachment-7701\" class=\"wp-caption-text\">s\u01a1n nh\u0169 v\u00e0ng pukaco t\u1ea1i tam k\u1ef3- h\u1ed9i an- qu\u1ea3ng nam<\/figcaption><\/figure>\n<h2><strong><span style=\"font-family: 'times new roman', times, serif; font-size: 100%; color: #ff0000;\">1. B\u1ea3ng <a style=\"color: #ff0000;\" href=\"https:\/\/vi.wikipedia.org\/wiki\/Gi%C3%A1\"><em>gi\u00e1<\/em><\/a> s\u01a1n b\u00ea t\u00f4ng <a style=\"color: #ff0000;\" href=\"https:\/\/www.sontuongbetong.com\/\"><em>pukaco<\/em><\/a><\/span><\/strong><\/h2>\n<p><span style=\"font-family: 'times new roman', times, serif; font-size: 130%;\">\u00a0 \u00a0 <span style=\"color: #000000;\">1. <span style=\"color: #008000;\"><a style=\"color: #008000;\" href=\"https:\/\/vi.wikipedia.org\/wiki\/S%C6%A1n\">S\u01a1n<\/a><\/span> b\u00ea t\u00f4ng 6kg: 890.000\u0111\/6kg<\/span><\/span><\/p>\n<p><span style=\"font-family: 'times new roman', times, serif; font-size: 130%; color: #000000;\">\u00a0 \u00a0 2. Gel ph\u1ee7 b\u1ea3o v\u1ec7 1 l\u00edt: 375.000\u0111\/l\u00edt<\/span><\/p>\n<p><span style=\"font-family: 'times new roman', times, serif; font-size: 130%; color: #000000;\">\u00a0 \u00a0 4. Bay b\u00ea t\u00f4ng: 590.000\u0111\/c\u00e1i<\/span><\/p>\n<p><span style=\"font-family: 'times new roman', times, serif; font-size: 130%; color: #000000;\"> \u00a0 \u00a05. Ph\u00f4 mai ph\u1ee7 gel:\u00a0 165.000\u0111\/c\u00e1i<\/span><\/p>\n<h2><span style=\"font-size: 100%;\"><strong><span style=\"font-family: 'times new roman', times, serif; color: #ff0000;\">2. Quy tr\u00ecnh thi c\u00f4ng s\u01a1n gi\u1ea3 b\u00ea t\u00f4ng pukaco<\/span><\/strong><\/span><\/h2>\n<p><span style=\"font-family: 'times new roman', times, serif; font-size: 130%; color: #000000;\">T\u1ea1i <strong><a href=\"https:\/\/vi.wikipedia.org\/wiki\/Qu%E1%BA%A3ng_Nam\"><em>Qu\u1ea3ng Nam<\/em><\/a><em><strong>\u00a0s\u01a1n g<\/strong>i\u1ea3 b\u00ea t\u00f4ng Pukaco<\/em><\/strong> \u0111ang d\u1ea7n \u0111\u01b0\u1ee3c s\u1eed d\u1ee5ng ph\u1ed5 bi\u1ebfn v\u1edbi m\u1ee9c gi\u00e1 kh\u00f4ng qu\u00e1 cao. Vi\u1ec7c thi c\u00f4ng \u0111\u00f2i h\u1ecfi th\u1ee3 c\u00f3 tay ngh\u1ec1 cao m\u1edbi \u0111\u1ea3m \u0111\u01b0\u1ee3c t\u00ednh th\u1ea9m m\u1ef9 c\u1ee7a b\u1ec1 m\u1eb7t t\u01b0\u1eddng s\u01a1n<\/span><\/p>\n<p><span style=\"font-family: 'times new roman', times, serif; font-size: 130%; color: #000000;\">T\u00f9y thu\u1ed9c v\u00e0o m\u00e0u s\u01a1n kh\u00e1ch h\u00e0ng ch\u1ecdn m\u00e0 th\u1ee3 s\u1ebd l\u1ef1a ch\u1ecdn c\u00e1ch thi c\u00f4ng kh\u00e1c nhau<\/span><\/p>\n<p><span style=\"font-family: 'times new roman', times, serif; font-size: 130%; color: #000000;\">C\u00e1ch th\u1ee9 1: D\u00e0nh cho nh\u1eefng m\u00e0u \u0111\u01a1n s\u1eafc v\u00e0 th\u1ee3 c\u00f3 tay ngh\u1ec1<\/span><\/p>\n<p><span style=\"font-family: 'times new roman', times, serif; font-size: 130%; color: #000000;\">D\u00f9ng bay chuy\u00ean d\u1ee5ng tr\u00e9t 1 l\u1edbp m\u00e0u l\u00ean t\u01b0\u1eddng \u0111\u1ea3m b\u1ea3o che l\u1ea5p \u0111\u01b0\u1ee3c t\u01b0\u1eddng mi\u1ebft \u0111\u1ec1u cho b\u1ec1 m\u1eb7t s\u01a1n kh\u00f4ng qu\u00e1 d\u00e0y c\u0169ng kh\u00f4ng qu\u00e1 m\u1ecfng<\/span><\/p>\n<p><span style=\"font-family: 'times new roman', times, serif; font-size: 130%; color: #000000;\">Sau khi \u0111\u1ee3i l\u1edbp s\u01a1n kh\u00f4 v\u1eabn c\u00f2n h\u01a1i \u1ea9m, d\u00f9ng bay mi\u1ebft nh\u1eb9 \u0111\u1ec3 t\u1ea1o \u0111\u1ed9 \u0111\u1eadm nh\u1ea1t cho b\u1ec1 m\u1eb7t t\u01b0\u1eddng c\u0169ng nh\u01b0 t\u1ea1o n\u00ean nh\u1eefng \u0111\u01b0\u1eddng v\u00e2n ch\u00e2n th\u1eadt nh\u1ea5t<\/span><\/p>\n<p><span style=\"font-family: 'times new roman', times, serif; font-size: 130%; color: #000000;\">Sau \u0111\u00f3 s\u1ebd d\u00f9ng 1 l\u1edbp keo trong su\u1ed1t l\u0103n l\u00ean tr\u00ean \u0111\u1ec3 \u0111\u1ea3m b\u1ea3o \u0111\u01b0\u1ee3c \u0111\u1ed9 b\u1ec1n c\u1ee7a b\u1ec1 m\u1eb7t s\u01a1n<\/span><\/p>\n<p><span style=\"font-family: 'times new roman', times, serif; font-size: 130%; color: #000000;\">Quy tr\u00ecnh thi c\u00f4ng n\u00e0y d\u00e0nh cho nh\u1eefng th\u1ee3 \u0111\u00e3 l\u00e0nh ngh\u1ec1 v\u00e0 m\u00e0u s\u01a1n kh\u00f4ng qu\u00e1 ph\u1ee9c t\u1ea1p<\/span><\/p>\n<p><span style=\"font-family: 'times new roman', times, serif; font-size: 130%; color: #000000;\">C\u00e1ch th\u1ee9 2<\/span><\/p>\n<p><span style=\"font-family: 'times new roman', times, serif; font-size: 130%; color: #000000;\">T\u01b0\u01a1ng t\u1ef1 nh\u01b0 c\u00e1ch 1 l\u1edbp th\u1ee9 nh\u1ea5t c\u0169ng d\u00f9ng bay tr\u1ea3i \u0111\u1ec1u s\u01a1n l\u00ean b\u1ec1 m\u1eb7t<\/span><\/p>\n<p><span style=\"font-family: 'times new roman', times, serif; font-size: 130%; color: #000000;\">sau khi l\u1edbp s\u01a1n kh\u00f4 c\u00f2n h\u01a1i \u1ea9m d\u00f9ng mi\u1ebfng m\u00fat b\u00f4ng ch\u1ea5m v\u00e0o m\u00e0u s\u01a1n nh\u1ea1t s\u01a1n v\u00e0 d\u1eb7m l\u00ean l\u1edbp s\u01a1n th\u1ee9 nh\u1ea5t, d\u1eb7m m\u1ecfng v\u00e0 \u0111\u1ec1u tay m\u1ee5c \u0111\u00edch c\u0169ng \u0111\u1ec3 tao v\u00e2n \u0111\u1eadm nh\u1ea1t cho m\u1ea3ng s\u01a1n. Sau khi d\u1eb7m c\u00f3 th\u1ec3 d\u00f9ng bay mi\u1ebft \u0111\u1ec3 ti\u1ec7p 2 l\u1edbp s\u01a1n v\u00e0o v\u1edbi nhau<\/span><\/p>\n<p><span style=\"font-family: 'times new roman', times, serif; font-size: 130%; color: #000000;\">sau c\u00f9ng c\u0169ng ph\u1ee7 l\u00ean 1 l\u1edbp s\u01a1n b\u00f3ng<\/span><\/p>\n<p>&nbsp;<\/p>\n<p style=\"text-align: center;\"><iframe loading=\"lazy\" src=\"\/\/www.youtube.com\/embed\/UQMUmN7NDIY\" width=\"560\" height=\"314\" allowfullscreen=\"allowfullscreen\"><\/iframe><\/p>\n<h2><strong><span style=\"font-family: 'times new roman', times, serif; font-size: 100%; color: #ff0000;\">3. S\u01a1n hi\u1ec7u \u1ee9ng b\u00ea t\u00f4ng l\u00e0 g\u00ec?<\/span><\/strong><\/h2>\n<ul>\n<li><span style=\"font-family: 'times new roman', times, serif; font-size: 130%;\"><span style=\"font-family: 'times new roman', times, serif;\"><em><strong>S\u01a1n <\/strong><\/em>hi\u1ec7u \u1ee9ng<em><strong> gi\u1ea3 b\u00ea t\u00f4ng<\/strong><\/em>(hay Deco Concrete) b\u1ea3n ch\u1ea5t kh\u00f4ng ph\u1ea3i l\u00e0 s\u01a1n n\u01b0\u1edbc, m\u00e0 l\u00e0 m\u1ed9t lo\u1ea1i v\u1eefa (plaster) \u0111\u1eb7c bi\u1ec7t, chuy\u00ean d\u00f9ng \u0111\u1ec3 t\u1ea1o hi\u1ec7u \u1ee9ng v\u00e2n m\u00e0u <strong>b\u00ea<\/strong> <em>t\u00f4ng<\/em> r\u1ea5t th\u1eadt do k\u1ebft c\u1ea5u v\u1eadt li\u1ec7u c\u1ee7a c\u00e1c l\u1edbp v\u1eefa v\u00e0 c\u00e1ch th\u1ee9c thi c\u00f4ng \u0111\u1eb7c bi\u1ec7t m\u00e0 t\u1ea1o th\u00e0nh.<\/span><\/span><\/li>\n<\/ul>\n<p><img loading=\"lazy\" decoding=\"async\" class=\" wp-image-7702 aligncenter\" src=\"https:\/\/tranthi.vn\/quangnam\/wp-content\/uploads\/2021\/04\/son-nhu-vang-pukaco-tai-tam-ky-hoi-an-quang-nam.jpg\" alt=\"s\u01a1n nh\u0169 v\u00e0ng pukaco t\u1ea1i tam k\u1ef3- h\u1ed9i an- qu\u1ea3ng nam\" width=\"297\" height=\"297\" srcset=\"https:\/\/tranthi.vn\/quangnam\/wp-content\/uploads\/2021\/04\/son-nhu-vang-pukaco-tai-tam-ky-hoi-an-quang-nam.jpg 250w, https:\/\/tranthi.vn\/quangnam\/wp-content\/uploads\/2021\/04\/son-nhu-vang-pukaco-tai-tam-ky-hoi-an-quang-nam-100x100.jpg 100w\" sizes=\"auto, (max-width: 297px) 100vw, 297px\" \/><\/p>\n<p style=\"text-align: center;\"><strong><em><span style=\"font-family: 'times new roman', times, serif; font-size: 130%;\">B\u1ea3ng m\u00e0u s\u01a1n gi\u1ea3 b\u00ea t\u00f4ng pukaco<\/span><\/em><\/strong><\/p>\n<ul>\n<li><span style=\"font-family: 'times new roman', times, serif; font-size: 130%;\">Hi\u1ec7u \u1ee9ng b\u00ea t\u00f4ng \u0111\u01b0\u1ee3c h\u00ecnh th\u00e0nh b\u1eb1ng c\u00e1ch t\u1ea1o ra nhi\u1ec1u l\u1edbp v\u00e2n m\u00e2y c\u00f3 m\u00e0u \u0111\u1eadm nh\u1ea1t t\u1eeb ch\u1ea5t li\u1ec7u v\u1eefa (plaster). M\u1eb7c d\u00f9 nh\u00ecn th\u1ea5y l\u1edbp v\u00e2n m\u00e2y m\u1edd c\u1ee7a c\u00e1c n\u1ec1n b\u00ea t\u00f4ng nh\u01b0 khi th\u00e1o c\u1ed1p pha v\u00e0 m\u00e0i ph\u1eb3ng, tuy nhi\u00ean, b\u1ec1 m\u1eb7t khi ch\u1ea1m tay v\u00e0o kh\u00f4ng h\u1ec1 th\u00f4 r\u00e1p m\u00e0 v\u00f4 c\u00f9ng nh\u1eb5n m\u1ecbn v\u00e0 m\u00e1t l\u1ea1nh. Hi\u1ec7u \u1ee9ng <em><strong>b\u00ea t\u00f4ng<\/strong><\/em> h\u00f2a v\u00e0o l\u1edbp n\u1ec1n, t\u1ea1o n\u00ean c\u1ea3m gi\u00e1c r\u1ea5t ch\u00e2n th\u1eadt\u00a0<\/span><\/li>\n<\/ul>\n<p>&nbsp;<\/p>\n<p style=\"text-align: center;\"><span style=\"font-family: 'times new roman', times, serif; font-size: 130%;\"> .<iframe loading=\"lazy\" src=\"\/\/www.youtube.com\/embed\/fYwa59rh-5s\" width=\"560\" height=\"314\" allowfullscreen=\"allowfullscreen\"><\/iframe><\/span><\/p>\n<h2><strong><span style=\"font-family: 'times new roman', times, serif; font-size: 100%; color: #ff0000;\">4. \u1ee8ng d\u1ee5ng c\u1ee7a S\u01a1n hi\u1ec7u \u1ee9ng b\u00ea t\u00f4ng<\/span><\/strong><\/h2>\n<ul>\n<li><span style=\"font-family: 'times new roman', times, serif; font-size: 130%;\">Trong nh\u1eefng n\u0103m g\u1ea7n \u0111\u00e2y, <strong>S\u01a1n<\/strong> hi\u1ec7u \u1ee9ng <em>b\u00ea t\u00f4ng<\/em> l\u00e0 m\u1ed9t trong nh\u1eefng v\u1eadt li\u1ec7u m\u1edbi r\u1ea5t \u0111\u01b0\u1ee3c \u01b0a chu\u1ed9ng,\u00a0 \u0111\u1eb7c bi\u1ec7t t\u1ea1i Vi\u1ec7t Nam chung v\u00e0 <em><a href=\"https:\/\/vi.wikipedia.org\/wiki\/Qu%E1%BA%A3ng_Nam\"><strong>Qu\u1ea3ng Nam<\/strong><\/a>\u00a0<\/em>n\u00f3i ri\u00eang<\/span><span style=\"font-family: 'times new roman', times, serif; font-size: 130%;\">.<br \/>\n<\/span><\/li>\n<\/ul>\n<p><img loading=\"lazy\" decoding=\"async\" class=\"alignnone size-full wp-image-4176\" src=\"https:\/\/tranthi.vn\/quangnam\/wp-content\/uploads\/2021\/04\/son-gia-be-tong-pukaco-da-nang_optimized.jpg\" alt=\"\" width=\"1080\" height=\"543\" srcset=\"https:\/\/tranthi.vn\/quangnam\/wp-content\/uploads\/2021\/04\/son-gia-be-tong-pukaco-da-nang_optimized.jpg 1080w, https:\/\/tranthi.vn\/quangnam\/wp-content\/uploads\/2021\/04\/son-gia-be-tong-pukaco-da-nang_optimized-768x386.jpg 768w, https:\/\/tranthi.vn\/quangnam\/wp-content\/uploads\/2021\/04\/son-gia-be-tong-pukaco-da-nang_optimized-800x402.jpg 800w\" sizes=\"auto, (max-width: 1080px) 100vw, 1080px\" \/><\/p>\n<ul>\n<li><span style=\"font-family: 'times new roman', times, serif; font-size: 130%;\"><span style=\"font-family: 'times new roman', times, serif;\">S\u01a1n gi\u1ea3 b\u00ea t\u00f4ng \u0111ang d\u1ea7n tr\u1edf th\u00e0nh xu th\u1ebf v\u00e0 \u0111\u01b0\u1ee3c \u1ee9ng d\u1ee5ng nhi\u1ec1u trong c\u00f4ng tr\u00ecnh qu\u00e1n v\u00e0 nh\u00e0 \u1edf.<\/span><\/span><\/li>\n<li><span style=\"font-family: times new roman, times, serif;\"><span style=\"font-size: 18.72px;\">M\u1ed9t n\u00e9t \u0111\u1ed9c \u0111\u00e1o cho kh\u00f4ng gian v\u1eeba m\u1edbi l\u1ea1 v\u1eeba m\u1ed9c m\u1ea1c<\/span><\/span><\/li>\n<\/ul>\n","protected":false},"excerpt":{"rendered":"<p><span style=\"color: #000000;\"><strong><span style=\"font-family: 'times new roman', times, serif; font-size: 130%;\">S\u01a1n Pukaco<\/span><\/strong><\/span><\/p>\n<p><span style=\"font-family: 'times new roman', times, serif; font-size: 130%;\">\u0110\u01a1n gi\u00e1: <span style=\"color: #ff0000;\"><strong>890.000\u0111\/ 6kg<\/strong><\/span><\/span><\/p>\n<p><span style=\"color: #0000ff;\"><em><span style=\"font-family: 'times new roman', times, serif; font-size: 130%;\">V\u1eadn chuy\u1ec3n trong n\u1ed9i th\u00e0nh <a href=\"https:\/\/vi.wikipedia.org\/wiki\/Qu%E1%BA%A3ng_Nam\">Qu\u1ea3ng Nam<\/a><\/span><\/em><\/span><\/p>\n","protected":false},"featured_media":4175,"comment_status":"closed","ping_status":"closed","template":"","meta":[],"product_cat":[139,316],"product_tag":[],"class_list":{"0":"post-2973","1":"product","2":"type-product","3":"status-publish","4":"has-post-thumbnail","6":"product_cat-son","7":"product_cat-son-be-tong","9":"first","10":"instock","11":"sale","12":"shipping-taxable","13":"purchasable","14":"product-type-simple"},"yoast_head":"<!-- This site is optimized with the Yoast SEO Premium plugin v22.3 (Yoast SEO v22.8) - https:\/\/yoast.com\/wordpress\/plugins\/seo\/ -->\n<title>Gi\u00e1 s\u01a1n gi\u1ea3 b\u00ea t\u00f4ng Pukaco t\u1ea1i Qu\u1ea3ng Nam-0947.335.871<\/title>\n<meta name=\"description\" content=\"Tr\u1ea7n th\u1ecb - \u0111\u1ea1i l\u00fd ph\u00e2n ph\u1ed1i s\u01a1n gi\u1ea3 b\u00ea t\u00f4ng Pukaco gi\u00e1 r\u1ebb t\u1ea1i Qu\u1ea3ng Nam, s\u01a1n hi\u1ec7u \u1ee9ng b\u00ea t\u00f4ng l\u00e0 m\u1ed9t trong nh\u1eefng v\u1eadt li\u1ec7u m\u1edbi r\u1ea5t \u0111\u01b0\u1ee3c \u01b0a chu\u1ed9ng\" \/>\n<meta name=\"robots\" content=\"index, follow, max-snippet:-1, max-image-preview:large, max-video-preview:-1\" \/>\n<link rel=\"canonical\" href=\"https:\/\/tranthi.vn\/quangnam\/gia-son-gia-be-tong-pukaco-hoi-an-tam-ky-quang-nam\/\" \/>\n<meta property=\"og:locale\" content=\"vi_VN\" \/>\n<meta property=\"og:type\" content=\"article\" \/>\n<meta property=\"og:title\" content=\"S\u01a1n gi\u1ea3 b\u00ea t\u00f4ng Pukaco\" \/>\n<meta property=\"og:description\" content=\"Tr\u1ea7n th\u1ecb - \u0111\u1ea1i l\u00fd ph\u00e2n ph\u1ed1i s\u01a1n gi\u1ea3 b\u00ea t\u00f4ng Pukaco gi\u00e1 r\u1ebb t\u1ea1i Qu\u1ea3ng Nam, s\u01a1n hi\u1ec7u \u1ee9ng b\u00ea t\u00f4ng l\u00e0 m\u1ed9t trong nh\u1eefng v\u1eadt li\u1ec7u m\u1edbi r\u1ea5t \u0111\u01b0\u1ee3c \u01b0a chu\u1ed9ng\" \/>\n<meta property=\"og:url\" content=\"https:\/\/tranthi.vn\/quangnam\/gia-son-gia-be-tong-pukaco-hoi-an-tam-ky-quang-nam\/\" \/>\n<meta property=\"og:site_name\" content=\"V\u1eadt Li\u1ec7u X\u00e2y D\u1ef1ng Tr\u1ea7n Th\u1ecb Chi Nh\u00e1nh Qu\u1ea3ng Nam\" \/>\n<meta property=\"article:modified_time\" content=\"2024-11-14T08:51:02+00:00\" \/>\n<meta property=\"og:image\" content=\"https:\/\/tranthi.vn\/quangnam\/wp-content\/uploads\/2021\/04\/gia-son-gia-be-tong-pukaco-da-nang_optimized.jpg\" \/>\n\t<meta property=\"og:image:width\" content=\"500\" \/>\n\t<meta property=\"og:image:height\" content=\"500\" \/>\n\t<meta property=\"og:image:type\" content=\"image\/jpeg\" \/>\n<meta name=\"twitter:card\" content=\"summary_large_image\" \/>\n<meta name=\"twitter:label1\" content=\"Gi\u00e1\" \/>\n\t<meta name=\"twitter:data1\" content=\"890,000&nbsp;&#8363;\" \/>\n\t<meta name=\"twitter:label2\" content=\"Kh\u1ea3 d\u1ee5ng\" \/>\n\t<meta name=\"twitter:data2\" content=\"Trong kho\" \/>\n<script type=\"application\/ld+json\" class=\"yoast-schema-graph\">{\"@context\":\"https:\/\/schema.org\",\"@graph\":[{\"@type\":[\"WebPage\",\"ItemPage\"],\"@id\":\"https:\/\/tranthi.vn\/quangnam\/gia-son-gia-be-tong-pukaco-hoi-an-tam-ky-quang-nam\/\",\"url\":\"https:\/\/tranthi.vn\/quangnam\/gia-son-gia-be-tong-pukaco-hoi-an-tam-ky-quang-nam\/\",\"name\":\"Gi\u00e1 s\u01a1n gi\u1ea3 b\u00ea t\u00f4ng Pukaco t\u1ea1i Qu\u1ea3ng Nam-0947.335.871\",\"isPartOf\":{\"@id\":\"https:\/\/tranthi.vn\/quangnam\/#website\"},\"primaryImageOfPage\":{\"@id\":\"https:\/\/tranthi.vn\/quangnam\/gia-son-gia-be-tong-pukaco-hoi-an-tam-ky-quang-nam\/#primaryimage\"},\"image\":{\"@id\":\"https:\/\/tranthi.vn\/quangnam\/gia-son-gia-be-tong-pukaco-hoi-an-tam-ky-quang-nam\/#primaryimage\"},\"thumbnailUrl\":\"https:\/\/tranthi.vn\/quangnam\/wp-content\/uploads\/2021\/04\/gia-son-gia-be-tong-pukaco-da-nang_optimized.jpg\",\"datePublished\":\"2021-04-02T09:35:36+00:00\",\"dateModified\":\"2024-11-14T08:51:02+00:00\",\"description\":\"Tr\u1ea7n th\u1ecb - \u0111\u1ea1i l\u00fd ph\u00e2n ph\u1ed1i s\u01a1n gi\u1ea3 b\u00ea t\u00f4ng Pukaco gi\u00e1 r\u1ebb t\u1ea1i Qu\u1ea3ng Nam, s\u01a1n hi\u1ec7u \u1ee9ng b\u00ea t\u00f4ng l\u00e0 m\u1ed9t trong nh\u1eefng v\u1eadt li\u1ec7u m\u1edbi r\u1ea5t \u0111\u01b0\u1ee3c \u01b0a chu\u1ed9ng\",\"breadcrumb\":{\"@id\":\"https:\/\/tranthi.vn\/quangnam\/gia-son-gia-be-tong-pukaco-hoi-an-tam-ky-quang-nam\/#breadcrumb\"},\"inLanguage\":\"vi\",\"potentialAction\":[{\"@type\":\"ReadAction\",\"target\":[\"https:\/\/tranthi.vn\/quangnam\/gia-son-gia-be-tong-pukaco-hoi-an-tam-ky-quang-nam\/\"]}]},{\"@type\":\"ImageObject\",\"inLanguage\":\"vi\",\"@id\":\"https:\/\/tranthi.vn\/quangnam\/gia-son-gia-be-tong-pukaco-hoi-an-tam-ky-quang-nam\/#primaryimage\",\"url\":\"https:\/\/tranthi.vn\/quangnam\/wp-content\/uploads\/2021\/04\/gia-son-gia-be-tong-pukaco-da-nang_optimized.jpg\",\"contentUrl\":\"https:\/\/tranthi.vn\/quangnam\/wp-content\/uploads\/2021\/04\/gia-son-gia-be-tong-pukaco-da-nang_optimized.jpg\",\"width\":500,\"height\":500},{\"@type\":\"BreadcrumbList\",\"@id\":\"https:\/\/tranthi.vn\/quangnam\/gia-son-gia-be-tong-pukaco-hoi-an-tam-ky-quang-nam\/#breadcrumb\",\"itemListElement\":[{\"@type\":\"ListItem\",\"position\":1,\"name\":\"Trang ch\u1ee7\",\"item\":\"https:\/\/tranthi.vn\/quangnam\/\"},{\"@type\":\"ListItem\",\"position\":2,\"name\":\"Shop\",\"item\":\"https:\/\/tranthi.vn\/quangnam\/shop\/\"},{\"@type\":\"ListItem\",\"position\":3,\"name\":\"S\u01a1n gi\u1ea3 b\u00ea t\u00f4ng Pukaco\"}]},{\"@type\":\"WebSite\",\"@id\":\"https:\/\/tranthi.vn\/quangnam\/#website\",\"url\":\"https:\/\/tranthi.vn\/quangnam\/\",\"name\":\"V\u1eadt Li\u1ec7u X\u00e2y D\u1ef1ng Tr\u1ea7n Th\u1ecb Chi Nh\u00e1nh Qu\u1ea3ng Nam\",\"description\":\"V\u1eadt Li\u1ec7u X\u00e2y D\u1ef1ng - Qu\u1ea3ng Nam\",\"potentialAction\":[{\"@type\":\"SearchAction\",\"target\":{\"@type\":\"EntryPoint\",\"urlTemplate\":\"https:\/\/tranthi.vn\/quangnam\/?s={search_term_string}\"},\"query-input\":\"required name=search_term_string\"}],\"inLanguage\":\"vi\"},{\"@type\":\"ImageObject\",\"inLanguage\":\"vi\",\"@id\":\"https:\/\/tranthi.vn\/quangnam\/gia-son-gia-be-tong-pukaco-hoi-an-tam-ky-quang-nam\/#local-main-organization-logo\",\"url\":\"\",\"contentUrl\":\"\",\"caption\":\"V\u1eadt Li\u1ec7u X\u00e2y D\u1ef1ng Tr\u1ea7n Th\u1ecb Chi Nh\u00e1nh Qu\u1ea3ng Nam\"}]}<\/script>\n<meta property=\"product:price:amount\" content=\"890000\" \/>\n<meta property=\"product:price:currency\" content=\"VND\" \/>\n<meta property=\"og:availability\" content=\"instock\" \/>\n<meta property=\"product:availability\" content=\"instock\" \/>\n<meta property=\"product:condition\" content=\"new\" \/>\n<!-- \/ Yoast SEO Premium plugin. -->","yoast_head_json":{"title":"Gi\u00e1 s\u01a1n gi\u1ea3 b\u00ea t\u00f4ng Pukaco t\u1ea1i Qu\u1ea3ng Nam-0947.335.871","description":"Tr\u1ea7n th\u1ecb - \u0111\u1ea1i l\u00fd ph\u00e2n ph\u1ed1i s\u01a1n gi\u1ea3 b\u00ea t\u00f4ng Pukaco gi\u00e1 r\u1ebb t\u1ea1i Qu\u1ea3ng Nam, s\u01a1n hi\u1ec7u \u1ee9ng b\u00ea t\u00f4ng l\u00e0 m\u1ed9t trong nh\u1eefng v\u1eadt li\u1ec7u m\u1edbi r\u1ea5t \u0111\u01b0\u1ee3c \u01b0a chu\u1ed9ng","robots":{"index":"index","follow":"follow","max-snippet":"max-snippet:-1","max-image-preview":"max-image-preview:large","max-video-preview":"max-video-preview:-1"},"canonical":"https:\/\/tranthi.vn\/quangnam\/gia-son-gia-be-tong-pukaco-hoi-an-tam-ky-quang-nam\/","og_locale":"vi_VN","og_type":"article","og_title":"S\u01a1n gi\u1ea3 b\u00ea t\u00f4ng Pukaco","og_description":"Tr\u1ea7n th\u1ecb - \u0111\u1ea1i l\u00fd ph\u00e2n ph\u1ed1i s\u01a1n gi\u1ea3 b\u00ea t\u00f4ng Pukaco gi\u00e1 r\u1ebb t\u1ea1i Qu\u1ea3ng Nam, s\u01a1n hi\u1ec7u \u1ee9ng b\u00ea t\u00f4ng l\u00e0 m\u1ed9t trong nh\u1eefng v\u1eadt li\u1ec7u m\u1edbi r\u1ea5t \u0111\u01b0\u1ee3c \u01b0a chu\u1ed9ng","og_url":"https:\/\/tranthi.vn\/quangnam\/gia-son-gia-be-tong-pukaco-hoi-an-tam-ky-quang-nam\/","og_site_name":"V\u1eadt Li\u1ec7u X\u00e2y D\u1ef1ng Tr\u1ea7n Th\u1ecb Chi Nh\u00e1nh Qu\u1ea3ng Nam","article_modified_time":"2024-11-14T08:51:02+00:00","og_image":[{"width":500,"height":500,"url":"https:\/\/tranthi.vn\/quangnam\/wp-content\/uploads\/2021\/04\/gia-son-gia-be-tong-pukaco-da-nang_optimized.jpg","type":"image\/jpeg"}],"twitter_card":"summary_large_image","twitter_misc":{"Gi\u00e1":"890,000&nbsp;&#8363;","Kh\u1ea3 d\u1ee5ng":"Trong kho"},"schema":{"@context":"https:\/\/schema.org","@graph":[{"@type":["WebPage","ItemPage"],"@id":"https:\/\/tranthi.vn\/quangnam\/gia-son-gia-be-tong-pukaco-hoi-an-tam-ky-quang-nam\/","url":"https:\/\/tranthi.vn\/quangnam\/gia-son-gia-be-tong-pukaco-hoi-an-tam-ky-quang-nam\/","name":"Gi\u00e1 s\u01a1n gi\u1ea3 b\u00ea t\u00f4ng Pukaco t\u1ea1i Qu\u1ea3ng Nam-0947.335.871","isPartOf":{"@id":"https:\/\/tranthi.vn\/quangnam\/#website"},"primaryImageOfPage":{"@id":"https:\/\/tranthi.vn\/quangnam\/gia-son-gia-be-tong-pukaco-hoi-an-tam-ky-quang-nam\/#primaryimage"},"image":{"@id":"https:\/\/tranthi.vn\/quangnam\/gia-son-gia-be-tong-pukaco-hoi-an-tam-ky-quang-nam\/#primaryimage"},"thumbnailUrl":"https:\/\/tranthi.vn\/quangnam\/wp-content\/uploads\/2021\/04\/gia-son-gia-be-tong-pukaco-da-nang_optimized.jpg","datePublished":"2021-04-02T09:35:36+00:00","dateModified":"2024-11-14T08:51:02+00:00","description":"Tr\u1ea7n th\u1ecb - \u0111\u1ea1i l\u00fd ph\u00e2n ph\u1ed1i s\u01a1n gi\u1ea3 b\u00ea t\u00f4ng Pukaco gi\u00e1 r\u1ebb t\u1ea1i Qu\u1ea3ng Nam, s\u01a1n hi\u1ec7u \u1ee9ng b\u00ea t\u00f4ng l\u00e0 m\u1ed9t trong nh\u1eefng v\u1eadt li\u1ec7u m\u1edbi r\u1ea5t \u0111\u01b0\u1ee3c \u01b0a chu\u1ed9ng","breadcrumb":{"@id":"https:\/\/tranthi.vn\/quangnam\/gia-son-gia-be-tong-pukaco-hoi-an-tam-ky-quang-nam\/#breadcrumb"},"inLanguage":"vi","potentialAction":[{"@type":"ReadAction","target":["https:\/\/tranthi.vn\/quangnam\/gia-son-gia-be-tong-pukaco-hoi-an-tam-ky-quang-nam\/"]}]},{"@type":"ImageObject","inLanguage":"vi","@id":"https:\/\/tranthi.vn\/quangnam\/gia-son-gia-be-tong-pukaco-hoi-an-tam-ky-quang-nam\/#primaryimage","url":"https:\/\/tranthi.vn\/quangnam\/wp-content\/uploads\/2021\/04\/gia-son-gia-be-tong-pukaco-da-nang_optimized.jpg","contentUrl":"https:\/\/tranthi.vn\/quangnam\/wp-content\/uploads\/2021\/04\/gia-son-gia-be-tong-pukaco-da-nang_optimized.jpg","width":500,"height":500},{"@type":"BreadcrumbList","@id":"https:\/\/tranthi.vn\/quangnam\/gia-son-gia-be-tong-pukaco-hoi-an-tam-ky-quang-nam\/#breadcrumb","itemListElement":[{"@type":"ListItem","position":1,"name":"Trang ch\u1ee7","item":"https:\/\/tranthi.vn\/quangnam\/"},{"@type":"ListItem","position":2,"name":"Shop","item":"https:\/\/tranthi.vn\/quangnam\/shop\/"},{"@type":"ListItem","position":3,"name":"S\u01a1n gi\u1ea3 b\u00ea t\u00f4ng Pukaco"}]},{"@type":"WebSite","@id":"https:\/\/tranthi.vn\/quangnam\/#website","url":"https:\/\/tranthi.vn\/quangnam\/","name":"V\u1eadt Li\u1ec7u X\u00e2y D\u1ef1ng Tr\u1ea7n Th\u1ecb Chi Nh\u00e1nh Qu\u1ea3ng Nam","description":"V\u1eadt Li\u1ec7u X\u00e2y D\u1ef1ng - Qu\u1ea3ng Nam","potentialAction":[{"@type":"SearchAction","target":{"@type":"EntryPoint","urlTemplate":"https:\/\/tranthi.vn\/quangnam\/?s={search_term_string}"},"query-input":"required name=search_term_string"}],"inLanguage":"vi"},{"@type":"ImageObject","inLanguage":"vi","@id":"https:\/\/tranthi.vn\/quangnam\/gia-son-gia-be-tong-pukaco-hoi-an-tam-ky-quang-nam\/#local-main-organization-logo","url":"","contentUrl":"","caption":"V\u1eadt Li\u1ec7u X\u00e2y D\u1ef1ng Tr\u1ea7n Th\u1ecb Chi Nh\u00e1nh Qu\u1ea3ng Nam"}]},"product_price_amount":"890000","product_price_currency":"VND","og_availability":"instock","product_availability":"instock","product_condition":"new"},"_links":{"self":[{"href":"https:\/\/tranthi.vn\/quangnam\/wp-json\/wp\/v2\/product\/2973","targetHints":{"allow":["GET"]}}],"collection":[{"href":"https:\/\/tranthi.vn\/quangnam\/wp-json\/wp\/v2\/product"}],"about":[{"href":"https:\/\/tranthi.vn\/quangnam\/wp-json\/wp\/v2\/types\/product"}],"replies":[{"embeddable":true,"href":"https:\/\/tranthi.vn\/quangnam\/wp-json\/wp\/v2\/comments?post=2973"}],"wp:featuredmedia":[{"embeddable":true,"href":"https:\/\/tranthi.vn\/quangnam\/wp-json\/wp\/v2\/media\/4175"}],"wp:attachment":[{"href":"https:\/\/tranthi.vn\/quangnam\/wp-json\/wp\/v2\/media?parent=2973"}],"wp:term":[{"taxonomy":"product_cat","embeddable":true,"href":"https:\/\/tranthi.vn\/quangnam\/wp-json\/wp\/v2\/product_cat?post=2973"},{"taxonomy":"product_tag","embeddable":true,"href":"https:\/\/tranthi.vn\/quangnam\/wp-json\/wp\/v2\/product_tag?post=2973"}],"curies":[{"name":"wp","href":"https:\/\/api.w.org\/{rel}","templated":true}]}}