{"id":2733,"date":"2021-03-10T15:10:17","date_gmt":"2021-03-10T08:10:17","guid":{"rendered":"https:\/\/tranthi.vn\/quangnam\/?post_type=product&#038;p=2733"},"modified":"2021-03-10T16:16:06","modified_gmt":"2021-03-10T09:16:06","slug":"van-da-96241-pvc","status":"publish","type":"product","link":"https:\/\/tranthi.vn\/quangnam\/van-da-96241-pvc\/","title":{"rendered":"V\u00e2n \u0110\u00e1 96241 pvc"},"content":{"rendered":"","protected":false},"excerpt":{"rendered":"<ul class=\"type-product-position\">\n<li><span style=\"font-family: 'times new roman', times, serif; font-size: 150%;\"><b>M\u00e3 s\u1ea3n ph\u1ea9m: V\u00e2n \u0110\u00e1 96241 pvc<\/b><\/span><\/li>\n<li><span style=\"font-family: 'times new roman', times, serif; font-size: 150%;\"><b>K\u00edch th\u01b0\u1edbc :\u00a0<\/b>1,22m x 2,44m<\/span><\/li>\n<li><span style=\"font-family: 'times new roman', times, serif; font-size: 150%;\"><b>Ch\u1ea5t li\u1ec7u:\u00a0<\/b><span class=\"vin\">PVC ch\u1ed1ng th\u1ea5m<\/span><\/span><\/li>\n<li><span style=\"font-family: 'times new roman', times, serif; font-size: 150%;\">1m&lt;m&lt;5m :<span style=\"color: #ff0000;\"><strong>390.000<\/strong><\/span><\/span><\/li>\n<li><span style=\"font-family: 'times new roman', times, serif; font-size: 150%;\">6&lt;m&lt;10m : <span style=\"color: #ff0000;\"><strong>380.000<\/strong><\/span><\/span><\/li>\n<li><span style=\"font-family: 'times new roman', times, serif; font-size: 150%;\">10m&lt;m&lt;20m : <strong><span style=\"color: #ff0000;\">370.000<\/span><\/strong><\/span><\/li>\n<li><span style=\"font-family: 'times new roman', times, serif; font-size: 150%; color: #000000;\"><em> ch\u01b0a bao g\u1ed3m chi ph\u00ed v\u1eadn chuy\u1ec3n)<\/em><\/span><\/li>\n<\/ul>\n","protected":false},"featured_media":0,"comment_status":"closed","ping_status":"closed","template":"","meta":[],"product_cat":[15],"product_tag":[],"class_list":{"0":"post-2733","1":"product","2":"type-product","3":"status-publish","5":"product_cat-chua-phan-loai","7":"first","8":"instock","9":"sale","10":"shipping-taxable","11":"purchasable","12":"product-type-simple"},"yoast_head":"<!-- This site is optimized with the Yoast SEO Premium plugin v22.3 (Yoast SEO v22.8) - https:\/\/yoast.com\/wordpress\/plugins\/seo\/ -->\n<title>V\u00e2n \u0110\u00e1 96241 pvc - V\u1eadt Li\u1ec7u X\u00e2y D\u1ef1ng Tr\u1ea7n Th\u1ecb Chi Nh\u00e1nh Qu\u1ea3ng Nam<\/title>\n<meta name=\"robots\" content=\"index, follow, max-snippet:-1, max-image-preview:large, max-video-preview:-1\" \/>\n<link rel=\"canonical\" href=\"https:\/\/tranthi.vn\/quangnam\/van-da-96241-pvc\/\" \/>\n<meta property=\"og:locale\" content=\"vi_VN\" \/>\n<meta property=\"og:type\" content=\"article\" \/>\n<meta property=\"og:title\" content=\"V\u00e2n \u0110\u00e1 96241 pvc\" \/>\n<meta property=\"og:description\" content=\"M\u00e3 s\u1ea3n ph\u1ea9m: V\u00e2n \u0110\u00e1 96241 pvc  K\u00edch th\u01b0\u1edbc :\u00a01,22m x 2,44m  Ch\u1ea5t li\u1ec7u:\u00a0PVC ch\u1ed1ng th\u1ea5m  1m&lt;m&lt;5m :390.000  6&lt;m&lt;10m : 380.000  10m&lt;m&lt;20m : 370.000   ch\u01b0a bao g\u1ed3m chi ph\u00ed v\u1eadn chuy\u1ec3n)\" \/>\n<meta property=\"og:url\" content=\"https:\/\/tranthi.vn\/quangnam\/van-da-96241-pvc\/\" \/>\n<meta property=\"og:site_name\" content=\"V\u1eadt Li\u1ec7u X\u00e2y D\u1ef1ng Tr\u1ea7n Th\u1ecb Chi Nh\u00e1nh Qu\u1ea3ng Nam\" \/>\n<meta property=\"article:modified_time\" content=\"2021-03-10T09:16:06+00:00\" \/>\n<meta name=\"twitter:card\" content=\"summary_large_image\" \/>\n<meta name=\"twitter:label1\" content=\"Gi\u00e1\" \/>\n\t<meta name=\"twitter:data1\" content=\"370,000&nbsp;&#8363;\" \/>\n\t<meta name=\"twitter:label2\" content=\"Kh\u1ea3 d\u1ee5ng\" \/>\n\t<meta name=\"twitter:data2\" content=\"Trong kho\" \/>\n<script type=\"application\/ld+json\" class=\"yoast-schema-graph\">{\"@context\":\"https:\/\/schema.org\",\"@graph\":[{\"@type\":[\"WebPage\",\"ItemPage\"],\"@id\":\"https:\/\/tranthi.vn\/quangnam\/van-da-96241-pvc\/\",\"url\":\"https:\/\/tranthi.vn\/quangnam\/van-da-96241-pvc\/\",\"name\":\"V\u00e2n \u0110\u00e1 96241 pvc - V\u1eadt Li\u1ec7u X\u00e2y D\u1ef1ng Tr\u1ea7n Th\u1ecb Chi Nh\u00e1nh Qu\u1ea3ng Nam\",\"isPartOf\":{\"@id\":\"https:\/\/tranthi.vn\/quangnam\/#website\"},\"datePublished\":\"2021-03-10T08:10:17+00:00\",\"dateModified\":\"2021-03-10T09:16:06+00:00\",\"breadcrumb\":{\"@id\":\"https:\/\/tranthi.vn\/quangnam\/van-da-96241-pvc\/#breadcrumb\"},\"inLanguage\":\"vi\",\"potentialAction\":[{\"@type\":\"ReadAction\",\"target\":[\"https:\/\/tranthi.vn\/quangnam\/van-da-96241-pvc\/\"]}]},{\"@type\":\"BreadcrumbList\",\"@id\":\"https:\/\/tranthi.vn\/quangnam\/van-da-96241-pvc\/#breadcrumb\",\"itemListElement\":[{\"@type\":\"ListItem\",\"position\":1,\"name\":\"Trang ch\u1ee7\",\"item\":\"https:\/\/tranthi.vn\/quangnam\/\"},{\"@type\":\"ListItem\",\"position\":2,\"name\":\"Shop\",\"item\":\"https:\/\/tranthi.vn\/quangnam\/shop\/\"},{\"@type\":\"ListItem\",\"position\":3,\"name\":\"V\u00e2n \u0110\u00e1 96241 pvc\"}]},{\"@type\":\"WebSite\",\"@id\":\"https:\/\/tranthi.vn\/quangnam\/#website\",\"url\":\"https:\/\/tranthi.vn\/quangnam\/\",\"name\":\"V\u1eadt Li\u1ec7u X\u00e2y D\u1ef1ng Tr\u1ea7n Th\u1ecb Chi Nh\u00e1nh Qu\u1ea3ng Nam\",\"description\":\"V\u1eadt Li\u1ec7u X\u00e2y D\u1ef1ng - Qu\u1ea3ng Nam\",\"potentialAction\":[{\"@type\":\"SearchAction\",\"target\":{\"@type\":\"EntryPoint\",\"urlTemplate\":\"https:\/\/tranthi.vn\/quangnam\/?s={search_term_string}\"},\"query-input\":\"required name=search_term_string\"}],\"inLanguage\":\"vi\"},{\"@type\":\"ImageObject\",\"inLanguage\":\"vi\",\"@id\":\"https:\/\/tranthi.vn\/quangnam\/van-da-96241-pvc\/#local-main-organization-logo\",\"url\":\"\",\"contentUrl\":\"\",\"caption\":\"V\u1eadt Li\u1ec7u X\u00e2y D\u1ef1ng Tr\u1ea7n Th\u1ecb Chi Nh\u00e1nh Qu\u1ea3ng Nam\"}]}<\/script>\n<meta property=\"product:price:amount\" content=\"370000\" \/>\n<meta property=\"product:price:currency\" content=\"VND\" \/>\n<meta property=\"og:availability\" content=\"instock\" \/>\n<meta property=\"product:availability\" content=\"instock\" \/>\n<meta property=\"product:condition\" content=\"new\" \/>\n<!-- \/ Yoast SEO Premium plugin. -->","yoast_head_json":{"title":"V\u00e2n \u0110\u00e1 96241 pvc - V\u1eadt Li\u1ec7u X\u00e2y D\u1ef1ng Tr\u1ea7n Th\u1ecb Chi Nh\u00e1nh Qu\u1ea3ng Nam","robots":{"index":"index","follow":"follow","max-snippet":"max-snippet:-1","max-image-preview":"max-image-preview:large","max-video-preview":"max-video-preview:-1"},"canonical":"https:\/\/tranthi.vn\/quangnam\/van-da-96241-pvc\/","og_locale":"vi_VN","og_type":"article","og_title":"V\u00e2n \u0110\u00e1 96241 pvc","og_description":"M\u00e3 s\u1ea3n ph\u1ea9m: V\u00e2n \u0110\u00e1 96241 pvc  K\u00edch th\u01b0\u1edbc :\u00a01,22m x 2,44m  Ch\u1ea5t li\u1ec7u:\u00a0PVC ch\u1ed1ng th\u1ea5m  1m&lt;m&lt;5m :390.000  6&lt;m&lt;10m : 380.000  10m&lt;m&lt;20m : 370.000   ch\u01b0a bao g\u1ed3m chi ph\u00ed v\u1eadn chuy\u1ec3n)","og_url":"https:\/\/tranthi.vn\/quangnam\/van-da-96241-pvc\/","og_site_name":"V\u1eadt Li\u1ec7u X\u00e2y D\u1ef1ng Tr\u1ea7n Th\u1ecb Chi Nh\u00e1nh Qu\u1ea3ng Nam","article_modified_time":"2021-03-10T09:16:06+00:00","twitter_card":"summary_large_image","twitter_misc":{"Gi\u00e1":"370,000&nbsp;&#8363;","Kh\u1ea3 d\u1ee5ng":"Trong kho"},"schema":{"@context":"https:\/\/schema.org","@graph":[{"@type":["WebPage","ItemPage"],"@id":"https:\/\/tranthi.vn\/quangnam\/van-da-96241-pvc\/","url":"https:\/\/tranthi.vn\/quangnam\/van-da-96241-pvc\/","name":"V\u00e2n \u0110\u00e1 96241 pvc - V\u1eadt Li\u1ec7u X\u00e2y D\u1ef1ng Tr\u1ea7n Th\u1ecb Chi Nh\u00e1nh Qu\u1ea3ng Nam","isPartOf":{"@id":"https:\/\/tranthi.vn\/quangnam\/#website"},"datePublished":"2021-03-10T08:10:17+00:00","dateModified":"2021-03-10T09:16:06+00:00","breadcrumb":{"@id":"https:\/\/tranthi.vn\/quangnam\/van-da-96241-pvc\/#breadcrumb"},"inLanguage":"vi","potentialAction":[{"@type":"ReadAction","target":["https:\/\/tranthi.vn\/quangnam\/van-da-96241-pvc\/"]}]},{"@type":"BreadcrumbList","@id":"https:\/\/tranthi.vn\/quangnam\/van-da-96241-pvc\/#breadcrumb","itemListElement":[{"@type":"ListItem","position":1,"name":"Trang ch\u1ee7","item":"https:\/\/tranthi.vn\/quangnam\/"},{"@type":"ListItem","position":2,"name":"Shop","item":"https:\/\/tranthi.vn\/quangnam\/shop\/"},{"@type":"ListItem","position":3,"name":"V\u00e2n \u0110\u00e1 96241 pvc"}]},{"@type":"WebSite","@id":"https:\/\/tranthi.vn\/quangnam\/#website","url":"https:\/\/tranthi.vn\/quangnam\/","name":"V\u1eadt Li\u1ec7u X\u00e2y D\u1ef1ng Tr\u1ea7n Th\u1ecb Chi Nh\u00e1nh Qu\u1ea3ng Nam","description":"V\u1eadt Li\u1ec7u X\u00e2y D\u1ef1ng - Qu\u1ea3ng Nam","potentialAction":[{"@type":"SearchAction","target":{"@type":"EntryPoint","urlTemplate":"https:\/\/tranthi.vn\/quangnam\/?s={search_term_string}"},"query-input":"required name=search_term_string"}],"inLanguage":"vi"},{"@type":"ImageObject","inLanguage":"vi","@id":"https:\/\/tranthi.vn\/quangnam\/van-da-96241-pvc\/#local-main-organization-logo","url":"","contentUrl":"","caption":"V\u1eadt Li\u1ec7u X\u00e2y D\u1ef1ng Tr\u1ea7n Th\u1ecb Chi Nh\u00e1nh Qu\u1ea3ng Nam"}]},"product_price_amount":"370000","product_price_currency":"VND","og_availability":"instock","product_availability":"instock","product_condition":"new"},"_links":{"self":[{"href":"https:\/\/tranthi.vn\/quangnam\/wp-json\/wp\/v2\/product\/2733","targetHints":{"allow":["GET"]}}],"collection":[{"href":"https:\/\/tranthi.vn\/quangnam\/wp-json\/wp\/v2\/product"}],"about":[{"href":"https:\/\/tranthi.vn\/quangnam\/wp-json\/wp\/v2\/types\/product"}],"replies":[{"embeddable":true,"href":"https:\/\/tranthi.vn\/quangnam\/wp-json\/wp\/v2\/comments?post=2733"}],"wp:attachment":[{"href":"https:\/\/tranthi.vn\/quangnam\/wp-json\/wp\/v2\/media?parent=2733"}],"wp:term":[{"taxonomy":"product_cat","embeddable":true,"href":"https:\/\/tranthi.vn\/quangnam\/wp-json\/wp\/v2\/product_cat?post=2733"},{"taxonomy":"product_tag","embeddable":true,"href":"https:\/\/tranthi.vn\/quangnam\/wp-json\/wp\/v2\/product_tag?post=2733"}],"curies":[{"name":"wp","href":"https:\/\/api.w.org\/{rel}","templated":true}]}}