{"id":2668,"date":"2021-03-09T17:28:54","date_gmt":"2021-03-09T10:28:54","guid":{"rendered":"https:\/\/tranthi.vn\/quangnam\/?post_type=product&#038;p=2668"},"modified":"2024-11-15T10:47:19","modified_gmt":"2024-11-15T03:47:19","slug":"ke-duoi-guong-gia-re-hoi-an-tam-ky-quang-nam","status":"publish","type":"product","link":"https:\/\/tranthi.vn\/quangnam\/ke-duoi-guong-gia-re-hoi-an-tam-ky-quang-nam\/","title":{"rendered":"K\u1ec7 G\u01b0\u01a1ng D\u01b0\u1edbi &#8211; KK12 ( inox 304 )-TL"},"content":{"rendered":"<h1 style=\"text-align: center;\"><span style=\"font-family: 'times new roman', times, serif; font-size: 130%;\">K\u1ec7 G\u01b0\u01a1ng D\u01b0\u1edbi H\u1ed9i An-Tam K\u1ef3-Qu\u1ea3ng Nam<\/span><\/h1>\n<h1><strong><span style=\"font-family: 'times new roman', times, serif; font-size: 120%;\">K\u1ec7 D\u01b0\u1edbi G\u01b0\u01a1ng &#8211; Gi\u1ea3i Ph\u00e1p Ti\u1ec7n Nghi V\u00e0 Th\u1ea9m M\u1ef9 Cho Ph\u00f2ng T\u1eafm<\/span><\/strong><\/h1>\n<h3><span style=\"font-family: 'times new roman', times, serif; font-size: 120%;\">Trong thi\u1ebft k\u1ebf n\u1ed9i th\u1ea5t ph\u00f2ng t\u1eafm, k\u1ec7 d\u01b0\u1edbi g\u01b0\u01a1ng l\u00e0 m\u1ed9t trong nh\u1eefng ph\u1ee5 ki\u1ec7n quan tr\u1ecdng, mang l\u1ea1i s\u1ef1 ti\u1ec7n nghi v\u00e0 th\u1ea9m m\u1ef9 cho kh\u00f4ng gian. T\u1ea1i <a href=\"https:\/\/vi.wikipedia.org\/wiki\/Qu%E1%BA%A3ng_Nam\"><strong><em>Qu\u1ea3ng Nam<\/em><\/strong><\/a>, k\u1ec7 d\u01b0\u1edbi g\u01b0\u01a1ng ng\u00e0y c\u00e0ng tr\u1edf n\u00ean ph\u1ed5 bi\u1ebfn v\u00e0 \u0111\u01b0\u1ee3c nhi\u1ec1u gia \u0111\u00ecnh l\u1ef1a ch\u1ecdn.<\/span><\/h3>\n<figure id=\"attachment_7757\" aria-describedby=\"caption-attachment-7757\" style=\"width: 300px\" class=\"wp-caption aligncenter\"><img loading=\"lazy\" decoding=\"async\" class=\"size-full wp-image-7757\" src=\"https:\/\/tranthi.vn\/quangnam\/wp-content\/uploads\/2021\/03\/ke-duoi-guong-tai-tam-ky-hoi-an-quang-nam.png\" alt=\"k\u1ec7 d\u01b0\u1edbi g\u01b0\u01a1ng t\u1ea1i tam k\u1ef3- h\u1ed9i an- qu\u1ea3ng nam \" width=\"300\" height=\"300\" srcset=\"https:\/\/tranthi.vn\/quangnam\/wp-content\/uploads\/2021\/03\/ke-duoi-guong-tai-tam-ky-hoi-an-quang-nam.png 300w, https:\/\/tranthi.vn\/quangnam\/wp-content\/uploads\/2021\/03\/ke-duoi-guong-tai-tam-ky-hoi-an-quang-nam-100x100.png 100w\" sizes=\"auto, (max-width: 300px) 100vw, 300px\" \/><figcaption id=\"caption-attachment-7757\" class=\"wp-caption-text\">k\u1ec7 d\u01b0\u1edbi g\u01b0\u01a1ng t\u1ea1i tam k\u1ef3- h\u1ed9i an- qu\u1ea3ng nam<\/figcaption><\/figure>\n<h1><strong><span style=\"font-family: 'times new roman', times, serif; font-size: 120%;\">1. K\u1ec7 D\u01b0\u1edbi G\u01b0\u01a1ng L\u00e0 G\u00ec?<\/span><\/strong><\/h1>\n<h3><span style=\"font-family: 'times new roman', times, serif; font-size: 120%;\">K\u1ec7 d\u01b0\u1edbi g\u01b0\u01a1ng l\u00e0 lo\u1ea1i k\u1ec7 \u0111\u01b0\u1ee3c l\u1eafp \u0111\u1eb7t ngay b\u00ean d\u01b0\u1edbi g\u01b0\u01a1ng ph\u00f2ng t\u1eafm, th\u01b0\u1eddng \u0111\u01b0\u1ee3c s\u1eed d\u1ee5ng \u0111\u1ec3 \u0111\u1eb7t c\u00e1c v\u1eadt d\u1ee5ng c\u00e1 nh\u00e2n nh\u01b0 kem \u0111\u00e1nh r\u0103ng, x\u00e0 ph\u00f2ng, m\u1ef9 ph\u1ea9m v\u00e0 c\u00e1c ph\u1ee5 ki\u1ec7n v\u1ec7 sinh kh\u00e1c. K\u1ec7 d\u01b0\u1edbi g\u01b0\u01a1ng kh\u00f4ng ch\u1ec9 gi\u00fap t\u1ed1i \u01b0u h\u00f3a kh\u00f4ng gian l\u01b0u tr\u1eef m\u00e0 c\u00f2n t\u1ea1o \u0111i\u1ec3m nh\u1ea5n th\u1ea9m m\u1ef9 cho ph\u00f2ng t\u1eafm.<\/span><\/h3>\n<p style=\"text-align: center;\"><iframe loading=\"lazy\" src=\"\/\/www.youtube.com\/embed\/zPm7LwN1bG8\" width=\"560\" height=\"314\" allowfullscreen=\"allowfullscreen\"><\/iframe><\/p>\n<h1><strong><span style=\"font-family: 'times new roman', times, serif; font-size: 120%;\">2. C\u00e1c Lo\u1ea1i K\u1ec7 D\u01b0\u1edbi G\u01b0\u01a1ng Ph\u1ed5 Bi\u1ebfn\u00a0<\/span><\/strong><\/h1>\n<h3><span style=\"font-family: 'times new roman', times, serif; font-size: 120%;\">T\u1ea1i<a href=\"https:\/\/vi.wikipedia.org\/wiki\/Qu%E1%BA%A3ng_Nam\"><strong><em> Qu\u1ea3ng Nam<\/em><\/strong><\/a>, th\u1ecb tr\u01b0\u1eddng k\u1ec7 d\u01b0\u1edbi g\u01b0\u01a1ng r\u1ea5t \u0111a d\u1ea1ng v\u1edbi nhi\u1ec1u lo\u1ea1i s\u1ea3n ph\u1ea9m kh\u00e1c nhau:<\/span><\/h3>\n<ul>\n<li>\n<h3><span style=\"font-family: 'times new roman', times, serif; font-size: 120%;\">K\u1ec7 k\u00ednh: K\u1ec7 d\u01b0\u1edbi g\u01b0\u01a1ng l\u00e0m t\u1eeb k\u00ednh c\u01b0\u1eddng l\u1ef1c mang l\u1ea1i v\u1ebb \u0111\u1eb9p hi\u1ec7n \u0111\u1ea1i v\u00e0 sang tr\u1ecdng. K\u1ec7 k\u00ednh th\u01b0\u1eddng c\u00f3 thi\u1ebft k\u1ebf t\u1ed1i gi\u1ea3n, d\u1ec5 d\u00e0ng v\u1ec7 sinh v\u00e0 ph\u00f9 h\u1ee3p v\u1edbi nhi\u1ec1u phong c\u00e1ch n\u1ed9i th\u1ea5t.<\/span><\/h3>\n<\/li>\n<li>\n<h3><span style=\"font-family: 'times new roman', times, serif; font-size: 120%;\">K\u1ec7 inox: K\u1ec7 d\u01b0\u1edbi g\u01b0\u01a1ng b\u1eb1ng inox c\u00f3 \u0111\u1ed9 b\u1ec1n cao, kh\u1ea3 n\u0103ng ch\u1ed1ng \u0103n m\u00f2n t\u1ed1t v\u00e0 d\u1ec5 d\u00e0ng lau ch\u00f9i. K\u1ec7 inox th\u01b0\u1eddng \u0111\u01b0\u1ee3c l\u1ef1a ch\u1ecdn cho c\u00e1c ph\u00f2ng t\u1eafm hi\u1ec7n \u0111\u1ea1i, c\u1ea7n s\u1ef1 b\u1ec1n b\u1ec9 v\u00e0 ch\u1eafc ch\u1eafn.<\/span><\/h3>\n<\/li>\n<li>\n<h3><span style=\"font-family: 'times new roman', times, serif; font-size: 120%;\">K\u1ec7 g\u1ed7: K\u1ec7 d\u01b0\u1edbi g\u01b0\u01a1ng b\u1eb1ng g\u1ed7 mang l\u1ea1i c\u1ea3m gi\u00e1c \u1ea5m \u00e1p v\u00e0 t\u1ef1 nhi\u00ean cho kh\u00f4ng gian ph\u00f2ng t\u1eafm. K\u1ec7 g\u1ed7 th\u01b0\u1eddng \u0111\u01b0\u1ee3c x\u1eed l\u00fd ch\u1ed1ng \u1ea9m, ch\u1ed1ng m\u1ed1i m\u1ecdt \u0111\u1ec3 \u0111\u1ea3m b\u1ea3o \u0111\u1ed9 b\u1ec1n trong m\u00f4i tr\u01b0\u1eddng \u1ea9m \u01b0\u1edbt.<\/span><\/h3>\n<\/li>\n<li>\n<h3><span style=\"font-family: 'times new roman', times, serif; font-size: 120%;\">K\u1ec7 nh\u1ef1a: K\u1ec7 d\u01b0\u1edbi g\u01b0\u01a1ng b\u1eb1ng nh\u1ef1a c\u00f3 gi\u00e1 th\u00e0nh r\u1ebb, d\u1ec5 d\u00e0ng l\u1eafp \u0111\u1eb7t v\u00e0 di chuy\u1ec3n. K\u1ec7 nh\u1ef1a ph\u00f9 h\u1ee3p v\u1edbi c\u00e1c gia \u0111\u00ecnh c\u00f3 ng\u00e2n s\u00e1ch h\u1ea1n ch\u1ebf nh\u01b0ng v\u1eabn mu\u1ed1n c\u00f3 kh\u00f4ng gian ph\u00f2ng t\u1eafm g\u1ecdn g\u00e0ng v\u00e0 ti\u1ec7n nghi.<\/span><\/h3>\n<\/li>\n<\/ul>\n<p style=\"text-align: center;\"><iframe loading=\"lazy\" src=\"\/\/www.youtube.com\/embed\/GRkwIwP3Wcw\" width=\"560\" height=\"314\" allowfullscreen=\"allowfullscreen\"><\/iframe><\/p>\n<h1><strong><span style=\"font-family: 'times new roman', times, serif; font-size: 120%;\">3. \u01afu \u0110i\u1ec3m C\u1ee7a K\u1ec7 D\u01b0\u1edbi G\u01b0\u01a1ng<\/span><\/strong><\/h1>\n<ul>\n<li>\n<h3><span style=\"font-family: 'times new roman', times, serif; font-size: 120%;\">Ti\u1ebft ki\u1ec7m kh\u00f4ng gian: K\u1ec7 d\u01b0\u1edbi g\u01b0\u01a1ng gi\u00fap t\u1eadn d\u1ee5ng kh\u00f4ng gian tr\u1ed1ng d\u01b0\u1edbi g\u01b0\u01a1ng, t\u1ea1o th\u00eam ch\u1ed7 \u0111\u1ec3 \u0111\u1ed3 v\u00e0 l\u00e0m cho ph\u00f2ng t\u1eafm tr\u1edf n\u00ean g\u1ecdn g\u00e0ng h\u01a1n.<\/span><\/h3>\n<\/li>\n<li>\n<h3><span style=\"font-family: 'times new roman', times, serif; font-size: 120%;\">D\u1ec5 d\u00e0ng l\u1eafp \u0111\u1eb7t: K\u1ec7 d\u01b0\u1edbi g\u01b0\u01a1ng th\u01b0\u1eddng c\u00f3 thi\u1ebft k\u1ebf \u0111\u01a1n gi\u1ea3n, d\u1ec5 d\u00e0ng l\u1eafp \u0111\u1eb7t m\u00e0 kh\u00f4ng c\u1ea7n nhi\u1ec1u c\u00f4ng c\u1ee5 hay k\u1ef9 thu\u1eadt ph\u1ee9c t\u1ea1p.<\/span><\/h3>\n<\/li>\n<li>\n<h3><span style=\"font-family: 'times new roman', times, serif; font-size: 120%;\">T\u0103ng t\u00ednh th\u1ea9m m\u1ef9: K\u1ec7 d\u01b0\u1edbi g\u01b0\u01a1ng kh\u00f4ng ch\u1ec9 l\u00e0 n\u01a1i \u0111\u1ec3 \u0111\u1ed3 m\u00e0 c\u00f2n l\u00e0 m\u1ed9t ph\u1ee5 ki\u1ec7n trang tr\u00ed, t\u1ea1o \u0111i\u1ec3m nh\u1ea5n v\u00e0 t\u0103ng t\u00ednh th\u1ea9m m\u1ef9 cho ph\u00f2ng t\u1eafm.<\/span><\/h3>\n<\/li>\n<li>\n<h3><span style=\"font-family: 'times new roman', times, serif; font-size: 120%;\">Ti\u1ec7n l\u1ee3i trong s\u1eed d\u1ee5ng: V\u1edbi k\u1ec7 d\u01b0\u1edbi g\u01b0\u01a1ng, c\u00e1c v\u1eadt d\u1ee5ng c\u00e1 nh\u00e2n lu\u00f4n \u0111\u01b0\u1ee3c s\u1eafp x\u1ebfp g\u1ecdn g\u00e0ng v\u00e0 d\u1ec5 d\u00e0ng ti\u1ebfp c\u1eadn khi c\u1ea7n s\u1eed d\u1ee5ng.<\/span><\/h3>\n<\/li>\n<li>\n<figure id=\"attachment_7756\" aria-describedby=\"caption-attachment-7756\" style=\"width: 300px\" class=\"wp-caption aligncenter\"><img loading=\"lazy\" decoding=\"async\" class=\"wp-image-7756 size-full\" src=\"https:\/\/tranthi.vn\/quangnam\/wp-content\/uploads\/2021\/03\/ke-duoi-guong-tai-tam-ky-hoi-an-quang-nam-2.png\" alt=\"k\u1ec7 d\u01b0\u1edbi g\u01b0\u01a1ng t\u1ea1i tam k\u1ef3- h\u1ed9i an- qu\u1ea3ng nam \" width=\"300\" height=\"300\" srcset=\"https:\/\/tranthi.vn\/quangnam\/wp-content\/uploads\/2021\/03\/ke-duoi-guong-tai-tam-ky-hoi-an-quang-nam-2.png 300w, https:\/\/tranthi.vn\/quangnam\/wp-content\/uploads\/2021\/03\/ke-duoi-guong-tai-tam-ky-hoi-an-quang-nam-2-100x100.png 100w\" sizes=\"auto, (max-width: 300px) 100vw, 300px\" \/><figcaption id=\"caption-attachment-7756\" class=\"wp-caption-text\">k\u1ec7 d\u01b0\u1edbi g\u01b0\u01a1ng t\u1ea1i tam k\u1ef3- h\u1ed9i an- qu\u1ea3ng nam<\/figcaption><\/figure><\/li>\n<\/ul>\n<h1><strong><span style=\"font-family: 'times new roman', times, serif; font-size: 120%;\">4. L\u00fd Do N\u00ean Ch\u1ecdn K\u1ec7 D\u01b0\u1edbi G\u01b0\u01a1ng T\u1ea1i<a href=\"https:\/\/vi.wikipedia.org\/wiki\/Qu%E1%BA%A3ng_Nam\"><em> Qu\u1ea3ng Nam<\/em><\/a><\/span><\/strong><\/h1>\n<ul>\n<li>\n<h3><span style=\"font-family: 'times new roman', times, serif; font-size: 120%;\">\u0110a d\u1ea1ng m\u1eabu m\u00e3 v\u00e0 gi\u00e1 c\u1ea3: B\u1ea1n c\u00f3 th\u1ec3 d\u1ec5 d\u00e0ng t\u00ecm th\u1ea5y nhi\u1ec1u lo\u1ea1i k\u1ec7 d\u01b0\u1edbi g\u01b0\u01a1ng t\u1eeb c\u00e1c ch\u1ea5t li\u1ec7u v\u00e0 ki\u1ec3u d\u00e1ng kh\u00e1c nhau, ph\u00f9 h\u1ee3p v\u1edbi nhu c\u1ea7u v\u00e0 ng\u00e2n s\u00e1ch c\u1ee7a m\u00ecnh.<\/span><\/h3>\n<\/li>\n<li>\n<h3><span style=\"font-family: 'times new roman', times, serif; font-size: 120%;\">Ch\u1ea5t l\u01b0\u1ee3ng \u0111\u1ea3m b\u1ea3o: C\u00e1c s\u1ea3n ph\u1ea9m k\u1ec7 d\u01b0\u1edbi g\u01b0\u01a1ng th\u01b0\u1eddng \u0111\u01b0\u1ee3c s\u1ea3n xu\u1ea5t t\u1eeb c\u00e1c ch\u1ea5t li\u1ec7u cao c\u1ea5p, \u0111\u1ea3m b\u1ea3o \u0111\u1ed9 b\u1ec1n v\u00e0 an to\u00e0n cho ng\u01b0\u1eddi s\u1eed d\u1ee5ng.<\/span><\/h3>\n<\/li>\n<li>\n<h3><span style=\"font-family: 'times new roman', times, serif; font-size: 120%;\">D\u1ecbch v\u1ee5 chuy\u00ean nghi\u1ec7p: C\u00e1c c\u1eeda h\u00e0ng v\u00e0 nh\u00e0 ph\u00e2n ph\u1ed1i cung c\u1ea5p d\u1ecbch v\u1ee5 t\u01b0 v\u1ea5n, l\u1eafp \u0111\u1eb7t v\u00e0 b\u1ea3o h\u00e0nh chuy\u00ean nghi\u1ec7p, gi\u00fap b\u1ea1n y\u00ean t\u00e2m khi s\u1eed d\u1ee5ng s\u1ea3n ph\u1ea9m.<\/span><\/h3>\n<\/li>\n<li>\n<h3><span style=\"font-family: 'times new roman', times, serif; font-size: 120%;\">Th\u1ea9m m\u1ef9 v\u00e0 ti\u1ec7n d\u1ee5ng: V\u1edbi s\u1ef1 \u0111a d\u1ea1ng v\u1ec1 thi\u1ebft k\u1ebf v\u00e0 ch\u1ea5t li\u1ec7u, k\u1ec7 d\u01b0\u1edbi g\u01b0\u01a1ng\u00a0 kh\u00f4ng ch\u1ec9 mang l\u1ea1i ti\u1ec7n \u00edch m\u00e0 c\u00f2n t\u0103ng th\u00eam v\u1ebb \u0111\u1eb9p v\u00e0 phong c\u00e1ch cho kh\u00f4ng gian ph\u00f2ng t\u1eafm.<\/span><\/h3>\n<\/li>\n<\/ul>\n","protected":false},"excerpt":{"rendered":"<p><span style=\"font-family: 'times new roman', times, serif; font-size: 130%;\">Giao h\u00e0ng trong \u0111\u1ecba b\u00e0n <a href=\"https:\/\/vi.wikipedia.org\/wiki\/Qu%E1%BA%A3ng_Nam\"><em>Qu\u1ea3ng Nam<\/em><\/a><\/span><\/p>\n<p><span style=\"font-family: 'times new roman', times, serif; font-size: 130%;\"><img decoding=\"async\" class=\"emoji\" draggable=\"false\" src=\"https:\/\/s.w.org\/images\/core\/emoji\/12.0.0-1\/svg\/1f61b.svg\" alt=\"\ud83d\ude1b\" \/>\u00a0\u0110\u01a1n v\u1ecb t\u00ednh: C\u00e1i<\/span><\/p>\n<p><span style=\"font-family: 'times new roman', times, serif; font-size: 130%;\"><img decoding=\"async\" class=\"emoji\" draggable=\"false\" src=\"https:\/\/s.w.org\/images\/core\/emoji\/12.0.0-1\/svg\/1f61b.svg\" alt=\"\ud83d\ude1b\" \/> K\u1ec7 d\u01b0\u1edbi g\u01b0\u01a1ng m\u00e3 KK12<\/span><\/p>\n<p><span style=\"font-family: 'times new roman', times, serif; font-size: 130%;\"><img decoding=\"async\" class=\"emoji\" draggable=\"false\" src=\"https:\/\/s.w.org\/images\/core\/emoji\/12.0.0-1\/svg\/1f61b.svg\" alt=\"\ud83d\ude1b\" \/> \u0110\u01a1n d\u01b0\u1edbi: <span style=\"color: #ff0000;\"><strong>150.000\u0111\/c\u00e1i<\/strong><\/span>\u00a0(inox 304)<\/span><\/p>\n<p><span style=\"font-family: 'times new roman', times, serif; font-size: 130%;\"><img decoding=\"async\" class=\"emoji\" draggable=\"false\" src=\"https:\/\/s.w.org\/images\/core\/emoji\/12.0.0-1\/svg\/1f61b.svg\" alt=\"\ud83d\ude1b\" \/> M\u00e0u Tr\u1eafng S\u1eefa<\/span><\/p>\n","protected":false},"featured_media":5191,"comment_status":"closed","ping_status":"closed","template":"","meta":[],"product_cat":[263,179],"product_tag":[459],"class_list":{"0":"post-2668","1":"product","2":"type-product","3":"status-publish","4":"has-post-thumbnail","6":"product_cat-ke-duoi-guong","7":"product_cat-thiet-bi-ve-sinh-da-nang","8":"product_tag-gia-ke-duoi-guong-o-da-nang","10":"first","11":"instock","12":"sale","13":"shipping-taxable","14":"purchasable","15":"product-type-simple"},"yoast_head":"<!-- This site is optimized with the Yoast SEO Premium plugin v22.3 (Yoast SEO v22.8) - https:\/\/yoast.com\/wordpress\/plugins\/seo\/ -->\n<title>K\u1ec7 d\u01b0\u1edbi g\u01b0\u01a1ng gi\u00e1 r\u1ebb t\u1ea1i Qu\u1ea3ng Nam-0947.335.871<\/title>\n<meta name=\"description\" content=\"Tr\u1ea7n Th\u1ecb chuy\u00ean cung c\u1ea5p k\u1ec7 d\u01b0\u1edbi g\u01b0\u01a1ng inox 304 gi\u00e1 r\u1ebb t\u1ea1i Qu\u1ea3ng Nam, v\u1edbi nh\u1eefng m\u1eabu k\u1ec7 d\u01b0\u1edbi g\u01b0\u01a1ng chi ph\u00ed th\u1ea5p ti\u1ec7n l\u1ee3i v\u00e0 b\u1ec1n \u0111\u1eb9p\" \/>\n<meta name=\"robots\" content=\"index, follow, max-snippet:-1, max-image-preview:large, max-video-preview:-1\" \/>\n<link rel=\"canonical\" href=\"https:\/\/tranthi.vn\/quangnam\/ke-duoi-guong-gia-re-hoi-an-tam-ky-quang-nam\/\" \/>\n<meta property=\"og:locale\" content=\"vi_VN\" \/>\n<meta property=\"og:type\" content=\"article\" \/>\n<meta property=\"og:title\" content=\"K\u1ec7 G\u01b0\u01a1ng D\u01b0\u1edbi - KK12 ( inox 304 )-TL\" \/>\n<meta property=\"og:description\" content=\"Tr\u1ea7n Th\u1ecb chuy\u00ean cung c\u1ea5p k\u1ec7 d\u01b0\u1edbi g\u01b0\u01a1ng inox 304 gi\u00e1 r\u1ebb t\u1ea1i Qu\u1ea3ng Nam, v\u1edbi nh\u1eefng m\u1eabu k\u1ec7 d\u01b0\u1edbi g\u01b0\u01a1ng chi ph\u00ed th\u1ea5p ti\u1ec7n l\u1ee3i v\u00e0 b\u1ec1n \u0111\u1eb9p\" \/>\n<meta property=\"og:url\" content=\"https:\/\/tranthi.vn\/quangnam\/ke-duoi-guong-gia-re-hoi-an-tam-ky-quang-nam\/\" \/>\n<meta property=\"og:site_name\" content=\"V\u1eadt Li\u1ec7u X\u00e2y D\u1ef1ng Tr\u1ea7n Th\u1ecb Chi Nh\u00e1nh Qu\u1ea3ng Nam\" \/>\n<meta property=\"article:modified_time\" content=\"2024-11-15T03:47:19+00:00\" \/>\n<meta property=\"og:image\" content=\"https:\/\/tranthi.vn\/quangnam\/wp-content\/uploads\/2021\/03\/Ke-guong-duoi-KK-12-DA-NANG.jpg\" \/>\n\t<meta property=\"og:image:width\" content=\"400\" \/>\n\t<meta property=\"og:image:height\" content=\"350\" \/>\n\t<meta property=\"og:image:type\" content=\"image\/jpeg\" \/>\n<meta name=\"twitter:card\" content=\"summary_large_image\" \/>\n<meta name=\"twitter:label1\" content=\"Gi\u00e1\" \/>\n\t<meta name=\"twitter:data1\" content=\"150,000&nbsp;&#8363;\" \/>\n\t<meta name=\"twitter:label2\" content=\"Kh\u1ea3 d\u1ee5ng\" \/>\n\t<meta name=\"twitter:data2\" content=\"Trong kho\" \/>\n<script type=\"application\/ld+json\" class=\"yoast-schema-graph\">{\"@context\":\"https:\/\/schema.org\",\"@graph\":[{\"@type\":[\"WebPage\",\"ItemPage\"],\"@id\":\"https:\/\/tranthi.vn\/quangnam\/ke-duoi-guong-gia-re-hoi-an-tam-ky-quang-nam\/\",\"url\":\"https:\/\/tranthi.vn\/quangnam\/ke-duoi-guong-gia-re-hoi-an-tam-ky-quang-nam\/\",\"name\":\"K\u1ec7 d\u01b0\u1edbi g\u01b0\u01a1ng gi\u00e1 r\u1ebb t\u1ea1i Qu\u1ea3ng Nam-0947.335.871\",\"isPartOf\":{\"@id\":\"https:\/\/tranthi.vn\/quangnam\/#website\"},\"primaryImageOfPage\":{\"@id\":\"https:\/\/tranthi.vn\/quangnam\/ke-duoi-guong-gia-re-hoi-an-tam-ky-quang-nam\/#primaryimage\"},\"image\":{\"@id\":\"https:\/\/tranthi.vn\/quangnam\/ke-duoi-guong-gia-re-hoi-an-tam-ky-quang-nam\/#primaryimage\"},\"thumbnailUrl\":\"https:\/\/tranthi.vn\/quangnam\/wp-content\/uploads\/2021\/03\/Ke-guong-duoi-KK-12-DA-NANG.jpg\",\"datePublished\":\"2021-03-09T10:28:54+00:00\",\"dateModified\":\"2024-11-15T03:47:19+00:00\",\"description\":\"Tr\u1ea7n Th\u1ecb chuy\u00ean cung c\u1ea5p k\u1ec7 d\u01b0\u1edbi g\u01b0\u01a1ng inox 304 gi\u00e1 r\u1ebb t\u1ea1i Qu\u1ea3ng Nam, v\u1edbi nh\u1eefng m\u1eabu k\u1ec7 d\u01b0\u1edbi g\u01b0\u01a1ng chi ph\u00ed th\u1ea5p ti\u1ec7n l\u1ee3i v\u00e0 b\u1ec1n \u0111\u1eb9p\",\"breadcrumb\":{\"@id\":\"https:\/\/tranthi.vn\/quangnam\/ke-duoi-guong-gia-re-hoi-an-tam-ky-quang-nam\/#breadcrumb\"},\"inLanguage\":\"vi\",\"potentialAction\":[{\"@type\":\"ReadAction\",\"target\":[\"https:\/\/tranthi.vn\/quangnam\/ke-duoi-guong-gia-re-hoi-an-tam-ky-quang-nam\/\"]}]},{\"@type\":\"ImageObject\",\"inLanguage\":\"vi\",\"@id\":\"https:\/\/tranthi.vn\/quangnam\/ke-duoi-guong-gia-re-hoi-an-tam-ky-quang-nam\/#primaryimage\",\"url\":\"https:\/\/tranthi.vn\/quangnam\/wp-content\/uploads\/2021\/03\/Ke-guong-duoi-KK-12-DA-NANG.jpg\",\"contentUrl\":\"https:\/\/tranthi.vn\/quangnam\/wp-content\/uploads\/2021\/03\/Ke-guong-duoi-KK-12-DA-NANG.jpg\",\"width\":400,\"height\":350,\"caption\":\"K\u1ec7 g\u01b0\u01a1ng d\u01b0\u1edbi KK-12 \u0110\u00c0 N\u1eb4NG\"},{\"@type\":\"BreadcrumbList\",\"@id\":\"https:\/\/tranthi.vn\/quangnam\/ke-duoi-guong-gia-re-hoi-an-tam-ky-quang-nam\/#breadcrumb\",\"itemListElement\":[{\"@type\":\"ListItem\",\"position\":1,\"name\":\"Trang ch\u1ee7\",\"item\":\"https:\/\/tranthi.vn\/quangnam\/\"},{\"@type\":\"ListItem\",\"position\":2,\"name\":\"Shop\",\"item\":\"https:\/\/tranthi.vn\/quangnam\/shop\/\"},{\"@type\":\"ListItem\",\"position\":3,\"name\":\"K\u1ec7 G\u01b0\u01a1ng D\u01b0\u1edbi &#8211; KK12 ( inox 304 )-TL\"}]},{\"@type\":\"WebSite\",\"@id\":\"https:\/\/tranthi.vn\/quangnam\/#website\",\"url\":\"https:\/\/tranthi.vn\/quangnam\/\",\"name\":\"V\u1eadt Li\u1ec7u X\u00e2y D\u1ef1ng Tr\u1ea7n Th\u1ecb Chi Nh\u00e1nh Qu\u1ea3ng Nam\",\"description\":\"V\u1eadt Li\u1ec7u X\u00e2y D\u1ef1ng - Qu\u1ea3ng Nam\",\"potentialAction\":[{\"@type\":\"SearchAction\",\"target\":{\"@type\":\"EntryPoint\",\"urlTemplate\":\"https:\/\/tranthi.vn\/quangnam\/?s={search_term_string}\"},\"query-input\":\"required name=search_term_string\"}],\"inLanguage\":\"vi\"},{\"@type\":\"ImageObject\",\"inLanguage\":\"vi\",\"@id\":\"https:\/\/tranthi.vn\/quangnam\/ke-duoi-guong-gia-re-hoi-an-tam-ky-quang-nam\/#local-main-organization-logo\",\"url\":\"\",\"contentUrl\":\"\",\"caption\":\"V\u1eadt Li\u1ec7u X\u00e2y D\u1ef1ng Tr\u1ea7n Th\u1ecb Chi Nh\u00e1nh Qu\u1ea3ng Nam\"}]}<\/script>\n<meta property=\"product:price:amount\" content=\"150000\" \/>\n<meta property=\"product:price:currency\" content=\"VND\" \/>\n<meta property=\"og:availability\" content=\"instock\" \/>\n<meta property=\"product:availability\" content=\"instock\" \/>\n<meta property=\"product:condition\" content=\"new\" \/>\n<!-- \/ Yoast SEO Premium plugin. -->","yoast_head_json":{"title":"K\u1ec7 d\u01b0\u1edbi g\u01b0\u01a1ng gi\u00e1 r\u1ebb t\u1ea1i Qu\u1ea3ng Nam-0947.335.871","description":"Tr\u1ea7n Th\u1ecb chuy\u00ean cung c\u1ea5p k\u1ec7 d\u01b0\u1edbi g\u01b0\u01a1ng inox 304 gi\u00e1 r\u1ebb t\u1ea1i Qu\u1ea3ng Nam, v\u1edbi nh\u1eefng m\u1eabu k\u1ec7 d\u01b0\u1edbi g\u01b0\u01a1ng chi ph\u00ed th\u1ea5p ti\u1ec7n l\u1ee3i v\u00e0 b\u1ec1n \u0111\u1eb9p","robots":{"index":"index","follow":"follow","max-snippet":"max-snippet:-1","max-image-preview":"max-image-preview:large","max-video-preview":"max-video-preview:-1"},"canonical":"https:\/\/tranthi.vn\/quangnam\/ke-duoi-guong-gia-re-hoi-an-tam-ky-quang-nam\/","og_locale":"vi_VN","og_type":"article","og_title":"K\u1ec7 G\u01b0\u01a1ng D\u01b0\u1edbi - KK12 ( inox 304 )-TL","og_description":"Tr\u1ea7n Th\u1ecb chuy\u00ean cung c\u1ea5p k\u1ec7 d\u01b0\u1edbi g\u01b0\u01a1ng inox 304 gi\u00e1 r\u1ebb t\u1ea1i Qu\u1ea3ng Nam, v\u1edbi nh\u1eefng m\u1eabu k\u1ec7 d\u01b0\u1edbi g\u01b0\u01a1ng chi ph\u00ed th\u1ea5p ti\u1ec7n l\u1ee3i v\u00e0 b\u1ec1n \u0111\u1eb9p","og_url":"https:\/\/tranthi.vn\/quangnam\/ke-duoi-guong-gia-re-hoi-an-tam-ky-quang-nam\/","og_site_name":"V\u1eadt Li\u1ec7u X\u00e2y D\u1ef1ng Tr\u1ea7n Th\u1ecb Chi Nh\u00e1nh Qu\u1ea3ng Nam","article_modified_time":"2024-11-15T03:47:19+00:00","og_image":[{"width":400,"height":350,"url":"https:\/\/tranthi.vn\/quangnam\/wp-content\/uploads\/2021\/03\/Ke-guong-duoi-KK-12-DA-NANG.jpg","type":"image\/jpeg"}],"twitter_card":"summary_large_image","twitter_misc":{"Gi\u00e1":"150,000&nbsp;&#8363;","Kh\u1ea3 d\u1ee5ng":"Trong kho"},"schema":{"@context":"https:\/\/schema.org","@graph":[{"@type":["WebPage","ItemPage"],"@id":"https:\/\/tranthi.vn\/quangnam\/ke-duoi-guong-gia-re-hoi-an-tam-ky-quang-nam\/","url":"https:\/\/tranthi.vn\/quangnam\/ke-duoi-guong-gia-re-hoi-an-tam-ky-quang-nam\/","name":"K\u1ec7 d\u01b0\u1edbi g\u01b0\u01a1ng gi\u00e1 r\u1ebb t\u1ea1i Qu\u1ea3ng Nam-0947.335.871","isPartOf":{"@id":"https:\/\/tranthi.vn\/quangnam\/#website"},"primaryImageOfPage":{"@id":"https:\/\/tranthi.vn\/quangnam\/ke-duoi-guong-gia-re-hoi-an-tam-ky-quang-nam\/#primaryimage"},"image":{"@id":"https:\/\/tranthi.vn\/quangnam\/ke-duoi-guong-gia-re-hoi-an-tam-ky-quang-nam\/#primaryimage"},"thumbnailUrl":"https:\/\/tranthi.vn\/quangnam\/wp-content\/uploads\/2021\/03\/Ke-guong-duoi-KK-12-DA-NANG.jpg","datePublished":"2021-03-09T10:28:54+00:00","dateModified":"2024-11-15T03:47:19+00:00","description":"Tr\u1ea7n Th\u1ecb chuy\u00ean cung c\u1ea5p k\u1ec7 d\u01b0\u1edbi g\u01b0\u01a1ng inox 304 gi\u00e1 r\u1ebb t\u1ea1i Qu\u1ea3ng Nam, v\u1edbi nh\u1eefng m\u1eabu k\u1ec7 d\u01b0\u1edbi g\u01b0\u01a1ng chi ph\u00ed th\u1ea5p ti\u1ec7n l\u1ee3i v\u00e0 b\u1ec1n \u0111\u1eb9p","breadcrumb":{"@id":"https:\/\/tranthi.vn\/quangnam\/ke-duoi-guong-gia-re-hoi-an-tam-ky-quang-nam\/#breadcrumb"},"inLanguage":"vi","potentialAction":[{"@type":"ReadAction","target":["https:\/\/tranthi.vn\/quangnam\/ke-duoi-guong-gia-re-hoi-an-tam-ky-quang-nam\/"]}]},{"@type":"ImageObject","inLanguage":"vi","@id":"https:\/\/tranthi.vn\/quangnam\/ke-duoi-guong-gia-re-hoi-an-tam-ky-quang-nam\/#primaryimage","url":"https:\/\/tranthi.vn\/quangnam\/wp-content\/uploads\/2021\/03\/Ke-guong-duoi-KK-12-DA-NANG.jpg","contentUrl":"https:\/\/tranthi.vn\/quangnam\/wp-content\/uploads\/2021\/03\/Ke-guong-duoi-KK-12-DA-NANG.jpg","width":400,"height":350,"caption":"K\u1ec7 g\u01b0\u01a1ng d\u01b0\u1edbi KK-12 \u0110\u00c0 N\u1eb4NG"},{"@type":"BreadcrumbList","@id":"https:\/\/tranthi.vn\/quangnam\/ke-duoi-guong-gia-re-hoi-an-tam-ky-quang-nam\/#breadcrumb","itemListElement":[{"@type":"ListItem","position":1,"name":"Trang ch\u1ee7","item":"https:\/\/tranthi.vn\/quangnam\/"},{"@type":"ListItem","position":2,"name":"Shop","item":"https:\/\/tranthi.vn\/quangnam\/shop\/"},{"@type":"ListItem","position":3,"name":"K\u1ec7 G\u01b0\u01a1ng D\u01b0\u1edbi &#8211; KK12 ( inox 304 )-TL"}]},{"@type":"WebSite","@id":"https:\/\/tranthi.vn\/quangnam\/#website","url":"https:\/\/tranthi.vn\/quangnam\/","name":"V\u1eadt Li\u1ec7u X\u00e2y D\u1ef1ng Tr\u1ea7n Th\u1ecb Chi Nh\u00e1nh Qu\u1ea3ng Nam","description":"V\u1eadt Li\u1ec7u X\u00e2y D\u1ef1ng - Qu\u1ea3ng Nam","potentialAction":[{"@type":"SearchAction","target":{"@type":"EntryPoint","urlTemplate":"https:\/\/tranthi.vn\/quangnam\/?s={search_term_string}"},"query-input":"required name=search_term_string"}],"inLanguage":"vi"},{"@type":"ImageObject","inLanguage":"vi","@id":"https:\/\/tranthi.vn\/quangnam\/ke-duoi-guong-gia-re-hoi-an-tam-ky-quang-nam\/#local-main-organization-logo","url":"","contentUrl":"","caption":"V\u1eadt Li\u1ec7u X\u00e2y D\u1ef1ng Tr\u1ea7n Th\u1ecb Chi Nh\u00e1nh Qu\u1ea3ng Nam"}]},"product_price_amount":"150000","product_price_currency":"VND","og_availability":"instock","product_availability":"instock","product_condition":"new"},"_links":{"self":[{"href":"https:\/\/tranthi.vn\/quangnam\/wp-json\/wp\/v2\/product\/2668","targetHints":{"allow":["GET"]}}],"collection":[{"href":"https:\/\/tranthi.vn\/quangnam\/wp-json\/wp\/v2\/product"}],"about":[{"href":"https:\/\/tranthi.vn\/quangnam\/wp-json\/wp\/v2\/types\/product"}],"replies":[{"embeddable":true,"href":"https:\/\/tranthi.vn\/quangnam\/wp-json\/wp\/v2\/comments?post=2668"}],"wp:featuredmedia":[{"embeddable":true,"href":"https:\/\/tranthi.vn\/quangnam\/wp-json\/wp\/v2\/media\/5191"}],"wp:attachment":[{"href":"https:\/\/tranthi.vn\/quangnam\/wp-json\/wp\/v2\/media?parent=2668"}],"wp:term":[{"taxonomy":"product_cat","embeddable":true,"href":"https:\/\/tranthi.vn\/quangnam\/wp-json\/wp\/v2\/product_cat?post=2668"},{"taxonomy":"product_tag","embeddable":true,"href":"https:\/\/tranthi.vn\/quangnam\/wp-json\/wp\/v2\/product_tag?post=2668"}],"curies":[{"name":"wp","href":"https:\/\/api.w.org\/{rel}","templated":true}]}}