{"id":2647,"date":"2021-03-09T15:29:43","date_gmt":"2021-03-09T08:29:43","guid":{"rendered":"https:\/\/tranthi.vn\/quangnam\/?post_type=product&#038;p=2647"},"modified":"2024-03-14T14:16:52","modified_gmt":"2024-03-14T07:16:52","slug":"sika-flintkote","status":"publish","type":"product","link":"https:\/\/tranthi.vn\/quangnam\/sika-flintkote\/","title":{"rendered":"Sika Flintkote 18kg"},"content":{"rendered":"<h1 style=\"text-align: center;\"><a href=\"https:\/\/tranthi.vn\/quangnam\/sika-flintkote\/\"><strong><span style=\"font-family: 'times new roman', times, serif; font-size: 130%; color: #ff0000;\">CH\u1ed0NG TH\u1ea4M SIKA FLINKOTE<\/span><\/strong><\/a><\/h1>\n<p><span style=\"font-family: 'times new roman', times, serif; font-size: 130%; color: #000000;\">Tr\u00ean th\u1ecb tr\u01b0\u1eddng <strong><em>\u0110\u00e0 N\u1eb5ng<\/em><\/strong> hi\u1ec7n t\u1ea1i c\u00f3 r\u1ea5t nhi\u1ec1u d\u00f2ng ch\u1ed1ng th\u1ea5m nh\u01b0ng <strong><em>sika flinkote<\/em><\/strong> No.3 v\u1eabn \u0111\u01b0\u1ee3c tin d\u00f9ng. S\u1ea3n ph\u1ea9m c\u00f3 kh\u1ea3 n\u0103ng ch\u1ed1ng th\u1ea5m cao v\u00e0 kh\u00f4ng g\u00e2y h\u1ea1i cho ng\u01b0\u1eddi s\u1eed d\u1ee5ng. Sau khi ho\u00e0n thi\u1ec7n s\u1ebd t\u1ea1o th\u00e0nh 1 l\u1edbp m\u00e0 ch\u1ed1ng th\u1ea5m c\u00f3 \u0111\u1ed9 \u0111\u00e0n h\u1ed3i<\/span><\/p>\n<h2><span style=\"font-size: 110%;\"><strong><span style=\"font-family: 'times new roman', times, serif; color: #ff0000;\">1. C\u00f4ng d\u1ee5ng c\u1ee7a sika flinkote<\/span><\/strong><\/span><\/h2>\n<p><span style=\"font-family: 'times new roman', times, serif; font-size: 130%; color: #000000;\"><em><strong>Sika flinkote<\/strong><\/em> l\u00e0 m\u1ed9t s\u1ea3n ph\u1ea9m <strong><em>ch\u1ed1ng th\u1ea5m<\/em><\/strong> c\u00f3 \u0111\u1ed9 \u0111\u00e0n h\u1ed3i, b\u1ec1n v\u1eefng d\u00f9ng \u0111\u1ec3 ch\u1ed1ng th\u1ea5m s\u00e0n m\u00e1i, s\u00e2n th\u01b0\u1ee3ng, b\u1ec3 b\u01a1i, b\u1ed3n hoa&#8230;<\/span><\/p>\n<ul>\n<li><span style=\"font-family: 'times new roman', times, serif; font-size: 130%; color: #000000;\">L\u00e0 s\u1ea3n ph\u1ea9m g\u1ed1c n\u01b0\u1edbc, d\u1ec5 s\u1eed d\u1ee5ng, th\u1eddi gian thi c\u00f4ng nhanh ch\u00f3ng<\/span><\/li>\n<li><span style=\"font-family: 'times new roman', times, serif; font-size: 130%; color: #000000;\">C\u00f3 kh\u1ea3 n\u0103ng ch\u1ed1ng ch\u1ecbu t\u1ed1t d\u01b0\u1edbi m\u1ecdi th\u1eddi ti\u1ebft.<\/span><\/li>\n<li><span style=\"font-family: 'times new roman', times, serif; font-size: 130%; color: #000000;\">Kh\u00f4ng g\u00e2y \u0111\u1ed9c h\u1ea1i cho m\u00f4i tr\u01b0\u1eddng v\u00e0 an to\u00e0n v\u1edbi ng\u01b0\u1eddi s\u1eed d\u1ee5ng<\/span><\/li>\n<li><span style=\"font-family: 'times new roman', times, serif; font-size: 130%; color: #000000;\">S\u1ea3n ph\u1ea9m \u0111\u01b0\u1ee3c tr\u1ed9n s\u1eb5n, kh\u00f4ng c\u1ea7n ph\u1ea3i pha ch\u1ebf th\u00eam<\/span><\/li>\n<li><span style=\"font-family: 'times new roman', times, serif; font-size: 130%; color: #000000;\">Kh\u1ea3 n\u0103ng \u0111\u00e0n h\u1ed3i m\u1ea1nh, b\u00e1m d\u00ednh<\/span><\/li>\n<\/ul>\n<h2><span style=\"font-size: 100%;\"><strong><span style=\"font-family: 'times new roman', times, serif; color: #ff0000;\">2. H\u01b0\u1edbng d\u1eabn thi c\u00f4ng sika flikote<\/span><\/strong><\/span><\/h2>\n<p><span style=\"font-family: 'times new roman', times, serif; font-size: 130%; color: #000000;\">B\u01b0\u1edbc 1: V\u1ec7 sinh b\u1ec1 m\u1eb7t<\/span><\/p>\n<p><span style=\"font-family: 'times new roman', times, serif; font-size: 130%; color: #000000;\">\u0110\u1ea3m b\u1ea3o b\u1ec7 m\u1eb7t thi c\u00f4ng ph\u1ea3i s\u1ea1ch s\u1ebd kh\u00f4ng b\u00e1m b\u1ee5i b\u1ea9n, d\u1ea7u m\u1ee1, n\u1ebfu l\u00e0 nh\u1eefng v\u1ecb tr\u00ed kh\u00f4ng mu\u1ed1n \u0111\u1ecdng n\u01b0\u1edbc th\u00ec c\u1ea7n thi\u1ebft k\u1ebf m\u00e1i xu\u00f4i \u0111\u1ec3 tho\u00e1t n\u01b0\u1edbc d\u1ec5 d\u00e0ng<\/span><\/p>\n<p><span style=\"font-family: 'times new roman', times, serif; font-size: 130%; color: #000000;\">+ L\u1edbp th\u1ee9 nh\u1ea5t \u0111\u1ea3m b\u1ea3o m\u1eadt \u0111\u1ed9 ti\u00eau th\u1ee5 t\u1eeb 0.2 \u0111\u1ebfn 0.3 lit\/m2. Khi thi c\u00f4ng l\u1edbp th\u1ee9 nh\u1ea5t n\u00ean pha s\u1ea3n ph\u1ea9m v\u1edbi n\u01b0\u1edbc theo t\u1ec9 l\u1ec7 1:1 v\u00e0 tr\u1ed9n \u0111\u1ec1u, sau \u0111\u00f3 qu\u00e9t l\u00ean b\u1ec1 m\u1eb7t c\u1ea7n ch\u1ed1ng th\u1ea5m.<\/span><\/p>\n<p><span style=\"font-family: 'times new roman', times, serif; font-size: 130%; color: #000000;\">+ L\u1edbp th\u1ee9 2 thi c\u00f4ng \u0111\u1ea3m b\u1ea3o m\u1eadt \u0111\u1ed9 ti\u00eau th\u1ee5 t\u1eeb 0.5 \u0111\u1ebfn 01 l\u00edt\/m2 t\u00f9y thu\u1ed9c \u0111\u1ed9 d\u00e0y m\u1ecfng y\u00eau c\u1ea7u. Mu\u1ed1n thi c\u00f4ng l\u1edbp th\u1ee9 2 t\u1ed1t nh\u1ea5t c\u1ea7n \u0111\u1ec3 l\u1edbp 1 th\u1ea9m th\u1ea5u v\u00e0 kh\u00f4 ho\u00e0n to\u00e0n tr\u01b0\u1edbc khi thi c\u00f4ng l\u1edbp th\u1ee9 2. \u0110\u1ed1i v\u1edbi \u0111\u1ecbnh m\u1ee9c ch\u1ed1ng th\u1ea5m\u00a0<em>Flintkote<\/em>\u00a0khi thi c\u00f4ng l\u1edbp th\u1ee9 2 kh\u00f4ng c\u1ea7n pha v\u1edbi n\u01b0\u1edbc, c\u00f3 th\u1ec3 d\u00f9ng s\u1ea3n ph\u1ea9m nguy\u00ean ch\u1ea5t qu\u00e9t l\u00ean b\u1ec1 m\u1eb7t l\u1edbp 1 theo m\u1ed9t chi\u1ec1u nh\u1ea5t \u0111\u1ecbnh \u0111\u1ec3 t\u1ea1o th\u00e0nh m\u1ed9t l\u1edbp m\u00e0ng d\u1ebbo.<\/span><\/p>\n<p><span style=\"font-family: 'times new roman', times, serif; font-size: 130%; color: #000000;\">+ L\u1edbp th\u1ee9 3 c\u1ea7n thi c\u00f4ng\u00a0<em>Flintkote<\/em>\u00a0No3 vu\u00f4ng g\u00f3c v\u1edbi l\u1edbp th\u1ee9 2 v\u00e0 c\u0169ng thi c\u00f4ng s\u1ea3n ph\u1ea9m nguy\u00ean ch\u1ea5t<\/span><br \/>\n<span style=\"font-family: 'times new roman', times, serif; font-size: 130%; color: #000000;\">\u0110\u1ec3 \u0111\u1ea3m b\u1ea3o ch\u1ea5t l\u01b0\u1ee3ng thi c\u00f4ng t\u1ed1t nh\u1ea5t, h\u00e3y v\u1ec7 sinh s\u1ea1ch s\u1ebd b\u1ec1 m\u1eb7t, lo\u1ea1i b\u1ecf to\u00e0n b\u1ed9 b\u1ee5i b\u1ea9n, d\u1ea7u m\u1ee1, c\u00e1t s\u1ea3n c\u00f3 th\u1ec3 \u1ea3nh h\u01b0\u1edfng \u0111\u1ebfn m\u00e0ng ch\u1ed1ng th\u1ea5m cu\u1ed1i c\u00f9ng. Th\u00eam n\u1eefa, c\u1ea7n ch\u00fa \u00fd khi thi c\u00f4ng \u0111\u1ecbnh m\u1ee9c ch\u1ed1ng th\u1ea5m\u00a0<em>Flintkote<\/em>\u00a0l\u00e0 \u1edf gi\u1eefa l\u1edbp 1 v\u00e0 2 ho\u1eb7c 2 v\u00e0 3 c\u00f3 th\u1ec3 d\u00f9ng l\u1edbp l\u01b0\u1edbi th\u1ee7y tinh gia c\u01b0\u1eddng \u0111\u1ec3 t\u0103ng \u0111\u1ed9 \u0111\u00e0n h\u1ed3i, kh\u1ea3 n\u0103ng ch\u1ed1ng th\u1ea5m t\u1ed1t h\u01a1n.<\/span><\/p>\n<h2><span style=\"font-family: 'times new roman', times, serif; font-size: 100%; color: #ff0000;\"><strong>3.\u0110\u1eb7c t\u00ednh h\u1eefu d\u1ee5ng flintkote 3\u00a0<\/strong><\/span><\/h2>\n<ul>\n<li><span style=\"font-family: 'times new roman', times, serif; font-size: 130%; color: #000000;\">Thi c\u00f4ng d\u1ec5 d\u00e0ng b\u1eb1ng ch\u1ed5i, bay tr\u00e1t, c\u1ecd s\u01a1n,\u00a0lu l\u0103n v\u00e0 b\u1eb1ng thi\u1ebft b\u1ecb phun c\u00f3 \u00e1p l\u1ef1c.<\/span><\/li>\n<li><span style=\"font-family: 'times new roman', times, serif; font-size: 130%; color: #000000;\">T\u1ea1o th\u00e0nh l\u1edbp ph\u1ee7 li\u1ec1n m\u1ea1ch kh\u00f4ng c\u00f3 m\u1ed1i n\u1ed1i tr\u00ean t\u1ea5t c\u1ea3 c\u00e1c lo\u1ea1i m\u1eb7t n\u1ec1n.<\/span><\/li>\n<li><span style=\"font-family: 'times new roman', times, serif; font-size: 130%; color: #000000;\">G\u1ed1c n\u01b0\u1edbc v\u00e0 kh\u00f4ng \u0111\u1ed9c.<\/span><\/li>\n<li><span style=\"font-family: 'times new roman', times, serif; font-size: 130%; color: #000000;\">Khi kh\u00f4 t\u1ea1o th\u00e0nh l\u1edbp m\u00e0ng ch\u1ed1ng th\u1ea5m dai b\u1ec1n, \u0111\u00e0n h\u1ed3i trong kho\u1ea3ng nhi\u1ec7t \u0111\u1ed9 bi\u1ebfn thi\u00ean r\u1ed9ng.<\/span><\/li>\n<li><span style=\"font-family: 'times new roman', times, serif; font-size: 130%; color: #000000;\">L\u1edbp ph\u1ee7 v\u1eadt li\u1ec7u tr\u00ean b\u1ec1 m\u1eb7t \u0111\u1ee9ng kh\u00f4ng b\u1ecb ch\u1ea3y ho\u1eb7c l\u00fan \u1edf nhi\u1ec7t \u0111\u1ed9 cao.<\/span><\/li>\n<li><span style=\"font-family: 'times new roman', times, serif; font-size: 130%; color: #000000;\">K\u1ebft d\u00ednh tuy\u1ec7t v\u1eddi v\u1edbi m\u1eb7t n\u1ec1n gi\u00fap ng\u0103n ng\u1eeba kh\u00f4ng cho n\u01b0\u1edbc th\u1ea5m v\u00e0o gi\u1eefa l\u1edbp m\u00e0ng v\u00e0 l\u1edbp n\u1ec1n.<\/span><\/li>\n<li><span style=\"font-family: 'times new roman', times, serif; font-size: 130%; color: #000000;\">C\u00f3 th\u1ec3 ph\u1ee7 l\u00ean b\u1ec1 m\u1eb7t \u1ea9m \u01b0\u1edbt nh\u01b0ng kh\u00f4ng \u0111\u01b0\u1ee3c c\u00f3 n\u01b0\u1edbc \u0111\u1ecdng nh\u01b0 b\u1ec1 m\u1eb7t b\u00ea t\u00f4ng m\u1edbi \u0111\u1ed5.<\/span><\/li>\n<\/ul>\n","protected":false},"excerpt":{"rendered":"<p><strong><span style=\"font-family: 'times new roman', times, serif; font-size: 130%;\">Sika Flintkote 18kg<\/span><\/strong><\/p>\n<p><span style=\"font-family: 'times new roman', times, serif; font-size: 130%; color: #000000;\"><img decoding=\"async\" class=\"emoji\" draggable=\"false\" src=\"https:\/\/s.w.org\/images\/core\/emoji\/12.0.0-1\/svg\/1f61b.svg\" alt=\"\ud83d\ude1b\" \/> \u0110\u01a1n v\u1ecb t\u00ednh: Th\u00f9ng 18kg<\/span><\/p>\n<p><span style=\"font-family: 'times new roman', times, serif; font-size: 130%;\"><span style=\"color: #000000;\"><img decoding=\"async\" class=\"emoji\" draggable=\"false\" src=\"https:\/\/s.w.org\/images\/core\/emoji\/12.0.0-1\/svg\/1f61b.svg\" alt=\"\ud83d\ude1b\" \/> \u0110\u01a1n gi\u00e1\u00a0 : Sika Flintkote gi\u00e1 :<\/span><span style=\"color: #ff0000;\"> 1.450.000 Th\u00f9ng 18kg<\/span><\/span><\/p>\n<p><span style=\"font-family: 'times new roman', times, serif; font-size: 130%; color: #000000;\"><img decoding=\"async\" class=\"emoji\" draggable=\"false\" src=\"https:\/\/s.w.org\/images\/core\/emoji\/12.0.0-1\/svg\/1f61b.svg\" alt=\"\ud83d\ude1b\" \/> \u0110\u01a1n v\u1ecb t\u00ednh: Th\u00f9ng 3.8kg<\/span><\/p>\n<p><span style=\"font-family: 'times new roman', times, serif; font-size: 130%;\"><span style=\"color: #000000;\"><img decoding=\"async\" class=\"emoji\" draggable=\"false\" src=\"https:\/\/s.w.org\/images\/core\/emoji\/12.0.0-1\/svg\/1f61b.svg\" alt=\"\ud83d\ude1b\" \/> \u0110\u01a1n gi\u00e1\u00a0 : Sika Flintkote gi\u00e1 :<\/span><span style=\"color: #ff0000;\"> 490.000 Th\u00f9ng 3,8kg<\/span><\/span><\/p>\n<p><span style=\"font-family: 'times new roman', times, serif; font-size: 130%;\"><em>( \u0110\u01a1n gi\u00e1 \u00e1p d\u1ee5ng khi mua tr\u00ean 3 s\u1ea3n ph\u1ea9m )<\/em><\/span><\/p>\n<p><span style=\"font-family: 'times new roman', times, serif; font-size: 130%;\"><img decoding=\"async\" class=\"emoji\" role=\"img\" draggable=\"false\" src=\"https:\/\/s.w.org\/images\/core\/emoji\/14.0.0\/svg\/1f61b.svg\" alt=\"\ud83d\ude1b\" \/>\u00a0Giao h\u00e0ng trong \u0111\u1ecba b\u00e0n\u00a0<em><a href=\"https:\/\/fr.wikipedia.org\/wiki\/Da_Nang\"><strong>\u0110\u00e0 N\u1eb5ng<\/strong><\/a><\/em><\/span><\/p>\n<p>&nbsp;<\/p>\n","protected":false},"featured_media":2648,"comment_status":"closed","ping_status":"closed","template":"","meta":[],"product_cat":[89,92],"product_tag":[],"class_list":{"0":"post-2647","1":"product","2":"type-product","3":"status-publish","4":"has-post-thumbnail","6":"product_cat-chong-tham","7":"product_cat-chong-tham-sika","9":"first","10":"instock","11":"sale","12":"shipping-taxable","13":"purchasable","14":"product-type-simple"},"yoast_head":"<!-- This site is optimized with the Yoast SEO Premium plugin v22.3 (Yoast SEO v22.8) - https:\/\/yoast.com\/wordpress\/plugins\/seo\/ -->\n<title>Sika Flintkote 18kg - V\u1eadt Li\u1ec7u X\u00e2y D\u1ef1ng Tr\u1ea7n Th\u1ecb Chi Nh\u00e1nh Qu\u1ea3ng Nam<\/title>\n<meta name=\"robots\" content=\"index, follow, max-snippet:-1, max-image-preview:large, max-video-preview:-1\" \/>\n<link rel=\"canonical\" href=\"https:\/\/tranthi.vn\/quangnam\/sika-flintkote\/\" \/>\n<meta property=\"og:locale\" content=\"vi_VN\" \/>\n<meta property=\"og:type\" content=\"article\" \/>\n<meta property=\"og:title\" content=\"Sika Flintkote 18kg\" \/>\n<meta property=\"og:description\" content=\"Sika Flintkote 18kg   \u0110\u01a1n v\u1ecb t\u00ednh: Th\u00f9ng 18kg   \u0110\u01a1n gi\u00e1\u00a0 : Sika Flintkote gi\u00e1 : 1.450.000 Th\u00f9ng 18kg   \u0110\u01a1n v\u1ecb t\u00ednh: Th\u00f9ng 3.8kg   \u0110\u01a1n gi\u00e1\u00a0 : Sika Flintkote gi\u00e1 : 490.000 Th\u00f9ng 3,8kg  ( \u0110\u01a1n gi\u00e1 \u00e1p d\u1ee5ng khi mua tr\u00ean 3 s\u1ea3n ph\u1ea9m )  \u00a0Giao h\u00e0ng trong \u0111\u1ecba b\u00e0n\u00a0\u0110\u00e0 N\u1eb5ng  &nbsp;\" \/>\n<meta property=\"og:url\" content=\"https:\/\/tranthi.vn\/quangnam\/sika-flintkote\/\" \/>\n<meta property=\"og:site_name\" content=\"V\u1eadt Li\u1ec7u X\u00e2y D\u1ef1ng Tr\u1ea7n Th\u1ecb Chi Nh\u00e1nh Qu\u1ea3ng Nam\" \/>\n<meta property=\"article:modified_time\" content=\"2024-03-14T07:16:52+00:00\" \/>\n<meta property=\"og:image\" content=\"https:\/\/tranthi.vn\/quangnam\/wp-content\/uploads\/2021\/03\/s1.jpg\" \/>\n\t<meta property=\"og:image:width\" content=\"300\" \/>\n\t<meta property=\"og:image:height\" content=\"300\" \/>\n\t<meta property=\"og:image:type\" content=\"image\/jpeg\" \/>\n<meta name=\"twitter:card\" content=\"summary_large_image\" \/>\n<meta name=\"twitter:label1\" content=\"Gi\u00e1\" \/>\n\t<meta name=\"twitter:data1\" content=\"1,450,000&nbsp;&#8363;\" \/>\n\t<meta name=\"twitter:label2\" content=\"Kh\u1ea3 d\u1ee5ng\" \/>\n\t<meta name=\"twitter:data2\" content=\"Trong kho\" \/>\n<script type=\"application\/ld+json\" class=\"yoast-schema-graph\">{\"@context\":\"https:\/\/schema.org\",\"@graph\":[{\"@type\":[\"WebPage\",\"ItemPage\"],\"@id\":\"https:\/\/tranthi.vn\/quangnam\/sika-flintkote\/\",\"url\":\"https:\/\/tranthi.vn\/quangnam\/sika-flintkote\/\",\"name\":\"Sika Flintkote 18kg - V\u1eadt Li\u1ec7u X\u00e2y D\u1ef1ng Tr\u1ea7n Th\u1ecb Chi Nh\u00e1nh Qu\u1ea3ng Nam\",\"isPartOf\":{\"@id\":\"https:\/\/tranthi.vn\/quangnam\/#website\"},\"primaryImageOfPage\":{\"@id\":\"https:\/\/tranthi.vn\/quangnam\/sika-flintkote\/#primaryimage\"},\"image\":{\"@id\":\"https:\/\/tranthi.vn\/quangnam\/sika-flintkote\/#primaryimage\"},\"thumbnailUrl\":\"https:\/\/tranthi.vn\/quangnam\/wp-content\/uploads\/2021\/03\/s1.jpg\",\"datePublished\":\"2021-03-09T08:29:43+00:00\",\"dateModified\":\"2024-03-14T07:16:52+00:00\",\"breadcrumb\":{\"@id\":\"https:\/\/tranthi.vn\/quangnam\/sika-flintkote\/#breadcrumb\"},\"inLanguage\":\"vi\",\"potentialAction\":[{\"@type\":\"ReadAction\",\"target\":[\"https:\/\/tranthi.vn\/quangnam\/sika-flintkote\/\"]}]},{\"@type\":\"ImageObject\",\"inLanguage\":\"vi\",\"@id\":\"https:\/\/tranthi.vn\/quangnam\/sika-flintkote\/#primaryimage\",\"url\":\"https:\/\/tranthi.vn\/quangnam\/wp-content\/uploads\/2021\/03\/s1.jpg\",\"contentUrl\":\"https:\/\/tranthi.vn\/quangnam\/wp-content\/uploads\/2021\/03\/s1.jpg\",\"width\":300,\"height\":300},{\"@type\":\"BreadcrumbList\",\"@id\":\"https:\/\/tranthi.vn\/quangnam\/sika-flintkote\/#breadcrumb\",\"itemListElement\":[{\"@type\":\"ListItem\",\"position\":1,\"name\":\"Trang ch\u1ee7\",\"item\":\"https:\/\/tranthi.vn\/quangnam\/\"},{\"@type\":\"ListItem\",\"position\":2,\"name\":\"Shop\",\"item\":\"https:\/\/tranthi.vn\/quangnam\/shop\/\"},{\"@type\":\"ListItem\",\"position\":3,\"name\":\"Sika Flintkote 18kg\"}]},{\"@type\":\"WebSite\",\"@id\":\"https:\/\/tranthi.vn\/quangnam\/#website\",\"url\":\"https:\/\/tranthi.vn\/quangnam\/\",\"name\":\"V\u1eadt Li\u1ec7u X\u00e2y D\u1ef1ng Tr\u1ea7n Th\u1ecb Chi Nh\u00e1nh Qu\u1ea3ng Nam\",\"description\":\"V\u1eadt Li\u1ec7u X\u00e2y D\u1ef1ng - Qu\u1ea3ng Nam\",\"potentialAction\":[{\"@type\":\"SearchAction\",\"target\":{\"@type\":\"EntryPoint\",\"urlTemplate\":\"https:\/\/tranthi.vn\/quangnam\/?s={search_term_string}\"},\"query-input\":\"required name=search_term_string\"}],\"inLanguage\":\"vi\"},{\"@type\":\"ImageObject\",\"inLanguage\":\"vi\",\"@id\":\"https:\/\/tranthi.vn\/quangnam\/sika-flintkote\/#local-main-organization-logo\",\"url\":\"\",\"contentUrl\":\"\",\"caption\":\"V\u1eadt Li\u1ec7u X\u00e2y D\u1ef1ng Tr\u1ea7n Th\u1ecb Chi Nh\u00e1nh Qu\u1ea3ng Nam\"}]}<\/script>\n<meta property=\"product:price:amount\" content=\"1450000\" \/>\n<meta property=\"product:price:currency\" content=\"VND\" \/>\n<meta property=\"og:availability\" content=\"instock\" \/>\n<meta property=\"product:availability\" content=\"instock\" \/>\n<meta property=\"product:condition\" content=\"new\" \/>\n<!-- \/ Yoast SEO Premium plugin. -->","yoast_head_json":{"title":"Sika Flintkote 18kg - V\u1eadt Li\u1ec7u X\u00e2y D\u1ef1ng Tr\u1ea7n Th\u1ecb Chi Nh\u00e1nh Qu\u1ea3ng Nam","robots":{"index":"index","follow":"follow","max-snippet":"max-snippet:-1","max-image-preview":"max-image-preview:large","max-video-preview":"max-video-preview:-1"},"canonical":"https:\/\/tranthi.vn\/quangnam\/sika-flintkote\/","og_locale":"vi_VN","og_type":"article","og_title":"Sika Flintkote 18kg","og_description":"Sika Flintkote 18kg   \u0110\u01a1n v\u1ecb t\u00ednh: Th\u00f9ng 18kg   \u0110\u01a1n gi\u00e1\u00a0 : Sika Flintkote gi\u00e1 : 1.450.000 Th\u00f9ng 18kg   \u0110\u01a1n v\u1ecb t\u00ednh: Th\u00f9ng 3.8kg   \u0110\u01a1n gi\u00e1\u00a0 : Sika Flintkote gi\u00e1 : 490.000 Th\u00f9ng 3,8kg  ( \u0110\u01a1n gi\u00e1 \u00e1p d\u1ee5ng khi mua tr\u00ean 3 s\u1ea3n ph\u1ea9m )  \u00a0Giao h\u00e0ng trong \u0111\u1ecba b\u00e0n\u00a0\u0110\u00e0 N\u1eb5ng  &nbsp;","og_url":"https:\/\/tranthi.vn\/quangnam\/sika-flintkote\/","og_site_name":"V\u1eadt Li\u1ec7u X\u00e2y D\u1ef1ng Tr\u1ea7n Th\u1ecb Chi Nh\u00e1nh Qu\u1ea3ng Nam","article_modified_time":"2024-03-14T07:16:52+00:00","og_image":[{"width":300,"height":300,"url":"https:\/\/tranthi.vn\/quangnam\/wp-content\/uploads\/2021\/03\/s1.jpg","type":"image\/jpeg"}],"twitter_card":"summary_large_image","twitter_misc":{"Gi\u00e1":"1,450,000&nbsp;&#8363;","Kh\u1ea3 d\u1ee5ng":"Trong kho"},"schema":{"@context":"https:\/\/schema.org","@graph":[{"@type":["WebPage","ItemPage"],"@id":"https:\/\/tranthi.vn\/quangnam\/sika-flintkote\/","url":"https:\/\/tranthi.vn\/quangnam\/sika-flintkote\/","name":"Sika Flintkote 18kg - V\u1eadt Li\u1ec7u X\u00e2y D\u1ef1ng Tr\u1ea7n Th\u1ecb Chi Nh\u00e1nh Qu\u1ea3ng Nam","isPartOf":{"@id":"https:\/\/tranthi.vn\/quangnam\/#website"},"primaryImageOfPage":{"@id":"https:\/\/tranthi.vn\/quangnam\/sika-flintkote\/#primaryimage"},"image":{"@id":"https:\/\/tranthi.vn\/quangnam\/sika-flintkote\/#primaryimage"},"thumbnailUrl":"https:\/\/tranthi.vn\/quangnam\/wp-content\/uploads\/2021\/03\/s1.jpg","datePublished":"2021-03-09T08:29:43+00:00","dateModified":"2024-03-14T07:16:52+00:00","breadcrumb":{"@id":"https:\/\/tranthi.vn\/quangnam\/sika-flintkote\/#breadcrumb"},"inLanguage":"vi","potentialAction":[{"@type":"ReadAction","target":["https:\/\/tranthi.vn\/quangnam\/sika-flintkote\/"]}]},{"@type":"ImageObject","inLanguage":"vi","@id":"https:\/\/tranthi.vn\/quangnam\/sika-flintkote\/#primaryimage","url":"https:\/\/tranthi.vn\/quangnam\/wp-content\/uploads\/2021\/03\/s1.jpg","contentUrl":"https:\/\/tranthi.vn\/quangnam\/wp-content\/uploads\/2021\/03\/s1.jpg","width":300,"height":300},{"@type":"BreadcrumbList","@id":"https:\/\/tranthi.vn\/quangnam\/sika-flintkote\/#breadcrumb","itemListElement":[{"@type":"ListItem","position":1,"name":"Trang ch\u1ee7","item":"https:\/\/tranthi.vn\/quangnam\/"},{"@type":"ListItem","position":2,"name":"Shop","item":"https:\/\/tranthi.vn\/quangnam\/shop\/"},{"@type":"ListItem","position":3,"name":"Sika Flintkote 18kg"}]},{"@type":"WebSite","@id":"https:\/\/tranthi.vn\/quangnam\/#website","url":"https:\/\/tranthi.vn\/quangnam\/","name":"V\u1eadt Li\u1ec7u X\u00e2y D\u1ef1ng Tr\u1ea7n Th\u1ecb Chi Nh\u00e1nh Qu\u1ea3ng Nam","description":"V\u1eadt Li\u1ec7u X\u00e2y D\u1ef1ng - Qu\u1ea3ng Nam","potentialAction":[{"@type":"SearchAction","target":{"@type":"EntryPoint","urlTemplate":"https:\/\/tranthi.vn\/quangnam\/?s={search_term_string}"},"query-input":"required name=search_term_string"}],"inLanguage":"vi"},{"@type":"ImageObject","inLanguage":"vi","@id":"https:\/\/tranthi.vn\/quangnam\/sika-flintkote\/#local-main-organization-logo","url":"","contentUrl":"","caption":"V\u1eadt Li\u1ec7u X\u00e2y D\u1ef1ng Tr\u1ea7n Th\u1ecb Chi Nh\u00e1nh Qu\u1ea3ng Nam"}]},"product_price_amount":"1450000","product_price_currency":"VND","og_availability":"instock","product_availability":"instock","product_condition":"new"},"_links":{"self":[{"href":"https:\/\/tranthi.vn\/quangnam\/wp-json\/wp\/v2\/product\/2647","targetHints":{"allow":["GET"]}}],"collection":[{"href":"https:\/\/tranthi.vn\/quangnam\/wp-json\/wp\/v2\/product"}],"about":[{"href":"https:\/\/tranthi.vn\/quangnam\/wp-json\/wp\/v2\/types\/product"}],"replies":[{"embeddable":true,"href":"https:\/\/tranthi.vn\/quangnam\/wp-json\/wp\/v2\/comments?post=2647"}],"wp:featuredmedia":[{"embeddable":true,"href":"https:\/\/tranthi.vn\/quangnam\/wp-json\/wp\/v2\/media\/2648"}],"wp:attachment":[{"href":"https:\/\/tranthi.vn\/quangnam\/wp-json\/wp\/v2\/media?parent=2647"}],"wp:term":[{"taxonomy":"product_cat","embeddable":true,"href":"https:\/\/tranthi.vn\/quangnam\/wp-json\/wp\/v2\/product_cat?post=2647"},{"taxonomy":"product_tag","embeddable":true,"href":"https:\/\/tranthi.vn\/quangnam\/wp-json\/wp\/v2\/product_tag?post=2647"}],"curies":[{"name":"wp","href":"https:\/\/api.w.org\/{rel}","templated":true}]}}