{"id":2368,"date":"2021-03-02T16:52:49","date_gmt":"2021-03-02T09:52:49","guid":{"rendered":"https:\/\/tranthi.vn\/quangnam\/?post_type=product&#038;p=2368"},"modified":"2024-03-06T08:20:05","modified_gmt":"2024-03-06T01:20:05","slug":"hoa-phat-d8-cb240","status":"publish","type":"product","link":"https:\/\/tranthi.vn\/quangnam\/hoa-phat-d8-cb240\/","title":{"rendered":"Ho\u00e0 Ph\u00e1t \u00d88 &#8211; CB300 (cu\u1ed9n)"},"content":{"rendered":"","protected":false},"excerpt":{"rendered":"<p><span style=\"font-family: 'times new roman', times, serif; font-size: 130%; color: #000000;\">\ud83d\ude1b <em><strong>S\u1eaft Ho\u00e0 Ph\u00e1t <\/strong><\/em>\u00d8<em><strong>8 &#8211; CB300 (cu\u1ed9n)<\/strong><\/em><\/span><\/p>\n<p><span style=\"font-family: 'times new roman', times, serif; font-size: 130%; color: #000000;\">\ud83d\ude1b \u0110\u01a1n v\u1ecb t\u00ednh: kg<\/span><\/p>\n<p><span style=\"color: #000000; font-size: 130%; font-family: 'times new roman', times, serif;\">\ud83d\ude1b \u0110\u01a1n gi\u00e1<i>: <\/i><strong>\u00a0<span style=\"color: #ed1c24;\">16.700\u0111\/kg ( Gi\u00e1 Hi\u1ec7n T\u1ea1i )<\/span><\/strong><\/span><\/p>\n<p><span style=\"color: #000000; font-size: 130%; font-family: 'times new roman', times, serif;\">\ud83d\ude1b<strong><em> <span style=\"color: #000000;\">\u0110\u01a1n gi\u00e1 tr\u00ean ch\u1ec9 mang t\u00ednh ch\u1ea5t tham kh\u1ea3o. Gi\u00e1 c\u00f3 th\u1ec3 thay \u0111\u1ed5i theo t\u1eebng th\u1eddi \u0111i\u1ec3m.<\/span><\/em><\/strong><\/span><\/p>\n<p><span style=\"color: #000000; font-size: 130%; font-family: 'times new roman', times, serif;\">\ud83d\ude1b \u0110\u01a1n gi\u00e1 \u00e1p d\u1ee5ng khi mua tr\u00ean 30kg<\/span><\/p>\n<p><span style=\"font-family: 'times new roman', times, serif; font-size: 130%; color: #000000;\">\ud83d\ude1b Giao h\u00e0ng trong \u0111\u1ecba b\u00e0n\u00a0<span style=\"color: #0000ff;\"><em><a style=\"color: #0000ff;\" href=\"https:\/\/fr.wikipedia.org\/wiki\/Da_Nang\"><strong>\u0110\u00e0 N\u1eb5ng<\/strong><\/a><\/em><\/span><\/span><\/p>\n<p><span style=\"font-family: 'times new roman', times, serif; font-size: 130%; color: #000000;\">\ud83d\ude1b Ph\u00ed v\u1eadn chuy\u1ec3n tu\u1ef3 thu\u1ed9c v\u00e0o t\u1eebng v\u1ecb tr\u00ed<\/span><\/p>\n","protected":false},"featured_media":4617,"comment_status":"closed","ping_status":"closed","template":"","meta":[],"product_cat":[205,254,203],"product_tag":[],"class_list":{"0":"post-2368","1":"product","2":"type-product","3":"status-publish","4":"has-post-thumbnail","6":"product_cat-sat-thep","7":"product_cat-thep-hoa-phat","8":"product_cat-vat-lieu-xay-dung","10":"first","11":"instock","12":"sale","13":"shipping-taxable","14":"purchasable","15":"product-type-simple"},"yoast_head":"<!-- This site is optimized with the Yoast SEO Premium plugin v22.3 (Yoast SEO v22.8) - https:\/\/yoast.com\/wordpress\/plugins\/seo\/ -->\n<title>Ho\u00e0 Ph\u00e1t \u00d88 - CB300 (cu\u1ed9n) - V\u1eadt Li\u1ec7u X\u00e2y D\u1ef1ng Tr\u1ea7n Th\u1ecb Chi Nh\u00e1nh Qu\u1ea3ng Nam<\/title>\n<meta name=\"robots\" content=\"index, follow, max-snippet:-1, max-image-preview:large, max-video-preview:-1\" \/>\n<link rel=\"canonical\" href=\"https:\/\/tranthi.vn\/quangnam\/hoa-phat-d8-cb240\/\" \/>\n<meta property=\"og:locale\" content=\"vi_VN\" \/>\n<meta property=\"og:type\" content=\"article\" \/>\n<meta property=\"og:title\" content=\"Ho\u00e0 Ph\u00e1t \u00d88 - CB300 (cu\u1ed9n)\" \/>\n<meta property=\"og:description\" content=\"\ud83d\ude1b S\u1eaft Ho\u00e0 Ph\u00e1t \u00d88 - CB300 (cu\u1ed9n)  \ud83d\ude1b \u0110\u01a1n v\u1ecb t\u00ednh: kg  \ud83d\ude1b \u0110\u01a1n gi\u00e1: \u00a016.700\u0111\/kg ( Gi\u00e1 Hi\u1ec7n T\u1ea1i )  \ud83d\ude1b \u0110\u01a1n gi\u00e1 tr\u00ean ch\u1ec9 mang t\u00ednh ch\u1ea5t tham kh\u1ea3o. Gi\u00e1 c\u00f3 th\u1ec3 thay \u0111\u1ed5i theo t\u1eebng th\u1eddi \u0111i\u1ec3m.  \ud83d\ude1b \u0110\u01a1n gi\u00e1 \u00e1p d\u1ee5ng khi mua tr\u00ean 30kg  \ud83d\ude1b Giao h\u00e0ng trong \u0111\u1ecba b\u00e0n\u00a0\u0110\u00e0 N\u1eb5ng  \ud83d\ude1b Ph\u00ed v\u1eadn chuy\u1ec3n tu\u1ef3 thu\u1ed9c v\u00e0o t\u1eebng v\u1ecb tr\u00ed\" \/>\n<meta property=\"og:url\" content=\"https:\/\/tranthi.vn\/quangnam\/hoa-phat-d8-cb240\/\" \/>\n<meta property=\"og:site_name\" content=\"V\u1eadt Li\u1ec7u X\u00e2y D\u1ef1ng Tr\u1ea7n Th\u1ecb Chi Nh\u00e1nh Qu\u1ea3ng Nam\" \/>\n<meta property=\"article:modified_time\" content=\"2024-03-06T01:20:05+00:00\" \/>\n<meta property=\"og:image\" content=\"https:\/\/tranthi.vn\/quangnam\/wp-content\/uploads\/2021\/03\/thep-cuon-phi-6-2.jpg\" \/>\n\t<meta property=\"og:image:width\" content=\"800\" \/>\n\t<meta property=\"og:image:height\" content=\"497\" \/>\n\t<meta property=\"og:image:type\" content=\"image\/jpeg\" \/>\n<meta name=\"twitter:card\" content=\"summary_large_image\" \/>\n<meta name=\"twitter:label1\" content=\"Gi\u00e1\" \/>\n\t<meta name=\"twitter:data1\" content=\"16,700&nbsp;&#8363;\" \/>\n\t<meta name=\"twitter:label2\" content=\"Kh\u1ea3 d\u1ee5ng\" \/>\n\t<meta name=\"twitter:data2\" content=\"Trong kho\" \/>\n<script type=\"application\/ld+json\" class=\"yoast-schema-graph\">{\"@context\":\"https:\/\/schema.org\",\"@graph\":[{\"@type\":[\"WebPage\",\"ItemPage\"],\"@id\":\"https:\/\/tranthi.vn\/quangnam\/hoa-phat-d8-cb240\/\",\"url\":\"https:\/\/tranthi.vn\/quangnam\/hoa-phat-d8-cb240\/\",\"name\":\"Ho\u00e0 Ph\u00e1t \u00d88 - CB300 (cu\u1ed9n) - V\u1eadt Li\u1ec7u X\u00e2y D\u1ef1ng Tr\u1ea7n Th\u1ecb Chi Nh\u00e1nh Qu\u1ea3ng Nam\",\"isPartOf\":{\"@id\":\"https:\/\/tranthi.vn\/quangnam\/#website\"},\"primaryImageOfPage\":{\"@id\":\"https:\/\/tranthi.vn\/quangnam\/hoa-phat-d8-cb240\/#primaryimage\"},\"image\":{\"@id\":\"https:\/\/tranthi.vn\/quangnam\/hoa-phat-d8-cb240\/#primaryimage\"},\"thumbnailUrl\":\"https:\/\/tranthi.vn\/quangnam\/wp-content\/uploads\/2021\/03\/thep-cuon-phi-6-2.jpg\",\"datePublished\":\"2021-03-02T09:52:49+00:00\",\"dateModified\":\"2024-03-06T01:20:05+00:00\",\"breadcrumb\":{\"@id\":\"https:\/\/tranthi.vn\/quangnam\/hoa-phat-d8-cb240\/#breadcrumb\"},\"inLanguage\":\"vi\",\"potentialAction\":[{\"@type\":\"ReadAction\",\"target\":[\"https:\/\/tranthi.vn\/quangnam\/hoa-phat-d8-cb240\/\"]}]},{\"@type\":\"ImageObject\",\"inLanguage\":\"vi\",\"@id\":\"https:\/\/tranthi.vn\/quangnam\/hoa-phat-d8-cb240\/#primaryimage\",\"url\":\"https:\/\/tranthi.vn\/quangnam\/wp-content\/uploads\/2021\/03\/thep-cuon-phi-6-2.jpg\",\"contentUrl\":\"https:\/\/tranthi.vn\/quangnam\/wp-content\/uploads\/2021\/03\/thep-cuon-phi-6-2.jpg\",\"width\":800,\"height\":497},{\"@type\":\"BreadcrumbList\",\"@id\":\"https:\/\/tranthi.vn\/quangnam\/hoa-phat-d8-cb240\/#breadcrumb\",\"itemListElement\":[{\"@type\":\"ListItem\",\"position\":1,\"name\":\"Trang ch\u1ee7\",\"item\":\"https:\/\/tranthi.vn\/quangnam\/\"},{\"@type\":\"ListItem\",\"position\":2,\"name\":\"Shop\",\"item\":\"https:\/\/tranthi.vn\/quangnam\/shop\/\"},{\"@type\":\"ListItem\",\"position\":3,\"name\":\"Ho\u00e0 Ph\u00e1t \u00d88 &#8211; CB300 (cu\u1ed9n)\"}]},{\"@type\":\"WebSite\",\"@id\":\"https:\/\/tranthi.vn\/quangnam\/#website\",\"url\":\"https:\/\/tranthi.vn\/quangnam\/\",\"name\":\"V\u1eadt Li\u1ec7u X\u00e2y D\u1ef1ng Tr\u1ea7n Th\u1ecb Chi Nh\u00e1nh Qu\u1ea3ng Nam\",\"description\":\"V\u1eadt Li\u1ec7u X\u00e2y D\u1ef1ng - Qu\u1ea3ng Nam\",\"potentialAction\":[{\"@type\":\"SearchAction\",\"target\":{\"@type\":\"EntryPoint\",\"urlTemplate\":\"https:\/\/tranthi.vn\/quangnam\/?s={search_term_string}\"},\"query-input\":\"required name=search_term_string\"}],\"inLanguage\":\"vi\"},{\"@type\":\"ImageObject\",\"inLanguage\":\"vi\",\"@id\":\"https:\/\/tranthi.vn\/quangnam\/hoa-phat-d8-cb240\/#local-main-organization-logo\",\"url\":\"\",\"contentUrl\":\"\",\"caption\":\"V\u1eadt Li\u1ec7u X\u00e2y D\u1ef1ng Tr\u1ea7n Th\u1ecb Chi Nh\u00e1nh Qu\u1ea3ng Nam\"}]}<\/script>\n<meta property=\"product:price:amount\" content=\"16700\" \/>\n<meta property=\"product:price:currency\" content=\"VND\" \/>\n<meta property=\"og:availability\" content=\"instock\" \/>\n<meta property=\"product:availability\" content=\"instock\" \/>\n<meta property=\"product:retailer_item_id\" content=\"18900\" \/>\n<meta property=\"product:condition\" content=\"new\" \/>\n<!-- \/ Yoast SEO Premium plugin. -->","yoast_head_json":{"title":"Ho\u00e0 Ph\u00e1t \u00d88 - CB300 (cu\u1ed9n) - V\u1eadt Li\u1ec7u X\u00e2y D\u1ef1ng Tr\u1ea7n Th\u1ecb Chi Nh\u00e1nh Qu\u1ea3ng Nam","robots":{"index":"index","follow":"follow","max-snippet":"max-snippet:-1","max-image-preview":"max-image-preview:large","max-video-preview":"max-video-preview:-1"},"canonical":"https:\/\/tranthi.vn\/quangnam\/hoa-phat-d8-cb240\/","og_locale":"vi_VN","og_type":"article","og_title":"Ho\u00e0 Ph\u00e1t \u00d88 - CB300 (cu\u1ed9n)","og_description":"\ud83d\ude1b S\u1eaft Ho\u00e0 Ph\u00e1t \u00d88 - CB300 (cu\u1ed9n)  \ud83d\ude1b \u0110\u01a1n v\u1ecb t\u00ednh: kg  \ud83d\ude1b \u0110\u01a1n gi\u00e1: \u00a016.700\u0111\/kg ( Gi\u00e1 Hi\u1ec7n T\u1ea1i )  \ud83d\ude1b \u0110\u01a1n gi\u00e1 tr\u00ean ch\u1ec9 mang t\u00ednh ch\u1ea5t tham kh\u1ea3o. Gi\u00e1 c\u00f3 th\u1ec3 thay \u0111\u1ed5i theo t\u1eebng th\u1eddi \u0111i\u1ec3m.  \ud83d\ude1b \u0110\u01a1n gi\u00e1 \u00e1p d\u1ee5ng khi mua tr\u00ean 30kg  \ud83d\ude1b Giao h\u00e0ng trong \u0111\u1ecba b\u00e0n\u00a0\u0110\u00e0 N\u1eb5ng  \ud83d\ude1b Ph\u00ed v\u1eadn chuy\u1ec3n tu\u1ef3 thu\u1ed9c v\u00e0o t\u1eebng v\u1ecb tr\u00ed","og_url":"https:\/\/tranthi.vn\/quangnam\/hoa-phat-d8-cb240\/","og_site_name":"V\u1eadt Li\u1ec7u X\u00e2y D\u1ef1ng Tr\u1ea7n Th\u1ecb Chi Nh\u00e1nh Qu\u1ea3ng Nam","article_modified_time":"2024-03-06T01:20:05+00:00","og_image":[{"width":800,"height":497,"url":"https:\/\/tranthi.vn\/quangnam\/wp-content\/uploads\/2021\/03\/thep-cuon-phi-6-2.jpg","type":"image\/jpeg"}],"twitter_card":"summary_large_image","twitter_misc":{"Gi\u00e1":"16,700&nbsp;&#8363;","Kh\u1ea3 d\u1ee5ng":"Trong kho"},"schema":{"@context":"https:\/\/schema.org","@graph":[{"@type":["WebPage","ItemPage"],"@id":"https:\/\/tranthi.vn\/quangnam\/hoa-phat-d8-cb240\/","url":"https:\/\/tranthi.vn\/quangnam\/hoa-phat-d8-cb240\/","name":"Ho\u00e0 Ph\u00e1t \u00d88 - CB300 (cu\u1ed9n) - V\u1eadt Li\u1ec7u X\u00e2y D\u1ef1ng Tr\u1ea7n Th\u1ecb Chi Nh\u00e1nh Qu\u1ea3ng Nam","isPartOf":{"@id":"https:\/\/tranthi.vn\/quangnam\/#website"},"primaryImageOfPage":{"@id":"https:\/\/tranthi.vn\/quangnam\/hoa-phat-d8-cb240\/#primaryimage"},"image":{"@id":"https:\/\/tranthi.vn\/quangnam\/hoa-phat-d8-cb240\/#primaryimage"},"thumbnailUrl":"https:\/\/tranthi.vn\/quangnam\/wp-content\/uploads\/2021\/03\/thep-cuon-phi-6-2.jpg","datePublished":"2021-03-02T09:52:49+00:00","dateModified":"2024-03-06T01:20:05+00:00","breadcrumb":{"@id":"https:\/\/tranthi.vn\/quangnam\/hoa-phat-d8-cb240\/#breadcrumb"},"inLanguage":"vi","potentialAction":[{"@type":"ReadAction","target":["https:\/\/tranthi.vn\/quangnam\/hoa-phat-d8-cb240\/"]}]},{"@type":"ImageObject","inLanguage":"vi","@id":"https:\/\/tranthi.vn\/quangnam\/hoa-phat-d8-cb240\/#primaryimage","url":"https:\/\/tranthi.vn\/quangnam\/wp-content\/uploads\/2021\/03\/thep-cuon-phi-6-2.jpg","contentUrl":"https:\/\/tranthi.vn\/quangnam\/wp-content\/uploads\/2021\/03\/thep-cuon-phi-6-2.jpg","width":800,"height":497},{"@type":"BreadcrumbList","@id":"https:\/\/tranthi.vn\/quangnam\/hoa-phat-d8-cb240\/#breadcrumb","itemListElement":[{"@type":"ListItem","position":1,"name":"Trang ch\u1ee7","item":"https:\/\/tranthi.vn\/quangnam\/"},{"@type":"ListItem","position":2,"name":"Shop","item":"https:\/\/tranthi.vn\/quangnam\/shop\/"},{"@type":"ListItem","position":3,"name":"Ho\u00e0 Ph\u00e1t \u00d88 &#8211; CB300 (cu\u1ed9n)"}]},{"@type":"WebSite","@id":"https:\/\/tranthi.vn\/quangnam\/#website","url":"https:\/\/tranthi.vn\/quangnam\/","name":"V\u1eadt Li\u1ec7u X\u00e2y D\u1ef1ng Tr\u1ea7n Th\u1ecb Chi Nh\u00e1nh Qu\u1ea3ng Nam","description":"V\u1eadt Li\u1ec7u X\u00e2y D\u1ef1ng - Qu\u1ea3ng Nam","potentialAction":[{"@type":"SearchAction","target":{"@type":"EntryPoint","urlTemplate":"https:\/\/tranthi.vn\/quangnam\/?s={search_term_string}"},"query-input":"required name=search_term_string"}],"inLanguage":"vi"},{"@type":"ImageObject","inLanguage":"vi","@id":"https:\/\/tranthi.vn\/quangnam\/hoa-phat-d8-cb240\/#local-main-organization-logo","url":"","contentUrl":"","caption":"V\u1eadt Li\u1ec7u X\u00e2y D\u1ef1ng Tr\u1ea7n Th\u1ecb Chi Nh\u00e1nh Qu\u1ea3ng Nam"}]},"product_price_amount":"16700","product_price_currency":"VND","og_availability":"instock","product_availability":"instock","product_retailer_item_id":"18900","product_condition":"new"},"_links":{"self":[{"href":"https:\/\/tranthi.vn\/quangnam\/wp-json\/wp\/v2\/product\/2368","targetHints":{"allow":["GET"]}}],"collection":[{"href":"https:\/\/tranthi.vn\/quangnam\/wp-json\/wp\/v2\/product"}],"about":[{"href":"https:\/\/tranthi.vn\/quangnam\/wp-json\/wp\/v2\/types\/product"}],"replies":[{"embeddable":true,"href":"https:\/\/tranthi.vn\/quangnam\/wp-json\/wp\/v2\/comments?post=2368"}],"wp:featuredmedia":[{"embeddable":true,"href":"https:\/\/tranthi.vn\/quangnam\/wp-json\/wp\/v2\/media\/4617"}],"wp:attachment":[{"href":"https:\/\/tranthi.vn\/quangnam\/wp-json\/wp\/v2\/media?parent=2368"}],"wp:term":[{"taxonomy":"product_cat","embeddable":true,"href":"https:\/\/tranthi.vn\/quangnam\/wp-json\/wp\/v2\/product_cat?post=2368"},{"taxonomy":"product_tag","embeddable":true,"href":"https:\/\/tranthi.vn\/quangnam\/wp-json\/wp\/v2\/product_tag?post=2368"}],"curies":[{"name":"wp","href":"https:\/\/api.w.org\/{rel}","templated":true}]}}