{"id":2248,"date":"2021-02-26T16:56:10","date_gmt":"2021-02-26T09:56:10","guid":{"rendered":"https:\/\/tranthi.vn\/quangnam\/?post_type=product&#038;p=2248"},"modified":"2024-06-13T09:00:30","modified_gmt":"2024-06-13T02:00:30","slug":"gia-son-noi-that-jotaplast-da-nang","status":"publish","type":"product","link":"https:\/\/tranthi.vn\/quangnam\/gia-son-noi-that-jotaplast-da-nang\/","title":{"rendered":"Jotun Jotaplast -Th\u00f9ng 17L T"},"content":{"rendered":"","protected":false},"excerpt":{"rendered":"<p><span style=\"font-family: 'times new roman', times, serif; font-size: 130%; color: #000000;\">\ud83d\ude1b Giao h\u00e0ng trong \u0111\u1ecba b\u00e0n\u00a0<span style=\"color: #008000;\"><strong><a style=\"color: #008000;\" href=\"https:\/\/fr.wikipedia.org\/wiki\/Da_Nang\">\u0110\u00e0 N\u1eb5ng<\/a><\/strong><\/span><\/span><\/p>\n<p><span style=\"font-family: 'times new roman', times, serif; font-size: 130%; color: #000000;\">\ud83d\ude1b \u00a0\u0110\u01a1n v\u1ecb t\u00ednh: 17 l\u00edt\u00a0<\/span><\/p>\n<p><span style=\"font-family: 'times new roman', times, serif; font-size: 130%; color: #000000;\">\ud83d\ude1b \u00a0\u0110\u01a1n gi\u00e1 <strong><em>S\u01a1n ph\u1ee7 n\u1ed9i th\u1ea5t Jotun Jotaplast -Th\u00f9ng 17L<\/em><\/strong><\/span><\/p>\n<ul>\n<li><span style=\"font-family: 'times new roman', times, serif; font-size: 130%; color: #ff0000;\"><strong>\u00a0290.000\u0111\/5L- W<\/strong><\/span><\/li>\n<li><span style=\"font-family: 'times new roman', times, serif; font-size: 130%; color: #000000;\"><strong><span style=\"color: #ed1c24;\">730<\/span><span style=\"color: #ff0000;\">.000\u0111\/17L- W<\/span><\/strong><\/span><\/li>\n<li><span style=\"font-family: 'times new roman', times, serif; font-size: 130%; color: #ff0000;\"><strong>270.000\u0111\/5L- A<\/strong><\/span><\/li>\n<li><span style=\"font-family: 'times new roman', times, serif; font-size: 130%; color: #000000;\"><strong><span style=\"color: #ff0000;\"><span style=\"color: #ed1c24;\">700<\/span><\/span><span style=\"color: #ff0000;\">.000\u0111\/17L- A<\/span><\/strong><\/span><\/li>\n<\/ul>\n<p><strong style=\"font-family: 'times new roman', times, serif; font-size: 130%; color: #555555;\"><em>\u0110\u01a1n gi\u00e1 \u00e1p d\u1ee5ng khi mua t\u1eeb 5 s\u1ea3n ph\u1ea9m, d\u01b0\u1edbi 5 s\u1ea3n ph\u1ea9m qu\u00fd kh\u00e1ch vui l\u00f2ng ch\u1ecbu ph\u00ed v\u1eadn chuy\u1ec3n<\/em><\/strong><\/p>\n<p><span style=\"font-family: 'times new roman', times, serif; font-size: 130%; color: #000000;\">\ud83d\ude1b\u00a0Ngo\u00e0i ra Tr\u1ea7n Th\u1ecb c\u00f2n nh\u1eadn giao h\u00e0ng \u0111\u1ebfn c\u00e1c \u0111i\u1ec3m\u00a0<strong><a style=\"color: #000000;\" href=\"https:\/\/vi.wikipedia.org\/wiki\/%C4%90%C3%B4ng_H%C3%A0\"><span style=\"color: #008000;\">\u0110\u00f4ng H\u00e0 Qu\u1ea3ng tr\u1ecb<\/span><\/a><\/strong><span style=\"color: #008000;\">,\u00a0<strong><a style=\"color: #008000;\" href=\"https:\/\/vi.wikipedia.org\/wiki\/H%E1%BB%99i_An\">H\u1ed9i An<\/a><\/strong>,\u00a0<strong><a style=\"color: #008000;\" href=\"https:\/\/vi.wikipedia.org\/wiki\/Tam_K%E1%BB%B3\">Tam k\u1ef3 Qu\u1ea3ng Nam<\/a><\/strong>,<strong><a style=\"color: #008000;\" href=\"https:\/\/vi.wikipedia.org\/wiki\/Hu%E1%BA%BF\">\u00a0Hu\u1ebf<\/a><\/strong>\u00a0,\u00a0<strong><a style=\"color: #008000;\" href=\"https:\/\/vi.wikipedia.org\/wiki\/Qu%E1%BA%A3ng_Ng%C3%A3i\">Qu\u1ea3ng Ng\u00e3i<\/a><\/strong><\/span>\u00a0<\/span><\/p>\n<p><span style=\"font-family: 'times new roman', times, serif; font-size: 130%;\"><em><span style=\"color: #000000;\">Chi ph\u00ed v\u1eadn chuy\u1ec3n s\u1ebd t\u00ednh theo kho\u1ea3ng c\u00e1ch v\u00e0 s\u1ed1 l\u01b0\u1ee3ng h\u00e0ng h\u00f3a nh\u1eadp<\/span><\/em><\/span><\/p>\n<p>&nbsp;<\/p>\n","protected":false},"featured_media":5958,"comment_status":"closed","ping_status":"closed","template":"","meta":[],"product_cat":[139,153,157],"product_tag":[],"class_list":{"0":"post-2248","1":"product","2":"type-product","3":"status-publish","4":"has-post-thumbnail","6":"product_cat-son","7":"product_cat-son-jotun-tai-da-nang","8":"product_cat-son-phu-noi-that-jotun","10":"first","11":"instock","12":"sale","13":"shipping-taxable","14":"purchasable","15":"product-type-simple"},"yoast_head":"<!-- This site is optimized with the Yoast SEO Premium plugin v22.3 (Yoast SEO v22.8) - https:\/\/yoast.com\/wordpress\/plugins\/seo\/ -->\n<title>Jotun Jotaplast -Th\u00f9ng 17L T - V\u1eadt Li\u1ec7u X\u00e2y D\u1ef1ng Tr\u1ea7n Th\u1ecb Chi Nh\u00e1nh Qu\u1ea3ng Nam<\/title>\n<meta name=\"robots\" content=\"index, follow, max-snippet:-1, max-image-preview:large, max-video-preview:-1\" \/>\n<link rel=\"canonical\" href=\"https:\/\/tranthi.vn\/quangnam\/gia-son-noi-that-jotaplast-da-nang\/\" \/>\n<meta property=\"og:locale\" content=\"vi_VN\" \/>\n<meta property=\"og:type\" content=\"article\" \/>\n<meta property=\"og:title\" content=\"Jotun Jotaplast -Th\u00f9ng 17L T\" \/>\n<meta property=\"og:description\" content=\"\ud83d\ude1b Giao h\u00e0ng trong \u0111\u1ecba b\u00e0n\u00a0\u0110\u00e0 N\u1eb5ng  \ud83d\ude1b \u00a0\u0110\u01a1n v\u1ecb t\u00ednh: 17 l\u00edt\u00a0  \ud83d\ude1b \u00a0\u0110\u01a1n gi\u00e1 S\u01a1n ph\u1ee7 n\u1ed9i th\u1ea5t Jotun Jotaplast -Th\u00f9ng 17L   \u00a0290.000\u0111\/5L- W  730.000\u0111\/17L- W  270.000\u0111\/5L- A  700.000\u0111\/17L- A  \u0110\u01a1n gi\u00e1 \u00e1p d\u1ee5ng khi mua t\u1eeb 5 s\u1ea3n ph\u1ea9m, d\u01b0\u1edbi 5 s\u1ea3n ph\u1ea9m qu\u00fd kh\u00e1ch vui l\u00f2ng ch\u1ecbu ph\u00ed v\u1eadn chuy\u1ec3n  \ud83d\ude1b\u00a0Ngo\u00e0i ra Tr\u1ea7n Th\u1ecb c\u00f2n nh\u1eadn giao h\u00e0ng \u0111\u1ebfn c\u00e1c \u0111i\u1ec3m\u00a0\u0110\u00f4ng H\u00e0 Qu\u1ea3ng tr\u1ecb,\u00a0H\u1ed9i An,\u00a0Tam k\u1ef3 Qu\u1ea3ng Nam,\u00a0Hu\u1ebf\u00a0,\u00a0Qu\u1ea3ng Ng\u00e3i\u00a0  Chi ph\u00ed v\u1eadn chuy\u1ec3n s\u1ebd t\u00ednh theo kho\u1ea3ng c\u00e1ch v\u00e0 s\u1ed1 l\u01b0\u1ee3ng h\u00e0ng h\u00f3a nh\u1eadp  &nbsp;\" \/>\n<meta property=\"og:url\" content=\"https:\/\/tranthi.vn\/quangnam\/gia-son-noi-that-jotaplast-da-nang\/\" \/>\n<meta property=\"og:site_name\" content=\"V\u1eadt Li\u1ec7u X\u00e2y D\u1ef1ng Tr\u1ea7n Th\u1ecb Chi Nh\u00e1nh Qu\u1ea3ng Nam\" \/>\n<meta property=\"article:modified_time\" content=\"2024-06-13T02:00:30+00:00\" \/>\n<meta property=\"og:image\" content=\"https:\/\/tranthi.vn\/quangnam\/wp-content\/uploads\/2021\/02\/son-jotun-noi-thap-jotaplast-tai-da-nang.jpg\" \/>\n\t<meta property=\"og:image:width\" content=\"206\" \/>\n\t<meta property=\"og:image:height\" content=\"245\" \/>\n\t<meta property=\"og:image:type\" content=\"image\/jpeg\" \/>\n<meta name=\"twitter:card\" content=\"summary_large_image\" \/>\n<meta name=\"twitter:label1\" content=\"Gi\u00e1\" \/>\n\t<meta name=\"twitter:data1\" content=\"730,000&nbsp;&#8363;\" \/>\n\t<meta name=\"twitter:label2\" content=\"Kh\u1ea3 d\u1ee5ng\" \/>\n\t<meta name=\"twitter:data2\" content=\"Trong kho\" \/>\n<script type=\"application\/ld+json\" class=\"yoast-schema-graph\">{\"@context\":\"https:\/\/schema.org\",\"@graph\":[{\"@type\":[\"WebPage\",\"ItemPage\"],\"@id\":\"https:\/\/tranthi.vn\/quangnam\/gia-son-noi-that-jotaplast-da-nang\/\",\"url\":\"https:\/\/tranthi.vn\/quangnam\/gia-son-noi-that-jotaplast-da-nang\/\",\"name\":\"Jotun Jotaplast -Th\u00f9ng 17L T - V\u1eadt Li\u1ec7u X\u00e2y D\u1ef1ng Tr\u1ea7n Th\u1ecb Chi Nh\u00e1nh Qu\u1ea3ng Nam\",\"isPartOf\":{\"@id\":\"https:\/\/tranthi.vn\/quangnam\/#website\"},\"primaryImageOfPage\":{\"@id\":\"https:\/\/tranthi.vn\/quangnam\/gia-son-noi-that-jotaplast-da-nang\/#primaryimage\"},\"image\":{\"@id\":\"https:\/\/tranthi.vn\/quangnam\/gia-son-noi-that-jotaplast-da-nang\/#primaryimage\"},\"thumbnailUrl\":\"https:\/\/tranthi.vn\/quangnam\/wp-content\/uploads\/2021\/02\/son-jotun-noi-thap-jotaplast-tai-da-nang.jpg\",\"datePublished\":\"2021-02-26T09:56:10+00:00\",\"dateModified\":\"2024-06-13T02:00:30+00:00\",\"breadcrumb\":{\"@id\":\"https:\/\/tranthi.vn\/quangnam\/gia-son-noi-that-jotaplast-da-nang\/#breadcrumb\"},\"inLanguage\":\"vi\",\"potentialAction\":[{\"@type\":\"ReadAction\",\"target\":[\"https:\/\/tranthi.vn\/quangnam\/gia-son-noi-that-jotaplast-da-nang\/\"]}]},{\"@type\":\"ImageObject\",\"inLanguage\":\"vi\",\"@id\":\"https:\/\/tranthi.vn\/quangnam\/gia-son-noi-that-jotaplast-da-nang\/#primaryimage\",\"url\":\"https:\/\/tranthi.vn\/quangnam\/wp-content\/uploads\/2021\/02\/son-jotun-noi-thap-jotaplast-tai-da-nang.jpg\",\"contentUrl\":\"https:\/\/tranthi.vn\/quangnam\/wp-content\/uploads\/2021\/02\/son-jotun-noi-thap-jotaplast-tai-da-nang.jpg\",\"width\":206,\"height\":245,\"caption\":\"son-jotun-noi-thap-jotaplast-tai-da-nang.jpg\"},{\"@type\":\"BreadcrumbList\",\"@id\":\"https:\/\/tranthi.vn\/quangnam\/gia-son-noi-that-jotaplast-da-nang\/#breadcrumb\",\"itemListElement\":[{\"@type\":\"ListItem\",\"position\":1,\"name\":\"Trang ch\u1ee7\",\"item\":\"https:\/\/tranthi.vn\/quangnam\/\"},{\"@type\":\"ListItem\",\"position\":2,\"name\":\"Shop\",\"item\":\"https:\/\/tranthi.vn\/quangnam\/shop\/\"},{\"@type\":\"ListItem\",\"position\":3,\"name\":\"Jotun Jotaplast -Th\u00f9ng 17L T\"}]},{\"@type\":\"WebSite\",\"@id\":\"https:\/\/tranthi.vn\/quangnam\/#website\",\"url\":\"https:\/\/tranthi.vn\/quangnam\/\",\"name\":\"V\u1eadt Li\u1ec7u X\u00e2y D\u1ef1ng Tr\u1ea7n Th\u1ecb Chi Nh\u00e1nh Qu\u1ea3ng Nam\",\"description\":\"V\u1eadt Li\u1ec7u X\u00e2y D\u1ef1ng - Qu\u1ea3ng Nam\",\"potentialAction\":[{\"@type\":\"SearchAction\",\"target\":{\"@type\":\"EntryPoint\",\"urlTemplate\":\"https:\/\/tranthi.vn\/quangnam\/?s={search_term_string}\"},\"query-input\":\"required name=search_term_string\"}],\"inLanguage\":\"vi\"},{\"@type\":\"ImageObject\",\"inLanguage\":\"vi\",\"@id\":\"https:\/\/tranthi.vn\/quangnam\/gia-son-noi-that-jotaplast-da-nang\/#local-main-organization-logo\",\"url\":\"\",\"contentUrl\":\"\",\"caption\":\"V\u1eadt Li\u1ec7u X\u00e2y D\u1ef1ng Tr\u1ea7n Th\u1ecb Chi Nh\u00e1nh Qu\u1ea3ng Nam\"}]}<\/script>\n<meta property=\"product:price:amount\" content=\"730000\" \/>\n<meta property=\"product:price:currency\" content=\"VND\" \/>\n<meta property=\"og:availability\" content=\"instock\" \/>\n<meta property=\"product:availability\" content=\"instock\" \/>\n<meta property=\"product:condition\" content=\"new\" \/>\n<!-- \/ Yoast SEO Premium plugin. -->","yoast_head_json":{"title":"Jotun Jotaplast -Th\u00f9ng 17L T - V\u1eadt Li\u1ec7u X\u00e2y D\u1ef1ng Tr\u1ea7n Th\u1ecb Chi Nh\u00e1nh Qu\u1ea3ng Nam","robots":{"index":"index","follow":"follow","max-snippet":"max-snippet:-1","max-image-preview":"max-image-preview:large","max-video-preview":"max-video-preview:-1"},"canonical":"https:\/\/tranthi.vn\/quangnam\/gia-son-noi-that-jotaplast-da-nang\/","og_locale":"vi_VN","og_type":"article","og_title":"Jotun Jotaplast -Th\u00f9ng 17L T","og_description":"\ud83d\ude1b Giao h\u00e0ng trong \u0111\u1ecba b\u00e0n\u00a0\u0110\u00e0 N\u1eb5ng  \ud83d\ude1b \u00a0\u0110\u01a1n v\u1ecb t\u00ednh: 17 l\u00edt\u00a0  \ud83d\ude1b \u00a0\u0110\u01a1n gi\u00e1 S\u01a1n ph\u1ee7 n\u1ed9i th\u1ea5t Jotun Jotaplast -Th\u00f9ng 17L   \u00a0290.000\u0111\/5L- W  730.000\u0111\/17L- W  270.000\u0111\/5L- A  700.000\u0111\/17L- A  \u0110\u01a1n gi\u00e1 \u00e1p d\u1ee5ng khi mua t\u1eeb 5 s\u1ea3n ph\u1ea9m, d\u01b0\u1edbi 5 s\u1ea3n ph\u1ea9m qu\u00fd kh\u00e1ch vui l\u00f2ng ch\u1ecbu ph\u00ed v\u1eadn chuy\u1ec3n  \ud83d\ude1b\u00a0Ngo\u00e0i ra Tr\u1ea7n Th\u1ecb c\u00f2n nh\u1eadn giao h\u00e0ng \u0111\u1ebfn c\u00e1c \u0111i\u1ec3m\u00a0\u0110\u00f4ng H\u00e0 Qu\u1ea3ng tr\u1ecb,\u00a0H\u1ed9i An,\u00a0Tam k\u1ef3 Qu\u1ea3ng Nam,\u00a0Hu\u1ebf\u00a0,\u00a0Qu\u1ea3ng Ng\u00e3i\u00a0  Chi ph\u00ed v\u1eadn chuy\u1ec3n s\u1ebd t\u00ednh theo kho\u1ea3ng c\u00e1ch v\u00e0 s\u1ed1 l\u01b0\u1ee3ng h\u00e0ng h\u00f3a nh\u1eadp  &nbsp;","og_url":"https:\/\/tranthi.vn\/quangnam\/gia-son-noi-that-jotaplast-da-nang\/","og_site_name":"V\u1eadt Li\u1ec7u X\u00e2y D\u1ef1ng Tr\u1ea7n Th\u1ecb Chi Nh\u00e1nh Qu\u1ea3ng Nam","article_modified_time":"2024-06-13T02:00:30+00:00","og_image":[{"width":206,"height":245,"url":"https:\/\/tranthi.vn\/quangnam\/wp-content\/uploads\/2021\/02\/son-jotun-noi-thap-jotaplast-tai-da-nang.jpg","type":"image\/jpeg"}],"twitter_card":"summary_large_image","twitter_misc":{"Gi\u00e1":"730,000&nbsp;&#8363;","Kh\u1ea3 d\u1ee5ng":"Trong kho"},"schema":{"@context":"https:\/\/schema.org","@graph":[{"@type":["WebPage","ItemPage"],"@id":"https:\/\/tranthi.vn\/quangnam\/gia-son-noi-that-jotaplast-da-nang\/","url":"https:\/\/tranthi.vn\/quangnam\/gia-son-noi-that-jotaplast-da-nang\/","name":"Jotun Jotaplast -Th\u00f9ng 17L T - V\u1eadt Li\u1ec7u X\u00e2y D\u1ef1ng Tr\u1ea7n Th\u1ecb Chi Nh\u00e1nh Qu\u1ea3ng Nam","isPartOf":{"@id":"https:\/\/tranthi.vn\/quangnam\/#website"},"primaryImageOfPage":{"@id":"https:\/\/tranthi.vn\/quangnam\/gia-son-noi-that-jotaplast-da-nang\/#primaryimage"},"image":{"@id":"https:\/\/tranthi.vn\/quangnam\/gia-son-noi-that-jotaplast-da-nang\/#primaryimage"},"thumbnailUrl":"https:\/\/tranthi.vn\/quangnam\/wp-content\/uploads\/2021\/02\/son-jotun-noi-thap-jotaplast-tai-da-nang.jpg","datePublished":"2021-02-26T09:56:10+00:00","dateModified":"2024-06-13T02:00:30+00:00","breadcrumb":{"@id":"https:\/\/tranthi.vn\/quangnam\/gia-son-noi-that-jotaplast-da-nang\/#breadcrumb"},"inLanguage":"vi","potentialAction":[{"@type":"ReadAction","target":["https:\/\/tranthi.vn\/quangnam\/gia-son-noi-that-jotaplast-da-nang\/"]}]},{"@type":"ImageObject","inLanguage":"vi","@id":"https:\/\/tranthi.vn\/quangnam\/gia-son-noi-that-jotaplast-da-nang\/#primaryimage","url":"https:\/\/tranthi.vn\/quangnam\/wp-content\/uploads\/2021\/02\/son-jotun-noi-thap-jotaplast-tai-da-nang.jpg","contentUrl":"https:\/\/tranthi.vn\/quangnam\/wp-content\/uploads\/2021\/02\/son-jotun-noi-thap-jotaplast-tai-da-nang.jpg","width":206,"height":245,"caption":"son-jotun-noi-thap-jotaplast-tai-da-nang.jpg"},{"@type":"BreadcrumbList","@id":"https:\/\/tranthi.vn\/quangnam\/gia-son-noi-that-jotaplast-da-nang\/#breadcrumb","itemListElement":[{"@type":"ListItem","position":1,"name":"Trang ch\u1ee7","item":"https:\/\/tranthi.vn\/quangnam\/"},{"@type":"ListItem","position":2,"name":"Shop","item":"https:\/\/tranthi.vn\/quangnam\/shop\/"},{"@type":"ListItem","position":3,"name":"Jotun Jotaplast -Th\u00f9ng 17L T"}]},{"@type":"WebSite","@id":"https:\/\/tranthi.vn\/quangnam\/#website","url":"https:\/\/tranthi.vn\/quangnam\/","name":"V\u1eadt Li\u1ec7u X\u00e2y D\u1ef1ng Tr\u1ea7n Th\u1ecb Chi Nh\u00e1nh Qu\u1ea3ng Nam","description":"V\u1eadt Li\u1ec7u X\u00e2y D\u1ef1ng - Qu\u1ea3ng Nam","potentialAction":[{"@type":"SearchAction","target":{"@type":"EntryPoint","urlTemplate":"https:\/\/tranthi.vn\/quangnam\/?s={search_term_string}"},"query-input":"required name=search_term_string"}],"inLanguage":"vi"},{"@type":"ImageObject","inLanguage":"vi","@id":"https:\/\/tranthi.vn\/quangnam\/gia-son-noi-that-jotaplast-da-nang\/#local-main-organization-logo","url":"","contentUrl":"","caption":"V\u1eadt Li\u1ec7u X\u00e2y D\u1ef1ng Tr\u1ea7n Th\u1ecb Chi Nh\u00e1nh Qu\u1ea3ng Nam"}]},"product_price_amount":"730000","product_price_currency":"VND","og_availability":"instock","product_availability":"instock","product_condition":"new"},"_links":{"self":[{"href":"https:\/\/tranthi.vn\/quangnam\/wp-json\/wp\/v2\/product\/2248","targetHints":{"allow":["GET"]}}],"collection":[{"href":"https:\/\/tranthi.vn\/quangnam\/wp-json\/wp\/v2\/product"}],"about":[{"href":"https:\/\/tranthi.vn\/quangnam\/wp-json\/wp\/v2\/types\/product"}],"replies":[{"embeddable":true,"href":"https:\/\/tranthi.vn\/quangnam\/wp-json\/wp\/v2\/comments?post=2248"}],"wp:featuredmedia":[{"embeddable":true,"href":"https:\/\/tranthi.vn\/quangnam\/wp-json\/wp\/v2\/media\/5958"}],"wp:attachment":[{"href":"https:\/\/tranthi.vn\/quangnam\/wp-json\/wp\/v2\/media?parent=2248"}],"wp:term":[{"taxonomy":"product_cat","embeddable":true,"href":"https:\/\/tranthi.vn\/quangnam\/wp-json\/wp\/v2\/product_cat?post=2248"},{"taxonomy":"product_tag","embeddable":true,"href":"https:\/\/tranthi.vn\/quangnam\/wp-json\/wp\/v2\/product_tag?post=2248"}],"curies":[{"name":"wp","href":"https:\/\/api.w.org\/{rel}","templated":true}]}}