{"id":2220,"date":"2021-02-26T09:31:15","date_gmt":"2021-02-26T02:31:15","guid":{"rendered":"https:\/\/tranthi.vn\/quangnam\/?post_type=product&#038;p=2220"},"modified":"2022-03-30T08:12:40","modified_gmt":"2022-03-30T01:12:40","slug":"gia-gach-xay-dung-6-lo-tai-da-nang","status":"publish","type":"product","link":"https:\/\/tranthi.vn\/quangnam\/gia-gach-xay-dung-6-lo-tai-da-nang\/","title":{"rendered":"G\u1ea1ch tuynel 6 l\u1ed7 Ph\u01b0\u01a1ng Nam"},"content":{"rendered":"","protected":false},"excerpt":{"rendered":"<p><span style=\"font-family: 'times new roman', times, serif; font-size: 150%; color: #000000;\">\ud83d\ude1b V\u1eadn chuy\u1ec3n trong \u0111\u1ecba b\u00e0n\u00a0<a style=\"color: #000000;\" href=\"https:\/\/fr.wikipedia.org\/wiki\/Da_Nang\">\u0110\u00e0 N\u1eb5ng<\/a><\/span><\/p>\n<p><span style=\"font-family: 'times new roman', times, serif; font-size: 150%; color: #000000;\">\ud83d\ude1b <a href=\"https:\/\/tranthi.vn\/quangnam\/gia-gach-xay-dung-6-lo-tai-da-nang\/\">\u0110\u01a1n gi\u00e1 g\u1ea1ch tuynel 6 l\u1ed7 Ph\u01b0\u01a1ng Nam<\/a><\/span><\/p>\n<ul>\n<li><span style=\"font-family: 'times new roman', times, serif; font-size: 150%; color: #000000;\">K\u00edch th\u01b0\u1edbc: 75x110x175<\/span><\/li>\n<li><span style=\"font-family: 'times new roman', times, serif; font-size: 150%; color: #ff0000;\"><strong>1.590\/vi\u00ean<\/strong><\/span><\/li>\n<\/ul>\n<p><span style=\"font-family: 'times new roman', times, serif; font-size: 150%; color: #000000;\">\ud83d\ude1b Ch\u01b0a bao g\u1ed3m chi ph\u00ed v\u1eadn chuy\u1ec3n v\u00e0 b\u1ed1c x\u1ebfp<\/span><\/p>\n","protected":false},"featured_media":2219,"comment_status":"closed","ping_status":"closed","template":"","meta":[],"product_cat":[106,203],"product_tag":[],"class_list":{"0":"post-2220","1":"product","2":"type-product","3":"status-publish","4":"has-post-thumbnail","6":"product_cat-gach-xay","7":"product_cat-vat-lieu-xay-dung","9":"first","10":"instock","11":"sale","12":"shipping-taxable","13":"purchasable","14":"product-type-simple"},"yoast_head":"<!-- This site is optimized with the Yoast SEO Premium plugin v22.3 (Yoast SEO v22.8) - https:\/\/yoast.com\/wordpress\/plugins\/seo\/ -->\n<title>Gi\u00e1 g\u1ea1ch tuynel 6 l\u1ed7 Ph\u01b0\u01a1ng Nam t\u1ea1i \u0110\u00e0 N\u1eb5ng - 0903.595.049<\/title>\n<meta name=\"description\" content=\"Tr\u1ea7n Th\u1ecb - chuy\u00ean cung c\u1ea5p g\u1ea1ch x\u00e2y d\u1ef1ng tuynel 6 l\u1ed7 Ph\u01b0\u01a1ng Nam gi\u00e1 r\u1ebb t\u1ea1i \u0110\u00e0 N\u1eb5ng, h\u1ed7 tr\u1ee3 mi\u1ec5n ph\u00ed ship v\u00e0 b\u1ed1c x\u1ebfp n\u1ed9i th\u00e0nh \u0110\u00e0 N\u1eb5ng\" \/>\n<meta name=\"robots\" content=\"index, follow, max-snippet:-1, max-image-preview:large, max-video-preview:-1\" \/>\n<link rel=\"canonical\" href=\"https:\/\/tranthi.vn\/quangnam\/gia-gach-xay-dung-6-lo-tai-da-nang\/\" \/>\n<meta property=\"og:locale\" content=\"vi_VN\" \/>\n<meta property=\"og:type\" content=\"article\" \/>\n<meta property=\"og:title\" content=\"G\u1ea1ch tuynel 6 l\u1ed7 Ph\u01b0\u01a1ng Nam\" \/>\n<meta property=\"og:description\" content=\"Tr\u1ea7n Th\u1ecb - chuy\u00ean cung c\u1ea5p g\u1ea1ch x\u00e2y d\u1ef1ng tuynel 6 l\u1ed7 Ph\u01b0\u01a1ng Nam gi\u00e1 r\u1ebb t\u1ea1i \u0110\u00e0 N\u1eb5ng, h\u1ed7 tr\u1ee3 mi\u1ec5n ph\u00ed ship v\u00e0 b\u1ed1c x\u1ebfp n\u1ed9i th\u00e0nh \u0110\u00e0 N\u1eb5ng\" \/>\n<meta property=\"og:url\" content=\"https:\/\/tranthi.vn\/quangnam\/gia-gach-xay-dung-6-lo-tai-da-nang\/\" \/>\n<meta property=\"og:site_name\" content=\"V\u1eadt Li\u1ec7u X\u00e2y D\u1ef1ng Tr\u1ea7n Th\u1ecb Chi Nh\u00e1nh Qu\u1ea3ng Nam\" \/>\n<meta property=\"article:modified_time\" content=\"2022-03-30T01:12:40+00:00\" \/>\n<meta property=\"og:image\" content=\"https:\/\/tranthi.vn\/quangnam\/wp-content\/uploads\/2021\/02\/gach-6-lo-dai-hung_optimized.jpg\" \/>\n\t<meta property=\"og:image:width\" content=\"500\" \/>\n\t<meta property=\"og:image:height\" content=\"500\" \/>\n\t<meta property=\"og:image:type\" content=\"image\/jpeg\" \/>\n<meta name=\"twitter:card\" content=\"summary_large_image\" \/>\n<meta name=\"twitter:label1\" content=\"Gi\u00e1\" \/>\n\t<meta name=\"twitter:data1\" content=\"1,590&nbsp;&#8363;\" \/>\n\t<meta name=\"twitter:label2\" content=\"Kh\u1ea3 d\u1ee5ng\" \/>\n\t<meta name=\"twitter:data2\" content=\"Trong kho\" \/>\n<script type=\"application\/ld+json\" class=\"yoast-schema-graph\">{\"@context\":\"https:\/\/schema.org\",\"@graph\":[{\"@type\":[\"WebPage\",\"ItemPage\"],\"@id\":\"https:\/\/tranthi.vn\/quangnam\/gia-gach-xay-dung-6-lo-tai-da-nang\/\",\"url\":\"https:\/\/tranthi.vn\/quangnam\/gia-gach-xay-dung-6-lo-tai-da-nang\/\",\"name\":\"Gi\u00e1 g\u1ea1ch tuynel 6 l\u1ed7 Ph\u01b0\u01a1ng Nam t\u1ea1i \u0110\u00e0 N\u1eb5ng - 0903.595.049\",\"isPartOf\":{\"@id\":\"https:\/\/tranthi.vn\/quangnam\/#website\"},\"primaryImageOfPage\":{\"@id\":\"https:\/\/tranthi.vn\/quangnam\/gia-gach-xay-dung-6-lo-tai-da-nang\/#primaryimage\"},\"image\":{\"@id\":\"https:\/\/tranthi.vn\/quangnam\/gia-gach-xay-dung-6-lo-tai-da-nang\/#primaryimage\"},\"thumbnailUrl\":\"https:\/\/tranthi.vn\/quangnam\/wp-content\/uploads\/2021\/02\/gach-6-lo-dai-hung_optimized.jpg\",\"datePublished\":\"2021-02-26T02:31:15+00:00\",\"dateModified\":\"2022-03-30T01:12:40+00:00\",\"description\":\"Tr\u1ea7n Th\u1ecb - chuy\u00ean cung c\u1ea5p g\u1ea1ch x\u00e2y d\u1ef1ng tuynel 6 l\u1ed7 Ph\u01b0\u01a1ng Nam gi\u00e1 r\u1ebb t\u1ea1i \u0110\u00e0 N\u1eb5ng, h\u1ed7 tr\u1ee3 mi\u1ec5n ph\u00ed ship v\u00e0 b\u1ed1c x\u1ebfp n\u1ed9i th\u00e0nh \u0110\u00e0 N\u1eb5ng\",\"breadcrumb\":{\"@id\":\"https:\/\/tranthi.vn\/quangnam\/gia-gach-xay-dung-6-lo-tai-da-nang\/#breadcrumb\"},\"inLanguage\":\"vi\",\"potentialAction\":[{\"@type\":\"ReadAction\",\"target\":[\"https:\/\/tranthi.vn\/quangnam\/gia-gach-xay-dung-6-lo-tai-da-nang\/\"]}]},{\"@type\":\"ImageObject\",\"inLanguage\":\"vi\",\"@id\":\"https:\/\/tranthi.vn\/quangnam\/gia-gach-xay-dung-6-lo-tai-da-nang\/#primaryimage\",\"url\":\"https:\/\/tranthi.vn\/quangnam\/wp-content\/uploads\/2021\/02\/gach-6-lo-dai-hung_optimized.jpg\",\"contentUrl\":\"https:\/\/tranthi.vn\/quangnam\/wp-content\/uploads\/2021\/02\/gach-6-lo-dai-hung_optimized.jpg\",\"width\":500,\"height\":500,\"caption\":\"gach-6-lo-dai-hung-da-nang\"},{\"@type\":\"BreadcrumbList\",\"@id\":\"https:\/\/tranthi.vn\/quangnam\/gia-gach-xay-dung-6-lo-tai-da-nang\/#breadcrumb\",\"itemListElement\":[{\"@type\":\"ListItem\",\"position\":1,\"name\":\"Trang ch\u1ee7\",\"item\":\"https:\/\/tranthi.vn\/quangnam\/\"},{\"@type\":\"ListItem\",\"position\":2,\"name\":\"Shop\",\"item\":\"https:\/\/tranthi.vn\/quangnam\/shop\/\"},{\"@type\":\"ListItem\",\"position\":3,\"name\":\"G\u1ea1ch tuynel 6 l\u1ed7 Ph\u01b0\u01a1ng Nam\"}]},{\"@type\":\"WebSite\",\"@id\":\"https:\/\/tranthi.vn\/quangnam\/#website\",\"url\":\"https:\/\/tranthi.vn\/quangnam\/\",\"name\":\"V\u1eadt Li\u1ec7u X\u00e2y D\u1ef1ng Tr\u1ea7n Th\u1ecb Chi Nh\u00e1nh Qu\u1ea3ng Nam\",\"description\":\"V\u1eadt Li\u1ec7u X\u00e2y D\u1ef1ng - Qu\u1ea3ng Nam\",\"potentialAction\":[{\"@type\":\"SearchAction\",\"target\":{\"@type\":\"EntryPoint\",\"urlTemplate\":\"https:\/\/tranthi.vn\/quangnam\/?s={search_term_string}\"},\"query-input\":\"required name=search_term_string\"}],\"inLanguage\":\"vi\"},{\"@type\":\"ImageObject\",\"inLanguage\":\"vi\",\"@id\":\"https:\/\/tranthi.vn\/quangnam\/gia-gach-xay-dung-6-lo-tai-da-nang\/#local-main-organization-logo\",\"url\":\"\",\"contentUrl\":\"\",\"caption\":\"V\u1eadt Li\u1ec7u X\u00e2y D\u1ef1ng Tr\u1ea7n Th\u1ecb Chi Nh\u00e1nh Qu\u1ea3ng Nam\"}]}<\/script>\n<meta property=\"product:price:amount\" content=\"1590\" \/>\n<meta property=\"product:price:currency\" content=\"VND\" \/>\n<meta property=\"og:availability\" content=\"instock\" \/>\n<meta property=\"product:availability\" content=\"instock\" \/>\n<meta property=\"product:condition\" content=\"new\" \/>\n<!-- \/ Yoast SEO Premium plugin. -->","yoast_head_json":{"title":"Gi\u00e1 g\u1ea1ch tuynel 6 l\u1ed7 Ph\u01b0\u01a1ng Nam t\u1ea1i \u0110\u00e0 N\u1eb5ng - 0903.595.049","description":"Tr\u1ea7n Th\u1ecb - chuy\u00ean cung c\u1ea5p g\u1ea1ch x\u00e2y d\u1ef1ng tuynel 6 l\u1ed7 Ph\u01b0\u01a1ng Nam gi\u00e1 r\u1ebb t\u1ea1i \u0110\u00e0 N\u1eb5ng, h\u1ed7 tr\u1ee3 mi\u1ec5n ph\u00ed ship v\u00e0 b\u1ed1c x\u1ebfp n\u1ed9i th\u00e0nh \u0110\u00e0 N\u1eb5ng","robots":{"index":"index","follow":"follow","max-snippet":"max-snippet:-1","max-image-preview":"max-image-preview:large","max-video-preview":"max-video-preview:-1"},"canonical":"https:\/\/tranthi.vn\/quangnam\/gia-gach-xay-dung-6-lo-tai-da-nang\/","og_locale":"vi_VN","og_type":"article","og_title":"G\u1ea1ch tuynel 6 l\u1ed7 Ph\u01b0\u01a1ng Nam","og_description":"Tr\u1ea7n Th\u1ecb - chuy\u00ean cung c\u1ea5p g\u1ea1ch x\u00e2y d\u1ef1ng tuynel 6 l\u1ed7 Ph\u01b0\u01a1ng Nam gi\u00e1 r\u1ebb t\u1ea1i \u0110\u00e0 N\u1eb5ng, h\u1ed7 tr\u1ee3 mi\u1ec5n ph\u00ed ship v\u00e0 b\u1ed1c x\u1ebfp n\u1ed9i th\u00e0nh \u0110\u00e0 N\u1eb5ng","og_url":"https:\/\/tranthi.vn\/quangnam\/gia-gach-xay-dung-6-lo-tai-da-nang\/","og_site_name":"V\u1eadt Li\u1ec7u X\u00e2y D\u1ef1ng Tr\u1ea7n Th\u1ecb Chi Nh\u00e1nh Qu\u1ea3ng Nam","article_modified_time":"2022-03-30T01:12:40+00:00","og_image":[{"width":500,"height":500,"url":"https:\/\/tranthi.vn\/quangnam\/wp-content\/uploads\/2021\/02\/gach-6-lo-dai-hung_optimized.jpg","type":"image\/jpeg"}],"twitter_card":"summary_large_image","twitter_misc":{"Gi\u00e1":"1,590&nbsp;&#8363;","Kh\u1ea3 d\u1ee5ng":"Trong kho"},"schema":{"@context":"https:\/\/schema.org","@graph":[{"@type":["WebPage","ItemPage"],"@id":"https:\/\/tranthi.vn\/quangnam\/gia-gach-xay-dung-6-lo-tai-da-nang\/","url":"https:\/\/tranthi.vn\/quangnam\/gia-gach-xay-dung-6-lo-tai-da-nang\/","name":"Gi\u00e1 g\u1ea1ch tuynel 6 l\u1ed7 Ph\u01b0\u01a1ng Nam t\u1ea1i \u0110\u00e0 N\u1eb5ng - 0903.595.049","isPartOf":{"@id":"https:\/\/tranthi.vn\/quangnam\/#website"},"primaryImageOfPage":{"@id":"https:\/\/tranthi.vn\/quangnam\/gia-gach-xay-dung-6-lo-tai-da-nang\/#primaryimage"},"image":{"@id":"https:\/\/tranthi.vn\/quangnam\/gia-gach-xay-dung-6-lo-tai-da-nang\/#primaryimage"},"thumbnailUrl":"https:\/\/tranthi.vn\/quangnam\/wp-content\/uploads\/2021\/02\/gach-6-lo-dai-hung_optimized.jpg","datePublished":"2021-02-26T02:31:15+00:00","dateModified":"2022-03-30T01:12:40+00:00","description":"Tr\u1ea7n Th\u1ecb - chuy\u00ean cung c\u1ea5p g\u1ea1ch x\u00e2y d\u1ef1ng tuynel 6 l\u1ed7 Ph\u01b0\u01a1ng Nam gi\u00e1 r\u1ebb t\u1ea1i \u0110\u00e0 N\u1eb5ng, h\u1ed7 tr\u1ee3 mi\u1ec5n ph\u00ed ship v\u00e0 b\u1ed1c x\u1ebfp n\u1ed9i th\u00e0nh \u0110\u00e0 N\u1eb5ng","breadcrumb":{"@id":"https:\/\/tranthi.vn\/quangnam\/gia-gach-xay-dung-6-lo-tai-da-nang\/#breadcrumb"},"inLanguage":"vi","potentialAction":[{"@type":"ReadAction","target":["https:\/\/tranthi.vn\/quangnam\/gia-gach-xay-dung-6-lo-tai-da-nang\/"]}]},{"@type":"ImageObject","inLanguage":"vi","@id":"https:\/\/tranthi.vn\/quangnam\/gia-gach-xay-dung-6-lo-tai-da-nang\/#primaryimage","url":"https:\/\/tranthi.vn\/quangnam\/wp-content\/uploads\/2021\/02\/gach-6-lo-dai-hung_optimized.jpg","contentUrl":"https:\/\/tranthi.vn\/quangnam\/wp-content\/uploads\/2021\/02\/gach-6-lo-dai-hung_optimized.jpg","width":500,"height":500,"caption":"gach-6-lo-dai-hung-da-nang"},{"@type":"BreadcrumbList","@id":"https:\/\/tranthi.vn\/quangnam\/gia-gach-xay-dung-6-lo-tai-da-nang\/#breadcrumb","itemListElement":[{"@type":"ListItem","position":1,"name":"Trang ch\u1ee7","item":"https:\/\/tranthi.vn\/quangnam\/"},{"@type":"ListItem","position":2,"name":"Shop","item":"https:\/\/tranthi.vn\/quangnam\/shop\/"},{"@type":"ListItem","position":3,"name":"G\u1ea1ch tuynel 6 l\u1ed7 Ph\u01b0\u01a1ng Nam"}]},{"@type":"WebSite","@id":"https:\/\/tranthi.vn\/quangnam\/#website","url":"https:\/\/tranthi.vn\/quangnam\/","name":"V\u1eadt Li\u1ec7u X\u00e2y D\u1ef1ng Tr\u1ea7n Th\u1ecb Chi Nh\u00e1nh Qu\u1ea3ng Nam","description":"V\u1eadt Li\u1ec7u X\u00e2y D\u1ef1ng - Qu\u1ea3ng Nam","potentialAction":[{"@type":"SearchAction","target":{"@type":"EntryPoint","urlTemplate":"https:\/\/tranthi.vn\/quangnam\/?s={search_term_string}"},"query-input":"required name=search_term_string"}],"inLanguage":"vi"},{"@type":"ImageObject","inLanguage":"vi","@id":"https:\/\/tranthi.vn\/quangnam\/gia-gach-xay-dung-6-lo-tai-da-nang\/#local-main-organization-logo","url":"","contentUrl":"","caption":"V\u1eadt Li\u1ec7u X\u00e2y D\u1ef1ng Tr\u1ea7n Th\u1ecb Chi Nh\u00e1nh Qu\u1ea3ng Nam"}]},"product_price_amount":"1590","product_price_currency":"VND","og_availability":"instock","product_availability":"instock","product_condition":"new"},"_links":{"self":[{"href":"https:\/\/tranthi.vn\/quangnam\/wp-json\/wp\/v2\/product\/2220","targetHints":{"allow":["GET"]}}],"collection":[{"href":"https:\/\/tranthi.vn\/quangnam\/wp-json\/wp\/v2\/product"}],"about":[{"href":"https:\/\/tranthi.vn\/quangnam\/wp-json\/wp\/v2\/types\/product"}],"replies":[{"embeddable":true,"href":"https:\/\/tranthi.vn\/quangnam\/wp-json\/wp\/v2\/comments?post=2220"}],"wp:featuredmedia":[{"embeddable":true,"href":"https:\/\/tranthi.vn\/quangnam\/wp-json\/wp\/v2\/media\/2219"}],"wp:attachment":[{"href":"https:\/\/tranthi.vn\/quangnam\/wp-json\/wp\/v2\/media?parent=2220"}],"wp:term":[{"taxonomy":"product_cat","embeddable":true,"href":"https:\/\/tranthi.vn\/quangnam\/wp-json\/wp\/v2\/product_cat?post=2220"},{"taxonomy":"product_tag","embeddable":true,"href":"https:\/\/tranthi.vn\/quangnam\/wp-json\/wp\/v2\/product_tag?post=2220"}],"curies":[{"name":"wp","href":"https:\/\/api.w.org\/{rel}","templated":true}]}}