{"id":2218,"date":"2021-02-26T09:20:38","date_gmt":"2021-02-26T02:20:38","guid":{"rendered":"https:\/\/tranthi.vn\/quangnam\/?post_type=product&#038;p=2218"},"modified":"2023-01-30T17:00:46","modified_gmt":"2023-01-30T10:00:46","slug":"gia-gach-6-lo-dai-hung-tai-da-nang","status":"publish","type":"product","link":"https:\/\/tranthi.vn\/quangnam\/gia-gach-6-lo-dai-hung-tai-da-nang\/","title":{"rendered":"G\u1ea1ch tuynel 6 l\u1ed7 \u0110\u1ea1i H\u01b0ng"},"content":{"rendered":"","protected":false},"excerpt":{"rendered":"<p><span style=\"font-family: 'times new roman', times, serif; font-size: 150%; color: #000000;\">\ud83d\ude1b V\u1eadn chuy\u1ec3n t\u1eeb 5.000 vi\u00ean<\/span><\/p>\n<p><span style=\"font-family: 'times new roman', times, serif; font-size: 150%; color: #000000;\">\ud83d\ude1b <em><span style=\"color: #008000;\"><a style=\"color: #008000;\" href=\"https:\/\/tranthi.vn\/quangnam\/gia-gach-6-lo-dai-hung-tai-da-nang\/\">\u0110\u01a1n gi\u00e1\u00a0g\u1ea1ch tuynel 6 l\u1ed7 \u0110\u1ea1i H\u01b0ng<\/a><\/span><\/em><\/span><\/p>\n<ul>\n<li><span style=\"font-family: 'times new roman', times, serif; font-size: 150%; color: #000000;\">K\u00edch th\u01b0\u1edbc: 75x110x175<\/span><\/li>\n<li><span style=\"color: #ff0000;\"><strong><span style=\"font-family: 'times new roman', times, serif; font-size: 150%;\">1.890\/vi\u00ean<\/span><\/strong><\/span><\/li>\n<\/ul>\n<p><span style=\"font-family: 'times new roman', times, serif; font-size: 150%; color: #000000;\">\ud83d\ude1b \u00a0Ch\u01b0a bao g\u1ed3m chi ph\u00ed v\u1eadn chuy\u1ec3n v\u00e0 b\u1ed1c x\u1ebfp<\/span><\/p>\n<p><span style=\"font-family: 'times new roman', times, serif; font-size: 130%; color: #000000;\"><em>ch\u00fa \u00fd: Gach th\u1ebb nung th\u1ee7 c\u00f4ng n\u00ean m\u00e0u s\u1eafc, k\u00edch th\u01b0\u1edbc gi\u1eefa c\u00e1c vi\u00ean g\u1ea1ch s\u1ebd kh\u00f4ng ho\u00e0n to\u00e0n \u0111\u1ec1u nhau, v\u1ec1 k\u00edch th\u01b0\u1edbc c\u00f3 th\u1ec3 l\u1ec7ch nhau 1 ho\u1eb7c 2mm, v\u1ec1 m\u00e0u s\u1eafc c\u00f3 th\u1ec3 \u0111\u1ecf \u0111\u1eadm, cam, c\u00f3 ph\u1ea5n tr\u1eafng gi\u1eefa c\u00e1c vi\u00ean g\u1ea1ch v\u00e0 c\u00e1c l\u00f4 g\u1ea1ch<\/em><\/span><\/p>\n","protected":false},"featured_media":2219,"comment_status":"closed","ping_status":"closed","template":"","meta":[],"product_cat":[106,203],"product_tag":[],"class_list":{"0":"post-2218","1":"product","2":"type-product","3":"status-publish","4":"has-post-thumbnail","6":"product_cat-gach-xay","7":"product_cat-vat-lieu-xay-dung","9":"first","10":"instock","11":"sale","12":"shipping-taxable","13":"purchasable","14":"product-type-simple"},"yoast_head":"<!-- This site is optimized with the Yoast SEO Premium plugin v22.3 (Yoast SEO v22.8) - https:\/\/yoast.com\/wordpress\/plugins\/seo\/ -->\n<title>Gi\u00e1 g\u1ea1ch tuynel 6 l\u1ed7 \u0110\u1ea1i H\u01b0ng \u0110\u00e0 N\u1eb5ng - 0903.595.049<\/title>\n<meta name=\"description\" content=\"Tr\u1ea7n Th\u1ecb - Chuy\u00ean cung c\u1ea5p g\u1ea1ch tuynel 6 l\u1ed7 \u0110\u1ea1i H\u01b0ng gi\u00e1 t\u1ed1t t\u1ea1i \u0110\u00e0 N\u1eb5ng, h\u1ed7 tr\u1ee3 v\u1eadn chuy\u1ec3n mi\u1ec5n ph\u00ed n\u1ed9i th\u00e0nh v\u00e0 b\u1ed1c t\u1eadn n\u01a1i\" \/>\n<meta name=\"robots\" content=\"index, follow, max-snippet:-1, max-image-preview:large, max-video-preview:-1\" \/>\n<link rel=\"canonical\" href=\"https:\/\/tranthi.vn\/quangnam\/gia-gach-6-lo-dai-hung-tai-da-nang\/\" \/>\n<meta property=\"og:locale\" content=\"vi_VN\" \/>\n<meta property=\"og:type\" content=\"article\" \/>\n<meta property=\"og:title\" content=\"G\u1ea1ch tuynel 6 l\u1ed7 \u0110\u1ea1i H\u01b0ng\" \/>\n<meta property=\"og:description\" content=\"Tr\u1ea7n Th\u1ecb - Chuy\u00ean cung c\u1ea5p g\u1ea1ch tuynel 6 l\u1ed7 \u0110\u1ea1i H\u01b0ng gi\u00e1 t\u1ed1t t\u1ea1i \u0110\u00e0 N\u1eb5ng, h\u1ed7 tr\u1ee3 v\u1eadn chuy\u1ec3n mi\u1ec5n ph\u00ed n\u1ed9i th\u00e0nh v\u00e0 b\u1ed1c t\u1eadn n\u01a1i\" \/>\n<meta property=\"og:url\" content=\"https:\/\/tranthi.vn\/quangnam\/gia-gach-6-lo-dai-hung-tai-da-nang\/\" \/>\n<meta property=\"og:site_name\" content=\"V\u1eadt Li\u1ec7u X\u00e2y D\u1ef1ng Tr\u1ea7n Th\u1ecb Chi Nh\u00e1nh Qu\u1ea3ng Nam\" \/>\n<meta property=\"article:modified_time\" content=\"2023-01-30T10:00:46+00:00\" \/>\n<meta property=\"og:image\" content=\"https:\/\/tranthi.vn\/quangnam\/wp-content\/uploads\/2021\/02\/gach-6-lo-dai-hung_optimized.jpg\" \/>\n\t<meta property=\"og:image:width\" content=\"500\" \/>\n\t<meta property=\"og:image:height\" content=\"500\" \/>\n\t<meta property=\"og:image:type\" content=\"image\/jpeg\" \/>\n<meta name=\"twitter:card\" content=\"summary_large_image\" \/>\n<meta name=\"twitter:label1\" content=\"Gi\u00e1\" \/>\n\t<meta name=\"twitter:data1\" content=\"1,890&nbsp;&#8363;\" \/>\n\t<meta name=\"twitter:label2\" content=\"Kh\u1ea3 d\u1ee5ng\" \/>\n\t<meta name=\"twitter:data2\" content=\"Trong kho\" \/>\n<script type=\"application\/ld+json\" class=\"yoast-schema-graph\">{\"@context\":\"https:\/\/schema.org\",\"@graph\":[{\"@type\":[\"WebPage\",\"ItemPage\"],\"@id\":\"https:\/\/tranthi.vn\/quangnam\/gia-gach-6-lo-dai-hung-tai-da-nang\/\",\"url\":\"https:\/\/tranthi.vn\/quangnam\/gia-gach-6-lo-dai-hung-tai-da-nang\/\",\"name\":\"Gi\u00e1 g\u1ea1ch tuynel 6 l\u1ed7 \u0110\u1ea1i H\u01b0ng \u0110\u00e0 N\u1eb5ng - 0903.595.049\",\"isPartOf\":{\"@id\":\"https:\/\/tranthi.vn\/quangnam\/#website\"},\"primaryImageOfPage\":{\"@id\":\"https:\/\/tranthi.vn\/quangnam\/gia-gach-6-lo-dai-hung-tai-da-nang\/#primaryimage\"},\"image\":{\"@id\":\"https:\/\/tranthi.vn\/quangnam\/gia-gach-6-lo-dai-hung-tai-da-nang\/#primaryimage\"},\"thumbnailUrl\":\"https:\/\/tranthi.vn\/quangnam\/wp-content\/uploads\/2021\/02\/gach-6-lo-dai-hung_optimized.jpg\",\"datePublished\":\"2021-02-26T02:20:38+00:00\",\"dateModified\":\"2023-01-30T10:00:46+00:00\",\"description\":\"Tr\u1ea7n Th\u1ecb - Chuy\u00ean cung c\u1ea5p g\u1ea1ch tuynel 6 l\u1ed7 \u0110\u1ea1i H\u01b0ng gi\u00e1 t\u1ed1t t\u1ea1i \u0110\u00e0 N\u1eb5ng, h\u1ed7 tr\u1ee3 v\u1eadn chuy\u1ec3n mi\u1ec5n ph\u00ed n\u1ed9i th\u00e0nh v\u00e0 b\u1ed1c t\u1eadn n\u01a1i\",\"breadcrumb\":{\"@id\":\"https:\/\/tranthi.vn\/quangnam\/gia-gach-6-lo-dai-hung-tai-da-nang\/#breadcrumb\"},\"inLanguage\":\"vi\",\"potentialAction\":[{\"@type\":\"ReadAction\",\"target\":[\"https:\/\/tranthi.vn\/quangnam\/gia-gach-6-lo-dai-hung-tai-da-nang\/\"]}]},{\"@type\":\"ImageObject\",\"inLanguage\":\"vi\",\"@id\":\"https:\/\/tranthi.vn\/quangnam\/gia-gach-6-lo-dai-hung-tai-da-nang\/#primaryimage\",\"url\":\"https:\/\/tranthi.vn\/quangnam\/wp-content\/uploads\/2021\/02\/gach-6-lo-dai-hung_optimized.jpg\",\"contentUrl\":\"https:\/\/tranthi.vn\/quangnam\/wp-content\/uploads\/2021\/02\/gach-6-lo-dai-hung_optimized.jpg\",\"width\":500,\"height\":500,\"caption\":\"gach-6-lo-dai-hung-da-nang\"},{\"@type\":\"BreadcrumbList\",\"@id\":\"https:\/\/tranthi.vn\/quangnam\/gia-gach-6-lo-dai-hung-tai-da-nang\/#breadcrumb\",\"itemListElement\":[{\"@type\":\"ListItem\",\"position\":1,\"name\":\"Trang ch\u1ee7\",\"item\":\"https:\/\/tranthi.vn\/quangnam\/\"},{\"@type\":\"ListItem\",\"position\":2,\"name\":\"Shop\",\"item\":\"https:\/\/tranthi.vn\/quangnam\/shop\/\"},{\"@type\":\"ListItem\",\"position\":3,\"name\":\"G\u1ea1ch tuynel 6 l\u1ed7 \u0110\u1ea1i H\u01b0ng\"}]},{\"@type\":\"WebSite\",\"@id\":\"https:\/\/tranthi.vn\/quangnam\/#website\",\"url\":\"https:\/\/tranthi.vn\/quangnam\/\",\"name\":\"V\u1eadt Li\u1ec7u X\u00e2y D\u1ef1ng Tr\u1ea7n Th\u1ecb Chi Nh\u00e1nh Qu\u1ea3ng Nam\",\"description\":\"V\u1eadt Li\u1ec7u X\u00e2y D\u1ef1ng - Qu\u1ea3ng Nam\",\"potentialAction\":[{\"@type\":\"SearchAction\",\"target\":{\"@type\":\"EntryPoint\",\"urlTemplate\":\"https:\/\/tranthi.vn\/quangnam\/?s={search_term_string}\"},\"query-input\":\"required name=search_term_string\"}],\"inLanguage\":\"vi\"},{\"@type\":\"ImageObject\",\"inLanguage\":\"vi\",\"@id\":\"https:\/\/tranthi.vn\/quangnam\/gia-gach-6-lo-dai-hung-tai-da-nang\/#local-main-organization-logo\",\"url\":\"\",\"contentUrl\":\"\",\"caption\":\"V\u1eadt Li\u1ec7u X\u00e2y D\u1ef1ng Tr\u1ea7n Th\u1ecb Chi Nh\u00e1nh Qu\u1ea3ng Nam\"}]}<\/script>\n<meta property=\"product:price:amount\" content=\"1890\" \/>\n<meta property=\"product:price:currency\" content=\"VND\" \/>\n<meta property=\"og:availability\" content=\"instock\" \/>\n<meta property=\"product:availability\" content=\"instock\" \/>\n<meta property=\"product:condition\" content=\"new\" \/>\n<!-- \/ Yoast SEO Premium plugin. -->","yoast_head_json":{"title":"Gi\u00e1 g\u1ea1ch tuynel 6 l\u1ed7 \u0110\u1ea1i H\u01b0ng \u0110\u00e0 N\u1eb5ng - 0903.595.049","description":"Tr\u1ea7n Th\u1ecb - Chuy\u00ean cung c\u1ea5p g\u1ea1ch tuynel 6 l\u1ed7 \u0110\u1ea1i H\u01b0ng gi\u00e1 t\u1ed1t t\u1ea1i \u0110\u00e0 N\u1eb5ng, h\u1ed7 tr\u1ee3 v\u1eadn chuy\u1ec3n mi\u1ec5n ph\u00ed n\u1ed9i th\u00e0nh v\u00e0 b\u1ed1c t\u1eadn n\u01a1i","robots":{"index":"index","follow":"follow","max-snippet":"max-snippet:-1","max-image-preview":"max-image-preview:large","max-video-preview":"max-video-preview:-1"},"canonical":"https:\/\/tranthi.vn\/quangnam\/gia-gach-6-lo-dai-hung-tai-da-nang\/","og_locale":"vi_VN","og_type":"article","og_title":"G\u1ea1ch tuynel 6 l\u1ed7 \u0110\u1ea1i H\u01b0ng","og_description":"Tr\u1ea7n Th\u1ecb - Chuy\u00ean cung c\u1ea5p g\u1ea1ch tuynel 6 l\u1ed7 \u0110\u1ea1i H\u01b0ng gi\u00e1 t\u1ed1t t\u1ea1i \u0110\u00e0 N\u1eb5ng, h\u1ed7 tr\u1ee3 v\u1eadn chuy\u1ec3n mi\u1ec5n ph\u00ed n\u1ed9i th\u00e0nh v\u00e0 b\u1ed1c t\u1eadn n\u01a1i","og_url":"https:\/\/tranthi.vn\/quangnam\/gia-gach-6-lo-dai-hung-tai-da-nang\/","og_site_name":"V\u1eadt Li\u1ec7u X\u00e2y D\u1ef1ng Tr\u1ea7n Th\u1ecb Chi Nh\u00e1nh Qu\u1ea3ng Nam","article_modified_time":"2023-01-30T10:00:46+00:00","og_image":[{"width":500,"height":500,"url":"https:\/\/tranthi.vn\/quangnam\/wp-content\/uploads\/2021\/02\/gach-6-lo-dai-hung_optimized.jpg","type":"image\/jpeg"}],"twitter_card":"summary_large_image","twitter_misc":{"Gi\u00e1":"1,890&nbsp;&#8363;","Kh\u1ea3 d\u1ee5ng":"Trong kho"},"schema":{"@context":"https:\/\/schema.org","@graph":[{"@type":["WebPage","ItemPage"],"@id":"https:\/\/tranthi.vn\/quangnam\/gia-gach-6-lo-dai-hung-tai-da-nang\/","url":"https:\/\/tranthi.vn\/quangnam\/gia-gach-6-lo-dai-hung-tai-da-nang\/","name":"Gi\u00e1 g\u1ea1ch tuynel 6 l\u1ed7 \u0110\u1ea1i H\u01b0ng \u0110\u00e0 N\u1eb5ng - 0903.595.049","isPartOf":{"@id":"https:\/\/tranthi.vn\/quangnam\/#website"},"primaryImageOfPage":{"@id":"https:\/\/tranthi.vn\/quangnam\/gia-gach-6-lo-dai-hung-tai-da-nang\/#primaryimage"},"image":{"@id":"https:\/\/tranthi.vn\/quangnam\/gia-gach-6-lo-dai-hung-tai-da-nang\/#primaryimage"},"thumbnailUrl":"https:\/\/tranthi.vn\/quangnam\/wp-content\/uploads\/2021\/02\/gach-6-lo-dai-hung_optimized.jpg","datePublished":"2021-02-26T02:20:38+00:00","dateModified":"2023-01-30T10:00:46+00:00","description":"Tr\u1ea7n Th\u1ecb - Chuy\u00ean cung c\u1ea5p g\u1ea1ch tuynel 6 l\u1ed7 \u0110\u1ea1i H\u01b0ng gi\u00e1 t\u1ed1t t\u1ea1i \u0110\u00e0 N\u1eb5ng, h\u1ed7 tr\u1ee3 v\u1eadn chuy\u1ec3n mi\u1ec5n ph\u00ed n\u1ed9i th\u00e0nh v\u00e0 b\u1ed1c t\u1eadn n\u01a1i","breadcrumb":{"@id":"https:\/\/tranthi.vn\/quangnam\/gia-gach-6-lo-dai-hung-tai-da-nang\/#breadcrumb"},"inLanguage":"vi","potentialAction":[{"@type":"ReadAction","target":["https:\/\/tranthi.vn\/quangnam\/gia-gach-6-lo-dai-hung-tai-da-nang\/"]}]},{"@type":"ImageObject","inLanguage":"vi","@id":"https:\/\/tranthi.vn\/quangnam\/gia-gach-6-lo-dai-hung-tai-da-nang\/#primaryimage","url":"https:\/\/tranthi.vn\/quangnam\/wp-content\/uploads\/2021\/02\/gach-6-lo-dai-hung_optimized.jpg","contentUrl":"https:\/\/tranthi.vn\/quangnam\/wp-content\/uploads\/2021\/02\/gach-6-lo-dai-hung_optimized.jpg","width":500,"height":500,"caption":"gach-6-lo-dai-hung-da-nang"},{"@type":"BreadcrumbList","@id":"https:\/\/tranthi.vn\/quangnam\/gia-gach-6-lo-dai-hung-tai-da-nang\/#breadcrumb","itemListElement":[{"@type":"ListItem","position":1,"name":"Trang ch\u1ee7","item":"https:\/\/tranthi.vn\/quangnam\/"},{"@type":"ListItem","position":2,"name":"Shop","item":"https:\/\/tranthi.vn\/quangnam\/shop\/"},{"@type":"ListItem","position":3,"name":"G\u1ea1ch tuynel 6 l\u1ed7 \u0110\u1ea1i H\u01b0ng"}]},{"@type":"WebSite","@id":"https:\/\/tranthi.vn\/quangnam\/#website","url":"https:\/\/tranthi.vn\/quangnam\/","name":"V\u1eadt Li\u1ec7u X\u00e2y D\u1ef1ng Tr\u1ea7n Th\u1ecb Chi Nh\u00e1nh Qu\u1ea3ng Nam","description":"V\u1eadt Li\u1ec7u X\u00e2y D\u1ef1ng - Qu\u1ea3ng Nam","potentialAction":[{"@type":"SearchAction","target":{"@type":"EntryPoint","urlTemplate":"https:\/\/tranthi.vn\/quangnam\/?s={search_term_string}"},"query-input":"required name=search_term_string"}],"inLanguage":"vi"},{"@type":"ImageObject","inLanguage":"vi","@id":"https:\/\/tranthi.vn\/quangnam\/gia-gach-6-lo-dai-hung-tai-da-nang\/#local-main-organization-logo","url":"","contentUrl":"","caption":"V\u1eadt Li\u1ec7u X\u00e2y D\u1ef1ng Tr\u1ea7n Th\u1ecb Chi Nh\u00e1nh Qu\u1ea3ng Nam"}]},"product_price_amount":"1890","product_price_currency":"VND","og_availability":"instock","product_availability":"instock","product_condition":"new"},"_links":{"self":[{"href":"https:\/\/tranthi.vn\/quangnam\/wp-json\/wp\/v2\/product\/2218","targetHints":{"allow":["GET"]}}],"collection":[{"href":"https:\/\/tranthi.vn\/quangnam\/wp-json\/wp\/v2\/product"}],"about":[{"href":"https:\/\/tranthi.vn\/quangnam\/wp-json\/wp\/v2\/types\/product"}],"replies":[{"embeddable":true,"href":"https:\/\/tranthi.vn\/quangnam\/wp-json\/wp\/v2\/comments?post=2218"}],"wp:featuredmedia":[{"embeddable":true,"href":"https:\/\/tranthi.vn\/quangnam\/wp-json\/wp\/v2\/media\/2219"}],"wp:attachment":[{"href":"https:\/\/tranthi.vn\/quangnam\/wp-json\/wp\/v2\/media?parent=2218"}],"wp:term":[{"taxonomy":"product_cat","embeddable":true,"href":"https:\/\/tranthi.vn\/quangnam\/wp-json\/wp\/v2\/product_cat?post=2218"},{"taxonomy":"product_tag","embeddable":true,"href":"https:\/\/tranthi.vn\/quangnam\/wp-json\/wp\/v2\/product_tag?post=2218"}],"curies":[{"name":"wp","href":"https:\/\/api.w.org\/{rel}","templated":true}]}}