{"id":1609,"date":"2021-02-18T13:31:13","date_gmt":"2021-02-18T13:31:13","guid":{"rendered":"http:\/\/new-tranthi.test\/san-pham\/dien-thoai-ban-co-dien-dt42-2\/"},"modified":"2021-02-26T09:34:05","modified_gmt":"2021-02-26T02:34:05","slug":"dien-thoai-ban-co-dien-dt42-2","status":"publish","type":"product","link":"https:\/\/tranthi.vn\/quangnam\/dien-thoai-ban-co-dien-dt42-2\/","title":{"rendered":"\u0110i\u1ec7n Tho\u1ea1i B\u00e0n C\u1ed5 \u0110i\u1ec3n DT42"},"content":{"rendered":"<h1 style=\"text-align: center;\"><a href=\"http:\/\/tranthi.vn\/quangnam\/dien-thoai-ban-co-dien-dt42\/\"><span style=\"color: #ff0000;\"><strong><span style=\"font-family: 'times new roman', times, serif; font-size: 14pt;\">\u0110I\u1ec6N THO\u1ea0I QUAY S\u1ed0 \u0110\u1ec2 B\u00c0N C\u1ed4 \u0110I\u1ec2N T\u1ea0I \u0110\u00c0 N\u1eb4NG<\/span><\/strong><\/span><\/a><\/h1>\n<p><span style=\"font-family: 'times new roman', times, serif; font-size: 14pt; color: #000000;\"><em>\u0110i\u1ec7n tho\u1ea1i quay s\u1ed1 \u0111\u1ec3 <\/em><\/span><span style=\"font-family: 'times new roman', times, serif; font-size: 14pt; color: #000000;\"><em>b\u00e0n<\/em> theo phong c\u00e1ch<em> c\u1ed5 \u0111i\u1ec3n<\/em> \u0111ang d\u1ea7n tr\u1edf th\u00e0nh xu th\u1ebf m\u1edbi t\u1ea1i <em>\u0110\u00e0 N\u1eb5ng<\/em>. \u0110\u01b0\u1ee3c d\u00f9ng \u0111\u1ec3 trang tr\u00ed trong nh\u00e0 h\u00e0ng, kh\u00e1ch s\u1ea1n, ph\u00f2ng ng\u1ee7, ph\u00f2ng kh\u00e1ch. \u0110\u1eb7c bi\u1ec7t \u0111\u1ed1i v\u1edbi nh\u1eefng gia ch\u1ee7 y\u00eau th\u00edch phong c\u00e1ch c\u1ed5 \u0111i\u1ec3n th\u00ec kh\u00f3 c\u00f3 th\u1ec3 b\u1ecf qua m\u1eabu m\u1eabu <em><strong>\u0111i\u1ec7n tho\u1ea1i b\u00e0n c\u1ed5 \u0111i\u1ec3n<\/strong><\/em> nh\u01b0 th\u1ebf n\u00e0y<\/span><\/p>\n<h2><strong><span style=\"font-family: 'times new roman', times, serif; font-size: 14pt; color: #ff0000;\">1. GI\u00c1 C\u1ee6A M\u1ed8T CHI\u1ebeC \u0110I\u1ec6N THO\u1ea0I B\u00c0N C\u1ed4 \u0110I\u1ec2N<\/span><\/strong><\/h2>\n<p><span style=\"font-family: 'times new roman', times, serif; font-size: 14pt; color: #000000;\">T\u1ea1i <a href=\"https:\/\/fr.wikipedia.org\/wiki\/Da_Nang\">\u0110\u00e0 N\u1eb5ng<\/a> gi\u00e1 c\u1ee7a m\u1ed9t chi\u1ebfc <strong><em>\u0111i\u1ec7n tho\u1ea1i quay s\u1ed1 \u0111\u1ec3 b\u00e0n c\u1ed5 \u0111i\u1ec3n<\/em><\/strong> giao \u0111\u1ed9ng t\u1eeb 1,5tri\u1ec7u\u00a0 tr\u1edf l\u00ean t\u00f9y thu\u1ed9c v\u00e0o k\u00edch th\u01b0\u1edbc m\u1eabu m\u00e3 c\u0169ng nh\u01b0 t\u00ednh n\u0103ng c\u1ee7a n\u00f3.<\/span><\/p>\n<p><span style=\"font-family: 'times new roman', times, serif; font-size: 14pt; color: #000000;\">Nh\u1eefng chi\u1ebfc <a href=\"https:\/\/vi.wikipedia.org\/wiki\/%C4%90i%E1%BB%87n_tho%E1%BA%A1i\"><em><strong>\u0111i\u1ec7n tho\u1ea1i<\/strong> <\/em><\/a>v\u1edbi m\u1ee5c \u0111\u00edch trang tr\u00ed nh\u01b0ng \u0111\u01b0\u1ee3c thi\u1ebft k\u1ebf v\u00f4 c\u00f9ng \u0111\u1ea7y \u0111\u1ee7 t\u00ednh n\u0103ng. \u0110\u1ed3ng th\u1eddi c\u00e1c s\u1ea3n ph\u1ea9m c\u1ea5u t\u1ea1o c\u0169ng \u0111\u1ea1t ch\u1ea5t l\u01b0\u1ee3ng th\u1eddi gian s\u1eed d\u1ee5ng cao<\/span><\/p>\n<p><span style=\"font-family: 'times new roman', times, serif; font-size: 14pt; color: #000000;\">Tr\u01b0\u1edbc \u0111\u00e2y nh\u1eefng chi\u1ebfc \u0111i\u1ec7n tho\u1ea1i b\u00e0n <a href=\"https:\/\/vi.wikipedia.org\/wiki\/C%E1%BB%95\">c\u1ed5<\/a> \u0111i\u1ec3n s\u1ebd \u0111\u01b0\u1ee3c thi\u1ebft k\u1ebf v\u00f4 c\u00f9ng \u0111\u01a1n gi\u1ea3n, H\u01a1i th\u00f4 v\u00e0 m\u00e0u s\u1eafc ch\u1ee7 \u0111\u1ea1o l\u00e0 m\u00e0u n\u00e2u t\u1ed1i k\u1ebft h\u1ee3p v\u1edbi kim lo\u1ea1i m\u00e0u s\u00e1ng<\/span><\/p>\n<p><span style=\"font-family: 'times new roman', times, serif; font-size: 14pt; color: #000000;\">Tuy nhi\u00ean hi\u1ec7n t\u1ea1i \u0111\u00e3 \u0111\u01b0\u1ee3c t\u00e2n ti\u1ebfn v\u1edbi nh\u1eefng m\u1eabu m\u00e3 m\u1ec1m m\u1ea1i h\u01a1n, m\u00e0u s\u1eafc c\u0169ng \u0111a d\u1ea1ng h\u01a1n. V\u00e0 v\u1eabn to\u00e1t l\u00ean \u0111\u01b0\u1ee3c s\u1ef1 c\u1ed5 k\u00ednh k\u00e8m s\u1ef1 sang tr\u1ecdng qu\u00fd ph\u00e1i. Nh\u1eefng m\u1eabu n\u00e0y \u0111\u1eb7c bi\u1ec7t chi\u1ebfm \u0111\u01b0\u1ee3c s\u1ef1 \u01b0u \u00e1i t\u1eeb ph\u00e1i n\u1eef<\/span><\/p>\n<p><span style=\"font-family: 'times new roman', times, serif; font-size: 14pt; color: #000000;\"><img loading=\"lazy\" decoding=\"async\" class=\"wp-image-5906 aligncenter\" src=\"http:\/\/tranthi.vn\/quangnam\/wp-content\/uploads\/2020\/08\/1552118845_1008368238_grande.jpg\" alt=\"\" width=\"318\" height=\"408\" \/><\/span><\/p>\n<p>&nbsp;<\/p>\n<p><span style=\"font-family: 'times new roman', times, serif; font-size: 14pt; color: #000000;\"><img loading=\"lazy\" decoding=\"async\" class=\"wp-image-5907 aligncenter\" src=\"http:\/\/tranthi.vn\/quangnam\/wp-content\/uploads\/2020\/08\/1552118849_1008368238_grande.jpg\" alt=\"\" width=\"316\" height=\"319\" \/><\/span><\/p>\n<p>&nbsp;<\/p>\n<h3><span style=\"color: #ff0000;\"><strong><span style=\"font-family: 'times new roman', times, serif; font-size: 14pt;\">2. \u0110I\u1ec6N THO\u1ea0I B\u00c0N C\u1ed0 \u0110I\u1ec2N TRANG TR\u00cd C\u00d3 S\u1eec D\u1ee4NG NGHE G\u1eccI \u0110\u01af\u1ee2C KH\u00d4NG<\/span><\/strong><\/span><\/h3>\n<p><span style=\"font-family: 'times new roman', times, serif; font-size: 14pt; color: #000000;\">\u0110i\u1ec1u n\u00e0y cong t\u00f9y thu\u1ed9c v\u00e0o lo\u1ea1i<em> \u0111i\u1ec7n tho\u1ea1i<\/em> b\u1ea1n mua c\u00f3 \u0111\u01b0\u1ee3c t\u1ecbch h\u1ee3p t\u00ednh n\u0103ng nghe g\u1ecdi hay kh\u00f4ng. \u0110a s\u1ed1 c\u00e1c m\u1eabu \u0111i\u1ec7n tho\u1ea1i b\u00e0n c\u1ed5 \u0111i\u1ec3n \u0111\u1ec1u c\u00f3 ch\u1ee9c n\u0103ng nghe g\u1ecdi. Nh\u01b0ng nh\u1eefng s\u1ea3n ph\u1ea9m gi\u00e1 th\u00e0nh th\u1ea5p th\u00ec kh\u00f4ng b\u1ec1n b\u1eb1ng nh\u1eefng s\u1ea3n ph\u1ea9m gi\u00e1 cao<\/span><\/p>\n<p>&nbsp;<\/p>\n<ul>\n<li><span style=\"font-family: 'times new roman', times, serif; font-size: 14pt; color: #000000;\">D\u01b0\u1edbi \u0111\u00e2y l\u00e0 nh\u1eefng t\u00ednh n\u0103ng c\u1ee7a nh\u1eefng chi\u1ebfc <a href=\"https:\/\/www.facebook.com\/Gi%C3%A1-%C4%91%E1%BB%93ng-h%E1%BB%93-treo-t%C6%B0%E1%BB%9Dng-%C4%91i%E1%BB%87n-tho%E1%BA%A1i-c%E1%BB%95-%C4%91i%E1%BB%83n-%C4%91%E1%BB%83-b%C3%A0n-%C4%90%C3%A0-N%E1%BA%B5ng-0903595049-105758167910725\/\"><strong><em>\u0111i\u1ec7n tho\u1ea1i b\u00e0n c\u1ed5 \u0111i\u1ec3n<\/em><\/strong><\/a> b\u00ean m\u00ecnh<\/span><\/li>\n<\/ul>\n<p><span style=\"font-family: 'times new roman', times, serif; font-size: 14pt; color: #000000;\">&#8211; Hi\u1ec3n th\u1ecb 99 s\u1ed1 g\u1ecdi \u0111\u1ebfn ( 14 ch\u1eef s\u1ed1) .<\/span><\/p>\n<p><span style=\"font-family: 'times new roman', times, serif; font-size: 14pt; color: #000000;\">&#8211; Hi\u1ec3n th\u1ecb 09 s\u1ed1 g\u1ecdi \u0111i ( 16 ch\u1eef s\u1ed1 ).<\/span><\/p>\n<p><span style=\"font-family: 'times new roman', times, serif; font-size: 14pt; color: #000000;\">&#8211; Ki\u1ec3m tra, x\u00f3a, g\u1ecdi l\u1ea1i s\u1ed1 g\u1ecdi \u0111\u1ebfn v\u00e0 g\u1ecdi \u0111i. ( UP\/ DOWN)<\/span><\/p>\n<p><span style=\"font-family: 'times new roman', times, serif; font-size: 14pt; color: #000000;\">&#8211; Ch\u1ee9c n\u0103ng quay s\u1ed1 \u0110a t\u1ea7n\/ th\u1eadp ph\u00e2n ( Tone\/ Pulsse).<\/span><\/p>\n<p><span style=\"font-family: 'times new roman', times, serif; font-size: 14pt; color: #000000;\">&#8211; Cho bi\u1ebft nh\u1eefng cu\u1ed9c g\u1ecdi \u0111\u1ebfn m\u1edbi v\u00e0 t\u1ed5ng s\u1ed1 cu\u1ed9c g\u1ecdi \u0111i.<\/span><\/p>\n<p><span style=\"font-family: 'times new roman', times, serif; font-size: 14pt; color: #000000;\">&#8211; \u0110\u1ed3ng h\u1ed3 hi\u1ec3n th\u1ecb ng\u00e0y gi\u1edd th\u1ef1c t\u1ebf v\u00e0 th\u1eddi gian c\u1ee7a c\u00e1c cu\u1ed9c g\u1ecdi.<\/span><\/p>\n<p><span style=\"font-family: 'times new roman', times, serif; font-size: 14pt; color: #000000;\">&#8211; T\u1ef1 \u0111\u1ed9ng g\u1ecdi l\u1ea1i s\u1ed1 g\u1ecdi \u0111i v\u00e0 g\u1ecdi \u0111\u1ebfn ( b\u1eb1ng ph\u00edm BACK).<\/span><\/p>\n<p><span style=\"font-family: 'times new roman', times, serif; font-size: 14pt; color: #000000;\">&#8211; Ch\u1ee9c n\u0103ng quay s\u1ed1 g\u1ecdi \u0111i g\u1ea7n nh\u1ea5t<\/span><\/p>\n<p><span style=\"font-family: 'times new roman', times, serif; font-size: 14pt; color: #000000;\">&#8211; Ch\u1ee9c n\u0103ng b\u1ea3o v\u1ec7 khi c\u00f3 s\u00e9t.<\/span><\/p>\n<p><span style=\"font-family: 'times new roman', times, serif; font-size: 14pt; color: #000000;\">&#8211; Ch\u1ee9c n\u0103ng ch\u1ed1ng g\u1ecdi tr\u1ed9m \u0111i\u1ec7n tho\u1ea1i khi c\u00f3 m\u00e1y kh\u00e1c c\u00e2u tr\u1ed9m<\/span><\/p>\n<ul>\n<li><span style=\"font-family: 'times new roman', times, serif; font-size: 14pt; color: #000000;\">V\u00e0 d\u01b0\u1edbi \u0111\u00e2y l\u00e0 th\u00f4ng tin chi ti\u1ebft s\u1ea3n ph\u1ea9m cho b\u1ea1n n\u00e0o c\u1ea7n tham kh\u1ea3o<\/span><\/li>\n<\/ul>\n<p><span style=\"font-size: 14pt; font-family: 'times new roman', times, serif; color: #000000;\">&#8211; Ch\u1ea5t li\u1ec7u: S\u1ee9 k\u1ebft h\u1ee3p v\u1edbi \u0110\u1ed3ng v\u00e0 c\u00e1c chi ti\u1ebft h\u1ee3p kim k\u1ebdm m\u1ea1 v\u00e0ng<\/span><\/p>\n<p><span style=\"font-size: 14pt; font-family: 'times new roman', times, serif; color: #000000;\">&#8211; Ki\u1ec3u quay s\u1ed1: B\u00e1n ph\u00edm b\u1ea5m<\/span><\/p>\n<p><span style=\"font-size: 14pt; font-family: 'times new roman', times, serif; color: #000000;\">&#8211; K\u1ebft n\u1ed1i: B\u1eb1ng d\u00e2y Line<\/span><\/p>\n<p><span style=\"font-size: 14pt; font-family: 'times new roman', times, serif; color: #000000;\">&#8211; Tr\u1ecdng l\u01b0\u1ee3ng: 1.5 kg<\/span><\/p>\n<p><span style=\"font-size: 14pt; font-family: 'times new roman', times, serif; color: #000000;\">&#8211; B\u1ea3o h\u00e0nh 01 n\u0103m, b\u1ea3o tr\u00ec v\u0129nh vi\u1ec5n<\/span><\/p>\n<p><span style=\"font-family: 'times new roman', times, serif; font-size: 14pt; color: #000000;\">Tr\u00ean \u0111\u00e2y m\u00ecnh gi\u1edbi thi\u1ec7u s\u01a1 v\u1ec1 gi\u00e1 c\u0169ng nh\u01b0 ch\u1ee9c n\u0103ng c\u1ee7a m\u1ed9t chi\u1ebfc <em>\u0111<strong>i\u1ec7n tho\u1ea1i b\u00e0n c\u1ed5 \u0111i\u1ec3n trang tr\u00ed<\/strong><\/em><strong>.<\/strong> T\u00f9y thu\u1ed9c v\u00e0o nhu c\u1ea7u s\u1eed d\u1ee5ng m\u00e0 c\u00e1c b\u1ea1n c\u00f3 th\u1ec3 l\u1ef1a ch\u1ecdn cho m\u00ecnh \u0111\u01b0\u1ee3c 1 s\u1ea3n ph\u1ea9m ph\u00f9 h\u1ee3p<\/span><\/p>\n","protected":false},"excerpt":{"rendered":"<p><span style=\"font-family: 'times new roman', times, serif; color: #000000;\"><img decoding=\"async\" class=\"emoji\" draggable=\"false\" src=\"https:\/\/s.w.org\/images\/core\/emoji\/12.0.0-1\/svg\/1f606.svg\" alt=\"\ud83d\ude06\" \/><span style=\"font-size: 14pt; color: #008000;\">\u00a0<strong>Th\u00f4ng tin chi ti\u1ebft:<\/strong><\/span><\/span><\/p>\n<p><span style=\"font-size: 14pt; font-family: 'times new roman', times, serif; color: #000000;\">&#8211; Ch\u1ea5t li\u1ec7u: \u0110\u00e1 k\u1ebft h\u1ee3p v\u1edbi \u0110\u1ed3ng v\u00e0 c\u00e1c chi ti\u1ebft h\u1ee3p kim k\u1ebdm m\u1ea1 v\u00e0ng<\/span><\/p>\n<p><span style=\"font-size: 14pt; font-family: 'times new roman', times, serif; color: #000000;\">&#8211; Ki\u1ec3u quay s\u1ed1: B\u00e0n ph\u00edm b\u1ea5m<\/span><\/p>\n<p><span style=\"font-size: 14pt; font-family: 'times new roman', times, serif; color: #000000;\">&#8211; K\u1ebft n\u1ed1i: B\u1eb1ng d\u00e2y Line<\/span><\/p>\n<p><span style=\"font-size: 14pt; font-family: 'times new roman', times, serif; color: #000000;\">&#8211; Tr\u1ecdng l\u01b0\u1ee3ng: 1.5 kg<\/span><\/p>\n<p><span style=\"font-size: 14pt; font-family: 'times new roman', times, serif; color: #000000;\">&#8211; B\u1ea3o h\u00e0nh 01 n\u0103m, b\u1ea3o tr\u00ec v\u0129nh vi\u1ec5n<\/span><\/p>\n<p><span style=\"font-family: 'times new roman', times, serif; font-size: 14pt; color: #000000;\"><img decoding=\"async\" class=\"emoji\" draggable=\"false\" src=\"https:\/\/s.w.org\/images\/core\/emoji\/12.0.0-1\/svg\/1f606.svg\" alt=\"\ud83d\ude06\" \/> \u0110i\u1ec7n tho\u1ea1i b\u00e0n c\u1ed5 \u0111i\u1ec3n DT42:<strong>\u00a0<span style=\"color: #ff0000;\">950.000 \u0111<\/span><\/strong><\/span><\/p>\n<p><span style=\"font-family: 'times new roman', times, serif; font-size: 14pt; color: #000000;\">Ngo\u00e0i \u00a0<span style=\"color: #008000;\"><a style=\"color: #008000;\" href=\"https:\/\/fr.wikipedia.org\/wiki\/Da_Nang\">\u0110\u00e0 N\u1eb5ng<\/a><\/span>\u00a0Tr\u1ea7n Th\u1ecb c\u00f2n nh\u1eadn giao h\u00e0ng \u0111\u1ebfn c\u00e1c \u0111i\u1ec3m\u00a0<span style=\"color: #008000;\"><a style=\"color: #008000;\" href=\"https:\/\/vi.wikipedia.org\/wiki\/%C4%90%C3%B4ng_H%C3%A0\">\u0110\u00f4ng H\u00e0 Qu\u1ea3ng tr\u1ecb<\/a>,\u00a0<a style=\"color: #008000;\" href=\"https:\/\/vi.wikipedia.org\/wiki\/H%E1%BB%99i_An\">H\u1ed9i An<\/a>,\u00a0<a style=\"color: #008000;\" href=\"https:\/\/vi.wikipedia.org\/wiki\/Tam_K%E1%BB%B3\">Tam k\u1ef3 Qu\u1ea3ng Nam<\/a>,<a style=\"color: #008000;\" href=\"https:\/\/vi.wikipedia.org\/wiki\/Hu%E1%BA%BF\">\u00a0Hu\u1ebf<\/a>\u00a0,\u00a0<a style=\"color: #008000;\" href=\"https:\/\/vi.wikipedia.org\/wiki\/Qu%E1%BA%A3ng_Ng%C3%A3i\">Qu\u1ea3ng Ng\u00e3i<\/a>\u00a0<\/span>-Chi ph\u00ed v\u1eadn chuy\u1ec3n s\u1ebd t\u00ednh theo kho\u1ea3ng c\u00e1ch v\u00e0 s\u1ed1 l\u01b0\u1ee3ng h\u00e0ng h\u00f3a nh\u1eadp<\/span><\/p>\n","protected":false},"featured_media":1302,"comment_status":"open","ping_status":"closed","template":"","meta":[],"product_cat":[215,218],"product_tag":[],"class_list":{"0":"post-1609","1":"product","2":"type-product","3":"status-publish","4":"has-post-thumbnail","6":"product_cat-dien-thoai-ban-co-dien","7":"product_cat-phien-ban-day-line","9":"first","10":"instock","11":"sale","12":"shipping-taxable","13":"purchasable","14":"product-type-simple"},"yoast_head":"<!-- This site is optimized with the Yoast SEO Premium plugin v22.3 (Yoast SEO v22.8) - https:\/\/yoast.com\/wordpress\/plugins\/seo\/ -->\n<title>Nh\u1eefng m\u1eabu \u0111i\u1ec7n tho\u1ea1i b\u00e0n c\u1ed5 \u0111i\u1ec3n \u0111\u1eb9p nh\u1ea5t \u0110\u00e0 N\u1eb5ng-0903.595.049<\/title>\n<meta name=\"description\" content=\"Tr\u1ea7n Th\u1ecb - chuy\u00ean cung c\u1ea5p c\u00e1c m\u1eabu \u0111i\u1ec7n tho\u1ea1i b\u00e0n c\u1ed5 \u0111i\u1ec3n trang tr\u00ed gi\u00e1 r\u1ebb nh\u1ea5t t\u1ea1i \u0110\u00e0 N\u1eb5ng. \u0110\u1ecba ch\u1ec9 204 L\u00ea V\u0103n Hi\u1ebfn, mi\u1ec5n ph\u00ed giao h\u00e0ng\" \/>\n<meta name=\"robots\" content=\"index, follow, max-snippet:-1, max-image-preview:large, max-video-preview:-1\" \/>\n<link rel=\"canonical\" href=\"https:\/\/tranthi.vn\/quangnam\/dien-thoai-ban-co-dien-dt42-2\/\" \/>\n<meta property=\"og:locale\" content=\"vi_VN\" \/>\n<meta property=\"og:type\" content=\"article\" \/>\n<meta property=\"og:title\" content=\"\u0110i\u1ec7n Tho\u1ea1i B\u00e0n C\u1ed5 \u0110i\u1ec3n DT42\" \/>\n<meta property=\"og:description\" content=\"Tr\u1ea7n Th\u1ecb - chuy\u00ean cung c\u1ea5p c\u00e1c m\u1eabu \u0111i\u1ec7n tho\u1ea1i b\u00e0n c\u1ed5 \u0111i\u1ec3n trang tr\u00ed gi\u00e1 r\u1ebb nh\u1ea5t t\u1ea1i \u0110\u00e0 N\u1eb5ng. \u0110\u1ecba ch\u1ec9 204 L\u00ea V\u0103n Hi\u1ebfn, mi\u1ec5n ph\u00ed giao h\u00e0ng\" \/>\n<meta property=\"og:url\" content=\"https:\/\/tranthi.vn\/quangnam\/dien-thoai-ban-co-dien-dt42-2\/\" \/>\n<meta property=\"og:site_name\" content=\"V\u1eadt Li\u1ec7u X\u00e2y D\u1ef1ng Tr\u1ea7n Th\u1ecb Chi Nh\u00e1nh Qu\u1ea3ng Nam\" \/>\n<meta property=\"article:modified_time\" content=\"2021-02-26T02:34:05+00:00\" \/>\n<meta property=\"og:image\" content=\"https:\/\/tranthi.vn\/quangnam\/wp-content\/uploads\/2021\/02\/DIEN-THOAI-BAN-CO-DIEN-DT09.jpg\" \/>\n\t<meta property=\"og:image:width\" content=\"600\" \/>\n\t<meta property=\"og:image:height\" content=\"600\" \/>\n\t<meta property=\"og:image:type\" content=\"image\/jpeg\" \/>\n<meta name=\"twitter:card\" content=\"summary_large_image\" \/>\n<meta name=\"twitter:label1\" content=\"Gi\u00e1\" \/>\n\t<meta name=\"twitter:data1\" content=\"2,490,000&nbsp;&#8363;\" \/>\n\t<meta name=\"twitter:label2\" content=\"Kh\u1ea3 d\u1ee5ng\" \/>\n\t<meta name=\"twitter:data2\" content=\"Trong kho\" \/>\n<script type=\"application\/ld+json\" class=\"yoast-schema-graph\">{\"@context\":\"https:\/\/schema.org\",\"@graph\":[{\"@type\":[\"WebPage\",\"ItemPage\"],\"@id\":\"https:\/\/tranthi.vn\/quangnam\/dien-thoai-ban-co-dien-dt42-2\/\",\"url\":\"https:\/\/tranthi.vn\/quangnam\/dien-thoai-ban-co-dien-dt42-2\/\",\"name\":\"Nh\u1eefng m\u1eabu \u0111i\u1ec7n tho\u1ea1i b\u00e0n c\u1ed5 \u0111i\u1ec3n \u0111\u1eb9p nh\u1ea5t \u0110\u00e0 N\u1eb5ng-0903.595.049\",\"isPartOf\":{\"@id\":\"https:\/\/tranthi.vn\/quangnam\/#website\"},\"primaryImageOfPage\":{\"@id\":\"https:\/\/tranthi.vn\/quangnam\/dien-thoai-ban-co-dien-dt42-2\/#primaryimage\"},\"image\":{\"@id\":\"https:\/\/tranthi.vn\/quangnam\/dien-thoai-ban-co-dien-dt42-2\/#primaryimage\"},\"thumbnailUrl\":\"https:\/\/tranthi.vn\/quangnam\/wp-content\/uploads\/2021\/02\/DIEN-THOAI-BAN-CO-DIEN-DT09.jpg\",\"datePublished\":\"2021-02-18T13:31:13+00:00\",\"dateModified\":\"2021-02-26T02:34:05+00:00\",\"description\":\"Tr\u1ea7n Th\u1ecb - chuy\u00ean cung c\u1ea5p c\u00e1c m\u1eabu \u0111i\u1ec7n tho\u1ea1i b\u00e0n c\u1ed5 \u0111i\u1ec3n trang tr\u00ed gi\u00e1 r\u1ebb nh\u1ea5t t\u1ea1i \u0110\u00e0 N\u1eb5ng. \u0110\u1ecba ch\u1ec9 204 L\u00ea V\u0103n Hi\u1ebfn, mi\u1ec5n ph\u00ed giao h\u00e0ng\",\"breadcrumb\":{\"@id\":\"https:\/\/tranthi.vn\/quangnam\/dien-thoai-ban-co-dien-dt42-2\/#breadcrumb\"},\"inLanguage\":\"vi\",\"potentialAction\":[{\"@type\":\"ReadAction\",\"target\":[\"https:\/\/tranthi.vn\/quangnam\/dien-thoai-ban-co-dien-dt42-2\/\"]}]},{\"@type\":\"ImageObject\",\"inLanguage\":\"vi\",\"@id\":\"https:\/\/tranthi.vn\/quangnam\/dien-thoai-ban-co-dien-dt42-2\/#primaryimage\",\"url\":\"https:\/\/tranthi.vn\/quangnam\/wp-content\/uploads\/2021\/02\/DIEN-THOAI-BAN-CO-DIEN-DT09.jpg\",\"contentUrl\":\"https:\/\/tranthi.vn\/quangnam\/wp-content\/uploads\/2021\/02\/DIEN-THOAI-BAN-CO-DIEN-DT09.jpg\",\"width\":600,\"height\":600},{\"@type\":\"BreadcrumbList\",\"@id\":\"https:\/\/tranthi.vn\/quangnam\/dien-thoai-ban-co-dien-dt42-2\/#breadcrumb\",\"itemListElement\":[{\"@type\":\"ListItem\",\"position\":1,\"name\":\"Trang ch\u1ee7\",\"item\":\"https:\/\/tranthi.vn\/quangnam\/\"},{\"@type\":\"ListItem\",\"position\":2,\"name\":\"Shop\",\"item\":\"https:\/\/tranthi.vn\/quangnam\/shop\/\"},{\"@type\":\"ListItem\",\"position\":3,\"name\":\"\u0110i\u1ec7n Tho\u1ea1i B\u00e0n C\u1ed5 \u0110i\u1ec3n DT42\"}]},{\"@type\":\"WebSite\",\"@id\":\"https:\/\/tranthi.vn\/quangnam\/#website\",\"url\":\"https:\/\/tranthi.vn\/quangnam\/\",\"name\":\"V\u1eadt Li\u1ec7u X\u00e2y D\u1ef1ng Tr\u1ea7n Th\u1ecb Chi Nh\u00e1nh Qu\u1ea3ng Nam\",\"description\":\"V\u1eadt Li\u1ec7u X\u00e2y D\u1ef1ng - Qu\u1ea3ng Nam\",\"potentialAction\":[{\"@type\":\"SearchAction\",\"target\":{\"@type\":\"EntryPoint\",\"urlTemplate\":\"https:\/\/tranthi.vn\/quangnam\/?s={search_term_string}\"},\"query-input\":\"required name=search_term_string\"}],\"inLanguage\":\"vi\"},{\"@type\":\"ImageObject\",\"inLanguage\":\"vi\",\"@id\":\"https:\/\/tranthi.vn\/quangnam\/dien-thoai-ban-co-dien-dt42-2\/#local-main-organization-logo\",\"url\":\"\",\"contentUrl\":\"\",\"caption\":\"V\u1eadt Li\u1ec7u X\u00e2y D\u1ef1ng Tr\u1ea7n Th\u1ecb Chi Nh\u00e1nh Qu\u1ea3ng Nam\"}]}<\/script>\n<meta property=\"product:price:amount\" content=\"2490000\" \/>\n<meta property=\"product:price:currency\" content=\"VND\" \/>\n<meta property=\"og:availability\" content=\"instock\" \/>\n<meta property=\"product:availability\" content=\"instock\" \/>\n<meta property=\"product:condition\" content=\"new\" \/>\n<!-- \/ Yoast SEO Premium plugin. -->","yoast_head_json":{"title":"Nh\u1eefng m\u1eabu \u0111i\u1ec7n tho\u1ea1i b\u00e0n c\u1ed5 \u0111i\u1ec3n \u0111\u1eb9p nh\u1ea5t \u0110\u00e0 N\u1eb5ng-0903.595.049","description":"Tr\u1ea7n Th\u1ecb - chuy\u00ean cung c\u1ea5p c\u00e1c m\u1eabu \u0111i\u1ec7n tho\u1ea1i b\u00e0n c\u1ed5 \u0111i\u1ec3n trang tr\u00ed gi\u00e1 r\u1ebb nh\u1ea5t t\u1ea1i \u0110\u00e0 N\u1eb5ng. \u0110\u1ecba ch\u1ec9 204 L\u00ea V\u0103n Hi\u1ebfn, mi\u1ec5n ph\u00ed giao h\u00e0ng","robots":{"index":"index","follow":"follow","max-snippet":"max-snippet:-1","max-image-preview":"max-image-preview:large","max-video-preview":"max-video-preview:-1"},"canonical":"https:\/\/tranthi.vn\/quangnam\/dien-thoai-ban-co-dien-dt42-2\/","og_locale":"vi_VN","og_type":"article","og_title":"\u0110i\u1ec7n Tho\u1ea1i B\u00e0n C\u1ed5 \u0110i\u1ec3n DT42","og_description":"Tr\u1ea7n Th\u1ecb - chuy\u00ean cung c\u1ea5p c\u00e1c m\u1eabu \u0111i\u1ec7n tho\u1ea1i b\u00e0n c\u1ed5 \u0111i\u1ec3n trang tr\u00ed gi\u00e1 r\u1ebb nh\u1ea5t t\u1ea1i \u0110\u00e0 N\u1eb5ng. \u0110\u1ecba ch\u1ec9 204 L\u00ea V\u0103n Hi\u1ebfn, mi\u1ec5n ph\u00ed giao h\u00e0ng","og_url":"https:\/\/tranthi.vn\/quangnam\/dien-thoai-ban-co-dien-dt42-2\/","og_site_name":"V\u1eadt Li\u1ec7u X\u00e2y D\u1ef1ng Tr\u1ea7n Th\u1ecb Chi Nh\u00e1nh Qu\u1ea3ng Nam","article_modified_time":"2021-02-26T02:34:05+00:00","og_image":[{"width":600,"height":600,"url":"https:\/\/tranthi.vn\/quangnam\/wp-content\/uploads\/2021\/02\/DIEN-THOAI-BAN-CO-DIEN-DT09.jpg","type":"image\/jpeg"}],"twitter_card":"summary_large_image","twitter_misc":{"Gi\u00e1":"2,490,000&nbsp;&#8363;","Kh\u1ea3 d\u1ee5ng":"Trong kho"},"schema":{"@context":"https:\/\/schema.org","@graph":[{"@type":["WebPage","ItemPage"],"@id":"https:\/\/tranthi.vn\/quangnam\/dien-thoai-ban-co-dien-dt42-2\/","url":"https:\/\/tranthi.vn\/quangnam\/dien-thoai-ban-co-dien-dt42-2\/","name":"Nh\u1eefng m\u1eabu \u0111i\u1ec7n tho\u1ea1i b\u00e0n c\u1ed5 \u0111i\u1ec3n \u0111\u1eb9p nh\u1ea5t \u0110\u00e0 N\u1eb5ng-0903.595.049","isPartOf":{"@id":"https:\/\/tranthi.vn\/quangnam\/#website"},"primaryImageOfPage":{"@id":"https:\/\/tranthi.vn\/quangnam\/dien-thoai-ban-co-dien-dt42-2\/#primaryimage"},"image":{"@id":"https:\/\/tranthi.vn\/quangnam\/dien-thoai-ban-co-dien-dt42-2\/#primaryimage"},"thumbnailUrl":"https:\/\/tranthi.vn\/quangnam\/wp-content\/uploads\/2021\/02\/DIEN-THOAI-BAN-CO-DIEN-DT09.jpg","datePublished":"2021-02-18T13:31:13+00:00","dateModified":"2021-02-26T02:34:05+00:00","description":"Tr\u1ea7n Th\u1ecb - chuy\u00ean cung c\u1ea5p c\u00e1c m\u1eabu \u0111i\u1ec7n tho\u1ea1i b\u00e0n c\u1ed5 \u0111i\u1ec3n trang tr\u00ed gi\u00e1 r\u1ebb nh\u1ea5t t\u1ea1i \u0110\u00e0 N\u1eb5ng. \u0110\u1ecba ch\u1ec9 204 L\u00ea V\u0103n Hi\u1ebfn, mi\u1ec5n ph\u00ed giao h\u00e0ng","breadcrumb":{"@id":"https:\/\/tranthi.vn\/quangnam\/dien-thoai-ban-co-dien-dt42-2\/#breadcrumb"},"inLanguage":"vi","potentialAction":[{"@type":"ReadAction","target":["https:\/\/tranthi.vn\/quangnam\/dien-thoai-ban-co-dien-dt42-2\/"]}]},{"@type":"ImageObject","inLanguage":"vi","@id":"https:\/\/tranthi.vn\/quangnam\/dien-thoai-ban-co-dien-dt42-2\/#primaryimage","url":"https:\/\/tranthi.vn\/quangnam\/wp-content\/uploads\/2021\/02\/DIEN-THOAI-BAN-CO-DIEN-DT09.jpg","contentUrl":"https:\/\/tranthi.vn\/quangnam\/wp-content\/uploads\/2021\/02\/DIEN-THOAI-BAN-CO-DIEN-DT09.jpg","width":600,"height":600},{"@type":"BreadcrumbList","@id":"https:\/\/tranthi.vn\/quangnam\/dien-thoai-ban-co-dien-dt42-2\/#breadcrumb","itemListElement":[{"@type":"ListItem","position":1,"name":"Trang ch\u1ee7","item":"https:\/\/tranthi.vn\/quangnam\/"},{"@type":"ListItem","position":2,"name":"Shop","item":"https:\/\/tranthi.vn\/quangnam\/shop\/"},{"@type":"ListItem","position":3,"name":"\u0110i\u1ec7n Tho\u1ea1i B\u00e0n C\u1ed5 \u0110i\u1ec3n DT42"}]},{"@type":"WebSite","@id":"https:\/\/tranthi.vn\/quangnam\/#website","url":"https:\/\/tranthi.vn\/quangnam\/","name":"V\u1eadt Li\u1ec7u X\u00e2y D\u1ef1ng Tr\u1ea7n Th\u1ecb Chi Nh\u00e1nh Qu\u1ea3ng Nam","description":"V\u1eadt Li\u1ec7u X\u00e2y D\u1ef1ng - Qu\u1ea3ng Nam","potentialAction":[{"@type":"SearchAction","target":{"@type":"EntryPoint","urlTemplate":"https:\/\/tranthi.vn\/quangnam\/?s={search_term_string}"},"query-input":"required name=search_term_string"}],"inLanguage":"vi"},{"@type":"ImageObject","inLanguage":"vi","@id":"https:\/\/tranthi.vn\/quangnam\/dien-thoai-ban-co-dien-dt42-2\/#local-main-organization-logo","url":"","contentUrl":"","caption":"V\u1eadt Li\u1ec7u X\u00e2y D\u1ef1ng Tr\u1ea7n Th\u1ecb Chi Nh\u00e1nh Qu\u1ea3ng Nam"}]},"product_price_amount":"2490000","product_price_currency":"VND","og_availability":"instock","product_availability":"instock","product_condition":"new"},"_links":{"self":[{"href":"https:\/\/tranthi.vn\/quangnam\/wp-json\/wp\/v2\/product\/1609","targetHints":{"allow":["GET"]}}],"collection":[{"href":"https:\/\/tranthi.vn\/quangnam\/wp-json\/wp\/v2\/product"}],"about":[{"href":"https:\/\/tranthi.vn\/quangnam\/wp-json\/wp\/v2\/types\/product"}],"replies":[{"embeddable":true,"href":"https:\/\/tranthi.vn\/quangnam\/wp-json\/wp\/v2\/comments?post=1609"}],"wp:featuredmedia":[{"embeddable":true,"href":"https:\/\/tranthi.vn\/quangnam\/wp-json\/wp\/v2\/media\/1302"}],"wp:attachment":[{"href":"https:\/\/tranthi.vn\/quangnam\/wp-json\/wp\/v2\/media?parent=1609"}],"wp:term":[{"taxonomy":"product_cat","embeddable":true,"href":"https:\/\/tranthi.vn\/quangnam\/wp-json\/wp\/v2\/product_cat?post=1609"},{"taxonomy":"product_tag","embeddable":true,"href":"https:\/\/tranthi.vn\/quangnam\/wp-json\/wp\/v2\/product_tag?post=1609"}],"curies":[{"name":"wp","href":"https:\/\/api.w.org\/{rel}","templated":true}]}}