{"id":1548,"date":"2021-02-18T13:30:08","date_gmt":"2021-02-18T06:30:08","guid":{"rendered":"http:\/\/new-tranthi.test\/san-pham\/xi-mang-kim-dinh-pc-40\/"},"modified":"2024-11-14T08:32:40","modified_gmt":"2024-11-14T01:32:40","slug":"xi-mang-kim-dinh-pc-40-quang-nam","status":"publish","type":"product","link":"https:\/\/tranthi.vn\/quangnam\/xi-mang-kim-dinh-pc-40-quang-nam\/","title":{"rendered":"Xi M\u0103ng Kim \u0110\u1ec9nh PCB 40"},"content":{"rendered":"<figure id=\"attachment_7631\" aria-describedby=\"caption-attachment-7631\" style=\"width: 413px\" class=\"wp-caption aligncenter\"><img loading=\"lazy\" decoding=\"async\" class=\" wp-image-7631\" src=\"https:\/\/tranthi.vn\/quangnam\/wp-content\/uploads\/2021\/02\/xi-mang-kim-dinh-tam-ky-hoi-an-quang-nam.png\" alt=\"xi m\u0103ng kim \u0111\u1ec9nh tam k\u1ef3- h\u1ed9i an- qu\u1ea3ng nam\" width=\"413\" height=\"295\" \/><figcaption id=\"caption-attachment-7631\" class=\"wp-caption-text\"><em>\u00a0 \u00a0 \u00a0 \u00a0 \u00a0 xi m\u0103ng kim \u0111\u1ec9nh tam k\u1ef3- h\u1ed9i an- qu\u1ea3ng nam<\/em><\/figcaption><\/figure>\n","protected":false},"excerpt":{"rendered":"<p><span style=\"font-family: 'times new roman', times, serif; font-size: 130%;\"><strong><em>\ud83e\udd70<\/em>\u1ee8ng d\u1ee5ng:<\/strong><\/span><\/p>\n<ul>\n<li><span style=\"font-family: 'times new roman', times, serif; font-size: 130%;\"><strong>T\u1ea5t c\u1ea3 c\u00e1c c\u00f4ng tr\u00ecnh d\u00e2n d\u1ee5ng v\u00e0 c\u00f4ng tr\u00ecnh c\u00f4ng nghi\u1ec7p.<\/strong><\/span><\/li>\n<li><span style=\"font-family: 'times new roman', times, serif; font-size: 130%;\"><strong>C\u00e1c c\u00f4ng tr\u00ecnh giao th\u00f4ng, th\u1ee7y l\u1ee3i, c\u00e1c c\u00f4ng tr\u00ecnh h\u1ea1 t\u1ea7ng c\u01a1 s\u1edf<\/strong><\/span><\/li>\n<li><span style=\"font-family: 'times new roman', times, serif; font-size: 130%;\"><strong>C\u00e1c c\u00f4ng tr\u00ecnh c\u00f3 y\u00eau c\u1ea7u v\u1ec1 c\u01b0\u1eddng \u0111\u1ed9 cao v\u00e0 ph\u00e1t tri\u1ec3n s\u1edbm.<\/strong><\/span><\/li>\n<\/ul>\n<p style=\"text-align: justify; background: white; margin: 0cm 0cm 15.6pt 0cm;\"><span style=\"font-family: 'times new roman', times, serif; font-size: 130%;\"><strong><i><span style=\"color: #333333;\">VD: c\u00e1c c\u00f4ng tr\u00ecnh \u0111\u01b0\u1eddng, x\u00e1, c\u1ea7u, c\u1ed1ng, k\u00eanh r\u1ea1ch, m\u01b0\u01a1ng, h\u1ea7m,\u2026 <\/span><\/i><\/strong><\/span><\/p>\n<p style=\"text-align: justify; background: white; margin: 0cm 0cm 15.6pt 0cm;\"><span style=\"font-family: 'times new roman', times, serif; font-size: 130%;\"><strong><i><span style=\"color: #333333;\">\u0111\u1ed5 b\u00ea t\u00f4ng d\u01b0ng l\u00e0m d\u1ef1 \u1ee9ng cho c\u1ea7u, \u0111\u01b0\u1eddng, c\u1ecdc ly t\u00e2m,\u2026<\/span><\/i><\/strong><\/span><\/p>\n<p><span style=\"font-family: 'times new roman', times, serif; font-size: 130%; color: #000000;\"><strong><em>\ud83e\udd70<\/em><\/strong> Giao h\u00e0ng trong \u0111\u1ecba b\u00e0n<a href=\"https:\/\/vi.wikipedia.org\/wiki\/Qu%E1%BA%A3ng_Nam\"><em><strong><span style=\"color: #008000;\"> Qu\u1ea3ng Nam<\/span><\/strong><\/em><\/a><\/span><\/p>\n<p><span style=\"font-family: 'times new roman', times, serif; font-size: 130%; color: #000000;\"><strong><em>\ud83e\udd70<\/em><\/strong> \u0110\u01a1n gi\u00e1<span style=\"color: #008000;\"> <em><strong><a style=\"color: #008000;\" href=\"https:\/\/www.yellowpages.vnn.vn\/pdetail\/1187767500\/xi_m%C4%83ng_kim_%C4%91%E1%BB%89nh.html\">xi m\u0103ng Kim \u0110\u1ec9nh PCB40<\/a><\/strong><\/em> <\/span>: <strong><span style=\"color: #ff0000;\">1.900.000\/t\u1ea5n<\/span><\/strong><\/span><\/p>\n<p><span style=\"font-family: 'times new roman', times, serif; font-size: 130%;\"><strong><em>\ud83e\udd70\u0110\u01a1n gi\u00e1 tr\u00ean ch\u1ec9 mang t\u00ednh ch\u1ea5t tham kh\u1ea3o. Gi\u00e1 c\u00f3 th\u1ec3 thay \u0111\u1ed5i theo t\u1eebng th\u1eddi \u0111i\u1ec3m.<\/em><\/strong><\/span><\/p>\n<p><span style=\"font-size: 130%; color: #0000ff; font-family: 'times new roman', times, serif;\"><em>\u0110\u01a1n gi\u00e1 tr\u00ean \u00e1p d\u1ee5ng t\u1eeb 5 t\u1ea5n tr\u1edf l\u00ean, t\u00f9y thu\u1ed9c v\u00e0o khu v\u1ef1c nh\u1eadn h\u00e0ng s\u1ebd c\u00f3 th\u00eam ph\u00ed v\u1eadn chuy\u1ec3n. D\u01b0\u1edbi 5 t\u1ea5n vui l\u00f2ng li\u00ean h\u1ec7 s\u1ed1 hotline: 0903.595.049<\/em><\/span><\/p>\n<p><span style=\"font-family: 'times new roman', times, serif; font-size: 130%; color: #000000;\"><em>Kh\u00f4ng bao g\u1ed3m h\u00f3a \u0111\u01a1n vat<\/em><\/span><\/p>\n","protected":false},"featured_media":2806,"comment_status":"open","ping_status":"closed","template":"","meta":[],"product_cat":[203,208,415],"product_tag":[],"class_list":{"0":"post-1548","1":"product","2":"type-product","3":"status-publish","4":"has-post-thumbnail","6":"product_cat-vat-lieu-xay-dung","7":"product_cat-xi-mang","8":"product_cat-xi-mang-kim-dinh","10":"first","11":"instock","12":"sale","13":"shipping-taxable","14":"purchasable","15":"product-type-simple"},"yoast_head":"<!-- This site is optimized with the Yoast SEO Premium plugin v22.3 (Yoast SEO v22.8) - https:\/\/yoast.com\/wordpress\/plugins\/seo\/ -->\n<title>Gi\u00e1 xi m\u0103ng kim \u0111\u1ec9nh pc40 t\u1ea1i Qu\u1ea3ng Nam-0947.335.871<\/title>\n<meta name=\"description\" content=\"Tr\u1ea7n Th\u1ecb l\u00e0 nh\u00e0 cung c\u1ea5p xi m\u0103ng kim \u0111\u1ec9nh pc40 gi\u00e1 r\u1ebb nh\u1ea5t Qu\u1ea3ng Nam-0947.335.871. Ph\u1ee5c v\u1ee5 t\u1eadn ch\u00e2n c\u00f4ng tr\u00ecnh v\u1edbi gi\u00e1 r\u1ebb nh\u1ea5t th\u1ecb tr\u01b0\u1eddng\" \/>\n<meta name=\"robots\" content=\"index, follow, max-snippet:-1, max-image-preview:large, max-video-preview:-1\" \/>\n<link rel=\"canonical\" href=\"https:\/\/tranthi.vn\/quangnam\/xi-mang-kim-dinh-pc-40-quang-nam\/\" \/>\n<meta property=\"og:locale\" content=\"vi_VN\" \/>\n<meta property=\"og:type\" content=\"article\" \/>\n<meta property=\"og:title\" content=\"Xi M\u0103ng Kim \u0110\u1ec9nh PCB 40\" \/>\n<meta property=\"og:description\" content=\"Tr\u1ea7n Th\u1ecb l\u00e0 nh\u00e0 cung c\u1ea5p xi m\u0103ng kim \u0111\u1ec9nh pc40 gi\u00e1 r\u1ebb nh\u1ea5t Qu\u1ea3ng Nam-0947.335.871. Ph\u1ee5c v\u1ee5 t\u1eadn ch\u00e2n c\u00f4ng tr\u00ecnh v\u1edbi gi\u00e1 r\u1ebb nh\u1ea5t th\u1ecb tr\u01b0\u1eddng\" \/>\n<meta property=\"og:url\" content=\"https:\/\/tranthi.vn\/quangnam\/xi-mang-kim-dinh-pc-40-quang-nam\/\" \/>\n<meta property=\"og:site_name\" content=\"V\u1eadt Li\u1ec7u X\u00e2y D\u1ef1ng Tr\u1ea7n Th\u1ecb Chi Nh\u00e1nh Qu\u1ea3ng Nam\" \/>\n<meta property=\"article:modified_time\" content=\"2024-11-14T01:32:40+00:00\" \/>\n<meta property=\"og:image\" content=\"https:\/\/tranthi.vn\/quangnam\/wp-content\/uploads\/2021\/02\/gia-xi-mang-kim-dinh-da-nang.jpg\" \/>\n\t<meta property=\"og:image:width\" content=\"250\" \/>\n\t<meta property=\"og:image:height\" content=\"250\" \/>\n\t<meta property=\"og:image:type\" content=\"image\/jpeg\" \/>\n<meta name=\"twitter:card\" content=\"summary_large_image\" \/>\n<meta name=\"twitter:label1\" content=\"Gi\u00e1\" \/>\n\t<meta name=\"twitter:data1\" content=\"1,900,000&nbsp;&#8363;\" \/>\n\t<meta name=\"twitter:label2\" content=\"Kh\u1ea3 d\u1ee5ng\" \/>\n\t<meta name=\"twitter:data2\" content=\"Trong kho\" \/>\n<script type=\"application\/ld+json\" class=\"yoast-schema-graph\">{\"@context\":\"https:\/\/schema.org\",\"@graph\":[{\"@type\":[\"WebPage\",\"ItemPage\"],\"@id\":\"https:\/\/tranthi.vn\/quangnam\/xi-mang-kim-dinh-pc-40-quang-nam\/\",\"url\":\"https:\/\/tranthi.vn\/quangnam\/xi-mang-kim-dinh-pc-40-quang-nam\/\",\"name\":\"Gi\u00e1 xi m\u0103ng kim \u0111\u1ec9nh pc40 t\u1ea1i Qu\u1ea3ng Nam-0947.335.871\",\"isPartOf\":{\"@id\":\"https:\/\/tranthi.vn\/quangnam\/#website\"},\"primaryImageOfPage\":{\"@id\":\"https:\/\/tranthi.vn\/quangnam\/xi-mang-kim-dinh-pc-40-quang-nam\/#primaryimage\"},\"image\":{\"@id\":\"https:\/\/tranthi.vn\/quangnam\/xi-mang-kim-dinh-pc-40-quang-nam\/#primaryimage\"},\"thumbnailUrl\":\"https:\/\/tranthi.vn\/quangnam\/wp-content\/uploads\/2021\/02\/gia-xi-mang-kim-dinh-da-nang.jpg\",\"datePublished\":\"2021-02-18T06:30:08+00:00\",\"dateModified\":\"2024-11-14T01:32:40+00:00\",\"description\":\"Tr\u1ea7n Th\u1ecb l\u00e0 nh\u00e0 cung c\u1ea5p xi m\u0103ng kim \u0111\u1ec9nh pc40 gi\u00e1 r\u1ebb nh\u1ea5t Qu\u1ea3ng Nam-0947.335.871. Ph\u1ee5c v\u1ee5 t\u1eadn ch\u00e2n c\u00f4ng tr\u00ecnh v\u1edbi gi\u00e1 r\u1ebb nh\u1ea5t th\u1ecb tr\u01b0\u1eddng\",\"breadcrumb\":{\"@id\":\"https:\/\/tranthi.vn\/quangnam\/xi-mang-kim-dinh-pc-40-quang-nam\/#breadcrumb\"},\"inLanguage\":\"vi\",\"potentialAction\":[{\"@type\":\"ReadAction\",\"target\":[\"https:\/\/tranthi.vn\/quangnam\/xi-mang-kim-dinh-pc-40-quang-nam\/\"]}]},{\"@type\":\"ImageObject\",\"inLanguage\":\"vi\",\"@id\":\"https:\/\/tranthi.vn\/quangnam\/xi-mang-kim-dinh-pc-40-quang-nam\/#primaryimage\",\"url\":\"https:\/\/tranthi.vn\/quangnam\/wp-content\/uploads\/2021\/02\/gia-xi-mang-kim-dinh-da-nang.jpg\",\"contentUrl\":\"https:\/\/tranthi.vn\/quangnam\/wp-content\/uploads\/2021\/02\/gia-xi-mang-kim-dinh-da-nang.jpg\",\"width\":250,\"height\":250,\"caption\":\"gi\u00e1 xi m\u0103ng kim \u0111\u1ec9nh \u0111\u00e0 n\u1eb5ng\"},{\"@type\":\"BreadcrumbList\",\"@id\":\"https:\/\/tranthi.vn\/quangnam\/xi-mang-kim-dinh-pc-40-quang-nam\/#breadcrumb\",\"itemListElement\":[{\"@type\":\"ListItem\",\"position\":1,\"name\":\"Trang ch\u1ee7\",\"item\":\"https:\/\/tranthi.vn\/quangnam\/\"},{\"@type\":\"ListItem\",\"position\":2,\"name\":\"Shop\",\"item\":\"https:\/\/tranthi.vn\/quangnam\/shop\/\"},{\"@type\":\"ListItem\",\"position\":3,\"name\":\"Xi M\u0103ng Kim \u0110\u1ec9nh PCB 40\"}]},{\"@type\":\"WebSite\",\"@id\":\"https:\/\/tranthi.vn\/quangnam\/#website\",\"url\":\"https:\/\/tranthi.vn\/quangnam\/\",\"name\":\"V\u1eadt Li\u1ec7u X\u00e2y D\u1ef1ng Tr\u1ea7n Th\u1ecb Chi Nh\u00e1nh Qu\u1ea3ng Nam\",\"description\":\"V\u1eadt Li\u1ec7u X\u00e2y D\u1ef1ng - Qu\u1ea3ng Nam\",\"potentialAction\":[{\"@type\":\"SearchAction\",\"target\":{\"@type\":\"EntryPoint\",\"urlTemplate\":\"https:\/\/tranthi.vn\/quangnam\/?s={search_term_string}\"},\"query-input\":\"required name=search_term_string\"}],\"inLanguage\":\"vi\"},{\"@type\":\"ImageObject\",\"inLanguage\":\"vi\",\"@id\":\"https:\/\/tranthi.vn\/quangnam\/xi-mang-kim-dinh-pc-40-quang-nam\/#local-main-organization-logo\",\"url\":\"\",\"contentUrl\":\"\",\"caption\":\"V\u1eadt Li\u1ec7u X\u00e2y D\u1ef1ng Tr\u1ea7n Th\u1ecb Chi Nh\u00e1nh Qu\u1ea3ng Nam\"}]}<\/script>\n<meta property=\"product:price:amount\" content=\"1900000\" \/>\n<meta property=\"product:price:currency\" content=\"VND\" \/>\n<meta property=\"og:availability\" content=\"instock\" \/>\n<meta property=\"product:availability\" content=\"instock\" \/>\n<meta property=\"product:condition\" content=\"new\" \/>\n<!-- \/ Yoast SEO Premium plugin. -->","yoast_head_json":{"title":"Gi\u00e1 xi m\u0103ng kim \u0111\u1ec9nh pc40 t\u1ea1i Qu\u1ea3ng Nam-0947.335.871","description":"Tr\u1ea7n Th\u1ecb l\u00e0 nh\u00e0 cung c\u1ea5p xi m\u0103ng kim \u0111\u1ec9nh pc40 gi\u00e1 r\u1ebb nh\u1ea5t Qu\u1ea3ng Nam-0947.335.871. Ph\u1ee5c v\u1ee5 t\u1eadn ch\u00e2n c\u00f4ng tr\u00ecnh v\u1edbi gi\u00e1 r\u1ebb nh\u1ea5t th\u1ecb tr\u01b0\u1eddng","robots":{"index":"index","follow":"follow","max-snippet":"max-snippet:-1","max-image-preview":"max-image-preview:large","max-video-preview":"max-video-preview:-1"},"canonical":"https:\/\/tranthi.vn\/quangnam\/xi-mang-kim-dinh-pc-40-quang-nam\/","og_locale":"vi_VN","og_type":"article","og_title":"Xi M\u0103ng Kim \u0110\u1ec9nh PCB 40","og_description":"Tr\u1ea7n Th\u1ecb l\u00e0 nh\u00e0 cung c\u1ea5p xi m\u0103ng kim \u0111\u1ec9nh pc40 gi\u00e1 r\u1ebb nh\u1ea5t Qu\u1ea3ng Nam-0947.335.871. Ph\u1ee5c v\u1ee5 t\u1eadn ch\u00e2n c\u00f4ng tr\u00ecnh v\u1edbi gi\u00e1 r\u1ebb nh\u1ea5t th\u1ecb tr\u01b0\u1eddng","og_url":"https:\/\/tranthi.vn\/quangnam\/xi-mang-kim-dinh-pc-40-quang-nam\/","og_site_name":"V\u1eadt Li\u1ec7u X\u00e2y D\u1ef1ng Tr\u1ea7n Th\u1ecb Chi Nh\u00e1nh Qu\u1ea3ng Nam","article_modified_time":"2024-11-14T01:32:40+00:00","og_image":[{"width":250,"height":250,"url":"https:\/\/tranthi.vn\/quangnam\/wp-content\/uploads\/2021\/02\/gia-xi-mang-kim-dinh-da-nang.jpg","type":"image\/jpeg"}],"twitter_card":"summary_large_image","twitter_misc":{"Gi\u00e1":"1,900,000&nbsp;&#8363;","Kh\u1ea3 d\u1ee5ng":"Trong kho"},"schema":{"@context":"https:\/\/schema.org","@graph":[{"@type":["WebPage","ItemPage"],"@id":"https:\/\/tranthi.vn\/quangnam\/xi-mang-kim-dinh-pc-40-quang-nam\/","url":"https:\/\/tranthi.vn\/quangnam\/xi-mang-kim-dinh-pc-40-quang-nam\/","name":"Gi\u00e1 xi m\u0103ng kim \u0111\u1ec9nh pc40 t\u1ea1i Qu\u1ea3ng Nam-0947.335.871","isPartOf":{"@id":"https:\/\/tranthi.vn\/quangnam\/#website"},"primaryImageOfPage":{"@id":"https:\/\/tranthi.vn\/quangnam\/xi-mang-kim-dinh-pc-40-quang-nam\/#primaryimage"},"image":{"@id":"https:\/\/tranthi.vn\/quangnam\/xi-mang-kim-dinh-pc-40-quang-nam\/#primaryimage"},"thumbnailUrl":"https:\/\/tranthi.vn\/quangnam\/wp-content\/uploads\/2021\/02\/gia-xi-mang-kim-dinh-da-nang.jpg","datePublished":"2021-02-18T06:30:08+00:00","dateModified":"2024-11-14T01:32:40+00:00","description":"Tr\u1ea7n Th\u1ecb l\u00e0 nh\u00e0 cung c\u1ea5p xi m\u0103ng kim \u0111\u1ec9nh pc40 gi\u00e1 r\u1ebb nh\u1ea5t Qu\u1ea3ng Nam-0947.335.871. Ph\u1ee5c v\u1ee5 t\u1eadn ch\u00e2n c\u00f4ng tr\u00ecnh v\u1edbi gi\u00e1 r\u1ebb nh\u1ea5t th\u1ecb tr\u01b0\u1eddng","breadcrumb":{"@id":"https:\/\/tranthi.vn\/quangnam\/xi-mang-kim-dinh-pc-40-quang-nam\/#breadcrumb"},"inLanguage":"vi","potentialAction":[{"@type":"ReadAction","target":["https:\/\/tranthi.vn\/quangnam\/xi-mang-kim-dinh-pc-40-quang-nam\/"]}]},{"@type":"ImageObject","inLanguage":"vi","@id":"https:\/\/tranthi.vn\/quangnam\/xi-mang-kim-dinh-pc-40-quang-nam\/#primaryimage","url":"https:\/\/tranthi.vn\/quangnam\/wp-content\/uploads\/2021\/02\/gia-xi-mang-kim-dinh-da-nang.jpg","contentUrl":"https:\/\/tranthi.vn\/quangnam\/wp-content\/uploads\/2021\/02\/gia-xi-mang-kim-dinh-da-nang.jpg","width":250,"height":250,"caption":"gi\u00e1 xi m\u0103ng kim \u0111\u1ec9nh \u0111\u00e0 n\u1eb5ng"},{"@type":"BreadcrumbList","@id":"https:\/\/tranthi.vn\/quangnam\/xi-mang-kim-dinh-pc-40-quang-nam\/#breadcrumb","itemListElement":[{"@type":"ListItem","position":1,"name":"Trang ch\u1ee7","item":"https:\/\/tranthi.vn\/quangnam\/"},{"@type":"ListItem","position":2,"name":"Shop","item":"https:\/\/tranthi.vn\/quangnam\/shop\/"},{"@type":"ListItem","position":3,"name":"Xi M\u0103ng Kim \u0110\u1ec9nh PCB 40"}]},{"@type":"WebSite","@id":"https:\/\/tranthi.vn\/quangnam\/#website","url":"https:\/\/tranthi.vn\/quangnam\/","name":"V\u1eadt Li\u1ec7u X\u00e2y D\u1ef1ng Tr\u1ea7n Th\u1ecb Chi Nh\u00e1nh Qu\u1ea3ng Nam","description":"V\u1eadt Li\u1ec7u X\u00e2y D\u1ef1ng - Qu\u1ea3ng Nam","potentialAction":[{"@type":"SearchAction","target":{"@type":"EntryPoint","urlTemplate":"https:\/\/tranthi.vn\/quangnam\/?s={search_term_string}"},"query-input":"required name=search_term_string"}],"inLanguage":"vi"},{"@type":"ImageObject","inLanguage":"vi","@id":"https:\/\/tranthi.vn\/quangnam\/xi-mang-kim-dinh-pc-40-quang-nam\/#local-main-organization-logo","url":"","contentUrl":"","caption":"V\u1eadt Li\u1ec7u X\u00e2y D\u1ef1ng Tr\u1ea7n Th\u1ecb Chi Nh\u00e1nh Qu\u1ea3ng Nam"}]},"product_price_amount":"1900000","product_price_currency":"VND","og_availability":"instock","product_availability":"instock","product_condition":"new"},"_links":{"self":[{"href":"https:\/\/tranthi.vn\/quangnam\/wp-json\/wp\/v2\/product\/1548","targetHints":{"allow":["GET"]}}],"collection":[{"href":"https:\/\/tranthi.vn\/quangnam\/wp-json\/wp\/v2\/product"}],"about":[{"href":"https:\/\/tranthi.vn\/quangnam\/wp-json\/wp\/v2\/types\/product"}],"replies":[{"embeddable":true,"href":"https:\/\/tranthi.vn\/quangnam\/wp-json\/wp\/v2\/comments?post=1548"}],"wp:featuredmedia":[{"embeddable":true,"href":"https:\/\/tranthi.vn\/quangnam\/wp-json\/wp\/v2\/media\/2806"}],"wp:attachment":[{"href":"https:\/\/tranthi.vn\/quangnam\/wp-json\/wp\/v2\/media?parent=1548"}],"wp:term":[{"taxonomy":"product_cat","embeddable":true,"href":"https:\/\/tranthi.vn\/quangnam\/wp-json\/wp\/v2\/product_cat?post=1548"},{"taxonomy":"product_tag","embeddable":true,"href":"https:\/\/tranthi.vn\/quangnam\/wp-json\/wp\/v2\/product_tag?post=1548"}],"curies":[{"name":"wp","href":"https:\/\/api.w.org\/{rel}","templated":true}]}}