{"id":1543,"date":"2021-02-17T17:44:27","date_gmt":"2021-02-17T17:44:27","guid":{"rendered":"http:\/\/new-tranthi.test\/san-pham\/tranh-son-dau-bt14\/"},"modified":"2021-02-17T17:44:47","modified_gmt":"2021-02-17T17:44:47","slug":"tranh-son-dau-bt14","status":"publish","type":"product","link":"https:\/\/tranthi.vn\/quangnam\/tranh-son-dau-bt14\/","title":{"rendered":"Tranh S\u01a1n D\u1ea7u BT14"},"content":{"rendered":"","protected":false},"excerpt":{"rendered":"<p><span style=\"font-family: 'times new roman', times, serif;\"><img decoding=\"async\" class=\"emoji\" draggable=\"false\" src=\"https:\/\/s.w.org\/images\/core\/emoji\/12.0.0-1\/svg\/1f61b.svg\" alt=\"&#x1f61b;\" \/><span style=\"font-size: 14pt; color: #000000;\">\u00a0Giao h\u00e0ng trong \u0111\u1ecba b\u00e0n\u00a0<span style=\"color: #008000;\"><a style=\"color: #008000;\" href=\"https:\/\/danang.gov.vn\/\"><strong>\u0110\u00e0 N\u1eb5ng<\/strong><\/a><\/span><\/span><\/span><\/p>\n<p><span style=\"font-family: 'times new roman', times, serif; font-size: 14pt; color: #000000;\"><img decoding=\"async\" class=\"emoji\" draggable=\"false\" src=\"https:\/\/s.w.org\/images\/core\/emoji\/12.0.0-1\/svg\/1f61b.svg\" alt=\"&#x1f61b;\" \/>\u00a0K\u00edch th\u01b0\u1edbc<\/span><\/p>\n<p><span style=\"font-family: 'times new roman', times, serif; font-size: 14pt; color: #000000;\">+ 60x69cm gi\u00e1:\u00a0<span style=\"color: #ff0000;\"><strong>960.000\/ b\u1ee9c<\/strong><\/span><\/span><\/p>\n<p><span style=\"font-family: 'times new roman', times, serif; font-size: 14pt; color: #000000;\">+ 50x70cm gi\u00e1:\u00a0<span style=\"color: #ff0000;\"><strong>1.200.000\/b\u1ee9c<\/strong><\/span><\/span><\/p>\n<p><span style=\"font-family: 'times new roman', times, serif; font-size: 14pt; color: #000000;\">+ 60x80cm gi\u00e1:<strong>\u00a0<span style=\"color: #ff0000;\">1.440.000\/ b\u1ee9c<\/span><\/strong><\/span><\/p>\n<p><span style=\"font-family: 'times new roman', times, serif; font-size: 14pt; color: #000000;\"><img decoding=\"async\" class=\"emoji\" draggable=\"false\" src=\"https:\/\/s.w.org\/images\/core\/emoji\/12.0.0-1\/svg\/1f61b.svg\" alt=\"&#x1f61b;\" \/>\u00a0S\u1ed1 l\u01b0\u1ee3ng t\u1eeb hai tranh tr\u1edf l\u00ean gi\u1ea3m 10.000\/b\u1ee9c<\/span><\/p>\n<p><span style=\"font-family: 'times new roman', times, serif; font-size: 14pt; color: #000000;\"><em><b>Tranh s\u01a1n d\u1ea7u<\/b>\u00a0l\u00e0 qu\u00e1 tr\u00ecnh\u00a0v\u1ebd\u00a0b\u1eb1ng\u00a0b\u1ed9t m\u00e0u\u00a0v\u1edbi m\u00f4i tr\u01b0\u1eddng d\u1ea7u kh\u00f4 l\u00e0m ch\u1ea5t k\u1ebft d\u00ednh. C\u00e1c lo\u1ea1i d\u1ea7u s\u1ea5y th\u01b0\u1eddng \u0111\u01b0\u1ee3c s\u1eed d\u1ee5ng bao g\u1ed3m\u00a0d\u1ea7u h\u1ea1t lanh, d\u1ea7u h\u1ea1t\u00a0anh t\u00fac, d\u1ea7u\u00a0\u00f3c ch\u00f3\u00a0v\u00e0 d\u1ea7u\u00a0c\u00e2y rum. S\u1ef1 l\u1ef1a ch\u1ecdn c\u1ee7a d\u1ea7u t\u1ea1o ra m\u1ed9t lo\u1ea1t c\u00e1c t\u00ednh ch\u1ea5t cho\u00a0s\u01a1n d\u1ea7u, ch\u1eb3ng h\u1ea1n nh\u01b0 l\u01b0\u1ee3ng m\u00e0u v\u00e0ng ho\u1eb7c th\u1eddi gian kh\u00f4. M\u1ed9t s\u1ed1 kh\u00e1c bi\u1ec7t, t\u00f9y thu\u1ed9c v\u00e0o d\u1ea7u, c\u0169ng c\u00f3 th\u1ec3 nh\u00ecn th\u1ea5y trong \u00e1nh s\u00e1ng c\u1ee7a s\u01a1n.<\/em><\/span><\/p>\n","protected":false},"featured_media":1542,"comment_status":"open","ping_status":"closed","template":"","meta":[],"product_cat":[197,200],"product_tag":[],"class_list":{"0":"post-1543","1":"product","2":"type-product","3":"status-publish","4":"has-post-thumbnail","6":"product_cat-tranh-nghe-thuat","7":"product_cat-tranh-son-dau","9":"first","10":"instock","11":"sale","12":"shipping-taxable","13":"purchasable","14":"product-type-simple"},"yoast_head":"<!-- This site is optimized with the Yoast SEO Premium plugin v22.3 (Yoast SEO v22.8) - https:\/\/yoast.com\/wordpress\/plugins\/seo\/ -->\n<title>Tranh S\u01a1n D\u1ea7u BT14 - V\u1eadt Li\u1ec7u X\u00e2y D\u1ef1ng Tr\u1ea7n Th\u1ecb Chi Nh\u00e1nh Qu\u1ea3ng Nam<\/title>\n<meta name=\"robots\" content=\"index, follow, max-snippet:-1, max-image-preview:large, max-video-preview:-1\" \/>\n<link rel=\"canonical\" href=\"https:\/\/tranthi.vn\/quangnam\/tranh-son-dau-bt14\/\" \/>\n<meta property=\"og:locale\" content=\"vi_VN\" \/>\n<meta property=\"og:type\" content=\"article\" \/>\n<meta property=\"og:title\" content=\"Tranh S\u01a1n D\u1ea7u BT14\" \/>\n<meta property=\"og:description\" content=\"\u00a0Giao h\u00e0ng trong \u0111\u1ecba b\u00e0n\u00a0\u0110\u00e0 N\u1eb5ng  \u00a0K\u00edch th\u01b0\u1edbc  + 60x69cm gi\u00e1:\u00a0960.000\/ b\u1ee9c  + 50x70cm gi\u00e1:\u00a01.200.000\/b\u1ee9c  + 60x80cm gi\u00e1:\u00a01.440.000\/ b\u1ee9c  \u00a0S\u1ed1 l\u01b0\u1ee3ng t\u1eeb hai tranh tr\u1edf l\u00ean gi\u1ea3m 10.000\/b\u1ee9c  Tranh s\u01a1n d\u1ea7u\u00a0l\u00e0 qu\u00e1 tr\u00ecnh\u00a0v\u1ebd\u00a0b\u1eb1ng\u00a0b\u1ed9t m\u00e0u\u00a0v\u1edbi m\u00f4i tr\u01b0\u1eddng d\u1ea7u kh\u00f4 l\u00e0m ch\u1ea5t k\u1ebft d\u00ednh. C\u00e1c lo\u1ea1i d\u1ea7u s\u1ea5y th\u01b0\u1eddng \u0111\u01b0\u1ee3c s\u1eed d\u1ee5ng bao g\u1ed3m\u00a0d\u1ea7u h\u1ea1t lanh, d\u1ea7u h\u1ea1t\u00a0anh t\u00fac, d\u1ea7u\u00a0\u00f3c ch\u00f3\u00a0v\u00e0 d\u1ea7u\u00a0c\u00e2y rum. S\u1ef1 l\u1ef1a ch\u1ecdn c\u1ee7a d\u1ea7u t\u1ea1o ra m\u1ed9t lo\u1ea1t c\u00e1c t\u00ednh ch\u1ea5t cho\u00a0s\u01a1n d\u1ea7u, ch\u1eb3ng h\u1ea1n nh\u01b0 l\u01b0\u1ee3ng m\u00e0u v\u00e0ng ho\u1eb7c th\u1eddi gian kh\u00f4. M\u1ed9t s\u1ed1 kh\u00e1c bi\u1ec7t, t\u00f9y thu\u1ed9c v\u00e0o d\u1ea7u, c\u0169ng c\u00f3 th\u1ec3 nh\u00ecn th\u1ea5y trong \u00e1nh s\u00e1ng c\u1ee7a s\u01a1n.\" \/>\n<meta property=\"og:url\" content=\"https:\/\/tranthi.vn\/quangnam\/tranh-son-dau-bt14\/\" \/>\n<meta property=\"og:site_name\" content=\"V\u1eadt Li\u1ec7u X\u00e2y D\u1ef1ng Tr\u1ea7n Th\u1ecb Chi Nh\u00e1nh Qu\u1ea3ng Nam\" \/>\n<meta property=\"article:modified_time\" content=\"2021-02-17T17:44:47+00:00\" \/>\n<meta property=\"og:image\" content=\"https:\/\/tranthi.vn\/quangnam\/wp-content\/uploads\/2021\/02\/tranh-son-dau-BT14.jpg\" \/>\n\t<meta property=\"og:image:width\" content=\"450\" \/>\n\t<meta property=\"og:image:height\" content=\"450\" \/>\n\t<meta property=\"og:image:type\" content=\"image\/jpeg\" \/>\n<meta name=\"twitter:card\" content=\"summary_large_image\" \/>\n<meta name=\"twitter:label1\" content=\"Gi\u00e1\" \/>\n\t<meta name=\"twitter:data1\" content=\"960,000&nbsp;&#8363;\" \/>\n\t<meta name=\"twitter:label2\" content=\"Kh\u1ea3 d\u1ee5ng\" \/>\n\t<meta name=\"twitter:data2\" content=\"Trong kho\" \/>\n<script type=\"application\/ld+json\" class=\"yoast-schema-graph\">{\"@context\":\"https:\/\/schema.org\",\"@graph\":[{\"@type\":[\"WebPage\",\"ItemPage\"],\"@id\":\"https:\/\/tranthi.vn\/quangnam\/tranh-son-dau-bt14\/\",\"url\":\"https:\/\/tranthi.vn\/quangnam\/tranh-son-dau-bt14\/\",\"name\":\"Tranh S\u01a1n D\u1ea7u BT14 - V\u1eadt Li\u1ec7u X\u00e2y D\u1ef1ng Tr\u1ea7n Th\u1ecb Chi Nh\u00e1nh Qu\u1ea3ng Nam\",\"isPartOf\":{\"@id\":\"https:\/\/tranthi.vn\/quangnam\/#website\"},\"primaryImageOfPage\":{\"@id\":\"https:\/\/tranthi.vn\/quangnam\/tranh-son-dau-bt14\/#primaryimage\"},\"image\":{\"@id\":\"https:\/\/tranthi.vn\/quangnam\/tranh-son-dau-bt14\/#primaryimage\"},\"thumbnailUrl\":\"https:\/\/tranthi.vn\/quangnam\/wp-content\/uploads\/2021\/02\/tranh-son-dau-BT14.jpg\",\"datePublished\":\"2021-02-17T17:44:27+00:00\",\"dateModified\":\"2021-02-17T17:44:47+00:00\",\"breadcrumb\":{\"@id\":\"https:\/\/tranthi.vn\/quangnam\/tranh-son-dau-bt14\/#breadcrumb\"},\"inLanguage\":\"vi\",\"potentialAction\":[{\"@type\":\"ReadAction\",\"target\":[\"https:\/\/tranthi.vn\/quangnam\/tranh-son-dau-bt14\/\"]}]},{\"@type\":\"ImageObject\",\"inLanguage\":\"vi\",\"@id\":\"https:\/\/tranthi.vn\/quangnam\/tranh-son-dau-bt14\/#primaryimage\",\"url\":\"https:\/\/tranthi.vn\/quangnam\/wp-content\/uploads\/2021\/02\/tranh-son-dau-BT14.jpg\",\"contentUrl\":\"https:\/\/tranthi.vn\/quangnam\/wp-content\/uploads\/2021\/02\/tranh-son-dau-BT14.jpg\",\"width\":450,\"height\":450},{\"@type\":\"BreadcrumbList\",\"@id\":\"https:\/\/tranthi.vn\/quangnam\/tranh-son-dau-bt14\/#breadcrumb\",\"itemListElement\":[{\"@type\":\"ListItem\",\"position\":1,\"name\":\"Trang ch\u1ee7\",\"item\":\"https:\/\/tranthi.vn\/quangnam\/\"},{\"@type\":\"ListItem\",\"position\":2,\"name\":\"Shop\",\"item\":\"https:\/\/tranthi.vn\/quangnam\/shop\/\"},{\"@type\":\"ListItem\",\"position\":3,\"name\":\"Tranh S\u01a1n D\u1ea7u BT14\"}]},{\"@type\":\"WebSite\",\"@id\":\"https:\/\/tranthi.vn\/quangnam\/#website\",\"url\":\"https:\/\/tranthi.vn\/quangnam\/\",\"name\":\"V\u1eadt Li\u1ec7u X\u00e2y D\u1ef1ng Tr\u1ea7n Th\u1ecb Chi Nh\u00e1nh Qu\u1ea3ng Nam\",\"description\":\"V\u1eadt Li\u1ec7u X\u00e2y D\u1ef1ng - Qu\u1ea3ng Nam\",\"potentialAction\":[{\"@type\":\"SearchAction\",\"target\":{\"@type\":\"EntryPoint\",\"urlTemplate\":\"https:\/\/tranthi.vn\/quangnam\/?s={search_term_string}\"},\"query-input\":\"required name=search_term_string\"}],\"inLanguage\":\"vi\"},{\"@type\":\"ImageObject\",\"inLanguage\":\"vi\",\"@id\":\"https:\/\/tranthi.vn\/quangnam\/tranh-son-dau-bt14\/#local-main-organization-logo\",\"url\":\"\",\"contentUrl\":\"\",\"caption\":\"V\u1eadt Li\u1ec7u X\u00e2y D\u1ef1ng Tr\u1ea7n Th\u1ecb Chi Nh\u00e1nh Qu\u1ea3ng Nam\"}]}<\/script>\n<meta property=\"product:price:amount\" content=\"960000\" \/>\n<meta property=\"product:price:currency\" content=\"VND\" \/>\n<meta property=\"og:availability\" content=\"instock\" \/>\n<meta property=\"product:availability\" content=\"instock\" \/>\n<meta property=\"product:condition\" content=\"new\" \/>\n<!-- \/ Yoast SEO Premium plugin. -->","yoast_head_json":{"title":"Tranh S\u01a1n D\u1ea7u BT14 - V\u1eadt Li\u1ec7u X\u00e2y D\u1ef1ng Tr\u1ea7n Th\u1ecb Chi Nh\u00e1nh Qu\u1ea3ng Nam","robots":{"index":"index","follow":"follow","max-snippet":"max-snippet:-1","max-image-preview":"max-image-preview:large","max-video-preview":"max-video-preview:-1"},"canonical":"https:\/\/tranthi.vn\/quangnam\/tranh-son-dau-bt14\/","og_locale":"vi_VN","og_type":"article","og_title":"Tranh S\u01a1n D\u1ea7u BT14","og_description":"\u00a0Giao h\u00e0ng trong \u0111\u1ecba b\u00e0n\u00a0\u0110\u00e0 N\u1eb5ng  \u00a0K\u00edch th\u01b0\u1edbc  + 60x69cm gi\u00e1:\u00a0960.000\/ b\u1ee9c  + 50x70cm gi\u00e1:\u00a01.200.000\/b\u1ee9c  + 60x80cm gi\u00e1:\u00a01.440.000\/ b\u1ee9c  \u00a0S\u1ed1 l\u01b0\u1ee3ng t\u1eeb hai tranh tr\u1edf l\u00ean gi\u1ea3m 10.000\/b\u1ee9c  Tranh s\u01a1n d\u1ea7u\u00a0l\u00e0 qu\u00e1 tr\u00ecnh\u00a0v\u1ebd\u00a0b\u1eb1ng\u00a0b\u1ed9t m\u00e0u\u00a0v\u1edbi m\u00f4i tr\u01b0\u1eddng d\u1ea7u kh\u00f4 l\u00e0m ch\u1ea5t k\u1ebft d\u00ednh. C\u00e1c lo\u1ea1i d\u1ea7u s\u1ea5y th\u01b0\u1eddng \u0111\u01b0\u1ee3c s\u1eed d\u1ee5ng bao g\u1ed3m\u00a0d\u1ea7u h\u1ea1t lanh, d\u1ea7u h\u1ea1t\u00a0anh t\u00fac, d\u1ea7u\u00a0\u00f3c ch\u00f3\u00a0v\u00e0 d\u1ea7u\u00a0c\u00e2y rum. S\u1ef1 l\u1ef1a ch\u1ecdn c\u1ee7a d\u1ea7u t\u1ea1o ra m\u1ed9t lo\u1ea1t c\u00e1c t\u00ednh ch\u1ea5t cho\u00a0s\u01a1n d\u1ea7u, ch\u1eb3ng h\u1ea1n nh\u01b0 l\u01b0\u1ee3ng m\u00e0u v\u00e0ng ho\u1eb7c th\u1eddi gian kh\u00f4. M\u1ed9t s\u1ed1 kh\u00e1c bi\u1ec7t, t\u00f9y thu\u1ed9c v\u00e0o d\u1ea7u, c\u0169ng c\u00f3 th\u1ec3 nh\u00ecn th\u1ea5y trong \u00e1nh s\u00e1ng c\u1ee7a s\u01a1n.","og_url":"https:\/\/tranthi.vn\/quangnam\/tranh-son-dau-bt14\/","og_site_name":"V\u1eadt Li\u1ec7u X\u00e2y D\u1ef1ng Tr\u1ea7n Th\u1ecb Chi Nh\u00e1nh Qu\u1ea3ng Nam","article_modified_time":"2021-02-17T17:44:47+00:00","og_image":[{"width":450,"height":450,"url":"https:\/\/tranthi.vn\/quangnam\/wp-content\/uploads\/2021\/02\/tranh-son-dau-BT14.jpg","type":"image\/jpeg"}],"twitter_card":"summary_large_image","twitter_misc":{"Gi\u00e1":"960,000&nbsp;&#8363;","Kh\u1ea3 d\u1ee5ng":"Trong kho"},"schema":{"@context":"https:\/\/schema.org","@graph":[{"@type":["WebPage","ItemPage"],"@id":"https:\/\/tranthi.vn\/quangnam\/tranh-son-dau-bt14\/","url":"https:\/\/tranthi.vn\/quangnam\/tranh-son-dau-bt14\/","name":"Tranh S\u01a1n D\u1ea7u BT14 - V\u1eadt Li\u1ec7u X\u00e2y D\u1ef1ng Tr\u1ea7n Th\u1ecb Chi Nh\u00e1nh Qu\u1ea3ng Nam","isPartOf":{"@id":"https:\/\/tranthi.vn\/quangnam\/#website"},"primaryImageOfPage":{"@id":"https:\/\/tranthi.vn\/quangnam\/tranh-son-dau-bt14\/#primaryimage"},"image":{"@id":"https:\/\/tranthi.vn\/quangnam\/tranh-son-dau-bt14\/#primaryimage"},"thumbnailUrl":"https:\/\/tranthi.vn\/quangnam\/wp-content\/uploads\/2021\/02\/tranh-son-dau-BT14.jpg","datePublished":"2021-02-17T17:44:27+00:00","dateModified":"2021-02-17T17:44:47+00:00","breadcrumb":{"@id":"https:\/\/tranthi.vn\/quangnam\/tranh-son-dau-bt14\/#breadcrumb"},"inLanguage":"vi","potentialAction":[{"@type":"ReadAction","target":["https:\/\/tranthi.vn\/quangnam\/tranh-son-dau-bt14\/"]}]},{"@type":"ImageObject","inLanguage":"vi","@id":"https:\/\/tranthi.vn\/quangnam\/tranh-son-dau-bt14\/#primaryimage","url":"https:\/\/tranthi.vn\/quangnam\/wp-content\/uploads\/2021\/02\/tranh-son-dau-BT14.jpg","contentUrl":"https:\/\/tranthi.vn\/quangnam\/wp-content\/uploads\/2021\/02\/tranh-son-dau-BT14.jpg","width":450,"height":450},{"@type":"BreadcrumbList","@id":"https:\/\/tranthi.vn\/quangnam\/tranh-son-dau-bt14\/#breadcrumb","itemListElement":[{"@type":"ListItem","position":1,"name":"Trang ch\u1ee7","item":"https:\/\/tranthi.vn\/quangnam\/"},{"@type":"ListItem","position":2,"name":"Shop","item":"https:\/\/tranthi.vn\/quangnam\/shop\/"},{"@type":"ListItem","position":3,"name":"Tranh S\u01a1n D\u1ea7u BT14"}]},{"@type":"WebSite","@id":"https:\/\/tranthi.vn\/quangnam\/#website","url":"https:\/\/tranthi.vn\/quangnam\/","name":"V\u1eadt Li\u1ec7u X\u00e2y D\u1ef1ng Tr\u1ea7n Th\u1ecb Chi Nh\u00e1nh Qu\u1ea3ng Nam","description":"V\u1eadt Li\u1ec7u X\u00e2y D\u1ef1ng - Qu\u1ea3ng Nam","potentialAction":[{"@type":"SearchAction","target":{"@type":"EntryPoint","urlTemplate":"https:\/\/tranthi.vn\/quangnam\/?s={search_term_string}"},"query-input":"required name=search_term_string"}],"inLanguage":"vi"},{"@type":"ImageObject","inLanguage":"vi","@id":"https:\/\/tranthi.vn\/quangnam\/tranh-son-dau-bt14\/#local-main-organization-logo","url":"","contentUrl":"","caption":"V\u1eadt Li\u1ec7u X\u00e2y D\u1ef1ng Tr\u1ea7n Th\u1ecb Chi Nh\u00e1nh Qu\u1ea3ng Nam"}]},"product_price_amount":"960000","product_price_currency":"VND","og_availability":"instock","product_availability":"instock","product_condition":"new"},"_links":{"self":[{"href":"https:\/\/tranthi.vn\/quangnam\/wp-json\/wp\/v2\/product\/1543","targetHints":{"allow":["GET"]}}],"collection":[{"href":"https:\/\/tranthi.vn\/quangnam\/wp-json\/wp\/v2\/product"}],"about":[{"href":"https:\/\/tranthi.vn\/quangnam\/wp-json\/wp\/v2\/types\/product"}],"replies":[{"embeddable":true,"href":"https:\/\/tranthi.vn\/quangnam\/wp-json\/wp\/v2\/comments?post=1543"}],"wp:featuredmedia":[{"embeddable":true,"href":"https:\/\/tranthi.vn\/quangnam\/wp-json\/wp\/v2\/media\/1542"}],"wp:attachment":[{"href":"https:\/\/tranthi.vn\/quangnam\/wp-json\/wp\/v2\/media?parent=1543"}],"wp:term":[{"taxonomy":"product_cat","embeddable":true,"href":"https:\/\/tranthi.vn\/quangnam\/wp-json\/wp\/v2\/product_cat?post=1543"},{"taxonomy":"product_tag","embeddable":true,"href":"https:\/\/tranthi.vn\/quangnam\/wp-json\/wp\/v2\/product_tag?post=1543"}],"curies":[{"name":"wp","href":"https:\/\/api.w.org\/{rel}","templated":true}]}}