{"id":1534,"date":"2021-02-17T17:44:14","date_gmt":"2021-02-17T10:44:14","guid":{"rendered":"http:\/\/new-tranthi.test\/san-pham\/son-chong-tham-jotun-waterguard-co-mau-thung-17l\/"},"modified":"2024-06-13T09:08:51","modified_gmt":"2024-06-13T02:08:51","slug":"gia-son-chong-tham-mau-jotun-waterguard-da-nang","status":"publish","type":"product","link":"https:\/\/tranthi.vn\/quangnam\/gia-son-chong-tham-mau-jotun-waterguard-da-nang\/","title":{"rendered":"S\u01a1n ch\u1ed1ng th\u1ea5m Jotun Waterguard-x\u00e1m \u0111\u1eadm 20kg"},"content":{"rendered":"<h1 style=\"text-align: center;\"><span style=\"color: #008000;\"><strong><span style=\"font-family: 'times new roman', times, serif; font-size: 18pt;\">S\u01a0N CH\u1ed0NG TH\u1ea4M JOTUN WEATHERGARD<\/span><\/strong><\/span><\/h1>\n<p><span style=\"font-family: 'times new roman', times, serif; font-size: 14pt;\"><strong><span style=\"color: #008000;\"><em>S\u01a1n ch\u1ed1ng th\u1ea5m\u00a0Jotun WaterGuard<\/em><\/span>\u00a0<\/strong><span style=\"color: #000000;\">b\u1ea3o v\u1ec7 t\u01b0\u1eddng kh\u1ecfi s\u1ef1 x\u00e2m nh\u1eadp c\u1ee7a n\u01b0\u1edbc. V\u1edbi c\u00f4ng th\u1ee9c ch\u1ed1ng th\u1ea5m ti\u00ean ti\u1ebfn gi\u00fap ng\u0103n ch\u1eb7n s\u1ef1 th\u1ea5m n\u01b0\u1edbc, s\u1ef1 ph\u00e1t tri\u1ec3n c\u1ee7a n\u1ea5m m\u1ed1c v\u00e0 b\u1ea3o v\u1ec7 m\u00e0ng s\u01a1n kh\u00f4ng b\u1ecb h\u01b0 h\u1ea1i.<\/span><\/span><\/p>\n<h2><span style=\"font-family: 'times new roman', times, serif; font-size: 14pt;\"><strong><span style=\"color: #ff0000;\">1.\u01afU \u0110I\u1ec2M N\u1ed4I B\u1eacT C\u1ee6A S\u01a0N CH\u1ed0NG TH\u1ea4M WEATHERGARD:<\/span>\u00a0\u00a0<\/strong><\/span><\/h2>\n<p><span style=\"font-family: 'times new roman', times, serif; font-size: 14pt; color: #000000;\">\u2013 Ch\u1ed1ng th\u1ea5m t\u1ed1i \u01b0u: t\u01b0\u1eddng nh\u00e0 \u0111\u01b0\u1ee3c b\u1ea3o v\u1ec7 ng\u0103n ch\u1eb7n s\u1ef1 th\u1ea5m n\u01b0\u1edbc, \u0111\u1ea3m b\u1ea3o m\u00e0ng s\u01a1n lu\u00f4n \u0111\u1eb9p theo th\u1eddi gian<\/span><\/p>\n<p><span style=\"font-family: 'times new roman', times, serif; font-size: 14pt; color: #000000;\">\u2013 \u0110\u1ed9 \u0111\u00e0n h\u1ed3i cao: che ph\u1ee7 v\u1ebft n\u1ee9t nh\u1ecf, ng\u0103n n\u01b0\u1edbc th\u1ea5m v\u00e0o t\u01b0\u1eddng.<\/span><\/p>\n<p><span style=\"font-family: 'times new roman', times, serif; font-size: 14pt; color: #000000;\">\u2013 D\u1ec5 thi c\u00f4ng: s\u1ea3n ph\u1ea9m kh\u00f4ng c\u1ea7n pha v\u1edbi xi m\u0103ng v\u00e0 d\u1ec5 s\u1eed d\u1ee5ng.<\/span><\/p>\n<p><span style=\"font-family: 'times new roman', times, serif; font-size: 14pt; color: #000000;\">\u2013 \u0110\u00f3ng g\u00f3i: 6kg, 20kg<\/span><\/p>\n<p><span style=\"font-family: 'times new roman', times, serif; font-size: 14pt; color: #000000;\"><strong>M\u00c0U S\u1eaeC:<\/strong>\u00a0 X\u00e1m \u0111\u1eadm, x\u00e1m nh\u1ea1t, v\u00e0ng nh\u1ea1t<\/span><\/p>\n<p><span style=\"font-family: 'times new roman', times, serif; font-size: 14pt;\"><img loading=\"lazy\" decoding=\"async\" class=\"size-full wp-image-4018 aligncenter\" src=\"http:\/\/tranthi.vn\/quangnam\/wp-content\/uploads\/2019\/03\/S\u01a1n-ch\u1ed1ng-th\u1ea5m-m\u00e0u-Jotun-Waterguard-1-1.jpg\" alt=\"\" width=\"400\" height=\"400\" \/><\/span><\/p>\n<p style=\"text-align: center;\"><span style=\"font-family: 'times new roman', times, serif; font-size: 14pt;\"><em><span style=\"color: #993300;\">S\u01a1n ch\u1ed1ng th\u1ea5m Jotun Waterguard \u0110\u00e0 N\u1eb5ng<\/span><\/em><\/span><\/p>\n<h2><span style=\"color: #ff0000; font-size: 14pt; font-family: 'times new roman', times, serif;\"><strong>2. CHU\u1ea8N B\u1eca B\u1ec0 M\u1eb6T TR\u01af\u1edaC KHI S\u01a0N<\/strong><\/span><\/h2>\n<p><span style=\"font-family: 'times new roman', times, serif; font-size: 14pt; color: #000000;\">\u2013 B\u1ec1 m\u1eb7t \u0111u\u1ee3c\u00a0s\u01a1n\u00a0ph\u1ea3i s\u1ea1ch, kh\u00f4 v\u00e0 \u1ed5n \u0111\u1ecbnh. M\u00e0ng s\u01a1n c\u0169, ch\u1ea5t b\u1ea9n, v\u1eefa, r\u00eau m\u1ed1c ph\u1ea3i \u0111\u01b0\u1ee3c t\u1ea9y s\u1ea1ch b\u1eb1ng ph\u01b0\u01a1ng ph\u00e1p th\u00edch h\u1ee3p. D\u00f9ng h\u00f3a ch\u1ea5t t\u1ea9y r\u1eeda v\u00e0 di\u1ec7t r\u00eau m\u1ed1c th\u00edch h\u1ee3p \u0111\u1ec3 r\u1eeda s\u1ea1ch c\u00e1c khu v\u1ef1c b\u1ecb n\u1ea5m m\u1ed1c hay rong r\u00eau. B\u1ec1 m\u1eb7t qu\u00e1 kh\u00f4 v\u00e0 c\u00e1c b\u1ec1 m\u1eb7t h\u00fat n\u01b0\u1edbc c\u1ea7n \u0111\u01b0\u1ee3c l\u00e0m \u1ea9m b\u1eb1ng c\u00e1ch l\u0103n rul\u00f4 \u0111\u01b0\u1ee3c l\u00e0m \u1ea9m v\u1edbi n\u01b0\u1edbc s\u1ea1ch tr\u01b0\u1edbc khi thi c\u00f4ng<\/span><\/p>\n<p><span style=\"font-family: 'times new roman', times, serif; font-size: 14pt; color: #000000;\">\u2013 Thi c\u00f4ng 3 l\u1edbp \u0111\u1ed1i v\u1edbi c\u00e1c b\u1ec1 m\u1eb7t c\u00f3 v\u1ebft n\u1ee9t nh\u1ecf. C\u00e1c khe n\u1ee9t l\u1edbn c\u1ea7n ph\u1ea3i \u0111\u1ee5c r\u1ed9ng h\u00ecnh ch\u1eef V, l\u00e0m s\u1ea1ch b\u1ee5i v\u00e0 tr\u00e9t l\u1ea1i b\u1eb1ng h\u1ed7n h\u1ee3p 5 c\u00e1t + 3 xi m\u0103ng th\u01b0\u1eddng + 0.8 Jotun WaterGuard\u00a0\u00a0 \u2013 ch\u1ea5t ch\u1ed1ng th\u1ea5m tr\u01b0\u1edbc khi thi c\u00f4ng<\/span><\/p>\n<h2><span style=\"color: #ff0000; font-family: 'times new roman', times, serif; font-size: 14pt;\"><strong>3. H\u01af\u1edaNG D\u1eaaN THI C\u00d4NG S\u01a0N<\/strong><\/span><\/h2>\n<p><span style=\"font-family: 'times new roman', times, serif; font-size: 14pt;\">\u2013<span style=\"color: #000000;\"><strong>\u00a0<\/strong>Khu\u1ea5y \u0111\u1ec1u tr\u01b0\u1edbc khi s\u1eed d\u1ee5ng<\/span><\/span><\/p>\n<p><span style=\"font-family: 'times new roman', times, serif; font-size: 14pt; color: #000000;\">\u2013 D\u1ec5 thi c\u00f4ng, <em><strong>s\u1ea3n ph\u1ea9m kh\u00f4ng c\u1ea7n pha v\u1edbi xi m\u0103ng<\/strong><\/em> v\u00e0 d\u1ec5 s\u1eed d\u1ee5ng<\/span><\/p>\n<p><span style=\"font-family: 'times new roman', times, serif; font-size: 14pt; color: #000000;\">\u2013<strong>\u00a0<\/strong>Thi c\u00f4ng l\u1edbp 2: 6-8 ti\u1ebfng sau khi thi c\u00f4ng l\u1edbp 1<\/span><\/p>\n<p><span style=\"font-family: 'times new roman', times, serif; font-size: 14pt; color: #000000;\">\u2013 R\u1eeda s\u1ea1ch d\u1ee5ng c\u1ee5 v\u1edbi n\u01b0\u1edbc s\u1ea1ch tr\u01b0\u1edbc v\u00e0 sau khi s\u1eed d\u1ee5ng.<\/span><\/p>\n<h2><strong><span style=\"font-family: 'times new roman', times, serif; font-size: 14pt; color: #ff0000;\">4. GI\u00c1 S\u01a0N CH\u1ed0NG TH\u1ea4M NIPPON WEATHERGARD<\/span><\/strong><\/h2>\n<div><span style=\"font-family: 'times new roman', times, serif; font-size: 14pt;\"><span style=\"color: #000000;\">\u0110\u01a1n<\/span> <strong><span style=\"color: #008000;\"><em>gi\u00e1 s\u01a1n ch\u1ed1ng th\u1ea5m nippon weathergard t\u1ea1i \u0110\u00e0 N\u1eb5ng<\/em><\/span><\/strong>\u00a0<span style=\"color: #000000;\">gi\u00e1<\/span> <strong><span style=\"color: #ff6600;\">1.870.000\u0111\/20kg<\/span><\/strong>\u00a0<\/span><\/div>\n<div><span style=\"font-family: 'times new roman', times, serif; font-size: 14pt; color: #000000;\">Gi\u00e1 tr\u00ean \u0111\u00e3 bao g\u1ed3m chi\u1ebft kh\u1ea5u v\u00e0 h\u1ed7 tr\u1ee3 v\u1eadn chuy\u1ec3n tr\u1ecdng n\u1ed9i th\u00e0nh \u0110\u00e0 n\u1eb5ng. V\u1edbi s\u01a1n m\u00e0u qu\u00fd kh\u00e1ch h\u00e0ng vui l\u00f2ng li\u00ean h\u1ec7 hotline\/zalo: <strong>0903595049<\/strong> \u0111\u1ec3 \u0111\u01b0\u1ee3c b\u00e1o gi\u00e1 chi ti\u1ebft nh\u1ea5t<\/span><\/div>\n<div><\/div>\n<p><span style=\"font-family: 'times new roman', times, serif; font-size: 14pt;\"><span style=\"color: #ff0000;\"><strong><img loading=\"lazy\" decoding=\"async\" class=\"size-full wp-image-4473 aligncenter\" src=\"http:\/\/tranthi.vn\/quangnam\/wp-content\/uploads\/2019\/04\/banner.jpg\" alt=\"\" width=\"624\" height=\"351\" \/><\/strong><\/span><\/span><\/p>\n<p>&nbsp;<\/p>\n<p><span style=\"font-family: 'times new roman', times, serif; font-size: 14pt;\"><span style=\"color: #ff0000;\"><strong>L\u01b0u \u00fd::<\/strong><\/span> <span style=\"color: #000000;\">V\u1edbi th\u1eddi ti\u1ebft t\u1ea1i <strong><a style=\"color: #000000;\" href=\"https:\/\/danang.gov.vn\/\">\u0110\u00e0 N\u1eb5ng<\/a><\/strong> , <strong>\u0110\u00f4ng H\u00e0 Qu\u1ea3ng tr\u1ecb<\/strong>, <strong>H\u1ed9i An<\/strong>, <strong>Tam k\u1ef3 Qu\u1ea3ng Nam<\/strong>,<strong> Hu\u1ebf<\/strong> , <strong>Qu\u1ea3ng Ng\u00e3i<\/strong> th\u01b0\u1eddng m\u01b0a v\u00e0o th\u00e1ng 11,12 tr\u00e1nh thi c\u00f4ng s\u01a1n \u0111\u1ec3 tr\u00e1nh \u1ea3nh h\u01b0\u1edfng \u0111\u1ebfn ch\u1ea5t l\u01b0\u1ee3ng t\u01b0\u1eddng s\u01a1n<\/span><\/span><\/p>\n","protected":false},"excerpt":{"rendered":"<p><span style=\"font-family: 'times new roman', times, serif; font-size: 130%; color: #000000;\">\ud83e\udd70Giao h\u00e0ng trong \u0111\u1ecba b\u00e0n <span style=\"color: #008000;\"><strong><a style=\"color: #008000;\" href=\"https:\/\/fr.wikipedia.org\/wiki\/Da_Nang\">\u0110\u00e0 N\u1eb5ng<\/a><\/strong><\/span><\/span><\/p>\n<p><span style=\"font-family: 'times new roman', times, serif; font-size: 130%; color: #000000;\">\ud83e\udd70\u0110\u01a1n v\u1ecb t\u00ednh: th\u00f9ng (<strong>C\u00f3 3 m\u00e0u: m\u00e0u x\u00e1m \u0111\u1eadm, x\u00e1m nh\u1ea1t v\u00e0 m\u00e0u v\u00e0ng nh\u1ea1t)<\/strong><\/span><\/p>\n<p><span style=\"font-family: 'times new roman', times, serif; font-size: 130%; color: #000000;\">\ud83e\udd70\u0110\u01a1n gi\u00e1 <em><span style=\"color: #008000;\"><a style=\"color: #008000;\" href=\"http:\/\/jotunpaints.com.vn\/home\/ngoai-that\/son-chong-tham-jotun-waterguard\"><strong>s\u01a1n ch\u1ed1ng th\u1ea5m m\u00e0u Jotun Waterguard<\/strong><\/a><\/span><\/em><\/span><\/p>\n<ul>\n<li><span style=\"font-family: 'times new roman', times, serif; font-size: 130%; color: #000000;\">\u00a0<span style=\"color: #ff0000;\"><strong>1.870.000\u0111\/20kg <\/strong><\/span><\/span><\/li>\n<li><span style=\"font-family: 'times new roman', times, serif; font-size: 130%; color: #000000;\"><strong><span style=\"color: #ff0000;\">650.000\u0111\/6kg<\/span><\/strong><\/span><\/li>\n<li><span style=\"font-family: 'times new roman', times, serif; font-size: 130%; color: #ff0000;\"><strong>1.961.000\u0111\/20kg m\u00e0u v\u00e0ng.<\/strong><\/span><\/li>\n<\/ul>\n<p><span style=\"font-family: 'times new roman', times, serif; font-size: 130%;\"><strong><em>\u0110\u01a1n gi\u00e1 \u00e1p d\u1ee5ng khi mua t\u1eeb 5 s\u1ea3n ph\u1ea9m, d\u01b0\u1edbi 5 s\u1ea3n ph\u1ea9m qu\u00fd kh\u00e1ch vui l\u00f2ng ch\u1ecbu ph\u00ed v\u1eadn chuy\u1ec3n<\/em><\/strong><\/span><\/p>\n","protected":false},"featured_media":1533,"comment_status":"open","ping_status":"closed","template":"","meta":[],"product_cat":[153,155],"product_tag":[],"class_list":{"0":"post-1534","1":"product","2":"type-product","3":"status-publish","4":"has-post-thumbnail","6":"product_cat-son-jotun-tai-da-nang","7":"product_cat-son-lot-chong-kiem-jotun","9":"first","10":"instock","11":"sale","12":"shipping-taxable","13":"purchasable","14":"product-type-simple"},"yoast_head":"<!-- This site is optimized with the Yoast SEO Premium plugin v22.3 (Yoast SEO v22.8) - https:\/\/yoast.com\/wordpress\/plugins\/seo\/ -->\n<title>Gi\u00e1 s\u01a1n ch\u1ed1ng th\u1ea5m m\u00e0u Jotun Waterguard t\u1ea1i \u0110\u00e0 N\u1eb5ng 0903.595.049<\/title>\n<meta name=\"description\" content=\"Tr\u1ea7n Th\u1ecb l\u00e0 s\u01a1n ch\u1ed1ng th\u1ea5m m\u00e0u Jotun Waterguard t\u1ea1i \u0111\u00e0 n\u1eb5ng. Ph\u1ee5c v\u1ee5 t\u1eadn ch\u00e2n c\u00f4ng tr\u00ecnh v\u1edbi gi\u00e1 r\u1ebb nh\u1ea5t th\u1ecb tr\u01b0\u1eddng \u0110\u00e0 N\u1eb5ng. \u0110\u1ecba ch\u1ec9: 204 L\u00ea V\u0103n Hi\u1ebfn\" \/>\n<meta name=\"robots\" content=\"index, follow, max-snippet:-1, max-image-preview:large, max-video-preview:-1\" \/>\n<link rel=\"canonical\" href=\"https:\/\/tranthi.vn\/quangnam\/gia-son-chong-tham-mau-jotun-waterguard-da-nang\/\" \/>\n<meta property=\"og:locale\" content=\"vi_VN\" \/>\n<meta property=\"og:type\" content=\"article\" \/>\n<meta property=\"og:title\" content=\"S\u01a1n ch\u1ed1ng th\u1ea5m Jotun Waterguard-x\u00e1m \u0111\u1eadm 20kg\" \/>\n<meta property=\"og:description\" content=\"Tr\u1ea7n Th\u1ecb l\u00e0 s\u01a1n ch\u1ed1ng th\u1ea5m m\u00e0u Jotun Waterguard t\u1ea1i \u0111\u00e0 n\u1eb5ng. Ph\u1ee5c v\u1ee5 t\u1eadn ch\u00e2n c\u00f4ng tr\u00ecnh v\u1edbi gi\u00e1 r\u1ebb nh\u1ea5t th\u1ecb tr\u01b0\u1eddng \u0110\u00e0 N\u1eb5ng. \u0110\u1ecba ch\u1ec9: 204 L\u00ea V\u0103n Hi\u1ebfn\" \/>\n<meta property=\"og:url\" content=\"https:\/\/tranthi.vn\/quangnam\/gia-son-chong-tham-mau-jotun-waterguard-da-nang\/\" \/>\n<meta property=\"og:site_name\" content=\"V\u1eadt Li\u1ec7u X\u00e2y D\u1ef1ng Tr\u1ea7n Th\u1ecb Chi Nh\u00e1nh Qu\u1ea3ng Nam\" \/>\n<meta property=\"article:modified_time\" content=\"2024-06-13T02:08:51+00:00\" \/>\n<meta property=\"og:image\" content=\"https:\/\/tranthi.vn\/quangnam\/wp-content\/uploads\/2021\/02\/son-chong-tham-mau-jotun-waterguard-1_optimized.jpg\" \/>\n\t<meta property=\"og:image:width\" content=\"400\" \/>\n\t<meta property=\"og:image:height\" content=\"400\" \/>\n\t<meta property=\"og:image:type\" content=\"image\/jpeg\" \/>\n<meta name=\"twitter:card\" content=\"summary_large_image\" \/>\n<meta name=\"twitter:label1\" content=\"Gi\u00e1\" \/>\n\t<meta name=\"twitter:data1\" content=\"1,870,000&nbsp;&#8363;\" \/>\n\t<meta name=\"twitter:label2\" content=\"Kh\u1ea3 d\u1ee5ng\" \/>\n\t<meta name=\"twitter:data2\" content=\"Trong kho\" \/>\n<script type=\"application\/ld+json\" class=\"yoast-schema-graph\">{\"@context\":\"https:\/\/schema.org\",\"@graph\":[{\"@type\":[\"WebPage\",\"ItemPage\"],\"@id\":\"https:\/\/tranthi.vn\/quangnam\/gia-son-chong-tham-mau-jotun-waterguard-da-nang\/\",\"url\":\"https:\/\/tranthi.vn\/quangnam\/gia-son-chong-tham-mau-jotun-waterguard-da-nang\/\",\"name\":\"Gi\u00e1 s\u01a1n ch\u1ed1ng th\u1ea5m m\u00e0u Jotun Waterguard t\u1ea1i \u0110\u00e0 N\u1eb5ng 0903.595.049\",\"isPartOf\":{\"@id\":\"https:\/\/tranthi.vn\/quangnam\/#website\"},\"primaryImageOfPage\":{\"@id\":\"https:\/\/tranthi.vn\/quangnam\/gia-son-chong-tham-mau-jotun-waterguard-da-nang\/#primaryimage\"},\"image\":{\"@id\":\"https:\/\/tranthi.vn\/quangnam\/gia-son-chong-tham-mau-jotun-waterguard-da-nang\/#primaryimage\"},\"thumbnailUrl\":\"https:\/\/tranthi.vn\/quangnam\/wp-content\/uploads\/2021\/02\/son-chong-tham-mau-jotun-waterguard-1_optimized.jpg\",\"datePublished\":\"2021-02-17T10:44:14+00:00\",\"dateModified\":\"2024-06-13T02:08:51+00:00\",\"description\":\"Tr\u1ea7n Th\u1ecb l\u00e0 s\u01a1n ch\u1ed1ng th\u1ea5m m\u00e0u Jotun Waterguard t\u1ea1i \u0111\u00e0 n\u1eb5ng. Ph\u1ee5c v\u1ee5 t\u1eadn ch\u00e2n c\u00f4ng tr\u00ecnh v\u1edbi gi\u00e1 r\u1ebb nh\u1ea5t th\u1ecb tr\u01b0\u1eddng \u0110\u00e0 N\u1eb5ng. \u0110\u1ecba ch\u1ec9: 204 L\u00ea V\u0103n Hi\u1ebfn\",\"breadcrumb\":{\"@id\":\"https:\/\/tranthi.vn\/quangnam\/gia-son-chong-tham-mau-jotun-waterguard-da-nang\/#breadcrumb\"},\"inLanguage\":\"vi\",\"potentialAction\":[{\"@type\":\"ReadAction\",\"target\":[\"https:\/\/tranthi.vn\/quangnam\/gia-son-chong-tham-mau-jotun-waterguard-da-nang\/\"]}]},{\"@type\":\"ImageObject\",\"inLanguage\":\"vi\",\"@id\":\"https:\/\/tranthi.vn\/quangnam\/gia-son-chong-tham-mau-jotun-waterguard-da-nang\/#primaryimage\",\"url\":\"https:\/\/tranthi.vn\/quangnam\/wp-content\/uploads\/2021\/02\/son-chong-tham-mau-jotun-waterguard-1_optimized.jpg\",\"contentUrl\":\"https:\/\/tranthi.vn\/quangnam\/wp-content\/uploads\/2021\/02\/son-chong-tham-mau-jotun-waterguard-1_optimized.jpg\",\"width\":400,\"height\":400},{\"@type\":\"BreadcrumbList\",\"@id\":\"https:\/\/tranthi.vn\/quangnam\/gia-son-chong-tham-mau-jotun-waterguard-da-nang\/#breadcrumb\",\"itemListElement\":[{\"@type\":\"ListItem\",\"position\":1,\"name\":\"Trang ch\u1ee7\",\"item\":\"https:\/\/tranthi.vn\/quangnam\/\"},{\"@type\":\"ListItem\",\"position\":2,\"name\":\"Shop\",\"item\":\"https:\/\/tranthi.vn\/quangnam\/shop\/\"},{\"@type\":\"ListItem\",\"position\":3,\"name\":\"S\u01a1n ch\u1ed1ng th\u1ea5m Jotun Waterguard-x\u00e1m \u0111\u1eadm 20kg\"}]},{\"@type\":\"WebSite\",\"@id\":\"https:\/\/tranthi.vn\/quangnam\/#website\",\"url\":\"https:\/\/tranthi.vn\/quangnam\/\",\"name\":\"V\u1eadt Li\u1ec7u X\u00e2y D\u1ef1ng Tr\u1ea7n Th\u1ecb Chi Nh\u00e1nh Qu\u1ea3ng Nam\",\"description\":\"V\u1eadt Li\u1ec7u X\u00e2y D\u1ef1ng - Qu\u1ea3ng Nam\",\"potentialAction\":[{\"@type\":\"SearchAction\",\"target\":{\"@type\":\"EntryPoint\",\"urlTemplate\":\"https:\/\/tranthi.vn\/quangnam\/?s={search_term_string}\"},\"query-input\":\"required name=search_term_string\"}],\"inLanguage\":\"vi\"},{\"@type\":\"ImageObject\",\"inLanguage\":\"vi\",\"@id\":\"https:\/\/tranthi.vn\/quangnam\/gia-son-chong-tham-mau-jotun-waterguard-da-nang\/#local-main-organization-logo\",\"url\":\"\",\"contentUrl\":\"\",\"caption\":\"V\u1eadt Li\u1ec7u X\u00e2y D\u1ef1ng Tr\u1ea7n Th\u1ecb Chi Nh\u00e1nh Qu\u1ea3ng Nam\"}]}<\/script>\n<meta property=\"product:price:amount\" content=\"1870000\" \/>\n<meta property=\"product:price:currency\" content=\"VND\" \/>\n<meta property=\"og:availability\" content=\"instock\" \/>\n<meta property=\"product:availability\" content=\"instock\" \/>\n<meta property=\"product:condition\" content=\"new\" \/>\n<!-- \/ Yoast SEO Premium plugin. -->","yoast_head_json":{"title":"Gi\u00e1 s\u01a1n ch\u1ed1ng th\u1ea5m m\u00e0u Jotun Waterguard t\u1ea1i \u0110\u00e0 N\u1eb5ng 0903.595.049","description":"Tr\u1ea7n Th\u1ecb l\u00e0 s\u01a1n ch\u1ed1ng th\u1ea5m m\u00e0u Jotun Waterguard t\u1ea1i \u0111\u00e0 n\u1eb5ng. Ph\u1ee5c v\u1ee5 t\u1eadn ch\u00e2n c\u00f4ng tr\u00ecnh v\u1edbi gi\u00e1 r\u1ebb nh\u1ea5t th\u1ecb tr\u01b0\u1eddng \u0110\u00e0 N\u1eb5ng. \u0110\u1ecba ch\u1ec9: 204 L\u00ea V\u0103n Hi\u1ebfn","robots":{"index":"index","follow":"follow","max-snippet":"max-snippet:-1","max-image-preview":"max-image-preview:large","max-video-preview":"max-video-preview:-1"},"canonical":"https:\/\/tranthi.vn\/quangnam\/gia-son-chong-tham-mau-jotun-waterguard-da-nang\/","og_locale":"vi_VN","og_type":"article","og_title":"S\u01a1n ch\u1ed1ng th\u1ea5m Jotun Waterguard-x\u00e1m \u0111\u1eadm 20kg","og_description":"Tr\u1ea7n Th\u1ecb l\u00e0 s\u01a1n ch\u1ed1ng th\u1ea5m m\u00e0u Jotun Waterguard t\u1ea1i \u0111\u00e0 n\u1eb5ng. Ph\u1ee5c v\u1ee5 t\u1eadn ch\u00e2n c\u00f4ng tr\u00ecnh v\u1edbi gi\u00e1 r\u1ebb nh\u1ea5t th\u1ecb tr\u01b0\u1eddng \u0110\u00e0 N\u1eb5ng. \u0110\u1ecba ch\u1ec9: 204 L\u00ea V\u0103n Hi\u1ebfn","og_url":"https:\/\/tranthi.vn\/quangnam\/gia-son-chong-tham-mau-jotun-waterguard-da-nang\/","og_site_name":"V\u1eadt Li\u1ec7u X\u00e2y D\u1ef1ng Tr\u1ea7n Th\u1ecb Chi Nh\u00e1nh Qu\u1ea3ng Nam","article_modified_time":"2024-06-13T02:08:51+00:00","og_image":[{"width":400,"height":400,"url":"https:\/\/tranthi.vn\/quangnam\/wp-content\/uploads\/2021\/02\/son-chong-tham-mau-jotun-waterguard-1_optimized.jpg","type":"image\/jpeg"}],"twitter_card":"summary_large_image","twitter_misc":{"Gi\u00e1":"1,870,000&nbsp;&#8363;","Kh\u1ea3 d\u1ee5ng":"Trong kho"},"schema":{"@context":"https:\/\/schema.org","@graph":[{"@type":["WebPage","ItemPage"],"@id":"https:\/\/tranthi.vn\/quangnam\/gia-son-chong-tham-mau-jotun-waterguard-da-nang\/","url":"https:\/\/tranthi.vn\/quangnam\/gia-son-chong-tham-mau-jotun-waterguard-da-nang\/","name":"Gi\u00e1 s\u01a1n ch\u1ed1ng th\u1ea5m m\u00e0u Jotun Waterguard t\u1ea1i \u0110\u00e0 N\u1eb5ng 0903.595.049","isPartOf":{"@id":"https:\/\/tranthi.vn\/quangnam\/#website"},"primaryImageOfPage":{"@id":"https:\/\/tranthi.vn\/quangnam\/gia-son-chong-tham-mau-jotun-waterguard-da-nang\/#primaryimage"},"image":{"@id":"https:\/\/tranthi.vn\/quangnam\/gia-son-chong-tham-mau-jotun-waterguard-da-nang\/#primaryimage"},"thumbnailUrl":"https:\/\/tranthi.vn\/quangnam\/wp-content\/uploads\/2021\/02\/son-chong-tham-mau-jotun-waterguard-1_optimized.jpg","datePublished":"2021-02-17T10:44:14+00:00","dateModified":"2024-06-13T02:08:51+00:00","description":"Tr\u1ea7n Th\u1ecb l\u00e0 s\u01a1n ch\u1ed1ng th\u1ea5m m\u00e0u Jotun Waterguard t\u1ea1i \u0111\u00e0 n\u1eb5ng. Ph\u1ee5c v\u1ee5 t\u1eadn ch\u00e2n c\u00f4ng tr\u00ecnh v\u1edbi gi\u00e1 r\u1ebb nh\u1ea5t th\u1ecb tr\u01b0\u1eddng \u0110\u00e0 N\u1eb5ng. \u0110\u1ecba ch\u1ec9: 204 L\u00ea V\u0103n Hi\u1ebfn","breadcrumb":{"@id":"https:\/\/tranthi.vn\/quangnam\/gia-son-chong-tham-mau-jotun-waterguard-da-nang\/#breadcrumb"},"inLanguage":"vi","potentialAction":[{"@type":"ReadAction","target":["https:\/\/tranthi.vn\/quangnam\/gia-son-chong-tham-mau-jotun-waterguard-da-nang\/"]}]},{"@type":"ImageObject","inLanguage":"vi","@id":"https:\/\/tranthi.vn\/quangnam\/gia-son-chong-tham-mau-jotun-waterguard-da-nang\/#primaryimage","url":"https:\/\/tranthi.vn\/quangnam\/wp-content\/uploads\/2021\/02\/son-chong-tham-mau-jotun-waterguard-1_optimized.jpg","contentUrl":"https:\/\/tranthi.vn\/quangnam\/wp-content\/uploads\/2021\/02\/son-chong-tham-mau-jotun-waterguard-1_optimized.jpg","width":400,"height":400},{"@type":"BreadcrumbList","@id":"https:\/\/tranthi.vn\/quangnam\/gia-son-chong-tham-mau-jotun-waterguard-da-nang\/#breadcrumb","itemListElement":[{"@type":"ListItem","position":1,"name":"Trang ch\u1ee7","item":"https:\/\/tranthi.vn\/quangnam\/"},{"@type":"ListItem","position":2,"name":"Shop","item":"https:\/\/tranthi.vn\/quangnam\/shop\/"},{"@type":"ListItem","position":3,"name":"S\u01a1n ch\u1ed1ng th\u1ea5m Jotun Waterguard-x\u00e1m \u0111\u1eadm 20kg"}]},{"@type":"WebSite","@id":"https:\/\/tranthi.vn\/quangnam\/#website","url":"https:\/\/tranthi.vn\/quangnam\/","name":"V\u1eadt Li\u1ec7u X\u00e2y D\u1ef1ng Tr\u1ea7n Th\u1ecb Chi Nh\u00e1nh Qu\u1ea3ng Nam","description":"V\u1eadt Li\u1ec7u X\u00e2y D\u1ef1ng - Qu\u1ea3ng Nam","potentialAction":[{"@type":"SearchAction","target":{"@type":"EntryPoint","urlTemplate":"https:\/\/tranthi.vn\/quangnam\/?s={search_term_string}"},"query-input":"required name=search_term_string"}],"inLanguage":"vi"},{"@type":"ImageObject","inLanguage":"vi","@id":"https:\/\/tranthi.vn\/quangnam\/gia-son-chong-tham-mau-jotun-waterguard-da-nang\/#local-main-organization-logo","url":"","contentUrl":"","caption":"V\u1eadt Li\u1ec7u X\u00e2y D\u1ef1ng Tr\u1ea7n Th\u1ecb Chi Nh\u00e1nh Qu\u1ea3ng Nam"}]},"product_price_amount":"1870000","product_price_currency":"VND","og_availability":"instock","product_availability":"instock","product_condition":"new"},"_links":{"self":[{"href":"https:\/\/tranthi.vn\/quangnam\/wp-json\/wp\/v2\/product\/1534","targetHints":{"allow":["GET"]}}],"collection":[{"href":"https:\/\/tranthi.vn\/quangnam\/wp-json\/wp\/v2\/product"}],"about":[{"href":"https:\/\/tranthi.vn\/quangnam\/wp-json\/wp\/v2\/types\/product"}],"replies":[{"embeddable":true,"href":"https:\/\/tranthi.vn\/quangnam\/wp-json\/wp\/v2\/comments?post=1534"}],"wp:featuredmedia":[{"embeddable":true,"href":"https:\/\/tranthi.vn\/quangnam\/wp-json\/wp\/v2\/media\/1533"}],"wp:attachment":[{"href":"https:\/\/tranthi.vn\/quangnam\/wp-json\/wp\/v2\/media?parent=1534"}],"wp:term":[{"taxonomy":"product_cat","embeddable":true,"href":"https:\/\/tranthi.vn\/quangnam\/wp-json\/wp\/v2\/product_cat?post=1534"},{"taxonomy":"product_tag","embeddable":true,"href":"https:\/\/tranthi.vn\/quangnam\/wp-json\/wp\/v2\/product_tag?post=1534"}],"curies":[{"name":"wp","href":"https:\/\/api.w.org\/{rel}","templated":true}]}}