{"id":1526,"date":"2021-02-17T17:44:11","date_gmt":"2021-02-17T10:44:11","guid":{"rendered":"http:\/\/new-tranthi.test\/san-pham\/son-phu-ngoai-that-jotun-jotashield-ben-mau-toi-uu-thung-5-lit\/"},"modified":"2024-06-13T10:07:36","modified_gmt":"2024-06-13T03:07:36","slug":"gia-son-phu-ngoai-that-jotun-jotashield-ben-mau-toi-uu-da-nang","status":"publish","type":"product","link":"https:\/\/tranthi.vn\/quangnam\/gia-son-phu-ngoai-that-jotun-jotashield-ben-mau-toi-uu-da-nang\/","title":{"rendered":"Jotun Jotashield B\u1ec1n M\u00e0u T\u1ed1i \u01afu &#8211; 5L-T"},"content":{"rendered":"<h1 class=\"sc-htpNat krAhEz sc-dTLGrV cwvnPu\">Jotashield B\u1ec1n M\u00e0u T\u1ed1i \u01afu<\/h1>\n<div class=\"sc-dnqmqq bDsesi sc-ivVeuv lmZdeh\">Jotashield B\u1ec1n M\u00e0u T\u1ed1i \u01afu \u0111\u01b0\u1ee3c t\u1ea1o n\u00ean t\u1eeb c\u00e1c m\u00e0u s\u1eafc b\u1ec1n l\u00e2u nh\u1ea5t, gi\u1eef cho ng\u00f4i nh\u00e0 c\u1ee7a b\u1ea1n lu\u00f4n t\u01b0\u01a1i m\u1edbi, r\u1ef1c r\u1ee1 v\u00e0 \u0111\u01b0\u1ee3c b\u1ea3o v\u1ec7 t\u1ed1t tr\u01b0\u1edbc th\u1eddi ti\u1ebft nhi\u1ec7t \u0111\u1edbi kh\u1eafc nghi\u1ec7t.<\/div>\n<div>\n<div class=\"sc-dnqmqq bDsesi sc-dpiBDp cgWTSp\">\n<div><\/div>\n<div>C\u00f4ng ngh\u1ec7 Ch\u1ea5t t\u1ea1o m\u00e0u Ti\u00ean ti\u1ebfn c\u1ee7a Jotun v\u1edbi c\u00f4ng th\u1ee9c \u0111\u1eb7c bi\u1ec7t \u0111\u1ea3m b\u1ea3o m\u00e0u s\u1eafc b\u1ec1n \u0111\u1eb9p, ch\u1ed1ng l\u1ea1i tia UV \u0111\u1ec3 ng\u00f4i nh\u00e0 c\u1ee7a b\u1ea1n b\u1ec1n l\u00e2u h\u01a1n.<\/div>\n<div><\/div>\n<div>Vi\u1ec7c s\u1eed d\u1ee5ng c\u00f4ng ngh\u1ec7 di\u1ec7t khu\u1ea9n \u1edf m\u1ee9c \u0111\u1ed9 t\u1ed1i \u01b0u gi\u00fap ng\u0103n ch\u1eb7n s\u1ef1 h\u00ecnh th\u00e0nh c\u1ee7a t\u1ea3o v\u00e0 n\u1ea5m m\u1ed1c, gi\u1eef cho ng\u00f4i nh\u00e0 c\u1ee7a b\u1ea1n lu\u00f4n \u0111\u01b0\u1ee3c b\u1ea3o v\u1ec7.<\/div>\n<div><\/div>\n<div>\u0110\u01b0\u1ee3c l\u1ef1a ch\u1ecdn b\u1edfi c\u00e1c t\u00f2a nh\u00e0 mang t\u00ednh bi\u1ec3u t\u01b0\u1ee3ng nh\u01b0 Burj Khalifa, Th\u00e1p \u0111\u00f4i Petronas v\u00e0 h\u00e0ng tri\u1ec7u ng\u00f4i nh\u00e0 tr\u00ean kh\u1eafp th\u1ebf gi\u1edbi, kh\u00f4ng lo\u1ea1i s\u01a1n n\u00e0o c\u00f3 th\u1ec3 s\u00e1nh \u0111\u01b0\u1ee3c v\u1edbi Jotashield B\u1ec1n M\u00e0u T\u1ed1i \u01afu.<\/div>\n<div>\n<ul>\n<li>Kh\u00e1ng tia c\u1ef1c t\u00edm t\u1ed1i \u0111a<\/li>\n<li>Ch\u1ed1ng b\u00e1m b\u1ee5i<\/li>\n<li>Ch\u1ed1ng rong r\u00eau v\u00e0 n\u1ea5m m\u00f3c<\/li>\n<li>12 n\u0103m b\u1ea3o v\u1ec7<\/li>\n<\/ul>\n<\/div>\n<\/div>\n<\/div>\n","protected":false},"excerpt":{"rendered":"<p><span style=\"font-family: 'times new roman', times, serif; font-size: 130%;\"><strong>\u01afu \u0111i\u1ec3m:<\/strong><\/span><\/p>\n<ul>\n<li><span style=\"font-family: 'times new roman', times, serif; font-size: 130%;\"><strong>\u0110\u1ea3m b\u1ea3o m\u00e0u s\u1eafc b\u1ec1n \u0111\u1eb9p<\/strong><\/span><\/li>\n<li><span style=\"font-family: 'times new roman', times, serif; font-size: 130%;\"><strong>Ch\u1ed1ng l\u1ea1i tia UV \u0111\u1ec3 ng\u00f4i nh\u00e0 c\u1ee7a b\u1ea1n b\u1ec1n l\u00e2u h\u01a1n.<\/strong><\/span><\/li>\n<li><span style=\"font-family: 'times new roman', times, serif; font-size: 130%;\"><strong>Ch\u1ed1ng b\u00e1m b\u1ee5i<\/strong><\/span><\/li>\n<li><span style=\"font-family: 'times new roman', times, serif; font-size: 130%;\"><strong>Ch\u1ed1ng rong r\u00eau v\u00e0 n\u1ea5m m\u00f3c<\/strong><\/span><\/li>\n<li><span style=\"font-family: 'times new roman', times, serif; font-size: 130%;\"><strong>12 n\u0103m b\u1ea3o v\u1ec7<\/strong><\/span><\/li>\n<\/ul>\n<p><span style=\"font-family: 'times new roman', times, serif; font-size: 130%;\">\ud83d\ude1b Giao h\u00e0ng trong \u0111\u1ecba b\u00e0n\u00a0<strong><a href=\"https:\/\/fr.wikipedia.org\/wiki\/Da_Nang\">\u0110\u00e0 N\u1eb5ng<\/a><\/strong><\/span><\/p>\n<p><span style=\"font-family: 'times new roman', times, serif; font-size: 130%;\">\ud83d\ude1b \u0110\u01a1n v\u1ecb t\u00ednh: th\u00f9ng<\/span><\/p>\n<p><span style=\"font-family: 'times new roman', times, serif; font-size: 130%;\">\ud83d\ude1b \u0110\u01a1n gi\u00e1 <a href=\"http:\/\/sonanthai.vn\/son-jotun\/son-jotun-ngoai-that---jotashield-chong-phai-mau-\/178-1757.html\"><strong>s\u01a1n ph\u1ee7 ngo\u1ea1i th\u1ea5t Jotun Jotashield<\/strong><\/a> b\u1ec1n m\u00e0u t\u1ed1i \u01b0u<\/span><\/p>\n<ul>\n<li><span style=\"font-size: 130%; color: #ed1c24; font-family: 'times new roman', times, serif;\"><strong>302.000\u0111\/1L (m\u00e0u tr\u1eafng)<\/strong><\/span><\/li>\n<li><span style=\"font-size: 130%; color: #ed1c24; font-family: 'times new roman', times, serif;\"><strong>1.236.000\u0111\/5L (m\u00e0u tr\u1eafng)<\/strong><\/span><\/li>\n<\/ul>\n<p><span style=\"font-family: 'times new roman', times, serif; font-size: 130%;\"><strong><em>\u0110\u01a1n gi\u00e1 \u00e1p d\u1ee5ng khi mua tr\u00ean 5 s\u1ea3n ph\u1ea9m, d\u01b0\u1edbi 5 s\u1ea3n ph\u1ea9m qu\u00fd kh\u00e1ch vui l\u00f2ng ch\u1ecbu ph\u00ed v\u1eadn chuy\u1ec3n<\/em><\/strong><\/span><\/p>\n<p><span style=\"color: #3366ff; font-family: 'times new roman', times, serif; font-size: 130%;\"><em><span style=\"color: #008000;\"><b>(Gi\u00e1 S\u01a1n m\u00e0u pha li\u00ean h\u1ec7 \u0111\u1ec3 \u0111\u1ec3 bi\u1ebft chi ti\u1ebft)\u00a0\u00a0<\/b><\/span><\/em><\/span><\/p>\n","protected":false},"featured_media":1525,"comment_status":"open","ping_status":"closed","template":"","meta":[],"product_cat":[139,153,156],"product_tag":[],"class_list":{"0":"post-1526","1":"product","2":"type-product","3":"status-publish","4":"has-post-thumbnail","6":"product_cat-son","7":"product_cat-son-jotun-tai-da-nang","8":"product_cat-son-phu-ngoai-that-jotun","10":"first","11":"instock","12":"sale","13":"shipping-taxable","14":"purchasable","15":"product-type-simple"},"yoast_head":"<!-- This site is optimized with the Yoast SEO Premium plugin v22.3 (Yoast SEO v22.8) - https:\/\/yoast.com\/wordpress\/plugins\/seo\/ -->\n<title>S\u01a1n ph\u1ee7 ngo\u1ea1i th\u1ea5t Jotun Jotashield b\u1ec1n m\u00e0u t\u1ea1i \u0110\u00e0 N\u1eb5ng - 0903.595.049<\/title>\n<meta name=\"description\" content=\"Tr\u1ea7n Th\u1ecb l\u00e0 \u0111\u1ea1i l\u00fd s\u01a1n ph\u1ee7 ngo\u1ea1i th\u1ea5t Jotun Jotashield b\u1ec1n m\u00e0u t\u1ea1i \u0111\u00e0 n\u1eb5ng, ph\u1ee5c v\u1ee5 t\u1eadn ch\u00e2n c\u00f4ng tr\u00ecnh v\u1edbi gi\u00e1 r\u1ebb nh\u1ea5t th\u1ecb tr\u01b0\u1eddng \u0110\u00e0 N\u1eb5ng.\" \/>\n<meta name=\"robots\" content=\"index, follow, max-snippet:-1, max-image-preview:large, max-video-preview:-1\" \/>\n<link rel=\"canonical\" href=\"https:\/\/tranthi.vn\/quangnam\/gia-son-phu-ngoai-that-jotun-jotashield-ben-mau-toi-uu-da-nang\/\" \/>\n<meta property=\"og:locale\" content=\"vi_VN\" \/>\n<meta property=\"og:type\" content=\"article\" \/>\n<meta property=\"og:title\" content=\"Jotun Jotashield B\u1ec1n M\u00e0u T\u1ed1i \u01afu - 5L-T\" \/>\n<meta property=\"og:description\" content=\"Tr\u1ea7n Th\u1ecb l\u00e0 \u0111\u1ea1i l\u00fd s\u01a1n ph\u1ee7 ngo\u1ea1i th\u1ea5t Jotun Jotashield b\u1ec1n m\u00e0u t\u1ea1i \u0111\u00e0 n\u1eb5ng, ph\u1ee5c v\u1ee5 t\u1eadn ch\u00e2n c\u00f4ng tr\u00ecnh v\u1edbi gi\u00e1 r\u1ebb nh\u1ea5t th\u1ecb tr\u01b0\u1eddng \u0110\u00e0 N\u1eb5ng.\" \/>\n<meta property=\"og:url\" content=\"https:\/\/tranthi.vn\/quangnam\/gia-son-phu-ngoai-that-jotun-jotashield-ben-mau-toi-uu-da-nang\/\" \/>\n<meta property=\"og:site_name\" content=\"V\u1eadt Li\u1ec7u X\u00e2y D\u1ef1ng Tr\u1ea7n Th\u1ecb Chi Nh\u00e1nh Qu\u1ea3ng Nam\" \/>\n<meta property=\"article:modified_time\" content=\"2024-06-13T03:07:36+00:00\" \/>\n<meta property=\"og:image\" content=\"https:\/\/tranthi.vn\/quangnam\/wp-content\/uploads\/2021\/02\/son-phu-ngoai-that-jotun-jotashield-ben-mau-toi-uu-1-300x300_optimized.jpg\" \/>\n\t<meta property=\"og:image:width\" content=\"300\" \/>\n\t<meta property=\"og:image:height\" content=\"300\" \/>\n\t<meta property=\"og:image:type\" content=\"image\/jpeg\" \/>\n<meta name=\"twitter:card\" content=\"summary_large_image\" \/>\n<meta name=\"twitter:label1\" content=\"Gi\u00e1\" \/>\n\t<meta name=\"twitter:data1\" content=\"1,236,000&nbsp;&#8363;\" \/>\n\t<meta name=\"twitter:label2\" content=\"Kh\u1ea3 d\u1ee5ng\" \/>\n\t<meta name=\"twitter:data2\" content=\"Trong kho\" \/>\n<script type=\"application\/ld+json\" class=\"yoast-schema-graph\">{\"@context\":\"https:\/\/schema.org\",\"@graph\":[{\"@type\":[\"WebPage\",\"ItemPage\"],\"@id\":\"https:\/\/tranthi.vn\/quangnam\/gia-son-phu-ngoai-that-jotun-jotashield-ben-mau-toi-uu-da-nang\/\",\"url\":\"https:\/\/tranthi.vn\/quangnam\/gia-son-phu-ngoai-that-jotun-jotashield-ben-mau-toi-uu-da-nang\/\",\"name\":\"S\u01a1n ph\u1ee7 ngo\u1ea1i th\u1ea5t Jotun Jotashield b\u1ec1n m\u00e0u t\u1ea1i \u0110\u00e0 N\u1eb5ng - 0903.595.049\",\"isPartOf\":{\"@id\":\"https:\/\/tranthi.vn\/quangnam\/#website\"},\"primaryImageOfPage\":{\"@id\":\"https:\/\/tranthi.vn\/quangnam\/gia-son-phu-ngoai-that-jotun-jotashield-ben-mau-toi-uu-da-nang\/#primaryimage\"},\"image\":{\"@id\":\"https:\/\/tranthi.vn\/quangnam\/gia-son-phu-ngoai-that-jotun-jotashield-ben-mau-toi-uu-da-nang\/#primaryimage\"},\"thumbnailUrl\":\"https:\/\/tranthi.vn\/quangnam\/wp-content\/uploads\/2021\/02\/son-phu-ngoai-that-jotun-jotashield-ben-mau-toi-uu-1-300x300_optimized.jpg\",\"datePublished\":\"2021-02-17T10:44:11+00:00\",\"dateModified\":\"2024-06-13T03:07:36+00:00\",\"description\":\"Tr\u1ea7n Th\u1ecb l\u00e0 \u0111\u1ea1i l\u00fd s\u01a1n ph\u1ee7 ngo\u1ea1i th\u1ea5t Jotun Jotashield b\u1ec1n m\u00e0u t\u1ea1i \u0111\u00e0 n\u1eb5ng, ph\u1ee5c v\u1ee5 t\u1eadn ch\u00e2n c\u00f4ng tr\u00ecnh v\u1edbi gi\u00e1 r\u1ebb nh\u1ea5t th\u1ecb tr\u01b0\u1eddng \u0110\u00e0 N\u1eb5ng.\",\"breadcrumb\":{\"@id\":\"https:\/\/tranthi.vn\/quangnam\/gia-son-phu-ngoai-that-jotun-jotashield-ben-mau-toi-uu-da-nang\/#breadcrumb\"},\"inLanguage\":\"vi\",\"potentialAction\":[{\"@type\":\"ReadAction\",\"target\":[\"https:\/\/tranthi.vn\/quangnam\/gia-son-phu-ngoai-that-jotun-jotashield-ben-mau-toi-uu-da-nang\/\"]}]},{\"@type\":\"ImageObject\",\"inLanguage\":\"vi\",\"@id\":\"https:\/\/tranthi.vn\/quangnam\/gia-son-phu-ngoai-that-jotun-jotashield-ben-mau-toi-uu-da-nang\/#primaryimage\",\"url\":\"https:\/\/tranthi.vn\/quangnam\/wp-content\/uploads\/2021\/02\/son-phu-ngoai-that-jotun-jotashield-ben-mau-toi-uu-1-300x300_optimized.jpg\",\"contentUrl\":\"https:\/\/tranthi.vn\/quangnam\/wp-content\/uploads\/2021\/02\/son-phu-ngoai-that-jotun-jotashield-ben-mau-toi-uu-1-300x300_optimized.jpg\",\"width\":300,\"height\":300},{\"@type\":\"BreadcrumbList\",\"@id\":\"https:\/\/tranthi.vn\/quangnam\/gia-son-phu-ngoai-that-jotun-jotashield-ben-mau-toi-uu-da-nang\/#breadcrumb\",\"itemListElement\":[{\"@type\":\"ListItem\",\"position\":1,\"name\":\"Trang ch\u1ee7\",\"item\":\"https:\/\/tranthi.vn\/quangnam\/\"},{\"@type\":\"ListItem\",\"position\":2,\"name\":\"Shop\",\"item\":\"https:\/\/tranthi.vn\/quangnam\/shop\/\"},{\"@type\":\"ListItem\",\"position\":3,\"name\":\"Jotun Jotashield B\u1ec1n M\u00e0u T\u1ed1i \u01afu &#8211; 5L-T\"}]},{\"@type\":\"WebSite\",\"@id\":\"https:\/\/tranthi.vn\/quangnam\/#website\",\"url\":\"https:\/\/tranthi.vn\/quangnam\/\",\"name\":\"V\u1eadt Li\u1ec7u X\u00e2y D\u1ef1ng Tr\u1ea7n Th\u1ecb Chi Nh\u00e1nh Qu\u1ea3ng Nam\",\"description\":\"V\u1eadt Li\u1ec7u X\u00e2y D\u1ef1ng - Qu\u1ea3ng Nam\",\"potentialAction\":[{\"@type\":\"SearchAction\",\"target\":{\"@type\":\"EntryPoint\",\"urlTemplate\":\"https:\/\/tranthi.vn\/quangnam\/?s={search_term_string}\"},\"query-input\":\"required name=search_term_string\"}],\"inLanguage\":\"vi\"},{\"@type\":\"ImageObject\",\"inLanguage\":\"vi\",\"@id\":\"https:\/\/tranthi.vn\/quangnam\/gia-son-phu-ngoai-that-jotun-jotashield-ben-mau-toi-uu-da-nang\/#local-main-organization-logo\",\"url\":\"\",\"contentUrl\":\"\",\"caption\":\"V\u1eadt Li\u1ec7u X\u00e2y D\u1ef1ng Tr\u1ea7n Th\u1ecb Chi Nh\u00e1nh Qu\u1ea3ng Nam\"}]}<\/script>\n<meta property=\"product:price:amount\" content=\"1236000\" \/>\n<meta property=\"product:price:currency\" content=\"VND\" \/>\n<meta property=\"og:availability\" content=\"instock\" \/>\n<meta property=\"product:availability\" content=\"instock\" \/>\n<meta property=\"product:condition\" content=\"new\" \/>\n<!-- \/ Yoast SEO Premium plugin. -->","yoast_head_json":{"title":"S\u01a1n ph\u1ee7 ngo\u1ea1i th\u1ea5t Jotun Jotashield b\u1ec1n m\u00e0u t\u1ea1i \u0110\u00e0 N\u1eb5ng - 0903.595.049","description":"Tr\u1ea7n Th\u1ecb l\u00e0 \u0111\u1ea1i l\u00fd s\u01a1n ph\u1ee7 ngo\u1ea1i th\u1ea5t Jotun Jotashield b\u1ec1n m\u00e0u t\u1ea1i \u0111\u00e0 n\u1eb5ng, ph\u1ee5c v\u1ee5 t\u1eadn ch\u00e2n c\u00f4ng tr\u00ecnh v\u1edbi gi\u00e1 r\u1ebb nh\u1ea5t th\u1ecb tr\u01b0\u1eddng \u0110\u00e0 N\u1eb5ng.","robots":{"index":"index","follow":"follow","max-snippet":"max-snippet:-1","max-image-preview":"max-image-preview:large","max-video-preview":"max-video-preview:-1"},"canonical":"https:\/\/tranthi.vn\/quangnam\/gia-son-phu-ngoai-that-jotun-jotashield-ben-mau-toi-uu-da-nang\/","og_locale":"vi_VN","og_type":"article","og_title":"Jotun Jotashield B\u1ec1n M\u00e0u T\u1ed1i \u01afu - 5L-T","og_description":"Tr\u1ea7n Th\u1ecb l\u00e0 \u0111\u1ea1i l\u00fd s\u01a1n ph\u1ee7 ngo\u1ea1i th\u1ea5t Jotun Jotashield b\u1ec1n m\u00e0u t\u1ea1i \u0111\u00e0 n\u1eb5ng, ph\u1ee5c v\u1ee5 t\u1eadn ch\u00e2n c\u00f4ng tr\u00ecnh v\u1edbi gi\u00e1 r\u1ebb nh\u1ea5t th\u1ecb tr\u01b0\u1eddng \u0110\u00e0 N\u1eb5ng.","og_url":"https:\/\/tranthi.vn\/quangnam\/gia-son-phu-ngoai-that-jotun-jotashield-ben-mau-toi-uu-da-nang\/","og_site_name":"V\u1eadt Li\u1ec7u X\u00e2y D\u1ef1ng Tr\u1ea7n Th\u1ecb Chi Nh\u00e1nh Qu\u1ea3ng Nam","article_modified_time":"2024-06-13T03:07:36+00:00","og_image":[{"width":300,"height":300,"url":"https:\/\/tranthi.vn\/quangnam\/wp-content\/uploads\/2021\/02\/son-phu-ngoai-that-jotun-jotashield-ben-mau-toi-uu-1-300x300_optimized.jpg","type":"image\/jpeg"}],"twitter_card":"summary_large_image","twitter_misc":{"Gi\u00e1":"1,236,000&nbsp;&#8363;","Kh\u1ea3 d\u1ee5ng":"Trong kho"},"schema":{"@context":"https:\/\/schema.org","@graph":[{"@type":["WebPage","ItemPage"],"@id":"https:\/\/tranthi.vn\/quangnam\/gia-son-phu-ngoai-that-jotun-jotashield-ben-mau-toi-uu-da-nang\/","url":"https:\/\/tranthi.vn\/quangnam\/gia-son-phu-ngoai-that-jotun-jotashield-ben-mau-toi-uu-da-nang\/","name":"S\u01a1n ph\u1ee7 ngo\u1ea1i th\u1ea5t Jotun Jotashield b\u1ec1n m\u00e0u t\u1ea1i \u0110\u00e0 N\u1eb5ng - 0903.595.049","isPartOf":{"@id":"https:\/\/tranthi.vn\/quangnam\/#website"},"primaryImageOfPage":{"@id":"https:\/\/tranthi.vn\/quangnam\/gia-son-phu-ngoai-that-jotun-jotashield-ben-mau-toi-uu-da-nang\/#primaryimage"},"image":{"@id":"https:\/\/tranthi.vn\/quangnam\/gia-son-phu-ngoai-that-jotun-jotashield-ben-mau-toi-uu-da-nang\/#primaryimage"},"thumbnailUrl":"https:\/\/tranthi.vn\/quangnam\/wp-content\/uploads\/2021\/02\/son-phu-ngoai-that-jotun-jotashield-ben-mau-toi-uu-1-300x300_optimized.jpg","datePublished":"2021-02-17T10:44:11+00:00","dateModified":"2024-06-13T03:07:36+00:00","description":"Tr\u1ea7n Th\u1ecb l\u00e0 \u0111\u1ea1i l\u00fd s\u01a1n ph\u1ee7 ngo\u1ea1i th\u1ea5t Jotun Jotashield b\u1ec1n m\u00e0u t\u1ea1i \u0111\u00e0 n\u1eb5ng, ph\u1ee5c v\u1ee5 t\u1eadn ch\u00e2n c\u00f4ng tr\u00ecnh v\u1edbi gi\u00e1 r\u1ebb nh\u1ea5t th\u1ecb tr\u01b0\u1eddng \u0110\u00e0 N\u1eb5ng.","breadcrumb":{"@id":"https:\/\/tranthi.vn\/quangnam\/gia-son-phu-ngoai-that-jotun-jotashield-ben-mau-toi-uu-da-nang\/#breadcrumb"},"inLanguage":"vi","potentialAction":[{"@type":"ReadAction","target":["https:\/\/tranthi.vn\/quangnam\/gia-son-phu-ngoai-that-jotun-jotashield-ben-mau-toi-uu-da-nang\/"]}]},{"@type":"ImageObject","inLanguage":"vi","@id":"https:\/\/tranthi.vn\/quangnam\/gia-son-phu-ngoai-that-jotun-jotashield-ben-mau-toi-uu-da-nang\/#primaryimage","url":"https:\/\/tranthi.vn\/quangnam\/wp-content\/uploads\/2021\/02\/son-phu-ngoai-that-jotun-jotashield-ben-mau-toi-uu-1-300x300_optimized.jpg","contentUrl":"https:\/\/tranthi.vn\/quangnam\/wp-content\/uploads\/2021\/02\/son-phu-ngoai-that-jotun-jotashield-ben-mau-toi-uu-1-300x300_optimized.jpg","width":300,"height":300},{"@type":"BreadcrumbList","@id":"https:\/\/tranthi.vn\/quangnam\/gia-son-phu-ngoai-that-jotun-jotashield-ben-mau-toi-uu-da-nang\/#breadcrumb","itemListElement":[{"@type":"ListItem","position":1,"name":"Trang ch\u1ee7","item":"https:\/\/tranthi.vn\/quangnam\/"},{"@type":"ListItem","position":2,"name":"Shop","item":"https:\/\/tranthi.vn\/quangnam\/shop\/"},{"@type":"ListItem","position":3,"name":"Jotun Jotashield B\u1ec1n M\u00e0u T\u1ed1i \u01afu &#8211; 5L-T"}]},{"@type":"WebSite","@id":"https:\/\/tranthi.vn\/quangnam\/#website","url":"https:\/\/tranthi.vn\/quangnam\/","name":"V\u1eadt Li\u1ec7u X\u00e2y D\u1ef1ng Tr\u1ea7n Th\u1ecb Chi Nh\u00e1nh Qu\u1ea3ng Nam","description":"V\u1eadt Li\u1ec7u X\u00e2y D\u1ef1ng - Qu\u1ea3ng Nam","potentialAction":[{"@type":"SearchAction","target":{"@type":"EntryPoint","urlTemplate":"https:\/\/tranthi.vn\/quangnam\/?s={search_term_string}"},"query-input":"required name=search_term_string"}],"inLanguage":"vi"},{"@type":"ImageObject","inLanguage":"vi","@id":"https:\/\/tranthi.vn\/quangnam\/gia-son-phu-ngoai-that-jotun-jotashield-ben-mau-toi-uu-da-nang\/#local-main-organization-logo","url":"","contentUrl":"","caption":"V\u1eadt Li\u1ec7u X\u00e2y D\u1ef1ng Tr\u1ea7n Th\u1ecb Chi Nh\u00e1nh Qu\u1ea3ng Nam"}]},"product_price_amount":"1236000","product_price_currency":"VND","og_availability":"instock","product_availability":"instock","product_condition":"new"},"_links":{"self":[{"href":"https:\/\/tranthi.vn\/quangnam\/wp-json\/wp\/v2\/product\/1526","targetHints":{"allow":["GET"]}}],"collection":[{"href":"https:\/\/tranthi.vn\/quangnam\/wp-json\/wp\/v2\/product"}],"about":[{"href":"https:\/\/tranthi.vn\/quangnam\/wp-json\/wp\/v2\/types\/product"}],"replies":[{"embeddable":true,"href":"https:\/\/tranthi.vn\/quangnam\/wp-json\/wp\/v2\/comments?post=1526"}],"wp:featuredmedia":[{"embeddable":true,"href":"https:\/\/tranthi.vn\/quangnam\/wp-json\/wp\/v2\/media\/1525"}],"wp:attachment":[{"href":"https:\/\/tranthi.vn\/quangnam\/wp-json\/wp\/v2\/media?parent=1526"}],"wp:term":[{"taxonomy":"product_cat","embeddable":true,"href":"https:\/\/tranthi.vn\/quangnam\/wp-json\/wp\/v2\/product_cat?post=1526"},{"taxonomy":"product_tag","embeddable":true,"href":"https:\/\/tranthi.vn\/quangnam\/wp-json\/wp\/v2\/product_tag?post=1526"}],"curies":[{"name":"wp","href":"https:\/\/api.w.org\/{rel}","templated":true}]}}