{"id":1492,"date":"2021-02-17T16:08:29","date_gmt":"2021-02-17T16:08:29","guid":{"rendered":"http:\/\/new-tranthi.test\/san-pham\/son-gia-da-kova-hat-min-gia-2-308-000\/"},"modified":"2024-11-14T16:04:12","modified_gmt":"2024-11-14T09:04:12","slug":"gia-son-gia-da-kova-tai-hoi-an-tam-ky-quang-nam","status":"publish","type":"product","link":"https:\/\/tranthi.vn\/quangnam\/gia-son-gia-da-kova-tai-hoi-an-tam-ky-quang-nam\/","title":{"rendered":"S\u01a1n Gi\u1ea3 \u0110\u00e1 Kova H\u1ea1t M\u1ecbn Gi\u00e1 : 2.500.000"},"content":{"rendered":"<h1 style=\"text-align: center;\"><span style=\"font-family: 'times new roman', times, serif; font-size: 130%;\"><strong><span style=\"color: #ff0000;\">S\u01a0N GI\u1ea2 \u0110\u00c1 KOVA H\u1ea0T M\u1ecaN T\u1ea0I H\u1ed8I AN-TAM K\u1ef2-QU\u1ea2NG NAM<\/span><\/strong><\/span><\/h1>\n<p><span style=\"font-size: 14pt; font-family: 'times new roman', times, serif; color: #000000;\"><em><strong>T\u1ea1i <a href=\"https:\/\/vi.wikipedia.org\/wiki\/Qu%E1%BA%A3ng_Nam\">Qu\u1ea3ng Nam<\/a> s\u01a1n gi\u1ea3 \u0111\u00e1 kova<\/strong><\/em> \u0111\u01b0\u1ee3c ph\u00e1t tri\u1ec3n nhi\u1ec1u lo\u1ea1i h\u01a1n bao g\u1ed3m h\u1ea1t l\u1edbn, hat m\u1ecbn. B\u1ec1 m\u1eb7t b\u00f3ng, s\u01a1n trong, s\u01a1n ngo\u00e0i&#8230;. Tuy nhi\u00ean nhi\u1ec1u c\u00e2u h\u1ecfi \u0111\u1eb7t ra li\u1ec7u s\u01a1n gi\u1ea3 \u0111\u00e1 kova c\u00f3 th\u1ef1c s\u1ef1 b\u1ec1n kh\u00f4ng, th\u1eddi gian s\u1eed d\u1ee5ng \u0111\u01b0\u1ee3c bao l\u00e2u?. Ch\u00fang ta c\u00f9ng t\u00ecm hi\u1ec3u sau \u0111\u00e2y nh\u00e9<\/span><\/p>\n<figure id=\"attachment_7703\" aria-describedby=\"caption-attachment-7703\" style=\"width: 300px\" class=\"wp-caption aligncenter\"><img loading=\"lazy\" decoding=\"async\" class=\"size-full wp-image-7703\" src=\"https:\/\/tranthi.vn\/quangnam\/wp-content\/uploads\/2021\/02\/gia-da-kova-tai-tam-ky-hoi-an-quang-nam.jpg\" alt=\"gi\u1ea3 \u0111\u00e1 kova t\u1ea1i tam k\u1ef3- h\u1ed9i an- qu\u1ea3ng nam\" width=\"300\" height=\"300\" srcset=\"https:\/\/tranthi.vn\/quangnam\/wp-content\/uploads\/2021\/02\/gia-da-kova-tai-tam-ky-hoi-an-quang-nam.jpg 300w, https:\/\/tranthi.vn\/quangnam\/wp-content\/uploads\/2021\/02\/gia-da-kova-tai-tam-ky-hoi-an-quang-nam-100x100.jpg 100w\" sizes=\"auto, (max-width: 300px) 100vw, 300px\" \/><figcaption id=\"caption-attachment-7703\" class=\"wp-caption-text\">gi\u1ea3 \u0111\u00e1 kova t\u1ea1i tam k\u1ef3- h\u1ed9i an- qu\u1ea3ng nam<\/figcaption><\/figure>\n<h2><span style=\"color: #ff0000; font-family: 'times new roman', times, serif; font-size: 14pt;\"><strong>1. \u0110\u1eb6C \u0110I\u1ec2M V\u01af\u1ee2T TR\u1ed8I S\u01a0N GI\u1ea2 \u0110\u00c1<\/strong><\/span><\/h2>\n<p><span style=\"font-family: 'times new roman', times, serif; font-size: 14pt; color: #000000;\">Kh\u00f4ng ph\u1ea3i ng\u1eabu nhi\u00ean m\u00e0 ng\u01b0\u1eddi ta s\u1eed d\u1ee5ng<strong><em> s\u01a1n gi\u1ea3 \u0111\u00e1<\/em><\/strong> v\u00e0 tr\u1edf n\u00ean ph\u1ed5 bi\u1ebfn nh\u01b0 b\u00e2y gi\u1edd. \u0110\u1eb7c bi\u1ec7t l\u00e0 d\u00f9ng cho nh\u1eefng c\u00f4ng tr\u00ecnh \u0111\u1eb3ng c\u1ea5p, sang tr\u1ecdng quy m\u00f4 l\u1edbn. T\u1ea5t nhi\u00ean n\u00f3 ph\u1ea3i c\u00f3 nh\u1eefng t\u00ednh n\u0103ng v\u01b0\u1ee3t tr\u1ed9i h\u01a1n nh\u1eefng lo\u1ea1i s\u01a1n kh\u00e1c<\/span><\/p>\n<ul>\n<li><span style=\"font-family: 'times new roman', times, serif; font-size: 14pt; color: #000000;\">So v\u1edbi s\u1eed d\u1ee5ng \u0111\u00e1 t\u1ef1 nhi\u00ean \u0111\u1ec3 trang tr\u00ed th\u00ec s\u1eed d\u1ee5ng <strong><em>s\u01a1n gi\u1ea3 \u0111\u00e1<\/em><\/strong> ti\u1ebft ki\u1ec7m chi ph\u00ed h\u01a1n r\u1ea5t nhi\u1ec1u<\/span><\/li>\n<li><span style=\"font-family: 'times new roman', times, serif; font-size: 14pt; color: #000000;\">V\u1eabn t\u1ea1o cho c\u00f4ng tr\u00ecnh v\u1ebb sang tr\u1ecdng, h\u00e0o nho\u00e1ng m\u00e0 kh\u00f4ng l\u00e0m n\u1eb7ng c\u00f4ng tr\u00ecnh<\/span><\/li>\n<li><span style=\"font-family: 'times new roman', times, serif; font-size: 14pt; color: #000000;\">Th\u1eddi gian thi c\u00f4ng gi\u1ea3m \u0111\u00e1ng k\u1ec3, ti\u1ebft ki\u1ec7m nh\u00e2n l\u1ef1c<\/span><\/li>\n<li><span style=\"font-family: 'times new roman', times, serif; font-size: 14pt; color: #000000;\">c\u00f3 th\u1ec3 thi c\u00f4ng \u1edf t\u1ea5t c\u1ea3 c\u00e1c v\u1ecb tr\u00ed ph\u1ee9c t\u1ea1p m\u1ed9t c\u00e1ch d\u1ec5 d\u00e0ng<\/span><\/li>\n<li><span style=\"font-family: 'times new roman', times, serif; font-size: 14pt; color: #000000;\">d\u1ec5 d\u00e0ng thay m\u1edbi khi gia ch\u1ee7 mu\u1ed1n<\/span><\/li>\n<\/ul>\n<table style=\"border-collapse: collapse; width: 100%;\">\n<tbody>\n<tr>\n<td style=\"width: 33.3333%;\">|<img loading=\"lazy\" decoding=\"async\" class=\"alignnone size-full wp-image-4254\" src=\"https:\/\/tranthi.vn\/quangnam\/wp-content\/uploads\/2021\/02\/bang-mau-son-gia-da-kova-da-nang1_optimized.jpg\" alt=\"\" width=\"300\" height=\"450\" \/><\/td>\n<td style=\"width: 33.3333%;\"><img loading=\"lazy\" decoding=\"async\" class=\"alignnone size-full wp-image-4255\" src=\"https:\/\/tranthi.vn\/quangnam\/wp-content\/uploads\/2021\/02\/bang-mau-son-gia-da-kova-da-nang2_optimized.jpg\" alt=\"\" width=\"300\" height=\"450\" \/><\/td>\n<td style=\"width: 33.3333%;\"><img loading=\"lazy\" decoding=\"async\" class=\"alignnone size-full wp-image-4256\" src=\"https:\/\/tranthi.vn\/quangnam\/wp-content\/uploads\/2021\/02\/bang-mau-son-gia-da-kova-da-nang3_optimized.jpg\" alt=\"\" width=\"300\" height=\"450\" \/><\/td>\n<\/tr>\n<tr>\n<td style=\"width: 33.3333%;\"><img loading=\"lazy\" decoding=\"async\" class=\"alignnone size-full wp-image-4257\" src=\"https:\/\/tranthi.vn\/quangnam\/wp-content\/uploads\/2021\/02\/bang-mau-son-gia-da-kova-da-nang4_optimized.jpg\" alt=\"\" width=\"300\" height=\"450\" \/><\/td>\n<td style=\"width: 33.3333%;\"><img loading=\"lazy\" decoding=\"async\" class=\"alignnone size-full wp-image-4258\" src=\"https:\/\/tranthi.vn\/quangnam\/wp-content\/uploads\/2021\/02\/bang-mau-son-gia-da-kova-da-nang-5_optimized.jpg\" alt=\"\" width=\"300\" height=\"450\" \/><\/td>\n<td style=\"width: 33.3333%;\"><\/td>\n<\/tr>\n<\/tbody>\n<\/table>\n<h2><span style=\"color: #ff0000;\"><strong><span style=\"font-size: 14pt; font-family: 'times new roman', times, serif;\">\u00a0<\/span><\/strong><\/span><\/h2>\n<p style=\"text-align: center;\"><strong><em><span style=\"color: #008000;\"><span style=\"font-family: 'times new roman', times, serif; font-size: 14pt;\">B\u1ec1 m\u1eb7t s\u01a1n gi\u1ea3 \u0111\u00e1 Kova h\u1ea1t m\u1ecbn<\/span><\/span><\/em><\/strong><\/p>\n<h2><span style=\"color: #ff0000;\"><strong><span style=\"font-size: 14pt; font-family: 'times new roman', times, serif;\">2. S\u01a0N GI\u1ea2 \u0110\u00c1 KOVA C\u00d3 B\u1ec0N KH\u00d4NG?<\/span><\/strong><\/span><\/h2>\n<ul>\n<li><span style=\"font-family: 'times new roman', times, serif; font-size: 14pt; color: #000000;\"><span style=\"color: #008000;\"><span style=\"color: #000000;\">T\u1ea1i<\/span><\/span><a href=\"https:\/\/vi.wikipedia.org\/wiki\/Qu%E1%BA%A3ng_Nam\"><span style=\"color: #008000;\"> Qu\u1ea3ng Nam<\/span><\/a><span style=\"color: #000000;\">\u00a0\u0111a s\u1ed1 c\u00e1c ch\u1ee7 th\u1ea7u s\u1eed d\u1ee5ng th\u01b0\u01a1ng hi\u1ec7u <\/span><strong style=\"color: #000000;\"><em>s\u01a1n gi\u1ea3 \u0111\u00e1 Kova <\/em><\/strong><span style=\"color: #000000;\">\u0111\u1ec3 s\u1eed d\u1ee5ng cho nh\u1eefng c\u00f4ng tr\u00ecnh c\u00f3 quy m\u00f4 l\u1edbn. \u0110\u1eb7c bi\u1ec7t \u0111\u1ed9 b\u1ec1n c\u1ee7a s\u01a1n gi\u1ea3 \u0111\u00e1 kova l\u00ean \u0111\u1ebfn 15 n\u0103m m\u00e0 kh\u00f4ng c\u1ea7n m\u1ed9t t\u00e1c \u0111\u1ed9ng h\u1ed7 tr\u1ee3 n\u00e0o<\/span><\/span><\/li>\n<li><span style=\"font-family: 'times new roman', times, serif; font-size: 14pt; color: #000000;\">\u0110\u1ed1i v\u1edbi s\u01a1n ngo\u00e0i tr\u1eddi th\u1eddi gian gi\u1eef m\u00e0u l\u00e0 10-15 n\u0103m, v\u00e0 trong nh\u00e0 l\u00e0 15-20 n\u0103m. S\u01a1n \u0111\u01b0\u1ee3c s\u1ea3n xu\u1ea5t c\u1ef1c k\u00ec ph\u00f9 h\u1ee3p v\u1edbi kh\u00ed h\u1eadu nhi\u1ec7t \u0111\u1edbi n\u00f3ng \u1ea9m c\u1ee7a Vi\u1ec7t Nam N\u00f3i chung v\u00e0 Qu\u1ea3ng Nam n\u00f3i ri\u00eang<\/span><\/li>\n<\/ul>\n<p><img loading=\"lazy\" decoding=\"async\" class=\"size-full wp-image-7704 aligncenter\" src=\"https:\/\/tranthi.vn\/quangnam\/wp-content\/uploads\/2021\/02\/gia-da-kova-tai-tam-ky-hoi-an-quang-nam-1.jpg\" alt=\"gi\u1ea3 \u0111\u00e1 kova t\u1ea1i tam k\u1ef3- h\u1ed9i an - qu\u1ea3ng nam\" width=\"300\" height=\"400\" \/><\/p>\n<p style=\"text-align: center;\"><span style=\"font-family: 'times new roman', times, serif; font-size: 130%;\"><strong><em><span style=\"color: #008000;\">\u0110\u1ec3 \u0111\u1ea1t \u0111\u1ed9 b\u1ec1n c\u1ea7n ph\u1ee7 th\u00eam 1 l\u1edbp s\u01a1n b\u00f3ng trong su\u1ed1t<\/span><\/em><\/strong><\/span><\/p>\n<ul>\n<li><span style=\"font-family: 'times new roman', times, serif; font-size: 14pt; color: #000000;\">\u0110\u1eb7c bi\u1ec7t b\u1ec1 m\u1eb7t t\u01b0\u1eddng s\u01a1n d\u1ec5 d\u00e0ng ch\u00f9i r\u1eeda m\u00e0 kh\u00f4ng s\u1ee3 phai m\u00e0u hay bong tr\u00f3c. \u0110\u1ed3ng th\u1eddi kh\u00f4ng l\u00e0m n\u1eb7ng c\u00f4ng tr\u00ecnh nh\u01b0 s\u1ea3n ph\u1ea9m \u0111\u00e1 t\u1ef1 nhi\u00ean<\/span><\/li>\n<\/ul>\n<h3><span style=\"color: #008000;\"><em><strong><span style=\"font-size: 14pt; font-family: 'times new roman', times, serif;\">Tuy nhi\u00ean s\u1ebd c\u00f3 m\u1ed9t v\u00e0i y\u1ebfu t\u1ed1 t\u00e1c \u0111\u1ed9ng \u0111\u1ebfn \u0111\u1ed9 b\u1ec1n c\u1ee7a s\u01a1n gi\u1ea3 \u0111\u00e1 Kova<\/span><\/strong><\/em><\/span><\/h3>\n<ul>\n<li><span style=\"font-size: 14pt; font-family: 'times new roman', times, serif; color: #000000;\">L\u1edbp s\u01a1n l\u00f3t ho\u1eb7c b\u1ed9t tr\u00e9t t\u1ea1o n\u1ec1n cho l\u1edbp s\u01a1n \u0111\u00e1: Tr\u01b0\u1edbc khi thi c\u00f4ng l\u1edbp s\u01a1n \u0111\u00e1, b\u1ea1n c\u1ea7n chu\u1ea9n b\u1ecb b\u1ec1 m\u1eb7t n\u1ec1n th\u1eadt k\u1ef9 l\u01b0\u1ee1ng. L\u1edbp s\u01a1n l\u00f3t ho\u1eb7c b\u1ed9t tr\u00e9t c\u1ea7n t\u1ea1o \u0111\u1ed9 b\u00f3ng v\u00e0 \u0111\u00e0n h\u1ed3i. N\u1ebfu s\u1eed d\u1ee5ng l\u1edbp s\u01a1n ho\u1eb7c b\u1ed9t tr\u00e9t l\u00f3t kh\u00f4ng \u0111\u1ea1t y\u00eau c\u1ea7u, l\u1edbp s\u01a1n \u0111\u00e1 s\u1ebd r\u1ea5t d\u1ec5 bong tr\u00f3c v\u00e0 kh\u00f4ng b\u1ec1n m\u00e0u.<\/span><\/li>\n<li><span style=\"font-size: 14pt; font-family: 'times new roman', times, serif; color: #000000;\">K\u1ef9 thu\u1eadt s\u01a1n: S\u01a1n \u0111\u00e1 t\u01b0\u01a1ng \u0111\u1ed1i kh\u00e1c v\u1edbi nh\u1eefng lo\u1ea1i s\u01a1n trang tr\u00ed kh\u00e1c, b\u1edfi l\u1ebd b\u1ea1n ph\u1ea3i s\u01a1n \u0111\u00fang k\u1ef9 thu\u1eadt th\u00ec m\u1edbi t\u1ea1o \u0111\u01b0\u1ee3c l\u1edbp v\u00e2n \u0111\u00e1 \u0111\u1eb9p t\u1ef1 nhi\u00ean v\u00e0 b\u1ec1n m\u00e0u v\u1edbi th\u1eddi gian.<\/span><\/li>\n<li><span style=\"font-size: 14pt; font-family: 'times new roman', times, serif; color: #000000;\">Th\u01b0\u01a1ng hi\u1ec7u s\u01a1n: Khi <strong><em>s\u01a1n gi\u1ea3 \u0111\u00e1<\/em><\/strong> ngh\u1ec7 thu\u1eadt \u0111\u01b0\u1ee3c nhi\u1ec1u gia ch\u1ee7 ch\u1ecdn l\u1ef1a, th\u00ec c\u0169ng l\u00e0 l\u00fac c\u00f3 v\u00f4 s\u1ed1 nh\u00e0 cung c\u1ea5p \u0111\u01b0a lo\u1ea1i s\u01a1n n\u00e0y ra th\u1ecb tr\u01b0\u1eddng <strong><em>kova<\/em><\/strong> l\u00e0 d\u00f2ng s\u01a1n \u0111\u01b0\u1ee3c \u01b0a chu\u1ed9ng v\u00e0 tin t\u01b0\u1edfng nh\u1ea5t<\/span><\/li>\n<\/ul>\n<p style=\"text-align: center;\"><iframe loading=\"lazy\" src=\"\/\/www.youtube.com\/embed\/aNsUSBGAzCc\" width=\"560\" height=\"314\" allowfullscreen=\"allowfullscreen\"><\/iframe><\/p>\n","protected":false},"excerpt":{"rendered":"<p><span style=\"color: #000000; font-family: 'times new roman', times, serif; font-size: 130%;\">\ud83d\ude1b Giao h\u00e0ng trong \u0111\u1ecba b\u00e0n <a href=\"https:\/\/vi.wikipedia.org\/wiki\/Qu%E1%BA%A3ng_Nam\"><em>Qu\u1ea3ng Nam<\/em><\/a><\/span><\/p>\n<p><span style=\"font-family: 'times new roman', times, serif; font-size: 130%;\"><span style=\"color: #000000;\">\ud83d\ude1b \u0110\u01a1n v\u1ecb t\u00ednh: Th\u00f9ng<\/span><span style=\"color: #000000;\">\u00a0<\/span><\/span><\/p>\n<p><span style=\"color: #000000; font-family: 'times new roman', times, serif; font-size: 130%;\">\ud83d\ude1b \u0110\u01a1n gi\u00e1<em><strong>: S\u01a1n gi\u1ea3 \u0111\u00e1 Kova h\u1ea1t m\u1ecbn t\u1ea1i Qu\u1ea3ng Nam\u00a0\u00a0<\/strong><\/em>trong n\u1ed9i th\u00e0nh. \u0110\u01a1n gi\u00e1 cho 5 s\u1ea3n ph\u1ea9m tr\u1edf l\u00ean<\/span><\/p>\n<ul style=\"list-style-type: circle;\">\n<li><span style=\"font-size: 130%; font-family: 'times new roman', times, serif; color: #ff0000;\"><strong>2.500.000\u0111\/20kg<\/strong><\/span><\/li>\n<li><span style=\"color: #ff0000; font-size: 130%; font-family: 'times new roman', times, serif;\"><strong>600.000\u0111\/4kg<\/strong><\/span><\/li>\n<\/ul>\n<p><span style=\"color: #000000; font-family: 'times new roman', times, serif; font-size: 130%;\">\ud83d\ude1b Ngo\u00e0i ra Tr\u1ea7n Th\u1ecb c\u00f2n nh\u1eadn giao h\u00e0ng \u0111\u1ebfn c\u00e1c \u0111i\u1ec3m <strong><a style=\"color: #000000;\" href=\"https:\/\/vi.wikipedia.org\/wiki\/%C4%90%C3%B4ng_H%C3%A0\">\u0110\u00f4ng H\u00e0 Qu\u1ea3ng tr\u1ecb<\/a><\/strong>, <strong><a style=\"color: #000000;\" href=\"https:\/\/vi.wikipedia.org\/wiki\/H%E1%BB%99i_An\">H\u1ed9i An<\/a><\/strong>, <strong><a style=\"color: #000000;\" href=\"https:\/\/vi.wikipedia.org\/wiki\/Tam_K%E1%BB%B3\">Tam k\u1ef3 Qu\u1ea3ng Nam<\/a><\/strong>,<strong><a style=\"color: #000000;\" href=\"https:\/\/vi.wikipedia.org\/wiki\/Hu%E1%BA%BF\"> Hu\u1ebf<\/a><\/strong> , <strong><a style=\"color: #000000;\" href=\"https:\/\/vi.wikipedia.org\/wiki\/Qu%E1%BA%A3ng_Ng%C3%A3i\">Qu\u1ea3ng Ng\u00e3i<\/a><\/strong> -Chi ph\u00ed v\u1eadn chuy\u1ec3n s\u1ebd t\u00ednh theo kho\u1ea3ng c\u00e1ch v\u00e0 s\u1ed1 l\u01b0\u1ee3ng h\u00e0ng h\u00f3a nh\u1eadp<\/span><\/p>\n","protected":false},"featured_media":1491,"comment_status":"open","ping_status":"closed","template":"","meta":[],"product_cat":[152],"product_tag":[],"class_list":{"0":"post-1492","1":"product","2":"type-product","3":"status-publish","4":"has-post-thumbnail","6":"product_cat-son-gia-da","8":"first","9":"instock","10":"sale","11":"shipping-taxable","12":"purchasable","13":"product-type-simple"},"yoast_head":"<!-- This site is optimized with the Yoast SEO Premium plugin v22.3 (Yoast SEO v22.8) - https:\/\/yoast.com\/wordpress\/plugins\/seo\/ -->\n<title>S\u01a1n gi\u1ea3 \u0111\u00e1 Kova h\u1ea1t m\u1ecbn t\u1ea1i Qu\u1ea3ng Nam-0947.335.871<\/title>\n<meta name=\"description\" content=\"Tr\u1ea7n Th\u1ecb - \u0111\u1ea1i l\u00fd chuy\u00ean cung c\u1ea5p s\u01a1n Kova gi\u1ea3 \u0111\u00e1 h\u1ea1t m\u1ecbn, h\u1ea1t l\u1edbn, s\u01a1n trong, s\u01a1n ngo\u00e0i gi\u00e1 r\u1ebb t\u1ea1i Qu\u1ea3ng Nam, \u0111\u1ea3m b\u1ea3o s\u1ea3n ph\u1ea9m ch\u00ednh h\u00e3ng\" \/>\n<meta name=\"robots\" content=\"index, follow, max-snippet:-1, max-image-preview:large, max-video-preview:-1\" \/>\n<link rel=\"canonical\" href=\"https:\/\/tranthi.vn\/quangnam\/gia-son-gia-da-kova-tai-hoi-an-tam-ky-quang-nam\/\" \/>\n<meta property=\"og:locale\" content=\"vi_VN\" \/>\n<meta property=\"og:type\" content=\"article\" \/>\n<meta property=\"og:title\" content=\"S\u01a1n Gi\u1ea3 \u0110\u00e1 Kova H\u1ea1t M\u1ecbn Gi\u00e1 : 2.500.000\" \/>\n<meta property=\"og:description\" content=\"Tr\u1ea7n Th\u1ecb - \u0111\u1ea1i l\u00fd chuy\u00ean cung c\u1ea5p s\u01a1n Kova gi\u1ea3 \u0111\u00e1 h\u1ea1t m\u1ecbn, h\u1ea1t l\u1edbn, s\u01a1n trong, s\u01a1n ngo\u00e0i gi\u00e1 r\u1ebb t\u1ea1i Qu\u1ea3ng Nam, \u0111\u1ea3m b\u1ea3o s\u1ea3n ph\u1ea9m ch\u00ednh h\u00e3ng\" \/>\n<meta property=\"og:url\" content=\"https:\/\/tranthi.vn\/quangnam\/gia-son-gia-da-kova-tai-hoi-an-tam-ky-quang-nam\/\" \/>\n<meta property=\"og:site_name\" content=\"V\u1eadt Li\u1ec7u X\u00e2y D\u1ef1ng Tr\u1ea7n Th\u1ecb Chi Nh\u00e1nh Qu\u1ea3ng Nam\" \/>\n<meta property=\"article:modified_time\" content=\"2024-11-14T09:04:12+00:00\" \/>\n<meta property=\"og:image\" content=\"https:\/\/tranthi.vn\/quangnam\/wp-content\/uploads\/2021\/02\/son-min-gia-da-1.jpg\" \/>\n\t<meta property=\"og:image:width\" content=\"1280\" \/>\n\t<meta property=\"og:image:height\" content=\"824\" \/>\n\t<meta property=\"og:image:type\" content=\"image\/jpeg\" \/>\n<meta name=\"twitter:card\" content=\"summary_large_image\" \/>\n<meta name=\"twitter:label1\" content=\"Gi\u00e1\" \/>\n\t<meta name=\"twitter:data1\" content=\"2,500,000&nbsp;&#8363;\" \/>\n\t<meta name=\"twitter:label2\" content=\"Kh\u1ea3 d\u1ee5ng\" \/>\n\t<meta name=\"twitter:data2\" content=\"Trong kho\" \/>\n<script type=\"application\/ld+json\" class=\"yoast-schema-graph\">{\"@context\":\"https:\/\/schema.org\",\"@graph\":[{\"@type\":[\"WebPage\",\"ItemPage\"],\"@id\":\"https:\/\/tranthi.vn\/quangnam\/gia-son-gia-da-kova-tai-hoi-an-tam-ky-quang-nam\/\",\"url\":\"https:\/\/tranthi.vn\/quangnam\/gia-son-gia-da-kova-tai-hoi-an-tam-ky-quang-nam\/\",\"name\":\"S\u01a1n gi\u1ea3 \u0111\u00e1 Kova h\u1ea1t m\u1ecbn t\u1ea1i Qu\u1ea3ng Nam-0947.335.871\",\"isPartOf\":{\"@id\":\"https:\/\/tranthi.vn\/quangnam\/#website\"},\"primaryImageOfPage\":{\"@id\":\"https:\/\/tranthi.vn\/quangnam\/gia-son-gia-da-kova-tai-hoi-an-tam-ky-quang-nam\/#primaryimage\"},\"image\":{\"@id\":\"https:\/\/tranthi.vn\/quangnam\/gia-son-gia-da-kova-tai-hoi-an-tam-ky-quang-nam\/#primaryimage\"},\"thumbnailUrl\":\"https:\/\/tranthi.vn\/quangnam\/wp-content\/uploads\/2021\/02\/son-min-gia-da-1.jpg\",\"datePublished\":\"2021-02-17T16:08:29+00:00\",\"dateModified\":\"2024-11-14T09:04:12+00:00\",\"description\":\"Tr\u1ea7n Th\u1ecb - \u0111\u1ea1i l\u00fd chuy\u00ean cung c\u1ea5p s\u01a1n Kova gi\u1ea3 \u0111\u00e1 h\u1ea1t m\u1ecbn, h\u1ea1t l\u1edbn, s\u01a1n trong, s\u01a1n ngo\u00e0i gi\u00e1 r\u1ebb t\u1ea1i Qu\u1ea3ng Nam, \u0111\u1ea3m b\u1ea3o s\u1ea3n ph\u1ea9m ch\u00ednh h\u00e3ng\",\"breadcrumb\":{\"@id\":\"https:\/\/tranthi.vn\/quangnam\/gia-son-gia-da-kova-tai-hoi-an-tam-ky-quang-nam\/#breadcrumb\"},\"inLanguage\":\"vi\",\"potentialAction\":[{\"@type\":\"ReadAction\",\"target\":[\"https:\/\/tranthi.vn\/quangnam\/gia-son-gia-da-kova-tai-hoi-an-tam-ky-quang-nam\/\"]}]},{\"@type\":\"ImageObject\",\"inLanguage\":\"vi\",\"@id\":\"https:\/\/tranthi.vn\/quangnam\/gia-son-gia-da-kova-tai-hoi-an-tam-ky-quang-nam\/#primaryimage\",\"url\":\"https:\/\/tranthi.vn\/quangnam\/wp-content\/uploads\/2021\/02\/son-min-gia-da-1.jpg\",\"contentUrl\":\"https:\/\/tranthi.vn\/quangnam\/wp-content\/uploads\/2021\/02\/son-min-gia-da-1.jpg\",\"width\":1280,\"height\":824},{\"@type\":\"BreadcrumbList\",\"@id\":\"https:\/\/tranthi.vn\/quangnam\/gia-son-gia-da-kova-tai-hoi-an-tam-ky-quang-nam\/#breadcrumb\",\"itemListElement\":[{\"@type\":\"ListItem\",\"position\":1,\"name\":\"Trang ch\u1ee7\",\"item\":\"https:\/\/tranthi.vn\/quangnam\/\"},{\"@type\":\"ListItem\",\"position\":2,\"name\":\"Shop\",\"item\":\"https:\/\/tranthi.vn\/quangnam\/shop\/\"},{\"@type\":\"ListItem\",\"position\":3,\"name\":\"S\u01a1n Gi\u1ea3 \u0110\u00e1 Kova H\u1ea1t M\u1ecbn Gi\u00e1 : 2.500.000\"}]},{\"@type\":\"WebSite\",\"@id\":\"https:\/\/tranthi.vn\/quangnam\/#website\",\"url\":\"https:\/\/tranthi.vn\/quangnam\/\",\"name\":\"V\u1eadt Li\u1ec7u X\u00e2y D\u1ef1ng Tr\u1ea7n Th\u1ecb Chi Nh\u00e1nh Qu\u1ea3ng Nam\",\"description\":\"V\u1eadt Li\u1ec7u X\u00e2y D\u1ef1ng - Qu\u1ea3ng Nam\",\"potentialAction\":[{\"@type\":\"SearchAction\",\"target\":{\"@type\":\"EntryPoint\",\"urlTemplate\":\"https:\/\/tranthi.vn\/quangnam\/?s={search_term_string}\"},\"query-input\":\"required name=search_term_string\"}],\"inLanguage\":\"vi\"},{\"@type\":\"ImageObject\",\"inLanguage\":\"vi\",\"@id\":\"https:\/\/tranthi.vn\/quangnam\/gia-son-gia-da-kova-tai-hoi-an-tam-ky-quang-nam\/#local-main-organization-logo\",\"url\":\"\",\"contentUrl\":\"\",\"caption\":\"V\u1eadt Li\u1ec7u X\u00e2y D\u1ef1ng Tr\u1ea7n Th\u1ecb Chi Nh\u00e1nh Qu\u1ea3ng Nam\"}]}<\/script>\n<meta property=\"product:price:amount\" content=\"2500000\" \/>\n<meta property=\"product:price:currency\" content=\"VND\" \/>\n<meta property=\"og:availability\" content=\"instock\" \/>\n<meta property=\"product:availability\" content=\"instock\" \/>\n<meta property=\"product:condition\" content=\"new\" \/>\n<!-- \/ Yoast SEO Premium plugin. -->","yoast_head_json":{"title":"S\u01a1n gi\u1ea3 \u0111\u00e1 Kova h\u1ea1t m\u1ecbn t\u1ea1i Qu\u1ea3ng Nam-0947.335.871","description":"Tr\u1ea7n Th\u1ecb - \u0111\u1ea1i l\u00fd chuy\u00ean cung c\u1ea5p s\u01a1n Kova gi\u1ea3 \u0111\u00e1 h\u1ea1t m\u1ecbn, h\u1ea1t l\u1edbn, s\u01a1n trong, s\u01a1n ngo\u00e0i gi\u00e1 r\u1ebb t\u1ea1i Qu\u1ea3ng Nam, \u0111\u1ea3m b\u1ea3o s\u1ea3n ph\u1ea9m ch\u00ednh h\u00e3ng","robots":{"index":"index","follow":"follow","max-snippet":"max-snippet:-1","max-image-preview":"max-image-preview:large","max-video-preview":"max-video-preview:-1"},"canonical":"https:\/\/tranthi.vn\/quangnam\/gia-son-gia-da-kova-tai-hoi-an-tam-ky-quang-nam\/","og_locale":"vi_VN","og_type":"article","og_title":"S\u01a1n Gi\u1ea3 \u0110\u00e1 Kova H\u1ea1t M\u1ecbn Gi\u00e1 : 2.500.000","og_description":"Tr\u1ea7n Th\u1ecb - \u0111\u1ea1i l\u00fd chuy\u00ean cung c\u1ea5p s\u01a1n Kova gi\u1ea3 \u0111\u00e1 h\u1ea1t m\u1ecbn, h\u1ea1t l\u1edbn, s\u01a1n trong, s\u01a1n ngo\u00e0i gi\u00e1 r\u1ebb t\u1ea1i Qu\u1ea3ng Nam, \u0111\u1ea3m b\u1ea3o s\u1ea3n ph\u1ea9m ch\u00ednh h\u00e3ng","og_url":"https:\/\/tranthi.vn\/quangnam\/gia-son-gia-da-kova-tai-hoi-an-tam-ky-quang-nam\/","og_site_name":"V\u1eadt Li\u1ec7u X\u00e2y D\u1ef1ng Tr\u1ea7n Th\u1ecb Chi Nh\u00e1nh Qu\u1ea3ng Nam","article_modified_time":"2024-11-14T09:04:12+00:00","og_image":[{"width":1280,"height":824,"url":"https:\/\/tranthi.vn\/quangnam\/wp-content\/uploads\/2021\/02\/son-min-gia-da-1.jpg","type":"image\/jpeg"}],"twitter_card":"summary_large_image","twitter_misc":{"Gi\u00e1":"2,500,000&nbsp;&#8363;","Kh\u1ea3 d\u1ee5ng":"Trong kho"},"schema":{"@context":"https:\/\/schema.org","@graph":[{"@type":["WebPage","ItemPage"],"@id":"https:\/\/tranthi.vn\/quangnam\/gia-son-gia-da-kova-tai-hoi-an-tam-ky-quang-nam\/","url":"https:\/\/tranthi.vn\/quangnam\/gia-son-gia-da-kova-tai-hoi-an-tam-ky-quang-nam\/","name":"S\u01a1n gi\u1ea3 \u0111\u00e1 Kova h\u1ea1t m\u1ecbn t\u1ea1i Qu\u1ea3ng Nam-0947.335.871","isPartOf":{"@id":"https:\/\/tranthi.vn\/quangnam\/#website"},"primaryImageOfPage":{"@id":"https:\/\/tranthi.vn\/quangnam\/gia-son-gia-da-kova-tai-hoi-an-tam-ky-quang-nam\/#primaryimage"},"image":{"@id":"https:\/\/tranthi.vn\/quangnam\/gia-son-gia-da-kova-tai-hoi-an-tam-ky-quang-nam\/#primaryimage"},"thumbnailUrl":"https:\/\/tranthi.vn\/quangnam\/wp-content\/uploads\/2021\/02\/son-min-gia-da-1.jpg","datePublished":"2021-02-17T16:08:29+00:00","dateModified":"2024-11-14T09:04:12+00:00","description":"Tr\u1ea7n Th\u1ecb - \u0111\u1ea1i l\u00fd chuy\u00ean cung c\u1ea5p s\u01a1n Kova gi\u1ea3 \u0111\u00e1 h\u1ea1t m\u1ecbn, h\u1ea1t l\u1edbn, s\u01a1n trong, s\u01a1n ngo\u00e0i gi\u00e1 r\u1ebb t\u1ea1i Qu\u1ea3ng Nam, \u0111\u1ea3m b\u1ea3o s\u1ea3n ph\u1ea9m ch\u00ednh h\u00e3ng","breadcrumb":{"@id":"https:\/\/tranthi.vn\/quangnam\/gia-son-gia-da-kova-tai-hoi-an-tam-ky-quang-nam\/#breadcrumb"},"inLanguage":"vi","potentialAction":[{"@type":"ReadAction","target":["https:\/\/tranthi.vn\/quangnam\/gia-son-gia-da-kova-tai-hoi-an-tam-ky-quang-nam\/"]}]},{"@type":"ImageObject","inLanguage":"vi","@id":"https:\/\/tranthi.vn\/quangnam\/gia-son-gia-da-kova-tai-hoi-an-tam-ky-quang-nam\/#primaryimage","url":"https:\/\/tranthi.vn\/quangnam\/wp-content\/uploads\/2021\/02\/son-min-gia-da-1.jpg","contentUrl":"https:\/\/tranthi.vn\/quangnam\/wp-content\/uploads\/2021\/02\/son-min-gia-da-1.jpg","width":1280,"height":824},{"@type":"BreadcrumbList","@id":"https:\/\/tranthi.vn\/quangnam\/gia-son-gia-da-kova-tai-hoi-an-tam-ky-quang-nam\/#breadcrumb","itemListElement":[{"@type":"ListItem","position":1,"name":"Trang ch\u1ee7","item":"https:\/\/tranthi.vn\/quangnam\/"},{"@type":"ListItem","position":2,"name":"Shop","item":"https:\/\/tranthi.vn\/quangnam\/shop\/"},{"@type":"ListItem","position":3,"name":"S\u01a1n Gi\u1ea3 \u0110\u00e1 Kova H\u1ea1t M\u1ecbn Gi\u00e1 : 2.500.000"}]},{"@type":"WebSite","@id":"https:\/\/tranthi.vn\/quangnam\/#website","url":"https:\/\/tranthi.vn\/quangnam\/","name":"V\u1eadt Li\u1ec7u X\u00e2y D\u1ef1ng Tr\u1ea7n Th\u1ecb Chi Nh\u00e1nh Qu\u1ea3ng Nam","description":"V\u1eadt Li\u1ec7u X\u00e2y D\u1ef1ng - Qu\u1ea3ng Nam","potentialAction":[{"@type":"SearchAction","target":{"@type":"EntryPoint","urlTemplate":"https:\/\/tranthi.vn\/quangnam\/?s={search_term_string}"},"query-input":"required name=search_term_string"}],"inLanguage":"vi"},{"@type":"ImageObject","inLanguage":"vi","@id":"https:\/\/tranthi.vn\/quangnam\/gia-son-gia-da-kova-tai-hoi-an-tam-ky-quang-nam\/#local-main-organization-logo","url":"","contentUrl":"","caption":"V\u1eadt Li\u1ec7u X\u00e2y D\u1ef1ng Tr\u1ea7n Th\u1ecb Chi Nh\u00e1nh Qu\u1ea3ng Nam"}]},"product_price_amount":"2500000","product_price_currency":"VND","og_availability":"instock","product_availability":"instock","product_condition":"new"},"_links":{"self":[{"href":"https:\/\/tranthi.vn\/quangnam\/wp-json\/wp\/v2\/product\/1492","targetHints":{"allow":["GET"]}}],"collection":[{"href":"https:\/\/tranthi.vn\/quangnam\/wp-json\/wp\/v2\/product"}],"about":[{"href":"https:\/\/tranthi.vn\/quangnam\/wp-json\/wp\/v2\/types\/product"}],"replies":[{"embeddable":true,"href":"https:\/\/tranthi.vn\/quangnam\/wp-json\/wp\/v2\/comments?post=1492"}],"wp:featuredmedia":[{"embeddable":true,"href":"https:\/\/tranthi.vn\/quangnam\/wp-json\/wp\/v2\/media\/1491"}],"wp:attachment":[{"href":"https:\/\/tranthi.vn\/quangnam\/wp-json\/wp\/v2\/media?parent=1492"}],"wp:term":[{"taxonomy":"product_cat","embeddable":true,"href":"https:\/\/tranthi.vn\/quangnam\/wp-json\/wp\/v2\/product_cat?post=1492"},{"taxonomy":"product_tag","embeddable":true,"href":"https:\/\/tranthi.vn\/quangnam\/wp-json\/wp\/v2\/product_tag?post=1492"}],"curies":[{"name":"wp","href":"https:\/\/api.w.org\/{rel}","templated":true}]}}