{"id":1488,"date":"2021-02-17T16:08:25","date_gmt":"2021-02-17T16:08:25","guid":{"rendered":"http:\/\/new-tranthi.test\/san-pham\/son-phu-noi-that-dulux-5-in-1-cao-cap-mau-nhatlon-5l\/"},"modified":"2024-11-14T14:01:22","modified_gmt":"2024-11-14T07:01:22","slug":"gia-son-phu-noi-that-dulux-5-in-1-hoi-an-tam-ky-quang-nam","status":"publish","type":"product","link":"https:\/\/tranthi.vn\/quangnam\/gia-son-phu-noi-that-dulux-5-in-1-hoi-an-tam-ky-quang-nam\/","title":{"rendered":"S\u01a1n Maxilite Total trong nh\u00e0 b\u00f3ng IML-15L"},"content":{"rendered":"<h1 style=\"text-align: center;\"><span style=\"font-size: 18pt;\"><a href=\"http:\/\/tranthi.vn\/quangnam\/gia-son-phu-noi-that-dulux-5-in-1-da-nang\/\"><span style=\"color: #008000;\"><strong><span style=\"font-family: 'times new roman', times, serif;\">S\u01a0N PH\u1ee6 N\u1ed8I TH\u1ea4T S\u01a1n Maxilite Total<\/span><\/strong><\/span><\/a><\/span><\/h1>\n<p><span style=\"font-family: 'times new roman', times, serif; font-size: 14pt;\"><span style=\"color: #008000;\"><em><strong>S\u01a1n Ph\u1ee7 N\u1ed9i Th\u1ea5t Dulux 5 in 1<\/strong><\/em><\/span> l\u00e0\u00a0gi\u1ea3i ph\u00e1p to\u00e0n di\u1ec7n v\u1ec1 trang tr\u00ed v\u00e0 b\u1ea3o v\u1ec7, \u0111em l\u1ea1i v\u1ebb \u0111\u1eb9p ho\u00e0n h\u1ea3o cho ng\u00f4i nh\u00e0 b\u1ea1n.<\/span><\/p>\n<ul>\n<li><span style=\"font-family: 'times new roman', times, serif; font-size: 14pt;\">B\u1ec1 m\u1eb7t \u0111\u1eb9p l\u00e1ng m\u1ecbn<\/span><\/li>\n<li><span style=\"font-family: 'times new roman', times, serif; font-size: 14pt;\">Lau ch\u00f9i v\u01b0\u1ee3t tr\u1ed9i<\/span><\/li>\n<li><span style=\"font-family: 'times new roman', times, serif; font-size: 14pt;\">Che l\u1ea5p khe n\u1ee9t nh\u1ecf ho\u00e0n h\u1ea3o<\/span><\/li>\n<li><span style=\"font-family: 'times new roman', times, serif; font-size: 14pt;\">Kh\u00e1ng khu\u1ea9n hi\u1ec7u qu\u1ea3<\/span><\/li>\n<li><span style=\"font-family: 'times new roman', times, serif; font-size: 14pt;\">Ng\u0103n ng\u1eeba n\u1ea5m m\u1ed1c t\u1ed1i \u01b0u c\u1ee7a\u00a0S\u01a1n dulux 5 in 1<\/span><\/li>\n<li>\n<figure id=\"attachment_7682\" aria-describedby=\"caption-attachment-7682\" style=\"width: 300px\" class=\"wp-caption aligncenter\"><img loading=\"lazy\" decoding=\"async\" class=\"size-full wp-image-7682\" src=\"https:\/\/tranthi.vn\/quangnam\/wp-content\/uploads\/2021\/02\/Son-Maxilite-Trong-Nha-Total-tam-ky-hoi-an-quang-nam.png\" alt=\"S\u01a1n Maxilite Trong Nh\u00e0 Total tam k\u1ef3- h\u1ed9i an- qu\u1ea3ng nam\" width=\"300\" height=\"300\" srcset=\"https:\/\/tranthi.vn\/quangnam\/wp-content\/uploads\/2021\/02\/Son-Maxilite-Trong-Nha-Total-tam-ky-hoi-an-quang-nam.png 300w, https:\/\/tranthi.vn\/quangnam\/wp-content\/uploads\/2021\/02\/Son-Maxilite-Trong-Nha-Total-tam-ky-hoi-an-quang-nam-100x100.png 100w\" sizes=\"auto, (max-width: 300px) 100vw, 300px\" \/><figcaption id=\"caption-attachment-7682\" class=\"wp-caption-text\">S\u01a1n Maxilite Trong Nh\u00e0 Total tam k\u1ef3- h\u1ed9i an- qu\u1ea3ng nam<\/figcaption><\/figure><\/li>\n<\/ul>\n<h2><span style=\"font-family: 'times new roman', times, serif; font-size: 14pt;\"><strong><span style=\"color: #ff0000;\">2. H\u01af\u1edaNG D\u1eaaN THI C\u00d4NG S\u01a0N N\u1ed8I TH\u1ea4T DULUX\u00a0<\/span><\/strong><\/span><\/h2>\n<p><span style=\"font-family: 'times new roman', times, serif; font-size: 14pt;\">&#8211; Khu\u1ea5y \u0111\u1ec1u s\u01a1n c\u00f9ng n\u01b0\u1edbc (l\u01b0\u1ee3ng n\u01b0\u1edbc kh\u00f4ng \u0111\u01b0\u1ee3c qu\u00e1 <strong><span style=\"color: #ff6600;\">10%<\/span><\/strong> s\u01a1n).<\/span><\/p>\n<p><span style=\"font-family: 'times new roman', times, serif; font-size: 14pt;\">&#8211; D\u00f9ng rulo (cho m\u1ea3ng t\u01b0\u1eddng l\u1edbn ) ho\u1eb7c c\u1ecd (k\u1ebb ch\u1ec9, ch\u00e2n t\u01b0\u1eddng ) th\u1ea5m \u0111\u1ec1u s\u01a1n. B\u1eaft \u0111\u1ea7u s\u01a1n l\u1edbp th\u1ee9 nh\u1ea5t. S\u01a1n l\u1edbp th\u1ee9 2 sau 2 gi\u1edd.<\/span><\/p>\n<p><span style=\"font-family: 'times new roman', times, serif; font-size: 14pt;\">&#8211; L\u0103n s\u01a1n \u0111\u00fang k\u1ef9 thu\u1eadt, \u0111\u1ec1u tay, tr\u00e1nh \u0111\u1ec3 l\u1ea1i d\u1ea5u rulo v\u00e0 ch\u00eanh l\u1ec7ch m\u00e0u s\u01a1n<\/span><\/p>\n<h3><span style=\"font-family: 'times new roman', times, serif; font-size: 14pt;\"><strong>\u0110i\u1ec1u ki\u1ec7n thi c\u00f4ng<\/strong><\/span><\/h3>\n<p><span style=\"font-family: 'times new roman', times, serif; font-size: 14pt;\"><strong><img loading=\"lazy\" decoding=\"async\" class=\"size-full wp-image-2802 aligncenter\" src=\"https:\/\/tranthi.vn\/quangnam\/wp-content\/uploads\/2019\/04\/S\u01a1n-ph\u1ee7-n\u1ed9i-th\u1ea5t-Dulux-5-in-1-cao-c\u1ea5p-m\u00e0u-nh\u1ea1t-da-nang.jpg\" alt=\"\" width=\"400\" height=\"400\" \/><\/strong>:<\/span><\/p>\n<p><span style=\"font-family: 'times new roman', times, serif; font-size: 14pt;\">&#8211; B\u1ec1 m\u1eb7t t\u01b0\u1eddng tr\u01b0\u1edbc khi s\u01a1n kh\u00f4ng b\u00e1m b\u1ee5i b\u1ea9n, kh\u00f4ng c\u00f2n b\u1ee5i c\u1ee7a b\u1ea3 matic sau khi x\u1ea3 (qu\u00e9t nh\u1eb9 b\u1eb1ng ch\u1ed5i tr\u01b0\u1edbc khi s\u01a1n).<\/span><\/p>\n<p><span style=\"font-family: 'times new roman', times, serif; font-size: 14pt;\">&#8211; \u0110\u1ed9 \u1ea9m t\u01b0\u1eddng nh\u1ecf h\u01a1n 16%, c\u1ea3m nh\u1eadn b\u1eb1ng tay t\u01b0\u1eddng kh\u00f4ng \u1ea9m \u01b0\u1edbt. T\u01b0\u1eddng \u0111\u01b0\u1ee3c b\u1ea3o d\u01b0\u1ee1ng trong \u0111i\u1ec1u ki\u1ec7n b\u00ecnh th\u01b0\u1eddng t\u1eeb 21-28 ng\u00e0y. Kh\u00f4ng n\u00ean s\u01a1n t\u01b0\u1eddng sau khi tr\u1eddi m\u01b0a.<\/span><\/p>\n<h3><span style=\"font-family: 'times new roman', times, serif; font-size: 14pt;\"><strong>B\u1ea3o qu\u1ea3n S\u01a1n Dulux 5 in 1 :<\/strong><\/span><\/h3>\n<p><span style=\"font-family: 'times new roman', times, serif; font-size: 14pt;\">&#8211; S\u1eed d\u1ee5ng ngay khi m\u1edf n\u1eafp.<\/span><\/p>\n<p><span style=\"font-family: 'times new roman', times, serif; font-size: 14pt;\">&#8211; Th\u00f9ng s\u01a1n \u0111\u1eady k\u1ef9 tr\u00e1nh c\u00e1c t\u1ea1p ch\u1ea5t, b\u1ee5i b\u1ea9n bay v\u00e0o.<\/span><\/p>\n<p><span style=\"font-family: 'times new roman', times, serif; font-size: 14pt;\">&#8211; Th\u00f9ng s\u01a1n \u0111\u1ec3 n\u01a1i kh\u00f4 r\u00e1o v\u00e0 an to\u00e0n.<\/span><\/p>\n<h4><span style=\"font-family: 'times new roman', times, serif; font-size: 14pt;\"><strong><span style=\"color: #ff0000;\">2. H\u1ec6 TH\u1ed0NG S\u01a0N \u0110\u1ec0 NGH\u1eca\u00a0<\/span><\/strong><\/span><\/h4>\n<p><span style=\"font-family: 'times new roman', times, serif; font-size: 14pt;\">&#8211; B\u1ed9t tr\u00e9t Jotun n\u1ed9i th\u1ea5t: 2 l\u1edbp.<\/span><\/p>\n<p><span style=\"font-family: 'times new roman', times, serif; font-size: 14pt;\">&#8211; S\u01a1n l\u00f3t ch\u1ed1ng ki\u1ec1m Dulux : 1 l\u1edbp.<\/span><\/p>\n<p><span style=\"font-family: 'times new roman', times, serif; font-size: 14pt;\">&#8211; S\u01a1n ph\u1ee7\u00a0S\u01a1n Dulux\u00a05 In 1: 2 l\u1edbp.<\/span><\/p>\n<h2><span style=\"color: #ff0000;\"><strong><span style=\"font-family: 'times new roman', times, serif; font-size: 14pt;\">3. GI\u00c1 S\u01a0N N\u1ed8I TH\u1ea4T\u00a0 DULUX 5 IN 1<\/span><\/strong><\/span><\/h2>\n<p><span style=\"font-family: 'times new roman', times, serif; font-size: 14pt;\">\u0110\u01a1n gi\u00e1 <em><strong><span style=\"color: #008000;\">S\u01a1n ph\u1ee7 n\u1ed9i th\u1ea5t Dulux 5 in 1 cao c\u1ea5p<\/span> <\/strong><\/em>\u00a0trong n\u1ed9i th\u00e0nh Lon 05 L\u00edt: <strong><span style=\"color: #ff6600;\">350.000\u0111.<\/span><\/strong><\/span><\/p>\n<p><span style=\"font-family: 'times new roman', times, serif; font-size: 14pt;\">\u00a0\ud83d\udca1 \u0110\u1ec3 tr\u00e1nh mua ph\u1ea3i h\u00e0ng gi\u1ea3 h\u00e0ng k\u00e9m ch\u1ea5t l\u01b0\u1ee3ng qu\u00fd kh\u00e1ch h\u00e0ng n\u00ean ch\u00fa \u00fd<\/span><\/p>\n<p><span style=\"font-family: 'times new roman', times, serif; font-size: 14pt;\">\u00a0\u27a1 Ki\u1ec3m tra bao b\u00ec s\u1ea3n ph\u1ea9m tr\u01b0\u1edbc khi mua<\/span><\/p>\n<p><span style=\"font-family: 'times new roman', times, serif; font-size: 14pt;\">\u00a0\u27a1 Check m\u00e3 v\u1ea1ch s\u1ea3n ph\u1ea9m \u0111\u1ec3 ki\u1ec3m tra<\/span><\/p>\n<p><span style=\"font-family: 'times new roman', times, serif; font-size: 14pt;\">\u00a0\u27a1 Mua t\u1ea1i nh\u1eefng \u0111\u1ea1i l\u00fd uy t\u00edn<\/span><\/p>\n<p><span style=\"font-family: 'times new roman', times, serif; font-size: 14pt;\">\u00a0\u27a1 Nh\u1edd nh\u1eefng ng\u01b0\u1eddi c\u00f3 kinh nghi\u1ec7m ki\u1ec3m tra<\/span><\/p>\n<p><span style=\"font-family: 'times new roman', times, serif; font-size: 14pt;\">Qu\u00fd kh\u00e1ch h\u00e0ng c\u00f3 th\u1ec3 tham kh\u1ea3o qua video ph\u00e2n bi\u1ec7t s\u01a1n Dulux th\u1eadt d\u01b0\u1edbi \u0111\u00e2y<\/span><\/p>\n<p style=\"text-align: center;\"><iframe loading=\"lazy\" src=\"\/\/www.youtube.com\/embed\/_etM9ZuUvds\" width=\"560\" height=\"314\" allowfullscreen=\"allowfullscreen\"><\/iframe><\/p>\n<p><span style=\"font-family: 'times new roman', times, serif; font-size: 14pt;\">V\u1edbi th\u1eddi ti\u1ebft t\u1ea1i <strong>\u0110\u00e0 N\u1eb5ng<\/strong> <strong>\u0110\u00f4ng H\u00e0 Qu\u1ea3ng tr\u1ecb<\/strong>, <strong>H\u1ed9i An-<\/strong>\u00a0<strong>Tam K\u1ef3 &#8211;<a href=\"https:\/\/vi.wikipedia.org\/wiki\/Qu%E1%BA%A3ng_Nam\">Qu\u1ea3ng Nam<\/a><\/strong>,<strong> Hu\u1ebf<\/strong> , <strong>Qu\u1ea3ng Ng\u00e3i<\/strong> th\u01b0\u1eddng m\u01b0a v\u00e0o th\u00e1ng 11, 12 n\u00ean tr\u00e1nh thi c\u00f4ng s\u01a1n \u0111\u1ec3 \u0111\u1ea3m b\u1ea3o ch\u1ea5t l\u01b0\u1ee3ng b\u1ec1 m\u1eb7t t\u01b0\u1eddng s\u01a1n<\/span><\/p>\n<p>&nbsp;<\/p>\n<p><img loading=\"lazy\" decoding=\"async\" class=\"alignnone size-full wp-image-4473 aligncenter\" src=\"http:\/\/tranthi.vn\/quangnam\/wp-content\/uploads\/2019\/04\/banner.jpg\" alt=\"\" width=\"624\" height=\"351\" \/><\/p>\n","protected":false},"excerpt":{"rendered":"<p><span style=\"font-family: 'times new roman', times, serif; font-size: 130%; color: #000000;\">\ud83d\ude1b Giao h\u00e0ng trong \u0111\u1ecba b\u00e0n <\/span><a href=\"https:\/\/vi.wikipedia.org\/wiki\/Qu%E1%BA%A3ng_Nam\"><span style=\"font-family: 'times new roman', times, serif; font-size: 130%; color: #000000;\"><span style=\"color: #008000;\"><b><i>Qu\u1ea3ng Nam<\/i><\/b><\/span><\/span><\/a><\/p>\n<p><span style=\"font-family: 'times new roman', times, serif; font-size: 130%; color: #000000;\">\ud83d\ude1b \u0110\u01a1n v\u1ecb t\u00ednh:\u00a0 15L\u00edt<\/span><\/p>\n<p><span style=\"font-family: 'times new roman', times, serif; font-size: 130%; color: #000000;\">\ud83d\ude1b \u0110\u01a1n gi\u00e1 <span style=\"color: #008000;\"><em><strong><a style=\"color: #008000;\" href=\"https:\/\/tranthi.vn\/quangnam\/son-phu-noi-that-dulux-5-in-1-cao-cap-mau-nhat\">S\u01a1n ph\u1ee7 n\u1ed9i th\u1ea5t Dulux 5 in 1 cao c\u1ea5p Maxilite Total trong nh\u00e0 b\u00f3ng IML <\/a><\/strong><\/em><\/span>trong n\u1ed9i th\u00e0nh 15L L\u00edt: <span style=\"color: #ed1c24;\"><strong>880.000\u0111, <\/strong><span style=\"color: #000000;\">5L<\/span><strong>: 550.000\u0111<\/strong><\/span><\/span><\/p>\n<p><span style=\"font-family: 'times new roman', times, serif; font-size: 130%;\"><em>( \u0110\u01a1n gi\u00e1 \u00e1p d\u1ee5ng khi mua tr\u00ean 3 s\u1ea3n ph\u1ea9m )<\/em><\/span><\/p>\n<p><span style=\"font-family: 'times new roman', times, serif; font-size: 130%; color: #000000;\">\ud83d\ude1b\u00a0 V\u1edbi c\u00e1c t\u00ednh n\u0103ng b\u1ea3o v\u1ec7 t\u1ed1i \u01b0u S\u01a1n Ph\u1ee7 N\u1ed9i Th\u1ea5t S\u01a1n Maxilite Total gi\u1ea3i ph\u00e1p to\u00e0n di\u1ec7n v\u1ec1 trang tr\u00ed v\u00e0 b\u1ea3o v\u1ec7, \u0111em l\u1ea1i v\u1ebb \u0111\u1eb9p ho\u00e0n h\u1ea3o cho ng\u00f4i nh\u00e0 b\u1ea1n. S\u1eed d\u1ee5ng k\u1ebft h\u1ee3p <a style=\"color: #000000;\" href=\"https:\/\/tranthi.vn\/quangnam\/gia-bot-tret-jotun-noi-that-da-nang\">b\u1ed9t tr\u00e9t Jotun n\u1ed9i th\u1ea5t <\/a>v\u00e0 <a style=\"color: #000000;\" href=\"https:\/\/tranthi.vn\/quangnam\/son-lot-noi-that-dulux\">s\u01a1n l\u00f3t ch\u1ed1ng ki\u1ec1m n\u1ed9i th\u1ea5t dulux<\/a><\/span><\/p>\n<p><span style=\"font-family: 'times new roman', times, serif; font-size: 130%; color: #000000;\">\ud83d\ude1b Ngo\u00e0i ra Tr\u1ea7n Th\u1ecb c\u00f2n nh\u1eadn giao h\u00e0ng \u0111\u1ebfn c\u00e1c \u0111i\u1ec3m <span style=\"color: #008000;\"><strong><a style=\"color: #008000;\" href=\"https:\/\/vi.wikipedia.org\/wiki\/%C4%90%C3%B4ng_H%C3%A0\">\u0110\u00f4ng H\u00e0 Qu\u1ea3ng tr\u1ecb<\/a><\/strong>, <strong><a style=\"color: #008000;\" href=\"https:\/\/vi.wikipedia.org\/wiki\/H%E1%BB%99i_An\">H\u1ed9i An<\/a><\/strong>, <strong><a style=\"color: #008000;\" href=\"https:\/\/vi.wikipedia.org\/wiki\/Tam_K%E1%BB%B3\">Tam k\u1ef3 Qu\u1ea3ng Nam<\/a><\/strong>,<strong><a style=\"color: #008000;\" href=\"https:\/\/vi.wikipedia.org\/wiki\/Hu%E1%BA%BF\"> Hu\u1ebf<\/a><\/strong> , <strong><a style=\"color: #008000;\" href=\"https:\/\/vi.wikipedia.org\/wiki\/Qu%E1%BA%A3ng_Ng%C3%A3i\">Qu\u1ea3ng Ng\u00e3i<\/a><\/strong> <\/span>-Chi ph\u00ed v\u1eadn chuy\u1ec3n s\u1ebd t\u00ednh theo kho\u1ea3ng c\u00e1ch v\u00e0 s\u1ed1 l\u01b0\u1ee3ng h\u00e0ng h\u00f3a nh\u1eadp<\/span><\/p>\n","protected":false},"featured_media":5844,"comment_status":"open","ping_status":"closed","template":"","meta":[],"product_cat":[146,151],"product_tag":[],"class_list":{"0":"post-1488","1":"product","2":"type-product","3":"status-publish","4":"has-post-thumbnail","6":"product_cat-gia-son-dulux-tai-da-nang","7":"product_cat-son-phu-noi-that-dulux","9":"first","10":"instock","11":"sale","12":"shipping-taxable","13":"purchasable","14":"product-type-simple"},"yoast_head":"<!-- This site is optimized with the Yoast SEO Premium plugin v22.3 (Yoast SEO v22.8) - https:\/\/yoast.com\/wordpress\/plugins\/seo\/ -->\n<title>Gi\u00e1 S\u01a1n Ph\u1ee7 N\u1ed9i Th\u1ea5t Dulux 5 in 1 t\u1ea1i Qu\u1ea3ng Nam-0947.335.871<\/title>\n<meta name=\"description\" content=\"Tr\u1ea7n Th\u1ecb l\u00e0 nh\u00e0 cung c\u1ea5p s\u01a1n S\u01a1n Ph\u1ee7 N\u1ed9i Th\u1ea5t Dulux 5 in 1 t\u1ea1i Qu\u1ea3ng Nam, ph\u1ee5c v\u1ee5 t\u1eadn ch\u00e2n c\u00f4ng tr\u00ecnh, gi\u00e1 r\u1ebb nh\u1ea5t th\u1ecb tr\u01b0\u1eddng Qu\u1ea3ng Nam\" \/>\n<meta name=\"robots\" content=\"index, follow, max-snippet:-1, max-image-preview:large, max-video-preview:-1\" \/>\n<link rel=\"canonical\" href=\"https:\/\/tranthi.vn\/quangnam\/gia-son-phu-noi-that-dulux-5-in-1-hoi-an-tam-ky-quang-nam\/\" \/>\n<meta property=\"og:locale\" content=\"vi_VN\" \/>\n<meta property=\"og:type\" content=\"article\" \/>\n<meta property=\"og:title\" content=\"S\u01a1n Maxilite Total trong nh\u00e0 b\u00f3ng IML-15L\" \/>\n<meta property=\"og:description\" content=\"Tr\u1ea7n Th\u1ecb l\u00e0 nh\u00e0 cung c\u1ea5p s\u01a1n S\u01a1n Ph\u1ee7 N\u1ed9i Th\u1ea5t Dulux 5 in 1 t\u1ea1i Qu\u1ea3ng Nam, ph\u1ee5c v\u1ee5 t\u1eadn ch\u00e2n c\u00f4ng tr\u00ecnh, gi\u00e1 r\u1ebb nh\u1ea5t th\u1ecb tr\u01b0\u1eddng Qu\u1ea3ng Nam\" \/>\n<meta property=\"og:url\" content=\"https:\/\/tranthi.vn\/quangnam\/gia-son-phu-noi-that-dulux-5-in-1-hoi-an-tam-ky-quang-nam\/\" \/>\n<meta property=\"og:site_name\" content=\"V\u1eadt Li\u1ec7u X\u00e2y D\u1ef1ng Tr\u1ea7n Th\u1ecb Chi Nh\u00e1nh Qu\u1ea3ng Nam\" \/>\n<meta property=\"article:modified_time\" content=\"2024-11-14T07:01:22+00:00\" \/>\n<meta property=\"og:image\" content=\"https:\/\/tranthi.vn\/quangnam\/wp-content\/uploads\/2021\/02\/son-phu-noi-that-maxilite-mooth-da-nang.jpg\" \/>\n\t<meta property=\"og:image:width\" content=\"348\" \/>\n\t<meta property=\"og:image:height\" content=\"352\" \/>\n\t<meta property=\"og:image:type\" content=\"image\/jpeg\" \/>\n<meta name=\"twitter:card\" content=\"summary_large_image\" \/>\n<meta name=\"twitter:label1\" content=\"Gi\u00e1\" \/>\n\t<meta name=\"twitter:data1\" content=\"880,000&nbsp;&#8363;\" \/>\n\t<meta name=\"twitter:label2\" content=\"Kh\u1ea3 d\u1ee5ng\" \/>\n\t<meta name=\"twitter:data2\" content=\"Trong kho\" \/>\n<script type=\"application\/ld+json\" class=\"yoast-schema-graph\">{\"@context\":\"https:\/\/schema.org\",\"@graph\":[{\"@type\":[\"WebPage\",\"ItemPage\"],\"@id\":\"https:\/\/tranthi.vn\/quangnam\/gia-son-phu-noi-that-dulux-5-in-1-hoi-an-tam-ky-quang-nam\/\",\"url\":\"https:\/\/tranthi.vn\/quangnam\/gia-son-phu-noi-that-dulux-5-in-1-hoi-an-tam-ky-quang-nam\/\",\"name\":\"Gi\u00e1 S\u01a1n Ph\u1ee7 N\u1ed9i Th\u1ea5t Dulux 5 in 1 t\u1ea1i Qu\u1ea3ng Nam-0947.335.871\",\"isPartOf\":{\"@id\":\"https:\/\/tranthi.vn\/quangnam\/#website\"},\"primaryImageOfPage\":{\"@id\":\"https:\/\/tranthi.vn\/quangnam\/gia-son-phu-noi-that-dulux-5-in-1-hoi-an-tam-ky-quang-nam\/#primaryimage\"},\"image\":{\"@id\":\"https:\/\/tranthi.vn\/quangnam\/gia-son-phu-noi-that-dulux-5-in-1-hoi-an-tam-ky-quang-nam\/#primaryimage\"},\"thumbnailUrl\":\"https:\/\/tranthi.vn\/quangnam\/wp-content\/uploads\/2021\/02\/son-phu-noi-that-maxilite-mooth-da-nang.jpg\",\"datePublished\":\"2021-02-17T16:08:25+00:00\",\"dateModified\":\"2024-11-14T07:01:22+00:00\",\"description\":\"Tr\u1ea7n Th\u1ecb l\u00e0 nh\u00e0 cung c\u1ea5p s\u01a1n S\u01a1n Ph\u1ee7 N\u1ed9i Th\u1ea5t Dulux 5 in 1 t\u1ea1i Qu\u1ea3ng Nam, ph\u1ee5c v\u1ee5 t\u1eadn ch\u00e2n c\u00f4ng tr\u00ecnh, gi\u00e1 r\u1ebb nh\u1ea5t th\u1ecb tr\u01b0\u1eddng Qu\u1ea3ng Nam\",\"breadcrumb\":{\"@id\":\"https:\/\/tranthi.vn\/quangnam\/gia-son-phu-noi-that-dulux-5-in-1-hoi-an-tam-ky-quang-nam\/#breadcrumb\"},\"inLanguage\":\"vi\",\"potentialAction\":[{\"@type\":\"ReadAction\",\"target\":[\"https:\/\/tranthi.vn\/quangnam\/gia-son-phu-noi-that-dulux-5-in-1-hoi-an-tam-ky-quang-nam\/\"]}]},{\"@type\":\"ImageObject\",\"inLanguage\":\"vi\",\"@id\":\"https:\/\/tranthi.vn\/quangnam\/gia-son-phu-noi-that-dulux-5-in-1-hoi-an-tam-ky-quang-nam\/#primaryimage\",\"url\":\"https:\/\/tranthi.vn\/quangnam\/wp-content\/uploads\/2021\/02\/son-phu-noi-that-maxilite-mooth-da-nang.jpg\",\"contentUrl\":\"https:\/\/tranthi.vn\/quangnam\/wp-content\/uploads\/2021\/02\/son-phu-noi-that-maxilite-mooth-da-nang.jpg\",\"width\":348,\"height\":352,\"caption\":\"son-phu-noi-that-maxilite-mooth-da-nang.jpg\"},{\"@type\":\"BreadcrumbList\",\"@id\":\"https:\/\/tranthi.vn\/quangnam\/gia-son-phu-noi-that-dulux-5-in-1-hoi-an-tam-ky-quang-nam\/#breadcrumb\",\"itemListElement\":[{\"@type\":\"ListItem\",\"position\":1,\"name\":\"Trang ch\u1ee7\",\"item\":\"https:\/\/tranthi.vn\/quangnam\/\"},{\"@type\":\"ListItem\",\"position\":2,\"name\":\"Shop\",\"item\":\"https:\/\/tranthi.vn\/quangnam\/shop\/\"},{\"@type\":\"ListItem\",\"position\":3,\"name\":\"S\u01a1n Maxilite Total trong nh\u00e0 b\u00f3ng IML-15L\"}]},{\"@type\":\"WebSite\",\"@id\":\"https:\/\/tranthi.vn\/quangnam\/#website\",\"url\":\"https:\/\/tranthi.vn\/quangnam\/\",\"name\":\"V\u1eadt Li\u1ec7u X\u00e2y D\u1ef1ng Tr\u1ea7n Th\u1ecb Chi Nh\u00e1nh Qu\u1ea3ng Nam\",\"description\":\"V\u1eadt Li\u1ec7u X\u00e2y D\u1ef1ng - Qu\u1ea3ng Nam\",\"potentialAction\":[{\"@type\":\"SearchAction\",\"target\":{\"@type\":\"EntryPoint\",\"urlTemplate\":\"https:\/\/tranthi.vn\/quangnam\/?s={search_term_string}\"},\"query-input\":\"required name=search_term_string\"}],\"inLanguage\":\"vi\"},{\"@type\":\"ImageObject\",\"inLanguage\":\"vi\",\"@id\":\"https:\/\/tranthi.vn\/quangnam\/gia-son-phu-noi-that-dulux-5-in-1-hoi-an-tam-ky-quang-nam\/#local-main-organization-logo\",\"url\":\"\",\"contentUrl\":\"\",\"caption\":\"V\u1eadt Li\u1ec7u X\u00e2y D\u1ef1ng Tr\u1ea7n Th\u1ecb Chi Nh\u00e1nh Qu\u1ea3ng Nam\"}]}<\/script>\n<meta property=\"product:price:amount\" content=\"880000\" \/>\n<meta property=\"product:price:currency\" content=\"VND\" \/>\n<meta property=\"og:availability\" content=\"instock\" \/>\n<meta property=\"product:availability\" content=\"instock\" \/>\n<meta property=\"product:condition\" content=\"new\" \/>\n<!-- \/ Yoast SEO Premium plugin. -->","yoast_head_json":{"title":"Gi\u00e1 S\u01a1n Ph\u1ee7 N\u1ed9i Th\u1ea5t Dulux 5 in 1 t\u1ea1i Qu\u1ea3ng Nam-0947.335.871","description":"Tr\u1ea7n Th\u1ecb l\u00e0 nh\u00e0 cung c\u1ea5p s\u01a1n S\u01a1n Ph\u1ee7 N\u1ed9i Th\u1ea5t Dulux 5 in 1 t\u1ea1i Qu\u1ea3ng Nam, ph\u1ee5c v\u1ee5 t\u1eadn ch\u00e2n c\u00f4ng tr\u00ecnh, gi\u00e1 r\u1ebb nh\u1ea5t th\u1ecb tr\u01b0\u1eddng Qu\u1ea3ng Nam","robots":{"index":"index","follow":"follow","max-snippet":"max-snippet:-1","max-image-preview":"max-image-preview:large","max-video-preview":"max-video-preview:-1"},"canonical":"https:\/\/tranthi.vn\/quangnam\/gia-son-phu-noi-that-dulux-5-in-1-hoi-an-tam-ky-quang-nam\/","og_locale":"vi_VN","og_type":"article","og_title":"S\u01a1n Maxilite Total trong nh\u00e0 b\u00f3ng IML-15L","og_description":"Tr\u1ea7n Th\u1ecb l\u00e0 nh\u00e0 cung c\u1ea5p s\u01a1n S\u01a1n Ph\u1ee7 N\u1ed9i Th\u1ea5t Dulux 5 in 1 t\u1ea1i Qu\u1ea3ng Nam, ph\u1ee5c v\u1ee5 t\u1eadn ch\u00e2n c\u00f4ng tr\u00ecnh, gi\u00e1 r\u1ebb nh\u1ea5t th\u1ecb tr\u01b0\u1eddng Qu\u1ea3ng Nam","og_url":"https:\/\/tranthi.vn\/quangnam\/gia-son-phu-noi-that-dulux-5-in-1-hoi-an-tam-ky-quang-nam\/","og_site_name":"V\u1eadt Li\u1ec7u X\u00e2y D\u1ef1ng Tr\u1ea7n Th\u1ecb Chi Nh\u00e1nh Qu\u1ea3ng Nam","article_modified_time":"2024-11-14T07:01:22+00:00","og_image":[{"width":348,"height":352,"url":"https:\/\/tranthi.vn\/quangnam\/wp-content\/uploads\/2021\/02\/son-phu-noi-that-maxilite-mooth-da-nang.jpg","type":"image\/jpeg"}],"twitter_card":"summary_large_image","twitter_misc":{"Gi\u00e1":"880,000&nbsp;&#8363;","Kh\u1ea3 d\u1ee5ng":"Trong kho"},"schema":{"@context":"https:\/\/schema.org","@graph":[{"@type":["WebPage","ItemPage"],"@id":"https:\/\/tranthi.vn\/quangnam\/gia-son-phu-noi-that-dulux-5-in-1-hoi-an-tam-ky-quang-nam\/","url":"https:\/\/tranthi.vn\/quangnam\/gia-son-phu-noi-that-dulux-5-in-1-hoi-an-tam-ky-quang-nam\/","name":"Gi\u00e1 S\u01a1n Ph\u1ee7 N\u1ed9i Th\u1ea5t Dulux 5 in 1 t\u1ea1i Qu\u1ea3ng Nam-0947.335.871","isPartOf":{"@id":"https:\/\/tranthi.vn\/quangnam\/#website"},"primaryImageOfPage":{"@id":"https:\/\/tranthi.vn\/quangnam\/gia-son-phu-noi-that-dulux-5-in-1-hoi-an-tam-ky-quang-nam\/#primaryimage"},"image":{"@id":"https:\/\/tranthi.vn\/quangnam\/gia-son-phu-noi-that-dulux-5-in-1-hoi-an-tam-ky-quang-nam\/#primaryimage"},"thumbnailUrl":"https:\/\/tranthi.vn\/quangnam\/wp-content\/uploads\/2021\/02\/son-phu-noi-that-maxilite-mooth-da-nang.jpg","datePublished":"2021-02-17T16:08:25+00:00","dateModified":"2024-11-14T07:01:22+00:00","description":"Tr\u1ea7n Th\u1ecb l\u00e0 nh\u00e0 cung c\u1ea5p s\u01a1n S\u01a1n Ph\u1ee7 N\u1ed9i Th\u1ea5t Dulux 5 in 1 t\u1ea1i Qu\u1ea3ng Nam, ph\u1ee5c v\u1ee5 t\u1eadn ch\u00e2n c\u00f4ng tr\u00ecnh, gi\u00e1 r\u1ebb nh\u1ea5t th\u1ecb tr\u01b0\u1eddng Qu\u1ea3ng Nam","breadcrumb":{"@id":"https:\/\/tranthi.vn\/quangnam\/gia-son-phu-noi-that-dulux-5-in-1-hoi-an-tam-ky-quang-nam\/#breadcrumb"},"inLanguage":"vi","potentialAction":[{"@type":"ReadAction","target":["https:\/\/tranthi.vn\/quangnam\/gia-son-phu-noi-that-dulux-5-in-1-hoi-an-tam-ky-quang-nam\/"]}]},{"@type":"ImageObject","inLanguage":"vi","@id":"https:\/\/tranthi.vn\/quangnam\/gia-son-phu-noi-that-dulux-5-in-1-hoi-an-tam-ky-quang-nam\/#primaryimage","url":"https:\/\/tranthi.vn\/quangnam\/wp-content\/uploads\/2021\/02\/son-phu-noi-that-maxilite-mooth-da-nang.jpg","contentUrl":"https:\/\/tranthi.vn\/quangnam\/wp-content\/uploads\/2021\/02\/son-phu-noi-that-maxilite-mooth-da-nang.jpg","width":348,"height":352,"caption":"son-phu-noi-that-maxilite-mooth-da-nang.jpg"},{"@type":"BreadcrumbList","@id":"https:\/\/tranthi.vn\/quangnam\/gia-son-phu-noi-that-dulux-5-in-1-hoi-an-tam-ky-quang-nam\/#breadcrumb","itemListElement":[{"@type":"ListItem","position":1,"name":"Trang ch\u1ee7","item":"https:\/\/tranthi.vn\/quangnam\/"},{"@type":"ListItem","position":2,"name":"Shop","item":"https:\/\/tranthi.vn\/quangnam\/shop\/"},{"@type":"ListItem","position":3,"name":"S\u01a1n Maxilite Total trong nh\u00e0 b\u00f3ng IML-15L"}]},{"@type":"WebSite","@id":"https:\/\/tranthi.vn\/quangnam\/#website","url":"https:\/\/tranthi.vn\/quangnam\/","name":"V\u1eadt Li\u1ec7u X\u00e2y D\u1ef1ng Tr\u1ea7n Th\u1ecb Chi Nh\u00e1nh Qu\u1ea3ng Nam","description":"V\u1eadt Li\u1ec7u X\u00e2y D\u1ef1ng - Qu\u1ea3ng Nam","potentialAction":[{"@type":"SearchAction","target":{"@type":"EntryPoint","urlTemplate":"https:\/\/tranthi.vn\/quangnam\/?s={search_term_string}"},"query-input":"required name=search_term_string"}],"inLanguage":"vi"},{"@type":"ImageObject","inLanguage":"vi","@id":"https:\/\/tranthi.vn\/quangnam\/gia-son-phu-noi-that-dulux-5-in-1-hoi-an-tam-ky-quang-nam\/#local-main-organization-logo","url":"","contentUrl":"","caption":"V\u1eadt Li\u1ec7u X\u00e2y D\u1ef1ng Tr\u1ea7n Th\u1ecb Chi Nh\u00e1nh Qu\u1ea3ng Nam"}]},"product_price_amount":"880000","product_price_currency":"VND","og_availability":"instock","product_availability":"instock","product_condition":"new"},"_links":{"self":[{"href":"https:\/\/tranthi.vn\/quangnam\/wp-json\/wp\/v2\/product\/1488","targetHints":{"allow":["GET"]}}],"collection":[{"href":"https:\/\/tranthi.vn\/quangnam\/wp-json\/wp\/v2\/product"}],"about":[{"href":"https:\/\/tranthi.vn\/quangnam\/wp-json\/wp\/v2\/types\/product"}],"replies":[{"embeddable":true,"href":"https:\/\/tranthi.vn\/quangnam\/wp-json\/wp\/v2\/comments?post=1488"}],"wp:featuredmedia":[{"embeddable":true,"href":"https:\/\/tranthi.vn\/quangnam\/wp-json\/wp\/v2\/media\/5844"}],"wp:attachment":[{"href":"https:\/\/tranthi.vn\/quangnam\/wp-json\/wp\/v2\/media?parent=1488"}],"wp:term":[{"taxonomy":"product_cat","embeddable":true,"href":"https:\/\/tranthi.vn\/quangnam\/wp-json\/wp\/v2\/product_cat?post=1488"},{"taxonomy":"product_tag","embeddable":true,"href":"https:\/\/tranthi.vn\/quangnam\/wp-json\/wp\/v2\/product_tag?post=1488"}],"curies":[{"name":"wp","href":"https:\/\/api.w.org\/{rel}","templated":true}]}}