{"id":1482,"date":"2021-02-17T16:08:22","date_gmt":"2021-02-17T09:08:22","guid":{"rendered":"http:\/\/new-tranthi.test\/san-pham\/son-phu-noi-that-maxilite-mau-nhat-thung-18l\/"},"modified":"2024-05-02T01:53:27","modified_gmt":"2024-05-01T18:53:27","slug":"son-phu-noi-that-maxilite-mau-nhat-thung-18l","status":"publish","type":"product","link":"https:\/\/tranthi.vn\/quangnam\/son-phu-noi-that-maxilite-mau-nhat-thung-18l\/","title":{"rendered":"S\u01a1n Maxilite Smooth Th\u00f9ng 18l"},"content":{"rendered":"","protected":false},"excerpt":{"rendered":"<p><span style=\"font-family: 'times new roman', times, serif; font-size: 130%; color: #000000;\">\ud83d\ude1b Giao h\u00e0ng trong \u0111\u1ecba b\u00e0n\u00a0<em><a style=\"color: #000000;\" href=\"https:\/\/fr.wikipedia.org\/wiki\/Da_Nang\"><strong>\u0110\u00e0 N\u1eb5ng<\/strong><\/a><\/em><\/span><\/p>\n<p><span style=\"font-family: 'times new roman', times, serif; font-size: 130%; color: #000000;\">\ud83d\ude1b \u0110\u01a1n v\u1ecb t\u00ednh: Th\u00f9ng 18 L\u00edt<\/span><\/p>\n<p><span style=\"font-family: 'times new roman', times, serif; font-size: 130%; color: #000000;\">\ud83d\ude1b \u0110\u01a1n gi\u00e1 S\u01a1n ph\u1ee7 n\u1ed9i th\u1ea5t Maxilite trong n\u1ed9i th\u00e0nh:<\/span><\/p>\n<p><span style=\"font-family: 'times new roman', times, serif; font-size: 130%; color: #000000;\">Th\u00f9ng 18 L\u00edt:<strong><span style=\"color: #ff0000;\"> 909.000\u0111<\/span><\/strong><\/span><\/p>\n<p><span style=\"font-family: 'times new roman', times, serif; font-size: 130%; color: #000000;\">Th\u00f9ng 5 L\u00edt:<strong><span style=\"color: #ff0000;\"> 222.000\u0111<\/span><\/strong><\/span><\/p>\n<p><span style=\"font-family: 'times new roman', times, serif; font-size: 130%;\"><em>( \u0110\u01a1n gi\u00e1 \u00e1p d\u1ee5ng khi mua t\u1eeb 5 s\u1ea3n ph\u1ea9m )<\/em><\/span><\/p>\n<p><span style=\"font-family: 'times new roman', times, serif; font-size: 130%; color: #000000;\">\ud83d\ude1b Ngo\u00e0i ra Tr\u1ea7n Th\u1ecb c\u00f2n nh\u1eadn giao h\u00e0ng \u0111\u1ebfn c\u00e1c \u0111i\u1ec3m <strong><a style=\"color: #000000;\" href=\"https:\/\/vi.wikipedia.org\/wiki\/%C4%90%C3%B4ng_H%C3%A0\">\u0110\u00f4ng H\u00e0 Qu\u1ea3ng tr\u1ecb<\/a><\/strong>, <strong><a style=\"color: #000000;\" href=\"https:\/\/vi.wikipedia.org\/wiki\/H%E1%BB%99i_An\">H\u1ed9i An<\/a><\/strong>, <strong><a style=\"color: #000000;\" href=\"https:\/\/vi.wikipedia.org\/wiki\/Tam_K%E1%BB%B3\">Tam k\u1ef3 Qu\u1ea3ng Nam<\/a><\/strong>,<strong><a style=\"color: #000000;\" href=\"https:\/\/vi.wikipedia.org\/wiki\/Hu%E1%BA%BF\"> Hu\u1ebf<\/a><\/strong> , <strong><a style=\"color: #000000;\" href=\"https:\/\/vi.wikipedia.org\/wiki\/Qu%E1%BA%A3ng_Ng%C3%A3i\">Qu\u1ea3ng Ng\u00e3i<\/a><\/strong> -Chi ph\u00ed v\u1eadn chuy\u1ec3n s\u1ebd t\u00ednh theo kho\u1ea3ng c\u00e1ch v\u00e0 s\u1ed1 l\u01b0\u1ee3ng h\u00e0ng h\u00f3a nh\u1eadp<\/span><\/p>\n","protected":false},"featured_media":3872,"comment_status":"open","ping_status":"closed","template":"","meta":[],"product_cat":[146,151],"product_tag":[],"class_list":{"0":"post-1482","1":"product","2":"type-product","3":"status-publish","4":"has-post-thumbnail","6":"product_cat-gia-son-dulux-tai-da-nang","7":"product_cat-son-phu-noi-that-dulux","9":"first","10":"instock","11":"sale","12":"shipping-taxable","13":"purchasable","14":"product-type-simple"},"yoast_head":"<!-- This site is optimized with the Yoast SEO Premium plugin v22.3 (Yoast SEO v22.8) - https:\/\/yoast.com\/wordpress\/plugins\/seo\/ -->\n<title>Gi\u00e1 S\u01a1n Ph\u1ee7 N\u1ed9i Th\u1ea5t Maxilite T\u1ea1i \u0110\u00e0 N\u1eb5ng 0903.595.049<\/title>\n<meta name=\"description\" content=\"Tr\u1ea7n Th\u1ecb l\u00e0 nh\u00e0 cung c\u1ea5p S\u01a1n Ph\u1ee7 N\u1ed9i Th\u1ea5t Maxilite t\u1ea1i \u0110\u00e0 N\u1eb5ng, ph\u1ee5c v\u1ee5 t\u1eadn ch\u00e2n c\u00f4ng tr\u00ecnh v\u1edbi gi\u00e1 r\u1ebb nh\u1ea5t th\u1ecb tr\u01b0\u1eddng \u0110\u00e0 N\u1eb5ng. \u0110\u1ecba ch\u1ec9: 204 L\u00ea V\u0103n Hi\u1ebfn\" \/>\n<meta name=\"robots\" content=\"index, follow, max-snippet:-1, max-image-preview:large, max-video-preview:-1\" \/>\n<link rel=\"canonical\" href=\"https:\/\/tranthi.vn\/quangnam\/son-phu-noi-that-maxilite-mau-nhat-thung-18l\/\" \/>\n<meta property=\"og:locale\" content=\"vi_VN\" \/>\n<meta property=\"og:type\" content=\"article\" \/>\n<meta property=\"og:title\" content=\"S\u01a1n Maxilite Smooth Th\u00f9ng 18l\" \/>\n<meta property=\"og:description\" content=\"Tr\u1ea7n Th\u1ecb l\u00e0 nh\u00e0 cung c\u1ea5p S\u01a1n Ph\u1ee7 N\u1ed9i Th\u1ea5t Maxilite t\u1ea1i \u0110\u00e0 N\u1eb5ng, ph\u1ee5c v\u1ee5 t\u1eadn ch\u00e2n c\u00f4ng tr\u00ecnh v\u1edbi gi\u00e1 r\u1ebb nh\u1ea5t th\u1ecb tr\u01b0\u1eddng \u0110\u00e0 N\u1eb5ng. \u0110\u1ecba ch\u1ec9: 204 L\u00ea V\u0103n Hi\u1ebfn\" \/>\n<meta property=\"og:url\" content=\"https:\/\/tranthi.vn\/quangnam\/son-phu-noi-that-maxilite-mau-nhat-thung-18l\/\" \/>\n<meta property=\"og:site_name\" content=\"V\u1eadt Li\u1ec7u X\u00e2y D\u1ef1ng Tr\u1ea7n Th\u1ecb Chi Nh\u00e1nh Qu\u1ea3ng Nam\" \/>\n<meta property=\"article:modified_time\" content=\"2024-05-01T18:53:27+00:00\" \/>\n<meta property=\"og:image\" content=\"https:\/\/tranthi.vn\/quangnam\/wp-content\/uploads\/2021\/02\/son-son-maxilite-trong-nha-smooth-da-nang_optimized.jpg\" \/>\n\t<meta property=\"og:image:width\" content=\"225\" \/>\n\t<meta property=\"og:image:height\" content=\"225\" \/>\n\t<meta property=\"og:image:type\" content=\"image\/jpeg\" \/>\n<meta name=\"twitter:card\" content=\"summary_large_image\" \/>\n<meta name=\"twitter:label1\" content=\"Gi\u00e1\" \/>\n\t<meta name=\"twitter:data1\" content=\"662,000&nbsp;&#8363;\" \/>\n\t<meta name=\"twitter:label2\" content=\"Kh\u1ea3 d\u1ee5ng\" \/>\n\t<meta name=\"twitter:data2\" content=\"Trong kho\" \/>\n<script type=\"application\/ld+json\" class=\"yoast-schema-graph\">{\"@context\":\"https:\/\/schema.org\",\"@graph\":[{\"@type\":[\"WebPage\",\"ItemPage\"],\"@id\":\"https:\/\/tranthi.vn\/quangnam\/son-phu-noi-that-maxilite-mau-nhat-thung-18l\/\",\"url\":\"https:\/\/tranthi.vn\/quangnam\/son-phu-noi-that-maxilite-mau-nhat-thung-18l\/\",\"name\":\"Gi\u00e1 S\u01a1n Ph\u1ee7 N\u1ed9i Th\u1ea5t Maxilite T\u1ea1i \u0110\u00e0 N\u1eb5ng 0903.595.049\",\"isPartOf\":{\"@id\":\"https:\/\/tranthi.vn\/quangnam\/#website\"},\"primaryImageOfPage\":{\"@id\":\"https:\/\/tranthi.vn\/quangnam\/son-phu-noi-that-maxilite-mau-nhat-thung-18l\/#primaryimage\"},\"image\":{\"@id\":\"https:\/\/tranthi.vn\/quangnam\/son-phu-noi-that-maxilite-mau-nhat-thung-18l\/#primaryimage\"},\"thumbnailUrl\":\"https:\/\/tranthi.vn\/quangnam\/wp-content\/uploads\/2021\/02\/son-son-maxilite-trong-nha-smooth-da-nang_optimized.jpg\",\"datePublished\":\"2021-02-17T09:08:22+00:00\",\"dateModified\":\"2024-05-01T18:53:27+00:00\",\"description\":\"Tr\u1ea7n Th\u1ecb l\u00e0 nh\u00e0 cung c\u1ea5p S\u01a1n Ph\u1ee7 N\u1ed9i Th\u1ea5t Maxilite t\u1ea1i \u0110\u00e0 N\u1eb5ng, ph\u1ee5c v\u1ee5 t\u1eadn ch\u00e2n c\u00f4ng tr\u00ecnh v\u1edbi gi\u00e1 r\u1ebb nh\u1ea5t th\u1ecb tr\u01b0\u1eddng \u0110\u00e0 N\u1eb5ng. \u0110\u1ecba ch\u1ec9: 204 L\u00ea V\u0103n Hi\u1ebfn\",\"breadcrumb\":{\"@id\":\"https:\/\/tranthi.vn\/quangnam\/son-phu-noi-that-maxilite-mau-nhat-thung-18l\/#breadcrumb\"},\"inLanguage\":\"vi\",\"potentialAction\":[{\"@type\":\"ReadAction\",\"target\":[\"https:\/\/tranthi.vn\/quangnam\/son-phu-noi-that-maxilite-mau-nhat-thung-18l\/\"]}]},{\"@type\":\"ImageObject\",\"inLanguage\":\"vi\",\"@id\":\"https:\/\/tranthi.vn\/quangnam\/son-phu-noi-that-maxilite-mau-nhat-thung-18l\/#primaryimage\",\"url\":\"https:\/\/tranthi.vn\/quangnam\/wp-content\/uploads\/2021\/02\/son-son-maxilite-trong-nha-smooth-da-nang_optimized.jpg\",\"contentUrl\":\"https:\/\/tranthi.vn\/quangnam\/wp-content\/uploads\/2021\/02\/son-son-maxilite-trong-nha-smooth-da-nang_optimized.jpg\",\"width\":225,\"height\":225},{\"@type\":\"BreadcrumbList\",\"@id\":\"https:\/\/tranthi.vn\/quangnam\/son-phu-noi-that-maxilite-mau-nhat-thung-18l\/#breadcrumb\",\"itemListElement\":[{\"@type\":\"ListItem\",\"position\":1,\"name\":\"Trang ch\u1ee7\",\"item\":\"https:\/\/tranthi.vn\/quangnam\/\"},{\"@type\":\"ListItem\",\"position\":2,\"name\":\"Shop\",\"item\":\"https:\/\/tranthi.vn\/quangnam\/shop\/\"},{\"@type\":\"ListItem\",\"position\":3,\"name\":\"S\u01a1n Maxilite Smooth Th\u00f9ng 18l\"}]},{\"@type\":\"WebSite\",\"@id\":\"https:\/\/tranthi.vn\/quangnam\/#website\",\"url\":\"https:\/\/tranthi.vn\/quangnam\/\",\"name\":\"V\u1eadt Li\u1ec7u X\u00e2y D\u1ef1ng Tr\u1ea7n Th\u1ecb Chi Nh\u00e1nh Qu\u1ea3ng Nam\",\"description\":\"V\u1eadt Li\u1ec7u X\u00e2y D\u1ef1ng - Qu\u1ea3ng Nam\",\"potentialAction\":[{\"@type\":\"SearchAction\",\"target\":{\"@type\":\"EntryPoint\",\"urlTemplate\":\"https:\/\/tranthi.vn\/quangnam\/?s={search_term_string}\"},\"query-input\":\"required name=search_term_string\"}],\"inLanguage\":\"vi\"},{\"@type\":\"ImageObject\",\"inLanguage\":\"vi\",\"@id\":\"https:\/\/tranthi.vn\/quangnam\/son-phu-noi-that-maxilite-mau-nhat-thung-18l\/#local-main-organization-logo\",\"url\":\"\",\"contentUrl\":\"\",\"caption\":\"V\u1eadt Li\u1ec7u X\u00e2y D\u1ef1ng Tr\u1ea7n Th\u1ecb Chi Nh\u00e1nh Qu\u1ea3ng Nam\"}]}<\/script>\n<meta property=\"product:price:amount\" content=\"662000\" \/>\n<meta property=\"product:price:currency\" content=\"VND\" \/>\n<meta property=\"og:availability\" content=\"instock\" \/>\n<meta property=\"product:availability\" content=\"instock\" \/>\n<meta property=\"product:condition\" content=\"new\" \/>\n<!-- \/ Yoast SEO Premium plugin. -->","yoast_head_json":{"title":"Gi\u00e1 S\u01a1n Ph\u1ee7 N\u1ed9i Th\u1ea5t Maxilite T\u1ea1i \u0110\u00e0 N\u1eb5ng 0903.595.049","description":"Tr\u1ea7n Th\u1ecb l\u00e0 nh\u00e0 cung c\u1ea5p S\u01a1n Ph\u1ee7 N\u1ed9i Th\u1ea5t Maxilite t\u1ea1i \u0110\u00e0 N\u1eb5ng, ph\u1ee5c v\u1ee5 t\u1eadn ch\u00e2n c\u00f4ng tr\u00ecnh v\u1edbi gi\u00e1 r\u1ebb nh\u1ea5t th\u1ecb tr\u01b0\u1eddng \u0110\u00e0 N\u1eb5ng. \u0110\u1ecba ch\u1ec9: 204 L\u00ea V\u0103n Hi\u1ebfn","robots":{"index":"index","follow":"follow","max-snippet":"max-snippet:-1","max-image-preview":"max-image-preview:large","max-video-preview":"max-video-preview:-1"},"canonical":"https:\/\/tranthi.vn\/quangnam\/son-phu-noi-that-maxilite-mau-nhat-thung-18l\/","og_locale":"vi_VN","og_type":"article","og_title":"S\u01a1n Maxilite Smooth Th\u00f9ng 18l","og_description":"Tr\u1ea7n Th\u1ecb l\u00e0 nh\u00e0 cung c\u1ea5p S\u01a1n Ph\u1ee7 N\u1ed9i Th\u1ea5t Maxilite t\u1ea1i \u0110\u00e0 N\u1eb5ng, ph\u1ee5c v\u1ee5 t\u1eadn ch\u00e2n c\u00f4ng tr\u00ecnh v\u1edbi gi\u00e1 r\u1ebb nh\u1ea5t th\u1ecb tr\u01b0\u1eddng \u0110\u00e0 N\u1eb5ng. \u0110\u1ecba ch\u1ec9: 204 L\u00ea V\u0103n Hi\u1ebfn","og_url":"https:\/\/tranthi.vn\/quangnam\/son-phu-noi-that-maxilite-mau-nhat-thung-18l\/","og_site_name":"V\u1eadt Li\u1ec7u X\u00e2y D\u1ef1ng Tr\u1ea7n Th\u1ecb Chi Nh\u00e1nh Qu\u1ea3ng Nam","article_modified_time":"2024-05-01T18:53:27+00:00","og_image":[{"width":225,"height":225,"url":"https:\/\/tranthi.vn\/quangnam\/wp-content\/uploads\/2021\/02\/son-son-maxilite-trong-nha-smooth-da-nang_optimized.jpg","type":"image\/jpeg"}],"twitter_card":"summary_large_image","twitter_misc":{"Gi\u00e1":"662,000&nbsp;&#8363;","Kh\u1ea3 d\u1ee5ng":"Trong kho"},"schema":{"@context":"https:\/\/schema.org","@graph":[{"@type":["WebPage","ItemPage"],"@id":"https:\/\/tranthi.vn\/quangnam\/son-phu-noi-that-maxilite-mau-nhat-thung-18l\/","url":"https:\/\/tranthi.vn\/quangnam\/son-phu-noi-that-maxilite-mau-nhat-thung-18l\/","name":"Gi\u00e1 S\u01a1n Ph\u1ee7 N\u1ed9i Th\u1ea5t Maxilite T\u1ea1i \u0110\u00e0 N\u1eb5ng 0903.595.049","isPartOf":{"@id":"https:\/\/tranthi.vn\/quangnam\/#website"},"primaryImageOfPage":{"@id":"https:\/\/tranthi.vn\/quangnam\/son-phu-noi-that-maxilite-mau-nhat-thung-18l\/#primaryimage"},"image":{"@id":"https:\/\/tranthi.vn\/quangnam\/son-phu-noi-that-maxilite-mau-nhat-thung-18l\/#primaryimage"},"thumbnailUrl":"https:\/\/tranthi.vn\/quangnam\/wp-content\/uploads\/2021\/02\/son-son-maxilite-trong-nha-smooth-da-nang_optimized.jpg","datePublished":"2021-02-17T09:08:22+00:00","dateModified":"2024-05-01T18:53:27+00:00","description":"Tr\u1ea7n Th\u1ecb l\u00e0 nh\u00e0 cung c\u1ea5p S\u01a1n Ph\u1ee7 N\u1ed9i Th\u1ea5t Maxilite t\u1ea1i \u0110\u00e0 N\u1eb5ng, ph\u1ee5c v\u1ee5 t\u1eadn ch\u00e2n c\u00f4ng tr\u00ecnh v\u1edbi gi\u00e1 r\u1ebb nh\u1ea5t th\u1ecb tr\u01b0\u1eddng \u0110\u00e0 N\u1eb5ng. \u0110\u1ecba ch\u1ec9: 204 L\u00ea V\u0103n Hi\u1ebfn","breadcrumb":{"@id":"https:\/\/tranthi.vn\/quangnam\/son-phu-noi-that-maxilite-mau-nhat-thung-18l\/#breadcrumb"},"inLanguage":"vi","potentialAction":[{"@type":"ReadAction","target":["https:\/\/tranthi.vn\/quangnam\/son-phu-noi-that-maxilite-mau-nhat-thung-18l\/"]}]},{"@type":"ImageObject","inLanguage":"vi","@id":"https:\/\/tranthi.vn\/quangnam\/son-phu-noi-that-maxilite-mau-nhat-thung-18l\/#primaryimage","url":"https:\/\/tranthi.vn\/quangnam\/wp-content\/uploads\/2021\/02\/son-son-maxilite-trong-nha-smooth-da-nang_optimized.jpg","contentUrl":"https:\/\/tranthi.vn\/quangnam\/wp-content\/uploads\/2021\/02\/son-son-maxilite-trong-nha-smooth-da-nang_optimized.jpg","width":225,"height":225},{"@type":"BreadcrumbList","@id":"https:\/\/tranthi.vn\/quangnam\/son-phu-noi-that-maxilite-mau-nhat-thung-18l\/#breadcrumb","itemListElement":[{"@type":"ListItem","position":1,"name":"Trang ch\u1ee7","item":"https:\/\/tranthi.vn\/quangnam\/"},{"@type":"ListItem","position":2,"name":"Shop","item":"https:\/\/tranthi.vn\/quangnam\/shop\/"},{"@type":"ListItem","position":3,"name":"S\u01a1n Maxilite Smooth Th\u00f9ng 18l"}]},{"@type":"WebSite","@id":"https:\/\/tranthi.vn\/quangnam\/#website","url":"https:\/\/tranthi.vn\/quangnam\/","name":"V\u1eadt Li\u1ec7u X\u00e2y D\u1ef1ng Tr\u1ea7n Th\u1ecb Chi Nh\u00e1nh Qu\u1ea3ng Nam","description":"V\u1eadt Li\u1ec7u X\u00e2y D\u1ef1ng - Qu\u1ea3ng Nam","potentialAction":[{"@type":"SearchAction","target":{"@type":"EntryPoint","urlTemplate":"https:\/\/tranthi.vn\/quangnam\/?s={search_term_string}"},"query-input":"required name=search_term_string"}],"inLanguage":"vi"},{"@type":"ImageObject","inLanguage":"vi","@id":"https:\/\/tranthi.vn\/quangnam\/son-phu-noi-that-maxilite-mau-nhat-thung-18l\/#local-main-organization-logo","url":"","contentUrl":"","caption":"V\u1eadt Li\u1ec7u X\u00e2y D\u1ef1ng Tr\u1ea7n Th\u1ecb Chi Nh\u00e1nh Qu\u1ea3ng Nam"}]},"product_price_amount":"662000","product_price_currency":"VND","og_availability":"instock","product_availability":"instock","product_condition":"new"},"_links":{"self":[{"href":"https:\/\/tranthi.vn\/quangnam\/wp-json\/wp\/v2\/product\/1482","targetHints":{"allow":["GET"]}}],"collection":[{"href":"https:\/\/tranthi.vn\/quangnam\/wp-json\/wp\/v2\/product"}],"about":[{"href":"https:\/\/tranthi.vn\/quangnam\/wp-json\/wp\/v2\/types\/product"}],"replies":[{"embeddable":true,"href":"https:\/\/tranthi.vn\/quangnam\/wp-json\/wp\/v2\/comments?post=1482"}],"wp:featuredmedia":[{"embeddable":true,"href":"https:\/\/tranthi.vn\/quangnam\/wp-json\/wp\/v2\/media\/3872"}],"wp:attachment":[{"href":"https:\/\/tranthi.vn\/quangnam\/wp-json\/wp\/v2\/media?parent=1482"}],"wp:term":[{"taxonomy":"product_cat","embeddable":true,"href":"https:\/\/tranthi.vn\/quangnam\/wp-json\/wp\/v2\/product_cat?post=1482"},{"taxonomy":"product_tag","embeddable":true,"href":"https:\/\/tranthi.vn\/quangnam\/wp-json\/wp\/v2\/product_tag?post=1482"}],"curies":[{"name":"wp","href":"https:\/\/api.w.org\/{rel}","templated":true}]}}