{"id":1476,"date":"2021-02-17T16:08:18","date_gmt":"2021-02-17T09:08:18","guid":{"rendered":"http:\/\/new-tranthi.test\/san-pham\/chat-chong-tham-2-thanh-phan-dulux-aquatech-thung-20kg\/"},"modified":"2024-05-02T00:02:11","modified_gmt":"2024-05-01T17:02:11","slug":"chat-chong-tham-2-thanh-phan-dulux-aquatech-thung-20kg","status":"publish","type":"product","link":"https:\/\/tranthi.vn\/quangnam\/chat-chong-tham-2-thanh-phan-dulux-aquatech-thung-20kg\/","title":{"rendered":"Ch\u1ea5t Ch\u1ed1ng Th\u1ea5m Dulux Aquatech flex waterproofing-Th\u00f9ng 20kg"},"content":{"rendered":"","protected":false},"excerpt":{"rendered":"<p><span style=\"font-family: 'times new roman', times, serif; font-size: 130%; color: #000000;\">\ud83d\ude1b Giao h\u00e0ng trong \u0111\u1ecba b\u00e0n\u00a0<span style=\"color: #008000;\"><em><a style=\"color: #008000;\" href=\"https:\/\/fr.wikipedia.org\/wiki\/Da_Nang\"><strong>\u0110\u00e0 N\u1eb5ng<\/strong><\/a><\/em><\/span><\/span><\/p>\n<p><span style=\"font-family: 'times new roman', times, serif; font-size: 130%; color: #000000;\">\ud83d\ude1b \u0110\u01a1n v\u1ecb t\u00ednh: Th\u00f9ng 20 Kg<\/span><\/p>\n<p><span style=\"font-family: 'times new roman', times, serif; font-size: 130%; color: #000000;\">\ud83d\ude1b \u0110\u01a1n gi\u00e1 <span style=\"color: #008000;\"><a style=\"color: #008000;\" href=\"https:\/\/tranthi.vn\/quangnam\/chat-chong-tham-2-thanh-phan-dulux-aquatech\"><em><strong>Ch\u1ea5t ch\u1ed1ng th\u1ea5m Dulux Aquatech flex waterproofing<\/strong><\/em>\u00a0<\/a><\/span>trong n\u1ed9i th\u00e0nh:\u00a0<\/span><\/p>\n<p><span style=\"font-family: 'times new roman', times, serif; font-size: 130%; color: #000000;\">Th\u00f9ng 20 Kg: <strong><span style=\"color: #ff0000;\">2.410.000\u0111<\/span><\/strong><\/span><\/p>\n<p><span style=\"font-family: 'times new roman', times, serif; font-size: 130%;\"><span style=\"color: #000000;\">Th\u00f9ng 6 Kg: <\/span><span style=\"color: #ff0000;\"><strong>830.000\u0111<\/strong><\/span><\/span><\/p>\n<p><span style=\"font-family: 'times new roman', times, serif; font-size: 130%;\"><em>( \u0110\u01a1n gi\u00e1 \u00e1p d\u1ee5ng khi mua t\u1eeb 5 s\u1ea3n ph\u1ea9m )<\/em><\/span><\/p>\n<p>&nbsp;<\/p>\n","protected":false},"featured_media":1475,"comment_status":"open","ping_status":"closed","template":"","meta":[],"product_cat":[139,148,146],"product_tag":[],"class_list":{"0":"post-1476","1":"product","2":"type-product","3":"status-publish","4":"has-post-thumbnail","6":"product_cat-son","7":"product_cat-son-chong-tham-ngoai-that-dulux","8":"product_cat-gia-son-dulux-tai-da-nang","10":"first","11":"instock","12":"sale","13":"shipping-taxable","14":"purchasable","15":"product-type-simple"},"yoast_head":"<!-- This site is optimized with the Yoast SEO Premium plugin v22.3 (Yoast SEO v22.8) - https:\/\/yoast.com\/wordpress\/plugins\/seo\/ -->\n<title>Gi\u00e1 ch\u1ed1ng th\u1ea5m 2 th\u00e0nh ph\u1ea7n Dulux Aquatech t\u1ea1i \u0110\u00e0 N\u1eb5ng - 0903595049<\/title>\n<meta name=\"description\" content=\"Tr\u1ea7n Th\u1ecb l\u00e0 \u0111\u1ea1i l\u00fd ch\u1ed1ng th\u1ea5m 2 th\u00e0nh ph\u1ea7n Dulux Aquatech t\u1ea1i \u0110\u00e0 N\u1eb5ng, ph\u1ee5c v\u1ee5 t\u1eadn ch\u00e2n c\u00f4ng tr\u00ecnh v\u1edbi gi\u00e1 r\u1ebb nh\u1ea5t \u0110\u00e0 N\u1eb5ng. \u0110\u1ecba ch\u1ec9: 204 L\u00ea V\u0103n Hi\u1ebfn\" \/>\n<meta name=\"robots\" content=\"index, follow, max-snippet:-1, max-image-preview:large, max-video-preview:-1\" \/>\n<link rel=\"canonical\" href=\"https:\/\/tranthi.vn\/quangnam\/chat-chong-tham-2-thanh-phan-dulux-aquatech-thung-20kg\/\" \/>\n<meta property=\"og:locale\" content=\"vi_VN\" \/>\n<meta property=\"og:type\" content=\"article\" \/>\n<meta property=\"og:title\" content=\"Ch\u1ea5t Ch\u1ed1ng Th\u1ea5m Dulux Aquatech flex waterproofing-Th\u00f9ng 20kg\" \/>\n<meta property=\"og:description\" content=\"Tr\u1ea7n Th\u1ecb l\u00e0 \u0111\u1ea1i l\u00fd ch\u1ed1ng th\u1ea5m 2 th\u00e0nh ph\u1ea7n Dulux Aquatech t\u1ea1i \u0110\u00e0 N\u1eb5ng, ph\u1ee5c v\u1ee5 t\u1eadn ch\u00e2n c\u00f4ng tr\u00ecnh v\u1edbi gi\u00e1 r\u1ebb nh\u1ea5t \u0110\u00e0 N\u1eb5ng. \u0110\u1ecba ch\u1ec9: 204 L\u00ea V\u0103n Hi\u1ebfn\" \/>\n<meta property=\"og:url\" content=\"https:\/\/tranthi.vn\/quangnam\/chat-chong-tham-2-thanh-phan-dulux-aquatech-thung-20kg\/\" \/>\n<meta property=\"og:site_name\" content=\"V\u1eadt Li\u1ec7u X\u00e2y D\u1ef1ng Tr\u1ea7n Th\u1ecb Chi Nh\u00e1nh Qu\u1ea3ng Nam\" \/>\n<meta property=\"article:modified_time\" content=\"2024-05-01T17:02:11+00:00\" \/>\n<meta property=\"og:image\" content=\"https:\/\/tranthi.vn\/quangnam\/wp-content\/uploads\/2021\/02\/son-chong-tham-dulux-aquatech-tai-da-nang_optimized.jpg\" \/>\n\t<meta property=\"og:image:width\" content=\"400\" \/>\n\t<meta property=\"og:image:height\" content=\"400\" \/>\n\t<meta property=\"og:image:type\" content=\"image\/jpeg\" \/>\n<meta name=\"twitter:card\" content=\"summary_large_image\" \/>\n<meta name=\"twitter:label1\" content=\"Gi\u00e1\" \/>\n\t<meta name=\"twitter:data1\" content=\"2,410,000&nbsp;&#8363;\" \/>\n\t<meta name=\"twitter:label2\" content=\"Kh\u1ea3 d\u1ee5ng\" \/>\n\t<meta name=\"twitter:data2\" content=\"Trong kho\" \/>\n<script type=\"application\/ld+json\" class=\"yoast-schema-graph\">{\"@context\":\"https:\/\/schema.org\",\"@graph\":[{\"@type\":[\"WebPage\",\"ItemPage\"],\"@id\":\"https:\/\/tranthi.vn\/quangnam\/chat-chong-tham-2-thanh-phan-dulux-aquatech-thung-20kg\/\",\"url\":\"https:\/\/tranthi.vn\/quangnam\/chat-chong-tham-2-thanh-phan-dulux-aquatech-thung-20kg\/\",\"name\":\"Gi\u00e1 ch\u1ed1ng th\u1ea5m 2 th\u00e0nh ph\u1ea7n Dulux Aquatech t\u1ea1i \u0110\u00e0 N\u1eb5ng - 0903595049\",\"isPartOf\":{\"@id\":\"https:\/\/tranthi.vn\/quangnam\/#website\"},\"primaryImageOfPage\":{\"@id\":\"https:\/\/tranthi.vn\/quangnam\/chat-chong-tham-2-thanh-phan-dulux-aquatech-thung-20kg\/#primaryimage\"},\"image\":{\"@id\":\"https:\/\/tranthi.vn\/quangnam\/chat-chong-tham-2-thanh-phan-dulux-aquatech-thung-20kg\/#primaryimage\"},\"thumbnailUrl\":\"https:\/\/tranthi.vn\/quangnam\/wp-content\/uploads\/2021\/02\/son-chong-tham-dulux-aquatech-tai-da-nang_optimized.jpg\",\"datePublished\":\"2021-02-17T09:08:18+00:00\",\"dateModified\":\"2024-05-01T17:02:11+00:00\",\"description\":\"Tr\u1ea7n Th\u1ecb l\u00e0 \u0111\u1ea1i l\u00fd ch\u1ed1ng th\u1ea5m 2 th\u00e0nh ph\u1ea7n Dulux Aquatech t\u1ea1i \u0110\u00e0 N\u1eb5ng, ph\u1ee5c v\u1ee5 t\u1eadn ch\u00e2n c\u00f4ng tr\u00ecnh v\u1edbi gi\u00e1 r\u1ebb nh\u1ea5t \u0110\u00e0 N\u1eb5ng. \u0110\u1ecba ch\u1ec9: 204 L\u00ea V\u0103n Hi\u1ebfn\",\"breadcrumb\":{\"@id\":\"https:\/\/tranthi.vn\/quangnam\/chat-chong-tham-2-thanh-phan-dulux-aquatech-thung-20kg\/#breadcrumb\"},\"inLanguage\":\"vi\",\"potentialAction\":[{\"@type\":\"ReadAction\",\"target\":[\"https:\/\/tranthi.vn\/quangnam\/chat-chong-tham-2-thanh-phan-dulux-aquatech-thung-20kg\/\"]}]},{\"@type\":\"ImageObject\",\"inLanguage\":\"vi\",\"@id\":\"https:\/\/tranthi.vn\/quangnam\/chat-chong-tham-2-thanh-phan-dulux-aquatech-thung-20kg\/#primaryimage\",\"url\":\"https:\/\/tranthi.vn\/quangnam\/wp-content\/uploads\/2021\/02\/son-chong-tham-dulux-aquatech-tai-da-nang_optimized.jpg\",\"contentUrl\":\"https:\/\/tranthi.vn\/quangnam\/wp-content\/uploads\/2021\/02\/son-chong-tham-dulux-aquatech-tai-da-nang_optimized.jpg\",\"width\":400,\"height\":400},{\"@type\":\"BreadcrumbList\",\"@id\":\"https:\/\/tranthi.vn\/quangnam\/chat-chong-tham-2-thanh-phan-dulux-aquatech-thung-20kg\/#breadcrumb\",\"itemListElement\":[{\"@type\":\"ListItem\",\"position\":1,\"name\":\"Trang ch\u1ee7\",\"item\":\"https:\/\/tranthi.vn\/quangnam\/\"},{\"@type\":\"ListItem\",\"position\":2,\"name\":\"Shop\",\"item\":\"https:\/\/tranthi.vn\/quangnam\/shop\/\"},{\"@type\":\"ListItem\",\"position\":3,\"name\":\"Ch\u1ea5t Ch\u1ed1ng Th\u1ea5m Dulux Aquatech flex waterproofing-Th\u00f9ng 20kg\"}]},{\"@type\":\"WebSite\",\"@id\":\"https:\/\/tranthi.vn\/quangnam\/#website\",\"url\":\"https:\/\/tranthi.vn\/quangnam\/\",\"name\":\"V\u1eadt Li\u1ec7u X\u00e2y D\u1ef1ng Tr\u1ea7n Th\u1ecb Chi Nh\u00e1nh Qu\u1ea3ng Nam\",\"description\":\"V\u1eadt Li\u1ec7u X\u00e2y D\u1ef1ng - Qu\u1ea3ng Nam\",\"potentialAction\":[{\"@type\":\"SearchAction\",\"target\":{\"@type\":\"EntryPoint\",\"urlTemplate\":\"https:\/\/tranthi.vn\/quangnam\/?s={search_term_string}\"},\"query-input\":\"required name=search_term_string\"}],\"inLanguage\":\"vi\"},{\"@type\":\"ImageObject\",\"inLanguage\":\"vi\",\"@id\":\"https:\/\/tranthi.vn\/quangnam\/chat-chong-tham-2-thanh-phan-dulux-aquatech-thung-20kg\/#local-main-organization-logo\",\"url\":\"\",\"contentUrl\":\"\",\"caption\":\"V\u1eadt Li\u1ec7u X\u00e2y D\u1ef1ng Tr\u1ea7n Th\u1ecb Chi Nh\u00e1nh Qu\u1ea3ng Nam\"}]}<\/script>\n<meta property=\"product:price:amount\" content=\"2410000\" \/>\n<meta property=\"product:price:currency\" content=\"VND\" \/>\n<meta property=\"og:availability\" content=\"instock\" \/>\n<meta property=\"product:availability\" content=\"instock\" \/>\n<meta property=\"product:condition\" content=\"new\" \/>\n<!-- \/ Yoast SEO Premium plugin. -->","yoast_head_json":{"title":"Gi\u00e1 ch\u1ed1ng th\u1ea5m 2 th\u00e0nh ph\u1ea7n Dulux Aquatech t\u1ea1i \u0110\u00e0 N\u1eb5ng - 0903595049","description":"Tr\u1ea7n Th\u1ecb l\u00e0 \u0111\u1ea1i l\u00fd ch\u1ed1ng th\u1ea5m 2 th\u00e0nh ph\u1ea7n Dulux Aquatech t\u1ea1i \u0110\u00e0 N\u1eb5ng, ph\u1ee5c v\u1ee5 t\u1eadn ch\u00e2n c\u00f4ng tr\u00ecnh v\u1edbi gi\u00e1 r\u1ebb nh\u1ea5t \u0110\u00e0 N\u1eb5ng. \u0110\u1ecba ch\u1ec9: 204 L\u00ea V\u0103n Hi\u1ebfn","robots":{"index":"index","follow":"follow","max-snippet":"max-snippet:-1","max-image-preview":"max-image-preview:large","max-video-preview":"max-video-preview:-1"},"canonical":"https:\/\/tranthi.vn\/quangnam\/chat-chong-tham-2-thanh-phan-dulux-aquatech-thung-20kg\/","og_locale":"vi_VN","og_type":"article","og_title":"Ch\u1ea5t Ch\u1ed1ng Th\u1ea5m Dulux Aquatech flex waterproofing-Th\u00f9ng 20kg","og_description":"Tr\u1ea7n Th\u1ecb l\u00e0 \u0111\u1ea1i l\u00fd ch\u1ed1ng th\u1ea5m 2 th\u00e0nh ph\u1ea7n Dulux Aquatech t\u1ea1i \u0110\u00e0 N\u1eb5ng, ph\u1ee5c v\u1ee5 t\u1eadn ch\u00e2n c\u00f4ng tr\u00ecnh v\u1edbi gi\u00e1 r\u1ebb nh\u1ea5t \u0110\u00e0 N\u1eb5ng. \u0110\u1ecba ch\u1ec9: 204 L\u00ea V\u0103n Hi\u1ebfn","og_url":"https:\/\/tranthi.vn\/quangnam\/chat-chong-tham-2-thanh-phan-dulux-aquatech-thung-20kg\/","og_site_name":"V\u1eadt Li\u1ec7u X\u00e2y D\u1ef1ng Tr\u1ea7n Th\u1ecb Chi Nh\u00e1nh Qu\u1ea3ng Nam","article_modified_time":"2024-05-01T17:02:11+00:00","og_image":[{"width":400,"height":400,"url":"https:\/\/tranthi.vn\/quangnam\/wp-content\/uploads\/2021\/02\/son-chong-tham-dulux-aquatech-tai-da-nang_optimized.jpg","type":"image\/jpeg"}],"twitter_card":"summary_large_image","twitter_misc":{"Gi\u00e1":"2,410,000&nbsp;&#8363;","Kh\u1ea3 d\u1ee5ng":"Trong kho"},"schema":{"@context":"https:\/\/schema.org","@graph":[{"@type":["WebPage","ItemPage"],"@id":"https:\/\/tranthi.vn\/quangnam\/chat-chong-tham-2-thanh-phan-dulux-aquatech-thung-20kg\/","url":"https:\/\/tranthi.vn\/quangnam\/chat-chong-tham-2-thanh-phan-dulux-aquatech-thung-20kg\/","name":"Gi\u00e1 ch\u1ed1ng th\u1ea5m 2 th\u00e0nh ph\u1ea7n Dulux Aquatech t\u1ea1i \u0110\u00e0 N\u1eb5ng - 0903595049","isPartOf":{"@id":"https:\/\/tranthi.vn\/quangnam\/#website"},"primaryImageOfPage":{"@id":"https:\/\/tranthi.vn\/quangnam\/chat-chong-tham-2-thanh-phan-dulux-aquatech-thung-20kg\/#primaryimage"},"image":{"@id":"https:\/\/tranthi.vn\/quangnam\/chat-chong-tham-2-thanh-phan-dulux-aquatech-thung-20kg\/#primaryimage"},"thumbnailUrl":"https:\/\/tranthi.vn\/quangnam\/wp-content\/uploads\/2021\/02\/son-chong-tham-dulux-aquatech-tai-da-nang_optimized.jpg","datePublished":"2021-02-17T09:08:18+00:00","dateModified":"2024-05-01T17:02:11+00:00","description":"Tr\u1ea7n Th\u1ecb l\u00e0 \u0111\u1ea1i l\u00fd ch\u1ed1ng th\u1ea5m 2 th\u00e0nh ph\u1ea7n Dulux Aquatech t\u1ea1i \u0110\u00e0 N\u1eb5ng, ph\u1ee5c v\u1ee5 t\u1eadn ch\u00e2n c\u00f4ng tr\u00ecnh v\u1edbi gi\u00e1 r\u1ebb nh\u1ea5t \u0110\u00e0 N\u1eb5ng. \u0110\u1ecba ch\u1ec9: 204 L\u00ea V\u0103n Hi\u1ebfn","breadcrumb":{"@id":"https:\/\/tranthi.vn\/quangnam\/chat-chong-tham-2-thanh-phan-dulux-aquatech-thung-20kg\/#breadcrumb"},"inLanguage":"vi","potentialAction":[{"@type":"ReadAction","target":["https:\/\/tranthi.vn\/quangnam\/chat-chong-tham-2-thanh-phan-dulux-aquatech-thung-20kg\/"]}]},{"@type":"ImageObject","inLanguage":"vi","@id":"https:\/\/tranthi.vn\/quangnam\/chat-chong-tham-2-thanh-phan-dulux-aquatech-thung-20kg\/#primaryimage","url":"https:\/\/tranthi.vn\/quangnam\/wp-content\/uploads\/2021\/02\/son-chong-tham-dulux-aquatech-tai-da-nang_optimized.jpg","contentUrl":"https:\/\/tranthi.vn\/quangnam\/wp-content\/uploads\/2021\/02\/son-chong-tham-dulux-aquatech-tai-da-nang_optimized.jpg","width":400,"height":400},{"@type":"BreadcrumbList","@id":"https:\/\/tranthi.vn\/quangnam\/chat-chong-tham-2-thanh-phan-dulux-aquatech-thung-20kg\/#breadcrumb","itemListElement":[{"@type":"ListItem","position":1,"name":"Trang ch\u1ee7","item":"https:\/\/tranthi.vn\/quangnam\/"},{"@type":"ListItem","position":2,"name":"Shop","item":"https:\/\/tranthi.vn\/quangnam\/shop\/"},{"@type":"ListItem","position":3,"name":"Ch\u1ea5t Ch\u1ed1ng Th\u1ea5m Dulux Aquatech flex waterproofing-Th\u00f9ng 20kg"}]},{"@type":"WebSite","@id":"https:\/\/tranthi.vn\/quangnam\/#website","url":"https:\/\/tranthi.vn\/quangnam\/","name":"V\u1eadt Li\u1ec7u X\u00e2y D\u1ef1ng Tr\u1ea7n Th\u1ecb Chi Nh\u00e1nh Qu\u1ea3ng Nam","description":"V\u1eadt Li\u1ec7u X\u00e2y D\u1ef1ng - Qu\u1ea3ng Nam","potentialAction":[{"@type":"SearchAction","target":{"@type":"EntryPoint","urlTemplate":"https:\/\/tranthi.vn\/quangnam\/?s={search_term_string}"},"query-input":"required name=search_term_string"}],"inLanguage":"vi"},{"@type":"ImageObject","inLanguage":"vi","@id":"https:\/\/tranthi.vn\/quangnam\/chat-chong-tham-2-thanh-phan-dulux-aquatech-thung-20kg\/#local-main-organization-logo","url":"","contentUrl":"","caption":"V\u1eadt Li\u1ec7u X\u00e2y D\u1ef1ng Tr\u1ea7n Th\u1ecb Chi Nh\u00e1nh Qu\u1ea3ng Nam"}]},"product_price_amount":"2410000","product_price_currency":"VND","og_availability":"instock","product_availability":"instock","product_condition":"new"},"_links":{"self":[{"href":"https:\/\/tranthi.vn\/quangnam\/wp-json\/wp\/v2\/product\/1476","targetHints":{"allow":["GET"]}}],"collection":[{"href":"https:\/\/tranthi.vn\/quangnam\/wp-json\/wp\/v2\/product"}],"about":[{"href":"https:\/\/tranthi.vn\/quangnam\/wp-json\/wp\/v2\/types\/product"}],"replies":[{"embeddable":true,"href":"https:\/\/tranthi.vn\/quangnam\/wp-json\/wp\/v2\/comments?post=1476"}],"wp:featuredmedia":[{"embeddable":true,"href":"https:\/\/tranthi.vn\/quangnam\/wp-json\/wp\/v2\/media\/1475"}],"wp:attachment":[{"href":"https:\/\/tranthi.vn\/quangnam\/wp-json\/wp\/v2\/media?parent=1476"}],"wp:term":[{"taxonomy":"product_cat","embeddable":true,"href":"https:\/\/tranthi.vn\/quangnam\/wp-json\/wp\/v2\/product_cat?post=1476"},{"taxonomy":"product_tag","embeddable":true,"href":"https:\/\/tranthi.vn\/quangnam\/wp-json\/wp\/v2\/product_tag?post=1476"}],"curies":[{"name":"wp","href":"https:\/\/api.w.org\/{rel}","templated":true}]}}