{"id":1466,"date":"2021-02-17T16:08:04","date_gmt":"2021-02-17T09:08:04","guid":{"rendered":"http:\/\/new-tranthi.test\/san-pham\/bot-tret-tuong-dulux-bao-40kg-2\/"},"modified":"2024-05-01T12:33:33","modified_gmt":"2024-05-01T05:33:33","slug":"bot-tret-tuong-dulux-bao-40kg-2","status":"publish","type":"product","link":"https:\/\/tranthi.vn\/quangnam\/bot-tret-tuong-dulux-bao-40kg-2\/","title":{"rendered":"B\u1ed9t Tr\u00e9t T\u01b0\u1eddng Dulux Putty-Bao 40kg -A502-tr\u1eafng"},"content":{"rendered":"","protected":false},"excerpt":{"rendered":"<p><span style=\"font-family: 'times new roman', times, serif; font-size: 130%;\"><a href=\"https:\/\/tranthi.vn\/quangnam\/?post_type=product&amp;p=2767&amp;preview=true\"><b><i>B\u1ed9t tr\u00e9t t\u01b0\u1eddng Dulux<\/i><\/b><\/a><b><i>\u00a0<\/i><\/b><\/span><\/p>\n<p><span style=\"font-family: 'times new roman', times, serif; font-size: 130%;\">\ud83d\ude1b \u0110\u01a1n v\u1ecb t\u00ednh: \u00a0Bao 40 Kg<\/span><\/p>\n<p><span style=\"font-family: 'times new roman', times, serif; font-size: 130%;\">\ud83d\ude1b<span style=\"color: #d83131;\"><span style=\"color: #282828;\"><strong> \u0110\u01a1n gi\u00e1:<\/strong><\/span> <span style=\"color: #ff0000;\"><strong>465.000\u0111 (s\u1ed1 l\u01b0\u1ee3ng tr\u00ean 10 bao)<\/strong><\/span><\/span><\/span><\/p>\n<p><span style=\"font-family: 'times new roman', times, serif; font-size: 130%;\">\ud83d\ude1b Giao h\u00e0ng trong \u0111\u1ecba b\u00e0n\u00a0<em><a href=\"https:\/\/fr.wikipedia.org\/wiki\/Da_Nang\"><strong>\u0110\u00e0 N\u1eb5ng<\/strong><\/a><\/em><\/span><\/p>\n","protected":false},"featured_media":782,"comment_status":"open","ping_status":"closed","template":"","meta":[],"product_cat":[147,139,146],"product_tag":[],"class_list":{"0":"post-1466","1":"product","2":"type-product","3":"status-publish","4":"has-post-thumbnail","6":"product_cat-bot-tret-dulux","7":"product_cat-son","8":"product_cat-gia-son-dulux-tai-da-nang","10":"first","11":"instock","12":"sale","13":"shipping-taxable","14":"purchasable","15":"product-type-simple"},"yoast_head":"<!-- This site is optimized with the Yoast SEO Premium plugin v22.3 (Yoast SEO v22.8) - https:\/\/yoast.com\/wordpress\/plugins\/seo\/ -->\n<title>Gi\u00e1 b\u1ed9t tr\u00e9t t\u01b0\u1eddng Dulux t\u1ea1i \u0110\u00e0 N\u1eb5ng - 0903595049<\/title>\n<meta name=\"description\" content=\"Tr\u1ea7n Th\u1ecb - \u0111\u1ea1i l\u00fd chuy\u00ean c\u0169ng c\u1ea5p b\u1ed9t tr\u00e9t t\u01b0\u1eddng n\u1ed9i th\u1ea5t - ngo\u1ea1i th\u1ea5t Dulux t\u1ea1i \u0110\u00e0 N\u1eb5ng , ph\u1ee5c v\u1ee5 t\u1eadn ch\u00e2n c\u00f4ng tr\u00ecnh v\u1edbi gi\u1ea3 r\u1ebb nh\u1ea5t \u0110\u00e0 n\u1eb5ng\" \/>\n<meta name=\"robots\" content=\"index, follow, max-snippet:-1, max-image-preview:large, max-video-preview:-1\" \/>\n<link rel=\"canonical\" href=\"https:\/\/tranthi.vn\/quangnam\/bot-tret-tuong-dulux-bao-40kg-2\/\" \/>\n<meta property=\"og:locale\" content=\"vi_VN\" \/>\n<meta property=\"og:type\" content=\"article\" \/>\n<meta property=\"og:title\" content=\"B\u1ed9t Tr\u00e9t T\u01b0\u1eddng Dulux Putty-Bao 40kg -A502-tr\u1eafng\" \/>\n<meta property=\"og:description\" content=\"Tr\u1ea7n Th\u1ecb - \u0111\u1ea1i l\u00fd chuy\u00ean c\u0169ng c\u1ea5p b\u1ed9t tr\u00e9t t\u01b0\u1eddng n\u1ed9i th\u1ea5t - ngo\u1ea1i th\u1ea5t Dulux t\u1ea1i \u0110\u00e0 N\u1eb5ng , ph\u1ee5c v\u1ee5 t\u1eadn ch\u00e2n c\u00f4ng tr\u00ecnh v\u1edbi gi\u1ea3 r\u1ebb nh\u1ea5t \u0110\u00e0 n\u1eb5ng\" \/>\n<meta property=\"og:url\" content=\"https:\/\/tranthi.vn\/quangnam\/bot-tret-tuong-dulux-bao-40kg-2\/\" \/>\n<meta property=\"og:site_name\" content=\"V\u1eadt Li\u1ec7u X\u00e2y D\u1ef1ng Tr\u1ea7n Th\u1ecb Chi Nh\u00e1nh Qu\u1ea3ng Nam\" \/>\n<meta property=\"article:modified_time\" content=\"2024-05-01T05:33:33+00:00\" \/>\n<meta property=\"og:image\" content=\"https:\/\/tranthi.vn\/quangnam\/wp-content\/uploads\/2021\/02\/bot-tit-noi-that-dulux-da-nang_optimized-1.jpg\" \/>\n\t<meta property=\"og:image:width\" content=\"300\" \/>\n\t<meta property=\"og:image:height\" content=\"300\" \/>\n\t<meta property=\"og:image:type\" content=\"image\/jpeg\" \/>\n<meta name=\"twitter:card\" content=\"summary_large_image\" \/>\n<meta name=\"twitter:label1\" content=\"Gi\u00e1\" \/>\n\t<meta name=\"twitter:data1\" content=\"465,000&nbsp;&#8363;\" \/>\n\t<meta name=\"twitter:label2\" content=\"Kh\u1ea3 d\u1ee5ng\" \/>\n\t<meta name=\"twitter:data2\" content=\"Trong kho\" \/>\n<script type=\"application\/ld+json\" class=\"yoast-schema-graph\">{\"@context\":\"https:\/\/schema.org\",\"@graph\":[{\"@type\":[\"WebPage\",\"ItemPage\"],\"@id\":\"https:\/\/tranthi.vn\/quangnam\/bot-tret-tuong-dulux-bao-40kg-2\/\",\"url\":\"https:\/\/tranthi.vn\/quangnam\/bot-tret-tuong-dulux-bao-40kg-2\/\",\"name\":\"Gi\u00e1 b\u1ed9t tr\u00e9t t\u01b0\u1eddng Dulux t\u1ea1i \u0110\u00e0 N\u1eb5ng - 0903595049\",\"isPartOf\":{\"@id\":\"https:\/\/tranthi.vn\/quangnam\/#website\"},\"primaryImageOfPage\":{\"@id\":\"https:\/\/tranthi.vn\/quangnam\/bot-tret-tuong-dulux-bao-40kg-2\/#primaryimage\"},\"image\":{\"@id\":\"https:\/\/tranthi.vn\/quangnam\/bot-tret-tuong-dulux-bao-40kg-2\/#primaryimage\"},\"thumbnailUrl\":\"https:\/\/tranthi.vn\/quangnam\/wp-content\/uploads\/2021\/02\/bot-tit-noi-that-dulux-da-nang_optimized-1.jpg\",\"datePublished\":\"2021-02-17T09:08:04+00:00\",\"dateModified\":\"2024-05-01T05:33:33+00:00\",\"description\":\"Tr\u1ea7n Th\u1ecb - \u0111\u1ea1i l\u00fd chuy\u00ean c\u0169ng c\u1ea5p b\u1ed9t tr\u00e9t t\u01b0\u1eddng n\u1ed9i th\u1ea5t - ngo\u1ea1i th\u1ea5t Dulux t\u1ea1i \u0110\u00e0 N\u1eb5ng , ph\u1ee5c v\u1ee5 t\u1eadn ch\u00e2n c\u00f4ng tr\u00ecnh v\u1edbi gi\u1ea3 r\u1ebb nh\u1ea5t \u0110\u00e0 n\u1eb5ng\",\"breadcrumb\":{\"@id\":\"https:\/\/tranthi.vn\/quangnam\/bot-tret-tuong-dulux-bao-40kg-2\/#breadcrumb\"},\"inLanguage\":\"vi\",\"potentialAction\":[{\"@type\":\"ReadAction\",\"target\":[\"https:\/\/tranthi.vn\/quangnam\/bot-tret-tuong-dulux-bao-40kg-2\/\"]}]},{\"@type\":\"ImageObject\",\"inLanguage\":\"vi\",\"@id\":\"https:\/\/tranthi.vn\/quangnam\/bot-tret-tuong-dulux-bao-40kg-2\/#primaryimage\",\"url\":\"https:\/\/tranthi.vn\/quangnam\/wp-content\/uploads\/2021\/02\/bot-tit-noi-that-dulux-da-nang_optimized-1.jpg\",\"contentUrl\":\"https:\/\/tranthi.vn\/quangnam\/wp-content\/uploads\/2021\/02\/bot-tit-noi-that-dulux-da-nang_optimized-1.jpg\",\"width\":300,\"height\":300},{\"@type\":\"BreadcrumbList\",\"@id\":\"https:\/\/tranthi.vn\/quangnam\/bot-tret-tuong-dulux-bao-40kg-2\/#breadcrumb\",\"itemListElement\":[{\"@type\":\"ListItem\",\"position\":1,\"name\":\"Trang ch\u1ee7\",\"item\":\"https:\/\/tranthi.vn\/quangnam\/\"},{\"@type\":\"ListItem\",\"position\":2,\"name\":\"Shop\",\"item\":\"https:\/\/tranthi.vn\/quangnam\/shop\/\"},{\"@type\":\"ListItem\",\"position\":3,\"name\":\"B\u1ed9t Tr\u00e9t T\u01b0\u1eddng Dulux Putty-Bao 40kg -A502-tr\u1eafng\"}]},{\"@type\":\"WebSite\",\"@id\":\"https:\/\/tranthi.vn\/quangnam\/#website\",\"url\":\"https:\/\/tranthi.vn\/quangnam\/\",\"name\":\"V\u1eadt Li\u1ec7u X\u00e2y D\u1ef1ng Tr\u1ea7n Th\u1ecb Chi Nh\u00e1nh Qu\u1ea3ng Nam\",\"description\":\"V\u1eadt Li\u1ec7u X\u00e2y D\u1ef1ng - Qu\u1ea3ng Nam\",\"potentialAction\":[{\"@type\":\"SearchAction\",\"target\":{\"@type\":\"EntryPoint\",\"urlTemplate\":\"https:\/\/tranthi.vn\/quangnam\/?s={search_term_string}\"},\"query-input\":\"required name=search_term_string\"}],\"inLanguage\":\"vi\"},{\"@type\":\"ImageObject\",\"inLanguage\":\"vi\",\"@id\":\"https:\/\/tranthi.vn\/quangnam\/bot-tret-tuong-dulux-bao-40kg-2\/#local-main-organization-logo\",\"url\":\"\",\"contentUrl\":\"\",\"caption\":\"V\u1eadt Li\u1ec7u X\u00e2y D\u1ef1ng Tr\u1ea7n Th\u1ecb Chi Nh\u00e1nh Qu\u1ea3ng Nam\"}]}<\/script>\n<meta property=\"product:price:amount\" content=\"465000\" \/>\n<meta property=\"product:price:currency\" content=\"VND\" \/>\n<meta property=\"og:availability\" content=\"instock\" \/>\n<meta property=\"product:availability\" content=\"instock\" \/>\n<meta property=\"product:condition\" content=\"new\" \/>\n<!-- \/ Yoast SEO Premium plugin. -->","yoast_head_json":{"title":"Gi\u00e1 b\u1ed9t tr\u00e9t t\u01b0\u1eddng Dulux t\u1ea1i \u0110\u00e0 N\u1eb5ng - 0903595049","description":"Tr\u1ea7n Th\u1ecb - \u0111\u1ea1i l\u00fd chuy\u00ean c\u0169ng c\u1ea5p b\u1ed9t tr\u00e9t t\u01b0\u1eddng n\u1ed9i th\u1ea5t - ngo\u1ea1i th\u1ea5t Dulux t\u1ea1i \u0110\u00e0 N\u1eb5ng , ph\u1ee5c v\u1ee5 t\u1eadn ch\u00e2n c\u00f4ng tr\u00ecnh v\u1edbi gi\u1ea3 r\u1ebb nh\u1ea5t \u0110\u00e0 n\u1eb5ng","robots":{"index":"index","follow":"follow","max-snippet":"max-snippet:-1","max-image-preview":"max-image-preview:large","max-video-preview":"max-video-preview:-1"},"canonical":"https:\/\/tranthi.vn\/quangnam\/bot-tret-tuong-dulux-bao-40kg-2\/","og_locale":"vi_VN","og_type":"article","og_title":"B\u1ed9t Tr\u00e9t T\u01b0\u1eddng Dulux Putty-Bao 40kg -A502-tr\u1eafng","og_description":"Tr\u1ea7n Th\u1ecb - \u0111\u1ea1i l\u00fd chuy\u00ean c\u0169ng c\u1ea5p b\u1ed9t tr\u00e9t t\u01b0\u1eddng n\u1ed9i th\u1ea5t - ngo\u1ea1i th\u1ea5t Dulux t\u1ea1i \u0110\u00e0 N\u1eb5ng , ph\u1ee5c v\u1ee5 t\u1eadn ch\u00e2n c\u00f4ng tr\u00ecnh v\u1edbi gi\u1ea3 r\u1ebb nh\u1ea5t \u0110\u00e0 n\u1eb5ng","og_url":"https:\/\/tranthi.vn\/quangnam\/bot-tret-tuong-dulux-bao-40kg-2\/","og_site_name":"V\u1eadt Li\u1ec7u X\u00e2y D\u1ef1ng Tr\u1ea7n Th\u1ecb Chi Nh\u00e1nh Qu\u1ea3ng Nam","article_modified_time":"2024-05-01T05:33:33+00:00","og_image":[{"width":300,"height":300,"url":"https:\/\/tranthi.vn\/quangnam\/wp-content\/uploads\/2021\/02\/bot-tit-noi-that-dulux-da-nang_optimized-1.jpg","type":"image\/jpeg"}],"twitter_card":"summary_large_image","twitter_misc":{"Gi\u00e1":"465,000&nbsp;&#8363;","Kh\u1ea3 d\u1ee5ng":"Trong kho"},"schema":{"@context":"https:\/\/schema.org","@graph":[{"@type":["WebPage","ItemPage"],"@id":"https:\/\/tranthi.vn\/quangnam\/bot-tret-tuong-dulux-bao-40kg-2\/","url":"https:\/\/tranthi.vn\/quangnam\/bot-tret-tuong-dulux-bao-40kg-2\/","name":"Gi\u00e1 b\u1ed9t tr\u00e9t t\u01b0\u1eddng Dulux t\u1ea1i \u0110\u00e0 N\u1eb5ng - 0903595049","isPartOf":{"@id":"https:\/\/tranthi.vn\/quangnam\/#website"},"primaryImageOfPage":{"@id":"https:\/\/tranthi.vn\/quangnam\/bot-tret-tuong-dulux-bao-40kg-2\/#primaryimage"},"image":{"@id":"https:\/\/tranthi.vn\/quangnam\/bot-tret-tuong-dulux-bao-40kg-2\/#primaryimage"},"thumbnailUrl":"https:\/\/tranthi.vn\/quangnam\/wp-content\/uploads\/2021\/02\/bot-tit-noi-that-dulux-da-nang_optimized-1.jpg","datePublished":"2021-02-17T09:08:04+00:00","dateModified":"2024-05-01T05:33:33+00:00","description":"Tr\u1ea7n Th\u1ecb - \u0111\u1ea1i l\u00fd chuy\u00ean c\u0169ng c\u1ea5p b\u1ed9t tr\u00e9t t\u01b0\u1eddng n\u1ed9i th\u1ea5t - ngo\u1ea1i th\u1ea5t Dulux t\u1ea1i \u0110\u00e0 N\u1eb5ng , ph\u1ee5c v\u1ee5 t\u1eadn ch\u00e2n c\u00f4ng tr\u00ecnh v\u1edbi gi\u1ea3 r\u1ebb nh\u1ea5t \u0110\u00e0 n\u1eb5ng","breadcrumb":{"@id":"https:\/\/tranthi.vn\/quangnam\/bot-tret-tuong-dulux-bao-40kg-2\/#breadcrumb"},"inLanguage":"vi","potentialAction":[{"@type":"ReadAction","target":["https:\/\/tranthi.vn\/quangnam\/bot-tret-tuong-dulux-bao-40kg-2\/"]}]},{"@type":"ImageObject","inLanguage":"vi","@id":"https:\/\/tranthi.vn\/quangnam\/bot-tret-tuong-dulux-bao-40kg-2\/#primaryimage","url":"https:\/\/tranthi.vn\/quangnam\/wp-content\/uploads\/2021\/02\/bot-tit-noi-that-dulux-da-nang_optimized-1.jpg","contentUrl":"https:\/\/tranthi.vn\/quangnam\/wp-content\/uploads\/2021\/02\/bot-tit-noi-that-dulux-da-nang_optimized-1.jpg","width":300,"height":300},{"@type":"BreadcrumbList","@id":"https:\/\/tranthi.vn\/quangnam\/bot-tret-tuong-dulux-bao-40kg-2\/#breadcrumb","itemListElement":[{"@type":"ListItem","position":1,"name":"Trang ch\u1ee7","item":"https:\/\/tranthi.vn\/quangnam\/"},{"@type":"ListItem","position":2,"name":"Shop","item":"https:\/\/tranthi.vn\/quangnam\/shop\/"},{"@type":"ListItem","position":3,"name":"B\u1ed9t Tr\u00e9t T\u01b0\u1eddng Dulux Putty-Bao 40kg -A502-tr\u1eafng"}]},{"@type":"WebSite","@id":"https:\/\/tranthi.vn\/quangnam\/#website","url":"https:\/\/tranthi.vn\/quangnam\/","name":"V\u1eadt Li\u1ec7u X\u00e2y D\u1ef1ng Tr\u1ea7n Th\u1ecb Chi Nh\u00e1nh Qu\u1ea3ng Nam","description":"V\u1eadt Li\u1ec7u X\u00e2y D\u1ef1ng - Qu\u1ea3ng Nam","potentialAction":[{"@type":"SearchAction","target":{"@type":"EntryPoint","urlTemplate":"https:\/\/tranthi.vn\/quangnam\/?s={search_term_string}"},"query-input":"required name=search_term_string"}],"inLanguage":"vi"},{"@type":"ImageObject","inLanguage":"vi","@id":"https:\/\/tranthi.vn\/quangnam\/bot-tret-tuong-dulux-bao-40kg-2\/#local-main-organization-logo","url":"","contentUrl":"","caption":"V\u1eadt Li\u1ec7u X\u00e2y D\u1ef1ng Tr\u1ea7n Th\u1ecb Chi Nh\u00e1nh Qu\u1ea3ng Nam"}]},"product_price_amount":"465000","product_price_currency":"VND","og_availability":"instock","product_availability":"instock","product_condition":"new"},"_links":{"self":[{"href":"https:\/\/tranthi.vn\/quangnam\/wp-json\/wp\/v2\/product\/1466","targetHints":{"allow":["GET"]}}],"collection":[{"href":"https:\/\/tranthi.vn\/quangnam\/wp-json\/wp\/v2\/product"}],"about":[{"href":"https:\/\/tranthi.vn\/quangnam\/wp-json\/wp\/v2\/types\/product"}],"replies":[{"embeddable":true,"href":"https:\/\/tranthi.vn\/quangnam\/wp-json\/wp\/v2\/comments?post=1466"}],"wp:featuredmedia":[{"embeddable":true,"href":"https:\/\/tranthi.vn\/quangnam\/wp-json\/wp\/v2\/media\/782"}],"wp:attachment":[{"href":"https:\/\/tranthi.vn\/quangnam\/wp-json\/wp\/v2\/media?parent=1466"}],"wp:term":[{"taxonomy":"product_cat","embeddable":true,"href":"https:\/\/tranthi.vn\/quangnam\/wp-json\/wp\/v2\/product_cat?post=1466"},{"taxonomy":"product_tag","embeddable":true,"href":"https:\/\/tranthi.vn\/quangnam\/wp-json\/wp\/v2\/product_tag?post=1466"}],"curies":[{"name":"wp","href":"https:\/\/api.w.org\/{rel}","templated":true}]}}