{"id":1406,"date":"2021-02-17T09:41:12","date_gmt":"2021-02-17T02:41:12","guid":{"rendered":"http:\/\/new-tranthi.test\/san-pham\/voi-rua-chen-nong-lanh\/"},"modified":"2024-11-15T11:20:52","modified_gmt":"2024-11-15T04:20:52","slug":"voi-rua-chen-nong-lanh-hoi-an-tam-ky-quang-nam","status":"publish","type":"product","link":"https:\/\/tranthi.vn\/quangnam\/voi-rua-chen-nong-lanh-hoi-an-tam-ky-quang-nam\/","title":{"rendered":"V\u00f2i R\u1eeda Ch\u00e9n N\u00f3ng L\u1ea1nh-b\u00f3ng"},"content":{"rendered":"<h1 style=\"text-align: center;\"><span style=\"font-size: 14pt; font-family: 'times new roman', times, serif;\"><strong><span style=\"color: #ff0000;\">V\u00d2I R\u1eecA CH\u00c9N N\u00d3NG L\u1ea0NH R\u00daT D\u00c2Y T\u1ea0I H\u1ed8I AN-TAM K\u1ef2-QU\u1ea2NG NAM<\/span><\/strong><\/span><\/h1>\n<p><span style=\"font-family: 'times new roman', times, serif; font-size: 14pt; color: #000000;\">T\u1ea1i th\u1ecb tr\u01b0\u1eddng <a href=\"https:\/\/vi.wikipedia.org\/wiki\/Qu%E1%BA%A3ng_Nam\"><em><strong>Qu\u1ea3ng Nam<\/strong><\/em><\/a> <strong><em>v\u00f2i r\u1eeda ch\u00e9n r\u00fat d\u00e2y n\u00f3ng l\u1ea1nh<\/em><\/strong>\u00a0\u0111ang r\u1ea5t th\u1ecbnh h\u00e0nh, nh\u1edd v\u00e0o s\u1ef1 ti\u1ec7n l\u1ee3i c\u0169ng nh\u01b0 sang tr\u1ecdng m\u00e0 v\u00f2i \u0111\u01b0\u1ee3c \u0111a s\u1ed1 gia \u0111\u00ecnh s\u1eed d\u1ee5ng. Hi\u1ec7n t\u1ea1i <strong><em>v\u00f2i r\u1eeda ch\u00e9n n\u00f3ng l\u1ea1nh<\/em><\/strong> c\u00f3 r\u1ea5t nhi\u1ec1u m\u1eabu m\u00e3, ki\u1ec3u d\u00e1ng c\u0169ng nh\u01b0 <strong><em>gi\u00e1<\/em><\/strong> g\u00e2y cho ng\u01b0\u1eddi ti\u00eau d\u00f9ng nhi\u1ec1u th\u1eafc m\u1eafc<\/span><\/p>\n<figure id=\"attachment_7763\" aria-describedby=\"caption-attachment-7763\" style=\"width: 364px\" class=\"wp-caption aligncenter\"><img loading=\"lazy\" decoding=\"async\" class=\" wp-image-7763\" src=\"https:\/\/tranthi.vn\/quangnam\/wp-content\/uploads\/2021\/02\/Voi-rua-chen-nong-lanh-tai-tam-ky-hoi-an-quang-nam-2.png\" alt=\"V\u00f2i r\u1eeda ch\u00e9n n\u00f3ng l\u1ea1nh t\u1ea1i tam k\u1ef3- h\u1ed9i an- qu\u1ea3ng nam \" width=\"364\" height=\"364\" srcset=\"https:\/\/tranthi.vn\/quangnam\/wp-content\/uploads\/2021\/02\/Voi-rua-chen-nong-lanh-tai-tam-ky-hoi-an-quang-nam-2.png 300w, https:\/\/tranthi.vn\/quangnam\/wp-content\/uploads\/2021\/02\/Voi-rua-chen-nong-lanh-tai-tam-ky-hoi-an-quang-nam-2-100x100.png 100w\" sizes=\"auto, (max-width: 364px) 100vw, 364px\" \/><figcaption id=\"caption-attachment-7763\" class=\"wp-caption-text\">V\u00f2i r\u1eeda ch\u00e9n n\u00f3ng l\u1ea1nh t\u1ea1i tam k\u1ef3- h\u1ed9i an- qu\u1ea3ng nam<\/figcaption><\/figure>\n<h2><span style=\"color: #ff0000;\"><strong><span style=\"font-family: 'times new roman', times, serif; font-size: 14pt;\">1. \u0110\u1eb6C \u0110I\u1ec2M C\u1ee6A V\u00d2I R\u1eecA CH\u00c9N R\u00daT D\u00c2Y N\u00d3NG L\u1ea0NH<\/span><\/strong><\/span><\/h2>\n<ul>\n<li><span style=\"font-family: 'times new roman', times, serif; font-size: 14pt; color: #000000;\"><strong><em>V\u00f2i r\u1eeda ch\u00e9n r\u00fat d\u00e2y n\u00f3ng l\u1ea1nh<\/em><\/strong> c\u00f3 th\u1ec3 linh ho\u1ea1t r\u1eeda ch\u00e9n b\u00e1t r\u1eeda rau c\u1ee7 hay v\u1ec7 sinh ch\u1eadu r\u1eeda v\u00f4 c\u00f9ng ti\u1ec7n l\u1ee3i. \u0110\u1ed9 d\u00e0i c\u1ee7a d\u00e2y k\u00e9o l\u00ean \u0111\u1ebfn 1m<\/span><\/li>\n<\/ul>\n<p><span style=\"font-family: 'times new roman', times, serif; font-size: 14pt; color: #000000;\"><img loading=\"lazy\" decoding=\"async\" class=\"wp-image-1405 aligncenter\" src=\"https:\/\/tranthi.vn\/quangnam\/wp-content\/uploads\/2021\/02\/o1cn01psnqz31lu0kw2xuqk-4150991358-551x400.jpg\" alt=\"\" width=\"269\" height=\"195\" srcset=\"https:\/\/tranthi.vn\/quangnam\/wp-content\/uploads\/2021\/02\/o1cn01psnqz31lu0kw2xuqk-4150991358-551x400.jpg 551w, https:\/\/tranthi.vn\/quangnam\/wp-content\/uploads\/2021\/02\/o1cn01psnqz31lu0kw2xuqk-4150991358-768x558.jpg 768w, https:\/\/tranthi.vn\/quangnam\/wp-content\/uploads\/2021\/02\/o1cn01psnqz31lu0kw2xuqk-4150991358.jpg 789w\" sizes=\"auto, (max-width: 269px) 100vw, 269px\" \/><\/span><\/p>\n<p style=\"text-align: center;\"><strong><em><span style=\"color: #ff6600; font-size: 14pt; font-family: 'times new roman', times, serif;\">D\u00e2y r\u00fat d\u00e0i v\u00f4 c\u00f9ng ti\u1ec7n l\u1ee3i trong vi\u1ec7c r\u1eeda th\u1ef1c ph\u1ea9m v\u00e0 v\u1ec7 sinh b\u1ed3n<\/span><\/em><\/strong><\/p>\n<ul>\n<li><span style=\"font-family: 'times new roman', times, serif; font-size: 14pt; color: #000000;\">Th\u00e2n v\u00f2i \u0111\u01b0\u1ee3c l\u00e0m t\u1eeb inox 304 \u0111\u1ea1t chu\u1ea9n ch\u1ea5t l\u01b0\u1ee3ng \u0111\u1ec3 \u0111\u1ea3m b\u1ea3o an to\u00e0n cho ng\u01b0\u1eddi s\u1eed d\u1ee5ng<\/span><\/li>\n<li><span style=\"font-family: 'times new roman', times, serif; font-size: 14pt; color: #000000;\">\u0110\u1ea7u v\u00f2i lu\u00f4n \u0111\u01b0\u1ee3c thi\u1ebft k\u1ebf hai ch\u1ebf \u0111\u1ed9 n\u01b0\u1edbc, ch\u1ea3y theo d\u00f2ng v\u00e0 phun m\u01b0a c\u00f3 n\u00fat \u0111i\u1ec1u ch\u1ec9nh ngay tr\u00ean \u0111\u1ea7u v\u00f2i<\/span><\/li>\n<li><span style=\"font-family: 'times new roman', times, serif; font-size: 14pt; color: #000000;\">Ki\u1ec3u sen v\u00f2i d\u00e2y r\u00fat lu\u00f4n v\u00f4 c\u00f9ng sang tr\u1ecdng v\u00e0 kh\u00f4ng l\u1ed7i th\u1eddi.<\/span><\/li>\n<\/ul>\n<h2><span style=\"color: #ff0000;\"><strong><span style=\"font-family: 'times new roman', times, serif; font-size: 14pt;\">2. \u01afU \u0110I\u1ec2M &#8211; NH\u01af\u1ee2C \u0110I\u1ec2M C\u1ee6A V\u00d2I R\u1eecA CH\u00c9N R\u00daT D\u00c2Y<\/span><\/strong><\/span><\/h2>\n<h3><strong><span style=\"font-family: 'times new roman', times, serif; font-size: 14pt; color: #000000;\">\u01afu \u0111i\u1ec3m:\u00a0<\/span><\/strong><\/h3>\n<ul>\n<li><span style=\"font-family: 'times new roman', times, serif; font-size: 14pt; color: #000000;\">Kh\u1ea3 n\u0103ng k\u00e9o d\u00e0i \u0111\u1ea7u v\u00f2i c\u00f3 th\u1ec3 k\u00e9o t\u1edbi m\u1ecdi ng\u00f3c ng\u00e1ch trong b\u1ed3n r\u1eeda ho\u1eb7c xa h\u01a1n. \u0110\u00e2y l\u00e0 \u01b0u \u0111i\u1ec3m khi\u1ebfn ng\u01b0\u1eddi n\u1ed9i tr\u1ee3 v\u00f4 c\u00f9ng \u01b0ng \u00fd<\/span><\/li>\n<li><span style=\"font-family: 'times new roman', times, serif; font-size: 14pt; color: #000000;\">Th\u00e2n v\u00f2i xoay 360 \u0111\u1ed9 gi\u00fap b\u1ea1n ti\u1ec7n l\u1ee3i h\u01a1n trong vi\u1ec7c r\u1eeda th\u1ef1c ph\u1ea9m t\u0103ng di\u1ec7n t\u00edch kh\u00f4ng gian b\u1ed3n r\u1eeda n\u1ebfu c\u1ea7n<\/span><\/li>\n<\/ul>\n<p><span style=\"font-family: 'times new roman', times, serif; font-size: 14pt; color: #000000;\"><img loading=\"lazy\" decoding=\"async\" class=\"alignnone size-full wp-image-3428 aligncenter\" src=\"https:\/\/tranthi.vn\/quangnam\/wp-content\/uploads\/2021\/02\/voi-rua-chen_optimized.jpg\" alt=\"\" width=\"300\" height=\"400\" \/><\/span><\/p>\n<p style=\"text-align: center;\"><span style=\"color: #ff6600; font-family: 'times new roman', times, serif; font-size: 14pt;\"><strong><em>Th\u00e2n v\u00f2i xoay gi\u00fap t\u0103ng di\u1ec7n t\u00edch b\u1ed3n r\u1eeda<\/em><\/strong><\/span><\/p>\n<ul>\n<li><span style=\"font-family: 'times new roman', times, serif; font-size: 14pt; color: #000000;\">\u0110\u1ea7u v\u00f2i c\u00f3 hai ch\u1ebf \u0111\u1ed9 n\u01b0\u1edbc, gi\u00fap b\u1ea1n t\u00f9y \u00fd ch\u1ec9nh v\u1eeba ti\u1ec7n v\u1eeba ti\u1ebft ki\u1ec7m n\u01b0\u1edbc<\/span><\/li>\n<li><span style=\"font-family: 'times new roman', times, serif; font-size: 14pt; color: #000000;\">Ki\u1ec3u d\u00e1ng sang tr\u1ecdng kh\u00f4ng l\u1ed7i th\u1eddi<\/span><\/li>\n<\/ul>\n<h3><strong><span style=\"font-family: 'times new roman', times, serif; font-size: 14pt; color: #000000;\">Nh\u01b0\u1ee3c \u0111i\u1ec3m<\/span><\/strong><\/h3>\n<ul>\n<li><span style=\"font-family: 'times new roman', times, serif; font-size: 14pt; color: #000000;\">D\u00e2y k\u00e9o c\u1ee7a v\u00f2i r\u1eeda kh\u00e1 d\u00e0i vi\u1ec7c k\u00e9o ra k\u00e9o v\u00e0 nhi\u1ec1u s\u1ebd l\u00e0m gi\u1ea3m \u0111\u1ed9 \u0111\u00e0n h\u1ed3i c\u1ee7a d\u00e2y k\u00e9o. Khi s\u1eed d\u1ee5ng tr\u00e1nh k\u00e9o v\u00f2i ra qu\u00e1 d\u00e0i v\u00e0 th\u1ea3 \u0111\u1ed9t ng\u1ed9t s\u1ebd l\u00e0m h\u01b0 h\u1ea1i gi\u1ea3m tu\u1ed5i th\u1ecd c\u1ee7a v\u00f2i<\/span><\/li>\n<li><span style=\"font-family: 'times new roman', times, serif; font-size: 14pt; color: #000000;\">T\u1ea1i <strong><em>\u0110\u00e0 N\u1eb5ng<\/em><\/strong> so v\u1edbi nh\u1eefng v\u00f2i r\u1eeda kh\u00e1c th\u00ec <strong><em>v\u00f2i r\u1eeda ch\u00e9n r\u00fat d\u00e2y n\u00f3ng l\u1ea1nh<\/em> <\/strong>c\u00f3 <a href=\"https:\/\/vi.wikipedia.org\/wiki\/Gi%C3%A1_c%E1%BA%A3#:~:text=Gi%C3%A1%20c%E1%BA%A3%20l%C3%A0%20bi%E1%BB%83u%20hi%E1%BB%87n,%C4%91%E1%BB%95i%20xoay%20quanh%20gi%C3%A1%20tr%E1%BB%8B.\"><strong><em>gi\u00e1<\/em> <\/strong><\/a>th\u00e0nh kh\u00e1 cao. B\u1ea1n n\u00ean x\u00e1c \u0111\u1ecbnh nhu c\u1ea7u s\u1eed d\u1ee5ng v\u00e0 \u0111i\u1ec1u ki\u1ec7n kinh t\u1ebf \u0111\u1ec3 l\u1ef1a ch\u1ecdn<\/span><\/li>\n<li>\n<figure id=\"attachment_7764\" aria-describedby=\"caption-attachment-7764\" style=\"width: 341px\" class=\"wp-caption aligncenter\"><img loading=\"lazy\" decoding=\"async\" class=\"wp-image-7764 \" src=\"https:\/\/tranthi.vn\/quangnam\/wp-content\/uploads\/2021\/02\/voi-rua-chen-nong-lanh-tai-tam-ky-hoi-an-quang-nam.png\" alt=\"V\u00f2i r\u1eeda ch\u00e9n n\u00f3ng l\u1ea1nh t\u1ea1i tam k\u1ef3- h\u1ed9i an- qu\u1ea3ng nam \" width=\"341\" height=\"341\" srcset=\"https:\/\/tranthi.vn\/quangnam\/wp-content\/uploads\/2021\/02\/voi-rua-chen-nong-lanh-tai-tam-ky-hoi-an-quang-nam.png 300w, https:\/\/tranthi.vn\/quangnam\/wp-content\/uploads\/2021\/02\/voi-rua-chen-nong-lanh-tai-tam-ky-hoi-an-quang-nam-100x100.png 100w\" sizes=\"auto, (max-width: 341px) 100vw, 341px\" \/><figcaption id=\"caption-attachment-7764\" class=\"wp-caption-text\">V\u00f2i r\u1eeda ch\u00e9n n\u00f3ng l\u1ea1nh t\u1ea1i tam k\u1ef3- h\u1ed9i an- qu\u1ea3ng nam<\/figcaption><\/figure><\/li>\n<\/ul>\n<h2><span style=\"color: #ff0000;\"><strong><span style=\"font-family: 'times new roman', times, serif; font-size: 14pt;\">3. H\u01af\u1edaNG D\u1eaaN L\u1eaeP \u0110\u1eb6T V\u00d2I R\u1eecA CH\u00c9N R\u00daT D\u00c2Y<\/span><\/strong><\/span><\/h2>\n<p><span style=\"font-family: 'times new roman', times, serif; font-size: 14pt; color: #000000;\">B\u01b0\u1edbc 1: L\u1eafp \u0111\u1ec7m cao su v\u00e0o v\u1ecb tr\u00ed l\u1ed7 v\u00f2i<\/span><\/p>\n<p><span style=\"font-family: 'times new roman', times, serif; font-size: 14pt; color: #000000;\">B\u01b0\u1edbc 2: \u0110\u1eb7t v\u00f2i v\u00e0o l\u1ed7<\/span><\/p>\n<p><span style=\"font-family: 'times new roman', times, serif; font-size: 14pt; color: #000000;\">B\u01b0\u1edbc 3: C\u1ed1 \u0111\u1ecbnh v\u00f2i b\u1eb1ng ph\u1ee5 ki\u1ec7n \u0111i k\u00e8m<\/span><\/p>\n<p><span style=\"font-family: 'times new roman', times, serif; font-size: 14pt; color: #000000;\">B\u01b0\u1edbc 4: X\u00e1c \u0111\u1ecbnh kh\u00f3a li\u00ean k\u1ebft n\u01b0\u1edbc<\/span><\/p>\n<p><span style=\"font-family: 'times new roman', times, serif; font-size: 14pt; color: #000000;\">B\u01b0\u1edbc 5: K\u1ebft n\u1ed1i \u1ed1ng n\u01b0\u1edbc d\u00e0i nh\u1ea5t v\u00e0o kh\u00f3a li\u00ean k\u1ebft<\/span><\/p>\n<p><span style=\"font-family: 'times new roman', times, serif; font-size: 14pt; color: #000000;\">B\u01b0\u1edbc 6: K\u1ebft n\u1ed1i 2 d\u00e2y d\u1eabn n\u01b0\u1edbc v\u00e0o 2 l\u1ed7 d\u1eabn n\u01b0\u1edbc<\/span><\/p>\n<p><span style=\"font-family: 'times new roman', times, serif; font-size: 14pt; color: #000000;\">B\u01b0\u1edbc 7: L\u1eafp c\u1ee5c t\u1ea1 k\u00e9o v\u00e0 \u1ed1ng n\u01b0\u1edbc d\u00e0i nh\u1ea5t<\/span><\/p>\n<p><span style=\"font-family: 'times new roman', times, serif; font-size: 14pt; color: #000000;\">B\u01b0\u1edbc 8: \u0110i\u1ec1u ch\u1ec9nh t\u1ea1 v\u1ec1 b\u00ean d\u00e2y k\u00e9o r\u00fat<\/span><\/p>\n<p><span style=\"font-family: 'times new roman', times, serif; font-size: 14pt; color: #000000;\">B\u01b0\u1edbc 9: H\u00f2a th\u00e0nh, l\u1eafp 2 \u1ed1ng d\u1eabn n\u01b0\u1edbc n\u00f3ng l\u1ea1nh v\u00e0o ngu\u1ed3n c\u1ea5p n\u01b0\u1edbc<\/span><\/p>\n<p><span style=\"font-family: 'times new roman', times, serif; font-size: 14pt; color: #000000;\">Vi\u1ec7c l\u1eafp <strong><em>v\u00f2i r\u1eeda ch\u00e9n r\u00fat d\u00e2y<\/em><\/strong> kh\u00f4ng h\u1ec1 kh\u00f3, nh\u01b0ng tr\u01b0\u1edbc h\u1ebft b\u1ea1n n\u00ean t\u00ecm hi\u1ec3u v\u1ec1 c\u1ea5u t\u1ea1o v\u00e0 c\u00e1ch l\u1eafp \u0111\u1eb7t tr\u00ean youtube&#8230;<\/span><\/p>\n<p style=\"text-align: center;\"><iframe loading=\"lazy\" src=\"\/\/www.youtube.com\/embed\/680TD7RHBDY\" width=\"560\" height=\"314\" allowfullscreen=\"allowfullscreen\"><\/iframe><\/p>\n<p style=\"text-align: center;\"><span style=\"color: #ff6600;\"><strong><span style=\"font-family: 'times new roman', times, serif; font-size: 130%;\">\u01afu &#8211; nh\u01b0\u1ee3c \u0111i\u1ec3m c\u1ee7a sen v\u00f2i inox 304 m\u1edd v\u00e0 inox 304 b\u00f3ng<\/span><\/strong><\/span><\/p>\n","protected":false},"excerpt":{"rendered":"<p><span style=\"font-family: 'times new roman', times, serif; font-size: 130%;\"><span style=\"color: #000000;\"><span style=\"color: #000000;\"><em><strong>V\u00f2i N\u01b0\u1edbc N\u00f3ng L\u1ea1nh KB011<\/strong><\/em><\/span><\/span><\/span><\/p>\n<p><span style=\"font-family: 'times new roman', times, serif; font-size: 130%; color: #000000;\"><img decoding=\"async\" class=\"emoji\" draggable=\"false\" src=\"https:\/\/s.w.org\/images\/core\/emoji\/12.0.0-1\/svg\/1f61b.svg\" alt=\"\ud83d\ude1b\" \/>\u00a0\u0110\u01a1n v\u1ecb t\u00ednh: C\u00e1i<\/span><\/p>\n<p><span style=\"font-family: 'times new roman', times, serif; font-size: 130%; color: #000000;\"><img decoding=\"async\" class=\"emoji\" draggable=\"false\" src=\"https:\/\/s.w.org\/images\/core\/emoji\/12.0.0-1\/svg\/1f61b.svg\" alt=\"\ud83d\ude1b\" \/> \u0110\u01a1n gi\u00e1: <strong><span style=\"color: #ff0000;\">750.000 \u0111\/C\u00e1i\u00a0<\/span><\/strong><\/span><\/p>\n<p><span style=\"font-family: 'times new roman', times, serif; font-size: 130%;\"><span style=\"color: #000000;\"><img decoding=\"async\" class=\"emoji\" draggable=\"false\" src=\"https:\/\/s.w.org\/images\/core\/emoji\/12.0.0-1\/svg\/1f61b.svg\" alt=\"\ud83d\ude1b\" \/><\/span>Gi\u00e1 ch\u01b0a bao g\u1ed3m d\u00e2y c\u1ea5p (40.000\u0111\/d\u00e2y )<\/span><\/p>\n<p><span style=\"font-family: 'times new roman', times, serif; font-size: 130%;\"><span style=\"color: #000000;\">Giao h\u00e0ng trong \u0111\u1ecba b\u00e0n <\/span><a href=\"https:\/\/vi.wikipedia.org\/wiki\/Qu%E1%BA%A3ng_Nam\"><span style=\"color: #000000;\"><span style=\"color: #008000;\"><b><i>Qu\u1ea3ng Nam<\/i><\/b><\/span><\/span><\/a><\/span><\/p>\n","protected":false},"featured_media":1405,"comment_status":"open","ping_status":"closed","template":"","meta":[],"product_cat":[266,417,376],"product_tag":[],"class_list":{"0":"post-1406","1":"product","2":"type-product","3":"status-publish","4":"has-post-thumbnail","6":"product_cat-thiet-bi-nha-bep","7":"product_cat-voi-rua-chen-da-nang","8":"product_cat-thiet-bi-ve-sinh-sen-voi-sen-voi-nong-lanh-voi-rua-chen-nong-lanh","10":"first","11":"instock","12":"sale","13":"shipping-taxable","14":"purchasable","15":"product-type-simple"},"yoast_head":"<!-- This site is optimized with the Yoast SEO Premium plugin v22.3 (Yoast SEO v22.8) - https:\/\/yoast.com\/wordpress\/plugins\/seo\/ -->\n<title>Gi\u00e1 v\u00f2i r\u1eeda ch\u00e9n n\u00f3ng l\u1ea1nh r\u00fat d\u00e2y t\u1ea1i Qu\u1ea3ng Nam-0947.335.871<\/title>\n<meta name=\"description\" content=\"Tr\u1ea7n Th\u1ecb chuy\u00ean cung c\u1ea5p sen v\u00f2i n\u00f3ng l\u1ea1nh gi\u00e1 r\u1ebb t\u1ea1i Qu\u1ea3ng Nam, v\u00f2i r\u1eeda ch\u00e9n r\u00fat d\u00e2y l\u00e0 m\u1ed9t s\u1ea3n ph\u1ea9m c\u1ea3i ti\u1ebfn v\u00f4 c\u00f9ng sang tr\u1ecdng v\u00e0 ti\u1ec7n l\u1ee3i cho gian b\u1ebfp\" \/>\n<meta name=\"robots\" content=\"index, follow, max-snippet:-1, max-image-preview:large, max-video-preview:-1\" \/>\n<link rel=\"canonical\" href=\"https:\/\/tranthi.vn\/quangnam\/voi-rua-chen-nong-lanh-hoi-an-tam-ky-quang-nam\/\" \/>\n<meta property=\"og:locale\" content=\"vi_VN\" \/>\n<meta property=\"og:type\" content=\"article\" \/>\n<meta property=\"og:title\" content=\"V\u00f2i R\u1eeda Ch\u00e9n N\u00f3ng L\u1ea1nh-b\u00f3ng\" \/>\n<meta property=\"og:description\" content=\"Tr\u1ea7n Th\u1ecb chuy\u00ean cung c\u1ea5p sen v\u00f2i n\u00f3ng l\u1ea1nh gi\u00e1 r\u1ebb t\u1ea1i Qu\u1ea3ng Nam, v\u00f2i r\u1eeda ch\u00e9n r\u00fat d\u00e2y l\u00e0 m\u1ed9t s\u1ea3n ph\u1ea9m c\u1ea3i ti\u1ebfn v\u00f4 c\u00f9ng sang tr\u1ecdng v\u00e0 ti\u1ec7n l\u1ee3i cho gian b\u1ebfp\" \/>\n<meta property=\"og:url\" content=\"https:\/\/tranthi.vn\/quangnam\/voi-rua-chen-nong-lanh-hoi-an-tam-ky-quang-nam\/\" \/>\n<meta property=\"og:site_name\" content=\"V\u1eadt Li\u1ec7u X\u00e2y D\u1ef1ng Tr\u1ea7n Th\u1ecb Chi Nh\u00e1nh Qu\u1ea3ng Nam\" \/>\n<meta property=\"article:modified_time\" content=\"2024-11-15T04:20:52+00:00\" \/>\n<meta property=\"og:image\" content=\"https:\/\/tranthi.vn\/quangnam\/wp-content\/uploads\/2021\/02\/o1cn01psnqz31lu0kw2xuqk-4150991358.jpg\" \/>\n\t<meta property=\"og:image:width\" content=\"789\" \/>\n\t<meta property=\"og:image:height\" content=\"573\" \/>\n\t<meta property=\"og:image:type\" content=\"image\/jpeg\" \/>\n<meta name=\"twitter:card\" content=\"summary_large_image\" \/>\n<meta name=\"twitter:label1\" content=\"Gi\u00e1\" \/>\n\t<meta name=\"twitter:data1\" content=\"750,000&nbsp;&#8363;\" \/>\n\t<meta name=\"twitter:label2\" content=\"Kh\u1ea3 d\u1ee5ng\" \/>\n\t<meta name=\"twitter:data2\" content=\"Trong kho\" \/>\n<script type=\"application\/ld+json\" class=\"yoast-schema-graph\">{\"@context\":\"https:\/\/schema.org\",\"@graph\":[{\"@type\":[\"WebPage\",\"ItemPage\"],\"@id\":\"https:\/\/tranthi.vn\/quangnam\/voi-rua-chen-nong-lanh-hoi-an-tam-ky-quang-nam\/\",\"url\":\"https:\/\/tranthi.vn\/quangnam\/voi-rua-chen-nong-lanh-hoi-an-tam-ky-quang-nam\/\",\"name\":\"Gi\u00e1 v\u00f2i r\u1eeda ch\u00e9n n\u00f3ng l\u1ea1nh r\u00fat d\u00e2y t\u1ea1i Qu\u1ea3ng Nam-0947.335.871\",\"isPartOf\":{\"@id\":\"https:\/\/tranthi.vn\/quangnam\/#website\"},\"primaryImageOfPage\":{\"@id\":\"https:\/\/tranthi.vn\/quangnam\/voi-rua-chen-nong-lanh-hoi-an-tam-ky-quang-nam\/#primaryimage\"},\"image\":{\"@id\":\"https:\/\/tranthi.vn\/quangnam\/voi-rua-chen-nong-lanh-hoi-an-tam-ky-quang-nam\/#primaryimage\"},\"thumbnailUrl\":\"https:\/\/tranthi.vn\/quangnam\/wp-content\/uploads\/2021\/02\/o1cn01psnqz31lu0kw2xuqk-4150991358.jpg\",\"datePublished\":\"2021-02-17T02:41:12+00:00\",\"dateModified\":\"2024-11-15T04:20:52+00:00\",\"description\":\"Tr\u1ea7n Th\u1ecb chuy\u00ean cung c\u1ea5p sen v\u00f2i n\u00f3ng l\u1ea1nh gi\u00e1 r\u1ebb t\u1ea1i Qu\u1ea3ng Nam, v\u00f2i r\u1eeda ch\u00e9n r\u00fat d\u00e2y l\u00e0 m\u1ed9t s\u1ea3n ph\u1ea9m c\u1ea3i ti\u1ebfn v\u00f4 c\u00f9ng sang tr\u1ecdng v\u00e0 ti\u1ec7n l\u1ee3i cho gian b\u1ebfp\",\"breadcrumb\":{\"@id\":\"https:\/\/tranthi.vn\/quangnam\/voi-rua-chen-nong-lanh-hoi-an-tam-ky-quang-nam\/#breadcrumb\"},\"inLanguage\":\"vi\",\"potentialAction\":[{\"@type\":\"ReadAction\",\"target\":[\"https:\/\/tranthi.vn\/quangnam\/voi-rua-chen-nong-lanh-hoi-an-tam-ky-quang-nam\/\"]}]},{\"@type\":\"ImageObject\",\"inLanguage\":\"vi\",\"@id\":\"https:\/\/tranthi.vn\/quangnam\/voi-rua-chen-nong-lanh-hoi-an-tam-ky-quang-nam\/#primaryimage\",\"url\":\"https:\/\/tranthi.vn\/quangnam\/wp-content\/uploads\/2021\/02\/o1cn01psnqz31lu0kw2xuqk-4150991358.jpg\",\"contentUrl\":\"https:\/\/tranthi.vn\/quangnam\/wp-content\/uploads\/2021\/02\/o1cn01psnqz31lu0kw2xuqk-4150991358.jpg\",\"width\":789,\"height\":573},{\"@type\":\"BreadcrumbList\",\"@id\":\"https:\/\/tranthi.vn\/quangnam\/voi-rua-chen-nong-lanh-hoi-an-tam-ky-quang-nam\/#breadcrumb\",\"itemListElement\":[{\"@type\":\"ListItem\",\"position\":1,\"name\":\"Trang ch\u1ee7\",\"item\":\"https:\/\/tranthi.vn\/quangnam\/\"},{\"@type\":\"ListItem\",\"position\":2,\"name\":\"Shop\",\"item\":\"https:\/\/tranthi.vn\/quangnam\/shop\/\"},{\"@type\":\"ListItem\",\"position\":3,\"name\":\"V\u00f2i R\u1eeda Ch\u00e9n N\u00f3ng L\u1ea1nh-b\u00f3ng\"}]},{\"@type\":\"WebSite\",\"@id\":\"https:\/\/tranthi.vn\/quangnam\/#website\",\"url\":\"https:\/\/tranthi.vn\/quangnam\/\",\"name\":\"V\u1eadt Li\u1ec7u X\u00e2y D\u1ef1ng Tr\u1ea7n Th\u1ecb Chi Nh\u00e1nh Qu\u1ea3ng Nam\",\"description\":\"V\u1eadt Li\u1ec7u X\u00e2y D\u1ef1ng - Qu\u1ea3ng Nam\",\"potentialAction\":[{\"@type\":\"SearchAction\",\"target\":{\"@type\":\"EntryPoint\",\"urlTemplate\":\"https:\/\/tranthi.vn\/quangnam\/?s={search_term_string}\"},\"query-input\":\"required name=search_term_string\"}],\"inLanguage\":\"vi\"},{\"@type\":\"ImageObject\",\"inLanguage\":\"vi\",\"@id\":\"https:\/\/tranthi.vn\/quangnam\/voi-rua-chen-nong-lanh-hoi-an-tam-ky-quang-nam\/#local-main-organization-logo\",\"url\":\"\",\"contentUrl\":\"\",\"caption\":\"V\u1eadt Li\u1ec7u X\u00e2y D\u1ef1ng Tr\u1ea7n Th\u1ecb Chi Nh\u00e1nh Qu\u1ea3ng Nam\"}]}<\/script>\n<meta property=\"product:price:amount\" content=\"750000\" \/>\n<meta property=\"product:price:currency\" content=\"VND\" \/>\n<meta property=\"og:availability\" content=\"instock\" \/>\n<meta property=\"product:availability\" content=\"instock\" \/>\n<meta property=\"product:condition\" content=\"new\" \/>\n<!-- \/ Yoast SEO Premium plugin. -->","yoast_head_json":{"title":"Gi\u00e1 v\u00f2i r\u1eeda ch\u00e9n n\u00f3ng l\u1ea1nh r\u00fat d\u00e2y t\u1ea1i Qu\u1ea3ng Nam-0947.335.871","description":"Tr\u1ea7n Th\u1ecb chuy\u00ean cung c\u1ea5p sen v\u00f2i n\u00f3ng l\u1ea1nh gi\u00e1 r\u1ebb t\u1ea1i Qu\u1ea3ng Nam, v\u00f2i r\u1eeda ch\u00e9n r\u00fat d\u00e2y l\u00e0 m\u1ed9t s\u1ea3n ph\u1ea9m c\u1ea3i ti\u1ebfn v\u00f4 c\u00f9ng sang tr\u1ecdng v\u00e0 ti\u1ec7n l\u1ee3i cho gian b\u1ebfp","robots":{"index":"index","follow":"follow","max-snippet":"max-snippet:-1","max-image-preview":"max-image-preview:large","max-video-preview":"max-video-preview:-1"},"canonical":"https:\/\/tranthi.vn\/quangnam\/voi-rua-chen-nong-lanh-hoi-an-tam-ky-quang-nam\/","og_locale":"vi_VN","og_type":"article","og_title":"V\u00f2i R\u1eeda Ch\u00e9n N\u00f3ng L\u1ea1nh-b\u00f3ng","og_description":"Tr\u1ea7n Th\u1ecb chuy\u00ean cung c\u1ea5p sen v\u00f2i n\u00f3ng l\u1ea1nh gi\u00e1 r\u1ebb t\u1ea1i Qu\u1ea3ng Nam, v\u00f2i r\u1eeda ch\u00e9n r\u00fat d\u00e2y l\u00e0 m\u1ed9t s\u1ea3n ph\u1ea9m c\u1ea3i ti\u1ebfn v\u00f4 c\u00f9ng sang tr\u1ecdng v\u00e0 ti\u1ec7n l\u1ee3i cho gian b\u1ebfp","og_url":"https:\/\/tranthi.vn\/quangnam\/voi-rua-chen-nong-lanh-hoi-an-tam-ky-quang-nam\/","og_site_name":"V\u1eadt Li\u1ec7u X\u00e2y D\u1ef1ng Tr\u1ea7n Th\u1ecb Chi Nh\u00e1nh Qu\u1ea3ng Nam","article_modified_time":"2024-11-15T04:20:52+00:00","og_image":[{"width":789,"height":573,"url":"https:\/\/tranthi.vn\/quangnam\/wp-content\/uploads\/2021\/02\/o1cn01psnqz31lu0kw2xuqk-4150991358.jpg","type":"image\/jpeg"}],"twitter_card":"summary_large_image","twitter_misc":{"Gi\u00e1":"750,000&nbsp;&#8363;","Kh\u1ea3 d\u1ee5ng":"Trong kho"},"schema":{"@context":"https:\/\/schema.org","@graph":[{"@type":["WebPage","ItemPage"],"@id":"https:\/\/tranthi.vn\/quangnam\/voi-rua-chen-nong-lanh-hoi-an-tam-ky-quang-nam\/","url":"https:\/\/tranthi.vn\/quangnam\/voi-rua-chen-nong-lanh-hoi-an-tam-ky-quang-nam\/","name":"Gi\u00e1 v\u00f2i r\u1eeda ch\u00e9n n\u00f3ng l\u1ea1nh r\u00fat d\u00e2y t\u1ea1i Qu\u1ea3ng Nam-0947.335.871","isPartOf":{"@id":"https:\/\/tranthi.vn\/quangnam\/#website"},"primaryImageOfPage":{"@id":"https:\/\/tranthi.vn\/quangnam\/voi-rua-chen-nong-lanh-hoi-an-tam-ky-quang-nam\/#primaryimage"},"image":{"@id":"https:\/\/tranthi.vn\/quangnam\/voi-rua-chen-nong-lanh-hoi-an-tam-ky-quang-nam\/#primaryimage"},"thumbnailUrl":"https:\/\/tranthi.vn\/quangnam\/wp-content\/uploads\/2021\/02\/o1cn01psnqz31lu0kw2xuqk-4150991358.jpg","datePublished":"2021-02-17T02:41:12+00:00","dateModified":"2024-11-15T04:20:52+00:00","description":"Tr\u1ea7n Th\u1ecb chuy\u00ean cung c\u1ea5p sen v\u00f2i n\u00f3ng l\u1ea1nh gi\u00e1 r\u1ebb t\u1ea1i Qu\u1ea3ng Nam, v\u00f2i r\u1eeda ch\u00e9n r\u00fat d\u00e2y l\u00e0 m\u1ed9t s\u1ea3n ph\u1ea9m c\u1ea3i ti\u1ebfn v\u00f4 c\u00f9ng sang tr\u1ecdng v\u00e0 ti\u1ec7n l\u1ee3i cho gian b\u1ebfp","breadcrumb":{"@id":"https:\/\/tranthi.vn\/quangnam\/voi-rua-chen-nong-lanh-hoi-an-tam-ky-quang-nam\/#breadcrumb"},"inLanguage":"vi","potentialAction":[{"@type":"ReadAction","target":["https:\/\/tranthi.vn\/quangnam\/voi-rua-chen-nong-lanh-hoi-an-tam-ky-quang-nam\/"]}]},{"@type":"ImageObject","inLanguage":"vi","@id":"https:\/\/tranthi.vn\/quangnam\/voi-rua-chen-nong-lanh-hoi-an-tam-ky-quang-nam\/#primaryimage","url":"https:\/\/tranthi.vn\/quangnam\/wp-content\/uploads\/2021\/02\/o1cn01psnqz31lu0kw2xuqk-4150991358.jpg","contentUrl":"https:\/\/tranthi.vn\/quangnam\/wp-content\/uploads\/2021\/02\/o1cn01psnqz31lu0kw2xuqk-4150991358.jpg","width":789,"height":573},{"@type":"BreadcrumbList","@id":"https:\/\/tranthi.vn\/quangnam\/voi-rua-chen-nong-lanh-hoi-an-tam-ky-quang-nam\/#breadcrumb","itemListElement":[{"@type":"ListItem","position":1,"name":"Trang ch\u1ee7","item":"https:\/\/tranthi.vn\/quangnam\/"},{"@type":"ListItem","position":2,"name":"Shop","item":"https:\/\/tranthi.vn\/quangnam\/shop\/"},{"@type":"ListItem","position":3,"name":"V\u00f2i R\u1eeda Ch\u00e9n N\u00f3ng L\u1ea1nh-b\u00f3ng"}]},{"@type":"WebSite","@id":"https:\/\/tranthi.vn\/quangnam\/#website","url":"https:\/\/tranthi.vn\/quangnam\/","name":"V\u1eadt Li\u1ec7u X\u00e2y D\u1ef1ng Tr\u1ea7n Th\u1ecb Chi Nh\u00e1nh Qu\u1ea3ng Nam","description":"V\u1eadt Li\u1ec7u X\u00e2y D\u1ef1ng - Qu\u1ea3ng Nam","potentialAction":[{"@type":"SearchAction","target":{"@type":"EntryPoint","urlTemplate":"https:\/\/tranthi.vn\/quangnam\/?s={search_term_string}"},"query-input":"required name=search_term_string"}],"inLanguage":"vi"},{"@type":"ImageObject","inLanguage":"vi","@id":"https:\/\/tranthi.vn\/quangnam\/voi-rua-chen-nong-lanh-hoi-an-tam-ky-quang-nam\/#local-main-organization-logo","url":"","contentUrl":"","caption":"V\u1eadt Li\u1ec7u X\u00e2y D\u1ef1ng Tr\u1ea7n Th\u1ecb Chi Nh\u00e1nh Qu\u1ea3ng Nam"}]},"product_price_amount":"750000","product_price_currency":"VND","og_availability":"instock","product_availability":"instock","product_condition":"new"},"_links":{"self":[{"href":"https:\/\/tranthi.vn\/quangnam\/wp-json\/wp\/v2\/product\/1406","targetHints":{"allow":["GET"]}}],"collection":[{"href":"https:\/\/tranthi.vn\/quangnam\/wp-json\/wp\/v2\/product"}],"about":[{"href":"https:\/\/tranthi.vn\/quangnam\/wp-json\/wp\/v2\/types\/product"}],"replies":[{"embeddable":true,"href":"https:\/\/tranthi.vn\/quangnam\/wp-json\/wp\/v2\/comments?post=1406"}],"wp:featuredmedia":[{"embeddable":true,"href":"https:\/\/tranthi.vn\/quangnam\/wp-json\/wp\/v2\/media\/1405"}],"wp:attachment":[{"href":"https:\/\/tranthi.vn\/quangnam\/wp-json\/wp\/v2\/media?parent=1406"}],"wp:term":[{"taxonomy":"product_cat","embeddable":true,"href":"https:\/\/tranthi.vn\/quangnam\/wp-json\/wp\/v2\/product_cat?post=1406"},{"taxonomy":"product_tag","embeddable":true,"href":"https:\/\/tranthi.vn\/quangnam\/wp-json\/wp\/v2\/product_tag?post=1406"}],"curies":[{"name":"wp","href":"https:\/\/api.w.org\/{rel}","templated":true}]}}