{"id":1261,"date":"2021-02-17T09:09:09","date_gmt":"2021-02-17T02:09:09","guid":{"rendered":"http:\/\/new-tranthi.test\/san-pham\/san-nhua-dan-keo-s8020\/"},"modified":"2024-05-16T11:05:00","modified_gmt":"2024-05-16T04:05:00","slug":"san-nhua-dan-keo-s8020","status":"publish","type":"product","link":"https:\/\/tranthi.vn\/quangnam\/san-nhua-dan-keo-s8020\/","title":{"rendered":"S\u00e0n nh\u1ef1a b\u00f3c d\u00e1n S8020"},"content":{"rendered":"","protected":false},"excerpt":{"rendered":"<p><span style=\"font-family: 'times new roman', times, serif; font-size: 130%; color: #000000;\">Giao h\u00e0ng trong \u0111\u1ecba b\u00e0n\u00a0<span style=\"color: #008000;\"><em><a style=\"color: #008000;\" href=\"https:\/\/fr.wikipedia.org\/wiki\/Da_Nang\"><strong>\u0110\u00e0 N\u1eb5ng<\/strong><\/a><\/em><\/span><\/span><\/p>\n<p><span style=\"font-family: 'times new roman', times, serif; font-size: 130%; color: #000000;\">\ud83e\udd70\u0110\u01a1n v\u1ecb t\u00ednh: Met vu\u00f4ng<\/span><\/p>\n<p><span style=\"font-family: 'times new roman', times, serif; font-size: 130%; color: #000000;\">\ud83e\udd70K\u00edch th\u01b0\u1edbc 1 t\u1ea5m: 0,152cm x 0,914cm x 1,8mm<\/span><\/p>\n<p><span style=\"font-family: 'times new roman', times, serif; font-size: 130%; color: #000000;\"><span style=\"color: #000000;\">\ud83e\udd70\u0110\u01a1n gi\u00e1<\/span><em><strong><span style=\"color: #000000;\">: S\u00e0n nh\u1ef1a d\u00e1n keo s\u1eb5n <\/span><span style=\"color: #ed1c24;\">75<\/span><span style=\"color: #ff0000;\">.000\u0111\/30M2<\/span><span style=\"color: #000000;\">\u00a0<\/span><\/strong><\/em><span style=\"color: #000000;\">(ch\u01b0a bao g\u1ed3m chi ph\u00ed v\u1eadn chuy\u1ec3n v\u00e0 VAT)<\/span><\/span><\/p>\n<p><span style=\"font-family: 'times new roman', times, serif; font-size: 130%;\">\ud83e\udd70Ph\u1ee5 ki\u1ec7n k\u00e8m theo:<\/span><\/p>\n<ul>\n<li><span style=\"font-family: 'times new roman', times, serif; font-size: 130%;\">X\u1ed1p: 7,000vn\u0111\/m2<\/span><\/li>\n<li><span style=\"font-family: 'times new roman', times, serif; font-size: 130%;\">N\u1eb9p ph\u00e0o: 30,000vn\u0111\/30m2\u00a0<\/span><\/li>\n<li><span style=\"font-family: 'times new roman', times, serif; font-size: 130%;\">N\u1eb9p ch\u1ec9: 22,000vn\u0111\/30m2<\/span><\/li>\n<\/ul>\n","protected":false},"featured_media":1260,"comment_status":"open","ping_status":"closed","template":"","meta":[],"product_cat":[136,135],"product_tag":[],"class_list":{"0":"post-1261","1":"product","2":"type-product","3":"status-publish","4":"has-post-thumbnail","6":"product_cat-san-nhua-boc-dan","7":"product_cat-san-nhua-van-gia-go","9":"first","10":"instock","11":"sale","12":"shipping-taxable","13":"purchasable","14":"product-type-simple"},"yoast_head":"<!-- This site is optimized with the Yoast SEO Premium plugin v22.3 (Yoast SEO v22.8) - https:\/\/yoast.com\/wordpress\/plugins\/seo\/ -->\n<title>S\u00e0n nh\u1ef1a b\u00f3c d\u00e1n S8020 - V\u1eadt Li\u1ec7u X\u00e2y D\u1ef1ng Tr\u1ea7n Th\u1ecb Chi Nh\u00e1nh Qu\u1ea3ng Nam<\/title>\n<meta name=\"robots\" content=\"index, follow, max-snippet:-1, max-image-preview:large, max-video-preview:-1\" \/>\n<link rel=\"canonical\" href=\"https:\/\/tranthi.vn\/quangnam\/san-nhua-dan-keo-s8020\/\" \/>\n<meta property=\"og:locale\" content=\"vi_VN\" \/>\n<meta property=\"og:type\" content=\"article\" \/>\n<meta property=\"og:title\" content=\"S\u00e0n nh\u1ef1a b\u00f3c d\u00e1n S8020\" \/>\n<meta property=\"og:description\" content=\"Giao h\u00e0ng trong \u0111\u1ecba b\u00e0n\u00a0\u0110\u00e0 N\u1eb5ng  \ud83e\udd70\u0110\u01a1n v\u1ecb t\u00ednh: Met vu\u00f4ng  \ud83e\udd70K\u00edch th\u01b0\u1edbc 1 t\u1ea5m: 0,152cm x 0,914cm x 1,8mm  \ud83e\udd70\u0110\u01a1n gi\u00e1: S\u00e0n nh\u1ef1a d\u00e1n keo s\u1eb5n 75.000\u0111\/30M2\u00a0(ch\u01b0a bao g\u1ed3m chi ph\u00ed v\u1eadn chuy\u1ec3n v\u00e0 VAT)  \ud83e\udd70Ph\u1ee5 ki\u1ec7n k\u00e8m theo:   X\u1ed1p: 7,000vn\u0111\/m2  N\u1eb9p ph\u00e0o: 30,000vn\u0111\/30m2\u00a0  N\u1eb9p ch\u1ec9: 22,000vn\u0111\/30m2\" \/>\n<meta property=\"og:url\" content=\"https:\/\/tranthi.vn\/quangnam\/san-nhua-dan-keo-s8020\/\" \/>\n<meta property=\"og:site_name\" content=\"V\u1eadt Li\u1ec7u X\u00e2y D\u1ef1ng Tr\u1ea7n Th\u1ecb Chi Nh\u00e1nh Qu\u1ea3ng Nam\" \/>\n<meta property=\"article:modified_time\" content=\"2024-05-16T04:05:00+00:00\" \/>\n<meta property=\"og:image\" content=\"https:\/\/tranthi.vn\/quangnam\/wp-content\/uploads\/2021\/02\/san-nhua-keo-dan-san-BM8020-1.jpg\" \/>\n\t<meta property=\"og:image:width\" content=\"720\" \/>\n\t<meta property=\"og:image:height\" content=\"721\" \/>\n\t<meta property=\"og:image:type\" content=\"image\/jpeg\" \/>\n<meta name=\"twitter:card\" content=\"summary_large_image\" \/>\n<meta name=\"twitter:label1\" content=\"Gi\u00e1\" \/>\n\t<meta name=\"twitter:data1\" content=\"75,000&nbsp;&#8363;\" \/>\n\t<meta name=\"twitter:label2\" content=\"Kh\u1ea3 d\u1ee5ng\" \/>\n\t<meta name=\"twitter:data2\" content=\"Trong kho\" \/>\n<script type=\"application\/ld+json\" class=\"yoast-schema-graph\">{\"@context\":\"https:\/\/schema.org\",\"@graph\":[{\"@type\":[\"WebPage\",\"ItemPage\"],\"@id\":\"https:\/\/tranthi.vn\/quangnam\/san-nhua-dan-keo-s8020\/\",\"url\":\"https:\/\/tranthi.vn\/quangnam\/san-nhua-dan-keo-s8020\/\",\"name\":\"S\u00e0n nh\u1ef1a b\u00f3c d\u00e1n S8020 - V\u1eadt Li\u1ec7u X\u00e2y D\u1ef1ng Tr\u1ea7n Th\u1ecb Chi Nh\u00e1nh Qu\u1ea3ng Nam\",\"isPartOf\":{\"@id\":\"https:\/\/tranthi.vn\/quangnam\/#website\"},\"primaryImageOfPage\":{\"@id\":\"https:\/\/tranthi.vn\/quangnam\/san-nhua-dan-keo-s8020\/#primaryimage\"},\"image\":{\"@id\":\"https:\/\/tranthi.vn\/quangnam\/san-nhua-dan-keo-s8020\/#primaryimage\"},\"thumbnailUrl\":\"https:\/\/tranthi.vn\/quangnam\/wp-content\/uploads\/2021\/02\/san-nhua-keo-dan-san-BM8020-1.jpg\",\"datePublished\":\"2021-02-17T02:09:09+00:00\",\"dateModified\":\"2024-05-16T04:05:00+00:00\",\"breadcrumb\":{\"@id\":\"https:\/\/tranthi.vn\/quangnam\/san-nhua-dan-keo-s8020\/#breadcrumb\"},\"inLanguage\":\"vi\",\"potentialAction\":[{\"@type\":\"ReadAction\",\"target\":[\"https:\/\/tranthi.vn\/quangnam\/san-nhua-dan-keo-s8020\/\"]}]},{\"@type\":\"ImageObject\",\"inLanguage\":\"vi\",\"@id\":\"https:\/\/tranthi.vn\/quangnam\/san-nhua-dan-keo-s8020\/#primaryimage\",\"url\":\"https:\/\/tranthi.vn\/quangnam\/wp-content\/uploads\/2021\/02\/san-nhua-keo-dan-san-BM8020-1.jpg\",\"contentUrl\":\"https:\/\/tranthi.vn\/quangnam\/wp-content\/uploads\/2021\/02\/san-nhua-keo-dan-san-BM8020-1.jpg\",\"width\":720,\"height\":721},{\"@type\":\"BreadcrumbList\",\"@id\":\"https:\/\/tranthi.vn\/quangnam\/san-nhua-dan-keo-s8020\/#breadcrumb\",\"itemListElement\":[{\"@type\":\"ListItem\",\"position\":1,\"name\":\"Trang ch\u1ee7\",\"item\":\"https:\/\/tranthi.vn\/quangnam\/\"},{\"@type\":\"ListItem\",\"position\":2,\"name\":\"Shop\",\"item\":\"https:\/\/tranthi.vn\/quangnam\/shop\/\"},{\"@type\":\"ListItem\",\"position\":3,\"name\":\"S\u00e0n nh\u1ef1a b\u00f3c d\u00e1n S8020\"}]},{\"@type\":\"WebSite\",\"@id\":\"https:\/\/tranthi.vn\/quangnam\/#website\",\"url\":\"https:\/\/tranthi.vn\/quangnam\/\",\"name\":\"V\u1eadt Li\u1ec7u X\u00e2y D\u1ef1ng Tr\u1ea7n Th\u1ecb Chi Nh\u00e1nh Qu\u1ea3ng Nam\",\"description\":\"V\u1eadt Li\u1ec7u X\u00e2y D\u1ef1ng - Qu\u1ea3ng Nam\",\"potentialAction\":[{\"@type\":\"SearchAction\",\"target\":{\"@type\":\"EntryPoint\",\"urlTemplate\":\"https:\/\/tranthi.vn\/quangnam\/?s={search_term_string}\"},\"query-input\":\"required name=search_term_string\"}],\"inLanguage\":\"vi\"},{\"@type\":\"ImageObject\",\"inLanguage\":\"vi\",\"@id\":\"https:\/\/tranthi.vn\/quangnam\/san-nhua-dan-keo-s8020\/#local-main-organization-logo\",\"url\":\"\",\"contentUrl\":\"\",\"caption\":\"V\u1eadt Li\u1ec7u X\u00e2y D\u1ef1ng Tr\u1ea7n Th\u1ecb Chi Nh\u00e1nh Qu\u1ea3ng Nam\"}]}<\/script>\n<meta property=\"product:price:amount\" content=\"75000\" \/>\n<meta property=\"product:price:currency\" content=\"VND\" \/>\n<meta property=\"og:availability\" content=\"instock\" \/>\n<meta property=\"product:availability\" content=\"instock\" \/>\n<meta property=\"product:condition\" content=\"new\" \/>\n<!-- \/ Yoast SEO Premium plugin. -->","yoast_head_json":{"title":"S\u00e0n nh\u1ef1a b\u00f3c d\u00e1n S8020 - V\u1eadt Li\u1ec7u X\u00e2y D\u1ef1ng Tr\u1ea7n Th\u1ecb Chi Nh\u00e1nh Qu\u1ea3ng Nam","robots":{"index":"index","follow":"follow","max-snippet":"max-snippet:-1","max-image-preview":"max-image-preview:large","max-video-preview":"max-video-preview:-1"},"canonical":"https:\/\/tranthi.vn\/quangnam\/san-nhua-dan-keo-s8020\/","og_locale":"vi_VN","og_type":"article","og_title":"S\u00e0n nh\u1ef1a b\u00f3c d\u00e1n S8020","og_description":"Giao h\u00e0ng trong \u0111\u1ecba b\u00e0n\u00a0\u0110\u00e0 N\u1eb5ng  \ud83e\udd70\u0110\u01a1n v\u1ecb t\u00ednh: Met vu\u00f4ng  \ud83e\udd70K\u00edch th\u01b0\u1edbc 1 t\u1ea5m: 0,152cm x 0,914cm x 1,8mm  \ud83e\udd70\u0110\u01a1n gi\u00e1: S\u00e0n nh\u1ef1a d\u00e1n keo s\u1eb5n 75.000\u0111\/30M2\u00a0(ch\u01b0a bao g\u1ed3m chi ph\u00ed v\u1eadn chuy\u1ec3n v\u00e0 VAT)  \ud83e\udd70Ph\u1ee5 ki\u1ec7n k\u00e8m theo:   X\u1ed1p: 7,000vn\u0111\/m2  N\u1eb9p ph\u00e0o: 30,000vn\u0111\/30m2\u00a0  N\u1eb9p ch\u1ec9: 22,000vn\u0111\/30m2","og_url":"https:\/\/tranthi.vn\/quangnam\/san-nhua-dan-keo-s8020\/","og_site_name":"V\u1eadt Li\u1ec7u X\u00e2y D\u1ef1ng Tr\u1ea7n Th\u1ecb Chi Nh\u00e1nh Qu\u1ea3ng Nam","article_modified_time":"2024-05-16T04:05:00+00:00","og_image":[{"width":720,"height":721,"url":"https:\/\/tranthi.vn\/quangnam\/wp-content\/uploads\/2021\/02\/san-nhua-keo-dan-san-BM8020-1.jpg","type":"image\/jpeg"}],"twitter_card":"summary_large_image","twitter_misc":{"Gi\u00e1":"75,000&nbsp;&#8363;","Kh\u1ea3 d\u1ee5ng":"Trong kho"},"schema":{"@context":"https:\/\/schema.org","@graph":[{"@type":["WebPage","ItemPage"],"@id":"https:\/\/tranthi.vn\/quangnam\/san-nhua-dan-keo-s8020\/","url":"https:\/\/tranthi.vn\/quangnam\/san-nhua-dan-keo-s8020\/","name":"S\u00e0n nh\u1ef1a b\u00f3c d\u00e1n S8020 - V\u1eadt Li\u1ec7u X\u00e2y D\u1ef1ng Tr\u1ea7n Th\u1ecb Chi Nh\u00e1nh Qu\u1ea3ng Nam","isPartOf":{"@id":"https:\/\/tranthi.vn\/quangnam\/#website"},"primaryImageOfPage":{"@id":"https:\/\/tranthi.vn\/quangnam\/san-nhua-dan-keo-s8020\/#primaryimage"},"image":{"@id":"https:\/\/tranthi.vn\/quangnam\/san-nhua-dan-keo-s8020\/#primaryimage"},"thumbnailUrl":"https:\/\/tranthi.vn\/quangnam\/wp-content\/uploads\/2021\/02\/san-nhua-keo-dan-san-BM8020-1.jpg","datePublished":"2021-02-17T02:09:09+00:00","dateModified":"2024-05-16T04:05:00+00:00","breadcrumb":{"@id":"https:\/\/tranthi.vn\/quangnam\/san-nhua-dan-keo-s8020\/#breadcrumb"},"inLanguage":"vi","potentialAction":[{"@type":"ReadAction","target":["https:\/\/tranthi.vn\/quangnam\/san-nhua-dan-keo-s8020\/"]}]},{"@type":"ImageObject","inLanguage":"vi","@id":"https:\/\/tranthi.vn\/quangnam\/san-nhua-dan-keo-s8020\/#primaryimage","url":"https:\/\/tranthi.vn\/quangnam\/wp-content\/uploads\/2021\/02\/san-nhua-keo-dan-san-BM8020-1.jpg","contentUrl":"https:\/\/tranthi.vn\/quangnam\/wp-content\/uploads\/2021\/02\/san-nhua-keo-dan-san-BM8020-1.jpg","width":720,"height":721},{"@type":"BreadcrumbList","@id":"https:\/\/tranthi.vn\/quangnam\/san-nhua-dan-keo-s8020\/#breadcrumb","itemListElement":[{"@type":"ListItem","position":1,"name":"Trang ch\u1ee7","item":"https:\/\/tranthi.vn\/quangnam\/"},{"@type":"ListItem","position":2,"name":"Shop","item":"https:\/\/tranthi.vn\/quangnam\/shop\/"},{"@type":"ListItem","position":3,"name":"S\u00e0n nh\u1ef1a b\u00f3c d\u00e1n S8020"}]},{"@type":"WebSite","@id":"https:\/\/tranthi.vn\/quangnam\/#website","url":"https:\/\/tranthi.vn\/quangnam\/","name":"V\u1eadt Li\u1ec7u X\u00e2y D\u1ef1ng Tr\u1ea7n Th\u1ecb Chi Nh\u00e1nh Qu\u1ea3ng Nam","description":"V\u1eadt Li\u1ec7u X\u00e2y D\u1ef1ng - Qu\u1ea3ng Nam","potentialAction":[{"@type":"SearchAction","target":{"@type":"EntryPoint","urlTemplate":"https:\/\/tranthi.vn\/quangnam\/?s={search_term_string}"},"query-input":"required name=search_term_string"}],"inLanguage":"vi"},{"@type":"ImageObject","inLanguage":"vi","@id":"https:\/\/tranthi.vn\/quangnam\/san-nhua-dan-keo-s8020\/#local-main-organization-logo","url":"","contentUrl":"","caption":"V\u1eadt Li\u1ec7u X\u00e2y D\u1ef1ng Tr\u1ea7n Th\u1ecb Chi Nh\u00e1nh Qu\u1ea3ng Nam"}]},"product_price_amount":"75000","product_price_currency":"VND","og_availability":"instock","product_availability":"instock","product_condition":"new"},"_links":{"self":[{"href":"https:\/\/tranthi.vn\/quangnam\/wp-json\/wp\/v2\/product\/1261","targetHints":{"allow":["GET"]}}],"collection":[{"href":"https:\/\/tranthi.vn\/quangnam\/wp-json\/wp\/v2\/product"}],"about":[{"href":"https:\/\/tranthi.vn\/quangnam\/wp-json\/wp\/v2\/types\/product"}],"replies":[{"embeddable":true,"href":"https:\/\/tranthi.vn\/quangnam\/wp-json\/wp\/v2\/comments?post=1261"}],"wp:featuredmedia":[{"embeddable":true,"href":"https:\/\/tranthi.vn\/quangnam\/wp-json\/wp\/v2\/media\/1260"}],"wp:attachment":[{"href":"https:\/\/tranthi.vn\/quangnam\/wp-json\/wp\/v2\/media?parent=1261"}],"wp:term":[{"taxonomy":"product_cat","embeddable":true,"href":"https:\/\/tranthi.vn\/quangnam\/wp-json\/wp\/v2\/product_cat?post=1261"},{"taxonomy":"product_tag","embeddable":true,"href":"https:\/\/tranthi.vn\/quangnam\/wp-json\/wp\/v2\/product_tag?post=1261"}],"curies":[{"name":"wp","href":"https:\/\/api.w.org\/{rel}","templated":true}]}}