{"id":1124,"date":"2021-02-17T08:33:01","date_gmt":"2021-02-17T01:33:01","guid":{"rendered":"http:\/\/new-tranthi.test\/san-pham\/ngoi-lop-nha-dat-nung-22-vien-m\/"},"modified":"2024-11-18T13:20:32","modified_gmt":"2024-11-18T06:20:32","slug":"ngoi-lop-nha-dat-nung-22-vien-hoi-an-tam-ky-quang-nam","status":"publish","type":"product","link":"https:\/\/tranthi.vn\/quangnam\/ngoi-lop-nha-dat-nung-22-vien-hoi-an-tam-ky-quang-nam\/","title":{"rendered":"Ng\u00f3i L\u1ee3p Nh\u00e0 \u0110\u1ea5t Nung( 22 vi\u00ean\/m)"},"content":{"rendered":"<p><span style=\"font-family: 'times new roman', times, serif; font-size: 18pt; color: #000000;\">ng\u00f3i l\u1ee3p \u0111\u1ea5t nung t\u1eeb l\u00e2u \u0111\u00e3 kh\u00f4ng c\u00f2n xa l\u1ea1 v\u1edbi ph\u1ea7n l\u1edbn ng\u01b0\u1eddi Vi\u1ec7t, so v\u1edbi l\u1ee3p m\u00e1i ng\u00f3i th\u00ec l\u1ee3p m\u00e1i t\u00f4n s\u1ebd ti\u1ebft ki\u1ec7m chi ph\u00ed v\u00e0 nh\u00e2n c\u00f4ng h\u01a1n, v\u1eady l\u00fd do g\u00ec khi\u1ebfn <a href=\"http:\/\/tranthi.vn\/quangnam\/ngoi-lop-nha-dat-nung-tai-da-nang\/\">ng\u00f3i l\u1ee3p \u0111\u1ea5t nung Qu\u1ea3ng Ninh<\/a> l\u1ea1i \u0111\u01b0\u1ee3c l\u00f2ng ng\u01b0\u1eddi s\u1eed d\u1ee5ng \u0111\u1ebfn v\u1eady<\/span><\/p>\n<h2><span style=\"color: #ff0000;\"><strong><span style=\"font-family: 'times new roman', times, serif; font-size: 18pt;\">1. TH\u00d4NG TIN NG\u00d3I L\u1ee2P \u0110\u1ea4T NUNG<\/span><\/strong><\/span><\/h2>\n<figure id=\"attachment_7839\" aria-describedby=\"caption-attachment-7839\" style=\"width: 310px\" class=\"wp-caption aligncenter\"><img loading=\"lazy\" decoding=\"async\" class=\" wp-image-7839\" src=\"https:\/\/tranthi.vn\/quangnam\/wp-content\/uploads\/2021\/03\/ngoi-lop-dat-nung-tai-tam-ky-hoi-an-quang-nam.jpg\" alt=\"ng\u00f3i l\u1ee3p \u0111\u1ea5t nung t\u1ea1i tam k\u1ef3- h\u1ed9i an- qu\u1ea3ng nam\" width=\"310\" height=\"310\" srcset=\"https:\/\/tranthi.vn\/quangnam\/wp-content\/uploads\/2021\/03\/ngoi-lop-dat-nung-tai-tam-ky-hoi-an-quang-nam.jpg 250w, https:\/\/tranthi.vn\/quangnam\/wp-content\/uploads\/2021\/03\/ngoi-lop-dat-nung-tai-tam-ky-hoi-an-quang-nam-100x100.jpg 100w\" sizes=\"auto, (max-width: 310px) 100vw, 310px\" \/><figcaption id=\"caption-attachment-7839\" class=\"wp-caption-text\">ng\u00f3i l\u1ee3p \u0111\u1ea5t nung t\u1ea1i tam k\u1ef3- h\u1ed9i an- qu\u1ea3ng nam<\/figcaption><\/figure>\n<p><span style=\"color: #008080;\"><strong><span style=\"font-family: 'times new roman', times, serif; font-size: 18pt;\">&gt;&gt;&gt; T\u00ean s\u1ea3n ph\u1ea9m: Ng\u00f3i l\u1ee3p Qu\u1ea3ng Ninh 22 vi\u00ean\/m2.<\/span><\/strong><\/span><\/p>\n<p><span style=\"font-family: 'times new roman', times, serif; font-size: 18pt; color: #000000;\">&#8211; K\u00edch th\u01b0\u1edbc: 340 x 200 x 13 mm.<\/span><\/p>\n<p><span style=\"font-family: 'times new roman', times, serif; font-size: 18pt; color: #000000;\">&#8211; S\u1ed1 l\u01b0\u1ee3ng: 22 vi\u00ean\/m2.<\/span><\/p>\n<p><span style=\"font-family: 'times new roman', times, serif; font-size: 18pt; color: #000000;\">&#8211; \u0110\u1ed9 h\u00fat n\u01b0\u1edbc: &lt; 6 %.<\/span><\/p>\n<p><span style=\"font-family: 'times new roman', times, serif; font-size: 18pt; color: #000000;\">&#8211; Th\u1eddi gian xuy\u00ean n\u01b0\u1edbc: &gt; 120 ph\u00fat.<\/span><\/p>\n<p><span style=\"font-family: 'times new roman', times, serif; font-size: 18pt; color: #000000;\">&#8211; Kho\u1ea3ng c\u00e1ch m\u00e8: x\u1ea5p x\u1ec9 267 mm.<\/span><\/p>\n<p><span style=\"font-family: 'times new roman', times, serif; font-size: 18pt; color: #000000;\">&#8211; \u0110\u01a1n gi\u00e1 b\u00e1n l\u1ebb: 10.800\u0111\/vi\u00ean.<\/span><\/p>\n<p><span style=\"color: #008080;\"><strong><span style=\"font-family: 'times new roman', times, serif; font-size: 18pt;\">&gt;&gt;&gt;&gt; T\u00ean s\u1ea3n ph\u1ea9m:<a href=\"http:\/\/tranthi.vn\/quangnam\/ngoi-lop-nha-_-16v-m2\/\"> Ng\u00f3i l\u1ee3p Qu\u1ea3ng Ninh 16 vi\u00ean\/m2.<\/a><\/span><\/strong><\/span><\/p>\n<p><span style=\"font-family: 'times new roman', times, serif; font-size: 18pt; color: #000000;\">&#8211; K\u00edch th\u01b0\u1edbc: 370 x 250<\/span><\/p>\n<p><span style=\"font-family: 'times new roman', times, serif; font-size: 18pt; color: #000000;\">&#8211; S\u1ed1 l\u01b0\u1ee3ng: 16 vi\u00ean\/m2.<\/span><\/p>\n<p><span style=\"font-family: 'times new roman', times, serif; font-size: 18pt; color: #000000;\">&#8211; \u0110\u1ed9 h\u00fat n\u01b0\u1edbc: &lt; 6 %.<\/span><\/p>\n<p><span style=\"font-family: 'times new roman', times, serif; font-size: 18pt; color: #000000;\">&#8211; Th\u1eddi gian xuy\u00ean n\u01b0\u1edbc: &gt; 120 ph\u00fat.<\/span><\/p>\n<p><span style=\"font-family: 'times new roman', times, serif; font-size: 18pt; color: #000000;\">&#8211; Kho\u1ea3ng c\u00e1ch m\u00e8: x\u1ea5p x\u1ec9 267 mm.<\/span><\/p>\n<p><span style=\"font-family: 'times new roman', times, serif; font-size: 18pt; color: #000000;\">&#8211; \u0110\u01a1n gi\u00e1 b\u00e1n l\u1ebb: 15000\u0111\/vi\u00ean.<\/span><\/p>\n<h2><strong><span style=\"font-family: 'times new roman', times, serif; font-size: 18pt; color: #ff0000;\">2. \u01afU \u0110I\u1ec2M C\u1ee6A NG\u00d3I L\u1ee2P \u0110\u1ea4T NUNG QU\u1ea2NG NINH<\/span><\/strong><\/h2>\n<ul>\n<li><span style=\"font-family: 'times new roman', times, serif; font-size: 18pt; color: #000000;\">H\u1ea1n ch\u1ebf ti\u1ebfng \u1ed3n<\/span><\/li>\n<li><span style=\"font-family: 'times new roman', times, serif; font-size: 18pt; color: #000000;\">ch\u1ed1ng n\u00f3ng cho ng\u00f4i nh\u00e0<\/span><\/li>\n<li><span style=\"font-family: 'times new roman', times, serif; font-size: 18pt; color: #000000;\">d\u1ec5 d\u00e0ng s\u1eeda ch\u1eefa khi h\u01b0 h\u1ecfng<\/span><\/li>\n<li><span style=\"font-family: 'times new roman', times, serif; font-size: 18pt; color: #000000;\">H\u1ea1n ch\u1ebf \u0111\u01b0\u1ee3c nh\u1eefng r\u1ee7i n\u1ebfu c\u00f3 x\u1ea3y ra m\u01b0a b\u00e3o<\/span><\/li>\n<\/ul>\n<p style=\"text-align: center;\"><iframe loading=\"lazy\" src=\"\/\/www.youtube.com\/embed\/L-szsmTFkKI\" width=\"560\" height=\"314\" allowfullscreen=\"allowfullscreen\"><\/iframe><\/p>\n<figure id=\"attachment_7838\" aria-describedby=\"caption-attachment-7838\" style=\"width: 372px\" class=\"wp-caption aligncenter\"><img loading=\"lazy\" decoding=\"async\" class=\" wp-image-7838\" src=\"https:\/\/tranthi.vn\/quangnam\/wp-content\/uploads\/2021\/03\/ngoi-lop-dat-nung-tai-tam-ky-hoi-an-quang-nam-2.jpg\" alt=\"ng\u00f3i l\u1ee3p \u0111\u1ea5t nung t\u1ea1i tam k\u1ef3- h\u1ed9i an- qu\u1ea3ng nam\" width=\"372\" height=\"372\" srcset=\"https:\/\/tranthi.vn\/quangnam\/wp-content\/uploads\/2021\/03\/ngoi-lop-dat-nung-tai-tam-ky-hoi-an-quang-nam-2.jpg 250w, https:\/\/tranthi.vn\/quangnam\/wp-content\/uploads\/2021\/03\/ngoi-lop-dat-nung-tai-tam-ky-hoi-an-quang-nam-2-100x100.jpg 100w\" sizes=\"auto, (max-width: 372px) 100vw, 372px\" \/><figcaption id=\"caption-attachment-7838\" class=\"wp-caption-text\">ng\u00f3i l\u1ee3p \u0111\u1ea5t nung t\u1ea1i tam k\u1ef3- h\u1ed9i an- qu\u1ea3ng nam<\/figcaption><\/figure>\n<h3><strong><span style=\"font-family: 'times new roman', times, serif; font-size: 18pt; color: #ff0000;\">3. H\u01af\u1edaNG D\u1eaaN QUY TR\u00ccNH L\u1ee2P NG\u00d3I 22<\/span><\/strong><\/h3>\n<p><span style=\"font-family: 'times new roman', times, serif; font-size: 18pt; color: #000000;\">\u2013 L\u1ee3p tr\u00ean m\u00e1i c\u00f3 \u0111\u1ed9 d\u1ed1c &lt; 450 \u0111\u00f3ng c\u1ea7u phong, lit\u00f4.<\/span><br \/>\n<span style=\"font-family: 'times new roman', times, serif; font-size: 18pt; color: #000000;\">\u2013\u00a0<strong>C\u1ea7u phong:<\/strong>\u00a0D\u00f9ng lo\u1ea1i g\u1ed7 nh\u00f3m 4 tr\u1edf xu\u1ed1ng, k\u00edch th\u01b0\u1edbc ti\u1ebft di\u1ec7n t\u1ed1i thi\u1ec3u 4x6cm. Kho\u1ea3ng c\u00e1ch gi\u1eefa c\u00e1c c\u1ea7u phong t\u1ed1i thi\u1ec3u 0,5m\u00e9t.<\/span><br \/>\n<span style=\"font-family: 'times new roman', times, serif; font-size: 18pt; color: #000000;\">\u2013<strong>\u00a0Lit\u00f4:<\/strong>\u00a0D\u00f9ng g\u1ed7 x\u1ebb (g\u1ed7 s\u1ebfn, ch\u00f2 ch\u1ec9\u2026) c\u00f3 ti\u1ebft di\u1ec7n 3cm ho\u1eb7c nan tre, nan lu\u1ed3ng (\u0111\u00e3 \u0111\u01b0\u1ee3c ng\u00e2m n\u01b0\u1edbc 6 th\u00e1ng tr\u1edf l\u00ean), nan \u0111\u01b0\u1ee3c ch\u1ebb, v\u00f3t \u0111\u1ec1u b\u1ea3n r\u1ed9ng 3cm.<\/span><\/p>\n<p><span style=\"font-family: 'times new roman', times, serif; font-size: 18pt; color: #000000;\">\u2013 C\u0103ng d\u00e2y \u1edf \u0111\u1ea7u h\u1ed3i, \u0111\u00f3ng h\u00e0ng lit\u00f4 \u0111\u1ea7u ti\u00ean c\u00e1ch \u0111\u1ec9nh n\u00f3c 4cm, \u0111\u00f3ng t\u1eeb tr\u00ean \u0111\u1ec9nh m\u00e1i \u0111\u00f3ng xu\u1ed1ng. N\u1ebfu lit\u00f4 s\u1eed d\u1ee5ng nan tre, nan lu\u1ed3ng th\u00ec khi \u0111\u00f3ng ph\u1ea3i \u0111\u1ec3 m\u1eb7t trong c\u1ee7a c\u00e2y tre, lu\u1ed3ng h\u01b0\u1edbng l\u00ean tr\u00ean.<\/span><br \/>\n<span style=\"font-family: 'times new roman', times, serif; font-size: 18pt; color: #000000;\">\u2013 Kho\u1ea3ng c\u00e1nh gi\u1eefa c\u00e1c h\u00e0ng lit\u00f4: 7cm \u0111\u1ed1i v\u1edbi ng\u00f3i v\u1ea9y c\u00e1 260 (M07) v\u00e0 ng\u00f3i m\u0169i h\u00e0i vu\u00f4ng (M33), 9cm \u0111\u1ed1i v\u1edbi ng\u00f3i h\u00e0i 270.<\/span><br \/>\n<span style=\"font-family: 'times new roman', times, serif; font-size: 18pt; color: #000000;\">\u2013 \u0110\u00f3ng th\u1eed 2-3 h\u00e0ng lit\u00f4 \u0111\u1ec3 l\u1ee3p th\u1eed ki\u1ec3m tra kho\u1ea3ng c\u00e1ch gi\u1eefa c\u00e1c h\u00e0ng lit\u00f4, khi th\u1ea5y \u0111\u1ea1t y\u00eau c\u1ea7u m\u1edbi \u0111\u00f3ng c\u1ea3 m\u00e1i.<\/span><br \/>\n<span style=\"font-family: 'times new roman', times, serif; font-size: 18pt; color: #000000;\">\u2013 \u0110o kho\u1ea3ng c\u00e1ch h\u00e0ng lit\u00f4 ti\u1ebfp theo v\u00e0 \u0111\u00f3ng \u0111\u1ebfn h\u00e0ng cu\u1ed1i c\u00f9ng. H\u00e0ng lit\u00f4 cu\u1ed1i c\u00f9ng (h\u00e0ng d\u00e2n) cao h\u01a1n chi\u1ec1u d\u1ea7y lit\u00f4 3cm.<\/span><br \/>\n<span style=\"font-family: 'times new roman', times, serif; font-size: 18pt; color: #000000;\">\u2013 Sau khi \u0111\u00f3ng lit\u00f4 xong c\u1ea3 m\u00e1i, d\u00f9ng s\u1ee3i d\u00e2y m\u1ea3nh bu\u1ed9c t\u1eeb tr\u00ean n\u00f3c xu\u1ed1ng \u0111\u1ebfn h\u00e0ng d\u00e2n \u0111\u1ec3 c\u0103n ch\u1ec9nh chi\u1ec1u cao c\u00e1c h\u00e0ng lit\u00f4 sao cho c\u00e1c h\u00e0ng lit\u00f4 sau khi c\u0103n ch\u1ec9nh n\u1eb1m tr\u00ean m\u1eb7t ph\u1eb3ng c\u1ee7a d\u00e2y. \u0110\u1eb7t d\u00e2y c\u0103n ch\u1ec9nh \u1edf 3 v\u1ecb tr\u00ed tr\u00ean m\u00e1i: \u1edf 2 \u0111\u1ea7u h\u1ed3i (v\u1ecb tr\u00ed \u0111o c\u00e1nh \u0111\u1ea7u h\u1ed3i kho\u1ea3ng 1m\u00e9t) v\u00e0 \u1edf gi\u1eefa m\u00e1i (t\u00ednh theo chi\u1ec1u\u00a0<\/span><\/p>\n<p><span style=\"font-family: 'times new roman', times, serif; font-size: 18pt; color: #000000;\">\u2013 Ti\u1ebfn h\u00e0nh l\u1ee3p ng\u00f3i t\u1eeb tr\u00e1i sang ph\u1ea3i v\u00e0 t\u1eeb d\u01b0\u1edbi l\u00ean tr\u00ean.<\/span><\/p>\n<p style=\"text-align: center;\"><iframe loading=\"lazy\" src=\"\/\/www.youtube.com\/embed\/r-mUIKv3fVE\" width=\"560\" height=\"314\" allowfullscreen=\"allowfullscreen\"><\/iframe><\/p>\n<p>&nbsp;<\/p>\n","protected":false},"excerpt":{"rendered":"<p><span style=\"font-family: 'times new roman', times, serif; font-size: 130%;\"><span style=\"color: #000000;\">\ud83d\ude1b Giao h\u00e0ng trong \u0111\u1ecba b\u00e0n<\/span> <a href=\"https:\/\/vi.wikipedia.org\/wiki\/Qu%E1%BA%A3ng_Nam\">Qu\u1ea3ng Nam<\/a><\/span><\/p>\n<p><span style=\"font-family: 'times new roman', times, serif; font-size: 130%; color: #000000;\">\ud83d\ude1b \u0110\u01a1n v\u1ecb t\u00ednh: Vi\u00ean<\/span><\/p>\n<p><span style=\"font-family: 'times new roman', times, serif; font-size: 130%;\"><span style=\"color: #000000;\">\ud83d\ude1b <strong>\u0110\u01a1n gi\u00e1 khi mua 100m2:<\/strong><\/span><em><strong>\u00a0<span style=\"color: #008000;\"><a style=\"color: #008000;\" href=\"http:\/\/tranthi.vn\/quangnam\/?post_type=product&amp;p=4421&amp;preview=true\">Ng\u00f3i L\u1ee3p Nh\u00e0 \u0110\u1ea5t Nung T\u1ea1i Qu\u1ea3ng Nam<\/a><\/span>\u00a0<span style=\"color: #000000;\">\u00a0<\/span><\/strong><\/em><span style=\"color: #000000;\">trong n\u1ed9i th\u00e0nh<\/span> <span style=\"color: #ff0000;\"><strong>Gi\u00e1 13.500\u0111\/ vi\u00ean<\/strong><\/span><\/span><\/p>\n<p><span style=\"font-family: 'times new roman', times, serif; font-size: 130%; color: #000000;\">\ud83d\ude1b Ngo\u00e0i ra Tr\u1ea7n Th\u1ecb c\u00f2n nh\u1eadn giao h\u00e0ng \u0111\u1ebfn c\u00e1c \u0111i\u1ec3m <strong>\u0110\u00f4ng H\u00e0 Qu\u1ea3ng tr\u1ecb<\/strong>, <strong>H\u1ed9i An<\/strong>, <strong>Tam k\u1ef3 Qu\u1ea3ng Nam<\/strong>,<strong> Hu\u1ebf<\/strong> , <strong>Qu\u1ea3ng Ng\u00e3i<\/strong> -Chi ph\u00ed v\u1eadn chuy\u1ec3n s\u1ebd t\u00ednh theo kho\u1ea3ng c\u00e1ch v\u00e0 s\u1ed1 l\u01b0\u1ee3ng h\u00e0ng h\u00f3a nh\u1eadp<\/span><\/p>\n","protected":false},"featured_media":1123,"comment_status":"open","ping_status":"closed","template":"","meta":[],"product_cat":[111,309],"product_tag":[],"class_list":{"0":"post-1124","1":"product","2":"type-product","3":"status-publish","4":"has-post-thumbnail","6":"product_cat-gia-ngoi-lop-nha-da-nang","7":"product_cat-ngoi-gom-do","9":"first","10":"instock","11":"sale","12":"shipping-taxable","13":"purchasable","14":"product-type-simple"},"yoast_head":"<!-- This site is optimized with the Yoast SEO Premium plugin v22.3 (Yoast SEO v22.8) - https:\/\/yoast.com\/wordpress\/plugins\/seo\/ -->\n<title>Ng\u00f3i L\u1ee3p Nh\u00e0 Qu\u1ea3ng Ninh T\u1ea1i Qu\u1ea3ng Nam-0947.335.871<\/title>\n<meta name=\"description\" content=\"Tr\u1ea7n Th\u1ecb l\u00e0 \u0111\u1ea1i l\u00fd Ng\u00f3i L\u1ee3p Nh\u00e0 \u0110\u1ea5t Nung T\u1ea1i Qu\u1ea3ng Nam ph\u1ee5c v\u1ee5 t\u1eadn ch\u00e2n c\u00f4ng tr\u00ecnh v\u1edbi gi\u00e1 r\u1ebb nh\u1ea5t th\u1ecb tr\u01b0\u1eddng, uy t\u00edn ch\u1ea5t l\u01b0\u1ee3ng\" \/>\n<meta name=\"robots\" content=\"index, follow, max-snippet:-1, max-image-preview:large, max-video-preview:-1\" \/>\n<link rel=\"canonical\" href=\"https:\/\/tranthi.vn\/quangnam\/ngoi-lop-nha-dat-nung-22-vien-hoi-an-tam-ky-quang-nam\/\" \/>\n<meta property=\"og:locale\" content=\"vi_VN\" \/>\n<meta property=\"og:type\" content=\"article\" \/>\n<meta property=\"og:title\" content=\"Ng\u00f3i L\u1ee3p Nh\u00e0 \u0110\u1ea5t Nung( 22 vi\u00ean\/m)\" \/>\n<meta property=\"og:description\" content=\"Tr\u1ea7n Th\u1ecb l\u00e0 \u0111\u1ea1i l\u00fd Ng\u00f3i L\u1ee3p Nh\u00e0 \u0110\u1ea5t Nung T\u1ea1i Qu\u1ea3ng Nam ph\u1ee5c v\u1ee5 t\u1eadn ch\u00e2n c\u00f4ng tr\u00ecnh v\u1edbi gi\u00e1 r\u1ebb nh\u1ea5t th\u1ecb tr\u01b0\u1eddng, uy t\u00edn ch\u1ea5t l\u01b0\u1ee3ng\" \/>\n<meta property=\"og:url\" content=\"https:\/\/tranthi.vn\/quangnam\/ngoi-lop-nha-dat-nung-22-vien-hoi-an-tam-ky-quang-nam\/\" \/>\n<meta property=\"og:site_name\" content=\"V\u1eadt Li\u1ec7u X\u00e2y D\u1ef1ng Tr\u1ea7n Th\u1ecb Chi Nh\u00e1nh Qu\u1ea3ng Nam\" \/>\n<meta property=\"article:modified_time\" content=\"2024-11-18T06:20:32+00:00\" \/>\n<meta property=\"og:image\" content=\"https:\/\/tranthi.vn\/quangnam\/wp-content\/uploads\/2021\/02\/ngoi-lop-nha-quang-ninh-tai-da-nang_optimized.jpg\" \/>\n\t<meta property=\"og:image:width\" content=\"300\" \/>\n\t<meta property=\"og:image:height\" content=\"300\" \/>\n\t<meta property=\"og:image:type\" content=\"image\/jpeg\" \/>\n<meta name=\"twitter:card\" content=\"summary_large_image\" \/>\n<meta name=\"twitter:label1\" content=\"Gi\u00e1\" \/>\n\t<meta name=\"twitter:data1\" content=\"13,500&nbsp;&#8363;\" \/>\n\t<meta name=\"twitter:label2\" content=\"Kh\u1ea3 d\u1ee5ng\" \/>\n\t<meta name=\"twitter:data2\" content=\"Trong kho\" \/>\n<script type=\"application\/ld+json\" class=\"yoast-schema-graph\">{\"@context\":\"https:\/\/schema.org\",\"@graph\":[{\"@type\":[\"WebPage\",\"ItemPage\"],\"@id\":\"https:\/\/tranthi.vn\/quangnam\/ngoi-lop-nha-dat-nung-22-vien-hoi-an-tam-ky-quang-nam\/\",\"url\":\"https:\/\/tranthi.vn\/quangnam\/ngoi-lop-nha-dat-nung-22-vien-hoi-an-tam-ky-quang-nam\/\",\"name\":\"Ng\u00f3i L\u1ee3p Nh\u00e0 Qu\u1ea3ng Ninh T\u1ea1i Qu\u1ea3ng Nam-0947.335.871\",\"isPartOf\":{\"@id\":\"https:\/\/tranthi.vn\/quangnam\/#website\"},\"primaryImageOfPage\":{\"@id\":\"https:\/\/tranthi.vn\/quangnam\/ngoi-lop-nha-dat-nung-22-vien-hoi-an-tam-ky-quang-nam\/#primaryimage\"},\"image\":{\"@id\":\"https:\/\/tranthi.vn\/quangnam\/ngoi-lop-nha-dat-nung-22-vien-hoi-an-tam-ky-quang-nam\/#primaryimage\"},\"thumbnailUrl\":\"https:\/\/tranthi.vn\/quangnam\/wp-content\/uploads\/2021\/02\/ngoi-lop-nha-quang-ninh-tai-da-nang_optimized.jpg\",\"datePublished\":\"2021-02-17T01:33:01+00:00\",\"dateModified\":\"2024-11-18T06:20:32+00:00\",\"description\":\"Tr\u1ea7n Th\u1ecb l\u00e0 \u0111\u1ea1i l\u00fd Ng\u00f3i L\u1ee3p Nh\u00e0 \u0110\u1ea5t Nung T\u1ea1i Qu\u1ea3ng Nam ph\u1ee5c v\u1ee5 t\u1eadn ch\u00e2n c\u00f4ng tr\u00ecnh v\u1edbi gi\u00e1 r\u1ebb nh\u1ea5t th\u1ecb tr\u01b0\u1eddng, uy t\u00edn ch\u1ea5t l\u01b0\u1ee3ng\",\"breadcrumb\":{\"@id\":\"https:\/\/tranthi.vn\/quangnam\/ngoi-lop-nha-dat-nung-22-vien-hoi-an-tam-ky-quang-nam\/#breadcrumb\"},\"inLanguage\":\"vi\",\"potentialAction\":[{\"@type\":\"ReadAction\",\"target\":[\"https:\/\/tranthi.vn\/quangnam\/ngoi-lop-nha-dat-nung-22-vien-hoi-an-tam-ky-quang-nam\/\"]}]},{\"@type\":\"ImageObject\",\"inLanguage\":\"vi\",\"@id\":\"https:\/\/tranthi.vn\/quangnam\/ngoi-lop-nha-dat-nung-22-vien-hoi-an-tam-ky-quang-nam\/#primaryimage\",\"url\":\"https:\/\/tranthi.vn\/quangnam\/wp-content\/uploads\/2021\/02\/ngoi-lop-nha-quang-ninh-tai-da-nang_optimized.jpg\",\"contentUrl\":\"https:\/\/tranthi.vn\/quangnam\/wp-content\/uploads\/2021\/02\/ngoi-lop-nha-quang-ninh-tai-da-nang_optimized.jpg\",\"width\":300,\"height\":300},{\"@type\":\"BreadcrumbList\",\"@id\":\"https:\/\/tranthi.vn\/quangnam\/ngoi-lop-nha-dat-nung-22-vien-hoi-an-tam-ky-quang-nam\/#breadcrumb\",\"itemListElement\":[{\"@type\":\"ListItem\",\"position\":1,\"name\":\"Trang ch\u1ee7\",\"item\":\"https:\/\/tranthi.vn\/quangnam\/\"},{\"@type\":\"ListItem\",\"position\":2,\"name\":\"Shop\",\"item\":\"https:\/\/tranthi.vn\/quangnam\/shop\/\"},{\"@type\":\"ListItem\",\"position\":3,\"name\":\"Ng\u00f3i L\u1ee3p Nh\u00e0 \u0110\u1ea5t Nung( 22 vi\u00ean\/m)\"}]},{\"@type\":\"WebSite\",\"@id\":\"https:\/\/tranthi.vn\/quangnam\/#website\",\"url\":\"https:\/\/tranthi.vn\/quangnam\/\",\"name\":\"V\u1eadt Li\u1ec7u X\u00e2y D\u1ef1ng Tr\u1ea7n Th\u1ecb Chi Nh\u00e1nh Qu\u1ea3ng Nam\",\"description\":\"V\u1eadt Li\u1ec7u X\u00e2y D\u1ef1ng - Qu\u1ea3ng Nam\",\"potentialAction\":[{\"@type\":\"SearchAction\",\"target\":{\"@type\":\"EntryPoint\",\"urlTemplate\":\"https:\/\/tranthi.vn\/quangnam\/?s={search_term_string}\"},\"query-input\":\"required name=search_term_string\"}],\"inLanguage\":\"vi\"},{\"@type\":\"ImageObject\",\"inLanguage\":\"vi\",\"@id\":\"https:\/\/tranthi.vn\/quangnam\/ngoi-lop-nha-dat-nung-22-vien-hoi-an-tam-ky-quang-nam\/#local-main-organization-logo\",\"url\":\"\",\"contentUrl\":\"\",\"caption\":\"V\u1eadt Li\u1ec7u X\u00e2y D\u1ef1ng Tr\u1ea7n Th\u1ecb Chi Nh\u00e1nh Qu\u1ea3ng Nam\"}]}<\/script>\n<meta property=\"product:price:amount\" content=\"13500\" \/>\n<meta property=\"product:price:currency\" content=\"VND\" \/>\n<meta property=\"og:availability\" content=\"instock\" \/>\n<meta property=\"product:availability\" content=\"instock\" \/>\n<meta property=\"product:condition\" content=\"new\" \/>\n<!-- \/ Yoast SEO Premium plugin. -->","yoast_head_json":{"title":"Ng\u00f3i L\u1ee3p Nh\u00e0 Qu\u1ea3ng Ninh T\u1ea1i Qu\u1ea3ng Nam-0947.335.871","description":"Tr\u1ea7n Th\u1ecb l\u00e0 \u0111\u1ea1i l\u00fd Ng\u00f3i L\u1ee3p Nh\u00e0 \u0110\u1ea5t Nung T\u1ea1i Qu\u1ea3ng Nam ph\u1ee5c v\u1ee5 t\u1eadn ch\u00e2n c\u00f4ng tr\u00ecnh v\u1edbi gi\u00e1 r\u1ebb nh\u1ea5t th\u1ecb tr\u01b0\u1eddng, uy t\u00edn ch\u1ea5t l\u01b0\u1ee3ng","robots":{"index":"index","follow":"follow","max-snippet":"max-snippet:-1","max-image-preview":"max-image-preview:large","max-video-preview":"max-video-preview:-1"},"canonical":"https:\/\/tranthi.vn\/quangnam\/ngoi-lop-nha-dat-nung-22-vien-hoi-an-tam-ky-quang-nam\/","og_locale":"vi_VN","og_type":"article","og_title":"Ng\u00f3i L\u1ee3p Nh\u00e0 \u0110\u1ea5t Nung( 22 vi\u00ean\/m)","og_description":"Tr\u1ea7n Th\u1ecb l\u00e0 \u0111\u1ea1i l\u00fd Ng\u00f3i L\u1ee3p Nh\u00e0 \u0110\u1ea5t Nung T\u1ea1i Qu\u1ea3ng Nam ph\u1ee5c v\u1ee5 t\u1eadn ch\u00e2n c\u00f4ng tr\u00ecnh v\u1edbi gi\u00e1 r\u1ebb nh\u1ea5t th\u1ecb tr\u01b0\u1eddng, uy t\u00edn ch\u1ea5t l\u01b0\u1ee3ng","og_url":"https:\/\/tranthi.vn\/quangnam\/ngoi-lop-nha-dat-nung-22-vien-hoi-an-tam-ky-quang-nam\/","og_site_name":"V\u1eadt Li\u1ec7u X\u00e2y D\u1ef1ng Tr\u1ea7n Th\u1ecb Chi Nh\u00e1nh Qu\u1ea3ng Nam","article_modified_time":"2024-11-18T06:20:32+00:00","og_image":[{"width":300,"height":300,"url":"https:\/\/tranthi.vn\/quangnam\/wp-content\/uploads\/2021\/02\/ngoi-lop-nha-quang-ninh-tai-da-nang_optimized.jpg","type":"image\/jpeg"}],"twitter_card":"summary_large_image","twitter_misc":{"Gi\u00e1":"13,500&nbsp;&#8363;","Kh\u1ea3 d\u1ee5ng":"Trong kho"},"schema":{"@context":"https:\/\/schema.org","@graph":[{"@type":["WebPage","ItemPage"],"@id":"https:\/\/tranthi.vn\/quangnam\/ngoi-lop-nha-dat-nung-22-vien-hoi-an-tam-ky-quang-nam\/","url":"https:\/\/tranthi.vn\/quangnam\/ngoi-lop-nha-dat-nung-22-vien-hoi-an-tam-ky-quang-nam\/","name":"Ng\u00f3i L\u1ee3p Nh\u00e0 Qu\u1ea3ng Ninh T\u1ea1i Qu\u1ea3ng Nam-0947.335.871","isPartOf":{"@id":"https:\/\/tranthi.vn\/quangnam\/#website"},"primaryImageOfPage":{"@id":"https:\/\/tranthi.vn\/quangnam\/ngoi-lop-nha-dat-nung-22-vien-hoi-an-tam-ky-quang-nam\/#primaryimage"},"image":{"@id":"https:\/\/tranthi.vn\/quangnam\/ngoi-lop-nha-dat-nung-22-vien-hoi-an-tam-ky-quang-nam\/#primaryimage"},"thumbnailUrl":"https:\/\/tranthi.vn\/quangnam\/wp-content\/uploads\/2021\/02\/ngoi-lop-nha-quang-ninh-tai-da-nang_optimized.jpg","datePublished":"2021-02-17T01:33:01+00:00","dateModified":"2024-11-18T06:20:32+00:00","description":"Tr\u1ea7n Th\u1ecb l\u00e0 \u0111\u1ea1i l\u00fd Ng\u00f3i L\u1ee3p Nh\u00e0 \u0110\u1ea5t Nung T\u1ea1i Qu\u1ea3ng Nam ph\u1ee5c v\u1ee5 t\u1eadn ch\u00e2n c\u00f4ng tr\u00ecnh v\u1edbi gi\u00e1 r\u1ebb nh\u1ea5t th\u1ecb tr\u01b0\u1eddng, uy t\u00edn ch\u1ea5t l\u01b0\u1ee3ng","breadcrumb":{"@id":"https:\/\/tranthi.vn\/quangnam\/ngoi-lop-nha-dat-nung-22-vien-hoi-an-tam-ky-quang-nam\/#breadcrumb"},"inLanguage":"vi","potentialAction":[{"@type":"ReadAction","target":["https:\/\/tranthi.vn\/quangnam\/ngoi-lop-nha-dat-nung-22-vien-hoi-an-tam-ky-quang-nam\/"]}]},{"@type":"ImageObject","inLanguage":"vi","@id":"https:\/\/tranthi.vn\/quangnam\/ngoi-lop-nha-dat-nung-22-vien-hoi-an-tam-ky-quang-nam\/#primaryimage","url":"https:\/\/tranthi.vn\/quangnam\/wp-content\/uploads\/2021\/02\/ngoi-lop-nha-quang-ninh-tai-da-nang_optimized.jpg","contentUrl":"https:\/\/tranthi.vn\/quangnam\/wp-content\/uploads\/2021\/02\/ngoi-lop-nha-quang-ninh-tai-da-nang_optimized.jpg","width":300,"height":300},{"@type":"BreadcrumbList","@id":"https:\/\/tranthi.vn\/quangnam\/ngoi-lop-nha-dat-nung-22-vien-hoi-an-tam-ky-quang-nam\/#breadcrumb","itemListElement":[{"@type":"ListItem","position":1,"name":"Trang ch\u1ee7","item":"https:\/\/tranthi.vn\/quangnam\/"},{"@type":"ListItem","position":2,"name":"Shop","item":"https:\/\/tranthi.vn\/quangnam\/shop\/"},{"@type":"ListItem","position":3,"name":"Ng\u00f3i L\u1ee3p Nh\u00e0 \u0110\u1ea5t Nung( 22 vi\u00ean\/m)"}]},{"@type":"WebSite","@id":"https:\/\/tranthi.vn\/quangnam\/#website","url":"https:\/\/tranthi.vn\/quangnam\/","name":"V\u1eadt Li\u1ec7u X\u00e2y D\u1ef1ng Tr\u1ea7n Th\u1ecb Chi Nh\u00e1nh Qu\u1ea3ng Nam","description":"V\u1eadt Li\u1ec7u X\u00e2y D\u1ef1ng - Qu\u1ea3ng Nam","potentialAction":[{"@type":"SearchAction","target":{"@type":"EntryPoint","urlTemplate":"https:\/\/tranthi.vn\/quangnam\/?s={search_term_string}"},"query-input":"required name=search_term_string"}],"inLanguage":"vi"},{"@type":"ImageObject","inLanguage":"vi","@id":"https:\/\/tranthi.vn\/quangnam\/ngoi-lop-nha-dat-nung-22-vien-hoi-an-tam-ky-quang-nam\/#local-main-organization-logo","url":"","contentUrl":"","caption":"V\u1eadt Li\u1ec7u X\u00e2y D\u1ef1ng Tr\u1ea7n Th\u1ecb Chi Nh\u00e1nh Qu\u1ea3ng Nam"}]},"product_price_amount":"13500","product_price_currency":"VND","og_availability":"instock","product_availability":"instock","product_condition":"new"},"_links":{"self":[{"href":"https:\/\/tranthi.vn\/quangnam\/wp-json\/wp\/v2\/product\/1124","targetHints":{"allow":["GET"]}}],"collection":[{"href":"https:\/\/tranthi.vn\/quangnam\/wp-json\/wp\/v2\/product"}],"about":[{"href":"https:\/\/tranthi.vn\/quangnam\/wp-json\/wp\/v2\/types\/product"}],"replies":[{"embeddable":true,"href":"https:\/\/tranthi.vn\/quangnam\/wp-json\/wp\/v2\/comments?post=1124"}],"wp:featuredmedia":[{"embeddable":true,"href":"https:\/\/tranthi.vn\/quangnam\/wp-json\/wp\/v2\/media\/1123"}],"wp:attachment":[{"href":"https:\/\/tranthi.vn\/quangnam\/wp-json\/wp\/v2\/media?parent=1124"}],"wp:term":[{"taxonomy":"product_cat","embeddable":true,"href":"https:\/\/tranthi.vn\/quangnam\/wp-json\/wp\/v2\/product_cat?post=1124"},{"taxonomy":"product_tag","embeddable":true,"href":"https:\/\/tranthi.vn\/quangnam\/wp-json\/wp\/v2\/product_tag?post=1124"}],"curies":[{"name":"wp","href":"https:\/\/api.w.org\/{rel}","templated":true}]}}