{"id":1117,"date":"2021-02-17T08:32:55","date_gmt":"2021-02-17T08:32:55","guid":{"rendered":"http:\/\/new-tranthi.test\/san-pham\/tdn-gold58-140\/"},"modified":"2024-11-18T10:18:39","modified_gmt":"2024-11-18T03:18:39","slug":"gia-may-nuoc-nong-nang-luong-mat-troi-thai-duong-nang-hoi-an-tam-ky-quang-nam","status":"publish","type":"product","link":"https:\/\/tranthi.vn\/quangnam\/gia-may-nuoc-nong-nang-luong-mat-troi-thai-duong-nang-hoi-an-tam-ky-quang-nam\/","title":{"rendered":"B\u00ecnh n\u01b0\u1edbc n\u00f3ng TDN-140L"},"content":{"rendered":"<h1 style=\"text-align: center;\"><span style=\"font-family: 'times new roman', times, serif; font-size: 130%; color: #ff0000;\"><strong>M\u00e1y n\u01b0\u1edbc n\u00f3ng n\u0103ng l\u01b0\u1ee3ng m\u1eb7t tr\u1eddi Th\u00e1i D\u01b0\u01a1ng N\u0103ng H\u1ed9i An-Tam K\u1ef3-Qu\u1ea3ng Nam<\/strong><\/span><\/h1>\n<p><span style=\"font-family: 'times new roman', times, serif; font-size: 130%; color: #000000;\"><em><strong>M\u00e1y n\u01b0\u1edbc n\u00f3ng n\u0103ng l\u01b0\u1ee3ng m\u1eb7t tr\u1eddi <a href=\"https:\/\/thaiduongnang.com\/\">Th\u00e1i D\u01b0\u01a1ng<\/a><\/strong> <strong>N\u0103ng<\/strong><\/em> ho\u1ea1t \u0111\u1ed9ng theo nguy\u00ean t\u1eafc h\u1ea5p th\u1ee5 \u00e1nh n\u1eafng m\u1eb7t tr\u1eddi chuy\u1ec3n h\u00f3a th\u00e0nh n\u01b0\u1edbc n\u00f3ng, tr\u00ean th\u1ecb tr\u01b0\u1eddng <a href=\"https:\/\/vi.wikipedia.org\/wiki\/Qu%E1%BA%A3ng_Nam\">Qu\u1ea3ng Nam<\/a>\u00a0hi\u1ec7n nay c\u00f3 r\u1ea5t nhi\u1ec1u lo\u1ea1i m\u00e1y n\u01b0\u1edbc n\u00f3ng kh\u00e1c nhau \u0111\u01b0\u1ee3c ph\u00e2n theo c\u1ea5u t\u1ea1o v\u00e0 nguy\u00ean l\u00fd kh\u00e1c nhau. V\u1eady nh\u1eefng \u0111\u1eb7c \u0111i\u1ec3m n\u00e0o gi\u00fap<em> m\u00e1y n\u01b0\u1edbc n\u00f3ng Th\u00e1i D\u01b0\u01a1ng N\u0103ng <a href=\"https:\/\/www.sonha.com.vn\/\">S\u01a1n H\u00e0<\/a><\/em> x\u1ee9ng \u0111\u00e1ng \u0111\u1ec3 kh\u00e1ch h\u00e0ng s\u1eed d\u1ee5ng<\/span><\/p>\n<p style=\"text-align: center;\"><iframe loading=\"lazy\" src=\"\/\/www.youtube.com\/embed\/AwjvObLfW7g\" width=\"560\" height=\"314\" allowfullscreen=\"allowfullscreen\"><\/iframe><\/p>\n<h2><span style=\"font-family: 'times new roman', times, serif; font-size: 100%; color: #ff0000;\"><strong>1. C\u1ea4U T\u1ea0O M\u00c1Y N\u01af\u1edaC N\u00d3NG TH\u00c1I D\u01af\u01a0NG GOLD<\/strong><\/span><\/h2>\n<p>&nbsp;<\/p>\n<figure id=\"attachment_7825\" aria-describedby=\"caption-attachment-7825\" style=\"width: 328px\" class=\"wp-caption aligncenter\"><img loading=\"lazy\" decoding=\"async\" class=\" wp-image-7825\" src=\"https:\/\/tranthi.vn\/quangnam\/wp-content\/uploads\/2021\/02\/may-nuoc-nong-thai-duong-tai-tam-ky-hoi-an-quang-nam.png\" alt=\"m\u00e1y n\u01b0\u1edbc n\u00f3ng th\u00e1i d\u01b0\u01a1ng t\u1ea1i tam k\u1ef3- h\u1ed9i an- qu\u1ea3ng nam\" width=\"328\" height=\"328\" srcset=\"https:\/\/tranthi.vn\/quangnam\/wp-content\/uploads\/2021\/02\/may-nuoc-nong-thai-duong-tai-tam-ky-hoi-an-quang-nam.png 300w, https:\/\/tranthi.vn\/quangnam\/wp-content\/uploads\/2021\/02\/may-nuoc-nong-thai-duong-tai-tam-ky-hoi-an-quang-nam-100x100.png 100w\" sizes=\"auto, (max-width: 328px) 100vw, 328px\" \/><figcaption id=\"caption-attachment-7825\" class=\"wp-caption-text\">m\u00e1y n\u01b0\u1edbc n\u00f3ng th\u00e1i d\u01b0\u01a1ng t\u1ea1i tam k\u1ef3- h\u1ed9i an- qu\u1ea3ng nam<\/figcaption><\/figure>\n<p style=\"text-align: left;\"><span style=\"font-family: 'times new roman', times, serif; font-size: 130%; color: #000000;\">\u00a0 &#8211; Th\u00e1i d\u01b0\u01a1ng n\u0103ng Gold l\u00e0 s\u1ea3n ph\u1ea9m \u1ee9ng d\u1ee5ng c\u00f4ng ngh\u1ec7 ch\u00e2n kh\u00f4ng Hitech 5 l\u1edbp. D\u00f2ng n\u00e0y c\u00f3 kh\u1ea3 n\u0103ng h\u1ea5p thu nhi\u1ec7t l\u00ean \u0111\u1ebfn 99%.<\/span><br \/>\n<span style=\"font-family: 'times new roman', times, serif; font-size: 130%; color: #000000;\">\u00a0 &#8211; Th\u00e1i d\u01b0\u01a1ng n\u0103ng Gold c\u1ea5u t\u1ea1o \u1ed1ng g\u1ed3m 2 l\u1edbp. \u0110i\u1ec1u n\u00e0y l\u00e0m kh\u1ea3 n\u0103ng ch\u1ecbu va \u0111\u1eadp cao, b\u1ec1 m\u1eb7t b\u00ean trong \u1ed1ng tr\u00e1ng m\u00e0ng kim lo\u1ea1i v\u1edbi 3 l\u1edbp: L\u1edbp h\u1ea5p th\u1ee5 \u00e1nh n\u1eafng <a href=\"https:\/\/vi.wikipedia.org\/wiki\/N%C4%83ng_l%C6%B0%E1%BB%A3ng_M%E1%BA%B7t_Tr%E1%BB%9Di\"><em><strong>n\u0103ng l\u01b0\u1ee3ng m\u1eb7t tr\u1eddi<\/strong><\/em><\/a> nhi\u1ec7t, l\u1edbp ch\u1ed1ng t\u1ea3n nhi\u1ec7t, l\u1edbp truy\u1ec1n d\u1eabn nhi\u1ec7t. 3 l\u1edbp n\u00e0y s\u1ebd l\u00e0m <a href=\"https:\/\/vi.wikipedia.org\/wiki\/N%C6%B0%E1%BB%9Bc\"><strong><em>n\u01b0\u1edbc<\/em><\/strong><\/a> trong \u1ed1ng h\u1ea5p thu nhi\u1ec7t v\u00e0 <em><strong>n\u00f3ng<\/strong><\/em> l\u00ean.<\/span><\/p>\n<h2><span style=\"font-family: 'times new roman', times, serif; font-size: 100%; color: #ff0000;\"><strong>2. NGUY\u00caN L\u00dd HO\u1ea0T \u0110\u1ed8NG<\/strong><\/span><span style=\"font-family: 'times new roman', times, serif; font-size: 130%; color: #000000;\"><\/span><\/h2>\n<figure id=\"attachment_7826\" aria-describedby=\"caption-attachment-7826\" style=\"width: 329px\" class=\"wp-caption aligncenter\"><img loading=\"lazy\" decoding=\"async\" class=\" wp-image-7826\" src=\"https:\/\/tranthi.vn\/quangnam\/wp-content\/uploads\/2021\/02\/may-nuoc-nong-thai-duong-gold-tai-tam-ky-hoi-an-quang-nam.jpg\" alt=\"m\u00e1y n\u01b0\u1edbc n\u00f3ng th\u00e1i d\u01b0\u01a1ng t\u1ea1i tam k\u1ef3- h\u1ed9i an- qu\u1ea3ng nam\" width=\"329\" height=\"329\" srcset=\"https:\/\/tranthi.vn\/quangnam\/wp-content\/uploads\/2021\/02\/may-nuoc-nong-thai-duong-gold-tai-tam-ky-hoi-an-quang-nam.jpg 480w, https:\/\/tranthi.vn\/quangnam\/wp-content\/uploads\/2021\/02\/may-nuoc-nong-thai-duong-gold-tai-tam-ky-hoi-an-quang-nam-400x400.jpg 400w, https:\/\/tranthi.vn\/quangnam\/wp-content\/uploads\/2021\/02\/may-nuoc-nong-thai-duong-gold-tai-tam-ky-hoi-an-quang-nam-100x100.jpg 100w\" sizes=\"auto, (max-width: 329px) 100vw, 329px\" \/><figcaption id=\"caption-attachment-7826\" class=\"wp-caption-text\">m\u00e1y n\u01b0\u1edbc n\u00f3ng th\u00e1i d\u01b0\u01a1ng t\u1ea1i tam k\u1ef3- h\u1ed9i an- qu\u1ea3ng nam<\/figcaption><\/figure>\n<h2><span style=\"font-family: 'times new roman', times, serif; font-size: 130%; color: #000000;\">&#8211; <a href=\"https:\/\/vi.wikipedia.org\/wiki\/M%C3%A1y_m%C3%B3c\"><em><strong>M\u00e1y<\/strong><\/em><\/a> n\u01b0\u1edbc n\u00f3ng Th\u00e1i D\u01b0\u01a1ng N\u0103ng ho\u1ea1t \u0111\u1ed9ng d\u1ef1a theo nguy\u00ean l\u00ed \u0111\u1ed1i l\u01b0u nhi\u1ec7t t\u1ef1 nhi\u00ean b\u1eb1ng c\u00e1ch chuy\u1ec3n h\u00f3a quang n\u0103ng th\u00e0nh nhi\u1ec7t n\u0103ng \u0111\u1ec3 \u0111un s\u00f4i <strong>n\u01b0\u1edbc<\/strong>. \u0110\u1ea7u ti\u00ean, n\u01b0\u1edbc t\u1eeb\u00a0 ngu\u1ed3n c\u1ea5p ch\u1ea3y v\u00e0o b\u00ecnh b\u1ea3o \u00f4n xu\u1ed1ng \u1ed1ng ch\u00e2n kh\u00f4ng, t\u1ea1i \u0111\u00e2y n\u01b0\u1edbc s\u1ebd \u0111\u01b0\u1ee3c \u0111un s\u00f4i. Do<em> n\u01b0\u1edbc n\u00f3ng<\/em> c\u00f3 kh\u1ed1i l\u01b0\u1ee3ng ri\u00eang nh\u1ecf h\u01a1n n\u00ean chuy\u1ec3n \u0111\u1ed9ng l\u00ean tr\u00ean trong b\u00ecnh b\u1ea3o \u00f4n. Qu\u00e1 tr\u00ecnh n\u00e0y ti\u1ebfp di\u1ec5n tu\u1ea7n ho\u00e0n cho \u0111\u1ebfn khi <strong>n\u01b0\u1edbc n\u00f3ng<\/strong> \u0111\u1ea7y b\u00ecnh<\/span><\/h2>\n<p style=\"text-align: center;\"><iframe loading=\"lazy\" src=\"\/\/www.youtube.com\/embed\/vE1TVfd1ITA\" width=\"560\" height=\"314\" allowfullscreen=\"allowfullscreen\"><\/iframe><\/p>\n<h2><span style=\"font-family: 'times new roman', times, serif; font-size: 100%; color: #ff0000;\"><strong>3. \u01afU \u0110I\u1ec2M <em>M\u00c1Y N\u01af\u1edaC N\u00d3NG<\/em> TH\u00c1I D\u01af\u01a0NG<\/strong><\/span><\/h2>\n<p><span style=\"font-family: 'times new roman', times, serif; font-size: 130%; color: #000000;\"><strong>+\u00a0<\/strong>V\u1ecf v\u00e0 ru\u1ed9t b\u00ecnh \u0111\u01b0\u1ee3c s\u1ea3n xu\u1ea5t theo ti\u00eau chu\u1ea9n Ch\u00e2u \u00c2u, c\u00f3 \u0111\u1ed9 b\u1ec1n cao. \u0110\u01b0\u1ee3c l\u00e0m t\u1eeb Inox 304 cao c\u1ea5p, t\u1ea1o \u0111\u1ed9 b\u1ec1n v\u00e0 \u0111\u1ea3m b\u1ea3o v\u1ec7 sinh.<\/span><br \/>\n<span style=\"font-family: 'times new roman', times, serif; font-size: 130%; color: #000000;\">+ An to\u00e0n khi s\u1eed d\u1ee5ng:\u00a0s\u1ea3n ph\u1ea9m kh\u00f4ng s\u1eed d\u1ee5ng ngu\u1ed3n \u0111i\u1ec7n, kh\u00f4ng x\u1ea3y ra hi\u1ec7n t\u01b0\u1ee3ng ch\u00e1y n\u1ed5, ch\u1eadp \u0111i\u1ec7n.<\/span><br \/>\n<span style=\"font-family: 'times new roman', times, serif; font-size: 130%; color: #000000;\"><strong>+<\/strong>\u00a0 <strong><em>N\u0103ng l\u01b0\u1ee3ng m\u1eb7t tr\u1eddi<\/em><\/strong> th\u00e1i d\u01b0\u01a1ng n\u0103ng gold\u00a0 l\u00e0 n\u0103ng l\u01b0\u1ee3ng s\u1ea1ch, m\u00e1y ho\u00e0n to\u00e0n kh\u00f4ng c\u00f3 kh\u00ed th\u1ea3i ra m\u00f4i tr\u01b0\u1eddng.<\/span><br \/>\n<span style=\"font-family: 'times new roman', times, serif; font-size: 130%; color: #000000;\"><strong>+\u00a0 <em>Th\u00e1i D\u01b0\u01a1ng N\u0103ng<\/em> <\/strong>Gold \u00a0gi\u00fap b\u1ea1n ti\u1ebft ki\u1ec7m \u0111\u01b0\u1ee3c chi ph\u00ed v\u1ec1 ti\u1ec1n \u0111i\u1ec7n, ti\u1ec1n\u00a0 gas\u2026gi\u00fap n\u00e2ng cao ch\u1ea5t l\u01b0\u1ee3ng cu\u1ed9c s\u1ed1ng.\u00a0<\/span><\/p>\n<p>&nbsp;<\/p>\n","protected":false},"excerpt":{"rendered":"<p><span style=\"font-family: 'times new roman', times, serif; font-size: 130%;\"><strong><em>M\u00e1y n\u01b0\u1edbc n\u00f3ng th\u00e1i d\u01b0\u01a1ng n\u0103ng <\/em>gold 140L \u1ed1ng<\/strong><\/span><\/p>\n<p><span style=\"font-family: 'times new roman', times, serif; font-size: 130%;\">\ud83d\ude1b K\u00edch th\u01b0\u1edbc; 1260x1983x1304<\/span><\/p>\n<p><span style=\"font-family: 'times new roman', times, serif; font-size: 130%;\">\ud83d\ude1b \u0110\u01a1n v\u1ecb t\u00ednh: C\u00e1i<\/span><\/p>\n<p><span style=\"font-family: 'times new roman', times, serif; font-size: 130%;\">\ud83d\ude1b <span style=\"color: #d83131;\"><span style=\"color: #282828;\">\u0110\u01a1n gi\u00e1:<\/span> <strong><span style=\"color: #ed1c24;\">\u00a05.000.000\u0111\/C\u00e1i <\/span><\/strong><\/span><\/span><\/p>\n<p><span style=\"font-family: 'times new roman', times, serif; font-size: 130%;\">\ud83d\ude1bB\u1ea3o h\u00e0nh 7 n\u0103m<\/span><\/p>\n<p><span style=\"font-family: 'times new roman', times, serif; font-size: 130%;\">\ud83d\ude1b Giao h\u00e0ng trong \u0111\u1ecba b\u00e0n <a href=\"https:\/\/vi.wikipedia.org\/wiki\/Qu%E1%BA%A3ng_Nam\">Qu\u1ea3ng Nam<\/a><\/span><\/p>\n","protected":false},"featured_media":1116,"comment_status":"open","ping_status":"closed","template":"","meta":[],"product_cat":[86,87],"product_tag":[],"class_list":{"0":"post-1117","1":"product","2":"type-product","3":"status-publish","4":"has-post-thumbnail","6":"product_cat-may-nuoc-nong-thai-duong","7":"product_cat-thai-duong-nang-gold","9":"first","10":"instock","11":"sale","12":"shipping-taxable","13":"purchasable","14":"product-type-simple"},"yoast_head":"<!-- This site is optimized with the Yoast SEO Premium plugin v22.3 (Yoast SEO v22.8) - https:\/\/yoast.com\/wordpress\/plugins\/seo\/ -->\n<title>Gi\u00e1 m\u00e1y n\u01b0\u1edbc n\u00f3ng th\u00e1i d\u01b0\u01a1ng n\u0103ng t\u1ea1i Qu\u1ea3ng Nam-0947.335.871<\/title>\n<meta name=\"description\" content=\"Tr\u1ea7n Th\u1ecb l\u00e0 \u0111\u1ea1i l\u00fd m\u00e1y n\u01b0\u1edbc n\u00f3ng n\u0103ng l\u01b0\u1ee3ng m\u0103t tr\u1eddi t\u1ea1i \u0111\u00e0 n\u1eb5ng, ph\u1ee5c v\u1ee5 t\u1eadn ch\u00e2n c\u00f4ng tr\u00ecnh v\u1edbi gi\u00e1 r\u1ebb nh\u1ea5t th\u1ecb tr\u01b0\u1eddng Qu\u1ea3ng Nam\" \/>\n<meta name=\"robots\" content=\"index, follow, max-snippet:-1, max-image-preview:large, max-video-preview:-1\" \/>\n<link rel=\"canonical\" href=\"https:\/\/tranthi.vn\/quangnam\/gia-may-nuoc-nong-nang-luong-mat-troi-thai-duong-nang-hoi-an-tam-ky-quang-nam\/\" \/>\n<meta property=\"og:locale\" content=\"vi_VN\" \/>\n<meta property=\"og:type\" content=\"article\" \/>\n<meta property=\"og:title\" content=\"B\u00ecnh n\u01b0\u1edbc n\u00f3ng TDN-140L\" \/>\n<meta property=\"og:description\" content=\"Tr\u1ea7n Th\u1ecb l\u00e0 \u0111\u1ea1i l\u00fd m\u00e1y n\u01b0\u1edbc n\u00f3ng n\u0103ng l\u01b0\u1ee3ng m\u0103t tr\u1eddi t\u1ea1i \u0111\u00e0 n\u1eb5ng, ph\u1ee5c v\u1ee5 t\u1eadn ch\u00e2n c\u00f4ng tr\u00ecnh v\u1edbi gi\u00e1 r\u1ebb nh\u1ea5t th\u1ecb tr\u01b0\u1eddng Qu\u1ea3ng Nam\" \/>\n<meta property=\"og:url\" content=\"https:\/\/tranthi.vn\/quangnam\/gia-may-nuoc-nong-nang-luong-mat-troi-thai-duong-nang-hoi-an-tam-ky-quang-nam\/\" \/>\n<meta property=\"og:site_name\" content=\"V\u1eadt Li\u1ec7u X\u00e2y D\u1ef1ng Tr\u1ea7n Th\u1ecb Chi Nh\u00e1nh Qu\u1ea3ng Nam\" \/>\n<meta property=\"article:modified_time\" content=\"2024-11-18T03:18:39+00:00\" \/>\n<meta property=\"og:image\" content=\"https:\/\/tranthi.vn\/quangnam\/wp-content\/uploads\/2021\/02\/may-nuoc-nong-tai-duong-nang-gol-18-ong_optimized.jpg\" \/>\n\t<meta property=\"og:image:width\" content=\"480\" \/>\n\t<meta property=\"og:image:height\" content=\"480\" \/>\n\t<meta property=\"og:image:type\" content=\"image\/jpeg\" \/>\n<meta name=\"twitter:card\" content=\"summary_large_image\" \/>\n<meta name=\"twitter:label1\" content=\"Gi\u00e1\" \/>\n\t<meta name=\"twitter:data1\" content=\"5,000,000&nbsp;&#8363;\" \/>\n\t<meta name=\"twitter:label2\" content=\"Kh\u1ea3 d\u1ee5ng\" \/>\n\t<meta name=\"twitter:data2\" content=\"Trong kho\" \/>\n<script type=\"application\/ld+json\" class=\"yoast-schema-graph\">{\"@context\":\"https:\/\/schema.org\",\"@graph\":[{\"@type\":[\"WebPage\",\"ItemPage\"],\"@id\":\"https:\/\/tranthi.vn\/quangnam\/gia-may-nuoc-nong-nang-luong-mat-troi-thai-duong-nang-hoi-an-tam-ky-quang-nam\/\",\"url\":\"https:\/\/tranthi.vn\/quangnam\/gia-may-nuoc-nong-nang-luong-mat-troi-thai-duong-nang-hoi-an-tam-ky-quang-nam\/\",\"name\":\"Gi\u00e1 m\u00e1y n\u01b0\u1edbc n\u00f3ng th\u00e1i d\u01b0\u01a1ng n\u0103ng t\u1ea1i Qu\u1ea3ng Nam-0947.335.871\",\"isPartOf\":{\"@id\":\"https:\/\/tranthi.vn\/quangnam\/#website\"},\"primaryImageOfPage\":{\"@id\":\"https:\/\/tranthi.vn\/quangnam\/gia-may-nuoc-nong-nang-luong-mat-troi-thai-duong-nang-hoi-an-tam-ky-quang-nam\/#primaryimage\"},\"image\":{\"@id\":\"https:\/\/tranthi.vn\/quangnam\/gia-may-nuoc-nong-nang-luong-mat-troi-thai-duong-nang-hoi-an-tam-ky-quang-nam\/#primaryimage\"},\"thumbnailUrl\":\"https:\/\/tranthi.vn\/quangnam\/wp-content\/uploads\/2021\/02\/may-nuoc-nong-tai-duong-nang-gol-18-ong_optimized.jpg\",\"datePublished\":\"2021-02-17T08:32:55+00:00\",\"dateModified\":\"2024-11-18T03:18:39+00:00\",\"description\":\"Tr\u1ea7n Th\u1ecb l\u00e0 \u0111\u1ea1i l\u00fd m\u00e1y n\u01b0\u1edbc n\u00f3ng n\u0103ng l\u01b0\u1ee3ng m\u0103t tr\u1eddi t\u1ea1i \u0111\u00e0 n\u1eb5ng, ph\u1ee5c v\u1ee5 t\u1eadn ch\u00e2n c\u00f4ng tr\u00ecnh v\u1edbi gi\u00e1 r\u1ebb nh\u1ea5t th\u1ecb tr\u01b0\u1eddng Qu\u1ea3ng Nam\",\"breadcrumb\":{\"@id\":\"https:\/\/tranthi.vn\/quangnam\/gia-may-nuoc-nong-nang-luong-mat-troi-thai-duong-nang-hoi-an-tam-ky-quang-nam\/#breadcrumb\"},\"inLanguage\":\"vi\",\"potentialAction\":[{\"@type\":\"ReadAction\",\"target\":[\"https:\/\/tranthi.vn\/quangnam\/gia-may-nuoc-nong-nang-luong-mat-troi-thai-duong-nang-hoi-an-tam-ky-quang-nam\/\"]}]},{\"@type\":\"ImageObject\",\"inLanguage\":\"vi\",\"@id\":\"https:\/\/tranthi.vn\/quangnam\/gia-may-nuoc-nong-nang-luong-mat-troi-thai-duong-nang-hoi-an-tam-ky-quang-nam\/#primaryimage\",\"url\":\"https:\/\/tranthi.vn\/quangnam\/wp-content\/uploads\/2021\/02\/may-nuoc-nong-tai-duong-nang-gol-18-ong_optimized.jpg\",\"contentUrl\":\"https:\/\/tranthi.vn\/quangnam\/wp-content\/uploads\/2021\/02\/may-nuoc-nong-tai-duong-nang-gol-18-ong_optimized.jpg\",\"width\":480,\"height\":480},{\"@type\":\"BreadcrumbList\",\"@id\":\"https:\/\/tranthi.vn\/quangnam\/gia-may-nuoc-nong-nang-luong-mat-troi-thai-duong-nang-hoi-an-tam-ky-quang-nam\/#breadcrumb\",\"itemListElement\":[{\"@type\":\"ListItem\",\"position\":1,\"name\":\"Trang ch\u1ee7\",\"item\":\"https:\/\/tranthi.vn\/quangnam\/\"},{\"@type\":\"ListItem\",\"position\":2,\"name\":\"Shop\",\"item\":\"https:\/\/tranthi.vn\/quangnam\/shop\/\"},{\"@type\":\"ListItem\",\"position\":3,\"name\":\"B\u00ecnh n\u01b0\u1edbc n\u00f3ng TDN-140L\"}]},{\"@type\":\"WebSite\",\"@id\":\"https:\/\/tranthi.vn\/quangnam\/#website\",\"url\":\"https:\/\/tranthi.vn\/quangnam\/\",\"name\":\"V\u1eadt Li\u1ec7u X\u00e2y D\u1ef1ng Tr\u1ea7n Th\u1ecb Chi Nh\u00e1nh Qu\u1ea3ng Nam\",\"description\":\"V\u1eadt Li\u1ec7u X\u00e2y D\u1ef1ng - Qu\u1ea3ng Nam\",\"potentialAction\":[{\"@type\":\"SearchAction\",\"target\":{\"@type\":\"EntryPoint\",\"urlTemplate\":\"https:\/\/tranthi.vn\/quangnam\/?s={search_term_string}\"},\"query-input\":\"required name=search_term_string\"}],\"inLanguage\":\"vi\"},{\"@type\":\"ImageObject\",\"inLanguage\":\"vi\",\"@id\":\"https:\/\/tranthi.vn\/quangnam\/gia-may-nuoc-nong-nang-luong-mat-troi-thai-duong-nang-hoi-an-tam-ky-quang-nam\/#local-main-organization-logo\",\"url\":\"\",\"contentUrl\":\"\",\"caption\":\"V\u1eadt Li\u1ec7u X\u00e2y D\u1ef1ng Tr\u1ea7n Th\u1ecb Chi Nh\u00e1nh Qu\u1ea3ng Nam\"}]}<\/script>\n<meta property=\"product:price:amount\" content=\"5000000\" \/>\n<meta property=\"product:price:currency\" content=\"VND\" \/>\n<meta property=\"og:availability\" content=\"instock\" \/>\n<meta property=\"product:availability\" content=\"instock\" \/>\n<meta property=\"product:condition\" content=\"new\" \/>\n<!-- \/ Yoast SEO Premium plugin. -->","yoast_head_json":{"title":"Gi\u00e1 m\u00e1y n\u01b0\u1edbc n\u00f3ng th\u00e1i d\u01b0\u01a1ng n\u0103ng t\u1ea1i Qu\u1ea3ng Nam-0947.335.871","description":"Tr\u1ea7n Th\u1ecb l\u00e0 \u0111\u1ea1i l\u00fd m\u00e1y n\u01b0\u1edbc n\u00f3ng n\u0103ng l\u01b0\u1ee3ng m\u0103t tr\u1eddi t\u1ea1i \u0111\u00e0 n\u1eb5ng, ph\u1ee5c v\u1ee5 t\u1eadn ch\u00e2n c\u00f4ng tr\u00ecnh v\u1edbi gi\u00e1 r\u1ebb nh\u1ea5t th\u1ecb tr\u01b0\u1eddng Qu\u1ea3ng Nam","robots":{"index":"index","follow":"follow","max-snippet":"max-snippet:-1","max-image-preview":"max-image-preview:large","max-video-preview":"max-video-preview:-1"},"canonical":"https:\/\/tranthi.vn\/quangnam\/gia-may-nuoc-nong-nang-luong-mat-troi-thai-duong-nang-hoi-an-tam-ky-quang-nam\/","og_locale":"vi_VN","og_type":"article","og_title":"B\u00ecnh n\u01b0\u1edbc n\u00f3ng TDN-140L","og_description":"Tr\u1ea7n Th\u1ecb l\u00e0 \u0111\u1ea1i l\u00fd m\u00e1y n\u01b0\u1edbc n\u00f3ng n\u0103ng l\u01b0\u1ee3ng m\u0103t tr\u1eddi t\u1ea1i \u0111\u00e0 n\u1eb5ng, ph\u1ee5c v\u1ee5 t\u1eadn ch\u00e2n c\u00f4ng tr\u00ecnh v\u1edbi gi\u00e1 r\u1ebb nh\u1ea5t th\u1ecb tr\u01b0\u1eddng Qu\u1ea3ng Nam","og_url":"https:\/\/tranthi.vn\/quangnam\/gia-may-nuoc-nong-nang-luong-mat-troi-thai-duong-nang-hoi-an-tam-ky-quang-nam\/","og_site_name":"V\u1eadt Li\u1ec7u X\u00e2y D\u1ef1ng Tr\u1ea7n Th\u1ecb Chi Nh\u00e1nh Qu\u1ea3ng Nam","article_modified_time":"2024-11-18T03:18:39+00:00","og_image":[{"width":480,"height":480,"url":"https:\/\/tranthi.vn\/quangnam\/wp-content\/uploads\/2021\/02\/may-nuoc-nong-tai-duong-nang-gol-18-ong_optimized.jpg","type":"image\/jpeg"}],"twitter_card":"summary_large_image","twitter_misc":{"Gi\u00e1":"5,000,000&nbsp;&#8363;","Kh\u1ea3 d\u1ee5ng":"Trong kho"},"schema":{"@context":"https:\/\/schema.org","@graph":[{"@type":["WebPage","ItemPage"],"@id":"https:\/\/tranthi.vn\/quangnam\/gia-may-nuoc-nong-nang-luong-mat-troi-thai-duong-nang-hoi-an-tam-ky-quang-nam\/","url":"https:\/\/tranthi.vn\/quangnam\/gia-may-nuoc-nong-nang-luong-mat-troi-thai-duong-nang-hoi-an-tam-ky-quang-nam\/","name":"Gi\u00e1 m\u00e1y n\u01b0\u1edbc n\u00f3ng th\u00e1i d\u01b0\u01a1ng n\u0103ng t\u1ea1i Qu\u1ea3ng Nam-0947.335.871","isPartOf":{"@id":"https:\/\/tranthi.vn\/quangnam\/#website"},"primaryImageOfPage":{"@id":"https:\/\/tranthi.vn\/quangnam\/gia-may-nuoc-nong-nang-luong-mat-troi-thai-duong-nang-hoi-an-tam-ky-quang-nam\/#primaryimage"},"image":{"@id":"https:\/\/tranthi.vn\/quangnam\/gia-may-nuoc-nong-nang-luong-mat-troi-thai-duong-nang-hoi-an-tam-ky-quang-nam\/#primaryimage"},"thumbnailUrl":"https:\/\/tranthi.vn\/quangnam\/wp-content\/uploads\/2021\/02\/may-nuoc-nong-tai-duong-nang-gol-18-ong_optimized.jpg","datePublished":"2021-02-17T08:32:55+00:00","dateModified":"2024-11-18T03:18:39+00:00","description":"Tr\u1ea7n Th\u1ecb l\u00e0 \u0111\u1ea1i l\u00fd m\u00e1y n\u01b0\u1edbc n\u00f3ng n\u0103ng l\u01b0\u1ee3ng m\u0103t tr\u1eddi t\u1ea1i \u0111\u00e0 n\u1eb5ng, ph\u1ee5c v\u1ee5 t\u1eadn ch\u00e2n c\u00f4ng tr\u00ecnh v\u1edbi gi\u00e1 r\u1ebb nh\u1ea5t th\u1ecb tr\u01b0\u1eddng Qu\u1ea3ng Nam","breadcrumb":{"@id":"https:\/\/tranthi.vn\/quangnam\/gia-may-nuoc-nong-nang-luong-mat-troi-thai-duong-nang-hoi-an-tam-ky-quang-nam\/#breadcrumb"},"inLanguage":"vi","potentialAction":[{"@type":"ReadAction","target":["https:\/\/tranthi.vn\/quangnam\/gia-may-nuoc-nong-nang-luong-mat-troi-thai-duong-nang-hoi-an-tam-ky-quang-nam\/"]}]},{"@type":"ImageObject","inLanguage":"vi","@id":"https:\/\/tranthi.vn\/quangnam\/gia-may-nuoc-nong-nang-luong-mat-troi-thai-duong-nang-hoi-an-tam-ky-quang-nam\/#primaryimage","url":"https:\/\/tranthi.vn\/quangnam\/wp-content\/uploads\/2021\/02\/may-nuoc-nong-tai-duong-nang-gol-18-ong_optimized.jpg","contentUrl":"https:\/\/tranthi.vn\/quangnam\/wp-content\/uploads\/2021\/02\/may-nuoc-nong-tai-duong-nang-gol-18-ong_optimized.jpg","width":480,"height":480},{"@type":"BreadcrumbList","@id":"https:\/\/tranthi.vn\/quangnam\/gia-may-nuoc-nong-nang-luong-mat-troi-thai-duong-nang-hoi-an-tam-ky-quang-nam\/#breadcrumb","itemListElement":[{"@type":"ListItem","position":1,"name":"Trang ch\u1ee7","item":"https:\/\/tranthi.vn\/quangnam\/"},{"@type":"ListItem","position":2,"name":"Shop","item":"https:\/\/tranthi.vn\/quangnam\/shop\/"},{"@type":"ListItem","position":3,"name":"B\u00ecnh n\u01b0\u1edbc n\u00f3ng TDN-140L"}]},{"@type":"WebSite","@id":"https:\/\/tranthi.vn\/quangnam\/#website","url":"https:\/\/tranthi.vn\/quangnam\/","name":"V\u1eadt Li\u1ec7u X\u00e2y D\u1ef1ng Tr\u1ea7n Th\u1ecb Chi Nh\u00e1nh Qu\u1ea3ng Nam","description":"V\u1eadt Li\u1ec7u X\u00e2y D\u1ef1ng - Qu\u1ea3ng Nam","potentialAction":[{"@type":"SearchAction","target":{"@type":"EntryPoint","urlTemplate":"https:\/\/tranthi.vn\/quangnam\/?s={search_term_string}"},"query-input":"required name=search_term_string"}],"inLanguage":"vi"},{"@type":"ImageObject","inLanguage":"vi","@id":"https:\/\/tranthi.vn\/quangnam\/gia-may-nuoc-nong-nang-luong-mat-troi-thai-duong-nang-hoi-an-tam-ky-quang-nam\/#local-main-organization-logo","url":"","contentUrl":"","caption":"V\u1eadt Li\u1ec7u X\u00e2y D\u1ef1ng Tr\u1ea7n Th\u1ecb Chi Nh\u00e1nh Qu\u1ea3ng Nam"}]},"product_price_amount":"5000000","product_price_currency":"VND","og_availability":"instock","product_availability":"instock","product_condition":"new"},"_links":{"self":[{"href":"https:\/\/tranthi.vn\/quangnam\/wp-json\/wp\/v2\/product\/1117","targetHints":{"allow":["GET"]}}],"collection":[{"href":"https:\/\/tranthi.vn\/quangnam\/wp-json\/wp\/v2\/product"}],"about":[{"href":"https:\/\/tranthi.vn\/quangnam\/wp-json\/wp\/v2\/types\/product"}],"replies":[{"embeddable":true,"href":"https:\/\/tranthi.vn\/quangnam\/wp-json\/wp\/v2\/comments?post=1117"}],"wp:featuredmedia":[{"embeddable":true,"href":"https:\/\/tranthi.vn\/quangnam\/wp-json\/wp\/v2\/media\/1116"}],"wp:attachment":[{"href":"https:\/\/tranthi.vn\/quangnam\/wp-json\/wp\/v2\/media?parent=1117"}],"wp:term":[{"taxonomy":"product_cat","embeddable":true,"href":"https:\/\/tranthi.vn\/quangnam\/wp-json\/wp\/v2\/product_cat?post=1117"},{"taxonomy":"product_tag","embeddable":true,"href":"https:\/\/tranthi.vn\/quangnam\/wp-json\/wp\/v2\/product_tag?post=1117"}],"curies":[{"name":"wp","href":"https:\/\/api.w.org\/{rel}","templated":true}]}}