{"id":1097,"date":"2021-02-17T07:32:27","date_gmt":"2021-02-17T00:32:27","guid":{"rendered":"http:\/\/new-tranthi.test\/san-pham\/guong-soi-chu-nhat-vien-da-gb05\/"},"modified":"2024-11-15T10:41:07","modified_gmt":"2024-11-15T03:41:07","slug":"gia-guong-soi-toan-than-tai-hoi-an-tam-ky-quang-nam","status":"publish","type":"product","link":"https:\/\/tranthi.vn\/quangnam\/gia-guong-soi-toan-than-tai-hoi-an-tam-ky-quang-nam\/","title":{"rendered":"G\u01b0\u01a1ng Vi\u1ec1n Da 500&#215;1500-AT"},"content":{"rendered":"<h1 style=\"text-align: center;\"><span style=\"font-size: 130%;\"><span style=\"color: #ff0000;\"><strong><span style=\"font-family: 'times new roman', times, serif;\">GI\u00c1 G\u01af\u01a0NG SOI TO\u00c0N TH\u00c2N T\u1ea0I <\/span><\/strong><\/span><strong><span style=\"font-family: 'times new roman', times, serif; color: #ff0000;\">H\u1ed8I AN-TAM K\u1ef2-QU\u1ea2NG NAM<\/span><\/strong><\/span><\/h1>\n<p><span style=\"font-family: 'times new roman', times, serif; font-size: 130%; color: #000000;\">G\u01b0\u01a1ng soi to\u00e0n th\u00e2n l\u00e0 lo\u1ea1i g\u01b0\u01a1ng c\u00f3 size l\u1edbn th\u01b0\u1eddng treo l\u00ean t\u01b0\u1eddng ho\u1eb7c l\u00e0m ch\u00e2n d\u1ef1a, t\u1ea1i <strong><em><a href=\"https:\/\/vi.wikipedia.org\/wiki\/Qu%E1%BA%A3ng_Nam\">Qu\u1ea3ng Nam<\/a>\u00a0gi\u00e1 g\u01b0\u01a1ng to\u00e0n th\u00e2n<\/em><\/strong> s\u1ebd ph\u1ee5 thu\u1ed9c v\u00e0o k\u00edch th\u01b0\u1edbc. Nh\u1eefng m\u1eabu g\u01b0\u01a1ng to\u00e0n th\u00e2n v\u00f4 c\u00f9ng ti\u1ec7n l\u1ee3i \u0111\u1eb7c bi\u1ec7t trong ng\u00e0nh th\u1eddi trang bu\u00f4n b\u00e1n qu\u1ea7n \u00e1o<\/span><\/p>\n<figure id=\"attachment_7754\" aria-describedby=\"caption-attachment-7754\" style=\"width: 363px\" class=\"wp-caption aligncenter\"><img loading=\"lazy\" decoding=\"async\" class=\" wp-image-7754\" src=\"https:\/\/tranthi.vn\/quangnam\/wp-content\/uploads\/2021\/02\/guong-toan-than-tai-tam-ky-hoi-an-quang-nam.jpg\" alt=\"g\u01b0\u01a1ng to\u00e0n th\u00e2n t\u1ea1i tam k\u1ef3- h\u1ed9i an- qu\u1ea3ng nam\" width=\"363\" height=\"363\" srcset=\"https:\/\/tranthi.vn\/quangnam\/wp-content\/uploads\/2021\/02\/guong-toan-than-tai-tam-ky-hoi-an-quang-nam.jpg 630w, https:\/\/tranthi.vn\/quangnam\/wp-content\/uploads\/2021\/02\/guong-toan-than-tai-tam-ky-hoi-an-quang-nam-400x400.jpg 400w, https:\/\/tranthi.vn\/quangnam\/wp-content\/uploads\/2021\/02\/guong-toan-than-tai-tam-ky-hoi-an-quang-nam-100x100.jpg 100w\" sizes=\"auto, (max-width: 363px) 100vw, 363px\" \/><figcaption id=\"caption-attachment-7754\" class=\"wp-caption-text\">g\u01b0\u01a1ng to\u00e0n th\u00e2n t\u1ea1i tam k\u1ef3- h\u1ed9i an- qu\u1ea3ng nam<\/figcaption><\/figure>\n<h2><span style=\"color: #ff0000; font-size: 130%;\"><strong><span style=\"font-family: 'times new roman', times, serif;\">1. G\u01af\u01a0NG TO\u00c0N TH\u00c2N C\u00d3 K\u00cdCH TH\u01af\u1edaC BAO NHI\u00caU<\/span><\/strong><\/span><\/h2>\n<p><span style=\"font-family: 'times new roman', times, serif; font-size: 130%; color: #000000;\">T\u00f9y thu\u1ed9c v\u00e0o kh\u00f4ng gian v\u00e0 nhu c\u1ea7u s\u1eed d\u1ee5ng m\u00e0 kh\u00e1ch h\u00e0ng s\u1ebd l\u1ef1a ch\u1ecdn g\u01b0\u01a1ng c\u00f3 k\u00edch th\u01b0\u1edbc ph\u00f9 h\u1ee3p, \u0111\u1ec3 c\u00f3 th\u1ec3 soi \u0111\u01b0\u1ee3c to\u00e0n th\u00e2n th\u00ec k\u00edch th\u01b0\u1edbc g\u01b0\u01a1ng s\u1ebd t\u1eeb<\/span><\/p>\n<p><span style=\"font-family: 'times new roman', times, serif; font-size: 130%; color: #000000;\">Chi\u1ec1u cao: 1m6, 1m7, 1m8<\/span><\/p>\n<p><span style=\"font-family: 'times new roman', times, serif; font-size: 130%; color: #000000;\">Chi\u1ec1u ngang: 60cm, 80cm, 90cm<\/span><\/p>\n<p><span style=\"font-family: 'times new roman', times, serif; font-size: 130%; color: #000000;\">K\u00edch th\u01b0\u1edbc g\u01b0\u01a1ng c\u00e0ng to th\u00ec di\u1ec7n t\u00edch soi \u0111\u01b0\u1ee3c c\u00e0ng r\u1ed9ng c\u00e0ng \u0111\u1eb9p \u0111i k\u00e8m v\u1edbi \u0111\u00f3 th\u00ec s\u1ebd chi\u1ebfm nhi\u1ec1u di\u1ec7n t\u00edch h\u01a1n<\/span><\/p>\n<figure id=\"attachment_7755\" aria-describedby=\"caption-attachment-7755\" style=\"width: 359px\" class=\"wp-caption aligncenter\"><img loading=\"lazy\" decoding=\"async\" class=\" wp-image-7755\" src=\"https:\/\/tranthi.vn\/quangnam\/wp-content\/uploads\/2021\/02\/guong-toan-than-tai-tam-ky-hoi-an-quang-nam-1.jpg\" alt=\"g\u01b0\u01a1ng to\u00e0n th\u00e2n t\u1ea1i tam k\u1ef3- h\u1ed9i an- qu\u1ea3ng nam\" width=\"359\" height=\"359\" srcset=\"https:\/\/tranthi.vn\/quangnam\/wp-content\/uploads\/2021\/02\/guong-toan-than-tai-tam-ky-hoi-an-quang-nam-1.jpg 500w, https:\/\/tranthi.vn\/quangnam\/wp-content\/uploads\/2021\/02\/guong-toan-than-tai-tam-ky-hoi-an-quang-nam-1-400x400.jpg 400w, https:\/\/tranthi.vn\/quangnam\/wp-content\/uploads\/2021\/02\/guong-toan-than-tai-tam-ky-hoi-an-quang-nam-1-100x100.jpg 100w\" sizes=\"auto, (max-width: 359px) 100vw, 359px\" \/><figcaption id=\"caption-attachment-7755\" class=\"wp-caption-text\">g\u01b0\u01a1ng to\u00e0n th\u00e2n t\u1ea1i tam k\u1ef3- h\u1ed9i an- qu\u1ea3ng nam<\/figcaption><\/figure>\n<p><span style=\"font-family: 'times new roman', times, serif; font-size: 130%; color: #000000;\">Th\u00f4ng th\u01b0\u1eddng nh\u1eefng chi\u1ebfc g\u01b0\u01a1ng soi to\u00e0n th\u00e2n s\u1ebd c\u00f3 gi\u00e1 h\u01a1i cao n\u00ean nhi\u1ec1u kh\u00e1ch h\u00e0ng s\u1ebd l\u1ef1a ch\u1ecdn mua nh\u1eefng t\u1ea5m g\u01b0\u01a1ng d\u1ea1ng to ch\u1ec9 g\u1ed3m 1 t\u1ea5m k\u00ednh \u0111\u01b0\u1ee3c m\u00e0i c\u1ea1nh. V\u1edbi c\u00e1ch n\u00e0y th\u00ec gi\u00e1 th\u00e0nh r\u1ebb nh\u01b0ng l\u1ea1i kh\u00f4ng \u0111\u01b0\u1ee3c an to\u00e0n, g\u01b0\u01a1ng to n\u00ean s\u1ebd d\u1ec5 v\u1ee1 n\u1ebfu ch\u1ecdn ph\u01b0\u01a1ng \u00e1n \u0111\u00f3 th\u00ec b\u1ea1n ch\u1ec9 n\u00ean b\u1eaft g\u01b0\u01a1ng c\u1ed1 \u0111\u1ecbnh v\u00e0o t\u01b0\u1eddng \u0111\u1ec3 \u0111\u1ea3m b\u1ea3o an to\u00e0n<\/span><\/p>\n<h2><span style=\"font-size: 130%;\"><strong><span style=\"font-family: 'times new roman', times, serif; color: #ff0000;\">2. G\u01af\u01a0NG SOI TO\u00c0N TH\u00c2N C\u00d3 M\u1ea4Y LO\u1ea0I<\/span><\/strong><\/span><\/h2>\n<h3><span style=\"font-size: 130%;\"><strong><span style=\"font-family: 'times new roman', times, serif; color: #000000;\">a: G\u01b0\u01a1ng soi c\u00f3 ch\u00e2n<\/span><\/strong><\/span><\/h3>\n<p><span style=\"font-family: 'times new roman', times, serif; font-size: 130%; color: #000000;\">S\u1ebd g\u1ed3m 1 t\u1ea5m g\u01b0\u01a1ng l\u1edbn v\u00e0 1 ch\u00e2n \u0111\u1ebf d\u1ef1a g\u01b0\u01a1ng, lo\u1ea1i n\u00e0y ph\u1ee5 h\u1ee3p cho nh\u1eefng b\u1ea1n hay duy chuy\u1ec3n g\u01b0\u01a1ng \u0111\u1ec3 thay \u0111\u1ed5i g\u00f3c ch\u1ee5p tuy nhi\u00ean h\u01a1i chi\u1ebfm nhi\u1ec1u di\u1ec7n t\u00edch<\/span><\/p>\n<p><span style=\"font-size: 130%;\"><img loading=\"lazy\" decoding=\"async\" class=\"alignnone wp-image-4387 aligncenter\" src=\"https:\/\/tranthi.vn\/quangnam\/wp-content\/uploads\/2021\/02\/phan-chan-de-guong_optimized.jpg\" alt=\"\" width=\"332\" height=\"332\" srcset=\"https:\/\/tranthi.vn\/quangnam\/wp-content\/uploads\/2021\/02\/phan-chan-de-guong_optimized.jpg 500w, https:\/\/tranthi.vn\/quangnam\/wp-content\/uploads\/2021\/02\/phan-chan-de-guong_optimized-400x400.jpg 400w, https:\/\/tranthi.vn\/quangnam\/wp-content\/uploads\/2021\/02\/phan-chan-de-guong_optimized-100x100.jpg 100w\" sizes=\"auto, (max-width: 332px) 100vw, 332px\" \/><\/span><\/p>\n<p style=\"text-align: center;\"><span style=\"color: #008080; font-size: 130%;\"><strong><em><span style=\"font-family: 'times new roman', times, serif;\">Ph\u1ea7n ch\u00e2n \u0111\u1ee3 ph\u00eda sau g\u01b0\u01a1ng<\/span><\/em><\/strong><\/span><\/p>\n<h3><span style=\"font-size: 130%;\"><strong><span style=\"font-family: 'times new roman', times, serif; color: #000000;\">b: G\u01b0\u01a1ng soi c\u1ed1 \u0111\u1ecbnh v\u00e0o t\u01b0\u1eddng<\/span><\/strong><\/span><\/h3>\n<p><span style=\"font-family: 'times new roman', times, serif; font-size: 130%; color: #000000;\">Lo\u1ea1i n\u00e0y th\u00ec ti\u1ebft ki\u1ec7m di\u1ec7n t\u00edch h\u01a1n, t\u1ea5m g\u01b0\u01a1ng s\u1ebd \u0111\u01b0\u1ee3c treo v\u00e0o t\u01b0\u1eddng c\u1ed1 \u0111\u1ecbnh v\u00e0 ch\u1eafc ch\u1eafn. G\u01b0\u01a1ng \u0111\u01b0\u1ee3c c\u1ed1 \u0111\u1ecbnh n\u00ean vi\u1ec7c di chuy\u1ec3n th\u01b0\u1eddng xuy\u00ean kh\u00e1 b\u1ea5t ti\u1ec7n<\/span><\/p>\n<h3><span style=\"font-size: 130%;\"><strong><span style=\"font-family: 'times new roman', times, serif; color: #000000;\">c: G\u01b0\u01a1ng soi c\u00f3 d\u00e2y treo<\/span><\/strong><\/span><\/h3>\n<p><span style=\"font-family: 'times new roman', times, serif; font-size: 130%; color: #000000;\">Lo\u1ea1i n\u00e0y th\u01b0\u1eddng \u0111\u01b0\u1ee3c l\u00e0m d\u1ea1ng vi\u1ec1n da n\u00f3 kh\u00f4ng \u0111\u01b0\u1ee3c c\u1ed1 \u0111\u1ecbnh v\u00e0o tr\u01b0\u1eddng m\u00e0 s\u1ebd \u0111\u01b0\u1ee3c treo l\u00ean 1 v\u1ecb tr\u00ed n\u00e0o m\u00ecnh mu\u1ed1n, lo\u1ea1i n\u00e0o v\u1eeba ti\u1ebft ki\u1ec7m di\u1ec7n t\u00edch v\u00e0 c\u0169ng d\u1ec5 di chuy\u1ec3n khi b\u1ea1n c\u1ea7n, Tuy nhi\u00ean v\u1ecb tr\u00ed treo ph\u1ea3i \u0111\u01b0\u1ee3c c\u1ed1 \u0111\u1ecbnh ch\u1eafc ch\u1eafn v\u00ec g\u01b0\u01a1ng kh\u1ed5 l\u1edbn kh\u00e1 n\u1eb7ng n\u1ebfu r\u01a1i v\u1ee1 s\u1ebd nguy hi\u1ec3m<\/span><\/p>\n<h2><span style=\"font-size: 130%;\"><strong><span style=\"font-family: 'times new roman', times, serif; color: #ff0000;\">3. T\u1ea0I QU\u1ea2NG NAM MUA G\u01af\u01a0NG SOI TO\u00c0N TH\u00c2N \u1ede \u0110\u00c2U<\/span><\/strong><\/span><\/h2>\n<p><span style=\"font-family: 'times new roman', times, serif; font-size: 130%; color: #000000;\">Tr\u1ea7n Th\u1ecb \u0111\u01a1n v\u1ecb cung c\u1ea5p <strong><em>g\u01b0\u01a1ng soi to\u00e0n th\u00e2n<\/em><\/strong> ch\u1ea5t l\u01b0\u1ee3ng <strong><em>gi\u00e1<\/em><\/strong> th\u00e0nh h\u1ee3p l\u00fd <strong><em>t\u1ea1i <a href=\"https:\/\/vi.wikipedia.org\/wiki\/Qu%E1%BA%A3ng_Nam\">Qu\u1ea3ng Nam<\/a><\/em><\/strong>, c\u00e1c s\u1ea3n ph\u1ea9m \u0111\u1ec1u \u0111\u01b0\u1ee3c l\u00e0m tr\u1ef1c ti\u1ebfp n\u00ean lu\u00f4n \u0111\u1ea3m b\u1ea3o ch\u1ea5t l\u01b0\u1ee3ng v\u00e0 ch\u00ednh s\u00e1ch b\u1ea3o h\u00e0nh hi\u1ec7u qu\u1ea3<\/span><\/p>\n<p><span style=\"font-family: 'times new roman', times, serif; font-size: 130%; color: #000000;\">K\u00ednh Vi\u1ec7t &#8211; Nh\u1eadt v\u1edbi \u0111\u1ed9 d\u00e0i 4li ho\u1eb7c 5 li t\u00f9y y\u00eau c\u1ea7u c\u1ee7a kh\u00e1ch h\u00e0ng<\/span><\/p>\n<p><span style=\"font-family: 'times new roman', times, serif; font-size: 130%; color: #000000;\">Vi\u1ec1n nh\u00f4m s\u00e1ng b\u00f3ng kh\u00f4ng g\u1ec9 v\u1edbi \u0111a d\u1ea1ng m\u00e0u s\u1eafc \u0111en &#8211; b\u1ea1c &#8211; h\u1ed3ng &#8211; v\u00e0ng<\/span><\/p>\n<p><span style=\"font-size: 130%;\"><img loading=\"lazy\" decoding=\"async\" class=\"wp-image-4311 aligncenter\" src=\"https:\/\/tranthi.vn\/quangnam\/wp-content\/uploads\/2022\/05\/gia-guog-vien-tinh-dien-tai-da-nang_optimized.jpg\" alt=\"\" width=\"397\" height=\"397\" srcset=\"https:\/\/tranthi.vn\/quangnam\/wp-content\/uploads\/2022\/05\/gia-guog-vien-tinh-dien-tai-da-nang_optimized.jpg 500w, https:\/\/tranthi.vn\/quangnam\/wp-content\/uploads\/2022\/05\/gia-guog-vien-tinh-dien-tai-da-nang_optimized-400x400.jpg 400w, https:\/\/tranthi.vn\/quangnam\/wp-content\/uploads\/2022\/05\/gia-guog-vien-tinh-dien-tai-da-nang_optimized-100x100.jpg 100w\" sizes=\"auto, (max-width: 397px) 100vw, 397px\" \/><\/span><\/p>\n<p><span style=\"font-family: 'times new roman', times, serif; font-size: 130%; color: #000000;\">Vi\u1ec1n da cao c\u1ea5p kh\u00f4ng b\u1ecb g\u00e3y b\u1ecb bung n\u1edf khi ng\u1ea5m n\u01b0\u1edbc v\u1edbi c\u00e1c m\u00e0u n\u00e2u &#8211; da b\u00f2 &#8211; \u0111en &#8211; tr\u1eafng<\/span><\/p>\n<p><span style=\"font-family: 'times new roman', times, serif; font-size: 130%; color: #000000;\">Ngo\u00e0i ra Tr\u1ea7n Th\u1ecb c\u00f2n nh\u1eadn s\u1ea3n xu\u1ea5t g\u01b0\u01a1ng theo m\u1eabu v\u00e0 k\u00edch th\u01b0\u1edbc y\u00eau c\u1ea7u c\u1ee7a kh\u00e1ch h\u00e0ng\u00a0<\/span><\/p>\n<p><span style=\"font-family: 'times new roman', times, serif; font-size: 130%; color: #000000;\">Li\u00ean h\u1ec7 hotline\/zalo: 0903.595.049 \u0111\u1ec3 \u0111\u01b0\u1ee3c t\u01b0 v\u1ea5n v\u00e0 b\u00e1o gi\u00e1<\/span><\/p>\n<p><span style=\"font-family: 'times new roman', times, serif; font-size: 130%; color: #000000;\">\u0110\u1ecba ch\u1ec9: 306 L\u00ea V\u0103n Hi\u1ebfn &#8211; Qu\u1eadn Ng\u0169 H\u00e0nh S\u01a1n &#8211; \u0110\u00e0 N\u1eb5ng<\/span><\/p>\n<p><span style=\"font-family: 'times new roman', times, serif; font-size: 130%; color: #000000;\">Website: Tranthi.vn<\/span><\/p>\n<p>&nbsp;<\/p>\n","protected":false},"excerpt":{"rendered":"<p><span style=\"font-family: 'times new roman', times, serif; font-size: 130%;\"><img decoding=\"async\" class=\"emoji\" draggable=\"false\" src=\"https:\/\/s.w.org\/images\/core\/emoji\/12.0.0-1\/svg\/1f606.svg\" alt=\"\ud83d\ude06\" \/><span style=\"color: #000000;\">\u00a0<strong>Th\u00f4ng tin chi ti\u1ebft:<\/strong><\/span><\/span><\/p>\n<ul>\n<li><span style=\"font-size: 130%;\"><span style=\"font-family: 'times new roman', times, serif; color: #000000;\">K\u00edch th\u01b0\u1edbc: 45&#215;120 &#8211; <\/span><span style=\"font-family: 'times new roman', times, serif; color: #000000;\">Gi\u00e1: <span style=\"color: #ff0000;\"><strong>1.150.000\u0111\/c\u00e1i<\/strong><\/span><\/span><\/span><\/li>\n<li><span style=\"font-size: 130%;\"><span style=\"font-family: 'times new roman', times, serif; color: #000000;\">K\u00edch th\u01b0\u1edbc: 60&#215;120 &#8211; <\/span><span style=\"font-family: 'times new roman', times, serif; color: #000000;\">Gi\u00e1:<span style=\"color: #ff0000;\"><strong> 1.33<span style=\"color: #ff0000;\">0.<\/span>000\u0111\/c\u00e1i<\/strong><\/span><\/span><\/span><\/li>\n<li><span style=\"font-size: 130%;\"><span style=\"font-family: 'times new roman', times, serif; color: #000000;\">\u00a0K\u00edch th\u01b0\u1edbc: 50&#215;150 &#8211; <\/span><span style=\"font-family: 'times new roman', times, serif; color: #000000;\">Gi\u00e1: <span style=\"color: #ff0000;\"><strong>1.350.000\u0111\/c\u00e1i<\/strong><\/span><\/span><\/span><\/li>\n<li><span style=\"font-size: 130%;\"><span style=\"font-family: 'times new roman', times, serif; color: #000000;\">K\u00edch th\u01b0\u1edbc: 60&#215;160 &#8211; <\/span><span style=\"font-family: 'times new roman', times, serif; color: #000000;\">Gi\u00e1: <span style=\"color: #ff0000;\"><strong>1.450.000\u0111\/c\u00e1i<\/strong><\/span><\/span><\/span><\/li>\n<\/ul>\n<p><span style=\"color: #000000; font-family: 'times new roman', times, serif; font-size: 130%;\">Khung vi\u1ec1n c\u00f3 3 m\u00e0u: v\u00e0ng, tr\u1eafng, \u0111en<\/span><\/p>\n<p><span style=\"color: #0000ff; font-size: 130%;\"><em><span style=\"color: #000000; font-family: times new roman, times, serif;\">Mi\u1ec5n ph\u00ed v\u1eadn chuy\u1ec3n trong n\u1ed9i th\u00e0nh Qu\u1ea3ng Nam<\/span><\/em><\/span><\/p>\n","protected":false},"featured_media":1096,"comment_status":"open","ping_status":"closed","template":"","meta":[],"product_cat":[281,183,283,179],"product_tag":[],"class_list":{"0":"post-1097","1":"product","2":"type-product","3":"status-publish","4":"has-post-thumbnail","6":"product_cat-guong-day-da","7":"product_cat-guong-phong-tam","8":"product_cat-guong-toan-than","9":"product_cat-thiet-bi-ve-sinh-da-nang","11":"first","12":"instock","13":"sale","14":"shipping-taxable","15":"purchasable","16":"product-type-simple"},"yoast_head":"<!-- This site is optimized with the Yoast SEO Premium plugin v22.3 (Yoast SEO v22.8) - https:\/\/yoast.com\/wordpress\/plugins\/seo\/ -->\n<title>G\u01b0\u01a1ng soi to\u00e0n th\u00e2n gi\u00e1 r\u1ebb t\u1ea1i Qu\u1ea3ng Nam-0947.335.871<\/title>\n<meta name=\"description\" content=\"Tr\u1ea7n Th\u1ecb - chuy\u00ean cung c\u1ea5p g\u01b0\u01a1ng soi to\u00e0n th\u00e2n treo t\u01b0\u1eddng gi\u00e1 r\u1ebb t\u1ea1i Qu\u1ea3ng Nam, g\u01b0\u01a1ng \u0111\u01b0\u1ee3c s\u1ea3n xu\u1ea5t theo m\u1ecdi k\u00edch th\u01b0\u1edbc y\u00eau c\u1ea7u\" \/>\n<meta name=\"robots\" content=\"index, follow, max-snippet:-1, max-image-preview:large, max-video-preview:-1\" \/>\n<link rel=\"canonical\" href=\"https:\/\/tranthi.vn\/quangnam\/gia-guong-soi-toan-than-tai-hoi-an-tam-ky-quang-nam\/\" \/>\n<meta property=\"og:locale\" content=\"vi_VN\" \/>\n<meta property=\"og:type\" content=\"article\" \/>\n<meta property=\"og:title\" content=\"G\u01b0\u01a1ng Vi\u1ec1n Da 500x1500-AT\" \/>\n<meta property=\"og:description\" content=\"Tr\u1ea7n Th\u1ecb - chuy\u00ean cung c\u1ea5p g\u01b0\u01a1ng soi to\u00e0n th\u00e2n treo t\u01b0\u1eddng gi\u00e1 r\u1ebb t\u1ea1i Qu\u1ea3ng Nam, g\u01b0\u01a1ng \u0111\u01b0\u1ee3c s\u1ea3n xu\u1ea5t theo m\u1ecdi k\u00edch th\u01b0\u1edbc y\u00eau c\u1ea7u\" \/>\n<meta property=\"og:url\" content=\"https:\/\/tranthi.vn\/quangnam\/gia-guong-soi-toan-than-tai-hoi-an-tam-ky-quang-nam\/\" \/>\n<meta property=\"og:site_name\" content=\"V\u1eadt Li\u1ec7u X\u00e2y D\u1ef1ng Tr\u1ea7n Th\u1ecb Chi Nh\u00e1nh Qu\u1ea3ng Nam\" \/>\n<meta property=\"article:modified_time\" content=\"2024-11-15T03:41:07+00:00\" \/>\n<meta property=\"og:image\" content=\"https:\/\/tranthi.vn\/quangnam\/wp-content\/uploads\/2021\/02\/guong-toan-than-vien-da.jpg\" \/>\n\t<meta property=\"og:image:width\" content=\"630\" \/>\n\t<meta property=\"og:image:height\" content=\"630\" \/>\n\t<meta property=\"og:image:type\" content=\"image\/jpeg\" \/>\n<meta name=\"twitter:card\" content=\"summary_large_image\" \/>\n<meta name=\"twitter:label1\" content=\"Gi\u00e1\" \/>\n\t<meta name=\"twitter:data1\" content=\"1,350,000&nbsp;&#8363;\" \/>\n\t<meta name=\"twitter:label2\" content=\"Kh\u1ea3 d\u1ee5ng\" \/>\n\t<meta name=\"twitter:data2\" content=\"Trong kho\" \/>\n<script type=\"application\/ld+json\" class=\"yoast-schema-graph\">{\"@context\":\"https:\/\/schema.org\",\"@graph\":[{\"@type\":[\"WebPage\",\"ItemPage\"],\"@id\":\"https:\/\/tranthi.vn\/quangnam\/gia-guong-soi-toan-than-tai-hoi-an-tam-ky-quang-nam\/\",\"url\":\"https:\/\/tranthi.vn\/quangnam\/gia-guong-soi-toan-than-tai-hoi-an-tam-ky-quang-nam\/\",\"name\":\"G\u01b0\u01a1ng soi to\u00e0n th\u00e2n gi\u00e1 r\u1ebb t\u1ea1i Qu\u1ea3ng Nam-0947.335.871\",\"isPartOf\":{\"@id\":\"https:\/\/tranthi.vn\/quangnam\/#website\"},\"primaryImageOfPage\":{\"@id\":\"https:\/\/tranthi.vn\/quangnam\/gia-guong-soi-toan-than-tai-hoi-an-tam-ky-quang-nam\/#primaryimage\"},\"image\":{\"@id\":\"https:\/\/tranthi.vn\/quangnam\/gia-guong-soi-toan-than-tai-hoi-an-tam-ky-quang-nam\/#primaryimage\"},\"thumbnailUrl\":\"https:\/\/tranthi.vn\/quangnam\/wp-content\/uploads\/2021\/02\/guong-toan-than-vien-da.jpg\",\"datePublished\":\"2021-02-17T00:32:27+00:00\",\"dateModified\":\"2024-11-15T03:41:07+00:00\",\"description\":\"Tr\u1ea7n Th\u1ecb - chuy\u00ean cung c\u1ea5p g\u01b0\u01a1ng soi to\u00e0n th\u00e2n treo t\u01b0\u1eddng gi\u00e1 r\u1ebb t\u1ea1i Qu\u1ea3ng Nam, g\u01b0\u01a1ng \u0111\u01b0\u1ee3c s\u1ea3n xu\u1ea5t theo m\u1ecdi k\u00edch th\u01b0\u1edbc y\u00eau c\u1ea7u\",\"breadcrumb\":{\"@id\":\"https:\/\/tranthi.vn\/quangnam\/gia-guong-soi-toan-than-tai-hoi-an-tam-ky-quang-nam\/#breadcrumb\"},\"inLanguage\":\"vi\",\"potentialAction\":[{\"@type\":\"ReadAction\",\"target\":[\"https:\/\/tranthi.vn\/quangnam\/gia-guong-soi-toan-than-tai-hoi-an-tam-ky-quang-nam\/\"]}]},{\"@type\":\"ImageObject\",\"inLanguage\":\"vi\",\"@id\":\"https:\/\/tranthi.vn\/quangnam\/gia-guong-soi-toan-than-tai-hoi-an-tam-ky-quang-nam\/#primaryimage\",\"url\":\"https:\/\/tranthi.vn\/quangnam\/wp-content\/uploads\/2021\/02\/guong-toan-than-vien-da.jpg\",\"contentUrl\":\"https:\/\/tranthi.vn\/quangnam\/wp-content\/uploads\/2021\/02\/guong-toan-than-vien-da.jpg\",\"width\":630,\"height\":630},{\"@type\":\"BreadcrumbList\",\"@id\":\"https:\/\/tranthi.vn\/quangnam\/gia-guong-soi-toan-than-tai-hoi-an-tam-ky-quang-nam\/#breadcrumb\",\"itemListElement\":[{\"@type\":\"ListItem\",\"position\":1,\"name\":\"Trang ch\u1ee7\",\"item\":\"https:\/\/tranthi.vn\/quangnam\/\"},{\"@type\":\"ListItem\",\"position\":2,\"name\":\"Shop\",\"item\":\"https:\/\/tranthi.vn\/quangnam\/shop\/\"},{\"@type\":\"ListItem\",\"position\":3,\"name\":\"G\u01b0\u01a1ng Vi\u1ec1n Da 500&#215;1500-AT\"}]},{\"@type\":\"WebSite\",\"@id\":\"https:\/\/tranthi.vn\/quangnam\/#website\",\"url\":\"https:\/\/tranthi.vn\/quangnam\/\",\"name\":\"V\u1eadt Li\u1ec7u X\u00e2y D\u1ef1ng Tr\u1ea7n Th\u1ecb Chi Nh\u00e1nh Qu\u1ea3ng Nam\",\"description\":\"V\u1eadt Li\u1ec7u X\u00e2y D\u1ef1ng - Qu\u1ea3ng Nam\",\"potentialAction\":[{\"@type\":\"SearchAction\",\"target\":{\"@type\":\"EntryPoint\",\"urlTemplate\":\"https:\/\/tranthi.vn\/quangnam\/?s={search_term_string}\"},\"query-input\":\"required name=search_term_string\"}],\"inLanguage\":\"vi\"},{\"@type\":\"ImageObject\",\"inLanguage\":\"vi\",\"@id\":\"https:\/\/tranthi.vn\/quangnam\/gia-guong-soi-toan-than-tai-hoi-an-tam-ky-quang-nam\/#local-main-organization-logo\",\"url\":\"\",\"contentUrl\":\"\",\"caption\":\"V\u1eadt Li\u1ec7u X\u00e2y D\u1ef1ng Tr\u1ea7n Th\u1ecb Chi Nh\u00e1nh Qu\u1ea3ng Nam\"}]}<\/script>\n<meta property=\"product:price:amount\" content=\"1350000\" \/>\n<meta property=\"product:price:currency\" content=\"VND\" \/>\n<meta property=\"og:availability\" content=\"instock\" \/>\n<meta property=\"product:availability\" content=\"instock\" \/>\n<meta property=\"product:condition\" content=\"new\" \/>\n<!-- \/ Yoast SEO Premium plugin. -->","yoast_head_json":{"title":"G\u01b0\u01a1ng soi to\u00e0n th\u00e2n gi\u00e1 r\u1ebb t\u1ea1i Qu\u1ea3ng Nam-0947.335.871","description":"Tr\u1ea7n Th\u1ecb - chuy\u00ean cung c\u1ea5p g\u01b0\u01a1ng soi to\u00e0n th\u00e2n treo t\u01b0\u1eddng gi\u00e1 r\u1ebb t\u1ea1i Qu\u1ea3ng Nam, g\u01b0\u01a1ng \u0111\u01b0\u1ee3c s\u1ea3n xu\u1ea5t theo m\u1ecdi k\u00edch th\u01b0\u1edbc y\u00eau c\u1ea7u","robots":{"index":"index","follow":"follow","max-snippet":"max-snippet:-1","max-image-preview":"max-image-preview:large","max-video-preview":"max-video-preview:-1"},"canonical":"https:\/\/tranthi.vn\/quangnam\/gia-guong-soi-toan-than-tai-hoi-an-tam-ky-quang-nam\/","og_locale":"vi_VN","og_type":"article","og_title":"G\u01b0\u01a1ng Vi\u1ec1n Da 500x1500-AT","og_description":"Tr\u1ea7n Th\u1ecb - chuy\u00ean cung c\u1ea5p g\u01b0\u01a1ng soi to\u00e0n th\u00e2n treo t\u01b0\u1eddng gi\u00e1 r\u1ebb t\u1ea1i Qu\u1ea3ng Nam, g\u01b0\u01a1ng \u0111\u01b0\u1ee3c s\u1ea3n xu\u1ea5t theo m\u1ecdi k\u00edch th\u01b0\u1edbc y\u00eau c\u1ea7u","og_url":"https:\/\/tranthi.vn\/quangnam\/gia-guong-soi-toan-than-tai-hoi-an-tam-ky-quang-nam\/","og_site_name":"V\u1eadt Li\u1ec7u X\u00e2y D\u1ef1ng Tr\u1ea7n Th\u1ecb Chi Nh\u00e1nh Qu\u1ea3ng Nam","article_modified_time":"2024-11-15T03:41:07+00:00","og_image":[{"width":630,"height":630,"url":"https:\/\/tranthi.vn\/quangnam\/wp-content\/uploads\/2021\/02\/guong-toan-than-vien-da.jpg","type":"image\/jpeg"}],"twitter_card":"summary_large_image","twitter_misc":{"Gi\u00e1":"1,350,000&nbsp;&#8363;","Kh\u1ea3 d\u1ee5ng":"Trong kho"},"schema":{"@context":"https:\/\/schema.org","@graph":[{"@type":["WebPage","ItemPage"],"@id":"https:\/\/tranthi.vn\/quangnam\/gia-guong-soi-toan-than-tai-hoi-an-tam-ky-quang-nam\/","url":"https:\/\/tranthi.vn\/quangnam\/gia-guong-soi-toan-than-tai-hoi-an-tam-ky-quang-nam\/","name":"G\u01b0\u01a1ng soi to\u00e0n th\u00e2n gi\u00e1 r\u1ebb t\u1ea1i Qu\u1ea3ng Nam-0947.335.871","isPartOf":{"@id":"https:\/\/tranthi.vn\/quangnam\/#website"},"primaryImageOfPage":{"@id":"https:\/\/tranthi.vn\/quangnam\/gia-guong-soi-toan-than-tai-hoi-an-tam-ky-quang-nam\/#primaryimage"},"image":{"@id":"https:\/\/tranthi.vn\/quangnam\/gia-guong-soi-toan-than-tai-hoi-an-tam-ky-quang-nam\/#primaryimage"},"thumbnailUrl":"https:\/\/tranthi.vn\/quangnam\/wp-content\/uploads\/2021\/02\/guong-toan-than-vien-da.jpg","datePublished":"2021-02-17T00:32:27+00:00","dateModified":"2024-11-15T03:41:07+00:00","description":"Tr\u1ea7n Th\u1ecb - chuy\u00ean cung c\u1ea5p g\u01b0\u01a1ng soi to\u00e0n th\u00e2n treo t\u01b0\u1eddng gi\u00e1 r\u1ebb t\u1ea1i Qu\u1ea3ng Nam, g\u01b0\u01a1ng \u0111\u01b0\u1ee3c s\u1ea3n xu\u1ea5t theo m\u1ecdi k\u00edch th\u01b0\u1edbc y\u00eau c\u1ea7u","breadcrumb":{"@id":"https:\/\/tranthi.vn\/quangnam\/gia-guong-soi-toan-than-tai-hoi-an-tam-ky-quang-nam\/#breadcrumb"},"inLanguage":"vi","potentialAction":[{"@type":"ReadAction","target":["https:\/\/tranthi.vn\/quangnam\/gia-guong-soi-toan-than-tai-hoi-an-tam-ky-quang-nam\/"]}]},{"@type":"ImageObject","inLanguage":"vi","@id":"https:\/\/tranthi.vn\/quangnam\/gia-guong-soi-toan-than-tai-hoi-an-tam-ky-quang-nam\/#primaryimage","url":"https:\/\/tranthi.vn\/quangnam\/wp-content\/uploads\/2021\/02\/guong-toan-than-vien-da.jpg","contentUrl":"https:\/\/tranthi.vn\/quangnam\/wp-content\/uploads\/2021\/02\/guong-toan-than-vien-da.jpg","width":630,"height":630},{"@type":"BreadcrumbList","@id":"https:\/\/tranthi.vn\/quangnam\/gia-guong-soi-toan-than-tai-hoi-an-tam-ky-quang-nam\/#breadcrumb","itemListElement":[{"@type":"ListItem","position":1,"name":"Trang ch\u1ee7","item":"https:\/\/tranthi.vn\/quangnam\/"},{"@type":"ListItem","position":2,"name":"Shop","item":"https:\/\/tranthi.vn\/quangnam\/shop\/"},{"@type":"ListItem","position":3,"name":"G\u01b0\u01a1ng Vi\u1ec1n Da 500&#215;1500-AT"}]},{"@type":"WebSite","@id":"https:\/\/tranthi.vn\/quangnam\/#website","url":"https:\/\/tranthi.vn\/quangnam\/","name":"V\u1eadt Li\u1ec7u X\u00e2y D\u1ef1ng Tr\u1ea7n Th\u1ecb Chi Nh\u00e1nh Qu\u1ea3ng Nam","description":"V\u1eadt Li\u1ec7u X\u00e2y D\u1ef1ng - Qu\u1ea3ng Nam","potentialAction":[{"@type":"SearchAction","target":{"@type":"EntryPoint","urlTemplate":"https:\/\/tranthi.vn\/quangnam\/?s={search_term_string}"},"query-input":"required name=search_term_string"}],"inLanguage":"vi"},{"@type":"ImageObject","inLanguage":"vi","@id":"https:\/\/tranthi.vn\/quangnam\/gia-guong-soi-toan-than-tai-hoi-an-tam-ky-quang-nam\/#local-main-organization-logo","url":"","contentUrl":"","caption":"V\u1eadt Li\u1ec7u X\u00e2y D\u1ef1ng Tr\u1ea7n Th\u1ecb Chi Nh\u00e1nh Qu\u1ea3ng Nam"}]},"product_price_amount":"1350000","product_price_currency":"VND","og_availability":"instock","product_availability":"instock","product_condition":"new"},"_links":{"self":[{"href":"https:\/\/tranthi.vn\/quangnam\/wp-json\/wp\/v2\/product\/1097","targetHints":{"allow":["GET"]}}],"collection":[{"href":"https:\/\/tranthi.vn\/quangnam\/wp-json\/wp\/v2\/product"}],"about":[{"href":"https:\/\/tranthi.vn\/quangnam\/wp-json\/wp\/v2\/types\/product"}],"replies":[{"embeddable":true,"href":"https:\/\/tranthi.vn\/quangnam\/wp-json\/wp\/v2\/comments?post=1097"}],"wp:featuredmedia":[{"embeddable":true,"href":"https:\/\/tranthi.vn\/quangnam\/wp-json\/wp\/v2\/media\/1096"}],"wp:attachment":[{"href":"https:\/\/tranthi.vn\/quangnam\/wp-json\/wp\/v2\/media?parent=1097"}],"wp:term":[{"taxonomy":"product_cat","embeddable":true,"href":"https:\/\/tranthi.vn\/quangnam\/wp-json\/wp\/v2\/product_cat?post=1097"},{"taxonomy":"product_tag","embeddable":true,"href":"https:\/\/tranthi.vn\/quangnam\/wp-json\/wp\/v2\/product_tag?post=1097"}],"curies":[{"name":"wp","href":"https:\/\/api.w.org\/{rel}","templated":true}]}}