{"id":1087,"date":"2021-02-17T07:32:21","date_gmt":"2021-02-17T07:32:21","guid":{"rendered":"http:\/\/new-tranthi.test\/san-pham\/giuong-nhua-dl02\/"},"modified":"2024-11-18T08:48:31","modified_gmt":"2024-11-18T01:48:31","slug":"giuong-nhua-dai-loan-hoi-an-tam-ky-quang-nam","status":"publish","type":"product","link":"https:\/\/tranthi.vn\/quangnam\/giuong-nhua-dai-loan-hoi-an-tam-ky-quang-nam\/","title":{"rendered":"Gi\u01b0\u1eddng Nh\u1ef1a DL02"},"content":{"rendered":"<h1 style=\"text-align: center;\"><span style=\"font-family: 'times new roman', times, serif; font-size: 140%;\">Gi\u01b0\u1eddng nh\u1ef1a H\u1ed9i An-Tam K\u1ef3- Qu\u1ea3ng Nam<\/span><\/h1>\n<h1><strong><span style=\"font-family: 'times new roman', times, serif; font-size: 130%;\">1. Gi\u1edbi Thi\u1ec7u V\u1ec1 Gi\u01b0\u1eddng Nh\u1ef1a<\/span><\/strong><\/h1>\n<h3><span style=\"font-family: 'times new roman', times, serif; font-size: 130%;\">Gi\u01b0\u1eddng nh\u1ef1a l\u00e0 lo\u1ea1i gi\u01b0\u1eddng \u0111\u01b0\u1ee3c l\u00e0m t\u1eeb ch\u1ea5t li\u1ec7u nh\u1ef1a cao c\u1ea5p, th\u01b0\u1eddng l\u00e0 nh\u1ef1a ABS ho\u1eb7c nh\u1ef1a PP. C\u00e1c m\u1eabu gi\u01b0\u1eddng nh\u1ef1a \u0111\u01b0\u1ee3c thi\u1ebft k\u1ebf \u0111a d\u1ea1ng v\u1ec1 ki\u1ec3u d\u00e1ng v\u00e0 m\u00e0u s\u1eafc, ph\u00f9 h\u1ee3p v\u1edbi nhi\u1ec1u phong c\u00e1ch n\u1ed9i th\u1ea5t kh\u00e1c nhau. Gi\u01b0\u1eddng nh\u1ef1a kh\u00f4ng ch\u1ec9 nh\u1eb9, d\u1ec5 di chuy\u1ec3n m\u00e0 c\u00f2n c\u00f3 kh\u1ea3 n\u0103ng ch\u1ed1ng m\u1ed1i m\u1ecdt v\u00e0 \u1ea9m m\u1ed1c, \u0111\u1ea3m b\u1ea3o \u0111\u1ed9 b\u1ec1n l\u00e2u d\u00e0i.<\/span><\/h3>\n<p style=\"text-align: center;\"><iframe loading=\"lazy\" src=\"\/\/www.youtube.com\/embed\/N5edrwaRjtQ?pp=ygUQZ2nGsOG7nW5nIG5o4buxYQ\" width=\"560\" height=\"314\" allowfullscreen=\"allowfullscreen\"><\/iframe><\/p>\n<h1><strong><span style=\"font-family: 'times new roman', times, serif; font-size: 130%;\">2. L\u1ee3i \u00cdch C\u1ee7a Gi\u01b0\u1eddng Nh\u1ef1a\u00a0<\/span><\/strong><\/h1>\n<ul>\n<li>\n<h3><span style=\"font-family: 'times new roman', times, serif; font-size: 130%;\">Ti\u1ebft ki\u1ec7m chi ph\u00ed: Gi\u01b0\u1eddng nh\u1ef1a th\u01b0\u1eddng c\u00f3 gi\u00e1 th\u00e0nh th\u1ea5p h\u01a1n so v\u1edbi c\u00e1c lo\u1ea1i gi\u01b0\u1eddng g\u1ed7 hay kim lo\u1ea1i, gi\u00fap ti\u1ebft ki\u1ec7m chi ph\u00ed \u0111\u00e1ng k\u1ec3 cho gia \u0111\u00ecnh. \u0110\u1eb7c bi\u1ec7t, v\u1edbi s\u1ef1 \u0111a d\u1ea1ng v\u1ec1 m\u1eabu m\u00e3, b\u1ea1n c\u00f3 th\u1ec3 d\u1ec5 d\u00e0ng t\u00ecm th\u1ea5y m\u1ed9t chi\u1ebfc gi\u01b0\u1eddng nh\u1ef1a \u0111\u1eb9p v\u00e0 ph\u00f9 h\u1ee3p v\u1edbi t\u00fai ti\u1ec1n c\u1ee7a m\u00ecnh.<\/span><\/h3>\n<\/li>\n<li>\n<h3><span style=\"font-family: 'times new roman', times, serif; font-size: 130%;\">\u0110\u1ed9 b\u1ec1n cao: Ch\u1ea5t li\u1ec7u nh\u1ef1a cao c\u1ea5p c\u00f3 kh\u1ea3 n\u0103ng ch\u1ed1ng ch\u1ecbu t\u1ed1t v\u1edbi m\u00f4i tr\u01b0\u1eddng \u1ea9m \u01b0\u1edbt v\u00e0 m\u1ed1i m\u1ecdt, \u0111i\u1ec1u n\u00e0y \u0111\u1eb7c bi\u1ec7t h\u1eefu \u00edch trong kh\u00ed h\u1eadu nhi\u1ec7t \u0111\u1edbi \u1ea9m c\u1ee7a<a href=\"https:\/\/vi.wikipedia.org\/wiki\/Qu%E1%BA%A3ng_Nam\"><em> Qu\u1ea3ng Nam<\/em><\/a>. Gi\u01b0\u1eddng nh\u1ef1a kh\u00f4ng b\u1ecb cong v\u00eanh hay h\u01b0 h\u1ecfng nh\u01b0 c\u00e1c lo\u1ea1i gi\u01b0\u1eddng g\u1ed7, \u0111\u1ea3m b\u1ea3o \u0111\u1ed9 b\u1ec1n v\u00e0 s\u1eed d\u1ee5ng l\u00e2u d\u00e0i.<\/span><\/h3>\n<\/li>\n<li>\n<h3><span style=\"font-family: 'times new roman', times, serif; font-size: 130%;\">D\u1ec5 d\u00e0ng v\u1ec7 sinh v\u00e0 b\u1ea3o tr\u00ec: Gi\u01b0\u1eddng nh\u1ef1a d\u1ec5 d\u00e0ng lau ch\u00f9i v\u00e0 v\u1ec7 sinh, kh\u00f4ng b\u00e1m b\u1ee5i v\u00e0 kh\u00f4ng c\u1ea7n c\u00e1c bi\u1ec7n ph\u00e1p b\u1ea3o tr\u00ec ph\u1ee9c t\u1ea1p. \u0110i\u1ec1u n\u00e0y gi\u00fap ti\u1ebft ki\u1ec7m th\u1eddi gian v\u00e0 c\u00f4ng s\u1ee9c trong vi\u1ec7c gi\u1eef g\u00ecn v\u1ec7 sinh ph\u00f2ng ng\u1ee7.<\/span><\/h3>\n<\/li>\n<li>\n<h3><span style=\"font-family: 'times new roman', times, serif; font-size: 130%;\">Ti\u1ec7n l\u1ee3i v\u00e0 linh ho\u1ea1t: Gi\u01b0\u1eddng nh\u1ef1a nh\u1eb9, d\u1ec5 di chuy\u1ec3n v\u00e0 l\u1eafp r\u00e1p, ph\u00f9 h\u1ee3p v\u1edbi nhi\u1ec1u kh\u00f4ng gian kh\u00e1c nhau, t\u1eeb ph\u00f2ng ng\u1ee7 ch\u00ednh, ph\u00f2ng ng\u1ee7 tr\u1ebb em \u0111\u1ebfn ph\u00f2ng ng\u1ee7 cho kh\u00e1ch. B\u1ea1n c\u00f3 th\u1ec3 d\u1ec5 d\u00e0ng thay \u0111\u1ed5i v\u1ecb tr\u00ed gi\u01b0\u1eddng theo \u00fd th\u00edch m\u00e0 kh\u00f4ng g\u1eb7p kh\u00f3 kh\u0103n.<\/span><\/h3>\n<\/li>\n<\/ul>\n<p style=\"text-align: center;\"><iframe loading=\"lazy\" src=\"\/\/www.youtube.com\/embed\/Uo9KyrErDp4?pp=ygUQZ2nGsOG7nW5nIG5o4buxYQ\" width=\"560\" height=\"314\" allowfullscreen=\"allowfullscreen\"><\/iframe><\/p>\n<h1><strong><span style=\"font-family: 'times new roman', times, serif; font-size: 130%;\">3. L\u00fd Do N\u00ean Ch\u1ecdn Gi\u01b0\u1eddng Nh\u1ef1a\u00a0<\/span><\/strong><\/h1>\n<ul>\n<li>\n<h3><span style=\"font-family: 'times new roman', times, serif; font-size: 130%;\">Kh\u00ed h\u1eadu \u0111\u1eb7c th\u00f9: <a href=\"https:\/\/vi.wikipedia.org\/wiki\/Qu%E1%BA%A3ng_Nam\"><strong><em>Qu\u1ea3ng Nam<\/em><\/strong><\/a> c\u00f3 kh\u00ed h\u1eadu nhi\u1ec7t \u0111\u1edbi gi\u00f3 m\u00f9a, v\u1edbi m\u00f9a h\u00e8 n\u00f3ng \u1ea9m v\u00e0 m\u00f9a \u0111\u00f4ng kh\u00f4ng qu\u00e1 l\u1ea1nh. Ch\u1ea5t li\u1ec7u nh\u1ef1a ch\u1ed1ng \u1ea9m m\u1ed1c v\u00e0 m\u1ed1i m\u1ecdt l\u00e0 l\u1ef1a ch\u1ecdn l\u00fd t\u01b0\u1edfng \u0111\u1ec3 \u0111\u1ea3m b\u1ea3o \u0111\u1ed9 b\u1ec1n v\u00e0 v\u1ec7 sinh cho gi\u01b0\u1eddng ng\u1ee7.<\/span><\/h3>\n<\/li>\n<li>\n<h3><span style=\"font-family: 'times new roman', times, serif; font-size: 130%;\">Th\u1ecb tr\u01b0\u1eddng \u0111a d\u1ea1ng: C\u00f3 nhi\u1ec1u c\u1eeda h\u00e0ng v\u00e0 showroom cung c\u1ea5p gi\u01b0\u1eddng nh\u1ef1a v\u1edbi \u0111a d\u1ea1ng m\u1eabu m\u00e3 v\u00e0 gi\u00e1 c\u1ea3, gi\u00fap b\u1ea1n d\u1ec5 d\u00e0ng t\u00ecm ki\u1ebfm s\u1ea3n ph\u1ea9m ph\u00f9 h\u1ee3p v\u1edbi nhu c\u1ea7u v\u00e0 phong c\u00e1ch thi\u1ebft k\u1ebf c\u1ee7a m\u00ecnh.<\/span><\/h3>\n<\/li>\n<li>\n<h3><span style=\"font-family: 'times new roman', times, serif; font-size: 130%;\">D\u1ecbch v\u1ee5 h\u1ed7 tr\u1ee3 ch\u1ea5t l\u01b0\u1ee3ng: C\u00e1c nh\u00e0 cung c\u1ea5p gi\u01b0\u1eddng nh\u1ef1a t\u1ea1i \u0111\u00e2y th\u01b0\u1eddng cung c\u1ea5p d\u1ecbch v\u1ee5 t\u01b0 v\u1ea5n, l\u1eafp \u0111\u1eb7t v\u00e0 b\u1ea3o h\u00e0nh chuy\u00ean nghi\u1ec7p, gi\u00fap b\u1ea1n y\u00ean t\u00e2m v\u1ec1 ch\u1ea5t l\u01b0\u1ee3ng v\u00e0 hi\u1ec7u qu\u1ea3 s\u1eed d\u1ee5ng s\u1ea3n ph\u1ea9m.<\/span><\/h3>\n<\/li>\n<li>\n<figure id=\"attachment_7811\" aria-describedby=\"caption-attachment-7811\" style=\"width: 512px\" class=\"wp-caption aligncenter\"><img loading=\"lazy\" decoding=\"async\" class=\"size-full wp-image-7811\" src=\"https:\/\/tranthi.vn\/quangnam\/wp-content\/uploads\/2021\/02\/giuong-nhua-tai-tam-ky-hoi-an-quang-nam.jpg\" alt=\"gi\u01b0\u1eddng nh\u1ef1a t\u1ea1i tam k\u1ef3- h\u1ed9i an- qu\u1ea3ng nam\" width=\"512\" height=\"510\" srcset=\"https:\/\/tranthi.vn\/quangnam\/wp-content\/uploads\/2021\/02\/giuong-nhua-tai-tam-ky-hoi-an-quang-nam.jpg 512w, https:\/\/tranthi.vn\/quangnam\/wp-content\/uploads\/2021\/02\/giuong-nhua-tai-tam-ky-hoi-an-quang-nam-100x100.jpg 100w\" sizes=\"auto, (max-width: 512px) 100vw, 512px\" \/><figcaption id=\"caption-attachment-7811\" class=\"wp-caption-text\">gi\u01b0\u1eddng nh\u1ef1a t\u1ea1i tam k\u1ef3- h\u1ed9i an- qu\u1ea3ng nam<\/figcaption><\/figure><\/li>\n<\/ul>\n<h1><strong><span style=\"font-family: 'times new roman', times, serif; font-size: 130%;\">4. M\u1ed9t S\u1ed1 \u0110\u1ecba Ch\u1ec9 Uy T\u00edn\u00a0<\/span><\/strong><\/h1>\n<h3><span style=\"font-family: 'times new roman', times, serif; font-size: 130%;\">Khi t\u00ecm ki\u1ebfm gi\u01b0\u1eddng nh\u1ef1a t\u1ea1i<em> Qu\u1ea3ng Nam<\/em>, b\u1ea1n c\u00f3 th\u1ec3 tham kh\u1ea3o c\u00e1c \u0111\u1ecba ch\u1ec9 uy t\u00edn nh\u01b0:<\/span><\/h3>\n<ul>\n<li>\n<h3><span style=\"font-family: 'times new roman', times, serif; font-size: 130%;\">C\u1eeda H\u00e0ng N\u1ed9i Th\u1ea5t Minh H\u00f2a: Cung c\u1ea5p nhi\u1ec1u lo\u1ea1i gi\u01b0\u1eddng nh\u1ef1a v\u1edbi c\u00e1c m\u1eabu m\u00e3 v\u00e0 m\u00e0u s\u1eafc \u0111a d\u1ea1ng.<\/span><\/h3>\n<\/li>\n<li>\n<h3><span style=\"font-family: 'times new roman', times, serif; font-size: 130%;\">Showroom N\u1ed9i Th\u1ea5t An Ph\u00e1t: C\u00f3 nhi\u1ec1u l\u1ef1a ch\u1ecdn gi\u01b0\u1eddng nh\u1ef1a v\u1edbi thi\u1ebft k\u1ebf tinh t\u1ebf v\u00e0 ch\u1ea5t l\u01b0\u1ee3ng cao.<\/span><\/h3>\n<\/li>\n<li>\n<h3><span style=\"font-family: 'times new roman', times, serif; font-size: 130%;\">Si\u00eau Th\u1ecb N\u1ed9i Th\u1ea5t H\u00f2a Ph\u00e1t: Cung c\u1ea5p gi\u01b0\u1eddng nh\u1ef1a v\u1edbi gi\u00e1 c\u1ea3 c\u1ea1nh tranh v\u00e0 d\u1ecbch v\u1ee5 t\u01b0 v\u1ea5n chuy\u00ean nghi\u1ec7p.<\/span><\/h3>\n<\/li>\n<\/ul>\n","protected":false},"excerpt":{"rendered":"<p><span style=\"font-family: 'times new roman', times, serif; font-size: 130%;\"><em><img decoding=\"async\" class=\"emoji\" draggable=\"false\" src=\"https:\/\/s.w.org\/images\/core\/emoji\/12.0.0-1\/svg\/1f606.svg\" alt=\"\ud83d\ude06\" \/><\/em><span style=\"color: #000000;\">\u00a0V\u1eadn chuy\u1ec3n n\u1ed9i th\u00e0nh<a href=\"https:\/\/vi.wikipedia.org\/wiki\/Qu%E1%BA%A3ng_Nam\"><span style=\"color: #008000;\"> Qu\u1ea3ng Nam<\/span><\/a><\/span><\/span><\/p>\n<p><span style=\"font-family: 'times new roman', times, serif; font-size: 130%; color: #000000;\"><img decoding=\"async\" class=\"emoji\" draggable=\"false\" src=\"https:\/\/s.w.org\/images\/core\/emoji\/12.0.0-1\/svg\/1f606.svg\" alt=\"\ud83d\ude06\" \/> K\u00edch th\u01b0\u1edbc: Ngang 160 x d\u00e0i 200cm <\/span><\/p>\n<p><span style=\"font-family: 'times new roman', times, serif; font-size: 130%; color: #000000;\"><img decoding=\"async\" class=\"emoji\" draggable=\"false\" src=\"https:\/\/s.w.org\/images\/core\/emoji\/12.0.0-1\/svg\/1f606.svg\" alt=\"\ud83d\ude06\" \/> M\u00e0u s\u1eafc: Tr\u1eafng, Xanh D\u01b0\u01a1ng, H\u1ed3ng, T\u00edm, Xanh L\u00e1\u2026 t\u00f9y ch\u1ecdn theo y\u00eau c\u1ea7u kh\u00e1ch h\u00e0ng<\/span><\/p>\n<p><span style=\"font-family: 'times new roman', times, serif; font-size: 130%; color: #000000;\"><img decoding=\"async\" class=\"emoji\" draggable=\"false\" src=\"https:\/\/s.w.org\/images\/core\/emoji\/12.0.0-1\/svg\/1f606.svg\" alt=\"\ud83d\ude06\" \/>\u0110\u01a1n gi\u00e1:<span style=\"color: #ff0000;\"><strong> 3.800.000\u0111\/c\u00e1i<\/strong><\/span><\/span><\/p>\n<p><span style=\"font-family: 'times new roman', times, serif; font-size: 130%; color: #000000;\">Ngo\u00e0i ra Tr\u1ea7n Th\u1ecb c\u00f2n nh\u1eadn giao h\u00e0ng \u0111\u1ebfn c\u00e1c \u0111i\u1ec3m\u00a0<span style=\"color: #008000;\"><a style=\"color: #008000;\" href=\"https:\/\/vi.wikipedia.org\/wiki\/%C4%90%C3%B4ng_H%C3%A0\">\u0110\u00f4ng H\u00e0 Qu\u1ea3ng tr\u1ecb<\/a>,\u00a0<a style=\"color: #008000;\" href=\"https:\/\/vi.wikipedia.org\/wiki\/H%E1%BB%99i_An\">H\u1ed9i An<\/a>,\u00a0<a style=\"color: #008000;\" href=\"https:\/\/vi.wikipedia.org\/wiki\/Tam_K%E1%BB%B3\">Tam k\u1ef3 Qu\u1ea3ng Nam<\/a>,<a style=\"color: #008000;\" href=\"https:\/\/vi.wikipedia.org\/wiki\/Hu%E1%BA%BF\">\u00a0Hu\u1ebf<\/a>\u00a0,\u00a0<a style=\"color: #008000;\" href=\"https:\/\/vi.wikipedia.org\/wiki\/Qu%E1%BA%A3ng_Ng%C3%A3i\">Qu\u1ea3ng Ng\u00e3i<\/a>\u00a0<\/span>-Chi ph\u00ed v\u1eadn chuy\u1ec3n s\u1ebd t\u00ednh theo kho\u1ea3ng c\u00e1ch v\u00e0 s\u1ed1 l\u01b0\u1ee3ng h\u00e0ng h\u00f3a nh\u1eadp<\/span><\/p>\n","protected":false},"featured_media":1086,"comment_status":"open","ping_status":"closed","template":"","meta":[],"product_cat":[123,116],"product_tag":[470],"class_list":{"0":"post-1087","1":"product","2":"type-product","3":"status-publish","4":"has-post-thumbnail","6":"product_cat-giuong-nhua","7":"product_cat-nhua-dai-loan","8":"product_tag-gia-giuong-nhua-o-da-nang","10":"first","11":"instock","12":"sale","13":"shipping-taxable","14":"purchasable","15":"product-type-simple"},"yoast_head":"<!-- This site is optimized with the Yoast SEO Premium plugin v22.3 (Yoast SEO v22.8) - https:\/\/yoast.com\/wordpress\/plugins\/seo\/ -->\n<title>Gi\u01b0\u1eddng nh\u1ef1a \u0110\u00e0i Loan t\u1ea1i Qu\u1ea3ng Nam-0947.335.871<\/title>\n<meta name=\"description\" content=\"Tr\u1ea7n Th\u1ecb-chuy\u00ean s\u1ea3n xu\u1ea5t t\u1ee7 qu\u1ea7n \u00e1o ng\u01b0\u1eddi l\u1edbn,Gi\u01b0\u1eddng nh\u1ef1a \u0110\u00e0i Loan gi\u00e1 r\u1ebb t\u1ea1i Qu\u1ea3ng Nam, cam k\u1ebft nh\u1ef1a \u0110\u00e0i Loan ch\u00ednh h\u00e3ng an to\u00e0n v\u00e0 b\u1ec1n ch\u1eafc\" \/>\n<meta name=\"robots\" content=\"index, follow, max-snippet:-1, max-image-preview:large, max-video-preview:-1\" \/>\n<link rel=\"canonical\" href=\"https:\/\/tranthi.vn\/quangnam\/giuong-nhua-dai-loan-hoi-an-tam-ky-quang-nam\/\" \/>\n<meta property=\"og:locale\" content=\"vi_VN\" \/>\n<meta property=\"og:type\" content=\"article\" \/>\n<meta property=\"og:title\" content=\"Gi\u01b0\u1eddng Nh\u1ef1a DL02\" \/>\n<meta property=\"og:description\" content=\"Tr\u1ea7n Th\u1ecb-chuy\u00ean s\u1ea3n xu\u1ea5t t\u1ee7 qu\u1ea7n \u00e1o ng\u01b0\u1eddi l\u1edbn,Gi\u01b0\u1eddng nh\u1ef1a \u0110\u00e0i Loan gi\u00e1 r\u1ebb t\u1ea1i Qu\u1ea3ng Nam, cam k\u1ebft nh\u1ef1a \u0110\u00e0i Loan ch\u00ednh h\u00e3ng an to\u00e0n v\u00e0 b\u1ec1n ch\u1eafc\" \/>\n<meta property=\"og:url\" content=\"https:\/\/tranthi.vn\/quangnam\/giuong-nhua-dai-loan-hoi-an-tam-ky-quang-nam\/\" \/>\n<meta property=\"og:site_name\" content=\"V\u1eadt Li\u1ec7u X\u00e2y D\u1ef1ng Tr\u1ea7n Th\u1ecb Chi Nh\u00e1nh Qu\u1ea3ng Nam\" \/>\n<meta property=\"article:modified_time\" content=\"2024-11-18T01:48:31+00:00\" \/>\n<meta property=\"og:image\" content=\"https:\/\/tranthi.vn\/quangnam\/wp-content\/uploads\/2021\/02\/img201804081337FB_IMG_1517706105032-Copy.jpg\" \/>\n\t<meta property=\"og:image:width\" content=\"512\" \/>\n\t<meta property=\"og:image:height\" content=\"510\" \/>\n\t<meta property=\"og:image:type\" content=\"image\/jpeg\" \/>\n<meta name=\"twitter:card\" content=\"summary_large_image\" \/>\n<meta name=\"twitter:label1\" content=\"Gi\u00e1\" \/>\n\t<meta name=\"twitter:data1\" content=\"3,800,000&nbsp;&#8363;\" \/>\n\t<meta name=\"twitter:label2\" content=\"Kh\u1ea3 d\u1ee5ng\" \/>\n\t<meta name=\"twitter:data2\" content=\"Trong kho\" \/>\n<script type=\"application\/ld+json\" class=\"yoast-schema-graph\">{\"@context\":\"https:\/\/schema.org\",\"@graph\":[{\"@type\":[\"WebPage\",\"ItemPage\"],\"@id\":\"https:\/\/tranthi.vn\/quangnam\/giuong-nhua-dai-loan-hoi-an-tam-ky-quang-nam\/\",\"url\":\"https:\/\/tranthi.vn\/quangnam\/giuong-nhua-dai-loan-hoi-an-tam-ky-quang-nam\/\",\"name\":\"Gi\u01b0\u1eddng nh\u1ef1a \u0110\u00e0i Loan t\u1ea1i Qu\u1ea3ng Nam-0947.335.871\",\"isPartOf\":{\"@id\":\"https:\/\/tranthi.vn\/quangnam\/#website\"},\"primaryImageOfPage\":{\"@id\":\"https:\/\/tranthi.vn\/quangnam\/giuong-nhua-dai-loan-hoi-an-tam-ky-quang-nam\/#primaryimage\"},\"image\":{\"@id\":\"https:\/\/tranthi.vn\/quangnam\/giuong-nhua-dai-loan-hoi-an-tam-ky-quang-nam\/#primaryimage\"},\"thumbnailUrl\":\"https:\/\/tranthi.vn\/quangnam\/wp-content\/uploads\/2021\/02\/img201804081337FB_IMG_1517706105032-Copy.jpg\",\"datePublished\":\"2021-02-17T07:32:21+00:00\",\"dateModified\":\"2024-11-18T01:48:31+00:00\",\"description\":\"Tr\u1ea7n Th\u1ecb-chuy\u00ean s\u1ea3n xu\u1ea5t t\u1ee7 qu\u1ea7n \u00e1o ng\u01b0\u1eddi l\u1edbn,Gi\u01b0\u1eddng nh\u1ef1a \u0110\u00e0i Loan gi\u00e1 r\u1ebb t\u1ea1i Qu\u1ea3ng Nam, cam k\u1ebft nh\u1ef1a \u0110\u00e0i Loan ch\u00ednh h\u00e3ng an to\u00e0n v\u00e0 b\u1ec1n ch\u1eafc\",\"breadcrumb\":{\"@id\":\"https:\/\/tranthi.vn\/quangnam\/giuong-nhua-dai-loan-hoi-an-tam-ky-quang-nam\/#breadcrumb\"},\"inLanguage\":\"vi\",\"potentialAction\":[{\"@type\":\"ReadAction\",\"target\":[\"https:\/\/tranthi.vn\/quangnam\/giuong-nhua-dai-loan-hoi-an-tam-ky-quang-nam\/\"]}]},{\"@type\":\"ImageObject\",\"inLanguage\":\"vi\",\"@id\":\"https:\/\/tranthi.vn\/quangnam\/giuong-nhua-dai-loan-hoi-an-tam-ky-quang-nam\/#primaryimage\",\"url\":\"https:\/\/tranthi.vn\/quangnam\/wp-content\/uploads\/2021\/02\/img201804081337FB_IMG_1517706105032-Copy.jpg\",\"contentUrl\":\"https:\/\/tranthi.vn\/quangnam\/wp-content\/uploads\/2021\/02\/img201804081337FB_IMG_1517706105032-Copy.jpg\",\"width\":512,\"height\":510},{\"@type\":\"BreadcrumbList\",\"@id\":\"https:\/\/tranthi.vn\/quangnam\/giuong-nhua-dai-loan-hoi-an-tam-ky-quang-nam\/#breadcrumb\",\"itemListElement\":[{\"@type\":\"ListItem\",\"position\":1,\"name\":\"Trang ch\u1ee7\",\"item\":\"https:\/\/tranthi.vn\/quangnam\/\"},{\"@type\":\"ListItem\",\"position\":2,\"name\":\"Shop\",\"item\":\"https:\/\/tranthi.vn\/quangnam\/shop\/\"},{\"@type\":\"ListItem\",\"position\":3,\"name\":\"Gi\u01b0\u1eddng Nh\u1ef1a DL02\"}]},{\"@type\":\"WebSite\",\"@id\":\"https:\/\/tranthi.vn\/quangnam\/#website\",\"url\":\"https:\/\/tranthi.vn\/quangnam\/\",\"name\":\"V\u1eadt Li\u1ec7u X\u00e2y D\u1ef1ng Tr\u1ea7n Th\u1ecb Chi Nh\u00e1nh Qu\u1ea3ng Nam\",\"description\":\"V\u1eadt Li\u1ec7u X\u00e2y D\u1ef1ng - Qu\u1ea3ng Nam\",\"potentialAction\":[{\"@type\":\"SearchAction\",\"target\":{\"@type\":\"EntryPoint\",\"urlTemplate\":\"https:\/\/tranthi.vn\/quangnam\/?s={search_term_string}\"},\"query-input\":\"required name=search_term_string\"}],\"inLanguage\":\"vi\"},{\"@type\":\"ImageObject\",\"inLanguage\":\"vi\",\"@id\":\"https:\/\/tranthi.vn\/quangnam\/giuong-nhua-dai-loan-hoi-an-tam-ky-quang-nam\/#local-main-organization-logo\",\"url\":\"\",\"contentUrl\":\"\",\"caption\":\"V\u1eadt Li\u1ec7u X\u00e2y D\u1ef1ng Tr\u1ea7n Th\u1ecb Chi Nh\u00e1nh Qu\u1ea3ng Nam\"}]}<\/script>\n<meta property=\"product:price:amount\" content=\"3800000\" \/>\n<meta property=\"product:price:currency\" content=\"VND\" \/>\n<meta property=\"og:availability\" content=\"instock\" \/>\n<meta property=\"product:availability\" content=\"instock\" \/>\n<meta property=\"product:condition\" content=\"new\" \/>\n<!-- \/ Yoast SEO Premium plugin. -->","yoast_head_json":{"title":"Gi\u01b0\u1eddng nh\u1ef1a \u0110\u00e0i Loan t\u1ea1i Qu\u1ea3ng Nam-0947.335.871","description":"Tr\u1ea7n Th\u1ecb-chuy\u00ean s\u1ea3n xu\u1ea5t t\u1ee7 qu\u1ea7n \u00e1o ng\u01b0\u1eddi l\u1edbn,Gi\u01b0\u1eddng nh\u1ef1a \u0110\u00e0i Loan gi\u00e1 r\u1ebb t\u1ea1i Qu\u1ea3ng Nam, cam k\u1ebft nh\u1ef1a \u0110\u00e0i Loan ch\u00ednh h\u00e3ng an to\u00e0n v\u00e0 b\u1ec1n ch\u1eafc","robots":{"index":"index","follow":"follow","max-snippet":"max-snippet:-1","max-image-preview":"max-image-preview:large","max-video-preview":"max-video-preview:-1"},"canonical":"https:\/\/tranthi.vn\/quangnam\/giuong-nhua-dai-loan-hoi-an-tam-ky-quang-nam\/","og_locale":"vi_VN","og_type":"article","og_title":"Gi\u01b0\u1eddng Nh\u1ef1a DL02","og_description":"Tr\u1ea7n Th\u1ecb-chuy\u00ean s\u1ea3n xu\u1ea5t t\u1ee7 qu\u1ea7n \u00e1o ng\u01b0\u1eddi l\u1edbn,Gi\u01b0\u1eddng nh\u1ef1a \u0110\u00e0i Loan gi\u00e1 r\u1ebb t\u1ea1i Qu\u1ea3ng Nam, cam k\u1ebft nh\u1ef1a \u0110\u00e0i Loan ch\u00ednh h\u00e3ng an to\u00e0n v\u00e0 b\u1ec1n ch\u1eafc","og_url":"https:\/\/tranthi.vn\/quangnam\/giuong-nhua-dai-loan-hoi-an-tam-ky-quang-nam\/","og_site_name":"V\u1eadt Li\u1ec7u X\u00e2y D\u1ef1ng Tr\u1ea7n Th\u1ecb Chi Nh\u00e1nh Qu\u1ea3ng Nam","article_modified_time":"2024-11-18T01:48:31+00:00","og_image":[{"width":512,"height":510,"url":"https:\/\/tranthi.vn\/quangnam\/wp-content\/uploads\/2021\/02\/img201804081337FB_IMG_1517706105032-Copy.jpg","type":"image\/jpeg"}],"twitter_card":"summary_large_image","twitter_misc":{"Gi\u00e1":"3,800,000&nbsp;&#8363;","Kh\u1ea3 d\u1ee5ng":"Trong kho"},"schema":{"@context":"https:\/\/schema.org","@graph":[{"@type":["WebPage","ItemPage"],"@id":"https:\/\/tranthi.vn\/quangnam\/giuong-nhua-dai-loan-hoi-an-tam-ky-quang-nam\/","url":"https:\/\/tranthi.vn\/quangnam\/giuong-nhua-dai-loan-hoi-an-tam-ky-quang-nam\/","name":"Gi\u01b0\u1eddng nh\u1ef1a \u0110\u00e0i Loan t\u1ea1i Qu\u1ea3ng Nam-0947.335.871","isPartOf":{"@id":"https:\/\/tranthi.vn\/quangnam\/#website"},"primaryImageOfPage":{"@id":"https:\/\/tranthi.vn\/quangnam\/giuong-nhua-dai-loan-hoi-an-tam-ky-quang-nam\/#primaryimage"},"image":{"@id":"https:\/\/tranthi.vn\/quangnam\/giuong-nhua-dai-loan-hoi-an-tam-ky-quang-nam\/#primaryimage"},"thumbnailUrl":"https:\/\/tranthi.vn\/quangnam\/wp-content\/uploads\/2021\/02\/img201804081337FB_IMG_1517706105032-Copy.jpg","datePublished":"2021-02-17T07:32:21+00:00","dateModified":"2024-11-18T01:48:31+00:00","description":"Tr\u1ea7n Th\u1ecb-chuy\u00ean s\u1ea3n xu\u1ea5t t\u1ee7 qu\u1ea7n \u00e1o ng\u01b0\u1eddi l\u1edbn,Gi\u01b0\u1eddng nh\u1ef1a \u0110\u00e0i Loan gi\u00e1 r\u1ebb t\u1ea1i Qu\u1ea3ng Nam, cam k\u1ebft nh\u1ef1a \u0110\u00e0i Loan ch\u00ednh h\u00e3ng an to\u00e0n v\u00e0 b\u1ec1n ch\u1eafc","breadcrumb":{"@id":"https:\/\/tranthi.vn\/quangnam\/giuong-nhua-dai-loan-hoi-an-tam-ky-quang-nam\/#breadcrumb"},"inLanguage":"vi","potentialAction":[{"@type":"ReadAction","target":["https:\/\/tranthi.vn\/quangnam\/giuong-nhua-dai-loan-hoi-an-tam-ky-quang-nam\/"]}]},{"@type":"ImageObject","inLanguage":"vi","@id":"https:\/\/tranthi.vn\/quangnam\/giuong-nhua-dai-loan-hoi-an-tam-ky-quang-nam\/#primaryimage","url":"https:\/\/tranthi.vn\/quangnam\/wp-content\/uploads\/2021\/02\/img201804081337FB_IMG_1517706105032-Copy.jpg","contentUrl":"https:\/\/tranthi.vn\/quangnam\/wp-content\/uploads\/2021\/02\/img201804081337FB_IMG_1517706105032-Copy.jpg","width":512,"height":510},{"@type":"BreadcrumbList","@id":"https:\/\/tranthi.vn\/quangnam\/giuong-nhua-dai-loan-hoi-an-tam-ky-quang-nam\/#breadcrumb","itemListElement":[{"@type":"ListItem","position":1,"name":"Trang ch\u1ee7","item":"https:\/\/tranthi.vn\/quangnam\/"},{"@type":"ListItem","position":2,"name":"Shop","item":"https:\/\/tranthi.vn\/quangnam\/shop\/"},{"@type":"ListItem","position":3,"name":"Gi\u01b0\u1eddng Nh\u1ef1a DL02"}]},{"@type":"WebSite","@id":"https:\/\/tranthi.vn\/quangnam\/#website","url":"https:\/\/tranthi.vn\/quangnam\/","name":"V\u1eadt Li\u1ec7u X\u00e2y D\u1ef1ng Tr\u1ea7n Th\u1ecb Chi Nh\u00e1nh Qu\u1ea3ng Nam","description":"V\u1eadt Li\u1ec7u X\u00e2y D\u1ef1ng - Qu\u1ea3ng Nam","potentialAction":[{"@type":"SearchAction","target":{"@type":"EntryPoint","urlTemplate":"https:\/\/tranthi.vn\/quangnam\/?s={search_term_string}"},"query-input":"required name=search_term_string"}],"inLanguage":"vi"},{"@type":"ImageObject","inLanguage":"vi","@id":"https:\/\/tranthi.vn\/quangnam\/giuong-nhua-dai-loan-hoi-an-tam-ky-quang-nam\/#local-main-organization-logo","url":"","contentUrl":"","caption":"V\u1eadt Li\u1ec7u X\u00e2y D\u1ef1ng Tr\u1ea7n Th\u1ecb Chi Nh\u00e1nh Qu\u1ea3ng Nam"}]},"product_price_amount":"3800000","product_price_currency":"VND","og_availability":"instock","product_availability":"instock","product_condition":"new"},"_links":{"self":[{"href":"https:\/\/tranthi.vn\/quangnam\/wp-json\/wp\/v2\/product\/1087","targetHints":{"allow":["GET"]}}],"collection":[{"href":"https:\/\/tranthi.vn\/quangnam\/wp-json\/wp\/v2\/product"}],"about":[{"href":"https:\/\/tranthi.vn\/quangnam\/wp-json\/wp\/v2\/types\/product"}],"replies":[{"embeddable":true,"href":"https:\/\/tranthi.vn\/quangnam\/wp-json\/wp\/v2\/comments?post=1087"}],"wp:featuredmedia":[{"embeddable":true,"href":"https:\/\/tranthi.vn\/quangnam\/wp-json\/wp\/v2\/media\/1086"}],"wp:attachment":[{"href":"https:\/\/tranthi.vn\/quangnam\/wp-json\/wp\/v2\/media?parent=1087"}],"wp:term":[{"taxonomy":"product_cat","embeddable":true,"href":"https:\/\/tranthi.vn\/quangnam\/wp-json\/wp\/v2\/product_cat?post=1087"},{"taxonomy":"product_tag","embeddable":true,"href":"https:\/\/tranthi.vn\/quangnam\/wp-json\/wp\/v2\/product_tag?post=1087"}],"curies":[{"name":"wp","href":"https:\/\/api.w.org\/{rel}","templated":true}]}}