{"id":881,"date":"2021-02-16T17:01:35","date_gmt":"2021-02-16T17:01:35","guid":{"rendered":"http:\/\/new-tranthi.test\/san-pham\/combo-tbvs-nhap-khau-cao-cap-cb004\/"},"modified":"2022-07-12T16:04:18","modified_gmt":"2022-07-12T09:04:18","slug":"combo-tbvs-nhap-khau-cao-cap-cb004-gia-tot-tai-dong-ha-quang-tri","status":"publish","type":"product","link":"https:\/\/tranthi.vn\/quang-tri\/combo-tbvs-nhap-khau-cao-cap-cb004-gia-tot-tai-dong-ha-quang-tri\/","title":{"rendered":"Combo TBVS Nh\u1eadp Kh\u1ea9u Cao C\u1ea5p CB004"},"content":{"rendered":"","protected":false},"excerpt":{"rendered":"<p><span style=\"font-family: 'times new roman', times, serif;\"><img decoding=\"async\" class=\"emoji\" draggable=\"false\" src=\"https:\/\/s.w.org\/images\/core\/emoji\/12.0.0-1\/svg\/1f61b.svg\" alt=\"\ud83d\ude1b\" \/><span style=\"font-size: 14pt; color: #000000;\">\u00a0Giao h\u00e0ng trong \u0111\u1ecba b\u00e0n\u00a0<span style=\"color: #008000;\"><em><a style=\"color: #008000;\" href=\"https:\/\/fr.wikipedia.org\/wiki\/Da_Nang\"><strong>\u0110\u00e0 N\u1eb5ng<\/strong><\/a><\/em><\/span><\/span><\/span><\/p>\n<p><span style=\"font-family: 'times new roman', times, serif; font-size: 14pt; color: #000000;\"><img decoding=\"async\" class=\"emoji\" draggable=\"false\" src=\"https:\/\/s.w.org\/images\/core\/emoji\/12.0.0-1\/svg\/1f61b.svg\" alt=\"\ud83d\ude1b\" \/>\u00a0\u0110\u01a1n v\u1ecb t\u00ednh: C\u00e1i<\/span><\/p>\n<p><span style=\"font-family: 'times new roman', times, serif; font-size: 14pt; color: #000000;\"><img decoding=\"async\" class=\"emoji\" draggable=\"false\" src=\"https:\/\/s.w.org\/images\/core\/emoji\/12.0.0-1\/svg\/1f61b.svg\" alt=\"\ud83d\ude1b\" \/>\u00a0\u0110\u01a1n gi\u00e1<em><strong>: Combo TBVS Nh\u1eadp Kh\u1ea9u Cao C\u1ea5p CB004<\/strong><\/em> trong n\u1ed9i th\u00e0nh_ Gi\u00e1: <strong><span style=\"color: #ff0000;\">4.300.000\u0111\/C\u00e1i<\/span><\/strong><\/span><\/p>\n","protected":false},"featured_media":880,"comment_status":"open","ping_status":"closed","template":"","meta":[],"product_cat":[182,179],"product_tag":[],"class_list":{"0":"post-881","1":"product","2":"type-product","3":"status-publish","4":"has-post-thumbnail","6":"product_cat-combo-tbvs","7":"product_cat-thiet-bi-ve-sinh-da-nang","9":"first","10":"instock","11":"sale","12":"shipping-taxable","13":"purchasable","14":"product-type-simple"},"yoast_head":"<!-- This site is optimized with the Yoast SEO Premium plugin v22.3 (Yoast SEO v24.0) - https:\/\/yoast.com\/wordpress\/plugins\/seo\/ -->\n<title>Combo TBVS Nh\u1eadp Kh\u1ea9u Cao C\u1ea5p CB004 - V\u1eadt Li\u1ec7u X\u00e2y D\u1ef1ng Tr\u1ea7n Th\u1ecb Chi Nh\u00e1nh Qu\u1ea3ng Tr\u1ecb<\/title>\n<meta name=\"robots\" content=\"index, follow, max-snippet:-1, max-image-preview:large, max-video-preview:-1\" \/>\n<link rel=\"canonical\" href=\"https:\/\/tranthi.vn\/quang-tri\/combo-tbvs-nhap-khau-cao-cap-cb004-gia-tot-tai-dong-ha-quang-tri\/\" \/>\n<meta property=\"og:locale\" content=\"vi_VN\" \/>\n<meta property=\"og:type\" content=\"article\" \/>\n<meta property=\"og:title\" content=\"Combo TBVS Nh\u1eadp Kh\u1ea9u Cao C\u1ea5p CB004\" \/>\n<meta property=\"og:description\" content=\"\u00a0Giao h\u00e0ng trong \u0111\u1ecba b\u00e0n\u00a0\u0110\u00e0 N\u1eb5ng  \u00a0\u0110\u01a1n v\u1ecb t\u00ednh: C\u00e1i  \u00a0\u0110\u01a1n gi\u00e1: Combo TBVS Nh\u1eadp Kh\u1ea9u Cao C\u1ea5p CB004 trong n\u1ed9i th\u00e0nh_ Gi\u00e1: 4.300.000\u0111\/C\u00e1i\" \/>\n<meta property=\"og:url\" content=\"https:\/\/tranthi.vn\/quang-tri\/combo-tbvs-nhap-khau-cao-cap-cb004-gia-tot-tai-dong-ha-quang-tri\/\" \/>\n<meta property=\"og:site_name\" content=\"V\u1eadt Li\u1ec7u X\u00e2y D\u1ef1ng Tr\u1ea7n Th\u1ecb Chi Nh\u00e1nh Qu\u1ea3ng Tr\u1ecb\" \/>\n<meta property=\"article:modified_time\" content=\"2022-07-12T09:04:18+00:00\" \/>\n<meta property=\"og:image\" content=\"https:\/\/tranthi.vn\/quang-tri\/wp-content\/uploads\/2021\/02\/combo01-4.jpg\" \/>\n\t<meta property=\"og:image:width\" content=\"748\" \/>\n\t<meta property=\"og:image:height\" content=\"960\" \/>\n\t<meta property=\"og:image:type\" content=\"image\/jpeg\" \/>\n<meta name=\"twitter:card\" content=\"summary_large_image\" \/>\n<meta name=\"twitter:label1\" content=\"Gi\u00e1\" \/>\n\t<meta name=\"twitter:data1\" content=\"4,300,000&nbsp;&#8363;\" \/>\n\t<meta name=\"twitter:label2\" content=\"Kh\u1ea3 d\u1ee5ng\" \/>\n\t<meta name=\"twitter:data2\" content=\"Trong kho\" \/>\n<script type=\"application\/ld+json\" class=\"yoast-schema-graph\">{\"@context\":\"https:\/\/schema.org\",\"@graph\":[{\"@type\":\"WebPage\",\"@id\":\"https:\/\/tranthi.vn\/quang-tri\/combo-tbvs-nhap-khau-cao-cap-cb004-gia-tot-tai-dong-ha-quang-tri\/\",\"url\":\"https:\/\/tranthi.vn\/quang-tri\/combo-tbvs-nhap-khau-cao-cap-cb004-gia-tot-tai-dong-ha-quang-tri\/\",\"name\":\"Combo TBVS Nh\u1eadp Kh\u1ea9u Cao C\u1ea5p CB004 - V\u1eadt Li\u1ec7u X\u00e2y D\u1ef1ng Tr\u1ea7n Th\u1ecb Chi Nh\u00e1nh Qu\u1ea3ng Tr\u1ecb\",\"isPartOf\":{\"@id\":\"https:\/\/tranthi.vn\/quang-tri\/#website\"},\"primaryImageOfPage\":{\"@id\":\"https:\/\/tranthi.vn\/quang-tri\/combo-tbvs-nhap-khau-cao-cap-cb004-gia-tot-tai-dong-ha-quang-tri\/#primaryimage\"},\"image\":{\"@id\":\"https:\/\/tranthi.vn\/quang-tri\/combo-tbvs-nhap-khau-cao-cap-cb004-gia-tot-tai-dong-ha-quang-tri\/#primaryimage\"},\"thumbnailUrl\":\"https:\/\/tranthi.vn\/quang-tri\/wp-content\/uploads\/2021\/02\/combo01-4.jpg\",\"datePublished\":\"2021-02-16T17:01:35+00:00\",\"dateModified\":\"2022-07-12T09:04:18+00:00\",\"breadcrumb\":{\"@id\":\"https:\/\/tranthi.vn\/quang-tri\/combo-tbvs-nhap-khau-cao-cap-cb004-gia-tot-tai-dong-ha-quang-tri\/#breadcrumb\"},\"inLanguage\":\"vi\",\"potentialAction\":[{\"@type\":\"ReadAction\",\"target\":[\"https:\/\/tranthi.vn\/quang-tri\/combo-tbvs-nhap-khau-cao-cap-cb004-gia-tot-tai-dong-ha-quang-tri\/\"]}]},{\"@type\":\"ImageObject\",\"inLanguage\":\"vi\",\"@id\":\"https:\/\/tranthi.vn\/quang-tri\/combo-tbvs-nhap-khau-cao-cap-cb004-gia-tot-tai-dong-ha-quang-tri\/#primaryimage\",\"url\":\"https:\/\/tranthi.vn\/quang-tri\/wp-content\/uploads\/2021\/02\/combo01-4.jpg\",\"contentUrl\":\"https:\/\/tranthi.vn\/quang-tri\/wp-content\/uploads\/2021\/02\/combo01-4.jpg\",\"width\":748,\"height\":960},{\"@type\":\"BreadcrumbList\",\"@id\":\"https:\/\/tranthi.vn\/quang-tri\/combo-tbvs-nhap-khau-cao-cap-cb004-gia-tot-tai-dong-ha-quang-tri\/#breadcrumb\",\"itemListElement\":[{\"@type\":\"ListItem\",\"position\":1,\"name\":\"Trang Ch\u1ee7\",\"item\":\"https:\/\/tranthi.vn\/quang-tri\/\"},{\"@type\":\"ListItem\",\"position\":2,\"name\":\"Shop\",\"item\":\"https:\/\/tranthi.vn\/quang-tri\/shop\/\"},{\"@type\":\"ListItem\",\"position\":3,\"name\":\"Combo TBVS Nh\u1eadp Kh\u1ea9u Cao C\u1ea5p CB004\"}]},{\"@type\":\"WebSite\",\"@id\":\"https:\/\/tranthi.vn\/quang-tri\/#website\",\"url\":\"https:\/\/tranthi.vn\/quang-tri\/\",\"name\":\"VLXD Tr\u1ea7n Th\u1ecb\",\"description\":\"V\u1eadt Li\u1ec7u X\u00e2y D\u1ef1ng - Qu\u1ea3ng Tr\u1ecb\",\"publisher\":{\"@id\":\"https:\/\/tranthi.vn\/quang-tri\/#organization\"},\"potentialAction\":[{\"@type\":\"SearchAction\",\"target\":{\"@type\":\"EntryPoint\",\"urlTemplate\":\"https:\/\/tranthi.vn\/quang-tri\/?s={search_term_string}\"},\"query-input\":{\"@type\":\"PropertyValueSpecification\",\"valueRequired\":true,\"valueName\":\"search_term_string\"}}],\"inLanguage\":\"vi\"},{\"@type\":[\"Organization\",\"Place\"],\"@id\":\"https:\/\/tranthi.vn\/quang-tri\/#organization\",\"name\":\"VLXD Tr\u1ea7n Th\u1ecb\",\"url\":\"https:\/\/tranthi.vn\/quang-tri\/\",\"logo\":{\"@id\":\"https:\/\/tranthi.vn\/quang-tri\/combo-tbvs-nhap-khau-cao-cap-cb004-gia-tot-tai-dong-ha-quang-tri\/#local-main-organization-logo\"},\"image\":{\"@id\":\"https:\/\/tranthi.vn\/quang-tri\/combo-tbvs-nhap-khau-cao-cap-cb004-gia-tot-tai-dong-ha-quang-tri\/#local-main-organization-logo\"},\"telephone\":[],\"openingHoursSpecification\":[{\"@type\":\"OpeningHoursSpecification\",\"dayOfWeek\":[\"Monday\",\"Tuesday\",\"Wednesday\",\"Thursday\",\"Friday\",\"Saturday\",\"Sunday\"],\"opens\":\"09:00\",\"closes\":\"17:00\"}]},{\"@type\":\"ImageObject\",\"inLanguage\":\"vi\",\"@id\":\"https:\/\/tranthi.vn\/quang-tri\/combo-tbvs-nhap-khau-cao-cap-cb004-gia-tot-tai-dong-ha-quang-tri\/#local-main-organization-logo\",\"url\":\"https:\/\/tranthi.vn\/quang-tri\/wp-content\/uploads\/2021\/02\/logo-tranthi1.jpg\",\"contentUrl\":\"https:\/\/tranthi.vn\/quang-tri\/wp-content\/uploads\/2021\/02\/logo-tranthi1.jpg\",\"width\":800,\"height\":319,\"caption\":\"VLXD Tr\u1ea7n Th\u1ecb\"}]}<\/script>\n<meta property=\"product:price:amount\" content=\"4300000\" \/>\n<meta property=\"product:price:currency\" content=\"VND\" \/>\n<meta property=\"og:availability\" content=\"instock\" \/>\n<meta property=\"product:availability\" content=\"instock\" \/>\n<meta property=\"product:condition\" content=\"new\" \/>\n<!-- \/ Yoast SEO Premium plugin. -->","yoast_head_json":{"title":"Combo TBVS Nh\u1eadp Kh\u1ea9u Cao C\u1ea5p CB004 - V\u1eadt Li\u1ec7u X\u00e2y D\u1ef1ng Tr\u1ea7n Th\u1ecb Chi Nh\u00e1nh Qu\u1ea3ng Tr\u1ecb","robots":{"index":"index","follow":"follow","max-snippet":"max-snippet:-1","max-image-preview":"max-image-preview:large","max-video-preview":"max-video-preview:-1"},"canonical":"https:\/\/tranthi.vn\/quang-tri\/combo-tbvs-nhap-khau-cao-cap-cb004-gia-tot-tai-dong-ha-quang-tri\/","og_locale":"vi_VN","og_type":"article","og_title":"Combo TBVS Nh\u1eadp Kh\u1ea9u Cao C\u1ea5p CB004","og_description":"\u00a0Giao h\u00e0ng trong \u0111\u1ecba b\u00e0n\u00a0\u0110\u00e0 N\u1eb5ng  \u00a0\u0110\u01a1n v\u1ecb t\u00ednh: C\u00e1i  \u00a0\u0110\u01a1n gi\u00e1: Combo TBVS Nh\u1eadp Kh\u1ea9u Cao C\u1ea5p CB004 trong n\u1ed9i th\u00e0nh_ Gi\u00e1: 4.300.000\u0111\/C\u00e1i","og_url":"https:\/\/tranthi.vn\/quang-tri\/combo-tbvs-nhap-khau-cao-cap-cb004-gia-tot-tai-dong-ha-quang-tri\/","og_site_name":"V\u1eadt Li\u1ec7u X\u00e2y D\u1ef1ng Tr\u1ea7n Th\u1ecb Chi Nh\u00e1nh Qu\u1ea3ng Tr\u1ecb","article_modified_time":"2022-07-12T09:04:18+00:00","og_image":[{"width":748,"height":960,"url":"https:\/\/tranthi.vn\/quang-tri\/wp-content\/uploads\/2021\/02\/combo01-4.jpg","type":"image\/jpeg"}],"twitter_card":"summary_large_image","twitter_misc":{"Gi\u00e1":"4,300,000&nbsp;&#8363;","Kh\u1ea3 d\u1ee5ng":"Trong kho"},"schema":{"@context":"https:\/\/schema.org","@graph":[{"@type":"WebPage","@id":"https:\/\/tranthi.vn\/quang-tri\/combo-tbvs-nhap-khau-cao-cap-cb004-gia-tot-tai-dong-ha-quang-tri\/","url":"https:\/\/tranthi.vn\/quang-tri\/combo-tbvs-nhap-khau-cao-cap-cb004-gia-tot-tai-dong-ha-quang-tri\/","name":"Combo TBVS Nh\u1eadp Kh\u1ea9u Cao C\u1ea5p CB004 - V\u1eadt Li\u1ec7u X\u00e2y D\u1ef1ng Tr\u1ea7n Th\u1ecb Chi Nh\u00e1nh Qu\u1ea3ng Tr\u1ecb","isPartOf":{"@id":"https:\/\/tranthi.vn\/quang-tri\/#website"},"primaryImageOfPage":{"@id":"https:\/\/tranthi.vn\/quang-tri\/combo-tbvs-nhap-khau-cao-cap-cb004-gia-tot-tai-dong-ha-quang-tri\/#primaryimage"},"image":{"@id":"https:\/\/tranthi.vn\/quang-tri\/combo-tbvs-nhap-khau-cao-cap-cb004-gia-tot-tai-dong-ha-quang-tri\/#primaryimage"},"thumbnailUrl":"https:\/\/tranthi.vn\/quang-tri\/wp-content\/uploads\/2021\/02\/combo01-4.jpg","datePublished":"2021-02-16T17:01:35+00:00","dateModified":"2022-07-12T09:04:18+00:00","breadcrumb":{"@id":"https:\/\/tranthi.vn\/quang-tri\/combo-tbvs-nhap-khau-cao-cap-cb004-gia-tot-tai-dong-ha-quang-tri\/#breadcrumb"},"inLanguage":"vi","potentialAction":[{"@type":"ReadAction","target":["https:\/\/tranthi.vn\/quang-tri\/combo-tbvs-nhap-khau-cao-cap-cb004-gia-tot-tai-dong-ha-quang-tri\/"]}]},{"@type":"ImageObject","inLanguage":"vi","@id":"https:\/\/tranthi.vn\/quang-tri\/combo-tbvs-nhap-khau-cao-cap-cb004-gia-tot-tai-dong-ha-quang-tri\/#primaryimage","url":"https:\/\/tranthi.vn\/quang-tri\/wp-content\/uploads\/2021\/02\/combo01-4.jpg","contentUrl":"https:\/\/tranthi.vn\/quang-tri\/wp-content\/uploads\/2021\/02\/combo01-4.jpg","width":748,"height":960},{"@type":"BreadcrumbList","@id":"https:\/\/tranthi.vn\/quang-tri\/combo-tbvs-nhap-khau-cao-cap-cb004-gia-tot-tai-dong-ha-quang-tri\/#breadcrumb","itemListElement":[{"@type":"ListItem","position":1,"name":"Trang Ch\u1ee7","item":"https:\/\/tranthi.vn\/quang-tri\/"},{"@type":"ListItem","position":2,"name":"Shop","item":"https:\/\/tranthi.vn\/quang-tri\/shop\/"},{"@type":"ListItem","position":3,"name":"Combo TBVS Nh\u1eadp Kh\u1ea9u Cao C\u1ea5p CB004"}]},{"@type":"WebSite","@id":"https:\/\/tranthi.vn\/quang-tri\/#website","url":"https:\/\/tranthi.vn\/quang-tri\/","name":"VLXD Tr\u1ea7n Th\u1ecb","description":"V\u1eadt Li\u1ec7u X\u00e2y D\u1ef1ng - Qu\u1ea3ng Tr\u1ecb","publisher":{"@id":"https:\/\/tranthi.vn\/quang-tri\/#organization"},"potentialAction":[{"@type":"SearchAction","target":{"@type":"EntryPoint","urlTemplate":"https:\/\/tranthi.vn\/quang-tri\/?s={search_term_string}"},"query-input":{"@type":"PropertyValueSpecification","valueRequired":true,"valueName":"search_term_string"}}],"inLanguage":"vi"},{"@type":["Organization","Place"],"@id":"https:\/\/tranthi.vn\/quang-tri\/#organization","name":"VLXD Tr\u1ea7n Th\u1ecb","url":"https:\/\/tranthi.vn\/quang-tri\/","logo":{"@id":"https:\/\/tranthi.vn\/quang-tri\/combo-tbvs-nhap-khau-cao-cap-cb004-gia-tot-tai-dong-ha-quang-tri\/#local-main-organization-logo"},"image":{"@id":"https:\/\/tranthi.vn\/quang-tri\/combo-tbvs-nhap-khau-cao-cap-cb004-gia-tot-tai-dong-ha-quang-tri\/#local-main-organization-logo"},"telephone":[],"openingHoursSpecification":[{"@type":"OpeningHoursSpecification","dayOfWeek":["Monday","Tuesday","Wednesday","Thursday","Friday","Saturday","Sunday"],"opens":"09:00","closes":"17:00"}]},{"@type":"ImageObject","inLanguage":"vi","@id":"https:\/\/tranthi.vn\/quang-tri\/combo-tbvs-nhap-khau-cao-cap-cb004-gia-tot-tai-dong-ha-quang-tri\/#local-main-organization-logo","url":"https:\/\/tranthi.vn\/quang-tri\/wp-content\/uploads\/2021\/02\/logo-tranthi1.jpg","contentUrl":"https:\/\/tranthi.vn\/quang-tri\/wp-content\/uploads\/2021\/02\/logo-tranthi1.jpg","width":800,"height":319,"caption":"VLXD Tr\u1ea7n Th\u1ecb"}]},"product_price_amount":"4300000","product_price_currency":"VND","og_availability":"instock","product_availability":"instock","product_condition":"new"},"_links":{"self":[{"href":"https:\/\/tranthi.vn\/quang-tri\/wp-json\/wp\/v2\/product\/881","targetHints":{"allow":["GET"]}}],"collection":[{"href":"https:\/\/tranthi.vn\/quang-tri\/wp-json\/wp\/v2\/product"}],"about":[{"href":"https:\/\/tranthi.vn\/quang-tri\/wp-json\/wp\/v2\/types\/product"}],"replies":[{"embeddable":true,"href":"https:\/\/tranthi.vn\/quang-tri\/wp-json\/wp\/v2\/comments?post=881"}],"wp:featuredmedia":[{"embeddable":true,"href":"https:\/\/tranthi.vn\/quang-tri\/wp-json\/wp\/v2\/media\/880"}],"wp:attachment":[{"href":"https:\/\/tranthi.vn\/quang-tri\/wp-json\/wp\/v2\/media?parent=881"}],"wp:term":[{"taxonomy":"product_cat","embeddable":true,"href":"https:\/\/tranthi.vn\/quang-tri\/wp-json\/wp\/v2\/product_cat?post=881"},{"taxonomy":"product_tag","embeddable":true,"href":"https:\/\/tranthi.vn\/quang-tri\/wp-json\/wp\/v2\/product_tag?post=881"}],"curies":[{"name":"wp","href":"https:\/\/api.w.org\/{rel}","templated":true}]}}