{"id":5313,"date":"2024-07-27T14:37:46","date_gmt":"2024-07-27T07:37:46","guid":{"rendered":"https:\/\/tranthi.vn\/quang-tri\/?post_type=product&#038;p=5313"},"modified":"2024-07-27T14:37:47","modified_gmt":"2024-07-27T07:37:47","slug":"den-led-la-duong-pho-quang-tri","status":"publish","type":"product","link":"https:\/\/tranthi.vn\/quang-tri\/den-led-la-duong-pho-quang-tri\/","title":{"rendered":"\u0110\u00e8n led l\u00e1 \u0111\u01b0\u1eddng ph\u1ed1"},"content":{"rendered":"<h1 style=\"text-align: center;\"><span style=\"font-family: 'times new roman', times, serif; font-size: 140%;\">\u0110\u00e8n Led L\u00e1 \u0110\u01b0\u1eddng Ph\u1ed1 Qu\u1ea3ng Tr\u1ecb<\/span><\/h1>\n<h1><strong><span style=\"font-family: 'times new roman', times, serif; font-size: 130%;\">\u0110\u00e8n \u0110\u01b0\u1eddng- An To\u00e0n v\u00e0 Hi\u1ec7u Qu\u1ea3 Cho \u0110\u00f4 Th\u1ecb Hi\u1ec7n \u0110\u1ea1i<\/span><\/strong><\/h1>\n<h3><span style=\"font-family: 'times new roman', times, serif; font-size: 130%;\">\u0110\u00e8n \u0111\u01b0\u1eddng \u0111\u00f3ng vai tr\u00f2 quan tr\u1ecdng trong vi\u1ec7c \u0111\u1ea3m b\u1ea3o an to\u00e0n giao th\u00f4ng v\u00e0 n\u00e2ng cao ch\u1ea5t l\u01b0\u1ee3ng cu\u1ed9c s\u1ed1ng cho ng\u01b0\u1eddi d\u00e2n . L\u00e0 m\u1ed9t trong nh\u1eefng th\u00e0nh ph\u1ed1 ph\u00e1t tri\u1ec3n nhanh nh\u1ea5t Vi\u1ec7t Nam<strong><em>,<\/em><a href=\"https:\/\/vi.wikipedia.org\/wiki\/Qu%E1%BA%A3ng_Tr%E1%BB%8B\"><em> Qu\u1ea3ng Tr\u1ecb<\/em><\/a><\/strong>\u00a0\u0111\u00e3 \u0111\u1ea7u t\u01b0 m\u1ea1nh m\u1ebd v\u00e0o h\u1ec7 th\u1ed1ng chi\u1ebfu s\u00e1ng c\u00f4ng c\u1ed9ng, bao g\u1ed3m vi\u1ec7c s\u1eed d\u1ee5ng \u0111\u00e8n LED hi\u1ec7n \u0111\u1ea1i \u0111\u1ec3 t\u0103ng c\u01b0\u1eddng hi\u1ec7u qu\u1ea3 chi\u1ebfu s\u00e1ng v\u00e0 ti\u1ebft ki\u1ec7m n\u0103ng l\u01b0\u1ee3ng. B\u00e0i vi\u1ebft n\u00e0y s\u1ebd kh\u00e1m ph\u00e1 c\u00e1c l\u1ee3i \u00edch c\u1ee7a \u0111\u00e8n \u0111\u01b0\u1eddng, nh\u1eefng b\u01b0\u1edbc ti\u1ebfn m\u1edbi trong c\u00f4ng ngh\u1ec7 chi\u1ebfu s\u00e1ng t\u1ea1i <em>Qu\u1ea3ng Tr\u1ecb<strong>\u00a0<\/strong><\/em>v\u00e0 l\u00fd do t\u1ea1i sao h\u1ec7 th\u1ed1ng \u0111\u00e8n \u0111\u01b0\u1eddng hi\u1ec7n \u0111\u1ea1i l\u1ea1i c\u1ea7n thi\u1ebft cho s\u1ef1 ph\u00e1t tri\u1ec3n b\u1ec1n v\u1eefng c\u1ee7a th\u00e0nh ph\u1ed1.<\/span><\/h3>\n<h1><strong><span style=\"font-family: 'times new roman', times, serif; font-size: 130%;\">1. Vai tr\u00f2 c\u1ee7a \u0111\u00e8n \u0111\u01b0\u1eddng<\/span><\/strong><\/h1>\n<h3><span style=\"font-family: 'times new roman', times, serif; font-size: 130%;\">\u0110\u00e8n \u0111\u01b0\u1eddng l\u00e0 m\u1ed9t y\u1ebfu t\u1ed1 thi\u1ebft y\u1ebfu trong vi\u1ec7c duy tr\u00ec an to\u00e0n v\u00e0 an ninh cho c\u00e1c khu v\u1ef1c c\u00f4ng c\u1ed9ng. Nh\u1eefng l\u1ee3i \u00edch ch\u00ednh c\u1ee7a \u0111\u00e8n \u0111\u01b0\u1eddng bao g\u1ed3m:<\/span><\/h3>\n<ul>\n<li>\n<h3><span style=\"font-family: 'times new roman', times, serif; font-size: 130%;\">An to\u00e0n giao th\u00f4ng: \u0110\u00e8n \u0111\u01b0\u1eddng gi\u00fap c\u1ea3i thi\u1ec7n t\u1ea7m nh\u00ecn cho c\u00e1c ph\u01b0\u01a1ng ti\u1ec7n v\u00e0 ng\u01b0\u1eddi \u0111i b\u1ed9 v\u00e0o ban \u0111\u00eam, gi\u1ea3m thi\u1ec3u nguy c\u01a1 tai n\u1ea1n giao th\u00f4ng.<\/span><\/h3>\n<\/li>\n<li>\n<h3><span style=\"font-family: 'times new roman', times, serif; font-size: 130%;\">An ninh c\u00f4ng c\u1ed9ng: \u00c1nh s\u00e1ng t\u1eeb \u0111\u00e8n \u0111\u01b0\u1eddng gi\u00fap ng\u0103n ch\u1eb7n c\u00e1c ho\u1ea1t \u0111\u1ed9ng t\u1ed9i ph\u1ea1m, t\u1ea1o c\u1ea3m gi\u00e1c an to\u00e0n cho ng\u01b0\u1eddi d\u00e2n khi di chuy\u1ec3n v\u00e0o ban \u0111\u00eam.<\/span><\/h3>\n<\/li>\n<li>\n<h3><span style=\"font-family: 'times new roman', times, serif; font-size: 130%;\">Th\u1ea9m m\u1ef9 \u0111\u00f4 th\u1ecb: H\u1ec7 th\u1ed1ng chi\u1ebfu s\u00e1ng c\u00f4ng c\u1ed9ng g\u00f3p ph\u1ea7n t\u1ea1o n\u00ean v\u1ebb \u0111\u1eb9p v\u00e0 s\u1ef1 h\u00e0i h\u00f2a cho c\u1ea3nh quan \u0111\u00f4 th\u1ecb v\u00e0o ban \u0111\u00eam.<\/span><\/h3>\n<\/li>\n<\/ul>\n<p style=\"text-align: center;\"><iframe loading=\"lazy\" src=\"\/\/www.youtube.com\/embed\/U2YkaqgdRKk\" width=\"560\" height=\"314\" allowfullscreen=\"allowfullscreen\" data-mce-fragment=\"1\"><\/iframe><\/p>\n<h1><strong><span style=\"font-family: 'times new roman', times, serif; font-size: 130%;\">2. C\u00f4ng ngh\u1ec7 \u0111\u00e8n \u0111\u01b0\u1eddng hi\u1ec7n \u0111\u1ea1i\u00a0<\/span><\/strong><\/h1>\n<h3><span style=\"font-family: 'times new roman', times, serif; font-size: 130%;\"><a href=\"https:\/\/vi.wikipedia.org\/wiki\/Qu%E1%BA%A3ng_Tr%E1%BB%8B\"><strong><em>Qu\u1ea3ng Tr\u1ecb <\/em><\/strong><\/a>\u0111\u00e3 chuy\u1ec3n \u0111\u1ed5i t\u1eeb vi\u1ec7c s\u1eed d\u1ee5ng c\u00e1c lo\u1ea1i \u0111\u00e8n truy\u1ec1n th\u1ed1ng sang \u0111\u00e8n LED hi\u1ec7n \u0111\u1ea1i v\u1edbi nhi\u1ec1u \u01b0u \u0111i\u1ec3m v\u01b0\u1ee3t tr\u1ed9i:<\/span><\/h3>\n<ul>\n<li>\n<h3><span style=\"font-family: 'times new roman', times, serif; font-size: 130%;\">Ti\u1ebft ki\u1ec7m n\u0103ng l\u01b0\u1ee3ng: \u0110\u00e8n LED ti\u00eau th\u1ee5 \u00edt \u0111i\u1ec7n n\u0103ng h\u01a1n so v\u1edbi c\u00e1c lo\u1ea1i \u0111\u00e8n truy\u1ec1n th\u1ed1ng nh\u01b0 \u0111\u00e8n cao \u00e1p hay \u0111\u00e8n halogen. \u0110i\u1ec1u n\u00e0y gi\u00fap gi\u1ea3m chi ph\u00ed \u0111i\u1ec7n n\u0103ng v\u00e0 g\u00f3p ph\u1ea7n b\u1ea3o v\u1ec7 m\u00f4i tr\u01b0\u1eddng.<\/span><\/h3>\n<\/li>\n<li>\n<h3><span style=\"font-family: 'times new roman', times, serif; font-size: 130%;\">Tu\u1ed5i th\u1ecd cao: \u0110\u00e8n LED c\u00f3 tu\u1ed5i th\u1ecd l\u00e2u d\u00e0i, t\u1eeb 50.000 \u0111\u1ebfn 100.000 gi\u1edd, gi\u1ea3m thi\u1ec3u chi ph\u00ed b\u1ea3o tr\u00ec v\u00e0 thay th\u1ebf.<\/span><\/h3>\n<\/li>\n<li>\n<h3><span style=\"font-family: 'times new roman', times, serif; font-size: 130%;\">\u00c1nh s\u00e1ng ch\u1ea5t l\u01b0\u1ee3ng: \u0110\u00e8n LED cung c\u1ea5p \u00e1nh s\u00e1ng r\u00f5 r\u00e0ng, kh\u00f4ng nh\u1ea5p nh\u00e1y v\u00e0 \u00edt t\u1ecfa nhi\u1ec7t, gi\u00fap c\u1ea3i thi\u1ec7n t\u1ea7m nh\u00ecn v\u00e0 gi\u1ea3m m\u1ec7t m\u1ecfi cho m\u1eaft.<\/span><\/h3>\n<\/li>\n<li>\n<h3><span style=\"font-family: 'times new roman', times, serif; font-size: 130%;\">Kh\u1ea3 n\u0103ng \u0111i\u1ec1u ch\u1ec9nh linh ho\u1ea1t: H\u1ec7 th\u1ed1ng \u0111\u00e8n LED c\u00f3 th\u1ec3 \u0111i\u1ec1u ch\u1ec9nh \u0111\u1ed9 s\u00e1ng v\u00e0 m\u00e0u s\u1eafc \u00e1nh s\u00e1ng t\u00f9y theo nhu c\u1ea7u, t\u1ea1o ra m\u00f4i tr\u01b0\u1eddng chi\u1ebfu s\u00e1ng ph\u00f9 h\u1ee3p v\u1edbi t\u1eebng khu v\u1ef1c c\u1ee5 th\u1ec3.<\/span><\/h3>\n<\/li>\n<\/ul>\n<p style=\"text-align: center;\"><iframe loading=\"lazy\" src=\"\/\/www.youtube.com\/embed\/AvPdtZCr5Fs\" width=\"560\" height=\"314\" allowfullscreen=\"allowfullscreen\" data-mce-fragment=\"1\"><\/iframe><\/p>\n<h1><strong><span style=\"font-family: 'times new roman', times, serif; font-size: 130%;\">3. L\u00fd do \u0111\u1ea7u t\u01b0 v\u00e0o \u0111\u00e8n \u0111\u01b0\u1eddng hi\u1ec7n \u0111\u1ea1i<\/span><\/strong><\/h1>\n<h3><span style=\"font-family: 'times new roman', times, serif; font-size: 130%;\"><a href=\"https:\/\/vi.wikipedia.org\/wiki\/Qu%E1%BA%A3ng_Tr%E1%BB%8B\"><em>Qu\u1ea3ng Tr\u1ecb<\/em><\/a>\u00a0l\u00e0 m\u1ed9t th\u00e0nh ph\u1ed1 du l\u1ecbch v\u00e0 kinh t\u1ebf quan tr\u1ecdng, vi\u1ec7c \u0111\u1ea7u t\u01b0 v\u00e0o h\u1ec7 th\u1ed1ng \u0111\u00e8n \u0111\u01b0\u1eddng hi\u1ec7n \u0111\u1ea1i mang l\u1ea1i nhi\u1ec1u l\u1ee3i \u00edch:<\/span><\/h3>\n<ul>\n<li>\n<h3><span style=\"font-family: 'times new roman', times, serif; font-size: 130%;\">N\u00e2ng cao ch\u1ea5t l\u01b0\u1ee3ng s\u1ed1ng: H\u1ec7 th\u1ed1ng chi\u1ebfu s\u00e1ng c\u00f4ng c\u1ed9ng hi\u1ec7u qu\u1ea3 gi\u00fap ng\u01b0\u1eddi d\u00e2n c\u1ea3m th\u1ea5y an to\u00e0n v\u00e0 ti\u1ec7n nghi h\u01a1n khi tham gia giao th\u00f4ng ho\u1eb7c sinh ho\u1ea1t v\u00e0o ban \u0111\u00eam.<\/span><\/h3>\n<\/li>\n<li>\n<h3><span style=\"font-family: 'times new roman', times, serif; font-size: 130%;\">H\u1ed7 tr\u1ee3 ph\u00e1t tri\u1ec3n du l\u1ecbch: \u00c1nh s\u00e1ng \u0111\u1eb9p v\u00e0 hi\u1ec7u qu\u1ea3 t\u1ea1o n\u00ean v\u1ebb \u0111\u1eb9p lung linh cho c\u00e1c khu v\u1ef1c du l\u1ecbch, thu h\u00fat du kh\u00e1ch v\u00e0 th\u00fac \u0111\u1ea9y ng\u00e0nh du l\u1ecbch ph\u00e1t tri\u1ec3n.<\/span><\/h3>\n<\/li>\n<li>\n<h3><span style=\"font-family: 'times new roman', times, serif; font-size: 130%;\">B\u1ea3o v\u1ec7 m\u00f4i tr\u01b0\u1eddng: S\u1eed d\u1ee5ng \u0111\u00e8n LED gi\u00fap gi\u1ea3m l\u01b0\u1ee3ng kh\u00ed th\u1ea3i CO2, g\u00f3p ph\u1ea7n v\u00e0o n\u1ed7 l\u1ef1c b\u1ea3o v\u1ec7 m\u00f4i tr\u01b0\u1eddng v\u00e0 ph\u00e1t tri\u1ec3n b\u1ec1n v\u1eefng c\u1ee7a th\u00e0nh ph\u1ed1.<\/span><\/h3>\n<\/li>\n<\/ul>\n<h3><\/h3>\n","protected":false},"excerpt":{"rendered":"<p>\u0110\u00e8n Led L\u00e1 \u0110\u01b0\u1eddng Ph\u1ed1 Qu\u1ea3ng Tr\u1ecb \u0110\u00e8n \u0110\u01b0\u1eddng- An To\u00e0n v\u00e0 Hi\u1ec7u Qu\u1ea3 Cho \u0110\u00f4 Th\u1ecb Hi\u1ec7n \u0110\u1ea1i \u0110\u00e8n \u0111\u01b0\u1eddng \u0111\u00f3ng vai tr\u00f2 quan tr\u1ecdng trong vi\u1ec7c \u0111\u1ea3m b\u1ea3o an to\u00e0n giao th\u00f4ng v\u00e0 n\u00e2ng cao ch\u1ea5t l\u01b0\u1ee3ng cu\u1ed9c s\u1ed1ng cho ng\u01b0\u1eddi d\u00e2n . L\u00e0 m\u1ed9t trong nh\u1eefng th\u00e0nh ph\u1ed1 ph\u00e1t tri\u1ec3n nhanh nh\u1ea5t&#8230;<\/p>\n","protected":false},"featured_media":0,"comment_status":"closed","ping_status":"closed","template":"","meta":[],"product_cat":[15],"product_tag":[],"class_list":{"0":"post-5313","1":"product","2":"type-product","3":"status-publish","5":"product_cat-chua-phan-loai","7":"first","8":"instock","9":"shipping-taxable","10":"product-type-simple"},"yoast_head":"<!-- This site is optimized with the Yoast SEO Premium plugin v22.3 (Yoast SEO v24.0) - https:\/\/yoast.com\/wordpress\/plugins\/seo\/ -->\n<title>Gi\u00e1 \u0111\u00e8n led \u0111\u01b0\u1eddng t\u1ea1i Qu\u1ea3ng Tr\u1ecb-0947.335.871<\/title>\n<meta name=\"description\" content=\"Gi\u00e1 \u0111\u00e8n led \u0111\u01b0\u1eddng t\u1ea1i Qu\u1ea3ng Tr\u1ecb-0947.335.871 Tr\u1ea7n th\u1ecb. Cung c\u1ea5p h\u00e0ng ho\u00e1 uy t\u00edn ch\u1ea5t l\u01b0\u1ee3ng tham kh\u1ea3o t\u1ea1i web: tranthi.vn \u0111\u1ec3 bi\u1ebft th\u00eam chi ti\u1ebft\" \/>\n<meta name=\"robots\" content=\"index, follow, max-snippet:-1, max-image-preview:large, max-video-preview:-1\" \/>\n<link rel=\"canonical\" href=\"https:\/\/tranthi.vn\/quang-tri\/den-led-la-duong-pho-quang-tri\/\" \/>\n<meta property=\"og:locale\" content=\"vi_VN\" \/>\n<meta property=\"og:type\" content=\"article\" \/>\n<meta property=\"og:title\" content=\"\u0110\u00e8n led l\u00e1 \u0111\u01b0\u1eddng ph\u1ed1\" \/>\n<meta property=\"og:description\" content=\"Gi\u00e1 \u0111\u00e8n led \u0111\u01b0\u1eddng t\u1ea1i Qu\u1ea3ng Tr\u1ecb-0947.335.871 Tr\u1ea7n th\u1ecb. Cung c\u1ea5p h\u00e0ng ho\u00e1 uy t\u00edn ch\u1ea5t l\u01b0\u1ee3ng tham kh\u1ea3o t\u1ea1i web: tranthi.vn \u0111\u1ec3 bi\u1ebft th\u00eam chi ti\u1ebft\" \/>\n<meta property=\"og:url\" content=\"https:\/\/tranthi.vn\/quang-tri\/den-led-la-duong-pho-quang-tri\/\" \/>\n<meta property=\"og:site_name\" content=\"V\u1eadt Li\u1ec7u X\u00e2y D\u1ef1ng Tr\u1ea7n Th\u1ecb Chi Nh\u00e1nh Qu\u1ea3ng Tr\u1ecb\" \/>\n<meta property=\"article:modified_time\" content=\"2024-07-27T07:37:47+00:00\" \/>\n<meta name=\"twitter:card\" content=\"summary_large_image\" \/>\n<meta name=\"twitter:label1\" content=\"Gi\u00e1\" \/>\n\t<meta name=\"twitter:data1\" content=\"\" \/>\n\t<meta name=\"twitter:label2\" content=\"Kh\u1ea3 d\u1ee5ng\" \/>\n\t<meta name=\"twitter:data2\" content=\"Trong kho\" \/>\n<script type=\"application\/ld+json\" class=\"yoast-schema-graph\">{\"@context\":\"https:\/\/schema.org\",\"@graph\":[{\"@type\":\"WebPage\",\"@id\":\"https:\/\/tranthi.vn\/quang-tri\/den-led-la-duong-pho-quang-tri\/\",\"url\":\"https:\/\/tranthi.vn\/quang-tri\/den-led-la-duong-pho-quang-tri\/\",\"name\":\"Gi\u00e1 \u0111\u00e8n led \u0111\u01b0\u1eddng t\u1ea1i Qu\u1ea3ng Tr\u1ecb-0947.335.871\",\"isPartOf\":{\"@id\":\"https:\/\/tranthi.vn\/quang-tri\/#website\"},\"datePublished\":\"2024-07-27T07:37:46+00:00\",\"dateModified\":\"2024-07-27T07:37:47+00:00\",\"description\":\"Gi\u00e1 \u0111\u00e8n led \u0111\u01b0\u1eddng t\u1ea1i Qu\u1ea3ng Tr\u1ecb-0947.335.871 Tr\u1ea7n th\u1ecb. Cung c\u1ea5p h\u00e0ng ho\u00e1 uy t\u00edn ch\u1ea5t l\u01b0\u1ee3ng tham kh\u1ea3o t\u1ea1i web: tranthi.vn \u0111\u1ec3 bi\u1ebft th\u00eam chi ti\u1ebft\",\"breadcrumb\":{\"@id\":\"https:\/\/tranthi.vn\/quang-tri\/den-led-la-duong-pho-quang-tri\/#breadcrumb\"},\"inLanguage\":\"vi\",\"potentialAction\":[{\"@type\":\"ReadAction\",\"target\":[\"https:\/\/tranthi.vn\/quang-tri\/den-led-la-duong-pho-quang-tri\/\"]}]},{\"@type\":\"BreadcrumbList\",\"@id\":\"https:\/\/tranthi.vn\/quang-tri\/den-led-la-duong-pho-quang-tri\/#breadcrumb\",\"itemListElement\":[{\"@type\":\"ListItem\",\"position\":1,\"name\":\"Trang Ch\u1ee7\",\"item\":\"https:\/\/tranthi.vn\/quang-tri\/\"},{\"@type\":\"ListItem\",\"position\":2,\"name\":\"Shop\",\"item\":\"https:\/\/tranthi.vn\/quang-tri\/shop\/\"},{\"@type\":\"ListItem\",\"position\":3,\"name\":\"\u0110\u00e8n led l\u00e1 \u0111\u01b0\u1eddng ph\u1ed1\"}]},{\"@type\":\"WebSite\",\"@id\":\"https:\/\/tranthi.vn\/quang-tri\/#website\",\"url\":\"https:\/\/tranthi.vn\/quang-tri\/\",\"name\":\"VLXD Tr\u1ea7n Th\u1ecb\",\"description\":\"V\u1eadt Li\u1ec7u X\u00e2y D\u1ef1ng - Qu\u1ea3ng Tr\u1ecb\",\"publisher\":{\"@id\":\"https:\/\/tranthi.vn\/quang-tri\/#organization\"},\"potentialAction\":[{\"@type\":\"SearchAction\",\"target\":{\"@type\":\"EntryPoint\",\"urlTemplate\":\"https:\/\/tranthi.vn\/quang-tri\/?s={search_term_string}\"},\"query-input\":{\"@type\":\"PropertyValueSpecification\",\"valueRequired\":true,\"valueName\":\"search_term_string\"}}],\"inLanguage\":\"vi\"},{\"@type\":[\"Organization\",\"Place\"],\"@id\":\"https:\/\/tranthi.vn\/quang-tri\/#organization\",\"name\":\"VLXD Tr\u1ea7n Th\u1ecb\",\"url\":\"https:\/\/tranthi.vn\/quang-tri\/\",\"logo\":{\"@id\":\"https:\/\/tranthi.vn\/quang-tri\/den-led-la-duong-pho-quang-tri\/#local-main-organization-logo\"},\"image\":{\"@id\":\"https:\/\/tranthi.vn\/quang-tri\/den-led-la-duong-pho-quang-tri\/#local-main-organization-logo\"},\"telephone\":[],\"openingHoursSpecification\":[{\"@type\":\"OpeningHoursSpecification\",\"dayOfWeek\":[\"Monday\",\"Tuesday\",\"Wednesday\",\"Thursday\",\"Friday\",\"Saturday\",\"Sunday\"],\"opens\":\"09:00\",\"closes\":\"17:00\"}]},{\"@type\":\"ImageObject\",\"inLanguage\":\"vi\",\"@id\":\"https:\/\/tranthi.vn\/quang-tri\/den-led-la-duong-pho-quang-tri\/#local-main-organization-logo\",\"url\":\"https:\/\/tranthi.vn\/quang-tri\/wp-content\/uploads\/2021\/02\/logo-tranthi1.jpg\",\"contentUrl\":\"https:\/\/tranthi.vn\/quang-tri\/wp-content\/uploads\/2021\/02\/logo-tranthi1.jpg\",\"width\":800,\"height\":319,\"caption\":\"VLXD Tr\u1ea7n Th\u1ecb\"}]}<\/script>\n<meta property=\"product:price:amount\" content=\"0\" \/>\n<meta property=\"product:price:currency\" content=\"VND\" \/>\n<meta property=\"og:availability\" content=\"instock\" \/>\n<meta property=\"product:availability\" content=\"instock\" \/>\n<meta property=\"product:condition\" content=\"new\" \/>\n<!-- \/ Yoast SEO Premium plugin. -->","yoast_head_json":{"title":"Gi\u00e1 \u0111\u00e8n led \u0111\u01b0\u1eddng t\u1ea1i Qu\u1ea3ng Tr\u1ecb-0947.335.871","description":"Gi\u00e1 \u0111\u00e8n led \u0111\u01b0\u1eddng t\u1ea1i Qu\u1ea3ng Tr\u1ecb-0947.335.871 Tr\u1ea7n th\u1ecb. Cung c\u1ea5p h\u00e0ng ho\u00e1 uy t\u00edn ch\u1ea5t l\u01b0\u1ee3ng tham kh\u1ea3o t\u1ea1i web: tranthi.vn \u0111\u1ec3 bi\u1ebft th\u00eam chi ti\u1ebft","robots":{"index":"index","follow":"follow","max-snippet":"max-snippet:-1","max-image-preview":"max-image-preview:large","max-video-preview":"max-video-preview:-1"},"canonical":"https:\/\/tranthi.vn\/quang-tri\/den-led-la-duong-pho-quang-tri\/","og_locale":"vi_VN","og_type":"article","og_title":"\u0110\u00e8n led l\u00e1 \u0111\u01b0\u1eddng ph\u1ed1","og_description":"Gi\u00e1 \u0111\u00e8n led \u0111\u01b0\u1eddng t\u1ea1i Qu\u1ea3ng Tr\u1ecb-0947.335.871 Tr\u1ea7n th\u1ecb. Cung c\u1ea5p h\u00e0ng ho\u00e1 uy t\u00edn ch\u1ea5t l\u01b0\u1ee3ng tham kh\u1ea3o t\u1ea1i web: tranthi.vn \u0111\u1ec3 bi\u1ebft th\u00eam chi ti\u1ebft","og_url":"https:\/\/tranthi.vn\/quang-tri\/den-led-la-duong-pho-quang-tri\/","og_site_name":"V\u1eadt Li\u1ec7u X\u00e2y D\u1ef1ng Tr\u1ea7n Th\u1ecb Chi Nh\u00e1nh Qu\u1ea3ng Tr\u1ecb","article_modified_time":"2024-07-27T07:37:47+00:00","twitter_card":"summary_large_image","twitter_misc":{"Gi\u00e1":"","Kh\u1ea3 d\u1ee5ng":"Trong kho"},"schema":{"@context":"https:\/\/schema.org","@graph":[{"@type":"WebPage","@id":"https:\/\/tranthi.vn\/quang-tri\/den-led-la-duong-pho-quang-tri\/","url":"https:\/\/tranthi.vn\/quang-tri\/den-led-la-duong-pho-quang-tri\/","name":"Gi\u00e1 \u0111\u00e8n led \u0111\u01b0\u1eddng t\u1ea1i Qu\u1ea3ng Tr\u1ecb-0947.335.871","isPartOf":{"@id":"https:\/\/tranthi.vn\/quang-tri\/#website"},"datePublished":"2024-07-27T07:37:46+00:00","dateModified":"2024-07-27T07:37:47+00:00","description":"Gi\u00e1 \u0111\u00e8n led \u0111\u01b0\u1eddng t\u1ea1i Qu\u1ea3ng Tr\u1ecb-0947.335.871 Tr\u1ea7n th\u1ecb. Cung c\u1ea5p h\u00e0ng ho\u00e1 uy t\u00edn ch\u1ea5t l\u01b0\u1ee3ng tham kh\u1ea3o t\u1ea1i web: tranthi.vn \u0111\u1ec3 bi\u1ebft th\u00eam chi ti\u1ebft","breadcrumb":{"@id":"https:\/\/tranthi.vn\/quang-tri\/den-led-la-duong-pho-quang-tri\/#breadcrumb"},"inLanguage":"vi","potentialAction":[{"@type":"ReadAction","target":["https:\/\/tranthi.vn\/quang-tri\/den-led-la-duong-pho-quang-tri\/"]}]},{"@type":"BreadcrumbList","@id":"https:\/\/tranthi.vn\/quang-tri\/den-led-la-duong-pho-quang-tri\/#breadcrumb","itemListElement":[{"@type":"ListItem","position":1,"name":"Trang Ch\u1ee7","item":"https:\/\/tranthi.vn\/quang-tri\/"},{"@type":"ListItem","position":2,"name":"Shop","item":"https:\/\/tranthi.vn\/quang-tri\/shop\/"},{"@type":"ListItem","position":3,"name":"\u0110\u00e8n led l\u00e1 \u0111\u01b0\u1eddng ph\u1ed1"}]},{"@type":"WebSite","@id":"https:\/\/tranthi.vn\/quang-tri\/#website","url":"https:\/\/tranthi.vn\/quang-tri\/","name":"VLXD Tr\u1ea7n Th\u1ecb","description":"V\u1eadt Li\u1ec7u X\u00e2y D\u1ef1ng - Qu\u1ea3ng Tr\u1ecb","publisher":{"@id":"https:\/\/tranthi.vn\/quang-tri\/#organization"},"potentialAction":[{"@type":"SearchAction","target":{"@type":"EntryPoint","urlTemplate":"https:\/\/tranthi.vn\/quang-tri\/?s={search_term_string}"},"query-input":{"@type":"PropertyValueSpecification","valueRequired":true,"valueName":"search_term_string"}}],"inLanguage":"vi"},{"@type":["Organization","Place"],"@id":"https:\/\/tranthi.vn\/quang-tri\/#organization","name":"VLXD Tr\u1ea7n Th\u1ecb","url":"https:\/\/tranthi.vn\/quang-tri\/","logo":{"@id":"https:\/\/tranthi.vn\/quang-tri\/den-led-la-duong-pho-quang-tri\/#local-main-organization-logo"},"image":{"@id":"https:\/\/tranthi.vn\/quang-tri\/den-led-la-duong-pho-quang-tri\/#local-main-organization-logo"},"telephone":[],"openingHoursSpecification":[{"@type":"OpeningHoursSpecification","dayOfWeek":["Monday","Tuesday","Wednesday","Thursday","Friday","Saturday","Sunday"],"opens":"09:00","closes":"17:00"}]},{"@type":"ImageObject","inLanguage":"vi","@id":"https:\/\/tranthi.vn\/quang-tri\/den-led-la-duong-pho-quang-tri\/#local-main-organization-logo","url":"https:\/\/tranthi.vn\/quang-tri\/wp-content\/uploads\/2021\/02\/logo-tranthi1.jpg","contentUrl":"https:\/\/tranthi.vn\/quang-tri\/wp-content\/uploads\/2021\/02\/logo-tranthi1.jpg","width":800,"height":319,"caption":"VLXD Tr\u1ea7n Th\u1ecb"}]},"product_price_currency":"VND","og_availability":"instock","product_availability":"instock","product_condition":"new"},"_links":{"self":[{"href":"https:\/\/tranthi.vn\/quang-tri\/wp-json\/wp\/v2\/product\/5313","targetHints":{"allow":["GET"]}}],"collection":[{"href":"https:\/\/tranthi.vn\/quang-tri\/wp-json\/wp\/v2\/product"}],"about":[{"href":"https:\/\/tranthi.vn\/quang-tri\/wp-json\/wp\/v2\/types\/product"}],"replies":[{"embeddable":true,"href":"https:\/\/tranthi.vn\/quang-tri\/wp-json\/wp\/v2\/comments?post=5313"}],"wp:attachment":[{"href":"https:\/\/tranthi.vn\/quang-tri\/wp-json\/wp\/v2\/media?parent=5313"}],"wp:term":[{"taxonomy":"product_cat","embeddable":true,"href":"https:\/\/tranthi.vn\/quang-tri\/wp-json\/wp\/v2\/product_cat?post=5313"},{"taxonomy":"product_tag","embeddable":true,"href":"https:\/\/tranthi.vn\/quang-tri\/wp-json\/wp\/v2\/product_tag?post=5313"}],"curies":[{"name":"wp","href":"https:\/\/api.w.org\/{rel}","templated":true}]}}