{"id":5281,"date":"2024-07-26T11:08:37","date_gmt":"2024-07-26T04:08:37","guid":{"rendered":"https:\/\/tranthi.vn\/quang-tri\/?post_type=product&#038;p=5281"},"modified":"2024-07-26T11:08:38","modified_gmt":"2024-07-26T04:08:38","slug":"cua-sat-gia-re-quang-tri","status":"publish","type":"product","link":"https:\/\/tranthi.vn\/quang-tri\/cua-sat-gia-re-quang-tri\/","title":{"rendered":"C\u1eeda S\u1eaft"},"content":{"rendered":"<h1 style=\"text-align: center;\"><span style=\"font-family: 'times new roman', times, serif; font-size: 140%;\">C\u1eeda S\u1eaft Qu\u1ea3ng Tr\u1ecb<\/span><\/h1>\n<h1><strong><span style=\"font-family: 'times new roman', times, serif; font-size: 130%;\">C\u1eeda S\u1eaft &#8211; \u0110\u1ed9 B\u1ec1n V\u01b0\u1ee3t Tr\u1ed9i v\u00e0 Th\u1ea9m M\u1ef9 Cao<\/span><\/strong><\/h1>\n<h3><span style=\"font-family: 'times new roman', times, serif; font-size: 130%;\">C\u1eeda s\u1eaft l\u00e0 m\u1ed9t trong nh\u1eefng l\u1ef1a ch\u1ecdn ph\u1ed5 bi\u1ebfn trong thi\u1ebft k\u1ebf v\u00e0 x\u00e2y d\u1ef1ng t\u1ea1i <a href=\"https:\/\/vi.wikipedia.org\/wiki\/Qu%E1%BA%A3ng_Tr%E1%BB%8B\"><em>Qu\u1ea3ng Tr\u1ecb<\/em><\/a>\u00a0nh\u1edd v\u00e0o t\u00ednh b\u1ec1n b\u1ec9, an to\u00e0n v\u00e0 kh\u1ea3 n\u0103ng t\u00f9y bi\u1ebfn cao. V\u1edbi s\u1ef1 k\u1ebft h\u1ee3p gi\u1eefa ch\u1ea5t l\u01b0\u1ee3ng v\u00e0 th\u1ea9m m\u1ef9, c\u1eeda s\u1eaft kh\u00f4ng ch\u1ec9 b\u1ea3o v\u1ec7 c\u00f4ng tr\u00ecnh kh\u1ecfi c\u00e1c y\u1ebfu t\u1ed1 m\u00f4i tr\u01b0\u1eddng m\u00e0 c\u00f2n t\u1ea1o \u0111i\u1ec3m nh\u1ea5n n\u1ed5i b\u1eadt cho ki\u1ebfn tr\u00fac.\u00a0<\/span><\/h3>\n<h1><strong><span style=\"font-family: 'times new roman', times, serif; font-size: 130%;\">1. C\u00e1c lo\u1ea1i c\u1eeda s\u1eaft<\/span><\/strong><\/h1>\n<h3><span style=\"font-family: 'times new roman', times, serif; font-size: 130%;\">C\u1eeda s\u1eaft c\u00f3 nhi\u1ec1u lo\u1ea1i kh\u00e1c nhau, m\u1ed7i lo\u1ea1i ph\u00f9 h\u1ee3p v\u1edbi t\u1eebng nhu c\u1ea7u v\u00e0 m\u1ee5c \u0111\u00edch s\u1eed d\u1ee5ng c\u1ee5 th\u1ec3:<\/span><\/h3>\n<ul>\n<li>\n<h3><span style=\"font-family: 'times new roman', times, serif; font-size: 130%;\">C\u1eeda s\u1eaft h\u1ed9p: L\u00e0 lo\u1ea1i c\u1eeda \u0111\u01b0\u1ee3c l\u00e0m t\u1eeb c\u00e1c thanh s\u1eaft h\u1ed9p, c\u00f3 thi\u1ebft k\u1ebf ch\u1eafc ch\u1eafn v\u00e0 d\u1ec5 d\u00e0ng l\u1eafp \u0111\u1eb7t. C\u1eeda s\u1eaft h\u1ed9p th\u01b0\u1eddng \u0111\u01b0\u1ee3c s\u1eed d\u1ee5ng cho c\u1ed5ng, c\u1eeda ra v\u00e0o v\u00e0 c\u00e1c khu v\u1ef1c c\u1ea7n b\u1ea3o v\u1ec7 cao.<\/span><\/h3>\n<\/li>\n<li>\n<h3><span style=\"font-family: 'times new roman', times, serif; font-size: 130%;\">C\u1eeda s\u1eaft m\u1ef9 thu\u1eadt: \u0110\u01b0\u1ee3c thi\u1ebft k\u1ebf v\u1edbi c\u00e1c hoa v\u0103n tinh x\u1ea3o, c\u1eeda s\u1eaft m\u1ef9 thu\u1eadt kh\u00f4ng ch\u1ec9 c\u00f3 ch\u1ee9c n\u0103ng b\u1ea3o v\u1ec7 m\u00e0 c\u00f2n mang l\u1ea1i v\u1ebb \u0111\u1eb9p sang tr\u1ecdng v\u00e0 \u0111\u1eb3ng c\u1ea5p cho c\u00f4ng tr\u00ecnh. Lo\u1ea1i c\u1eeda n\u00e0y th\u01b0\u1eddng \u0111\u01b0\u1ee3c s\u1eed d\u1ee5ng cho c\u00e1c bi\u1ec7t th\u1ef1, nh\u00e0 ph\u1ed1 v\u00e0 c\u00f4ng tr\u00ecnh c\u00f3 y\u00eau c\u1ea7u th\u1ea9m m\u1ef9 cao.<\/span><\/h3>\n<\/li>\n<li>\n<h3><span style=\"font-family: 'times new roman', times, serif; font-size: 130%;\">C\u1eeda s\u1eaft ch\u1ed1ng ch\u00e1y: L\u00e0 lo\u1ea1i c\u1eeda s\u1eaft \u0111\u01b0\u1ee3c thi\u1ebft k\u1ebf \u0111\u1eb7c bi\u1ec7t \u0111\u1ec3 ch\u1ecbu l\u1eeda v\u00e0 ng\u0103n ch\u1eb7n s\u1ef1 lan r\u1ed9ng c\u1ee7a h\u1ecfa ho\u1ea1n. C\u1eeda s\u1eaft ch\u1ed1ng ch\u00e1y \u0111\u01b0\u1ee3c s\u1eed d\u1ee5ng trong c\u00e1c c\u00f4ng tr\u00ecnh y\u00eau c\u1ea7u an to\u00e0n cao nh\u01b0 nh\u00e0 m\u00e1y, t\u00f2a nh\u00e0 cao t\u1ea7ng v\u00e0 khu v\u1ef1c c\u00f3 nguy c\u01a1 ch\u00e1y n\u1ed5.<\/span><\/h3>\n<\/li>\n<li>\n<h3><span style=\"font-family: 'times new roman', times, serif; font-size: 130%;\">C\u1eeda s\u1eaft cu\u1ed1n: C\u1eeda s\u1eaft cu\u1ed1n l\u00e0 lo\u1ea1i c\u1eeda c\u00f3 kh\u1ea3 n\u0103ng cu\u1ed1n l\u00ean khi kh\u00f4ng s\u1eed d\u1ee5ng, gi\u00fap ti\u1ebft ki\u1ec7m kh\u00f4ng gian. Lo\u1ea1i c\u1eeda n\u00e0y th\u01b0\u1eddng \u0111\u01b0\u1ee3c d\u00f9ng cho c\u00e1c c\u1eeda h\u00e0ng, gara \u00f4 t\u00f4 v\u00e0 kho ch\u1ee9a h\u00e0ng.<\/span><\/h3>\n<\/li>\n<\/ul>\n<p style=\"text-align: center;\"><iframe loading=\"lazy\" src=\"\/\/www.youtube.com\/embed\/kMLWEKc3VPc\" width=\"560\" height=\"314\" allowfullscreen=\"allowfullscreen\" data-mce-fragment=\"1\"><\/iframe><\/p>\n<h1><strong><span style=\"font-family: 'times new roman', times, serif; font-size: 130%;\">2. \u01afu \u0111i\u1ec3m c\u1ee7a c\u1eeda s\u1eaft<\/span><\/strong><\/h1>\n<h3><span style=\"font-family: 'times new roman', times, serif; font-size: 130%;\">C\u1eeda s\u1eaft s\u1edf h\u1eefu nhi\u1ec1u l\u1ee3i \u00edch \u0111\u00e1ng k\u1ec3, bao g\u1ed3m:<\/span><\/h3>\n<ul>\n<li>\n<h3><span style=\"font-family: 'times new roman', times, serif; font-size: 130%;\">\u0110\u1ed9 b\u1ec1n cao: C\u1eeda s\u1eaft \u0111\u01b0\u1ee3c l\u00e0m t\u1eeb v\u1eadt li\u1ec7u s\u1eaft ch\u1ea5t l\u01b0\u1ee3ng, c\u00f3 kh\u1ea3 n\u0103ng ch\u1ecbu l\u1ef1c v\u00e0 ch\u1ed1ng l\u1ea1i c\u00e1c y\u1ebfu t\u1ed1 th\u1eddi ti\u1ebft kh\u1eafc nghi\u1ec7t. Ch\u00fang c\u00f3 tu\u1ed5i th\u1ecd l\u00e2u d\u00e0i v\u00e0 \u00edt ph\u1ea3i b\u1ea3o tr\u00ec.<\/span><\/h3>\n<\/li>\n<li>\n<h3><span style=\"font-family: 'times new roman', times, serif; font-size: 130%;\">An to\u00e0n v\u00e0 b\u1ea3o m\u1eadt: V\u1edbi c\u1ea5u tr\u00fac ch\u1eafc ch\u1eafn, c\u1eeda s\u1eaft cung c\u1ea5p m\u1ee9c \u0111\u1ed9 b\u1ea3o m\u1eadt cao, gi\u00fap b\u1ea3o v\u1ec7 t\u00e0i s\u1ea3n v\u00e0 \u0111\u1ea3m b\u1ea3o an to\u00e0n cho ng\u01b0\u1eddi s\u1eed d\u1ee5ng.<\/span><\/h3>\n<\/li>\n<li>\n<h3><span style=\"font-family: 'times new roman', times, serif; font-size: 130%;\">T\u00ednh th\u1ea9m m\u1ef9: C\u1eeda s\u1eaft c\u00f3 th\u1ec3 \u0111\u01b0\u1ee3c thi\u1ebft k\u1ebf theo nhi\u1ec1u ki\u1ec3u d\u00e1ng v\u00e0 hoa v\u0103n kh\u00e1c nhau, t\u1eeb \u0111\u01a1n gi\u1ea3n \u0111\u1ebfn tinh x\u1ea3o, gi\u00fap n\u00e2ng cao v\u1ebb \u0111\u1eb9p c\u1ee7a c\u00f4ng tr\u00ecnh.<\/span><\/h3>\n<\/li>\n<li>\n<h3><span style=\"font-family: 'times new roman', times, serif; font-size: 130%;\">D\u1ec5 d\u00e0ng b\u1ea3o tr\u00ec: C\u1eeda s\u1eaft d\u1ec5 d\u00e0ng v\u1ec7 sinh v\u00e0 b\u1ea3o tr\u00ec, gi\u00fap duy tr\u00ec s\u1ef1 s\u1ea1ch s\u1ebd v\u00e0 th\u1ea9m m\u1ef9 trong th\u1eddi gian d\u00e0i.<\/span><\/h3>\n<\/li>\n<\/ul>\n<p style=\"text-align: center;\"><iframe loading=\"lazy\" src=\"\/\/www.youtube.com\/embed\/e0xzElyuLbA\" width=\"560\" height=\"314\" allowfullscreen=\"allowfullscreen\" data-mce-fragment=\"1\"><\/iframe><\/p>\n<h1><strong><span style=\"font-family: 'times new roman', times, serif; font-size: 130%;\">3. L\u00fd do n\u00ean ch\u1ecdn c\u1eeda s\u1eaft<\/span><\/strong><\/h1>\n<h3><span style=\"font-family: 'times new roman', times, serif; font-size: 130%;\"><a href=\"https:\/\/vi.wikipedia.org\/wiki\/Qu%E1%BA%A3ng_Tr%E1%BB%8B\"><em><strong>Qu\u1ea3ng Tr\u1ecb<\/strong><\/em><\/a> l\u00e0 m\u1ed9t th\u00e0nh ph\u1ed1 n\u0103ng \u0111\u1ed9ng v\u1edbi nhi\u1ec1u d\u1ef1 \u00e1n x\u00e2y d\u1ef1ng v\u00e0 ph\u00e1t tri\u1ec3n. <\/span><\/h3>\n<h3><span style=\"font-family: 'times new roman', times, serif; font-size: 130%;\">D\u01b0\u1edbi \u0111\u00e2y l\u00e0 nh\u1eefng l\u00fd do b\u1ea1n n\u00ean ch\u1ecdn mua c\u1eeda s\u1eaft <\/span>:<\/h3>\n<ul>\n<li>\n<h3><span style=\"font-family: 'times new roman', times, serif; font-size: 130%;\">S\u1ea3n ph\u1ea9m ch\u1ea5t l\u01b0\u1ee3ng: C\u00e1c nh\u00e0 cung c\u1ea5p c\u1eeda s\u1eaft \u0111\u00e3 cung c\u1ea5p s\u1ea3n ph\u1ea9m ch\u1ea5t l\u01b0\u1ee3ng cao, \u0111\u01b0\u1ee3c s\u1ea3n xu\u1ea5t theo ti\u00eau chu\u1ea9n an to\u00e0n v\u00e0 th\u1ea9m m\u1ef9.<\/span><\/h3>\n<\/li>\n<li>\n<h3><span style=\"font-family: 'times new roman', times, serif; font-size: 130%;\">D\u1ecbch v\u1ee5 l\u1eafp \u0111\u1eb7t chuy\u00ean nghi\u1ec7p: Nhi\u1ec1u c\u00f4ng ty t\u1ea1i <em>Qu\u1ea3ng Tr\u1ecb<\/em>\u00a0cung c\u1ea5p d\u1ecbch v\u1ee5 l\u1eafp \u0111\u1eb7t c\u1eeda s\u1eaft chuy\u00ean nghi\u1ec7p, \u0111\u1ea3m b\u1ea3o c\u00f4ng tr\u00ecnh \u0111\u01b0\u1ee3c th\u1ef1c hi\u1ec7n ch\u00ednh x\u00e1c v\u00e0 an to\u00e0n.<\/span><\/h3>\n<\/li>\n<li>\n<h3><span style=\"font-family: 'times new roman', times, serif; font-size: 130%;\">Gi\u00e1 c\u1ea3 h\u1ee3p l\u00fd: V\u1edbi s\u1ef1 c\u1ea1nh tranh gi\u1eefa c\u00e1c nh\u00e0 cung c\u1ea5p, gi\u00e1 c\u1eeda s\u1eaft th\u01b0\u1eddng \u1edf m\u1ee9c h\u1ee3p l\u00fd, ph\u00f9 h\u1ee3p v\u1edbi ng\u00e2n s\u00e1ch c\u1ee7a nhi\u1ec1u d\u1ef1 \u00e1n x\u00e2y d\u1ef1ng.<\/span><\/h3>\n<\/li>\n<li>\n<h3><span style=\"font-family: 'times new roman', times, serif; font-size: 130%;\">D\u1ecbch v\u1ee5 h\u1eadu m\u00e3i t\u1ed1t: Nhi\u1ec1u nh\u00e0 cung c\u1ea5p cung c\u1ea5p d\u1ecbch v\u1ee5 h\u1eadu m\u00e3i t\u1eadn t\u00e2m, bao g\u1ed3m b\u1ea3o tr\u00ec v\u00e0 s\u1eeda ch\u1eefa, gi\u00fap b\u1ea1n y\u00ean t\u00e2m khi s\u1eed d\u1ee5ng s\u1ea3n ph\u1ea9m.<\/span><\/h3>\n<\/li>\n<\/ul>\n","protected":false},"excerpt":{"rendered":"<p>C\u1eeda S\u1eaft Qu\u1ea3ng Tr\u1ecb C\u1eeda S\u1eaft &#8211; \u0110\u1ed9 B\u1ec1n V\u01b0\u1ee3t Tr\u1ed9i v\u00e0 Th\u1ea9m M\u1ef9 Cao C\u1eeda s\u1eaft l\u00e0 m\u1ed9t trong nh\u1eefng l\u1ef1a ch\u1ecdn ph\u1ed5 bi\u1ebfn trong thi\u1ebft k\u1ebf v\u00e0 x\u00e2y d\u1ef1ng t\u1ea1i Qu\u1ea3ng Tr\u1ecb\u00a0nh\u1edd v\u00e0o t\u00ednh b\u1ec1n b\u1ec9, an to\u00e0n v\u00e0 kh\u1ea3 n\u0103ng t\u00f9y bi\u1ebfn cao. V\u1edbi s\u1ef1 k\u1ebft h\u1ee3p gi\u1eefa ch\u1ea5t l\u01b0\u1ee3ng v\u00e0 th\u1ea9m&#8230;<\/p>\n","protected":false},"featured_media":0,"comment_status":"closed","ping_status":"closed","template":"","meta":[],"product_cat":[15],"product_tag":[],"class_list":{"0":"post-5281","1":"product","2":"type-product","3":"status-publish","5":"product_cat-chua-phan-loai","7":"first","8":"instock","9":"shipping-taxable","10":"product-type-simple"},"yoast_head":"<!-- This site is optimized with the Yoast SEO Premium plugin v22.3 (Yoast SEO v24.0) - https:\/\/yoast.com\/wordpress\/plugins\/seo\/ -->\n<title>Gi\u00e1 c\u1eeda s\u1eaft t\u1ea1i Qu\u1ea3ng Tr\u1ecb-0947.335.871-Tr\u1ea7n Th\u1ecb<\/title>\n<meta name=\"description\" content=\"Gi\u00e1 c\u1eeda s\u1eaft t\u1ea1i Qu\u1ea3ng Tr\u1ecb-0947.335.871 Tr\u1ea7n th\u1ecb. Cung c\u1ea5p h\u00e0ng ho\u00e1 uy t\u00edn ch\u1ea5t l\u01b0\u1ee3ng tham kh\u1ea3o t\u1ea1i web: tranthi.vn \u0111\u1ec3 bi\u1ebft th\u00eam chi ti\u1ebft\" \/>\n<meta name=\"robots\" content=\"index, follow, max-snippet:-1, max-image-preview:large, max-video-preview:-1\" \/>\n<link rel=\"canonical\" href=\"https:\/\/tranthi.vn\/quang-tri\/cua-sat-gia-re-quang-tri\/\" \/>\n<meta property=\"og:locale\" content=\"vi_VN\" \/>\n<meta property=\"og:type\" content=\"article\" \/>\n<meta property=\"og:title\" content=\"C\u1eeda S\u1eaft\" \/>\n<meta property=\"og:description\" content=\"Gi\u00e1 c\u1eeda s\u1eaft t\u1ea1i Qu\u1ea3ng Tr\u1ecb-0947.335.871 Tr\u1ea7n th\u1ecb. Cung c\u1ea5p h\u00e0ng ho\u00e1 uy t\u00edn ch\u1ea5t l\u01b0\u1ee3ng tham kh\u1ea3o t\u1ea1i web: tranthi.vn \u0111\u1ec3 bi\u1ebft th\u00eam chi ti\u1ebft\" \/>\n<meta property=\"og:url\" content=\"https:\/\/tranthi.vn\/quang-tri\/cua-sat-gia-re-quang-tri\/\" \/>\n<meta property=\"og:site_name\" content=\"V\u1eadt Li\u1ec7u X\u00e2y D\u1ef1ng Tr\u1ea7n Th\u1ecb Chi Nh\u00e1nh Qu\u1ea3ng Tr\u1ecb\" \/>\n<meta property=\"article:modified_time\" content=\"2024-07-26T04:08:38+00:00\" \/>\n<meta name=\"twitter:card\" content=\"summary_large_image\" \/>\n<meta name=\"twitter:label1\" content=\"Gi\u00e1\" \/>\n\t<meta name=\"twitter:data1\" content=\"\" \/>\n\t<meta name=\"twitter:label2\" content=\"Kh\u1ea3 d\u1ee5ng\" \/>\n\t<meta name=\"twitter:data2\" content=\"Trong kho\" \/>\n<script type=\"application\/ld+json\" class=\"yoast-schema-graph\">{\"@context\":\"https:\/\/schema.org\",\"@graph\":[{\"@type\":\"WebPage\",\"@id\":\"https:\/\/tranthi.vn\/quang-tri\/cua-sat-gia-re-quang-tri\/\",\"url\":\"https:\/\/tranthi.vn\/quang-tri\/cua-sat-gia-re-quang-tri\/\",\"name\":\"Gi\u00e1 c\u1eeda s\u1eaft t\u1ea1i Qu\u1ea3ng Tr\u1ecb-0947.335.871-Tr\u1ea7n Th\u1ecb\",\"isPartOf\":{\"@id\":\"https:\/\/tranthi.vn\/quang-tri\/#website\"},\"datePublished\":\"2024-07-26T04:08:37+00:00\",\"dateModified\":\"2024-07-26T04:08:38+00:00\",\"description\":\"Gi\u00e1 c\u1eeda s\u1eaft t\u1ea1i Qu\u1ea3ng Tr\u1ecb-0947.335.871 Tr\u1ea7n th\u1ecb. Cung c\u1ea5p h\u00e0ng ho\u00e1 uy t\u00edn ch\u1ea5t l\u01b0\u1ee3ng tham kh\u1ea3o t\u1ea1i web: tranthi.vn \u0111\u1ec3 bi\u1ebft th\u00eam chi ti\u1ebft\",\"breadcrumb\":{\"@id\":\"https:\/\/tranthi.vn\/quang-tri\/cua-sat-gia-re-quang-tri\/#breadcrumb\"},\"inLanguage\":\"vi\",\"potentialAction\":[{\"@type\":\"ReadAction\",\"target\":[\"https:\/\/tranthi.vn\/quang-tri\/cua-sat-gia-re-quang-tri\/\"]}]},{\"@type\":\"BreadcrumbList\",\"@id\":\"https:\/\/tranthi.vn\/quang-tri\/cua-sat-gia-re-quang-tri\/#breadcrumb\",\"itemListElement\":[{\"@type\":\"ListItem\",\"position\":1,\"name\":\"Trang Ch\u1ee7\",\"item\":\"https:\/\/tranthi.vn\/quang-tri\/\"},{\"@type\":\"ListItem\",\"position\":2,\"name\":\"Shop\",\"item\":\"https:\/\/tranthi.vn\/quang-tri\/shop\/\"},{\"@type\":\"ListItem\",\"position\":3,\"name\":\"C\u1eeda S\u1eaft\"}]},{\"@type\":\"WebSite\",\"@id\":\"https:\/\/tranthi.vn\/quang-tri\/#website\",\"url\":\"https:\/\/tranthi.vn\/quang-tri\/\",\"name\":\"VLXD Tr\u1ea7n Th\u1ecb\",\"description\":\"V\u1eadt Li\u1ec7u X\u00e2y D\u1ef1ng - Qu\u1ea3ng Tr\u1ecb\",\"publisher\":{\"@id\":\"https:\/\/tranthi.vn\/quang-tri\/#organization\"},\"potentialAction\":[{\"@type\":\"SearchAction\",\"target\":{\"@type\":\"EntryPoint\",\"urlTemplate\":\"https:\/\/tranthi.vn\/quang-tri\/?s={search_term_string}\"},\"query-input\":{\"@type\":\"PropertyValueSpecification\",\"valueRequired\":true,\"valueName\":\"search_term_string\"}}],\"inLanguage\":\"vi\"},{\"@type\":[\"Organization\",\"Place\"],\"@id\":\"https:\/\/tranthi.vn\/quang-tri\/#organization\",\"name\":\"VLXD Tr\u1ea7n Th\u1ecb\",\"url\":\"https:\/\/tranthi.vn\/quang-tri\/\",\"logo\":{\"@id\":\"https:\/\/tranthi.vn\/quang-tri\/cua-sat-gia-re-quang-tri\/#local-main-organization-logo\"},\"image\":{\"@id\":\"https:\/\/tranthi.vn\/quang-tri\/cua-sat-gia-re-quang-tri\/#local-main-organization-logo\"},\"telephone\":[],\"openingHoursSpecification\":[{\"@type\":\"OpeningHoursSpecification\",\"dayOfWeek\":[\"Monday\",\"Tuesday\",\"Wednesday\",\"Thursday\",\"Friday\",\"Saturday\",\"Sunday\"],\"opens\":\"09:00\",\"closes\":\"17:00\"}]},{\"@type\":\"ImageObject\",\"inLanguage\":\"vi\",\"@id\":\"https:\/\/tranthi.vn\/quang-tri\/cua-sat-gia-re-quang-tri\/#local-main-organization-logo\",\"url\":\"https:\/\/tranthi.vn\/quang-tri\/wp-content\/uploads\/2021\/02\/logo-tranthi1.jpg\",\"contentUrl\":\"https:\/\/tranthi.vn\/quang-tri\/wp-content\/uploads\/2021\/02\/logo-tranthi1.jpg\",\"width\":800,\"height\":319,\"caption\":\"VLXD Tr\u1ea7n Th\u1ecb\"}]}<\/script>\n<meta property=\"product:price:amount\" content=\"0\" \/>\n<meta property=\"product:price:currency\" content=\"VND\" \/>\n<meta property=\"og:availability\" content=\"instock\" \/>\n<meta property=\"product:availability\" content=\"instock\" \/>\n<meta property=\"product:condition\" content=\"new\" \/>\n<!-- \/ Yoast SEO Premium plugin. -->","yoast_head_json":{"title":"Gi\u00e1 c\u1eeda s\u1eaft t\u1ea1i Qu\u1ea3ng Tr\u1ecb-0947.335.871-Tr\u1ea7n Th\u1ecb","description":"Gi\u00e1 c\u1eeda s\u1eaft t\u1ea1i Qu\u1ea3ng Tr\u1ecb-0947.335.871 Tr\u1ea7n th\u1ecb. Cung c\u1ea5p h\u00e0ng ho\u00e1 uy t\u00edn ch\u1ea5t l\u01b0\u1ee3ng tham kh\u1ea3o t\u1ea1i web: tranthi.vn \u0111\u1ec3 bi\u1ebft th\u00eam chi ti\u1ebft","robots":{"index":"index","follow":"follow","max-snippet":"max-snippet:-1","max-image-preview":"max-image-preview:large","max-video-preview":"max-video-preview:-1"},"canonical":"https:\/\/tranthi.vn\/quang-tri\/cua-sat-gia-re-quang-tri\/","og_locale":"vi_VN","og_type":"article","og_title":"C\u1eeda S\u1eaft","og_description":"Gi\u00e1 c\u1eeda s\u1eaft t\u1ea1i Qu\u1ea3ng Tr\u1ecb-0947.335.871 Tr\u1ea7n th\u1ecb. Cung c\u1ea5p h\u00e0ng ho\u00e1 uy t\u00edn ch\u1ea5t l\u01b0\u1ee3ng tham kh\u1ea3o t\u1ea1i web: tranthi.vn \u0111\u1ec3 bi\u1ebft th\u00eam chi ti\u1ebft","og_url":"https:\/\/tranthi.vn\/quang-tri\/cua-sat-gia-re-quang-tri\/","og_site_name":"V\u1eadt Li\u1ec7u X\u00e2y D\u1ef1ng Tr\u1ea7n Th\u1ecb Chi Nh\u00e1nh Qu\u1ea3ng Tr\u1ecb","article_modified_time":"2024-07-26T04:08:38+00:00","twitter_card":"summary_large_image","twitter_misc":{"Gi\u00e1":"","Kh\u1ea3 d\u1ee5ng":"Trong kho"},"schema":{"@context":"https:\/\/schema.org","@graph":[{"@type":"WebPage","@id":"https:\/\/tranthi.vn\/quang-tri\/cua-sat-gia-re-quang-tri\/","url":"https:\/\/tranthi.vn\/quang-tri\/cua-sat-gia-re-quang-tri\/","name":"Gi\u00e1 c\u1eeda s\u1eaft t\u1ea1i Qu\u1ea3ng Tr\u1ecb-0947.335.871-Tr\u1ea7n Th\u1ecb","isPartOf":{"@id":"https:\/\/tranthi.vn\/quang-tri\/#website"},"datePublished":"2024-07-26T04:08:37+00:00","dateModified":"2024-07-26T04:08:38+00:00","description":"Gi\u00e1 c\u1eeda s\u1eaft t\u1ea1i Qu\u1ea3ng Tr\u1ecb-0947.335.871 Tr\u1ea7n th\u1ecb. Cung c\u1ea5p h\u00e0ng ho\u00e1 uy t\u00edn ch\u1ea5t l\u01b0\u1ee3ng tham kh\u1ea3o t\u1ea1i web: tranthi.vn \u0111\u1ec3 bi\u1ebft th\u00eam chi ti\u1ebft","breadcrumb":{"@id":"https:\/\/tranthi.vn\/quang-tri\/cua-sat-gia-re-quang-tri\/#breadcrumb"},"inLanguage":"vi","potentialAction":[{"@type":"ReadAction","target":["https:\/\/tranthi.vn\/quang-tri\/cua-sat-gia-re-quang-tri\/"]}]},{"@type":"BreadcrumbList","@id":"https:\/\/tranthi.vn\/quang-tri\/cua-sat-gia-re-quang-tri\/#breadcrumb","itemListElement":[{"@type":"ListItem","position":1,"name":"Trang Ch\u1ee7","item":"https:\/\/tranthi.vn\/quang-tri\/"},{"@type":"ListItem","position":2,"name":"Shop","item":"https:\/\/tranthi.vn\/quang-tri\/shop\/"},{"@type":"ListItem","position":3,"name":"C\u1eeda S\u1eaft"}]},{"@type":"WebSite","@id":"https:\/\/tranthi.vn\/quang-tri\/#website","url":"https:\/\/tranthi.vn\/quang-tri\/","name":"VLXD Tr\u1ea7n Th\u1ecb","description":"V\u1eadt Li\u1ec7u X\u00e2y D\u1ef1ng - Qu\u1ea3ng Tr\u1ecb","publisher":{"@id":"https:\/\/tranthi.vn\/quang-tri\/#organization"},"potentialAction":[{"@type":"SearchAction","target":{"@type":"EntryPoint","urlTemplate":"https:\/\/tranthi.vn\/quang-tri\/?s={search_term_string}"},"query-input":{"@type":"PropertyValueSpecification","valueRequired":true,"valueName":"search_term_string"}}],"inLanguage":"vi"},{"@type":["Organization","Place"],"@id":"https:\/\/tranthi.vn\/quang-tri\/#organization","name":"VLXD Tr\u1ea7n Th\u1ecb","url":"https:\/\/tranthi.vn\/quang-tri\/","logo":{"@id":"https:\/\/tranthi.vn\/quang-tri\/cua-sat-gia-re-quang-tri\/#local-main-organization-logo"},"image":{"@id":"https:\/\/tranthi.vn\/quang-tri\/cua-sat-gia-re-quang-tri\/#local-main-organization-logo"},"telephone":[],"openingHoursSpecification":[{"@type":"OpeningHoursSpecification","dayOfWeek":["Monday","Tuesday","Wednesday","Thursday","Friday","Saturday","Sunday"],"opens":"09:00","closes":"17:00"}]},{"@type":"ImageObject","inLanguage":"vi","@id":"https:\/\/tranthi.vn\/quang-tri\/cua-sat-gia-re-quang-tri\/#local-main-organization-logo","url":"https:\/\/tranthi.vn\/quang-tri\/wp-content\/uploads\/2021\/02\/logo-tranthi1.jpg","contentUrl":"https:\/\/tranthi.vn\/quang-tri\/wp-content\/uploads\/2021\/02\/logo-tranthi1.jpg","width":800,"height":319,"caption":"VLXD Tr\u1ea7n Th\u1ecb"}]},"product_price_currency":"VND","og_availability":"instock","product_availability":"instock","product_condition":"new"},"_links":{"self":[{"href":"https:\/\/tranthi.vn\/quang-tri\/wp-json\/wp\/v2\/product\/5281","targetHints":{"allow":["GET"]}}],"collection":[{"href":"https:\/\/tranthi.vn\/quang-tri\/wp-json\/wp\/v2\/product"}],"about":[{"href":"https:\/\/tranthi.vn\/quang-tri\/wp-json\/wp\/v2\/types\/product"}],"replies":[{"embeddable":true,"href":"https:\/\/tranthi.vn\/quang-tri\/wp-json\/wp\/v2\/comments?post=5281"}],"wp:attachment":[{"href":"https:\/\/tranthi.vn\/quang-tri\/wp-json\/wp\/v2\/media?parent=5281"}],"wp:term":[{"taxonomy":"product_cat","embeddable":true,"href":"https:\/\/tranthi.vn\/quang-tri\/wp-json\/wp\/v2\/product_cat?post=5281"},{"taxonomy":"product_tag","embeddable":true,"href":"https:\/\/tranthi.vn\/quang-tri\/wp-json\/wp\/v2\/product_tag?post=5281"}],"curies":[{"name":"wp","href":"https:\/\/api.w.org\/{rel}","templated":true}]}}