{"id":5255,"date":"2024-07-25T10:20:15","date_gmt":"2024-07-25T03:20:15","guid":{"rendered":"https:\/\/tranthi.vn\/quang-tri\/?post_type=product&#038;p=5255"},"modified":"2024-07-25T10:20:16","modified_gmt":"2024-07-25T03:20:16","slug":"thiet-bi-ve-sinh-viglacera-tai-quang-tri","status":"publish","type":"product","link":"https:\/\/tranthi.vn\/quang-tri\/thiet-bi-ve-sinh-viglacera-tai-quang-tri\/","title":{"rendered":"Thi\u1ebft b\u1ecb v\u1ec7 sinh Viglacera t\u1ea1i Qu\u1ea3ng Tr\u1ecb"},"content":{"rendered":"<h1 style=\"text-align: center;\"><span style=\"font-family: 'times new roman', times, serif; font-size: 140%;\">Thi\u1ebft b\u1ecb v\u1ec7 sinh Viglacera t\u1ea1i <a href=\"https:\/\/vi.wikipedia.org\/wiki\/Qu%E1%BA%A3ng_Tr%E1%BB%8B\">Qu\u1ea3ng Tr\u1ecb<\/a><\/span><\/h1>\n<h1><strong><span style=\"font-family: 'times new roman', times, serif; font-size: 130%;\">Thi\u1ebft B\u1ecb V\u1ec7 Sinh Viglacera <i>&#8211;<\/i>S\u1ef1 L\u1ef1a Ch\u1ecdn Ho\u00e0n H\u1ea3o Cho Kh\u00f4ng Gian S\u1ed1ng Hi\u1ec7n \u0110\u1ea1i<\/span><\/strong><\/h1>\n<p><span style=\"font-family: 'times new roman', times, serif; font-size: 130%;\">Viglacera l\u00e0 m\u1ed9t trong nh\u1eefng th\u01b0\u01a1ng hi\u1ec7u h\u00e0ng \u0111\u1ea7u t\u1ea1i Vi\u1ec7t Nam chuy\u00ean s\u1ea3n xu\u1ea5t v\u00e0 cung c\u1ea5p c\u00e1c thi\u1ebft b\u1ecb v\u1ec7 sinh ch\u1ea5t l\u01b0\u1ee3ng cao. T\u1ea1i <a href=\"https:\/\/vi.wikipedia.org\/wiki\/Qu%E1%BA%A3ng_Tr%E1%BB%8B\"><em>Qu\u1ea3ng Tr\u1ecb<\/em><\/a>, Viglacera \u0111\u00e3 kh\u1eb3ng \u0111\u1ecbnh v\u1ecb th\u1ebf c\u1ee7a m\u00ecnh b\u1eb1ng vi\u1ec7c cung c\u1ea5p nh\u1eefng s\u1ea3n ph\u1ea9m \u0111a d\u1ea1ng, \u0111\u00e1p \u1ee9ng nhu c\u1ea7u ng\u00e0y c\u00e0ng cao c\u1ee7a kh\u00e1ch h\u00e0ng. B\u00e0i vi\u1ebft n\u00e0y s\u1ebd gi\u1edbi thi\u1ec7u v\u1ec1 thi\u1ebft b\u1ecb v\u1ec7 sinh Viglacera, nh\u1eefng \u01b0u \u0111i\u1ec3m v\u01b0\u1ee3t tr\u1ed9i v\u00e0 l\u00fd do t\u1ea1i sao b\u1ea1n n\u00ean l\u1ef1a ch\u1ecdn s\u1ea3n ph\u1ea9m c\u1ee7a Viglacera cho kh\u00f4ng gian s\u1ed1ng c\u1ee7a m\u00ecnh.<\/span><\/p>\n<h1><strong><span style=\"font-family: 'times new roman', times, serif; font-size: 130%;\">1. Gi\u1edbi thi\u1ec7u v\u1ec1 thi\u1ebft b\u1ecb v\u1ec7 sinh Viglacera<\/span><\/strong><\/h1>\n<p><span style=\"font-family: 'times new roman', times, serif; font-size: 130%;\">Viglacera l\u00e0 th\u01b0\u01a1ng hi\u1ec7u uy t\u00edn trong ng\u00e0nh s\u1ea3n xu\u1ea5t thi\u1ebft b\u1ecb v\u1ec7 sinh v\u00e0 v\u1eadt li\u1ec7u x\u00e2y d\u1ef1ng t\u1ea1i Vi\u1ec7t Nam. V\u1edbi h\u01a1n 40 n\u0103m kinh nghi\u1ec7m, Viglacera \u0111\u00e3 kh\u00f4ng ng\u1eebng \u0111\u1ed5i m\u1edbi c\u00f4ng ngh\u1ec7 v\u00e0 n\u00e2ng cao ch\u1ea5t l\u01b0\u1ee3ng s\u1ea3n ph\u1ea9m. C\u00e1c s\u1ea3n ph\u1ea9m thi\u1ebft b\u1ecb v\u1ec7 sinh c\u1ee7a Viglacera bao g\u1ed3m b\u1ed3n c\u1ea7u, ch\u1eadu r\u1eeda, v\u00f2i sen, b\u1ed3n t\u1eafm v\u00e0 nhi\u1ec1u ph\u1ee5 ki\u1ec7n kh\u00e1c, \u0111\u00e1p \u1ee9ng m\u1ecdi nhu c\u1ea7u c\u1ee7a ng\u01b0\u1eddi ti\u00eau d\u00f9ng.<\/span><\/p>\n<p style=\"text-align: center;\"><iframe loading=\"lazy\" src=\"\/\/www.youtube.com\/embed\/y9MgwjiKTag\" width=\"560\" height=\"314\" allowfullscreen=\"allowfullscreen\" data-mce-fragment=\"1\"><\/iframe><\/p>\n<h1><strong><span style=\"font-family: 'times new roman', times, serif; font-size: 130%;\">2. \u01afu \u0111i\u1ec3m c\u1ee7a thi\u1ebft b\u1ecb v\u1ec7 sinh Viglacera<\/span><\/strong><\/h1>\n<p><span style=\"font-family: 'times new roman', times, serif; font-size: 130%;\">Thi\u1ebft b\u1ecb v\u1ec7 sinh Viglacera \u0111\u01b0\u1ee3c nhi\u1ec1u kh\u00e1ch h\u00e0ng \u01b0a chu\u1ed9ng nh\u1edd nh\u1eefng \u01b0u \u0111i\u1ec3m n\u1ed5i b\u1eadt sau:<\/span><\/p>\n<ul>\n<li><span style=\"font-family: 'times new roman', times, serif; font-size: 130%;\">Ch\u1ea5t l\u01b0\u1ee3ng cao: S\u1ea3n ph\u1ea9m c\u1ee7a Viglacera \u0111\u01b0\u1ee3c s\u1ea3n xu\u1ea5t b\u1eb1ng c\u00f4ng ngh\u1ec7 hi\u1ec7n \u0111\u1ea1i, nguy\u00ean li\u1ec7u cao c\u1ea5p, \u0111\u1ea3m b\u1ea3o \u0111\u1ed9 b\u1ec1n v\u00e0 ch\u1ea5t l\u01b0\u1ee3ng v\u01b0\u1ee3t tr\u1ed9i.<\/span><\/li>\n<li><span style=\"font-family: 'times new roman', times, serif; font-size: 130%;\">Thi\u1ebft k\u1ebf hi\u1ec7n \u0111\u1ea1i: C\u00e1c thi\u1ebft b\u1ecb v\u1ec7 sinh c\u1ee7a Viglacera c\u00f3 thi\u1ebft k\u1ebf tinh t\u1ebf, hi\u1ec7n \u0111\u1ea1i, ph\u00f9 h\u1ee3p v\u1edbi nhi\u1ec1u phong c\u00e1ch n\u1ed9i th\u1ea5t kh\u00e1c nhau.<\/span><\/li>\n<li><span style=\"font-family: 'times new roman', times, serif; font-size: 130%;\">Ti\u1ebft ki\u1ec7m n\u01b0\u1edbc: Viglacera lu\u00f4n ch\u00fa tr\u1ecdng \u0111\u1ebfn y\u1ebfu t\u1ed1 b\u1ea3o v\u1ec7 m\u00f4i tr\u01b0\u1eddng, c\u00e1c s\u1ea3n ph\u1ea9m c\u1ee7a h\u00e3ng \u0111\u1ec1u \u0111\u01b0\u1ee3c thi\u1ebft k\u1ebf \u0111\u1ec3 ti\u1ebft ki\u1ec7m n\u01b0\u1edbc m\u00e0 v\u1eabn \u0111\u1ea3m b\u1ea3o hi\u1ec7u qu\u1ea3 s\u1eed d\u1ee5ng.<\/span><\/li>\n<li><span style=\"font-family: 'times new roman', times, serif; font-size: 130%;\">D\u1ec5 d\u00e0ng l\u1eafp \u0111\u1eb7t v\u00e0 v\u1ec7 sinh: C\u00e1c thi\u1ebft b\u1ecb v\u1ec7 sinh Viglacera \u0111\u01b0\u1ee3c thi\u1ebft k\u1ebf th\u00f4ng minh, d\u1ec5 d\u00e0ng l\u1eafp \u0111\u1eb7t v\u00e0 v\u1ec7 sinh, gi\u00fap ti\u1ebft ki\u1ec7m th\u1eddi gian v\u00e0 c\u00f4ng s\u1ee9c cho ng\u01b0\u1eddi s\u1eed d\u1ee5ng.<\/span><\/li>\n<li><span style=\"font-family: 'times new roman', times, serif; font-size: 130%;\">Gi\u00e1 c\u1ea3 h\u1ee3p l\u00fd: V\u1edbi ch\u1ea5t l\u01b0\u1ee3ng v\u01b0\u1ee3t tr\u1ed9i, s\u1ea3n ph\u1ea9m c\u1ee7a Viglacera c\u00f3 m\u1ee9c gi\u00e1 r\u1ea5t c\u1ea1nh tranh, ph\u00f9 h\u1ee3p v\u1edbi nhi\u1ec1u \u0111\u1ed1i t\u01b0\u1ee3ng kh\u00e1ch h\u00e0ng.<\/span><\/li>\n<li style=\"text-align: center;\"><iframe loading=\"lazy\" src=\"\/\/www.youtube.com\/embed\/ULW6RtoJP9g\" width=\"560\" height=\"314\" allowfullscreen=\"allowfullscreen\" data-mce-fragment=\"1\"><\/iframe><\/li>\n<\/ul>\n<h1><strong><span style=\"font-family: 'times new roman', times, serif; font-size: 130%;\">3. T\u1ea1i sao n\u00ean ch\u1ecdn thi\u1ebft b\u1ecb v\u1ec7 sinh Viglacera\u00a0<\/span><\/strong><\/h1>\n<p><span style=\"font-family: 'times new roman', times, serif; font-size: 130%;\"><a href=\"https:\/\/vi.wikipedia.org\/wiki\/Qu%E1%BA%A3ng_Tr%E1%BB%8B\"><strong><em>Qu\u1ea3ng Tr\u1ecb<\/em><\/strong><\/a>\u00a0l\u00e0 m\u1ed9t trong nh\u1eefng th\u00e0nh ph\u1ed1 ph\u00e1t tri\u1ec3n nhanh ch\u00f3ng v\u1edbi nhu c\u1ea7u v\u1ec1 nh\u00e0 \u1edf v\u00e0 c\u00e1c s\u1ea3n ph\u1ea9m n\u1ed9i th\u1ea5t, thi\u1ebft b\u1ecb v\u1ec7 sinh ng\u00e0y c\u00e0ng cao. M\u00ecnh n\u00ean ch\u1ecdn thi\u1ebft b\u1ecb v\u1ec7 sinh Viglacera<\/span><\/p>\n<ul>\n<li><span style=\"font-family: 'times new roman', times, serif; font-size: 130%;\">\u0110a d\u1ea1ng s\u1ea3n ph\u1ea9m: Viglacera cung c\u1ea5p \u0111a d\u1ea1ng c\u00e1c lo\u1ea1i thi\u1ebft b\u1ecb v\u1ec7 sinh, t\u1eeb c\u00e1c s\u1ea3n ph\u1ea9m cao c\u1ea5p \u0111\u1ebfn b\u00ecnh d\u00e2n, \u0111\u00e1p \u1ee9ng nhu c\u1ea7u c\u1ee7a m\u1ecdi \u0111\u1ed1i t\u01b0\u1ee3ng kh\u00e1ch h\u00e0ng.<\/span><\/li>\n<li><span style=\"font-family: 'times new roman', times, serif; font-size: 130%;\">H\u1ec7 th\u1ed1ng ph\u00e2n ph\u1ed1i r\u1ed9ng r\u00e3i: C\u00e1c s\u1ea3n ph\u1ea9m Viglacera \u0111\u01b0\u1ee3c ph\u00e2n ph\u1ed1i r\u1ed9ng r\u00e3i t\u1ea1i <strong>Qu\u1ea3ng Tr\u1ecb<\/strong><em><strong>,<\/strong><\/em> d\u1ec5 d\u00e0ng t\u00ecm mua t\u1ea1i c\u00e1c c\u1eeda h\u00e0ng v\u00e0 \u0111\u1ea1i l\u00fd ch\u00ednh h\u00e3ng.<\/span><\/li>\n<li><span style=\"font-family: 'times new roman', times, serif; font-size: 130%;\">D\u1ecbch v\u1ee5 h\u1eadu m\u00e3i chuy\u00ean nghi\u1ec7p: Viglacera c\u00f3 ch\u1ebf \u0111\u1ed9 b\u1ea3o h\u00e0nh t\u1ed1t v\u00e0 d\u1ecbch v\u1ee5 h\u1eadu m\u00e3i chuy\u00ean nghi\u1ec7p, gi\u00fap kh\u00e1ch h\u00e0ng y\u00ean t\u00e2m trong qu\u00e1 tr\u00ecnh s\u1eed d\u1ee5ng.<\/span><\/li>\n<li><span style=\"font-family: 'times new roman', times, serif; font-size: 130%;\">Th\u01b0\u01a1ng hi\u1ec7u uy t\u00edn: V\u1edbi h\u01a1n 40 n\u0103m kinh nghi\u1ec7m, Viglacera \u0111\u00e3 x\u00e2y d\u1ef1ng \u0111\u01b0\u1ee3c l\u00f2ng tin c\u1ee7a kh\u00e1ch h\u00e0ng v\u1ec1 ch\u1ea5t l\u01b0\u1ee3ng v\u00e0 uy t\u00edn c\u1ee7a m\u00ecnh.<\/span><\/li>\n<\/ul>\n<h1><strong><span style=\"font-family: 'times new roman', times, serif; font-size: 130%;\">4. M\u1ed9t s\u1ed1 s\u1ea3n ph\u1ea9m ti\u00eau bi\u1ec3u c\u1ee7a Viglacera<\/span><\/strong><\/h1>\n<p><span style=\"font-family: 'times new roman', times, serif; font-size: 130%;\">D\u01b0\u1edbi \u0111\u00e2y l\u00e0 m\u1ed9t s\u1ed1 s\u1ea3n ph\u1ea9m ti\u00eau bi\u1ec3u c\u1ee7a Viglacera \u0111\u01b0\u1ee3c \u01b0a chu\u1ed9ng t\u1ea1i <em>Qu\u1ea3ng Tr\u1ecb<\/em><\/span><\/p>\n<ul>\n<li><span style=\"font-family: 'times new roman', times, serif; font-size: 130%;\">B\u1ed3n c\u1ea7u th\u00f4ng minh: V\u1edbi thi\u1ebft k\u1ebf hi\u1ec7n \u0111\u1ea1i, t\u00ednh n\u0103ng th\u00f4ng minh, b\u1ed3n c\u1ea7u c\u1ee7a Viglacera mang l\u1ea1i s\u1ef1 ti\u1ec7n nghi v\u00e0 tho\u1ea3i m\u00e1i cho ng\u01b0\u1eddi s\u1eed d\u1ee5ng.<\/span><\/li>\n<li><span style=\"font-family: 'times new roman', times, serif; font-size: 130%;\">Ch\u1eadu r\u1eeda m\u1eb7t: Ch\u1eadu r\u1eeda m\u1eb7t Viglacera c\u00f3 nhi\u1ec1u ki\u1ec3u d\u00e1ng v\u00e0 k\u00edch th\u01b0\u1edbc kh\u00e1c nhau, ph\u00f9 h\u1ee3p v\u1edbi m\u1ecdi kh\u00f4ng gian ph\u00f2ng t\u1eafm.<\/span><\/li>\n<li><span style=\"font-family: 'times new roman', times, serif; font-size: 130%;\">V\u00f2i sen v\u00e0 ph\u1ee5 ki\u1ec7n: Viglacera cung c\u1ea5p c\u00e1c lo\u1ea1i v\u00f2i sen v\u1edbi nhi\u1ec1u ch\u1ee9c n\u0103ng v\u00e0 ph\u1ee5 ki\u1ec7n \u0111i k\u00e8m, \u0111\u00e1p \u1ee9ng nhu c\u1ea7u \u0111a d\u1ea1ng c\u1ee7a kh\u00e1ch h\u00e0ng.<\/span><\/li>\n<\/ul>\n","protected":false},"excerpt":{"rendered":"<p>Thi\u1ebft b\u1ecb v\u1ec7 sinh Viglacera t\u1ea1i Qu\u1ea3ng Tr\u1ecb Thi\u1ebft B\u1ecb V\u1ec7 Sinh Viglacera &#8211;S\u1ef1 L\u1ef1a Ch\u1ecdn Ho\u00e0n H\u1ea3o Cho Kh\u00f4ng Gian S\u1ed1ng Hi\u1ec7n \u0110\u1ea1i Viglacera l\u00e0 m\u1ed9t trong nh\u1eefng th\u01b0\u01a1ng hi\u1ec7u h\u00e0ng \u0111\u1ea7u t\u1ea1i Vi\u1ec7t Nam chuy\u00ean s\u1ea3n xu\u1ea5t v\u00e0 cung c\u1ea5p c\u00e1c thi\u1ebft b\u1ecb v\u1ec7 sinh ch\u1ea5t l\u01b0\u1ee3ng cao. T\u1ea1i Qu\u1ea3ng Tr\u1ecb, Viglacera \u0111\u00e3&#8230;<\/p>\n","protected":false},"featured_media":0,"comment_status":"closed","ping_status":"closed","template":"","meta":[],"product_cat":[15],"product_tag":[],"class_list":{"0":"post-5255","1":"product","2":"type-product","3":"status-publish","5":"product_cat-chua-phan-loai","7":"first","8":"instock","9":"shipping-taxable","10":"product-type-simple"},"yoast_head":"<!-- This site is optimized with the Yoast SEO Premium plugin v22.3 (Yoast SEO v24.0) - https:\/\/yoast.com\/wordpress\/plugins\/seo\/ -->\n<title>Gi\u00e1 thi\u1ebft b\u1ecb v\u1ec7 sinh Viglacera t\u1ea1i Qu\u1ea3ng Tr\u1ecb-0947.335.871<\/title>\n<meta name=\"description\" content=\"Tr\u1ea7n Th\u1ecb-chuy\u00ean cung c\u1ea5p thi\u1ebft b\u1ecb v\u1ec7 sinh, b\u1ed3n c\u1ea7u viglacera t\u1ea1i Qu\u1ea3ng Tr\u1ecb, cung c\u1ea5p s\u1ea3n ph\u1ea9m ch\u00ednh h\u00e3ng, giao h\u00e0ng t\u1eadn n\u01a1i n\u1ed9i th\u00e0nh\" \/>\n<meta name=\"robots\" content=\"index, follow, max-snippet:-1, max-image-preview:large, max-video-preview:-1\" \/>\n<link rel=\"canonical\" href=\"https:\/\/tranthi.vn\/quang-tri\/thiet-bi-ve-sinh-viglacera-tai-quang-tri\/\" \/>\n<meta property=\"og:locale\" content=\"vi_VN\" \/>\n<meta property=\"og:type\" content=\"article\" \/>\n<meta property=\"og:title\" content=\"Thi\u1ebft b\u1ecb v\u1ec7 sinh Viglacera t\u1ea1i Qu\u1ea3ng Tr\u1ecb\" \/>\n<meta property=\"og:description\" content=\"Tr\u1ea7n Th\u1ecb-chuy\u00ean cung c\u1ea5p thi\u1ebft b\u1ecb v\u1ec7 sinh, b\u1ed3n c\u1ea7u viglacera t\u1ea1i Qu\u1ea3ng Tr\u1ecb, cung c\u1ea5p s\u1ea3n ph\u1ea9m ch\u00ednh h\u00e3ng, giao h\u00e0ng t\u1eadn n\u01a1i n\u1ed9i th\u00e0nh\" \/>\n<meta property=\"og:url\" content=\"https:\/\/tranthi.vn\/quang-tri\/thiet-bi-ve-sinh-viglacera-tai-quang-tri\/\" \/>\n<meta property=\"og:site_name\" content=\"V\u1eadt Li\u1ec7u X\u00e2y D\u1ef1ng Tr\u1ea7n Th\u1ecb Chi Nh\u00e1nh Qu\u1ea3ng Tr\u1ecb\" \/>\n<meta property=\"article:modified_time\" content=\"2024-07-25T03:20:16+00:00\" \/>\n<meta name=\"twitter:card\" content=\"summary_large_image\" \/>\n<meta name=\"twitter:label1\" content=\"Gi\u00e1\" \/>\n\t<meta name=\"twitter:data1\" content=\"\" \/>\n\t<meta name=\"twitter:label2\" content=\"Kh\u1ea3 d\u1ee5ng\" \/>\n\t<meta name=\"twitter:data2\" content=\"Trong kho\" \/>\n<script type=\"application\/ld+json\" class=\"yoast-schema-graph\">{\"@context\":\"https:\/\/schema.org\",\"@graph\":[{\"@type\":\"WebPage\",\"@id\":\"https:\/\/tranthi.vn\/quang-tri\/thiet-bi-ve-sinh-viglacera-tai-quang-tri\/\",\"url\":\"https:\/\/tranthi.vn\/quang-tri\/thiet-bi-ve-sinh-viglacera-tai-quang-tri\/\",\"name\":\"Gi\u00e1 thi\u1ebft b\u1ecb v\u1ec7 sinh Viglacera t\u1ea1i Qu\u1ea3ng Tr\u1ecb-0947.335.871\",\"isPartOf\":{\"@id\":\"https:\/\/tranthi.vn\/quang-tri\/#website\"},\"datePublished\":\"2024-07-25T03:20:15+00:00\",\"dateModified\":\"2024-07-25T03:20:16+00:00\",\"description\":\"Tr\u1ea7n Th\u1ecb-chuy\u00ean cung c\u1ea5p thi\u1ebft b\u1ecb v\u1ec7 sinh, b\u1ed3n c\u1ea7u viglacera t\u1ea1i Qu\u1ea3ng Tr\u1ecb, cung c\u1ea5p s\u1ea3n ph\u1ea9m ch\u00ednh h\u00e3ng, giao h\u00e0ng t\u1eadn n\u01a1i n\u1ed9i th\u00e0nh\",\"breadcrumb\":{\"@id\":\"https:\/\/tranthi.vn\/quang-tri\/thiet-bi-ve-sinh-viglacera-tai-quang-tri\/#breadcrumb\"},\"inLanguage\":\"vi\",\"potentialAction\":[{\"@type\":\"ReadAction\",\"target\":[\"https:\/\/tranthi.vn\/quang-tri\/thiet-bi-ve-sinh-viglacera-tai-quang-tri\/\"]}]},{\"@type\":\"BreadcrumbList\",\"@id\":\"https:\/\/tranthi.vn\/quang-tri\/thiet-bi-ve-sinh-viglacera-tai-quang-tri\/#breadcrumb\",\"itemListElement\":[{\"@type\":\"ListItem\",\"position\":1,\"name\":\"Trang Ch\u1ee7\",\"item\":\"https:\/\/tranthi.vn\/quang-tri\/\"},{\"@type\":\"ListItem\",\"position\":2,\"name\":\"Shop\",\"item\":\"https:\/\/tranthi.vn\/quang-tri\/shop\/\"},{\"@type\":\"ListItem\",\"position\":3,\"name\":\"Thi\u1ebft b\u1ecb v\u1ec7 sinh Viglacera t\u1ea1i Qu\u1ea3ng Tr\u1ecb\"}]},{\"@type\":\"WebSite\",\"@id\":\"https:\/\/tranthi.vn\/quang-tri\/#website\",\"url\":\"https:\/\/tranthi.vn\/quang-tri\/\",\"name\":\"VLXD Tr\u1ea7n Th\u1ecb\",\"description\":\"V\u1eadt Li\u1ec7u X\u00e2y D\u1ef1ng - Qu\u1ea3ng Tr\u1ecb\",\"publisher\":{\"@id\":\"https:\/\/tranthi.vn\/quang-tri\/#organization\"},\"potentialAction\":[{\"@type\":\"SearchAction\",\"target\":{\"@type\":\"EntryPoint\",\"urlTemplate\":\"https:\/\/tranthi.vn\/quang-tri\/?s={search_term_string}\"},\"query-input\":{\"@type\":\"PropertyValueSpecification\",\"valueRequired\":true,\"valueName\":\"search_term_string\"}}],\"inLanguage\":\"vi\"},{\"@type\":[\"Organization\",\"Place\"],\"@id\":\"https:\/\/tranthi.vn\/quang-tri\/#organization\",\"name\":\"VLXD Tr\u1ea7n Th\u1ecb\",\"url\":\"https:\/\/tranthi.vn\/quang-tri\/\",\"logo\":{\"@id\":\"https:\/\/tranthi.vn\/quang-tri\/thiet-bi-ve-sinh-viglacera-tai-quang-tri\/#local-main-organization-logo\"},\"image\":{\"@id\":\"https:\/\/tranthi.vn\/quang-tri\/thiet-bi-ve-sinh-viglacera-tai-quang-tri\/#local-main-organization-logo\"},\"telephone\":[],\"openingHoursSpecification\":[{\"@type\":\"OpeningHoursSpecification\",\"dayOfWeek\":[\"Monday\",\"Tuesday\",\"Wednesday\",\"Thursday\",\"Friday\",\"Saturday\",\"Sunday\"],\"opens\":\"09:00\",\"closes\":\"17:00\"}]},{\"@type\":\"ImageObject\",\"inLanguage\":\"vi\",\"@id\":\"https:\/\/tranthi.vn\/quang-tri\/thiet-bi-ve-sinh-viglacera-tai-quang-tri\/#local-main-organization-logo\",\"url\":\"https:\/\/tranthi.vn\/quang-tri\/wp-content\/uploads\/2021\/02\/logo-tranthi1.jpg\",\"contentUrl\":\"https:\/\/tranthi.vn\/quang-tri\/wp-content\/uploads\/2021\/02\/logo-tranthi1.jpg\",\"width\":800,\"height\":319,\"caption\":\"VLXD Tr\u1ea7n Th\u1ecb\"}]}<\/script>\n<meta property=\"product:price:amount\" content=\"0\" \/>\n<meta property=\"product:price:currency\" content=\"VND\" \/>\n<meta property=\"og:availability\" content=\"instock\" \/>\n<meta property=\"product:availability\" content=\"instock\" \/>\n<meta property=\"product:condition\" content=\"new\" \/>\n<!-- \/ Yoast SEO Premium plugin. -->","yoast_head_json":{"title":"Gi\u00e1 thi\u1ebft b\u1ecb v\u1ec7 sinh Viglacera t\u1ea1i Qu\u1ea3ng Tr\u1ecb-0947.335.871","description":"Tr\u1ea7n Th\u1ecb-chuy\u00ean cung c\u1ea5p thi\u1ebft b\u1ecb v\u1ec7 sinh, b\u1ed3n c\u1ea7u viglacera t\u1ea1i Qu\u1ea3ng Tr\u1ecb, cung c\u1ea5p s\u1ea3n ph\u1ea9m ch\u00ednh h\u00e3ng, giao h\u00e0ng t\u1eadn n\u01a1i n\u1ed9i th\u00e0nh","robots":{"index":"index","follow":"follow","max-snippet":"max-snippet:-1","max-image-preview":"max-image-preview:large","max-video-preview":"max-video-preview:-1"},"canonical":"https:\/\/tranthi.vn\/quang-tri\/thiet-bi-ve-sinh-viglacera-tai-quang-tri\/","og_locale":"vi_VN","og_type":"article","og_title":"Thi\u1ebft b\u1ecb v\u1ec7 sinh Viglacera t\u1ea1i Qu\u1ea3ng Tr\u1ecb","og_description":"Tr\u1ea7n Th\u1ecb-chuy\u00ean cung c\u1ea5p thi\u1ebft b\u1ecb v\u1ec7 sinh, b\u1ed3n c\u1ea7u viglacera t\u1ea1i Qu\u1ea3ng Tr\u1ecb, cung c\u1ea5p s\u1ea3n ph\u1ea9m ch\u00ednh h\u00e3ng, giao h\u00e0ng t\u1eadn n\u01a1i n\u1ed9i th\u00e0nh","og_url":"https:\/\/tranthi.vn\/quang-tri\/thiet-bi-ve-sinh-viglacera-tai-quang-tri\/","og_site_name":"V\u1eadt Li\u1ec7u X\u00e2y D\u1ef1ng Tr\u1ea7n Th\u1ecb Chi Nh\u00e1nh Qu\u1ea3ng Tr\u1ecb","article_modified_time":"2024-07-25T03:20:16+00:00","twitter_card":"summary_large_image","twitter_misc":{"Gi\u00e1":"","Kh\u1ea3 d\u1ee5ng":"Trong kho"},"schema":{"@context":"https:\/\/schema.org","@graph":[{"@type":"WebPage","@id":"https:\/\/tranthi.vn\/quang-tri\/thiet-bi-ve-sinh-viglacera-tai-quang-tri\/","url":"https:\/\/tranthi.vn\/quang-tri\/thiet-bi-ve-sinh-viglacera-tai-quang-tri\/","name":"Gi\u00e1 thi\u1ebft b\u1ecb v\u1ec7 sinh Viglacera t\u1ea1i Qu\u1ea3ng Tr\u1ecb-0947.335.871","isPartOf":{"@id":"https:\/\/tranthi.vn\/quang-tri\/#website"},"datePublished":"2024-07-25T03:20:15+00:00","dateModified":"2024-07-25T03:20:16+00:00","description":"Tr\u1ea7n Th\u1ecb-chuy\u00ean cung c\u1ea5p thi\u1ebft b\u1ecb v\u1ec7 sinh, b\u1ed3n c\u1ea7u viglacera t\u1ea1i Qu\u1ea3ng Tr\u1ecb, cung c\u1ea5p s\u1ea3n ph\u1ea9m ch\u00ednh h\u00e3ng, giao h\u00e0ng t\u1eadn n\u01a1i n\u1ed9i th\u00e0nh","breadcrumb":{"@id":"https:\/\/tranthi.vn\/quang-tri\/thiet-bi-ve-sinh-viglacera-tai-quang-tri\/#breadcrumb"},"inLanguage":"vi","potentialAction":[{"@type":"ReadAction","target":["https:\/\/tranthi.vn\/quang-tri\/thiet-bi-ve-sinh-viglacera-tai-quang-tri\/"]}]},{"@type":"BreadcrumbList","@id":"https:\/\/tranthi.vn\/quang-tri\/thiet-bi-ve-sinh-viglacera-tai-quang-tri\/#breadcrumb","itemListElement":[{"@type":"ListItem","position":1,"name":"Trang Ch\u1ee7","item":"https:\/\/tranthi.vn\/quang-tri\/"},{"@type":"ListItem","position":2,"name":"Shop","item":"https:\/\/tranthi.vn\/quang-tri\/shop\/"},{"@type":"ListItem","position":3,"name":"Thi\u1ebft b\u1ecb v\u1ec7 sinh Viglacera t\u1ea1i Qu\u1ea3ng Tr\u1ecb"}]},{"@type":"WebSite","@id":"https:\/\/tranthi.vn\/quang-tri\/#website","url":"https:\/\/tranthi.vn\/quang-tri\/","name":"VLXD Tr\u1ea7n Th\u1ecb","description":"V\u1eadt Li\u1ec7u X\u00e2y D\u1ef1ng - Qu\u1ea3ng Tr\u1ecb","publisher":{"@id":"https:\/\/tranthi.vn\/quang-tri\/#organization"},"potentialAction":[{"@type":"SearchAction","target":{"@type":"EntryPoint","urlTemplate":"https:\/\/tranthi.vn\/quang-tri\/?s={search_term_string}"},"query-input":{"@type":"PropertyValueSpecification","valueRequired":true,"valueName":"search_term_string"}}],"inLanguage":"vi"},{"@type":["Organization","Place"],"@id":"https:\/\/tranthi.vn\/quang-tri\/#organization","name":"VLXD Tr\u1ea7n Th\u1ecb","url":"https:\/\/tranthi.vn\/quang-tri\/","logo":{"@id":"https:\/\/tranthi.vn\/quang-tri\/thiet-bi-ve-sinh-viglacera-tai-quang-tri\/#local-main-organization-logo"},"image":{"@id":"https:\/\/tranthi.vn\/quang-tri\/thiet-bi-ve-sinh-viglacera-tai-quang-tri\/#local-main-organization-logo"},"telephone":[],"openingHoursSpecification":[{"@type":"OpeningHoursSpecification","dayOfWeek":["Monday","Tuesday","Wednesday","Thursday","Friday","Saturday","Sunday"],"opens":"09:00","closes":"17:00"}]},{"@type":"ImageObject","inLanguage":"vi","@id":"https:\/\/tranthi.vn\/quang-tri\/thiet-bi-ve-sinh-viglacera-tai-quang-tri\/#local-main-organization-logo","url":"https:\/\/tranthi.vn\/quang-tri\/wp-content\/uploads\/2021\/02\/logo-tranthi1.jpg","contentUrl":"https:\/\/tranthi.vn\/quang-tri\/wp-content\/uploads\/2021\/02\/logo-tranthi1.jpg","width":800,"height":319,"caption":"VLXD Tr\u1ea7n Th\u1ecb"}]},"product_price_currency":"VND","og_availability":"instock","product_availability":"instock","product_condition":"new"},"_links":{"self":[{"href":"https:\/\/tranthi.vn\/quang-tri\/wp-json\/wp\/v2\/product\/5255","targetHints":{"allow":["GET"]}}],"collection":[{"href":"https:\/\/tranthi.vn\/quang-tri\/wp-json\/wp\/v2\/product"}],"about":[{"href":"https:\/\/tranthi.vn\/quang-tri\/wp-json\/wp\/v2\/types\/product"}],"replies":[{"embeddable":true,"href":"https:\/\/tranthi.vn\/quang-tri\/wp-json\/wp\/v2\/comments?post=5255"}],"wp:attachment":[{"href":"https:\/\/tranthi.vn\/quang-tri\/wp-json\/wp\/v2\/media?parent=5255"}],"wp:term":[{"taxonomy":"product_cat","embeddable":true,"href":"https:\/\/tranthi.vn\/quang-tri\/wp-json\/wp\/v2\/product_cat?post=5255"},{"taxonomy":"product_tag","embeddable":true,"href":"https:\/\/tranthi.vn\/quang-tri\/wp-json\/wp\/v2\/product_tag?post=5255"}],"curies":[{"name":"wp","href":"https:\/\/api.w.org\/{rel}","templated":true}]}}