{"id":5245,"date":"2024-07-24T16:29:33","date_gmt":"2024-07-24T09:29:33","guid":{"rendered":"https:\/\/tranthi.vn\/quang-tri\/?post_type=product&#038;p=5245"},"modified":"2024-07-24T16:29:34","modified_gmt":"2024-07-24T09:29:34","slug":"da-granit-mat-bep-quang-tri","status":"publish","type":"product","link":"https:\/\/tranthi.vn\/quang-tri\/da-granit-mat-bep-quang-tri\/","title":{"rendered":"\u0110\u00e1 Granit M\u1eb7t B\u1ebfp Qu\u1ea3ng Tr\u1ecb"},"content":{"rendered":"<h1 style=\"text-align: center;\"><span style=\"font-size: 140%;\"><span style=\"font-family: 'times new roman', times, serif;\">\u0110\u00e1 Granit M\u1eb7t B\u1ebfp <a href=\"https:\/\/vi.wikipedia.org\/wiki\/Qu%E1%BA%A3ng_Tr%E1%BB%8B\">Qu\u1ea3ng Tr\u1ecb<\/a><\/span><\/span><\/h1>\n<p>&nbsp;<\/p>\n<h1><span style=\"font-size: 120%;\"><strong><span style=\"font-family: 'times new roman', times, serif;\">1. \u0110\u1eb7c \u0111i\u1ec3m c\u1ee7a \u0111\u00e1 granit<\/span><\/strong><\/span><\/h1>\n<h3><span style=\"font-family: 'times new roman', times, serif; font-size: 120%;\">\u0110\u00e1 granit l\u00e0 m\u1ed9t lo\u1ea1i \u0111\u00e1 t\u1ef1 nhi\u00ean \u0111\u01b0\u1ee3c h\u00ecnh th\u00e0nh t\u1eeb qu\u00e1 tr\u00ecnh ngu\u1ed9i l\u1ea1nh c\u1ee7a magma d\u01b0\u1edbi b\u1ec1 m\u1eb7t tr\u00e1i \u0111\u1ea5t. \u0110\u1eb7c \u0111i\u1ec3m n\u1ed5i b\u1eadt c\u1ee7a \u0111\u00e1 granit bao g\u1ed3m:<\/span><\/h3>\n<ul>\n<li>\n<h3><span style=\"font-family: 'times new roman', times, serif; font-size: 120%;\">\u0110\u1ed9 b\u1ec1n cao: \u0110\u00e1 granit c\u00f3 c\u1ea5u tr\u00fac tinh th\u1ec3 ch\u1eb7t ch\u1ebd, gi\u00fap n\u00f3 ch\u1ecbu \u0111\u01b0\u1ee3c l\u1ef1c t\u00e1c \u0111\u1ed9ng m\u1ea1nh v\u00e0 kh\u00f4ng d\u1ec5 b\u1ecb tr\u1ea7y x\u01b0\u1edbc.<\/span><\/h3>\n<\/li>\n<li>\n<h3><span style=\"font-family: 'times new roman', times, serif; font-size: 120%;\">Kh\u1ea3 n\u0103ng ch\u1ecbu nhi\u1ec7t t\u1ed1t: \u0110\u00e1 granit c\u00f3 kh\u1ea3 n\u0103ng ch\u1ecbu nhi\u1ec7t \u0111\u1ed9 cao, kh\u00f4ng b\u1ecb \u1ea3nh h\u01b0\u1edfng b\u1edfi c\u00e1c d\u1ee5ng c\u1ee5 n\u1ea5u n\u01b0\u1edbng n\u00f3ng.<\/span><\/h3>\n<\/li>\n<li>\n<h3><span style=\"font-family: 'times new roman', times, serif; font-size: 120%;\">\u0110a d\u1ea1ng v\u1ec1 m\u00e0u s\u1eafc v\u00e0 v\u00e2n \u0111\u00e1: \u0110\u00e1 granit c\u00f3 nhi\u1ec1u m\u00e0u s\u1eafc v\u00e0 v\u00e2n \u0111\u00e1 t\u1ef1 nhi\u00ean, t\u1ea1o n\u00ean v\u1ebb \u0111\u1eb9p \u0111\u1ed9c \u0111\u00e1o v\u00e0 sang tr\u1ecdng cho kh\u00f4ng gian b\u1ebfp.<\/span><\/h3>\n<\/li>\n<li><iframe loading=\"lazy\" src=\"\/\/www.youtube.com\/embed\/M_krMKwsUUc\" width=\"560\" height=\"314\" allowfullscreen=\"allowfullscreen\" data-mce-fragment=\"1\"><\/iframe><\/li>\n<\/ul>\n<h1><span style=\"font-size: 120%;\"><strong><span style=\"font-family: 'times new roman', times, serif;\">2. L\u1ee3i \u00edch c\u1ee7a vi\u1ec7c s\u1eed d\u1ee5ng \u0111\u00e1 granit cho m\u1eb7t b\u1ebfp<\/span><\/strong><\/span><\/h1>\n<h3><span style=\"font-family: 'times new roman', times, serif; font-size: 120%;\">Vi\u1ec7c s\u1eed d\u1ee5ng \u0111\u00e1 granit cho m\u1eb7t b\u1ebfp mang l\u1ea1i nhi\u1ec1u l\u1ee3i \u00edch v\u01b0\u1ee3t tr\u1ed9i:<\/span><\/h3>\n<ul>\n<li>\n<h3><span style=\"font-family: 'times new roman', times, serif; font-size: 120%;\">T\u00ednh th\u1ea9m m\u1ef9 cao: \u0110\u00e1 granit v\u1edbi c\u00e1c v\u00e2n \u0111\u00e1 t\u1ef1 nhi\u00ean t\u1ea1o n\u00ean v\u1ebb \u0111\u1eb9p sang tr\u1ecdng v\u00e0 hi\u1ec7n \u0111\u1ea1i cho gian b\u1ebfp. M\u1ed7i t\u1ea5m \u0111\u00e1 granit \u0111\u1ec1u l\u00e0 duy nh\u1ea5t, mang \u0111\u1ebfn s\u1ef1 \u0111\u1ed9c \u0111\u00e1o cho kh\u00f4ng gian n\u1ed9i th\u1ea5t.<\/span><\/h3>\n<\/li>\n<li>\n<h3><span style=\"font-family: 'times new roman', times, serif; font-size: 120%;\">D\u1ec5 d\u00e0ng v\u1ec7 sinh: B\u1ec1 m\u1eb7t \u0111\u00e1 granit b\u00f3ng m\u1ecbn, kh\u00f4ng th\u1ea5m n\u01b0\u1edbc v\u00e0 d\u1ea7u m\u1ee1, gi\u00fap vi\u1ec7c v\u1ec7 sinh tr\u1edf n\u00ean d\u1ec5 d\u00e0ng h\u01a1n. Ch\u1ec9 c\u1ea7n lau ch\u00f9i nh\u1eb9 nh\u00e0ng, m\u1eb7t b\u1ebfp lu\u00f4n gi\u1eef \u0111\u01b0\u1ee3c v\u1ebb s\u1ea1ch s\u1ebd v\u00e0 s\u00e1ng b\u00f3ng.<\/span><\/h3>\n<\/li>\n<li>\n<h3><span style=\"font-family: 'times new roman', times, serif; font-size: 120%;\">Kh\u1ea3 n\u0103ng ch\u1ed1ng tr\u1ea7y x\u01b0\u1edbc v\u00e0 ch\u1ecbu l\u1ef1c t\u1ed1t: \u0110\u00e1 granit c\u00f3 \u0111\u1ed9 c\u1ee9ng cao, kh\u00f3 b\u1ecb tr\u1ea7y x\u01b0\u1edbc hay h\u01b0 h\u1ecfng do va \u0111\u1eadp. \u0110i\u1ec1u n\u00e0y r\u1ea5t quan tr\u1ecdng trong m\u00f4i tr\u01b0\u1eddng b\u1ebfp, n\u01a1i th\u01b0\u1eddng xuy\u00ean ti\u1ebfp x\u00fac v\u1edbi c\u00e1c d\u1ee5ng c\u1ee5 n\u1ea5u n\u01b0\u1edbng s\u1eafc nh\u1ecdn v\u00e0 n\u1eb7ng.<\/span><\/h3>\n<\/li>\n<li>\n<h3><span style=\"font-family: 'times new roman', times, serif; font-size: 120%;\">\u0110\u1ed9 b\u1ec1n l\u00e2u d\u00e0i: V\u1edbi kh\u1ea3 n\u0103ng ch\u1ed1ng l\u1ea1i c\u00e1c t\u00e1c \u0111\u1ed9ng c\u1ee7a nhi\u1ec7t \u0111\u1ed9, \u0111\u1ed9 \u1ea9m v\u00e0 h\u00f3a ch\u1ea5t, \u0111\u00e1 granit c\u00f3 th\u1ec3 duy tr\u00ec v\u1ebb \u0111\u1eb9p v\u00e0 ch\u1ee9c n\u0103ng c\u1ee7a n\u00f3 trong nhi\u1ec1u n\u0103m m\u00e0 kh\u00f4ng c\u1ea7n thay th\u1ebf hay s\u1eeda ch\u1eefa.<\/span><\/h3>\n<\/li>\n<\/ul>\n<h1><span style=\"font-size: 120%;\"><strong><span style=\"font-family: 'times new roman', times, serif;\">3. T\u1ea1i sao n\u00ean ch\u1ecdn \u0111\u00e1 granit m\u1eb7t b\u1ebfp ?<\/span><\/strong><\/span><\/h1>\n<h3><span style=\"font-family: 'times new roman', times, serif; font-size: 120%;\"><a href=\"https:\/\/vi.wikipedia.org\/wiki\/Qu%E1%BA%A3ng_Tr%E1%BB%8B\"><em><strong>Qu\u1ea3ng Tr\u1ecb<\/strong><\/em><\/a>, v\u1edbi kh\u00ed h\u1eadu nhi\u1ec7t \u0111\u1edbi \u1ea9m v\u00e0 nhu c\u1ea7u ng\u00e0y c\u00e0ng cao v\u1ec1 c\u00e1c s\u1ea3n ph\u1ea9m n\u1ed9i th\u1ea5t ch\u1ea5t l\u01b0\u1ee3ng, l\u00e0 n\u01a1i l\u00fd t\u01b0\u1edfng \u0111\u1ec3 s\u1eed d\u1ee5ng \u0111\u00e1 granit cho m\u1eb7t b\u1ebfp. Nh\u1eefng l\u00fd do n\u00ean ch\u1ecdn \u0111\u00e1 granit m\u1eb7t b\u1ebfp bao g\u1ed3m:<\/span><\/h3>\n<ul>\n<li>\n<h3><span style=\"font-family: 'times new roman', times, serif; font-size: 120%;\">S\u1ef1 \u0111a d\u1ea1ng v\u1ec1 ngu\u1ed3n cung:C\u00f3\u00a0nhi\u1ec1u nh\u00e0 cung c\u1ea5p \u0111\u00e1 granit uy t\u00edn, cung c\u1ea5p \u0111a d\u1ea1ng m\u1eabu m\u00e3 v\u00e0 m\u00e0u s\u1eafc, \u0111\u00e1p \u1ee9ng nhu c\u1ea7u th\u1ea9m m\u1ef9 v\u00e0 ch\u1ea5t l\u01b0\u1ee3ng c\u1ee7a kh\u00e1ch h\u00e0ng.<\/span><\/h3>\n<\/li>\n<li>\n<h3><span style=\"font-family: 'times new roman', times, serif; font-size: 120%;\">Gi\u00e1 c\u1ea3 c\u1ea1nh tranh: V\u1edbi s\u1ef1 c\u1ea1nh tranh gi\u1eefa c\u00e1c nh\u00e0 cung c\u1ea5p, kh\u00e1ch h\u00e0ng c\u00f3 th\u1ec3 d\u1ec5 d\u00e0ng t\u00ecm \u0111\u01b0\u1ee3c s\u1ea3n ph\u1ea9m \u0111\u00e1 granit ch\u1ea5t l\u01b0\u1ee3ng v\u1edbi gi\u00e1 c\u1ea3 h\u1ee3p l\u00fd.<\/span><\/h3>\n<\/li>\n<li>\n<h3><span style=\"font-family: 'times new roman', times, serif; font-size: 120%;\">D\u1ecbch v\u1ee5 l\u1eafp \u0111\u1eb7t chuy\u00ean nghi\u1ec7p: C\u00e1c \u0111\u01a1n v\u1ecb cung c\u1ea5p \u0111\u00e1 granit t\u1ea1i <a href=\"https:\/\/vi.wikipedia.org\/wiki\/Qu%E1%BA%A3ng_Tr%E1%BB%8B\">Qu\u1ea3ng Tr\u1ecb<\/a> th\u01b0\u1eddng \u0111i k\u00e8m v\u1edbi d\u1ecbch v\u1ee5 l\u1eafp \u0111\u1eb7t chuy\u00ean nghi\u1ec7p, \u0111\u1ea3m b\u1ea3o m\u1eb7t b\u1ebfp \u0111\u01b0\u1ee3c ho\u00e0n thi\u1ec7n m\u1ed9t c\u00e1ch ch\u00ednh x\u00e1c v\u00e0 \u0111\u1eb9p m\u1eaft.<\/span><\/h3>\n<\/li>\n<li>\n<h3><span style=\"font-family: 'times new roman', times, serif; font-size: 120%;\"><br \/>\n<iframe loading=\"lazy\" src=\"\/\/www.youtube.com\/embed\/hZeaIqZ5JQQ\" width=\"560\" height=\"314\" allowfullscreen=\"allowfullscreen\" data-mce-fragment=\"1\"><\/iframe><br \/>\n<\/span><\/h3>\n<\/li>\n<\/ul>\n","protected":false},"excerpt":{"rendered":"<p>\u0110\u00e1 Granit M\u1eb7t B\u1ebfp Qu\u1ea3ng Tr\u1ecb &nbsp; 1. \u0110\u1eb7c \u0111i\u1ec3m c\u1ee7a \u0111\u00e1 granit \u0110\u00e1 granit l\u00e0 m\u1ed9t lo\u1ea1i \u0111\u00e1 t\u1ef1 nhi\u00ean \u0111\u01b0\u1ee3c h\u00ecnh th\u00e0nh t\u1eeb qu\u00e1 tr\u00ecnh ngu\u1ed9i l\u1ea1nh c\u1ee7a magma d\u01b0\u1edbi b\u1ec1 m\u1eb7t tr\u00e1i \u0111\u1ea5t. \u0110\u1eb7c \u0111i\u1ec3m n\u1ed5i b\u1eadt c\u1ee7a \u0111\u00e1 granit bao g\u1ed3m: \u0110\u1ed9 b\u1ec1n cao: \u0110\u00e1 granit c\u00f3 c\u1ea5u tr\u00fac tinh th\u1ec3&#8230;<\/p>\n","protected":false},"featured_media":0,"comment_status":"closed","ping_status":"closed","template":"","meta":[],"product_cat":[15],"product_tag":[],"class_list":{"0":"post-5245","1":"product","2":"type-product","3":"status-publish","5":"product_cat-chua-phan-loai","7":"first","8":"instock","9":"shipping-taxable","10":"product-type-simple"},"yoast_head":"<!-- This site is optimized with the Yoast SEO Premium plugin v22.3 (Yoast SEO v24.0) - https:\/\/yoast.com\/wordpress\/plugins\/seo\/ -->\n<title>Gi\u00e1 \u0110\u00e1 Granit M\u1eb7t B\u1ebfp t\u1ea1i Qu\u1ea3ng Tr\u1ecb-0947.335.871-Tr\u1ea7n Th\u1ecb<\/title>\n<meta name=\"description\" content=\"Gi\u00e1 \u0110\u00e1 Granit M\u1eb7t B\u1ebfp t\u1ea1i Qu\u1ea3ng Tr\u1ecb-0947.335.871 Tr\u1ea7n th\u1ecb. Cung c\u1ea5p h\u00e0ng ho\u00e1 uy t\u00edn ch\u1ea5t l\u01b0\u1ee3ng tham kh\u1ea3o t\u1ea1i web: tranthi.vn \u0111\u1ec3 bi\u1ebft th\u00eam chi ti\u1ebft\" \/>\n<meta name=\"robots\" content=\"index, follow, max-snippet:-1, max-image-preview:large, max-video-preview:-1\" \/>\n<link rel=\"canonical\" href=\"https:\/\/tranthi.vn\/quang-tri\/da-granit-mat-bep-quang-tri\/\" \/>\n<meta property=\"og:locale\" content=\"vi_VN\" \/>\n<meta property=\"og:type\" content=\"article\" \/>\n<meta property=\"og:title\" content=\"\u0110\u00e1 Granit M\u1eb7t B\u1ebfp Qu\u1ea3ng Tr\u1ecb\" \/>\n<meta property=\"og:description\" content=\"Gi\u00e1 \u0110\u00e1 Granit M\u1eb7t B\u1ebfp t\u1ea1i Qu\u1ea3ng Tr\u1ecb-0947.335.871 Tr\u1ea7n th\u1ecb. Cung c\u1ea5p h\u00e0ng ho\u00e1 uy t\u00edn ch\u1ea5t l\u01b0\u1ee3ng tham kh\u1ea3o t\u1ea1i web: tranthi.vn \u0111\u1ec3 bi\u1ebft th\u00eam chi ti\u1ebft\" \/>\n<meta property=\"og:url\" content=\"https:\/\/tranthi.vn\/quang-tri\/da-granit-mat-bep-quang-tri\/\" \/>\n<meta property=\"og:site_name\" content=\"V\u1eadt Li\u1ec7u X\u00e2y D\u1ef1ng Tr\u1ea7n Th\u1ecb Chi Nh\u00e1nh Qu\u1ea3ng Tr\u1ecb\" \/>\n<meta property=\"article:modified_time\" content=\"2024-07-24T09:29:34+00:00\" \/>\n<meta name=\"twitter:card\" content=\"summary_large_image\" \/>\n<meta name=\"twitter:label1\" content=\"Gi\u00e1\" \/>\n\t<meta name=\"twitter:data1\" content=\"\" \/>\n\t<meta name=\"twitter:label2\" content=\"Kh\u1ea3 d\u1ee5ng\" \/>\n\t<meta name=\"twitter:data2\" content=\"Trong kho\" \/>\n<script type=\"application\/ld+json\" class=\"yoast-schema-graph\">{\"@context\":\"https:\/\/schema.org\",\"@graph\":[{\"@type\":\"WebPage\",\"@id\":\"https:\/\/tranthi.vn\/quang-tri\/da-granit-mat-bep-quang-tri\/\",\"url\":\"https:\/\/tranthi.vn\/quang-tri\/da-granit-mat-bep-quang-tri\/\",\"name\":\"Gi\u00e1 \u0110\u00e1 Granit M\u1eb7t B\u1ebfp t\u1ea1i Qu\u1ea3ng Tr\u1ecb-0947.335.871-Tr\u1ea7n Th\u1ecb\",\"isPartOf\":{\"@id\":\"https:\/\/tranthi.vn\/quang-tri\/#website\"},\"datePublished\":\"2024-07-24T09:29:33+00:00\",\"dateModified\":\"2024-07-24T09:29:34+00:00\",\"description\":\"Gi\u00e1 \u0110\u00e1 Granit M\u1eb7t B\u1ebfp t\u1ea1i Qu\u1ea3ng Tr\u1ecb-0947.335.871 Tr\u1ea7n th\u1ecb. Cung c\u1ea5p h\u00e0ng ho\u00e1 uy t\u00edn ch\u1ea5t l\u01b0\u1ee3ng tham kh\u1ea3o t\u1ea1i web: tranthi.vn \u0111\u1ec3 bi\u1ebft th\u00eam chi ti\u1ebft\",\"breadcrumb\":{\"@id\":\"https:\/\/tranthi.vn\/quang-tri\/da-granit-mat-bep-quang-tri\/#breadcrumb\"},\"inLanguage\":\"vi\",\"potentialAction\":[{\"@type\":\"ReadAction\",\"target\":[\"https:\/\/tranthi.vn\/quang-tri\/da-granit-mat-bep-quang-tri\/\"]}]},{\"@type\":\"BreadcrumbList\",\"@id\":\"https:\/\/tranthi.vn\/quang-tri\/da-granit-mat-bep-quang-tri\/#breadcrumb\",\"itemListElement\":[{\"@type\":\"ListItem\",\"position\":1,\"name\":\"Trang Ch\u1ee7\",\"item\":\"https:\/\/tranthi.vn\/quang-tri\/\"},{\"@type\":\"ListItem\",\"position\":2,\"name\":\"Shop\",\"item\":\"https:\/\/tranthi.vn\/quang-tri\/shop\/\"},{\"@type\":\"ListItem\",\"position\":3,\"name\":\"\u0110\u00e1 Granit M\u1eb7t B\u1ebfp Qu\u1ea3ng Tr\u1ecb\"}]},{\"@type\":\"WebSite\",\"@id\":\"https:\/\/tranthi.vn\/quang-tri\/#website\",\"url\":\"https:\/\/tranthi.vn\/quang-tri\/\",\"name\":\"VLXD Tr\u1ea7n Th\u1ecb\",\"description\":\"V\u1eadt Li\u1ec7u X\u00e2y D\u1ef1ng - Qu\u1ea3ng Tr\u1ecb\",\"publisher\":{\"@id\":\"https:\/\/tranthi.vn\/quang-tri\/#organization\"},\"potentialAction\":[{\"@type\":\"SearchAction\",\"target\":{\"@type\":\"EntryPoint\",\"urlTemplate\":\"https:\/\/tranthi.vn\/quang-tri\/?s={search_term_string}\"},\"query-input\":{\"@type\":\"PropertyValueSpecification\",\"valueRequired\":true,\"valueName\":\"search_term_string\"}}],\"inLanguage\":\"vi\"},{\"@type\":[\"Organization\",\"Place\"],\"@id\":\"https:\/\/tranthi.vn\/quang-tri\/#organization\",\"name\":\"VLXD Tr\u1ea7n Th\u1ecb\",\"url\":\"https:\/\/tranthi.vn\/quang-tri\/\",\"logo\":{\"@id\":\"https:\/\/tranthi.vn\/quang-tri\/da-granit-mat-bep-quang-tri\/#local-main-organization-logo\"},\"image\":{\"@id\":\"https:\/\/tranthi.vn\/quang-tri\/da-granit-mat-bep-quang-tri\/#local-main-organization-logo\"},\"telephone\":[],\"openingHoursSpecification\":[{\"@type\":\"OpeningHoursSpecification\",\"dayOfWeek\":[\"Monday\",\"Tuesday\",\"Wednesday\",\"Thursday\",\"Friday\",\"Saturday\",\"Sunday\"],\"opens\":\"09:00\",\"closes\":\"17:00\"}]},{\"@type\":\"ImageObject\",\"inLanguage\":\"vi\",\"@id\":\"https:\/\/tranthi.vn\/quang-tri\/da-granit-mat-bep-quang-tri\/#local-main-organization-logo\",\"url\":\"https:\/\/tranthi.vn\/quang-tri\/wp-content\/uploads\/2021\/02\/logo-tranthi1.jpg\",\"contentUrl\":\"https:\/\/tranthi.vn\/quang-tri\/wp-content\/uploads\/2021\/02\/logo-tranthi1.jpg\",\"width\":800,\"height\":319,\"caption\":\"VLXD Tr\u1ea7n Th\u1ecb\"}]}<\/script>\n<meta property=\"product:price:amount\" content=\"0\" \/>\n<meta property=\"product:price:currency\" content=\"VND\" \/>\n<meta property=\"og:availability\" content=\"instock\" \/>\n<meta property=\"product:availability\" content=\"instock\" \/>\n<meta property=\"product:condition\" content=\"new\" \/>\n<!-- \/ Yoast SEO Premium plugin. -->","yoast_head_json":{"title":"Gi\u00e1 \u0110\u00e1 Granit M\u1eb7t B\u1ebfp t\u1ea1i Qu\u1ea3ng Tr\u1ecb-0947.335.871-Tr\u1ea7n Th\u1ecb","description":"Gi\u00e1 \u0110\u00e1 Granit M\u1eb7t B\u1ebfp t\u1ea1i Qu\u1ea3ng Tr\u1ecb-0947.335.871 Tr\u1ea7n th\u1ecb. Cung c\u1ea5p h\u00e0ng ho\u00e1 uy t\u00edn ch\u1ea5t l\u01b0\u1ee3ng tham kh\u1ea3o t\u1ea1i web: tranthi.vn \u0111\u1ec3 bi\u1ebft th\u00eam chi ti\u1ebft","robots":{"index":"index","follow":"follow","max-snippet":"max-snippet:-1","max-image-preview":"max-image-preview:large","max-video-preview":"max-video-preview:-1"},"canonical":"https:\/\/tranthi.vn\/quang-tri\/da-granit-mat-bep-quang-tri\/","og_locale":"vi_VN","og_type":"article","og_title":"\u0110\u00e1 Granit M\u1eb7t B\u1ebfp Qu\u1ea3ng Tr\u1ecb","og_description":"Gi\u00e1 \u0110\u00e1 Granit M\u1eb7t B\u1ebfp t\u1ea1i Qu\u1ea3ng Tr\u1ecb-0947.335.871 Tr\u1ea7n th\u1ecb. Cung c\u1ea5p h\u00e0ng ho\u00e1 uy t\u00edn ch\u1ea5t l\u01b0\u1ee3ng tham kh\u1ea3o t\u1ea1i web: tranthi.vn \u0111\u1ec3 bi\u1ebft th\u00eam chi ti\u1ebft","og_url":"https:\/\/tranthi.vn\/quang-tri\/da-granit-mat-bep-quang-tri\/","og_site_name":"V\u1eadt Li\u1ec7u X\u00e2y D\u1ef1ng Tr\u1ea7n Th\u1ecb Chi Nh\u00e1nh Qu\u1ea3ng Tr\u1ecb","article_modified_time":"2024-07-24T09:29:34+00:00","twitter_card":"summary_large_image","twitter_misc":{"Gi\u00e1":"","Kh\u1ea3 d\u1ee5ng":"Trong kho"},"schema":{"@context":"https:\/\/schema.org","@graph":[{"@type":"WebPage","@id":"https:\/\/tranthi.vn\/quang-tri\/da-granit-mat-bep-quang-tri\/","url":"https:\/\/tranthi.vn\/quang-tri\/da-granit-mat-bep-quang-tri\/","name":"Gi\u00e1 \u0110\u00e1 Granit M\u1eb7t B\u1ebfp t\u1ea1i Qu\u1ea3ng Tr\u1ecb-0947.335.871-Tr\u1ea7n Th\u1ecb","isPartOf":{"@id":"https:\/\/tranthi.vn\/quang-tri\/#website"},"datePublished":"2024-07-24T09:29:33+00:00","dateModified":"2024-07-24T09:29:34+00:00","description":"Gi\u00e1 \u0110\u00e1 Granit M\u1eb7t B\u1ebfp t\u1ea1i Qu\u1ea3ng Tr\u1ecb-0947.335.871 Tr\u1ea7n th\u1ecb. Cung c\u1ea5p h\u00e0ng ho\u00e1 uy t\u00edn ch\u1ea5t l\u01b0\u1ee3ng tham kh\u1ea3o t\u1ea1i web: tranthi.vn \u0111\u1ec3 bi\u1ebft th\u00eam chi ti\u1ebft","breadcrumb":{"@id":"https:\/\/tranthi.vn\/quang-tri\/da-granit-mat-bep-quang-tri\/#breadcrumb"},"inLanguage":"vi","potentialAction":[{"@type":"ReadAction","target":["https:\/\/tranthi.vn\/quang-tri\/da-granit-mat-bep-quang-tri\/"]}]},{"@type":"BreadcrumbList","@id":"https:\/\/tranthi.vn\/quang-tri\/da-granit-mat-bep-quang-tri\/#breadcrumb","itemListElement":[{"@type":"ListItem","position":1,"name":"Trang Ch\u1ee7","item":"https:\/\/tranthi.vn\/quang-tri\/"},{"@type":"ListItem","position":2,"name":"Shop","item":"https:\/\/tranthi.vn\/quang-tri\/shop\/"},{"@type":"ListItem","position":3,"name":"\u0110\u00e1 Granit M\u1eb7t B\u1ebfp Qu\u1ea3ng Tr\u1ecb"}]},{"@type":"WebSite","@id":"https:\/\/tranthi.vn\/quang-tri\/#website","url":"https:\/\/tranthi.vn\/quang-tri\/","name":"VLXD Tr\u1ea7n Th\u1ecb","description":"V\u1eadt Li\u1ec7u X\u00e2y D\u1ef1ng - Qu\u1ea3ng Tr\u1ecb","publisher":{"@id":"https:\/\/tranthi.vn\/quang-tri\/#organization"},"potentialAction":[{"@type":"SearchAction","target":{"@type":"EntryPoint","urlTemplate":"https:\/\/tranthi.vn\/quang-tri\/?s={search_term_string}"},"query-input":{"@type":"PropertyValueSpecification","valueRequired":true,"valueName":"search_term_string"}}],"inLanguage":"vi"},{"@type":["Organization","Place"],"@id":"https:\/\/tranthi.vn\/quang-tri\/#organization","name":"VLXD Tr\u1ea7n Th\u1ecb","url":"https:\/\/tranthi.vn\/quang-tri\/","logo":{"@id":"https:\/\/tranthi.vn\/quang-tri\/da-granit-mat-bep-quang-tri\/#local-main-organization-logo"},"image":{"@id":"https:\/\/tranthi.vn\/quang-tri\/da-granit-mat-bep-quang-tri\/#local-main-organization-logo"},"telephone":[],"openingHoursSpecification":[{"@type":"OpeningHoursSpecification","dayOfWeek":["Monday","Tuesday","Wednesday","Thursday","Friday","Saturday","Sunday"],"opens":"09:00","closes":"17:00"}]},{"@type":"ImageObject","inLanguage":"vi","@id":"https:\/\/tranthi.vn\/quang-tri\/da-granit-mat-bep-quang-tri\/#local-main-organization-logo","url":"https:\/\/tranthi.vn\/quang-tri\/wp-content\/uploads\/2021\/02\/logo-tranthi1.jpg","contentUrl":"https:\/\/tranthi.vn\/quang-tri\/wp-content\/uploads\/2021\/02\/logo-tranthi1.jpg","width":800,"height":319,"caption":"VLXD Tr\u1ea7n Th\u1ecb"}]},"product_price_currency":"VND","og_availability":"instock","product_availability":"instock","product_condition":"new"},"_links":{"self":[{"href":"https:\/\/tranthi.vn\/quang-tri\/wp-json\/wp\/v2\/product\/5245","targetHints":{"allow":["GET"]}}],"collection":[{"href":"https:\/\/tranthi.vn\/quang-tri\/wp-json\/wp\/v2\/product"}],"about":[{"href":"https:\/\/tranthi.vn\/quang-tri\/wp-json\/wp\/v2\/types\/product"}],"replies":[{"embeddable":true,"href":"https:\/\/tranthi.vn\/quang-tri\/wp-json\/wp\/v2\/comments?post=5245"}],"wp:attachment":[{"href":"https:\/\/tranthi.vn\/quang-tri\/wp-json\/wp\/v2\/media?parent=5245"}],"wp:term":[{"taxonomy":"product_cat","embeddable":true,"href":"https:\/\/tranthi.vn\/quang-tri\/wp-json\/wp\/v2\/product_cat?post=5245"},{"taxonomy":"product_tag","embeddable":true,"href":"https:\/\/tranthi.vn\/quang-tri\/wp-json\/wp\/v2\/product_tag?post=5245"}],"curies":[{"name":"wp","href":"https:\/\/api.w.org\/{rel}","templated":true}]}}